{"id":60327,"date":"2025-10-21T12:27:40","date_gmt":"2025-10-21T10:27:40","guid":{"rendered":"https:\/\/animefigurer.se\/produkt\/sakamoto-days-look-up-series-taro-sakamoto-shin-asakura-set-with-gift\/"},"modified":"2025-12-21T19:34:39","modified_gmt":"2025-12-21T18:34:39","slug":"sakamoto-days-look-up-series-taro-sakamoto-shin-asakura-set-with-gift","status":"publish","type":"product","link":"https:\/\/animefigurer.se\/en\/figurer\/sakamoto-days\/sakamoto-days-look-up-series-taro-sakamoto-shin-asakura-set-with-gift\/","title":{"rendered":"Sakamoto Days Look Up Series Taro Sakamoto &amp; Shin Asakura Set with Gift"},"content":{"rendered":"<p>The Look Up series features figures in seated poses that always look upwards \u2014 a design that allows them to meet your gaze no matter where they stand. The necks have a joint so that the gaze can be directed directly towards you.<\/p>","protected":false},"excerpt":{"rendered":"<p>The Look Up series features figures in seated poses that always look upwards \u2014 a design that allows them to meet your gaze no matter where they stand. The necks have a joint so that the gaze can be directed directly towards you.<\/p>","protected":false},"featured_media":60328,"comment_status":"closed","ping_status":"open","template":"","meta":{"_acf_changed":false,"_monsterinsights_skip_tracking":false,"_monsterinsights_sitenote_active":false,"_monsterinsights_sitenote_note":"","_monsterinsights_sitenote_category":0},"product_brand":[7061],"product_cat":[4770],"product_tag":[24],"giftcard-category":[],"class_list":{"0":"post-60327","1":"product","2":"type-product","3":"status-publish","4":"has-post-thumbnail","6":"product_brand-megahouse","7":"product_cat-sakamoto-days","8":"product_tag-2-3-weeks","9":"pa_franchise-sakamoto-days","10":"pa_karaktar-taro-sakamoto-shin-asakura","11":"pa_material-pvc-abs","12":"pa_produktserie-look-up-series","13":"pa_storlek-11-cm","15":"first","16":"instock","17":"taxable","18":"shipping-taxable","19":"purchasable","20":"product-type-simple"},"acf":[],"yoast_head":"<!-- This site is optimized with the Yoast SEO Premium plugin v24.6 (Yoast SEO v27.4) - https:\/\/yoast.com\/product\/yoast-seo-premium-wordpress\/ -->\n<title>Sakamoto Days Look Up Series Taro Sakamoto &amp; Shin Asakura Set with Gift | Animefigurer.se<\/title>\n<meta name=\"robots\" content=\"index, follow, max-snippet:-1, max-image-preview:large, max-video-preview:-1\" \/>\n<link rel=\"canonical\" href=\"https:\/\/animefigurer.se\/en\/figurer\/sakamoto-days\/sakamoto-days-look-up-series-taro-sakamoto-shin-asakura-set-with-gift\/\" \/>\n<meta property=\"og:locale\" content=\"en_GB\" \/>\n<meta property=\"og:type\" content=\"article\" \/>\n<meta property=\"og:title\" content=\"Sakamoto Days Look Up Series Taro Sakamoto &amp; Shin Asakura Set with Gift\" \/>\n<meta property=\"og:description\" content=\"Look Up-serien visar figurer i sittande poser som alltid ser upp\u00e5t \u2014 en design som l\u00e5ter dem m\u00f6ta din blick oavsett var de st\u00e5r. Halsarna har en led s\u00e5 att blicken kan riktas rakt mot dig.\" \/>\n<meta property=\"og:url\" content=\"https:\/\/animefigurer.se\/en\/figurer\/sakamoto-days\/sakamoto-days-look-up-series-taro-sakamoto-shin-asakura-set-with-gift\/\" \/>\n<meta property=\"og:site_name\" content=\"Animefigurer.se\" \/>\n<meta property=\"article:publisher\" content=\"https:\/\/www.facebook.com\/profile.php?id=61581826539670\" \/>\n<meta property=\"article:modified_time\" content=\"2025-12-21T18:34:39+00:00\" \/>\n<meta property=\"og:image\" content=\"https:\/\/animefigurer.se\/wp-content\/uploads\/2025\/12\/Animefigurer_logowhite.png\" \/>\n\t<meta property=\"og:image:width\" content=\"1890\" \/>\n\t<meta property=\"og:image:height\" content=\"1417\" \/>\n\t<meta property=\"og:image:type\" content=\"image\/png\" \/>\n<meta name=\"twitter:card\" content=\"summary_large_image\" \/>\n<script type=\"application\/ld+json\" class=\"yoast-schema-graph\">{\"@context\":\"https:\\\/\\\/schema.org\",\"@graph\":[{\"@type\":\"WebPage\",\"@id\":\"https:\\\/\\\/animefigurer.se\\\/en\\\/figurer\\\/sakamoto-days\\\/sakamoto-days-look-up-series-taro-sakamoto-shin-asakura-set-with-gift\\\/\",\"url\":\"https:\\\/\\\/animefigurer.se\\\/en\\\/figurer\\\/sakamoto-days\\\/sakamoto-days-look-up-series-taro-sakamoto-shin-asakura-set-with-gift\\\/\",\"name\":\"Sakamoto Days Look Up Series Taro Sakamoto &amp; Shin Asakura Set with Gift | Animefigurer.se\",\"isPartOf\":{\"@id\":\"https:\\\/\\\/animefigurer.se\\\/#website\"},\"primaryImageOfPage\":{\"@id\":\"https:\\\/\\\/animefigurer.se\\\/en\\\/figurer\\\/sakamoto-days\\\/sakamoto-days-look-up-series-taro-sakamoto-shin-asakura-set-with-gift\\\/#primaryimage\"},\"image\":{\"@id\":\"https:\\\/\\\/animefigurer.se\\\/en\\\/figurer\\\/sakamoto-days\\\/sakamoto-days-look-up-series-taro-sakamoto-shin-asakura-set-with-gift\\\/#primaryimage\"},\"thumbnailUrl\":\"https:\\\/\\\/animefigurer.se\\\/wp-content\\\/uploads\\\/2025\\\/10\\\/67aaf444236f2.jpeg\",\"datePublished\":\"2025-10-21T10:27:40+00:00\",\"dateModified\":\"2025-12-21T18:34:39+00:00\",\"breadcrumb\":{\"@id\":\"https:\\\/\\\/animefigurer.se\\\/en\\\/figurer\\\/sakamoto-days\\\/sakamoto-days-look-up-series-taro-sakamoto-shin-asakura-set-with-gift\\\/#breadcrumb\"},\"inLanguage\":\"en-GB\",\"potentialAction\":[{\"@type\":\"ReadAction\",\"target\":[\"https:\\\/\\\/animefigurer.se\\\/en\\\/figurer\\\/sakamoto-days\\\/sakamoto-days-look-up-series-taro-sakamoto-shin-asakura-set-with-gift\\\/\"]}]},{\"@type\":\"ImageObject\",\"inLanguage\":\"en-GB\",\"@id\":\"https:\\\/\\\/animefigurer.se\\\/en\\\/figurer\\\/sakamoto-days\\\/sakamoto-days-look-up-series-taro-sakamoto-shin-asakura-set-with-gift\\\/#primaryimage\",\"url\":\"https:\\\/\\\/animefigurer.se\\\/wp-content\\\/uploads\\\/2025\\\/10\\\/67aaf444236f2.jpeg\",\"contentUrl\":\"https:\\\/\\\/animefigurer.se\\\/wp-content\\\/uploads\\\/2025\\\/10\\\/67aaf444236f2.jpeg\",\"width\":720,\"height\":540},{\"@type\":\"BreadcrumbList\",\"@id\":\"https:\\\/\\\/animefigurer.se\\\/en\\\/figurer\\\/sakamoto-days\\\/sakamoto-days-look-up-series-taro-sakamoto-shin-asakura-set-with-gift\\\/#breadcrumb\",\"itemListElement\":[{\"@type\":\"ListItem\",\"position\":1,\"name\":\"Home\",\"item\":\"https:\\\/\\\/animefigurer.se\\\/\"},{\"@type\":\"ListItem\",\"position\":2,\"name\":\"Butik\",\"item\":\"https:\\\/\\\/animefigurer.se\\\/figurer\\\/\"},{\"@type\":\"ListItem\",\"position\":3,\"name\":\"Sakamoto Days Look Up Series Taro Sakamoto &amp; Shin Asakura Set with Gift\"}]},{\"@type\":\"WebSite\",\"@id\":\"https:\\\/\\\/animefigurer.se\\\/#website\",\"url\":\"https:\\\/\\\/animefigurer.se\\\/\",\"name\":\"Animefigurer.se\",\"description\":\"Anime figurer fr\u00e5n \u00f6ver 300 olika anime serier med \u00f6ver 9000 produkter | Anime Shop\",\"publisher\":{\"@id\":\"https:\\\/\\\/animefigurer.se\\\/#organization\"},\"potentialAction\":[{\"@type\":\"SearchAction\",\"target\":{\"@type\":\"EntryPoint\",\"urlTemplate\":\"https:\\\/\\\/animefigurer.se\\\/?s={search_term_string}\"},\"query-input\":{\"@type\":\"PropertyValueSpecification\",\"valueRequired\":true,\"valueName\":\"search_term_string\"}}],\"inLanguage\":\"en-GB\"},{\"@type\":\"Organization\",\"@id\":\"https:\\\/\\\/animefigurer.se\\\/#organization\",\"name\":\"Animefigurer.se\",\"alternateName\":\"Anime figurer | Anime shop\",\"url\":\"https:\\\/\\\/animefigurer.se\\\/\",\"logo\":{\"@type\":\"ImageObject\",\"inLanguage\":\"en-GB\",\"@id\":\"https:\\\/\\\/animefigurer.se\\\/#\\\/schema\\\/logo\\\/image\\\/\",\"url\":\"https:\\\/\\\/animefigurer.se\\\/wp-content\\\/uploads\\\/2025\\\/12\\\/Animefigurer_logowhite.png\",\"contentUrl\":\"https:\\\/\\\/animefigurer.se\\\/wp-content\\\/uploads\\\/2025\\\/12\\\/Animefigurer_logowhite.png\",\"width\":1890,\"height\":1417,\"caption\":\"Animefigurer.se\"},\"image\":{\"@id\":\"https:\\\/\\\/animefigurer.se\\\/#\\\/schema\\\/logo\\\/image\\\/\"},\"sameAs\":[\"https:\\\/\\\/www.facebook.com\\\/profile.php?id=61581826539670\",\"https:\\\/\\\/www.instagram.com\\\/animefigurer.se\\\/\"],\"email\":\"info@animefigurer.se\"}]}<\/script>\n<!-- \/ Yoast SEO Premium plugin. -->","yoast_head_json":{"title":"Sakamoto Days Look Up Series Taro Sakamoto &amp; Shin Asakura Set with Gift | Animefigurer.se","robots":{"index":"index","follow":"follow","max-snippet":"max-snippet:-1","max-image-preview":"max-image-preview:large","max-video-preview":"max-video-preview:-1"},"canonical":"https:\/\/animefigurer.se\/en\/figurer\/sakamoto-days\/sakamoto-days-look-up-series-taro-sakamoto-shin-asakura-set-with-gift\/","og_locale":"en_GB","og_type":"article","og_title":"Sakamoto Days Look Up Series Taro Sakamoto &amp; Shin Asakura Set with Gift","og_description":"Look Up-serien visar figurer i sittande poser som alltid ser upp\u00e5t \u2014 en design som l\u00e5ter dem m\u00f6ta din blick oavsett var de st\u00e5r. Halsarna har en led s\u00e5 att blicken kan riktas rakt mot dig.","og_url":"https:\/\/animefigurer.se\/en\/figurer\/sakamoto-days\/sakamoto-days-look-up-series-taro-sakamoto-shin-asakura-set-with-gift\/","og_site_name":"Animefigurer.se","article_publisher":"https:\/\/www.facebook.com\/profile.php?id=61581826539670","article_modified_time":"2025-12-21T18:34:39+00:00","og_image":[{"width":1890,"height":1417,"url":"https:\/\/animefigurer.se\/wp-content\/uploads\/2025\/12\/Animefigurer_logowhite.png","type":"image\/png"}],"twitter_card":"summary_large_image","schema":{"@context":"https:\/\/schema.org","@graph":[{"@type":"WebPage","@id":"https:\/\/animefigurer.se\/en\/figurer\/sakamoto-days\/sakamoto-days-look-up-series-taro-sakamoto-shin-asakura-set-with-gift\/","url":"https:\/\/animefigurer.se\/en\/figurer\/sakamoto-days\/sakamoto-days-look-up-series-taro-sakamoto-shin-asakura-set-with-gift\/","name":"Sakamoto Days Look Up Series Taro Sakamoto &amp; Shin Asakura Set with Gift | Animefigurer.se","isPartOf":{"@id":"https:\/\/animefigurer.se\/#website"},"primaryImageOfPage":{"@id":"https:\/\/animefigurer.se\/en\/figurer\/sakamoto-days\/sakamoto-days-look-up-series-taro-sakamoto-shin-asakura-set-with-gift\/#primaryimage"},"image":{"@id":"https:\/\/animefigurer.se\/en\/figurer\/sakamoto-days\/sakamoto-days-look-up-series-taro-sakamoto-shin-asakura-set-with-gift\/#primaryimage"},"thumbnailUrl":"https:\/\/animefigurer.se\/wp-content\/uploads\/2025\/10\/67aaf444236f2.jpeg","datePublished":"2025-10-21T10:27:40+00:00","dateModified":"2025-12-21T18:34:39+00:00","breadcrumb":{"@id":"https:\/\/animefigurer.se\/en\/figurer\/sakamoto-days\/sakamoto-days-look-up-series-taro-sakamoto-shin-asakura-set-with-gift\/#breadcrumb"},"inLanguage":"en-GB","potentialAction":[{"@type":"ReadAction","target":["https:\/\/animefigurer.se\/en\/figurer\/sakamoto-days\/sakamoto-days-look-up-series-taro-sakamoto-shin-asakura-set-with-gift\/"]}]},{"@type":"ImageObject","inLanguage":"en-GB","@id":"https:\/\/animefigurer.se\/en\/figurer\/sakamoto-days\/sakamoto-days-look-up-series-taro-sakamoto-shin-asakura-set-with-gift\/#primaryimage","url":"https:\/\/animefigurer.se\/wp-content\/uploads\/2025\/10\/67aaf444236f2.jpeg","contentUrl":"https:\/\/animefigurer.se\/wp-content\/uploads\/2025\/10\/67aaf444236f2.jpeg","width":720,"height":540},{"@type":"BreadcrumbList","@id":"https:\/\/animefigurer.se\/en\/figurer\/sakamoto-days\/sakamoto-days-look-up-series-taro-sakamoto-shin-asakura-set-with-gift\/#breadcrumb","itemListElement":[{"@type":"ListItem","position":1,"name":"Home","item":"https:\/\/animefigurer.se\/"},{"@type":"ListItem","position":2,"name":"Butik","item":"https:\/\/animefigurer.se\/figurer\/"},{"@type":"ListItem","position":3,"name":"Sakamoto Days Look Up Series Taro Sakamoto &amp; Shin Asakura Set with Gift"}]},{"@type":"WebSite","@id":"https:\/\/animefigurer.se\/#website","url":"https:\/\/animefigurer.se\/","name":"Animefigurer.se","description":"Anime figures from over 300 different anime series with over 9000 products | Anime Shop","publisher":{"@id":"https:\/\/animefigurer.se\/#organization"},"potentialAction":[{"@type":"SearchAction","target":{"@type":"EntryPoint","urlTemplate":"https:\/\/animefigurer.se\/?s={search_term_string}"},"query-input":{"@type":"PropertyValueSpecification","valueRequired":true,"valueName":"search_term_string"}}],"inLanguage":"en-GB"},{"@type":"Organization","@id":"https:\/\/animefigurer.se\/#organization","name":"Animefigurer.se","alternateName":"Anime figurer | Anime shop","url":"https:\/\/animefigurer.se\/","logo":{"@type":"ImageObject","inLanguage":"en-GB","@id":"https:\/\/animefigurer.se\/#\/schema\/logo\/image\/","url":"https:\/\/animefigurer.se\/wp-content\/uploads\/2025\/12\/Animefigurer_logowhite.png","contentUrl":"https:\/\/animefigurer.se\/wp-content\/uploads\/2025\/12\/Animefigurer_logowhite.png","width":1890,"height":1417,"caption":"Animefigurer.se"},"image":{"@id":"https:\/\/animefigurer.se\/#\/schema\/logo\/image\/"},"sameAs":["https:\/\/www.facebook.com\/profile.php?id=61581826539670","https:\/\/www.instagram.com\/animefigurer.se\/"],"email":"info@animefigurer.se"}]}},"_links":{"self":[{"href":"https:\/\/animefigurer.se\/en\/wp-json\/wp\/v2\/product\/60327","targetHints":{"allow":["GET"]}}],"collection":[{"href":"https:\/\/animefigurer.se\/en\/wp-json\/wp\/v2\/product"}],"about":[{"href":"https:\/\/animefigurer.se\/en\/wp-json\/wp\/v2\/types\/product"}],"replies":[{"embeddable":true,"href":"https:\/\/animefigurer.se\/en\/wp-json\/wp\/v2\/comments?post=60327"}],"wp:featuredmedia":[{"embeddable":true,"href":"https:\/\/animefigurer.se\/en\/wp-json\/wp\/v2\/media\/60328"}],"wp:attachment":[{"href":"https:\/\/animefigurer.se\/en\/wp-json\/wp\/v2\/media?parent=60327"}],"wp:term":[{"taxonomy":"product_brand","embeddable":true,"href":"https:\/\/animefigurer.se\/en\/wp-json\/wp\/v2\/product_brand?post=60327"},{"taxonomy":"product_cat","embeddable":true,"href":"https:\/\/animefigurer.se\/en\/wp-json\/wp\/v2\/product_cat?post=60327"},{"taxonomy":"product_tag","embeddable":true,"href":"https:\/\/animefigurer.se\/en\/wp-json\/wp\/v2\/product_tag?post=60327"},{"taxonomy":"giftcard-category","embeddable":true,"href":"https:\/\/animefigurer.se\/en\/wp-json\/wp\/v2\/giftcard-category?post=60327"}],"curies":[{"name":"wp","href":"https:\/\/api.w.org\/{rel}","templated":true}]}}