{"id":60054,"date":"2025-10-21T12:24:03","date_gmt":"2025-10-21T10:24:03","guid":{"rendered":"https:\/\/animefigurer.se\/produkt\/saint-seiya-figuarts-zero-touche-metallique-gemini-saga\/"},"modified":"2025-12-21T19:34:36","modified_gmt":"2025-12-21T18:34:36","slug":"saint-seiya-figuarts-zero-touche-metallique-gemini-saga","status":"publish","type":"product","link":"https:\/\/animefigurer.se\/en\/figurer\/saint-seiya\/saint-seiya-figuarts-zero-touche-metallic-gemini-saga\/","title":{"rendered":"Saint Seiya Figuarts ZERO Touche Metallique Gemini Saga"},"content":{"rendered":"<p>From Bandai Tamashii Nation&#039;s Figuarts ZERO Metallic Touch series comes this highly detailed PVC statue of Gemini Saga.<\/p>\n<p>The statue is approximately 21 cm tall and comes with base in a colored window box.<\/p>","protected":false},"excerpt":{"rendered":"<p>From Bandai Tamashii Nation&#039;s Figuarts ZERO Metallic Touch series comes this highly detailed PVC statue of Gemini Saga.<\/p>\n<p>The statue is approximately 21 cm tall and comes with base in a colored window box.<\/p>","protected":false},"featured_media":60055,"comment_status":"closed","ping_status":"open","template":"","meta":{"_acf_changed":false,"_monsterinsights_skip_tracking":false,"_monsterinsights_sitenote_active":false,"_monsterinsights_sitenote_note":"","_monsterinsights_sitenote_category":0},"product_brand":[6927],"product_cat":[7233,4754],"product_tag":[26],"giftcard-category":[],"class_list":{"0":"post-60054","1":"product","2":"type-product","3":"status-publish","4":"has-post-thumbnail","6":"product_brand-bandai-tamashii-nations","7":"product_cat-pre-order","8":"product_cat-saint-seiya","9":"product_tag-pre-order","10":"pa_franchise-saint-seiya","11":"pa_karaktar-gemini-saga","12":"pa_material-pvc-abs","13":"pa_produktserie-figuarts-zero","14":"pa_storlek-21-cm","16":"first","17":"instock","18":"taxable","19":"shipping-taxable","20":"purchasable","21":"product-type-simple"},"acf":[],"yoast_head":"<!-- This site is optimized with the Yoast SEO Premium plugin v24.6 (Yoast SEO v27.3) - https:\/\/yoast.com\/product\/yoast-seo-premium-wordpress\/ -->\n<title>Saint Seiya Figuarts ZERO Touche Metallique Gemini Saga | Animefigurer.se<\/title>\n<meta name=\"robots\" content=\"index, follow, max-snippet:-1, max-image-preview:large, max-video-preview:-1\" \/>\n<link rel=\"canonical\" href=\"https:\/\/animefigurer.se\/en\/figurer\/saint-seiya\/saint-seiya-figuarts-zero-touche-metallic-gemini-saga\/\" \/>\n<meta property=\"og:locale\" content=\"en_GB\" \/>\n<meta property=\"og:type\" content=\"article\" \/>\n<meta property=\"og:title\" content=\"Saint Seiya Figuarts ZERO Touche Metallique Gemini Saga\" \/>\n<meta property=\"og:description\" content=\"Fr\u00e5n Bandai Tamashii Nations Figuarts ZERO Metallic Touch-serie kommer denna h\u00f6gdetaljerade PVC-staty av Gemini Saga. Statyn \u00e4r cirka 21 cm h\u00f6g och levereras med bas i en f\u00e4rgad f\u00f6nsterl\u00e5da.\" \/>\n<meta property=\"og:url\" content=\"https:\/\/animefigurer.se\/en\/figurer\/saint-seiya\/saint-seiya-figuarts-zero-touche-metallic-gemini-saga\/\" \/>\n<meta property=\"og:site_name\" content=\"Animefigurer.se\" \/>\n<meta property=\"article:publisher\" content=\"https:\/\/www.facebook.com\/profile.php?id=61581826539670\" \/>\n<meta property=\"article:modified_time\" content=\"2025-12-21T18:34:36+00:00\" \/>\n<meta property=\"og:image\" content=\"https:\/\/animefigurer.se\/wp-content\/uploads\/2025\/12\/Animefigurer_logowhite.png\" \/>\n\t<meta property=\"og:image:width\" content=\"1890\" \/>\n\t<meta property=\"og:image:height\" content=\"1417\" \/>\n\t<meta property=\"og:image:type\" content=\"image\/png\" \/>\n<meta name=\"twitter:card\" content=\"summary_large_image\" \/>\n<script type=\"application\/ld+json\" class=\"yoast-schema-graph\">{\"@context\":\"https:\\\/\\\/schema.org\",\"@graph\":[{\"@type\":\"WebPage\",\"@id\":\"https:\\\/\\\/animefigurer.se\\\/en\\\/figurer\\\/saint-seiya\\\/saint-seiya-figuarts-zero-touche-metallique-gemini-saga\\\/\",\"url\":\"https:\\\/\\\/animefigurer.se\\\/en\\\/figurer\\\/saint-seiya\\\/saint-seiya-figuarts-zero-touche-metallique-gemini-saga\\\/\",\"name\":\"Saint Seiya Figuarts ZERO Touche Metallique Gemini Saga | Animefigurer.se\",\"isPartOf\":{\"@id\":\"https:\\\/\\\/animefigurer.se\\\/#website\"},\"primaryImageOfPage\":{\"@id\":\"https:\\\/\\\/animefigurer.se\\\/en\\\/figurer\\\/saint-seiya\\\/saint-seiya-figuarts-zero-touche-metallique-gemini-saga\\\/#primaryimage\"},\"image\":{\"@id\":\"https:\\\/\\\/animefigurer.se\\\/en\\\/figurer\\\/saint-seiya\\\/saint-seiya-figuarts-zero-touche-metallique-gemini-saga\\\/#primaryimage\"},\"thumbnailUrl\":\"https:\\\/\\\/animefigurer.se\\\/wp-content\\\/uploads\\\/2025\\\/10\\\/684e8f83af997.jpeg\",\"datePublished\":\"2025-10-21T10:24:03+00:00\",\"dateModified\":\"2025-12-21T18:34:36+00:00\",\"breadcrumb\":{\"@id\":\"https:\\\/\\\/animefigurer.se\\\/en\\\/figurer\\\/saint-seiya\\\/saint-seiya-figuarts-zero-touche-metallique-gemini-saga\\\/#breadcrumb\"},\"inLanguage\":\"en-GB\",\"potentialAction\":[{\"@type\":\"ReadAction\",\"target\":[\"https:\\\/\\\/animefigurer.se\\\/en\\\/figurer\\\/saint-seiya\\\/saint-seiya-figuarts-zero-touche-metallique-gemini-saga\\\/\"]}]},{\"@type\":\"ImageObject\",\"inLanguage\":\"en-GB\",\"@id\":\"https:\\\/\\\/animefigurer.se\\\/en\\\/figurer\\\/saint-seiya\\\/saint-seiya-figuarts-zero-touche-metallique-gemini-saga\\\/#primaryimage\",\"url\":\"https:\\\/\\\/animefigurer.se\\\/wp-content\\\/uploads\\\/2025\\\/10\\\/684e8f83af997.jpeg\",\"contentUrl\":\"https:\\\/\\\/animefigurer.se\\\/wp-content\\\/uploads\\\/2025\\\/10\\\/684e8f83af997.jpeg\",\"width\":720,\"height\":540},{\"@type\":\"BreadcrumbList\",\"@id\":\"https:\\\/\\\/animefigurer.se\\\/en\\\/figurer\\\/saint-seiya\\\/saint-seiya-figuarts-zero-touche-metallique-gemini-saga\\\/#breadcrumb\",\"itemListElement\":[{\"@type\":\"ListItem\",\"position\":1,\"name\":\"Home\",\"item\":\"https:\\\/\\\/animefigurer.se\\\/\"},{\"@type\":\"ListItem\",\"position\":2,\"name\":\"Butik\",\"item\":\"https:\\\/\\\/animefigurer.se\\\/figurer\\\/\"},{\"@type\":\"ListItem\",\"position\":3,\"name\":\"Saint Seiya Figuarts ZERO Touche Metallique Gemini Saga\"}]},{\"@type\":\"WebSite\",\"@id\":\"https:\\\/\\\/animefigurer.se\\\/#website\",\"url\":\"https:\\\/\\\/animefigurer.se\\\/\",\"name\":\"Animefigurer.se\",\"description\":\"Anime figurer fr\u00e5n \u00f6ver 300 olika anime serier med \u00f6ver 9000 produkter | Anime Shop\",\"publisher\":{\"@id\":\"https:\\\/\\\/animefigurer.se\\\/#organization\"},\"potentialAction\":[{\"@type\":\"SearchAction\",\"target\":{\"@type\":\"EntryPoint\",\"urlTemplate\":\"https:\\\/\\\/animefigurer.se\\\/?s={search_term_string}\"},\"query-input\":{\"@type\":\"PropertyValueSpecification\",\"valueRequired\":true,\"valueName\":\"search_term_string\"}}],\"inLanguage\":\"en-GB\"},{\"@type\":\"Organization\",\"@id\":\"https:\\\/\\\/animefigurer.se\\\/#organization\",\"name\":\"Animefigurer.se\",\"alternateName\":\"Anime figurer | Anime shop\",\"url\":\"https:\\\/\\\/animefigurer.se\\\/\",\"logo\":{\"@type\":\"ImageObject\",\"inLanguage\":\"en-GB\",\"@id\":\"https:\\\/\\\/animefigurer.se\\\/#\\\/schema\\\/logo\\\/image\\\/\",\"url\":\"https:\\\/\\\/animefigurer.se\\\/wp-content\\\/uploads\\\/2025\\\/12\\\/Animefigurer_logowhite.png\",\"contentUrl\":\"https:\\\/\\\/animefigurer.se\\\/wp-content\\\/uploads\\\/2025\\\/12\\\/Animefigurer_logowhite.png\",\"width\":1890,\"height\":1417,\"caption\":\"Animefigurer.se\"},\"image\":{\"@id\":\"https:\\\/\\\/animefigurer.se\\\/#\\\/schema\\\/logo\\\/image\\\/\"},\"sameAs\":[\"https:\\\/\\\/www.facebook.com\\\/profile.php?id=61581826539670\",\"https:\\\/\\\/www.instagram.com\\\/animefigurer.se\\\/\"],\"email\":\"info@animefigurer.se\"}]}<\/script>\n<!-- \/ Yoast SEO Premium plugin. -->","yoast_head_json":{"title":"Saint Seiya Figuarts ZERO Touche Metallique Gemini Saga | Animefigurer.se","robots":{"index":"index","follow":"follow","max-snippet":"max-snippet:-1","max-image-preview":"max-image-preview:large","max-video-preview":"max-video-preview:-1"},"canonical":"https:\/\/animefigurer.se\/en\/figurer\/saint-seiya\/saint-seiya-figuarts-zero-touche-metallic-gemini-saga\/","og_locale":"en_GB","og_type":"article","og_title":"Saint Seiya Figuarts ZERO Touche Metallique Gemini Saga","og_description":"Fr\u00e5n Bandai Tamashii Nations Figuarts ZERO Metallic Touch-serie kommer denna h\u00f6gdetaljerade PVC-staty av Gemini Saga. Statyn \u00e4r cirka 21 cm h\u00f6g och levereras med bas i en f\u00e4rgad f\u00f6nsterl\u00e5da.","og_url":"https:\/\/animefigurer.se\/en\/figurer\/saint-seiya\/saint-seiya-figuarts-zero-touche-metallic-gemini-saga\/","og_site_name":"Animefigurer.se","article_publisher":"https:\/\/www.facebook.com\/profile.php?id=61581826539670","article_modified_time":"2025-12-21T18:34:36+00:00","og_image":[{"width":1890,"height":1417,"url":"https:\/\/animefigurer.se\/wp-content\/uploads\/2025\/12\/Animefigurer_logowhite.png","type":"image\/png"}],"twitter_card":"summary_large_image","schema":{"@context":"https:\/\/schema.org","@graph":[{"@type":"WebPage","@id":"https:\/\/animefigurer.se\/en\/figurer\/saint-seiya\/saint-seiya-figuarts-zero-touche-metallique-gemini-saga\/","url":"https:\/\/animefigurer.se\/en\/figurer\/saint-seiya\/saint-seiya-figuarts-zero-touche-metallique-gemini-saga\/","name":"Saint Seiya Figuarts ZERO Touche Metallique Gemini Saga | Animefigurer.se","isPartOf":{"@id":"https:\/\/animefigurer.se\/#website"},"primaryImageOfPage":{"@id":"https:\/\/animefigurer.se\/en\/figurer\/saint-seiya\/saint-seiya-figuarts-zero-touche-metallique-gemini-saga\/#primaryimage"},"image":{"@id":"https:\/\/animefigurer.se\/en\/figurer\/saint-seiya\/saint-seiya-figuarts-zero-touche-metallique-gemini-saga\/#primaryimage"},"thumbnailUrl":"https:\/\/animefigurer.se\/wp-content\/uploads\/2025\/10\/684e8f83af997.jpeg","datePublished":"2025-10-21T10:24:03+00:00","dateModified":"2025-12-21T18:34:36+00:00","breadcrumb":{"@id":"https:\/\/animefigurer.se\/en\/figurer\/saint-seiya\/saint-seiya-figuarts-zero-touche-metallique-gemini-saga\/#breadcrumb"},"inLanguage":"en-GB","potentialAction":[{"@type":"ReadAction","target":["https:\/\/animefigurer.se\/en\/figurer\/saint-seiya\/saint-seiya-figuarts-zero-touche-metallique-gemini-saga\/"]}]},{"@type":"ImageObject","inLanguage":"en-GB","@id":"https:\/\/animefigurer.se\/en\/figurer\/saint-seiya\/saint-seiya-figuarts-zero-touche-metallique-gemini-saga\/#primaryimage","url":"https:\/\/animefigurer.se\/wp-content\/uploads\/2025\/10\/684e8f83af997.jpeg","contentUrl":"https:\/\/animefigurer.se\/wp-content\/uploads\/2025\/10\/684e8f83af997.jpeg","width":720,"height":540},{"@type":"BreadcrumbList","@id":"https:\/\/animefigurer.se\/en\/figurer\/saint-seiya\/saint-seiya-figuarts-zero-touche-metallique-gemini-saga\/#breadcrumb","itemListElement":[{"@type":"ListItem","position":1,"name":"Home","item":"https:\/\/animefigurer.se\/"},{"@type":"ListItem","position":2,"name":"Butik","item":"https:\/\/animefigurer.se\/figurer\/"},{"@type":"ListItem","position":3,"name":"Saint Seiya Figuarts ZERO Touche Metallique Gemini Saga"}]},{"@type":"WebSite","@id":"https:\/\/animefigurer.se\/#website","url":"https:\/\/animefigurer.se\/","name":"Animefigurer.se","description":"Anime figures from over 300 different anime series with over 9000 products | Anime Shop","publisher":{"@id":"https:\/\/animefigurer.se\/#organization"},"potentialAction":[{"@type":"SearchAction","target":{"@type":"EntryPoint","urlTemplate":"https:\/\/animefigurer.se\/?s={search_term_string}"},"query-input":{"@type":"PropertyValueSpecification","valueRequired":true,"valueName":"search_term_string"}}],"inLanguage":"en-GB"},{"@type":"Organization","@id":"https:\/\/animefigurer.se\/#organization","name":"Animefigurer.se","alternateName":"Anime figurer | Anime shop","url":"https:\/\/animefigurer.se\/","logo":{"@type":"ImageObject","inLanguage":"en-GB","@id":"https:\/\/animefigurer.se\/#\/schema\/logo\/image\/","url":"https:\/\/animefigurer.se\/wp-content\/uploads\/2025\/12\/Animefigurer_logowhite.png","contentUrl":"https:\/\/animefigurer.se\/wp-content\/uploads\/2025\/12\/Animefigurer_logowhite.png","width":1890,"height":1417,"caption":"Animefigurer.se"},"image":{"@id":"https:\/\/animefigurer.se\/#\/schema\/logo\/image\/"},"sameAs":["https:\/\/www.facebook.com\/profile.php?id=61581826539670","https:\/\/www.instagram.com\/animefigurer.se\/"],"email":"info@animefigurer.se"}]}},"_links":{"self":[{"href":"https:\/\/animefigurer.se\/en\/wp-json\/wp\/v2\/product\/60054","targetHints":{"allow":["GET"]}}],"collection":[{"href":"https:\/\/animefigurer.se\/en\/wp-json\/wp\/v2\/product"}],"about":[{"href":"https:\/\/animefigurer.se\/en\/wp-json\/wp\/v2\/types\/product"}],"replies":[{"embeddable":true,"href":"https:\/\/animefigurer.se\/en\/wp-json\/wp\/v2\/comments?post=60054"}],"wp:featuredmedia":[{"embeddable":true,"href":"https:\/\/animefigurer.se\/en\/wp-json\/wp\/v2\/media\/60055"}],"wp:attachment":[{"href":"https:\/\/animefigurer.se\/en\/wp-json\/wp\/v2\/media?parent=60054"}],"wp:term":[{"taxonomy":"product_brand","embeddable":true,"href":"https:\/\/animefigurer.se\/en\/wp-json\/wp\/v2\/product_brand?post=60054"},{"taxonomy":"product_cat","embeddable":true,"href":"https:\/\/animefigurer.se\/en\/wp-json\/wp\/v2\/product_cat?post=60054"},{"taxonomy":"product_tag","embeddable":true,"href":"https:\/\/animefigurer.se\/en\/wp-json\/wp\/v2\/product_tag?post=60054"},{"taxonomy":"giftcard-category","embeddable":true,"href":"https:\/\/animefigurer.se\/en\/wp-json\/wp\/v2\/giftcard-category?post=60054"}],"curies":[{"name":"wp","href":"https:\/\/api.w.org\/{rel}","templated":true}]}}