{"id":59995,"date":"2025-10-21T12:23:13","date_gmt":"2025-10-21T10:23:13","guid":{"rendered":"https:\/\/animefigurer.se\/produkt\/saint-seiya-figuarts-zero-metallic-touch-sagitarius-seiya\/"},"modified":"2025-12-21T19:34:36","modified_gmt":"2025-12-21T18:34:36","slug":"saint-seiya-figuarts-zero-metallic-touch-sagitarius-seiya","status":"publish","type":"product","link":"https:\/\/animefigurer.se\/en\/figurer\/saint-seiya\/saint-seiya-figuarts-zero-metallic-touch-sagitarius-seiya\/","title":{"rendered":"Saint Seiya Figuarts ZERO Metallic Touch Sagittarius Seiya"},"content":{"rendered":"<p>Sagittarius Seiya from the TV anime Saint Seiya joins the Figuarts ZERO Touche M\u00e9tallique series! Seiya is depicted in a dynamic pose before an arrow shot. Some fabric parts are plated to recreate movement, and the base consists of transparent parts to deepen the feeling of the world of Saint Seiya.<\/p>","protected":false},"excerpt":{"rendered":"<p>Sagittarius Seiya from the TV anime Saint Seiya joins the Figuarts ZERO Touche M\u00e9tallique series! Seiya is depicted in a dynamic pose before an arrow shot. Some fabric parts are plated to recreate movement, and the base consists of transparent parts to deepen the feeling of the world of Saint Seiya.<\/p>","protected":false},"featured_media":59996,"comment_status":"closed","ping_status":"open","template":"","meta":{"_acf_changed":false,"_monsterinsights_skip_tracking":false,"_monsterinsights_sitenote_active":false,"_monsterinsights_sitenote_note":"","_monsterinsights_sitenote_category":0},"product_brand":[6927],"product_cat":[4754],"product_tag":[24],"giftcard-category":[],"class_list":{"0":"post-59995","1":"product","2":"type-product","3":"status-publish","4":"has-post-thumbnail","6":"product_brand-bandai-tamashii-nations","7":"product_cat-saint-seiya","8":"product_tag-2-3-weeks","9":"pa_franchise-saint-seiya","10":"pa_karaktar-sagitarius-seiya","11":"pa_material-pvc-abs","12":"pa_produktserie-figuarts-zero","13":"pa_storlek-25-cm","15":"first","16":"instock","17":"taxable","18":"shipping-taxable","19":"purchasable","20":"product-type-simple"},"acf":[],"yoast_head":"<!-- This site is optimized with the Yoast SEO Premium plugin v24.6 (Yoast SEO v27.3) - https:\/\/yoast.com\/product\/yoast-seo-premium-wordpress\/ -->\n<title>Saint Seiya Figuarts ZERO Metallic Touch Sagitarius Seiya | Animefigurer.se<\/title>\n<meta name=\"robots\" content=\"index, follow, max-snippet:-1, max-image-preview:large, max-video-preview:-1\" \/>\n<link rel=\"canonical\" href=\"https:\/\/animefigurer.se\/en\/figurer\/saint-seiya\/saint-seiya-figuarts-zero-metallic-touch-sagitarius-seiya\/\" \/>\n<meta property=\"og:locale\" content=\"en_GB\" \/>\n<meta property=\"og:type\" content=\"article\" \/>\n<meta property=\"og:title\" content=\"Saint Seiya Figuarts ZERO Metallic Touch Sagitarius Seiya\" \/>\n<meta property=\"og:description\" content=\"Sagittarius Seiya fr\u00e5n TV-animen Saint Seiya ansluter sig till Figuarts ZERO Touche M\u00e9tallique-serien! Seiya avbildas i en dynamisk pose inf\u00f6r ett pilskott. Vissa tygdelar \u00e4r pl\u00e4terade f\u00f6r att \u00e5terskapa r\u00f6relse, och basen best\u00e5r av genomskinliga delar f\u00f6r att f\u00f6rdjupa k\u00e4nslan av Saint Seiyas v\u00e4rld.\" \/>\n<meta property=\"og:url\" content=\"https:\/\/animefigurer.se\/en\/figurer\/saint-seiya\/saint-seiya-figuarts-zero-metallic-touch-sagitarius-seiya\/\" \/>\n<meta property=\"og:site_name\" content=\"Animefigurer.se\" \/>\n<meta property=\"article:publisher\" content=\"https:\/\/www.facebook.com\/profile.php?id=61581826539670\" \/>\n<meta property=\"article:modified_time\" content=\"2025-12-21T18:34:36+00:00\" \/>\n<meta property=\"og:image\" content=\"https:\/\/animefigurer.se\/wp-content\/uploads\/2025\/12\/Animefigurer_logowhite.png\" \/>\n\t<meta property=\"og:image:width\" content=\"1890\" \/>\n\t<meta property=\"og:image:height\" content=\"1417\" \/>\n\t<meta property=\"og:image:type\" content=\"image\/png\" \/>\n<meta name=\"twitter:card\" content=\"summary_large_image\" \/>\n<script type=\"application\/ld+json\" class=\"yoast-schema-graph\">{\"@context\":\"https:\\\/\\\/schema.org\",\"@graph\":[{\"@type\":\"WebPage\",\"@id\":\"https:\\\/\\\/animefigurer.se\\\/en\\\/figurer\\\/saint-seiya\\\/saint-seiya-figuarts-zero-metallic-touch-sagitarius-seiya\\\/\",\"url\":\"https:\\\/\\\/animefigurer.se\\\/en\\\/figurer\\\/saint-seiya\\\/saint-seiya-figuarts-zero-metallic-touch-sagitarius-seiya\\\/\",\"name\":\"Saint Seiya Figuarts ZERO Metallic Touch Sagitarius Seiya | Animefigurer.se\",\"isPartOf\":{\"@id\":\"https:\\\/\\\/animefigurer.se\\\/#website\"},\"primaryImageOfPage\":{\"@id\":\"https:\\\/\\\/animefigurer.se\\\/en\\\/figurer\\\/saint-seiya\\\/saint-seiya-figuarts-zero-metallic-touch-sagitarius-seiya\\\/#primaryimage\"},\"image\":{\"@id\":\"https:\\\/\\\/animefigurer.se\\\/en\\\/figurer\\\/saint-seiya\\\/saint-seiya-figuarts-zero-metallic-touch-sagitarius-seiya\\\/#primaryimage\"},\"thumbnailUrl\":\"https:\\\/\\\/animefigurer.se\\\/wp-content\\\/uploads\\\/2025\\\/10\\\/66301ccd7aeba.jpeg\",\"datePublished\":\"2025-10-21T10:23:13+00:00\",\"dateModified\":\"2025-12-21T18:34:36+00:00\",\"breadcrumb\":{\"@id\":\"https:\\\/\\\/animefigurer.se\\\/en\\\/figurer\\\/saint-seiya\\\/saint-seiya-figuarts-zero-metallic-touch-sagitarius-seiya\\\/#breadcrumb\"},\"inLanguage\":\"en-GB\",\"potentialAction\":[{\"@type\":\"ReadAction\",\"target\":[\"https:\\\/\\\/animefigurer.se\\\/en\\\/figurer\\\/saint-seiya\\\/saint-seiya-figuarts-zero-metallic-touch-sagitarius-seiya\\\/\"]}]},{\"@type\":\"ImageObject\",\"inLanguage\":\"en-GB\",\"@id\":\"https:\\\/\\\/animefigurer.se\\\/en\\\/figurer\\\/saint-seiya\\\/saint-seiya-figuarts-zero-metallic-touch-sagitarius-seiya\\\/#primaryimage\",\"url\":\"https:\\\/\\\/animefigurer.se\\\/wp-content\\\/uploads\\\/2025\\\/10\\\/66301ccd7aeba.jpeg\",\"contentUrl\":\"https:\\\/\\\/animefigurer.se\\\/wp-content\\\/uploads\\\/2025\\\/10\\\/66301ccd7aeba.jpeg\",\"width\":720,\"height\":540},{\"@type\":\"BreadcrumbList\",\"@id\":\"https:\\\/\\\/animefigurer.se\\\/en\\\/figurer\\\/saint-seiya\\\/saint-seiya-figuarts-zero-metallic-touch-sagitarius-seiya\\\/#breadcrumb\",\"itemListElement\":[{\"@type\":\"ListItem\",\"position\":1,\"name\":\"Home\",\"item\":\"https:\\\/\\\/animefigurer.se\\\/\"},{\"@type\":\"ListItem\",\"position\":2,\"name\":\"Butik\",\"item\":\"https:\\\/\\\/animefigurer.se\\\/figurer\\\/\"},{\"@type\":\"ListItem\",\"position\":3,\"name\":\"Saint Seiya Figuarts ZERO Metallic Touch Sagitarius Seiya\"}]},{\"@type\":\"WebSite\",\"@id\":\"https:\\\/\\\/animefigurer.se\\\/#website\",\"url\":\"https:\\\/\\\/animefigurer.se\\\/\",\"name\":\"Animefigurer.se\",\"description\":\"Anime figurer fr\u00e5n \u00f6ver 300 olika anime serier med \u00f6ver 9000 produkter | Anime Shop\",\"publisher\":{\"@id\":\"https:\\\/\\\/animefigurer.se\\\/#organization\"},\"potentialAction\":[{\"@type\":\"SearchAction\",\"target\":{\"@type\":\"EntryPoint\",\"urlTemplate\":\"https:\\\/\\\/animefigurer.se\\\/?s={search_term_string}\"},\"query-input\":{\"@type\":\"PropertyValueSpecification\",\"valueRequired\":true,\"valueName\":\"search_term_string\"}}],\"inLanguage\":\"en-GB\"},{\"@type\":\"Organization\",\"@id\":\"https:\\\/\\\/animefigurer.se\\\/#organization\",\"name\":\"Animefigurer.se\",\"alternateName\":\"Anime figurer | Anime shop\",\"url\":\"https:\\\/\\\/animefigurer.se\\\/\",\"logo\":{\"@type\":\"ImageObject\",\"inLanguage\":\"en-GB\",\"@id\":\"https:\\\/\\\/animefigurer.se\\\/#\\\/schema\\\/logo\\\/image\\\/\",\"url\":\"https:\\\/\\\/animefigurer.se\\\/wp-content\\\/uploads\\\/2025\\\/12\\\/Animefigurer_logowhite.png\",\"contentUrl\":\"https:\\\/\\\/animefigurer.se\\\/wp-content\\\/uploads\\\/2025\\\/12\\\/Animefigurer_logowhite.png\",\"width\":1890,\"height\":1417,\"caption\":\"Animefigurer.se\"},\"image\":{\"@id\":\"https:\\\/\\\/animefigurer.se\\\/#\\\/schema\\\/logo\\\/image\\\/\"},\"sameAs\":[\"https:\\\/\\\/www.facebook.com\\\/profile.php?id=61581826539670\",\"https:\\\/\\\/www.instagram.com\\\/animefigurer.se\\\/\"],\"email\":\"info@animefigurer.se\"}]}<\/script>\n<!-- \/ Yoast SEO Premium plugin. -->","yoast_head_json":{"title":"Saint Seiya Figuarts ZERO Metallic Touch Sagittarius Seiya | Animefigurer.se","robots":{"index":"index","follow":"follow","max-snippet":"max-snippet:-1","max-image-preview":"max-image-preview:large","max-video-preview":"max-video-preview:-1"},"canonical":"https:\/\/animefigurer.se\/en\/figurer\/saint-seiya\/saint-seiya-figuarts-zero-metallic-touch-sagitarius-seiya\/","og_locale":"en_GB","og_type":"article","og_title":"Saint Seiya Figuarts ZERO Metallic Touch Sagitarius Seiya","og_description":"Sagittarius Seiya fr\u00e5n TV-animen Saint Seiya ansluter sig till Figuarts ZERO Touche M\u00e9tallique-serien! Seiya avbildas i en dynamisk pose inf\u00f6r ett pilskott. Vissa tygdelar \u00e4r pl\u00e4terade f\u00f6r att \u00e5terskapa r\u00f6relse, och basen best\u00e5r av genomskinliga delar f\u00f6r att f\u00f6rdjupa k\u00e4nslan av Saint Seiyas v\u00e4rld.","og_url":"https:\/\/animefigurer.se\/en\/figurer\/saint-seiya\/saint-seiya-figuarts-zero-metallic-touch-sagitarius-seiya\/","og_site_name":"Animefigurer.se","article_publisher":"https:\/\/www.facebook.com\/profile.php?id=61581826539670","article_modified_time":"2025-12-21T18:34:36+00:00","og_image":[{"width":1890,"height":1417,"url":"https:\/\/animefigurer.se\/wp-content\/uploads\/2025\/12\/Animefigurer_logowhite.png","type":"image\/png"}],"twitter_card":"summary_large_image","schema":{"@context":"https:\/\/schema.org","@graph":[{"@type":"WebPage","@id":"https:\/\/animefigurer.se\/en\/figurer\/saint-seiya\/saint-seiya-figuarts-zero-metallic-touch-sagitarius-seiya\/","url":"https:\/\/animefigurer.se\/en\/figurer\/saint-seiya\/saint-seiya-figuarts-zero-metallic-touch-sagitarius-seiya\/","name":"Saint Seiya Figuarts ZERO Metallic Touch Sagittarius Seiya | Animefigurer.se","isPartOf":{"@id":"https:\/\/animefigurer.se\/#website"},"primaryImageOfPage":{"@id":"https:\/\/animefigurer.se\/en\/figurer\/saint-seiya\/saint-seiya-figuarts-zero-metallic-touch-sagitarius-seiya\/#primaryimage"},"image":{"@id":"https:\/\/animefigurer.se\/en\/figurer\/saint-seiya\/saint-seiya-figuarts-zero-metallic-touch-sagitarius-seiya\/#primaryimage"},"thumbnailUrl":"https:\/\/animefigurer.se\/wp-content\/uploads\/2025\/10\/66301ccd7aeba.jpeg","datePublished":"2025-10-21T10:23:13+00:00","dateModified":"2025-12-21T18:34:36+00:00","breadcrumb":{"@id":"https:\/\/animefigurer.se\/en\/figurer\/saint-seiya\/saint-seiya-figuarts-zero-metallic-touch-sagitarius-seiya\/#breadcrumb"},"inLanguage":"en-GB","potentialAction":[{"@type":"ReadAction","target":["https:\/\/animefigurer.se\/en\/figurer\/saint-seiya\/saint-seiya-figuarts-zero-metallic-touch-sagitarius-seiya\/"]}]},{"@type":"ImageObject","inLanguage":"en-GB","@id":"https:\/\/animefigurer.se\/en\/figurer\/saint-seiya\/saint-seiya-figuarts-zero-metallic-touch-sagitarius-seiya\/#primaryimage","url":"https:\/\/animefigurer.se\/wp-content\/uploads\/2025\/10\/66301ccd7aeba.jpeg","contentUrl":"https:\/\/animefigurer.se\/wp-content\/uploads\/2025\/10\/66301ccd7aeba.jpeg","width":720,"height":540},{"@type":"BreadcrumbList","@id":"https:\/\/animefigurer.se\/en\/figurer\/saint-seiya\/saint-seiya-figuarts-zero-metallic-touch-sagitarius-seiya\/#breadcrumb","itemListElement":[{"@type":"ListItem","position":1,"name":"Home","item":"https:\/\/animefigurer.se\/"},{"@type":"ListItem","position":2,"name":"Butik","item":"https:\/\/animefigurer.se\/figurer\/"},{"@type":"ListItem","position":3,"name":"Saint Seiya Figuarts ZERO Metallic Touch Sagitarius Seiya"}]},{"@type":"WebSite","@id":"https:\/\/animefigurer.se\/#website","url":"https:\/\/animefigurer.se\/","name":"Animefigurer.se","description":"Anime figures from over 300 different anime series with over 9000 products | Anime Shop","publisher":{"@id":"https:\/\/animefigurer.se\/#organization"},"potentialAction":[{"@type":"SearchAction","target":{"@type":"EntryPoint","urlTemplate":"https:\/\/animefigurer.se\/?s={search_term_string}"},"query-input":{"@type":"PropertyValueSpecification","valueRequired":true,"valueName":"search_term_string"}}],"inLanguage":"en-GB"},{"@type":"Organization","@id":"https:\/\/animefigurer.se\/#organization","name":"Animefigurer.se","alternateName":"Anime figurer | Anime shop","url":"https:\/\/animefigurer.se\/","logo":{"@type":"ImageObject","inLanguage":"en-GB","@id":"https:\/\/animefigurer.se\/#\/schema\/logo\/image\/","url":"https:\/\/animefigurer.se\/wp-content\/uploads\/2025\/12\/Animefigurer_logowhite.png","contentUrl":"https:\/\/animefigurer.se\/wp-content\/uploads\/2025\/12\/Animefigurer_logowhite.png","width":1890,"height":1417,"caption":"Animefigurer.se"},"image":{"@id":"https:\/\/animefigurer.se\/#\/schema\/logo\/image\/"},"sameAs":["https:\/\/www.facebook.com\/profile.php?id=61581826539670","https:\/\/www.instagram.com\/animefigurer.se\/"],"email":"info@animefigurer.se"}]}},"_links":{"self":[{"href":"https:\/\/animefigurer.se\/en\/wp-json\/wp\/v2\/product\/59995","targetHints":{"allow":["GET"]}}],"collection":[{"href":"https:\/\/animefigurer.se\/en\/wp-json\/wp\/v2\/product"}],"about":[{"href":"https:\/\/animefigurer.se\/en\/wp-json\/wp\/v2\/types\/product"}],"replies":[{"embeddable":true,"href":"https:\/\/animefigurer.se\/en\/wp-json\/wp\/v2\/comments?post=59995"}],"wp:featuredmedia":[{"embeddable":true,"href":"https:\/\/animefigurer.se\/en\/wp-json\/wp\/v2\/media\/59996"}],"wp:attachment":[{"href":"https:\/\/animefigurer.se\/en\/wp-json\/wp\/v2\/media?parent=59995"}],"wp:term":[{"taxonomy":"product_brand","embeddable":true,"href":"https:\/\/animefigurer.se\/en\/wp-json\/wp\/v2\/product_brand?post=59995"},{"taxonomy":"product_cat","embeddable":true,"href":"https:\/\/animefigurer.se\/en\/wp-json\/wp\/v2\/product_cat?post=59995"},{"taxonomy":"product_tag","embeddable":true,"href":"https:\/\/animefigurer.se\/en\/wp-json\/wp\/v2\/product_tag?post=59995"},{"taxonomy":"giftcard-category","embeddable":true,"href":"https:\/\/animefigurer.se\/en\/wp-json\/wp\/v2\/giftcard-category?post=59995"}],"curies":[{"name":"wp","href":"https:\/\/api.w.org\/{rel}","templated":true}]}}