{"id":58151,"date":"2025-10-21T12:01:52","date_gmt":"2025-10-21T10:01:52","guid":{"rendered":"https:\/\/animefigurer.se\/produkt\/rascal-does-not-dream-of-bunny-girl-senpai-mai-sakurajima-jellyfish-1-7-scale-figure\/"},"modified":"2025-12-21T19:34:16","modified_gmt":"2025-12-21T18:34:16","slug":"rascal-does-not-dream-of-bunny-girl-senpai-mai-sakurajima-jellyfish-1-7-scale-figure","status":"publish","type":"product","link":"https:\/\/animefigurer.se\/en\/figurer\/rascal-does-not-dream-of-bunny-girl-senpai\/rascal-does-not-dream-of-bunny-girl-senpai-mai-sakurajima-jellyfish-1-7-scale-figure\/","title":{"rendered":"Rascal Does Not Dream of Bunny Girl Senpai Mai Sakurajima (JELLYFISH) 1\/7 Scale Figure"},"content":{"rendered":"<p>From Rascal Does Not Dream of Bunny Girl Senpai comes a three-dimensional version of Mai Sakurajima floating alongside a huge jellyfish.<\/p>\n<p>Her dreamy expression as she gazes at the tiny jellyfish is captivating. Her off-shoulder dress and collarbone are carefully highlighted, and her long, shiny black hair is sculpted to look as if it is floating in the water.<\/p>\n<p>The base is made of clear, jellyfish-like parts and bubbles; a sparkling blue lacquer creates an underwater atmosphere where light rays are reflected. Mai exudes a sense of transparency and tranquility \u2014 enjoy this beautiful figure in your hand.<\/p>","protected":false},"excerpt":{"rendered":"<p>From Rascal Does Not Dream of Bunny Girl Senpai comes a three-dimensional version of Mai Sakurajima floating alongside a huge jellyfish.<\/p>\n<p>Her dreamy expression as she gazes at the little jellyfish is captivating. Her shoulder-length dress and collarbone are carefully highlighted, and her long, shiny black hair is a perfect example of this.<\/p>","protected":false},"featured_media":58152,"comment_status":"closed","ping_status":"open","template":"","meta":{"_acf_changed":false,"_monsterinsights_skip_tracking":false,"_monsterinsights_sitenote_active":false,"_monsterinsights_sitenote_note":"","_monsterinsights_sitenote_category":0},"product_brand":[6959],"product_cat":[7233,4615],"product_tag":[26],"giftcard-category":[],"class_list":{"0":"post-58151","1":"product","2":"type-product","3":"status-publish","4":"has-post-thumbnail","6":"product_brand-design-coco","7":"product_cat-pre-order","8":"product_cat-rascal-does-not-dream-of-bunny-girl-senpai","9":"product_tag-pre-order","10":"pa_franchise-rascal-does-not-dream-of-bunny-girl-senpai","11":"pa_karaktar-mai-sakurajima","12":"pa_material-pvc-abs","13":"pa_skala-41","14":"pa_storlek-29-cm","16":"first","17":"instock","18":"taxable","19":"shipping-taxable","20":"purchasable","21":"product-type-simple"},"acf":[],"yoast_head":"<!-- This site is optimized with the Yoast SEO Premium plugin v27.6 (Yoast SEO v27.6) - https:\/\/yoast.com\/product\/yoast-seo-premium-wordpress\/ -->\n<title>Rascal Does Not Dream of Bunny Girl Senpai Mai Sakurajima (JELLYFISH) 1\/7 Scale Figure | Animefigurer.se<\/title>\n<meta name=\"robots\" content=\"index, follow, max-snippet:-1, max-image-preview:large, max-video-preview:-1\" \/>\n<link rel=\"canonical\" href=\"https:\/\/animefigurer.se\/en\/figurer\/rascal-does-not-dream-of-bunny-girl-senpai\/rascal-does-not-dream-of-bunny-girl-senpai-mai-sakurajima-jellyfish-1-7-scale-figure\/\" \/>\n<meta property=\"og:locale\" content=\"en_GB\" \/>\n<meta property=\"og:type\" content=\"article\" \/>\n<meta property=\"og:title\" content=\"Rascal Does Not Dream of Bunny Girl Senpai Mai Sakurajima (JELLYFISH) 1\/7 Scale Figure\" \/>\n<meta property=\"og:description\" content=\"Fr\u00e5n Rascal Does Not Dream of Bunny Girl Senpai kommer en tredimensionell version av Mai Sakurajima som sv\u00e4var tillsammans med en enorm manet. Hennes dr\u00f6mmande uttryck n\u00e4r hon betraktar den lilla maneten \u00e4r f\u00e4ngslande. Axelbar kl\u00e4nning och nyckelben framh\u00e4vs noggrant, och hennes l\u00e5nga, gl\u00e4nsande sv\" \/>\n<meta property=\"og:url\" content=\"https:\/\/animefigurer.se\/en\/figurer\/rascal-does-not-dream-of-bunny-girl-senpai\/rascal-does-not-dream-of-bunny-girl-senpai-mai-sakurajima-jellyfish-1-7-scale-figure\/\" \/>\n<meta property=\"og:site_name\" content=\"Animefigurer.se\" \/>\n<meta property=\"article:publisher\" content=\"https:\/\/www.facebook.com\/profile.php?id=61581826539670\" \/>\n<meta property=\"article:modified_time\" content=\"2025-12-21T18:34:16+00:00\" \/>\n<meta property=\"og:image\" content=\"https:\/\/animefigurer.se\/wp-content\/uploads\/2025\/12\/Animefigurer_logowhite.png\" \/>\n\t<meta property=\"og:image:width\" content=\"1890\" \/>\n\t<meta property=\"og:image:height\" content=\"1417\" \/>\n\t<meta property=\"og:image:type\" content=\"image\/png\" \/>\n<meta name=\"twitter:card\" content=\"summary_large_image\" \/>\n<meta name=\"twitter:label1\" content=\"Estimated reading time\" \/>\n\t<meta name=\"twitter:data1\" content=\"1 minute\" \/>\n<script type=\"application\/ld+json\" class=\"yoast-schema-graph\">{\"@context\":\"https:\\\/\\\/schema.org\",\"@graph\":[{\"@type\":\"WebPage\",\"@id\":\"https:\\\/\\\/animefigurer.se\\\/en\\\/figurer\\\/rascal-does-not-dream-of-bunny-girl-senpai\\\/rascal-does-not-dream-of-bunny-girl-senpai-mai-sakurajima-jellyfish-1-7-scale-figure\\\/\",\"url\":\"https:\\\/\\\/animefigurer.se\\\/en\\\/figurer\\\/rascal-does-not-dream-of-bunny-girl-senpai\\\/rascal-does-not-dream-of-bunny-girl-senpai-mai-sakurajima-jellyfish-1-7-scale-figure\\\/\",\"name\":\"Rascal Does Not Dream of Bunny Girl Senpai Mai Sakurajima (JELLYFISH) 1\\\/7 Scale Figure | Animefigurer.se\",\"isPartOf\":{\"@id\":\"https:\\\/\\\/animefigurer.se\\\/#website\"},\"primaryImageOfPage\":{\"@id\":\"https:\\\/\\\/animefigurer.se\\\/en\\\/figurer\\\/rascal-does-not-dream-of-bunny-girl-senpai\\\/rascal-does-not-dream-of-bunny-girl-senpai-mai-sakurajima-jellyfish-1-7-scale-figure\\\/#primaryimage\"},\"image\":{\"@id\":\"https:\\\/\\\/animefigurer.se\\\/en\\\/figurer\\\/rascal-does-not-dream-of-bunny-girl-senpai\\\/rascal-does-not-dream-of-bunny-girl-senpai-mai-sakurajima-jellyfish-1-7-scale-figure\\\/#primaryimage\"},\"thumbnailUrl\":\"https:\\\/\\\/animefigurer.se\\\/wp-content\\\/uploads\\\/2025\\\/10\\\/68da636e31aa5.jpeg\",\"datePublished\":\"2025-10-21T10:01:52+00:00\",\"dateModified\":\"2025-12-21T18:34:16+00:00\",\"breadcrumb\":{\"@id\":\"https:\\\/\\\/animefigurer.se\\\/en\\\/figurer\\\/rascal-does-not-dream-of-bunny-girl-senpai\\\/rascal-does-not-dream-of-bunny-girl-senpai-mai-sakurajima-jellyfish-1-7-scale-figure\\\/#breadcrumb\"},\"inLanguage\":\"en-GB\",\"potentialAction\":[{\"@type\":\"ReadAction\",\"target\":[\"https:\\\/\\\/animefigurer.se\\\/en\\\/figurer\\\/rascal-does-not-dream-of-bunny-girl-senpai\\\/rascal-does-not-dream-of-bunny-girl-senpai-mai-sakurajima-jellyfish-1-7-scale-figure\\\/\"]}]},{\"@type\":\"ImageObject\",\"inLanguage\":\"en-GB\",\"@id\":\"https:\\\/\\\/animefigurer.se\\\/en\\\/figurer\\\/rascal-does-not-dream-of-bunny-girl-senpai\\\/rascal-does-not-dream-of-bunny-girl-senpai-mai-sakurajima-jellyfish-1-7-scale-figure\\\/#primaryimage\",\"url\":\"https:\\\/\\\/animefigurer.se\\\/wp-content\\\/uploads\\\/2025\\\/10\\\/68da636e31aa5.jpeg\",\"contentUrl\":\"https:\\\/\\\/animefigurer.se\\\/wp-content\\\/uploads\\\/2025\\\/10\\\/68da636e31aa5.jpeg\",\"width\":1000,\"height\":750},{\"@type\":\"BreadcrumbList\",\"@id\":\"https:\\\/\\\/animefigurer.se\\\/en\\\/figurer\\\/rascal-does-not-dream-of-bunny-girl-senpai\\\/rascal-does-not-dream-of-bunny-girl-senpai-mai-sakurajima-jellyfish-1-7-scale-figure\\\/#breadcrumb\",\"itemListElement\":[{\"@type\":\"ListItem\",\"position\":1,\"name\":\"Home\",\"item\":\"https:\\\/\\\/animefigurer.se\\\/\"},{\"@type\":\"ListItem\",\"position\":2,\"name\":\"Butik\",\"item\":\"https:\\\/\\\/animefigurer.se\\\/figurer\\\/\"},{\"@type\":\"ListItem\",\"position\":3,\"name\":\"Rascal Does Not Dream of Bunny Girl Senpai Mai Sakurajima (JELLYFISH) 1\\\/7 Scale Figure\"}]},{\"@type\":\"WebSite\",\"@id\":\"https:\\\/\\\/animefigurer.se\\\/#website\",\"url\":\"https:\\\/\\\/animefigurer.se\\\/\",\"name\":\"Animefigurer.se\",\"description\":\"Anime figurer fr\u00e5n \u00f6ver 300 olika anime serier med \u00f6ver 9000 produkter | Anime Shop\",\"publisher\":{\"@id\":\"https:\\\/\\\/animefigurer.se\\\/#organization\"},\"potentialAction\":[{\"@type\":\"SearchAction\",\"target\":{\"@type\":\"EntryPoint\",\"urlTemplate\":\"https:\\\/\\\/animefigurer.se\\\/?s={search_term_string}\"},\"query-input\":{\"@type\":\"PropertyValueSpecification\",\"valueRequired\":true,\"valueName\":\"search_term_string\"}}],\"inLanguage\":\"en-GB\"},{\"@type\":\"Organization\",\"@id\":\"https:\\\/\\\/animefigurer.se\\\/#organization\",\"name\":\"Animefigurer.se\",\"alternateName\":\"Anime figurer | Anime shop\",\"url\":\"https:\\\/\\\/animefigurer.se\\\/\",\"logo\":{\"@type\":\"ImageObject\",\"inLanguage\":\"en-GB\",\"@id\":\"https:\\\/\\\/animefigurer.se\\\/#\\\/schema\\\/logo\\\/image\\\/\",\"url\":\"https:\\\/\\\/animefigurer.se\\\/wp-content\\\/uploads\\\/2025\\\/12\\\/Animefigurer_logowhite.png\",\"contentUrl\":\"https:\\\/\\\/animefigurer.se\\\/wp-content\\\/uploads\\\/2025\\\/12\\\/Animefigurer_logowhite.png\",\"width\":1890,\"height\":1417,\"caption\":\"Animefigurer.se\"},\"image\":{\"@id\":\"https:\\\/\\\/animefigurer.se\\\/#\\\/schema\\\/logo\\\/image\\\/\"},\"sameAs\":[\"https:\\\/\\\/www.facebook.com\\\/profile.php?id=61581826539670\",\"https:\\\/\\\/www.instagram.com\\\/animefigurer.se\\\/\"],\"email\":\"info@animefigurer.se\"}]}<\/script>\n<!-- \/ Yoast SEO Premium plugin. -->","yoast_head_json":{"title":"Rascal Does Not Dream of Bunny Girl Senpai Mai Sakurajima (JELLYFISH) 1\/7 Scale Figure | Animefigurer.se","robots":{"index":"index","follow":"follow","max-snippet":"max-snippet:-1","max-image-preview":"max-image-preview:large","max-video-preview":"max-video-preview:-1"},"canonical":"https:\/\/animefigurer.se\/en\/figurer\/rascal-does-not-dream-of-bunny-girl-senpai\/rascal-does-not-dream-of-bunny-girl-senpai-mai-sakurajima-jellyfish-1-7-scale-figure\/","og_locale":"en_GB","og_type":"article","og_title":"Rascal Does Not Dream of Bunny Girl Senpai Mai Sakurajima (JELLYFISH) 1\/7 Scale Figure","og_description":"Fr\u00e5n Rascal Does Not Dream of Bunny Girl Senpai kommer en tredimensionell version av Mai Sakurajima som sv\u00e4var tillsammans med en enorm manet. Hennes dr\u00f6mmande uttryck n\u00e4r hon betraktar den lilla maneten \u00e4r f\u00e4ngslande. Axelbar kl\u00e4nning och nyckelben framh\u00e4vs noggrant, och hennes l\u00e5nga, gl\u00e4nsande sv","og_url":"https:\/\/animefigurer.se\/en\/figurer\/rascal-does-not-dream-of-bunny-girl-senpai\/rascal-does-not-dream-of-bunny-girl-senpai-mai-sakurajima-jellyfish-1-7-scale-figure\/","og_site_name":"Animefigurer.se","article_publisher":"https:\/\/www.facebook.com\/profile.php?id=61581826539670","article_modified_time":"2025-12-21T18:34:16+00:00","og_image":[{"width":1890,"height":1417,"url":"https:\/\/animefigurer.se\/wp-content\/uploads\/2025\/12\/Animefigurer_logowhite.png","type":"image\/png"}],"twitter_card":"summary_large_image","twitter_misc":{"Estimated reading time":"1 minute"},"schema":{"@context":"https:\/\/schema.org","@graph":[{"@type":"WebPage","@id":"https:\/\/animefigurer.se\/en\/figurer\/rascal-does-not-dream-of-bunny-girl-senpai\/rascal-does-not-dream-of-bunny-girl-senpai-mai-sakurajima-jellyfish-1-7-scale-figure\/","url":"https:\/\/animefigurer.se\/en\/figurer\/rascal-does-not-dream-of-bunny-girl-senpai\/rascal-does-not-dream-of-bunny-girl-senpai-mai-sakurajima-jellyfish-1-7-scale-figure\/","name":"Rascal Does Not Dream of Bunny Girl Senpai Mai Sakurajima (JELLYFISH) 1\/7 Scale Figure | Animefigurer.se","isPartOf":{"@id":"https:\/\/animefigurer.se\/#website"},"primaryImageOfPage":{"@id":"https:\/\/animefigurer.se\/en\/figurer\/rascal-does-not-dream-of-bunny-girl-senpai\/rascal-does-not-dream-of-bunny-girl-senpai-mai-sakurajima-jellyfish-1-7-scale-figure\/#primaryimage"},"image":{"@id":"https:\/\/animefigurer.se\/en\/figurer\/rascal-does-not-dream-of-bunny-girl-senpai\/rascal-does-not-dream-of-bunny-girl-senpai-mai-sakurajima-jellyfish-1-7-scale-figure\/#primaryimage"},"thumbnailUrl":"https:\/\/animefigurer.se\/wp-content\/uploads\/2025\/10\/68da636e31aa5.jpeg","datePublished":"2025-10-21T10:01:52+00:00","dateModified":"2025-12-21T18:34:16+00:00","breadcrumb":{"@id":"https:\/\/animefigurer.se\/en\/figurer\/rascal-does-not-dream-of-bunny-girl-senpai\/rascal-does-not-dream-of-bunny-girl-senpai-mai-sakurajima-jellyfish-1-7-scale-figure\/#breadcrumb"},"inLanguage":"en-GB","potentialAction":[{"@type":"ReadAction","target":["https:\/\/animefigurer.se\/en\/figurer\/rascal-does-not-dream-of-bunny-girl-senpai\/rascal-does-not-dream-of-bunny-girl-senpai-mai-sakurajima-jellyfish-1-7-scale-figure\/"]}]},{"@type":"ImageObject","inLanguage":"en-GB","@id":"https:\/\/animefigurer.se\/en\/figurer\/rascal-does-not-dream-of-bunny-girl-senpai\/rascal-does-not-dream-of-bunny-girl-senpai-mai-sakurajima-jellyfish-1-7-scale-figure\/#primaryimage","url":"https:\/\/animefigurer.se\/wp-content\/uploads\/2025\/10\/68da636e31aa5.jpeg","contentUrl":"https:\/\/animefigurer.se\/wp-content\/uploads\/2025\/10\/68da636e31aa5.jpeg","width":1000,"height":750},{"@type":"BreadcrumbList","@id":"https:\/\/animefigurer.se\/en\/figurer\/rascal-does-not-dream-of-bunny-girl-senpai\/rascal-does-not-dream-of-bunny-girl-senpai-mai-sakurajima-jellyfish-1-7-scale-figure\/#breadcrumb","itemListElement":[{"@type":"ListItem","position":1,"name":"Home","item":"https:\/\/animefigurer.se\/"},{"@type":"ListItem","position":2,"name":"Butik","item":"https:\/\/animefigurer.se\/figurer\/"},{"@type":"ListItem","position":3,"name":"Rascal Does Not Dream of Bunny Girl Senpai Mai Sakurajima (JELLYFISH) 1\/7 Scale Figure"}]},{"@type":"WebSite","@id":"https:\/\/animefigurer.se\/#website","url":"https:\/\/animefigurer.se\/","name":"Animefigurer.se","description":"Anime figures from over 300 different anime series with over 9000 products | Anime Shop","publisher":{"@id":"https:\/\/animefigurer.se\/#organization"},"potentialAction":[{"@type":"SearchAction","target":{"@type":"EntryPoint","urlTemplate":"https:\/\/animefigurer.se\/?s={search_term_string}"},"query-input":{"@type":"PropertyValueSpecification","valueRequired":true,"valueName":"search_term_string"}}],"inLanguage":"en-GB"},{"@type":"Organization","@id":"https:\/\/animefigurer.se\/#organization","name":"Animefigurer.se","alternateName":"Anime figurer | Anime shop","url":"https:\/\/animefigurer.se\/","logo":{"@type":"ImageObject","inLanguage":"en-GB","@id":"https:\/\/animefigurer.se\/#\/schema\/logo\/image\/","url":"https:\/\/animefigurer.se\/wp-content\/uploads\/2025\/12\/Animefigurer_logowhite.png","contentUrl":"https:\/\/animefigurer.se\/wp-content\/uploads\/2025\/12\/Animefigurer_logowhite.png","width":1890,"height":1417,"caption":"Animefigurer.se"},"image":{"@id":"https:\/\/animefigurer.se\/#\/schema\/logo\/image\/"},"sameAs":["https:\/\/www.facebook.com\/profile.php?id=61581826539670","https:\/\/www.instagram.com\/animefigurer.se\/"],"email":"info@animefigurer.se"}]}},"_links":{"self":[{"href":"https:\/\/animefigurer.se\/en\/wp-json\/wp\/v2\/product\/58151","targetHints":{"allow":["GET"]}}],"collection":[{"href":"https:\/\/animefigurer.se\/en\/wp-json\/wp\/v2\/product"}],"about":[{"href":"https:\/\/animefigurer.se\/en\/wp-json\/wp\/v2\/types\/product"}],"replies":[{"embeddable":true,"href":"https:\/\/animefigurer.se\/en\/wp-json\/wp\/v2\/comments?post=58151"}],"wp:featuredmedia":[{"embeddable":true,"href":"https:\/\/animefigurer.se\/en\/wp-json\/wp\/v2\/media\/58152"}],"wp:attachment":[{"href":"https:\/\/animefigurer.se\/en\/wp-json\/wp\/v2\/media?parent=58151"}],"wp:term":[{"taxonomy":"product_brand","embeddable":true,"href":"https:\/\/animefigurer.se\/en\/wp-json\/wp\/v2\/product_brand?post=58151"},{"taxonomy":"product_cat","embeddable":true,"href":"https:\/\/animefigurer.se\/en\/wp-json\/wp\/v2\/product_cat?post=58151"},{"taxonomy":"product_tag","embeddable":true,"href":"https:\/\/animefigurer.se\/en\/wp-json\/wp\/v2\/product_tag?post=58151"},{"taxonomy":"giftcard-category","embeddable":true,"href":"https:\/\/animefigurer.se\/en\/wp-json\/wp\/v2\/giftcard-category?post=58151"}],"curies":[{"name":"wp","href":"https:\/\/api.w.org\/{rel}","templated":true}]}}