{"id":57707,"date":"2025-10-21T11:55:28","date_gmt":"2025-10-21T09:55:28","guid":{"rendered":"https:\/\/animefigurer.se\/produkt\/rage-of-bahamut-dark-angel-olivia-1-8-scale-figure-2nd-rerelease\/"},"modified":"2025-12-21T19:34:11","modified_gmt":"2025-12-21T18:34:11","slug":"rage-of-bahamut-dark-angel-olivia-1-8-scale-figure-2nd-rerelease","status":"publish","type":"product","link":"https:\/\/animefigurer.se\/en\/figurer\/rage-of-bahamut\/rage-of-bahamut-dark-angel-olivia-1-8-scale-figure-2nd-rerelease\/","title":{"rendered":"Rage of Bahamut Dark Angel Olivia 1\/8 Scale Figure (2nd Rerelease)"},"content":{"rendered":"<p>From the game Rage of Bahamut, Dark Angel Olivia returns in a new edition!<\/p>\n<p>Olivia&#039;s large wings and bold, detailed character design have been faithfully recreated by sculptor Koei Matsumoto. Illustrator Mushimaro participated in the process, also developing details not found in the original art and supervising the sculpting, resulting in a dynamic and beautiful figure that stands over 30cm tall.<\/p>\n<p>Hair, wings and waist ornaments are crafted from translucent plastic, and the combination of clear and opaque colors gives the statue a deep and atmospheric finish. The base is covered in magical crystals that rise from a pitch-black void; the crystals are also made from translucent plastic for an impressive look.<\/p>","protected":false},"excerpt":{"rendered":"<p>From the game Rage of Bahamut, Dark Angel Olivia returns in a new edition!<\/p>\n<p>Olivia&#039;s large wings and bold, detailed character design have been faithfully recreated by sculptor Koei Matsumoto. Illustrator Mushimaro participated in the process, also developing details that were not in the original art.<\/p>","protected":false},"featured_media":57708,"comment_status":"closed","ping_status":"open","template":"","meta":{"_acf_changed":false,"_monsterinsights_skip_tracking":false,"_monsterinsights_sitenote_active":false,"_monsterinsights_sitenote_note":"","_monsterinsights_sitenote_category":0},"product_brand":[6892],"product_cat":[7233,4594],"product_tag":[26],"giftcard-category":[],"class_list":{"0":"post-57707","1":"product","2":"type-product","3":"status-publish","4":"has-post-thumbnail","6":"product_brand-kotobukiya","7":"product_cat-pre-order","8":"product_cat-rage-of-bahamut","9":"product_tag-pre-order","10":"pa_franchise-rage-of-bahamut","11":"pa_karaktar-dark-angel-olivia","12":"pa_material-pvc-abs","13":"pa_storlek-29-cm","15":"first","16":"instock","17":"taxable","18":"shipping-taxable","19":"purchasable","20":"product-type-simple"},"acf":[],"yoast_head":"<!-- This site is optimized with the Yoast SEO Premium plugin v24.6 (Yoast SEO v27.4) - https:\/\/yoast.com\/product\/yoast-seo-premium-wordpress\/ -->\n<title>Rage of Bahamut Dark Angel Olivia 1\/8 Scale Figure (2nd Rerelease) | Animefigurer.se<\/title>\n<meta name=\"robots\" content=\"index, follow, max-snippet:-1, max-image-preview:large, max-video-preview:-1\" \/>\n<link rel=\"canonical\" href=\"https:\/\/animefigurer.se\/en\/figurer\/rage-of-bahamut\/rage-of-bahamut-dark-angel-olivia-1-8-scale-figure-2nd-rerelease\/\" \/>\n<meta property=\"og:locale\" content=\"en_GB\" \/>\n<meta property=\"og:type\" content=\"article\" \/>\n<meta property=\"og:title\" content=\"Rage of Bahamut Dark Angel Olivia 1\/8 Scale Figure (2nd Rerelease)\" \/>\n<meta property=\"og:description\" content=\"Fr\u00e5n spelet Rage of Bahamut \u00e5terv\u00e4nder Dark Angel Olivia i en ny utg\u00e5va! Olivias stora vingar och den dj\u00e4rva, detaljerade karakt\u00e4rsdesignen har \u00e5tergetts troget av skulpt\u00f6ren Koei Matsumoto. Illustrat\u00f6ren Mushimaro deltog i processen och utvecklade \u00e4ven detaljer som inte fanns i originalkonsten sam\" \/>\n<meta property=\"og:url\" content=\"https:\/\/animefigurer.se\/en\/figurer\/rage-of-bahamut\/rage-of-bahamut-dark-angel-olivia-1-8-scale-figure-2nd-rerelease\/\" \/>\n<meta property=\"og:site_name\" content=\"Animefigurer.se\" \/>\n<meta property=\"article:publisher\" content=\"https:\/\/www.facebook.com\/profile.php?id=61581826539670\" \/>\n<meta property=\"article:modified_time\" content=\"2025-12-21T18:34:11+00:00\" \/>\n<meta property=\"og:image\" content=\"https:\/\/animefigurer.se\/wp-content\/uploads\/2025\/12\/Animefigurer_logowhite.png\" \/>\n\t<meta property=\"og:image:width\" content=\"1890\" \/>\n\t<meta property=\"og:image:height\" content=\"1417\" \/>\n\t<meta property=\"og:image:type\" content=\"image\/png\" \/>\n<meta name=\"twitter:card\" content=\"summary_large_image\" \/>\n<meta name=\"twitter:label1\" content=\"Estimated reading time\" \/>\n\t<meta name=\"twitter:data1\" content=\"1 minute\" \/>\n<script type=\"application\/ld+json\" class=\"yoast-schema-graph\">{\"@context\":\"https:\\\/\\\/schema.org\",\"@graph\":[{\"@type\":\"WebPage\",\"@id\":\"https:\\\/\\\/animefigurer.se\\\/en\\\/figurer\\\/rage-of-bahamut\\\/rage-of-bahamut-dark-angel-olivia-1-8-scale-figure-2nd-rerelease\\\/\",\"url\":\"https:\\\/\\\/animefigurer.se\\\/en\\\/figurer\\\/rage-of-bahamut\\\/rage-of-bahamut-dark-angel-olivia-1-8-scale-figure-2nd-rerelease\\\/\",\"name\":\"Rage of Bahamut Dark Angel Olivia 1\\\/8 Scale Figure (2nd Rerelease) | Animefigurer.se\",\"isPartOf\":{\"@id\":\"https:\\\/\\\/animefigurer.se\\\/#website\"},\"primaryImageOfPage\":{\"@id\":\"https:\\\/\\\/animefigurer.se\\\/en\\\/figurer\\\/rage-of-bahamut\\\/rage-of-bahamut-dark-angel-olivia-1-8-scale-figure-2nd-rerelease\\\/#primaryimage\"},\"image\":{\"@id\":\"https:\\\/\\\/animefigurer.se\\\/en\\\/figurer\\\/rage-of-bahamut\\\/rage-of-bahamut-dark-angel-olivia-1-8-scale-figure-2nd-rerelease\\\/#primaryimage\"},\"thumbnailUrl\":\"https:\\\/\\\/animefigurer.se\\\/wp-content\\\/uploads\\\/2025\\\/10\\\/68b05db84222a.jpeg\",\"datePublished\":\"2025-10-21T09:55:28+00:00\",\"dateModified\":\"2025-12-21T18:34:11+00:00\",\"breadcrumb\":{\"@id\":\"https:\\\/\\\/animefigurer.se\\\/en\\\/figurer\\\/rage-of-bahamut\\\/rage-of-bahamut-dark-angel-olivia-1-8-scale-figure-2nd-rerelease\\\/#breadcrumb\"},\"inLanguage\":\"en-GB\",\"potentialAction\":[{\"@type\":\"ReadAction\",\"target\":[\"https:\\\/\\\/animefigurer.se\\\/en\\\/figurer\\\/rage-of-bahamut\\\/rage-of-bahamut-dark-angel-olivia-1-8-scale-figure-2nd-rerelease\\\/\"]}]},{\"@type\":\"ImageObject\",\"inLanguage\":\"en-GB\",\"@id\":\"https:\\\/\\\/animefigurer.se\\\/en\\\/figurer\\\/rage-of-bahamut\\\/rage-of-bahamut-dark-angel-olivia-1-8-scale-figure-2nd-rerelease\\\/#primaryimage\",\"url\":\"https:\\\/\\\/animefigurer.se\\\/wp-content\\\/uploads\\\/2025\\\/10\\\/68b05db84222a.jpeg\",\"contentUrl\":\"https:\\\/\\\/animefigurer.se\\\/wp-content\\\/uploads\\\/2025\\\/10\\\/68b05db84222a.jpeg\",\"width\":800,\"height\":600},{\"@type\":\"BreadcrumbList\",\"@id\":\"https:\\\/\\\/animefigurer.se\\\/en\\\/figurer\\\/rage-of-bahamut\\\/rage-of-bahamut-dark-angel-olivia-1-8-scale-figure-2nd-rerelease\\\/#breadcrumb\",\"itemListElement\":[{\"@type\":\"ListItem\",\"position\":1,\"name\":\"Home\",\"item\":\"https:\\\/\\\/animefigurer.se\\\/\"},{\"@type\":\"ListItem\",\"position\":2,\"name\":\"Butik\",\"item\":\"https:\\\/\\\/animefigurer.se\\\/figurer\\\/\"},{\"@type\":\"ListItem\",\"position\":3,\"name\":\"Rage of Bahamut Dark Angel Olivia 1\\\/8 Scale Figure (2nd Rerelease)\"}]},{\"@type\":\"WebSite\",\"@id\":\"https:\\\/\\\/animefigurer.se\\\/#website\",\"url\":\"https:\\\/\\\/animefigurer.se\\\/\",\"name\":\"Animefigurer.se\",\"description\":\"Anime figurer fr\u00e5n \u00f6ver 300 olika anime serier med \u00f6ver 9000 produkter | Anime Shop\",\"publisher\":{\"@id\":\"https:\\\/\\\/animefigurer.se\\\/#organization\"},\"potentialAction\":[{\"@type\":\"SearchAction\",\"target\":{\"@type\":\"EntryPoint\",\"urlTemplate\":\"https:\\\/\\\/animefigurer.se\\\/?s={search_term_string}\"},\"query-input\":{\"@type\":\"PropertyValueSpecification\",\"valueRequired\":true,\"valueName\":\"search_term_string\"}}],\"inLanguage\":\"en-GB\"},{\"@type\":\"Organization\",\"@id\":\"https:\\\/\\\/animefigurer.se\\\/#organization\",\"name\":\"Animefigurer.se\",\"alternateName\":\"Anime figurer | Anime shop\",\"url\":\"https:\\\/\\\/animefigurer.se\\\/\",\"logo\":{\"@type\":\"ImageObject\",\"inLanguage\":\"en-GB\",\"@id\":\"https:\\\/\\\/animefigurer.se\\\/#\\\/schema\\\/logo\\\/image\\\/\",\"url\":\"https:\\\/\\\/animefigurer.se\\\/wp-content\\\/uploads\\\/2025\\\/12\\\/Animefigurer_logowhite.png\",\"contentUrl\":\"https:\\\/\\\/animefigurer.se\\\/wp-content\\\/uploads\\\/2025\\\/12\\\/Animefigurer_logowhite.png\",\"width\":1890,\"height\":1417,\"caption\":\"Animefigurer.se\"},\"image\":{\"@id\":\"https:\\\/\\\/animefigurer.se\\\/#\\\/schema\\\/logo\\\/image\\\/\"},\"sameAs\":[\"https:\\\/\\\/www.facebook.com\\\/profile.php?id=61581826539670\",\"https:\\\/\\\/www.instagram.com\\\/animefigurer.se\\\/\"],\"email\":\"info@animefigurer.se\"}]}<\/script>\n<!-- \/ Yoast SEO Premium plugin. -->","yoast_head_json":{"title":"Rage of Bahamut Dark Angel Olivia 1\/8 Scale Figure (2nd Rerelease) | Animefigurer.se","robots":{"index":"index","follow":"follow","max-snippet":"max-snippet:-1","max-image-preview":"max-image-preview:large","max-video-preview":"max-video-preview:-1"},"canonical":"https:\/\/animefigurer.se\/en\/figurer\/rage-of-bahamut\/rage-of-bahamut-dark-angel-olivia-1-8-scale-figure-2nd-rerelease\/","og_locale":"en_GB","og_type":"article","og_title":"Rage of Bahamut Dark Angel Olivia 1\/8 Scale Figure (2nd Rerelease)","og_description":"Fr\u00e5n spelet Rage of Bahamut \u00e5terv\u00e4nder Dark Angel Olivia i en ny utg\u00e5va! Olivias stora vingar och den dj\u00e4rva, detaljerade karakt\u00e4rsdesignen har \u00e5tergetts troget av skulpt\u00f6ren Koei Matsumoto. Illustrat\u00f6ren Mushimaro deltog i processen och utvecklade \u00e4ven detaljer som inte fanns i originalkonsten sam","og_url":"https:\/\/animefigurer.se\/en\/figurer\/rage-of-bahamut\/rage-of-bahamut-dark-angel-olivia-1-8-scale-figure-2nd-rerelease\/","og_site_name":"Animefigurer.se","article_publisher":"https:\/\/www.facebook.com\/profile.php?id=61581826539670","article_modified_time":"2025-12-21T18:34:11+00:00","og_image":[{"width":1890,"height":1417,"url":"https:\/\/animefigurer.se\/wp-content\/uploads\/2025\/12\/Animefigurer_logowhite.png","type":"image\/png"}],"twitter_card":"summary_large_image","twitter_misc":{"Estimated reading time":"1 minute"},"schema":{"@context":"https:\/\/schema.org","@graph":[{"@type":"WebPage","@id":"https:\/\/animefigurer.se\/en\/figurer\/rage-of-bahamut\/rage-of-bahamut-dark-angel-olivia-1-8-scale-figure-2nd-rerelease\/","url":"https:\/\/animefigurer.se\/en\/figurer\/rage-of-bahamut\/rage-of-bahamut-dark-angel-olivia-1-8-scale-figure-2nd-rerelease\/","name":"Rage of Bahamut Dark Angel Olivia 1\/8 Scale Figure (2nd Rerelease) | Animefigurer.se","isPartOf":{"@id":"https:\/\/animefigurer.se\/#website"},"primaryImageOfPage":{"@id":"https:\/\/animefigurer.se\/en\/figurer\/rage-of-bahamut\/rage-of-bahamut-dark-angel-olivia-1-8-scale-figure-2nd-rerelease\/#primaryimage"},"image":{"@id":"https:\/\/animefigurer.se\/en\/figurer\/rage-of-bahamut\/rage-of-bahamut-dark-angel-olivia-1-8-scale-figure-2nd-rerelease\/#primaryimage"},"thumbnailUrl":"https:\/\/animefigurer.se\/wp-content\/uploads\/2025\/10\/68b05db84222a.jpeg","datePublished":"2025-10-21T09:55:28+00:00","dateModified":"2025-12-21T18:34:11+00:00","breadcrumb":{"@id":"https:\/\/animefigurer.se\/en\/figurer\/rage-of-bahamut\/rage-of-bahamut-dark-angel-olivia-1-8-scale-figure-2nd-rerelease\/#breadcrumb"},"inLanguage":"en-GB","potentialAction":[{"@type":"ReadAction","target":["https:\/\/animefigurer.se\/en\/figurer\/rage-of-bahamut\/rage-of-bahamut-dark-angel-olivia-1-8-scale-figure-2nd-rerelease\/"]}]},{"@type":"ImageObject","inLanguage":"en-GB","@id":"https:\/\/animefigurer.se\/en\/figurer\/rage-of-bahamut\/rage-of-bahamut-dark-angel-olivia-1-8-scale-figure-2nd-rerelease\/#primaryimage","url":"https:\/\/animefigurer.se\/wp-content\/uploads\/2025\/10\/68b05db84222a.jpeg","contentUrl":"https:\/\/animefigurer.se\/wp-content\/uploads\/2025\/10\/68b05db84222a.jpeg","width":800,"height":600},{"@type":"BreadcrumbList","@id":"https:\/\/animefigurer.se\/en\/figurer\/rage-of-bahamut\/rage-of-bahamut-dark-angel-olivia-1-8-scale-figure-2nd-rerelease\/#breadcrumb","itemListElement":[{"@type":"ListItem","position":1,"name":"Home","item":"https:\/\/animefigurer.se\/"},{"@type":"ListItem","position":2,"name":"Butik","item":"https:\/\/animefigurer.se\/figurer\/"},{"@type":"ListItem","position":3,"name":"Rage of Bahamut Dark Angel Olivia 1\/8 Scale Figure (2nd Rerelease)"}]},{"@type":"WebSite","@id":"https:\/\/animefigurer.se\/#website","url":"https:\/\/animefigurer.se\/","name":"Animefigurer.se","description":"Anime figures from over 300 different anime series with over 9000 products | Anime Shop","publisher":{"@id":"https:\/\/animefigurer.se\/#organization"},"potentialAction":[{"@type":"SearchAction","target":{"@type":"EntryPoint","urlTemplate":"https:\/\/animefigurer.se\/?s={search_term_string}"},"query-input":{"@type":"PropertyValueSpecification","valueRequired":true,"valueName":"search_term_string"}}],"inLanguage":"en-GB"},{"@type":"Organization","@id":"https:\/\/animefigurer.se\/#organization","name":"Animefigurer.se","alternateName":"Anime figurer | Anime shop","url":"https:\/\/animefigurer.se\/","logo":{"@type":"ImageObject","inLanguage":"en-GB","@id":"https:\/\/animefigurer.se\/#\/schema\/logo\/image\/","url":"https:\/\/animefigurer.se\/wp-content\/uploads\/2025\/12\/Animefigurer_logowhite.png","contentUrl":"https:\/\/animefigurer.se\/wp-content\/uploads\/2025\/12\/Animefigurer_logowhite.png","width":1890,"height":1417,"caption":"Animefigurer.se"},"image":{"@id":"https:\/\/animefigurer.se\/#\/schema\/logo\/image\/"},"sameAs":["https:\/\/www.facebook.com\/profile.php?id=61581826539670","https:\/\/www.instagram.com\/animefigurer.se\/"],"email":"info@animefigurer.se"}]}},"_links":{"self":[{"href":"https:\/\/animefigurer.se\/en\/wp-json\/wp\/v2\/product\/57707","targetHints":{"allow":["GET"]}}],"collection":[{"href":"https:\/\/animefigurer.se\/en\/wp-json\/wp\/v2\/product"}],"about":[{"href":"https:\/\/animefigurer.se\/en\/wp-json\/wp\/v2\/types\/product"}],"replies":[{"embeddable":true,"href":"https:\/\/animefigurer.se\/en\/wp-json\/wp\/v2\/comments?post=57707"}],"wp:featuredmedia":[{"embeddable":true,"href":"https:\/\/animefigurer.se\/en\/wp-json\/wp\/v2\/media\/57708"}],"wp:attachment":[{"href":"https:\/\/animefigurer.se\/en\/wp-json\/wp\/v2\/media?parent=57707"}],"wp:term":[{"taxonomy":"product_brand","embeddable":true,"href":"https:\/\/animefigurer.se\/en\/wp-json\/wp\/v2\/product_brand?post=57707"},{"taxonomy":"product_cat","embeddable":true,"href":"https:\/\/animefigurer.se\/en\/wp-json\/wp\/v2\/product_cat?post=57707"},{"taxonomy":"product_tag","embeddable":true,"href":"https:\/\/animefigurer.se\/en\/wp-json\/wp\/v2\/product_tag?post=57707"},{"taxonomy":"giftcard-category","embeddable":true,"href":"https:\/\/animefigurer.se\/en\/wp-json\/wp\/v2\/giftcard-category?post=57707"}],"curies":[{"name":"wp","href":"https:\/\/api.w.org\/{rel}","templated":true}]}}