{"id":57649,"date":"2025-10-21T11:55:01","date_gmt":"2025-10-21T09:55:01","guid":{"rendered":"https:\/\/animefigurer.se\/produkt\/puniru-is-a-kawaii-slime-nendoroid-basic-puniru\/"},"modified":"2026-04-06T14:02:50","modified_gmt":"2026-04-06T12:02:50","slug":"puniru-is-a-kawaii-slime-nendoroid-basic-puniru","status":"publish","type":"product","link":"https:\/\/animefigurer.se\/en\/figurer\/puniru-is-a-kawaii-slime\/puniru-is-a-kawaii-slime-nendoroid-basic-puniru\/","title":{"rendered":"Puniru is a Kawaii Slime Nendoroid Basic Puniru"},"content":{"rendered":"<p>Fr\u00e5n serien PUNIRU: A KAWAII SLIME kommer en Nendoroid [Basic] av Puniru!<\/p>\n<p>Vad \u00e4r Nendoroid [Basic]? Nendoroid [Basic] \u00e4r en enklare variant som inte inkluderar frontplattor och vissa valfria delar, vilket ger ett l\u00e4gre pris och snabbare produktionstid. De beh\u00e5ller samma r\u00f6relsem\u00f6jligheter som vanliga Nendoroids och kan dela utbytbara hand-, ben-, huvud- och ansiktsdelar med andra Nendoroids.<\/p>\n","protected":false},"excerpt":{"rendered":"<p>Fr\u00e5n serien PUNIRU: A KAWAII SLIME kommer en Nendoroid [Basic] av Puniru!<\/p>\n<p>Vad \u00e4r Nendoroid [Basic]? Nendoroid [Basic] \u00e4r en enklare variant som inte inkluderar frontplattor och vissa valfria delar, vilket ger ett l\u00e4gre pris och snabbare produktionstid. De beh\u00e5ller samma r\u00f6relsem\u00f6jligheter som vanli<\/p>\n","protected":false},"featured_media":57650,"comment_status":"closed","ping_status":"closed","template":"","meta":{"_acf_changed":false,"_monsterinsights_skip_tracking":false,"_monsterinsights_sitenote_active":false,"_monsterinsights_sitenote_note":"","_monsterinsights_sitenote_category":0},"product_brand":[6890],"product_cat":[4586],"product_tag":[24],"giftcard-category":[],"class_list":{"0":"post-57649","1":"product","2":"type-product","3":"status-publish","4":"has-post-thumbnail","6":"product_brand-good-smile-company","7":"product_cat-puniru-is-a-kawaii-slime","8":"product_tag-2-3-weeks","9":"pa_franchise-puniru-is-a-kawaii-slime","10":"pa_karaktar-puniru","11":"pa_material-pvc-abs","12":"pa_produktserie-nendoroid","13":"pa_storlek-10-cm","15":"first","16":"instock","17":"taxable","18":"shipping-taxable","19":"purchasable","20":"product-type-simple"},"acf":[],"yoast_head":"<!-- This site is optimized with the Yoast SEO Premium plugin v24.6 (Yoast SEO v27.4) - https:\/\/yoast.com\/product\/yoast-seo-premium-wordpress\/ -->\n<title>Puniru is a Kawaii Slime Nendoroid Basic Puniru | Animefigurer.se<\/title>\n<meta name=\"robots\" content=\"index, follow, max-snippet:-1, max-image-preview:large, max-video-preview:-1\" \/>\n<link rel=\"canonical\" href=\"https:\/\/animefigurer.se\/en\/figurer\/puniru-is-a-kawaii-slime\/puniru-is-a-kawaii-slime-nendoroid-basic-puniru\/\" \/>\n<meta property=\"og:locale\" content=\"en_GB\" \/>\n<meta property=\"og:type\" content=\"article\" \/>\n<meta property=\"og:title\" content=\"Puniru is a Kawaii Slime Nendoroid Basic Puniru\" \/>\n<meta property=\"og:description\" content=\"Fr\u00e5n serien PUNIRU: A KAWAII SLIME kommer en Nendoroid [Basic] av Puniru!  Vad \u00e4r Nendoroid [Basic]? Nendoroid [Basic] \u00e4r en enklare variant som inte inkluderar frontplattor och vissa valfria delar, vilket ger ett l\u00e4gre pris och snabbare produktionstid. De beh\u00e5ller samma r\u00f6relsem\u00f6jligheter som vanli\" \/>\n<meta property=\"og:url\" content=\"https:\/\/animefigurer.se\/en\/figurer\/puniru-is-a-kawaii-slime\/puniru-is-a-kawaii-slime-nendoroid-basic-puniru\/\" \/>\n<meta property=\"og:site_name\" content=\"Animefigurer.se\" \/>\n<meta property=\"article:publisher\" content=\"https:\/\/www.facebook.com\/profile.php?id=61581826539670\" \/>\n<meta property=\"article:modified_time\" content=\"2026-04-06T12:02:50+00:00\" \/>\n<meta property=\"og:image\" content=\"https:\/\/animefigurer.se\/wp-content\/uploads\/2025\/12\/Animefigurer_logowhite.png\" \/>\n\t<meta property=\"og:image:width\" content=\"1890\" \/>\n\t<meta property=\"og:image:height\" content=\"1417\" \/>\n\t<meta property=\"og:image:type\" content=\"image\/png\" \/>\n<meta name=\"twitter:card\" content=\"summary_large_image\" \/>\n<meta name=\"twitter:label1\" content=\"Estimated reading time\" \/>\n\t<meta name=\"twitter:data1\" content=\"1 minute\" \/>\n<script type=\"application\/ld+json\" class=\"yoast-schema-graph\">{\"@context\":\"https:\\\/\\\/schema.org\",\"@graph\":[{\"@type\":\"WebPage\",\"@id\":\"https:\\\/\\\/animefigurer.se\\\/figurer\\\/puniru-is-a-kawaii-slime\\\/puniru-is-a-kawaii-slime-nendoroid-basic-puniru\\\/\",\"url\":\"https:\\\/\\\/animefigurer.se\\\/figurer\\\/puniru-is-a-kawaii-slime\\\/puniru-is-a-kawaii-slime-nendoroid-basic-puniru\\\/\",\"name\":\"Puniru is a Kawaii Slime Nendoroid Basic Puniru | Animefigurer.se\",\"isPartOf\":{\"@id\":\"https:\\\/\\\/animefigurer.se\\\/#website\"},\"primaryImageOfPage\":{\"@id\":\"https:\\\/\\\/animefigurer.se\\\/figurer\\\/puniru-is-a-kawaii-slime\\\/puniru-is-a-kawaii-slime-nendoroid-basic-puniru\\\/#primaryimage\"},\"image\":{\"@id\":\"https:\\\/\\\/animefigurer.se\\\/figurer\\\/puniru-is-a-kawaii-slime\\\/puniru-is-a-kawaii-slime-nendoroid-basic-puniru\\\/#primaryimage\"},\"thumbnailUrl\":\"https:\\\/\\\/animefigurer.se\\\/wp-content\\\/uploads\\\/2025\\\/10\\\/680a0af977886.jpeg\",\"datePublished\":\"2025-10-21T09:55:01+00:00\",\"dateModified\":\"2026-04-06T12:02:50+00:00\",\"breadcrumb\":{\"@id\":\"https:\\\/\\\/animefigurer.se\\\/figurer\\\/puniru-is-a-kawaii-slime\\\/puniru-is-a-kawaii-slime-nendoroid-basic-puniru\\\/#breadcrumb\"},\"inLanguage\":\"en-GB\",\"potentialAction\":[{\"@type\":\"ReadAction\",\"target\":[\"https:\\\/\\\/animefigurer.se\\\/figurer\\\/puniru-is-a-kawaii-slime\\\/puniru-is-a-kawaii-slime-nendoroid-basic-puniru\\\/\"]}]},{\"@type\":\"ImageObject\",\"inLanguage\":\"en-GB\",\"@id\":\"https:\\\/\\\/animefigurer.se\\\/figurer\\\/puniru-is-a-kawaii-slime\\\/puniru-is-a-kawaii-slime-nendoroid-basic-puniru\\\/#primaryimage\",\"url\":\"https:\\\/\\\/animefigurer.se\\\/wp-content\\\/uploads\\\/2025\\\/10\\\/680a0af977886.jpeg\",\"contentUrl\":\"https:\\\/\\\/animefigurer.se\\\/wp-content\\\/uploads\\\/2025\\\/10\\\/680a0af977886.jpeg\",\"width\":750,\"height\":1000},{\"@type\":\"BreadcrumbList\",\"@id\":\"https:\\\/\\\/animefigurer.se\\\/figurer\\\/puniru-is-a-kawaii-slime\\\/puniru-is-a-kawaii-slime-nendoroid-basic-puniru\\\/#breadcrumb\",\"itemListElement\":[{\"@type\":\"ListItem\",\"position\":1,\"name\":\"Home\",\"item\":\"https:\\\/\\\/animefigurer.se\\\/\"},{\"@type\":\"ListItem\",\"position\":2,\"name\":\"Butik\",\"item\":\"https:\\\/\\\/animefigurer.se\\\/figurer\\\/\"},{\"@type\":\"ListItem\",\"position\":3,\"name\":\"Puniru is a Kawaii Slime Nendoroid Basic Puniru\"}]},{\"@type\":\"WebSite\",\"@id\":\"https:\\\/\\\/animefigurer.se\\\/#website\",\"url\":\"https:\\\/\\\/animefigurer.se\\\/\",\"name\":\"Animefigurer.se\",\"description\":\"Anime figurer fr\u00e5n \u00f6ver 300 olika anime serier med \u00f6ver 9000 produkter | Anime Shop\",\"publisher\":{\"@id\":\"https:\\\/\\\/animefigurer.se\\\/#organization\"},\"potentialAction\":[{\"@type\":\"SearchAction\",\"target\":{\"@type\":\"EntryPoint\",\"urlTemplate\":\"https:\\\/\\\/animefigurer.se\\\/?s={search_term_string}\"},\"query-input\":{\"@type\":\"PropertyValueSpecification\",\"valueRequired\":true,\"valueName\":\"search_term_string\"}}],\"inLanguage\":\"en-GB\"},{\"@type\":\"Organization\",\"@id\":\"https:\\\/\\\/animefigurer.se\\\/#organization\",\"name\":\"Animefigurer.se\",\"alternateName\":\"Anime figurer | Anime shop\",\"url\":\"https:\\\/\\\/animefigurer.se\\\/\",\"logo\":{\"@type\":\"ImageObject\",\"inLanguage\":\"en-GB\",\"@id\":\"https:\\\/\\\/animefigurer.se\\\/#\\\/schema\\\/logo\\\/image\\\/\",\"url\":\"https:\\\/\\\/animefigurer.se\\\/wp-content\\\/uploads\\\/2025\\\/12\\\/Animefigurer_logowhite.png\",\"contentUrl\":\"https:\\\/\\\/animefigurer.se\\\/wp-content\\\/uploads\\\/2025\\\/12\\\/Animefigurer_logowhite.png\",\"width\":1890,\"height\":1417,\"caption\":\"Animefigurer.se\"},\"image\":{\"@id\":\"https:\\\/\\\/animefigurer.se\\\/#\\\/schema\\\/logo\\\/image\\\/\"},\"sameAs\":[\"https:\\\/\\\/www.facebook.com\\\/profile.php?id=61581826539670\",\"https:\\\/\\\/www.instagram.com\\\/animefigurer.se\\\/\"],\"email\":\"info@animefigurer.se\"}]}<\/script>\n<!-- \/ Yoast SEO Premium plugin. -->","yoast_head_json":{"title":"Puniru is a Kawaii Slime Nendoroid Basic Puniru | Animefigurer.se","robots":{"index":"index","follow":"follow","max-snippet":"max-snippet:-1","max-image-preview":"max-image-preview:large","max-video-preview":"max-video-preview:-1"},"canonical":"https:\/\/animefigurer.se\/en\/figurer\/puniru-is-a-kawaii-slime\/puniru-is-a-kawaii-slime-nendoroid-basic-puniru\/","og_locale":"en_GB","og_type":"article","og_title":"Puniru is a Kawaii Slime Nendoroid Basic Puniru","og_description":"Fr\u00e5n serien PUNIRU: A KAWAII SLIME kommer en Nendoroid [Basic] av Puniru!  Vad \u00e4r Nendoroid [Basic]? Nendoroid [Basic] \u00e4r en enklare variant som inte inkluderar frontplattor och vissa valfria delar, vilket ger ett l\u00e4gre pris och snabbare produktionstid. De beh\u00e5ller samma r\u00f6relsem\u00f6jligheter som vanli","og_url":"https:\/\/animefigurer.se\/en\/figurer\/puniru-is-a-kawaii-slime\/puniru-is-a-kawaii-slime-nendoroid-basic-puniru\/","og_site_name":"Animefigurer.se","article_publisher":"https:\/\/www.facebook.com\/profile.php?id=61581826539670","article_modified_time":"2026-04-06T12:02:50+00:00","og_image":[{"width":1890,"height":1417,"url":"https:\/\/animefigurer.se\/wp-content\/uploads\/2025\/12\/Animefigurer_logowhite.png","type":"image\/png"}],"twitter_card":"summary_large_image","twitter_misc":{"Estimated reading time":"1 minute"},"schema":{"@context":"https:\/\/schema.org","@graph":[{"@type":"WebPage","@id":"https:\/\/animefigurer.se\/figurer\/puniru-is-a-kawaii-slime\/puniru-is-a-kawaii-slime-nendoroid-basic-puniru\/","url":"https:\/\/animefigurer.se\/figurer\/puniru-is-a-kawaii-slime\/puniru-is-a-kawaii-slime-nendoroid-basic-puniru\/","name":"Puniru is a Kawaii Slime Nendoroid Basic Puniru | Animefigurer.se","isPartOf":{"@id":"https:\/\/animefigurer.se\/#website"},"primaryImageOfPage":{"@id":"https:\/\/animefigurer.se\/figurer\/puniru-is-a-kawaii-slime\/puniru-is-a-kawaii-slime-nendoroid-basic-puniru\/#primaryimage"},"image":{"@id":"https:\/\/animefigurer.se\/figurer\/puniru-is-a-kawaii-slime\/puniru-is-a-kawaii-slime-nendoroid-basic-puniru\/#primaryimage"},"thumbnailUrl":"https:\/\/animefigurer.se\/wp-content\/uploads\/2025\/10\/680a0af977886.jpeg","datePublished":"2025-10-21T09:55:01+00:00","dateModified":"2026-04-06T12:02:50+00:00","breadcrumb":{"@id":"https:\/\/animefigurer.se\/figurer\/puniru-is-a-kawaii-slime\/puniru-is-a-kawaii-slime-nendoroid-basic-puniru\/#breadcrumb"},"inLanguage":"en-GB","potentialAction":[{"@type":"ReadAction","target":["https:\/\/animefigurer.se\/figurer\/puniru-is-a-kawaii-slime\/puniru-is-a-kawaii-slime-nendoroid-basic-puniru\/"]}]},{"@type":"ImageObject","inLanguage":"en-GB","@id":"https:\/\/animefigurer.se\/figurer\/puniru-is-a-kawaii-slime\/puniru-is-a-kawaii-slime-nendoroid-basic-puniru\/#primaryimage","url":"https:\/\/animefigurer.se\/wp-content\/uploads\/2025\/10\/680a0af977886.jpeg","contentUrl":"https:\/\/animefigurer.se\/wp-content\/uploads\/2025\/10\/680a0af977886.jpeg","width":750,"height":1000},{"@type":"BreadcrumbList","@id":"https:\/\/animefigurer.se\/figurer\/puniru-is-a-kawaii-slime\/puniru-is-a-kawaii-slime-nendoroid-basic-puniru\/#breadcrumb","itemListElement":[{"@type":"ListItem","position":1,"name":"Home","item":"https:\/\/animefigurer.se\/"},{"@type":"ListItem","position":2,"name":"Butik","item":"https:\/\/animefigurer.se\/figurer\/"},{"@type":"ListItem","position":3,"name":"Puniru is a Kawaii Slime Nendoroid Basic Puniru"}]},{"@type":"WebSite","@id":"https:\/\/animefigurer.se\/#website","url":"https:\/\/animefigurer.se\/","name":"Animefigurer.se","description":"Anime figures from over 300 different anime series with over 9000 products | Anime Shop","publisher":{"@id":"https:\/\/animefigurer.se\/#organization"},"potentialAction":[{"@type":"SearchAction","target":{"@type":"EntryPoint","urlTemplate":"https:\/\/animefigurer.se\/?s={search_term_string}"},"query-input":{"@type":"PropertyValueSpecification","valueRequired":true,"valueName":"search_term_string"}}],"inLanguage":"en-GB"},{"@type":"Organization","@id":"https:\/\/animefigurer.se\/#organization","name":"Animefigurer.se","alternateName":"Anime figurer | Anime shop","url":"https:\/\/animefigurer.se\/","logo":{"@type":"ImageObject","inLanguage":"en-GB","@id":"https:\/\/animefigurer.se\/#\/schema\/logo\/image\/","url":"https:\/\/animefigurer.se\/wp-content\/uploads\/2025\/12\/Animefigurer_logowhite.png","contentUrl":"https:\/\/animefigurer.se\/wp-content\/uploads\/2025\/12\/Animefigurer_logowhite.png","width":1890,"height":1417,"caption":"Animefigurer.se"},"image":{"@id":"https:\/\/animefigurer.se\/#\/schema\/logo\/image\/"},"sameAs":["https:\/\/www.facebook.com\/profile.php?id=61581826539670","https:\/\/www.instagram.com\/animefigurer.se\/"],"email":"info@animefigurer.se"}]}},"_links":{"self":[{"href":"https:\/\/animefigurer.se\/en\/wp-json\/wp\/v2\/product\/57649","targetHints":{"allow":["GET"]}}],"collection":[{"href":"https:\/\/animefigurer.se\/en\/wp-json\/wp\/v2\/product"}],"about":[{"href":"https:\/\/animefigurer.se\/en\/wp-json\/wp\/v2\/types\/product"}],"replies":[{"embeddable":true,"href":"https:\/\/animefigurer.se\/en\/wp-json\/wp\/v2\/comments?post=57649"}],"wp:featuredmedia":[{"embeddable":true,"href":"https:\/\/animefigurer.se\/en\/wp-json\/wp\/v2\/media\/57650"}],"wp:attachment":[{"href":"https:\/\/animefigurer.se\/en\/wp-json\/wp\/v2\/media?parent=57649"}],"wp:term":[{"taxonomy":"product_brand","embeddable":true,"href":"https:\/\/animefigurer.se\/en\/wp-json\/wp\/v2\/product_brand?post=57649"},{"taxonomy":"product_cat","embeddable":true,"href":"https:\/\/animefigurer.se\/en\/wp-json\/wp\/v2\/product_cat?post=57649"},{"taxonomy":"product_tag","embeddable":true,"href":"https:\/\/animefigurer.se\/en\/wp-json\/wp\/v2\/product_tag?post=57649"},{"taxonomy":"giftcard-category","embeddable":true,"href":"https:\/\/animefigurer.se\/en\/wp-json\/wp\/v2\/giftcard-category?post=57649"}],"curies":[{"name":"wp","href":"https:\/\/api.w.org\/{rel}","templated":true}]}}