{"id":57137,"date":"2025-10-21T11:48:26","date_gmt":"2025-10-21T09:48:26","guid":{"rendered":"https:\/\/animefigurer.se\/produkt\/pokemon-terrarium-collection-vol-12-boxed-set-of-6-capsules\/"},"modified":"2025-12-21T19:34:05","modified_gmt":"2025-12-21T18:34:05","slug":"pokemon-terrarium-collection-vol-12-boxed-set-of-6-capsules","status":"publish","type":"product","link":"https:\/\/animefigurer.se\/en\/figurer\/pokemon\/pokemon-terrarium-collection-vol-12-boxed-set-of-6-capsules\/","title":{"rendered":"Pokemon Terrarium Collection Vol.12 Boxed Set of 6 Capsules"},"content":{"rendered":"<p>Re-Ment is releasing another Pok\u00e9mon Swing Vignette series featuring characters that fly and hover! The figures are designed for impressive display with their swinging motion and sleek bases. The series consists of six different scenes; you get one of each.<\/p>","protected":false},"excerpt":{"rendered":"<p>Re-Ment is releasing another Pok\u00e9mon Swing Vignette series featuring characters that fly and hover! The figures are designed for impressive display with their swinging motion and sleek bases. The series consists of six different scenes; you get one of each.<\/p>","protected":false},"featured_media":57138,"comment_status":"closed","ping_status":"open","template":"","meta":{"_acf_changed":false,"_monsterinsights_skip_tracking":false,"_monsterinsights_sitenote_active":false,"_monsterinsights_sitenote_note":"","_monsterinsights_sitenote_category":0},"product_brand":[7119],"product_cat":[4492],"product_tag":[24],"giftcard-category":[],"class_list":{"0":"post-57137","1":"product","2":"type-product","3":"status-publish","4":"has-post-thumbnail","6":"product_brand-re-ment","7":"product_cat-pokemon","8":"product_tag-2-3-weeks","9":"pa_franchise-pokemon","10":"pa_material-plastic","12":"first","13":"instock","14":"taxable","15":"shipping-taxable","16":"purchasable","17":"product-type-simple"},"acf":[],"yoast_head":"<!-- This site is optimized with the Yoast SEO Premium plugin v24.6 (Yoast SEO v27.4) - https:\/\/yoast.com\/product\/yoast-seo-premium-wordpress\/ -->\n<title>Pokemon Terrarium Collection Vol.12 Boxed Set of 6 Capsules | Animefigurer.se<\/title>\n<meta name=\"robots\" content=\"index, follow, max-snippet:-1, max-image-preview:large, max-video-preview:-1\" \/>\n<link rel=\"canonical\" href=\"https:\/\/animefigurer.se\/en\/figurer\/pokemon\/pokemon-terrarium-collection-vol-12-boxed-set-of-6-capsules\/\" \/>\n<meta property=\"og:locale\" content=\"en_GB\" \/>\n<meta property=\"og:type\" content=\"article\" \/>\n<meta property=\"og:title\" content=\"Pokemon Terrarium Collection Vol.12 Boxed Set of 6 Capsules\" \/>\n<meta property=\"og:description\" content=\"Re-Ment sl\u00e4pper \u00e4nnu en Pok\u00e9mon Swing Vignette-serie med karakt\u00e4rer som flyger och sv\u00e4var! Figurerna \u00e4r designade f\u00f6r effektfull visning med sin svajande r\u00f6relse och fina baser. Serien best\u00e5r av sex olika scener; du f\u00e5r en av varje.\" \/>\n<meta property=\"og:url\" content=\"https:\/\/animefigurer.se\/en\/figurer\/pokemon\/pokemon-terrarium-collection-vol-12-boxed-set-of-6-capsules\/\" \/>\n<meta property=\"og:site_name\" content=\"Animefigurer.se\" \/>\n<meta property=\"article:publisher\" content=\"https:\/\/www.facebook.com\/profile.php?id=61581826539670\" \/>\n<meta property=\"article:modified_time\" content=\"2025-12-21T18:34:05+00:00\" \/>\n<meta property=\"og:image\" content=\"https:\/\/animefigurer.se\/wp-content\/uploads\/2025\/12\/Animefigurer_logowhite.png\" \/>\n\t<meta property=\"og:image:width\" content=\"1890\" \/>\n\t<meta property=\"og:image:height\" content=\"1417\" \/>\n\t<meta property=\"og:image:type\" content=\"image\/png\" \/>\n<meta name=\"twitter:card\" content=\"summary_large_image\" \/>\n<script type=\"application\/ld+json\" class=\"yoast-schema-graph\">{\"@context\":\"https:\\\/\\\/schema.org\",\"@graph\":[{\"@type\":\"WebPage\",\"@id\":\"https:\\\/\\\/animefigurer.se\\\/en\\\/figurer\\\/pokemon\\\/pokemon-terrarium-collection-vol-12-boxed-set-of-6-capsules\\\/\",\"url\":\"https:\\\/\\\/animefigurer.se\\\/en\\\/figurer\\\/pokemon\\\/pokemon-terrarium-collection-vol-12-boxed-set-of-6-capsules\\\/\",\"name\":\"Pokemon Terrarium Collection Vol.12 Boxed Set of 6 Capsules | Animefigurer.se\",\"isPartOf\":{\"@id\":\"https:\\\/\\\/animefigurer.se\\\/#website\"},\"primaryImageOfPage\":{\"@id\":\"https:\\\/\\\/animefigurer.se\\\/en\\\/figurer\\\/pokemon\\\/pokemon-terrarium-collection-vol-12-boxed-set-of-6-capsules\\\/#primaryimage\"},\"image\":{\"@id\":\"https:\\\/\\\/animefigurer.se\\\/en\\\/figurer\\\/pokemon\\\/pokemon-terrarium-collection-vol-12-boxed-set-of-6-capsules\\\/#primaryimage\"},\"thumbnailUrl\":\"https:\\\/\\\/animefigurer.se\\\/wp-content\\\/uploads\\\/2025\\\/10\\\/689cc8b0b44ec.jpeg\",\"datePublished\":\"2025-10-21T09:48:26+00:00\",\"dateModified\":\"2025-12-21T18:34:05+00:00\",\"breadcrumb\":{\"@id\":\"https:\\\/\\\/animefigurer.se\\\/en\\\/figurer\\\/pokemon\\\/pokemon-terrarium-collection-vol-12-boxed-set-of-6-capsules\\\/#breadcrumb\"},\"inLanguage\":\"en-GB\",\"potentialAction\":[{\"@type\":\"ReadAction\",\"target\":[\"https:\\\/\\\/animefigurer.se\\\/en\\\/figurer\\\/pokemon\\\/pokemon-terrarium-collection-vol-12-boxed-set-of-6-capsules\\\/\"]}]},{\"@type\":\"ImageObject\",\"inLanguage\":\"en-GB\",\"@id\":\"https:\\\/\\\/animefigurer.se\\\/en\\\/figurer\\\/pokemon\\\/pokemon-terrarium-collection-vol-12-boxed-set-of-6-capsules\\\/#primaryimage\",\"url\":\"https:\\\/\\\/animefigurer.se\\\/wp-content\\\/uploads\\\/2025\\\/10\\\/689cc8b0b44ec.jpeg\",\"contentUrl\":\"https:\\\/\\\/animefigurer.se\\\/wp-content\\\/uploads\\\/2025\\\/10\\\/689cc8b0b44ec.jpeg\",\"width\":971,\"height\":971},{\"@type\":\"BreadcrumbList\",\"@id\":\"https:\\\/\\\/animefigurer.se\\\/en\\\/figurer\\\/pokemon\\\/pokemon-terrarium-collection-vol-12-boxed-set-of-6-capsules\\\/#breadcrumb\",\"itemListElement\":[{\"@type\":\"ListItem\",\"position\":1,\"name\":\"Home\",\"item\":\"https:\\\/\\\/animefigurer.se\\\/\"},{\"@type\":\"ListItem\",\"position\":2,\"name\":\"Butik\",\"item\":\"https:\\\/\\\/animefigurer.se\\\/figurer\\\/\"},{\"@type\":\"ListItem\",\"position\":3,\"name\":\"Pokemon Terrarium Collection Vol.12 Boxed Set of 6 Capsules\"}]},{\"@type\":\"WebSite\",\"@id\":\"https:\\\/\\\/animefigurer.se\\\/#website\",\"url\":\"https:\\\/\\\/animefigurer.se\\\/\",\"name\":\"Animefigurer.se\",\"description\":\"Anime figurer fr\u00e5n \u00f6ver 300 olika anime serier med \u00f6ver 9000 produkter | Anime Shop\",\"publisher\":{\"@id\":\"https:\\\/\\\/animefigurer.se\\\/#organization\"},\"potentialAction\":[{\"@type\":\"SearchAction\",\"target\":{\"@type\":\"EntryPoint\",\"urlTemplate\":\"https:\\\/\\\/animefigurer.se\\\/?s={search_term_string}\"},\"query-input\":{\"@type\":\"PropertyValueSpecification\",\"valueRequired\":true,\"valueName\":\"search_term_string\"}}],\"inLanguage\":\"en-GB\"},{\"@type\":\"Organization\",\"@id\":\"https:\\\/\\\/animefigurer.se\\\/#organization\",\"name\":\"Animefigurer.se\",\"alternateName\":\"Anime figurer | Anime shop\",\"url\":\"https:\\\/\\\/animefigurer.se\\\/\",\"logo\":{\"@type\":\"ImageObject\",\"inLanguage\":\"en-GB\",\"@id\":\"https:\\\/\\\/animefigurer.se\\\/#\\\/schema\\\/logo\\\/image\\\/\",\"url\":\"https:\\\/\\\/animefigurer.se\\\/wp-content\\\/uploads\\\/2025\\\/12\\\/Animefigurer_logowhite.png\",\"contentUrl\":\"https:\\\/\\\/animefigurer.se\\\/wp-content\\\/uploads\\\/2025\\\/12\\\/Animefigurer_logowhite.png\",\"width\":1890,\"height\":1417,\"caption\":\"Animefigurer.se\"},\"image\":{\"@id\":\"https:\\\/\\\/animefigurer.se\\\/#\\\/schema\\\/logo\\\/image\\\/\"},\"sameAs\":[\"https:\\\/\\\/www.facebook.com\\\/profile.php?id=61581826539670\",\"https:\\\/\\\/www.instagram.com\\\/animefigurer.se\\\/\"],\"email\":\"info@animefigurer.se\"}]}<\/script>\n<!-- \/ Yoast SEO Premium plugin. -->","yoast_head_json":{"title":"Pokemon Terrarium Collection Vol.12 Boxed Set of 6 Capsules | Animefigurer.se","robots":{"index":"index","follow":"follow","max-snippet":"max-snippet:-1","max-image-preview":"max-image-preview:large","max-video-preview":"max-video-preview:-1"},"canonical":"https:\/\/animefigurer.se\/en\/figurer\/pokemon\/pokemon-terrarium-collection-vol-12-boxed-set-of-6-capsules\/","og_locale":"en_GB","og_type":"article","og_title":"Pokemon Terrarium Collection Vol.12 Boxed Set of 6 Capsules","og_description":"Re-Ment sl\u00e4pper \u00e4nnu en Pok\u00e9mon Swing Vignette-serie med karakt\u00e4rer som flyger och sv\u00e4var! Figurerna \u00e4r designade f\u00f6r effektfull visning med sin svajande r\u00f6relse och fina baser. Serien best\u00e5r av sex olika scener; du f\u00e5r en av varje.","og_url":"https:\/\/animefigurer.se\/en\/figurer\/pokemon\/pokemon-terrarium-collection-vol-12-boxed-set-of-6-capsules\/","og_site_name":"Animefigurer.se","article_publisher":"https:\/\/www.facebook.com\/profile.php?id=61581826539670","article_modified_time":"2025-12-21T18:34:05+00:00","og_image":[{"width":1890,"height":1417,"url":"https:\/\/animefigurer.se\/wp-content\/uploads\/2025\/12\/Animefigurer_logowhite.png","type":"image\/png"}],"twitter_card":"summary_large_image","schema":{"@context":"https:\/\/schema.org","@graph":[{"@type":"WebPage","@id":"https:\/\/animefigurer.se\/en\/figurer\/pokemon\/pokemon-terrarium-collection-vol-12-boxed-set-of-6-capsules\/","url":"https:\/\/animefigurer.se\/en\/figurer\/pokemon\/pokemon-terrarium-collection-vol-12-boxed-set-of-6-capsules\/","name":"Pokemon Terrarium Collection Vol.12 Boxed Set of 6 Capsules | Animefigurer.se","isPartOf":{"@id":"https:\/\/animefigurer.se\/#website"},"primaryImageOfPage":{"@id":"https:\/\/animefigurer.se\/en\/figurer\/pokemon\/pokemon-terrarium-collection-vol-12-boxed-set-of-6-capsules\/#primaryimage"},"image":{"@id":"https:\/\/animefigurer.se\/en\/figurer\/pokemon\/pokemon-terrarium-collection-vol-12-boxed-set-of-6-capsules\/#primaryimage"},"thumbnailUrl":"https:\/\/animefigurer.se\/wp-content\/uploads\/2025\/10\/689cc8b0b44ec.jpeg","datePublished":"2025-10-21T09:48:26+00:00","dateModified":"2025-12-21T18:34:05+00:00","breadcrumb":{"@id":"https:\/\/animefigurer.se\/en\/figurer\/pokemon\/pokemon-terrarium-collection-vol-12-boxed-set-of-6-capsules\/#breadcrumb"},"inLanguage":"en-GB","potentialAction":[{"@type":"ReadAction","target":["https:\/\/animefigurer.se\/en\/figurer\/pokemon\/pokemon-terrarium-collection-vol-12-boxed-set-of-6-capsules\/"]}]},{"@type":"ImageObject","inLanguage":"en-GB","@id":"https:\/\/animefigurer.se\/en\/figurer\/pokemon\/pokemon-terrarium-collection-vol-12-boxed-set-of-6-capsules\/#primaryimage","url":"https:\/\/animefigurer.se\/wp-content\/uploads\/2025\/10\/689cc8b0b44ec.jpeg","contentUrl":"https:\/\/animefigurer.se\/wp-content\/uploads\/2025\/10\/689cc8b0b44ec.jpeg","width":971,"height":971},{"@type":"BreadcrumbList","@id":"https:\/\/animefigurer.se\/en\/figurer\/pokemon\/pokemon-terrarium-collection-vol-12-boxed-set-of-6-capsules\/#breadcrumb","itemListElement":[{"@type":"ListItem","position":1,"name":"Home","item":"https:\/\/animefigurer.se\/"},{"@type":"ListItem","position":2,"name":"Butik","item":"https:\/\/animefigurer.se\/figurer\/"},{"@type":"ListItem","position":3,"name":"Pokemon Terrarium Collection Vol.12 Boxed Set of 6 Capsules"}]},{"@type":"WebSite","@id":"https:\/\/animefigurer.se\/#website","url":"https:\/\/animefigurer.se\/","name":"Animefigurer.se","description":"Anime figures from over 300 different anime series with over 9000 products | Anime Shop","publisher":{"@id":"https:\/\/animefigurer.se\/#organization"},"potentialAction":[{"@type":"SearchAction","target":{"@type":"EntryPoint","urlTemplate":"https:\/\/animefigurer.se\/?s={search_term_string}"},"query-input":{"@type":"PropertyValueSpecification","valueRequired":true,"valueName":"search_term_string"}}],"inLanguage":"en-GB"},{"@type":"Organization","@id":"https:\/\/animefigurer.se\/#organization","name":"Animefigurer.se","alternateName":"Anime figurer | Anime shop","url":"https:\/\/animefigurer.se\/","logo":{"@type":"ImageObject","inLanguage":"en-GB","@id":"https:\/\/animefigurer.se\/#\/schema\/logo\/image\/","url":"https:\/\/animefigurer.se\/wp-content\/uploads\/2025\/12\/Animefigurer_logowhite.png","contentUrl":"https:\/\/animefigurer.se\/wp-content\/uploads\/2025\/12\/Animefigurer_logowhite.png","width":1890,"height":1417,"caption":"Animefigurer.se"},"image":{"@id":"https:\/\/animefigurer.se\/#\/schema\/logo\/image\/"},"sameAs":["https:\/\/www.facebook.com\/profile.php?id=61581826539670","https:\/\/www.instagram.com\/animefigurer.se\/"],"email":"info@animefigurer.se"}]}},"_links":{"self":[{"href":"https:\/\/animefigurer.se\/en\/wp-json\/wp\/v2\/product\/57137","targetHints":{"allow":["GET"]}}],"collection":[{"href":"https:\/\/animefigurer.se\/en\/wp-json\/wp\/v2\/product"}],"about":[{"href":"https:\/\/animefigurer.se\/en\/wp-json\/wp\/v2\/types\/product"}],"replies":[{"embeddable":true,"href":"https:\/\/animefigurer.se\/en\/wp-json\/wp\/v2\/comments?post=57137"}],"wp:featuredmedia":[{"embeddable":true,"href":"https:\/\/animefigurer.se\/en\/wp-json\/wp\/v2\/media\/57138"}],"wp:attachment":[{"href":"https:\/\/animefigurer.se\/en\/wp-json\/wp\/v2\/media?parent=57137"}],"wp:term":[{"taxonomy":"product_brand","embeddable":true,"href":"https:\/\/animefigurer.se\/en\/wp-json\/wp\/v2\/product_brand?post=57137"},{"taxonomy":"product_cat","embeddable":true,"href":"https:\/\/animefigurer.se\/en\/wp-json\/wp\/v2\/product_cat?post=57137"},{"taxonomy":"product_tag","embeddable":true,"href":"https:\/\/animefigurer.se\/en\/wp-json\/wp\/v2\/product_tag?post=57137"},{"taxonomy":"giftcard-category","embeddable":true,"href":"https:\/\/animefigurer.se\/en\/wp-json\/wp\/v2\/giftcard-category?post=57137"}],"curies":[{"name":"wp","href":"https:\/\/api.w.org\/{rel}","templated":true}]}}