{"id":57110,"date":"2025-10-21T11:48:26","date_gmt":"2025-10-21T09:48:26","guid":{"rendered":"https:\/\/animefigurer.se\/produkt\/pokemon-artfx-j-serena-with-fennekin-1-8-scale-figure\/"},"modified":"2025-12-21T19:34:05","modified_gmt":"2025-12-21T18:34:05","slug":"pokemon-artfx-j-serena-with-fennekin-1-8-scale-figure","status":"publish","type":"product","link":"https:\/\/animefigurer.se\/en\/figurer\/pokemon\/pokemon-artfx-j-serena-with-fennekin-1-8-scale-figure\/","title":{"rendered":"Pokemon ArtFX J Serena with Fennekin 1\/8 Scale Figure"},"content":{"rendered":"<p>Serena with Fennekin from Pok\u00e9mon X &amp; Y joins Kotobukiya&#039;s ArtFX J series!<\/p>\n<p>Based on an illustration by Hitoshi Ariga, Serena&#039;s pose captures her cheerful smile and energetic stride, faithfully reproduced in figure form. The figure also includes her partner Pok\u00e9mon Fennekin, who is just as cute and fluffy as the one pictured.<\/p>\n<p>A detailed figure for fans who want to get a close look at the design and expressions \u2014 don&#039;t miss it!<\/p>","protected":false},"excerpt":{"rendered":"<p>Serena with Fennekin from Pok\u00e9mon X &amp; Y joins Kotobukiya&#039;s ArtFX J series!<\/p>\n<p>Based on an illustration by Hitoshi Ariga, Serena&#039;s pose captures her cheerful smile and energetic stride, faithfully reproduced in figure form. The figure also includes her partner Pok\u00e9mon Fennekin, who is just as cute and fluffy<\/p>","protected":false},"featured_media":57111,"comment_status":"closed","ping_status":"open","template":"","meta":{"_acf_changed":false,"_monsterinsights_skip_tracking":false,"_monsterinsights_sitenote_active":false,"_monsterinsights_sitenote_note":"","_monsterinsights_sitenote_category":0},"product_brand":[6892],"product_cat":[4492,7233],"product_tag":[26],"giftcard-category":[],"class_list":{"0":"post-57110","1":"product","2":"type-product","3":"status-publish","4":"has-post-thumbnail","6":"product_brand-kotobukiya","7":"product_cat-pokemon","8":"product_cat-pre-order","9":"product_tag-pre-order","10":"pa_franchise-pokemon","11":"pa_karaktar-serena-with-fennekin","12":"pa_material-pvc-abs","13":"pa_produktserie-serena-with-fennekin","14":"pa_skala-554","15":"pa_storlek-21-cm","17":"first","18":"instock","19":"taxable","20":"shipping-taxable","21":"purchasable","22":"product-type-simple"},"acf":[],"yoast_head":"<!-- This site is optimized with the Yoast SEO Premium plugin v24.6 (Yoast SEO v27.4) - https:\/\/yoast.com\/product\/yoast-seo-premium-wordpress\/ -->\n<title>Pokemon ArtFX J Serena with Fennekin 1\/8 Scale Figure | Animefigurer.se<\/title>\n<meta name=\"robots\" content=\"index, follow, max-snippet:-1, max-image-preview:large, max-video-preview:-1\" \/>\n<link rel=\"canonical\" href=\"https:\/\/animefigurer.se\/en\/figurer\/pokemon\/pokemon-artfx-j-serena-with-fennekin-1-8-scale-figure\/\" \/>\n<meta property=\"og:locale\" content=\"en_GB\" \/>\n<meta property=\"og:type\" content=\"article\" \/>\n<meta property=\"og:title\" content=\"Pokemon ArtFX J Serena with Fennekin 1\/8 Scale Figure\" \/>\n<meta property=\"og:description\" content=\"Serena med Fennekin fr\u00e5n Pok\u00e9mon X &amp; Y ansluter till Kotobukiyas ArtFX J-serie! Baserad p\u00e5 en illustration av Hitoshi Ariga f\u00e5ngar Serenas pose hennes glada leende och energiska steg, troget \u00e5tergivet i figurform. Figuren inkluderar \u00e4ven hennes partner Pok\u00e9mon Fennekin, som \u00e4r lika s\u00f6t och fluf\" \/>\n<meta property=\"og:url\" content=\"https:\/\/animefigurer.se\/en\/figurer\/pokemon\/pokemon-artfx-j-serena-with-fennekin-1-8-scale-figure\/\" \/>\n<meta property=\"og:site_name\" content=\"Animefigurer.se\" \/>\n<meta property=\"article:publisher\" content=\"https:\/\/www.facebook.com\/profile.php?id=61581826539670\" \/>\n<meta property=\"article:modified_time\" content=\"2025-12-21T18:34:05+00:00\" \/>\n<meta property=\"og:image\" content=\"https:\/\/animefigurer.se\/wp-content\/uploads\/2025\/12\/Animefigurer_logowhite.png\" \/>\n\t<meta property=\"og:image:width\" content=\"1890\" \/>\n\t<meta property=\"og:image:height\" content=\"1417\" \/>\n\t<meta property=\"og:image:type\" content=\"image\/png\" \/>\n<meta name=\"twitter:card\" content=\"summary_large_image\" \/>\n<script type=\"application\/ld+json\" class=\"yoast-schema-graph\">{\"@context\":\"https:\\\/\\\/schema.org\",\"@graph\":[{\"@type\":\"WebPage\",\"@id\":\"https:\\\/\\\/animefigurer.se\\\/en\\\/figurer\\\/pokemon\\\/pokemon-artfx-j-serena-with-fennekin-1-8-scale-figure\\\/\",\"url\":\"https:\\\/\\\/animefigurer.se\\\/en\\\/figurer\\\/pokemon\\\/pokemon-artfx-j-serena-with-fennekin-1-8-scale-figure\\\/\",\"name\":\"Pokemon ArtFX J Serena with Fennekin 1\\\/8 Scale Figure | Animefigurer.se\",\"isPartOf\":{\"@id\":\"https:\\\/\\\/animefigurer.se\\\/#website\"},\"primaryImageOfPage\":{\"@id\":\"https:\\\/\\\/animefigurer.se\\\/en\\\/figurer\\\/pokemon\\\/pokemon-artfx-j-serena-with-fennekin-1-8-scale-figure\\\/#primaryimage\"},\"image\":{\"@id\":\"https:\\\/\\\/animefigurer.se\\\/en\\\/figurer\\\/pokemon\\\/pokemon-artfx-j-serena-with-fennekin-1-8-scale-figure\\\/#primaryimage\"},\"thumbnailUrl\":\"https:\\\/\\\/animefigurer.se\\\/wp-content\\\/uploads\\\/2025\\\/10\\\/686e53059e248.jpeg\",\"datePublished\":\"2025-10-21T09:48:26+00:00\",\"dateModified\":\"2025-12-21T18:34:05+00:00\",\"breadcrumb\":{\"@id\":\"https:\\\/\\\/animefigurer.se\\\/en\\\/figurer\\\/pokemon\\\/pokemon-artfx-j-serena-with-fennekin-1-8-scale-figure\\\/#breadcrumb\"},\"inLanguage\":\"en-GB\",\"potentialAction\":[{\"@type\":\"ReadAction\",\"target\":[\"https:\\\/\\\/animefigurer.se\\\/en\\\/figurer\\\/pokemon\\\/pokemon-artfx-j-serena-with-fennekin-1-8-scale-figure\\\/\"]}]},{\"@type\":\"ImageObject\",\"inLanguage\":\"en-GB\",\"@id\":\"https:\\\/\\\/animefigurer.se\\\/en\\\/figurer\\\/pokemon\\\/pokemon-artfx-j-serena-with-fennekin-1-8-scale-figure\\\/#primaryimage\",\"url\":\"https:\\\/\\\/animefigurer.se\\\/wp-content\\\/uploads\\\/2025\\\/10\\\/686e53059e248.jpeg\",\"contentUrl\":\"https:\\\/\\\/animefigurer.se\\\/wp-content\\\/uploads\\\/2025\\\/10\\\/686e53059e248.jpeg\",\"width\":1000,\"height\":750},{\"@type\":\"BreadcrumbList\",\"@id\":\"https:\\\/\\\/animefigurer.se\\\/en\\\/figurer\\\/pokemon\\\/pokemon-artfx-j-serena-with-fennekin-1-8-scale-figure\\\/#breadcrumb\",\"itemListElement\":[{\"@type\":\"ListItem\",\"position\":1,\"name\":\"Home\",\"item\":\"https:\\\/\\\/animefigurer.se\\\/\"},{\"@type\":\"ListItem\",\"position\":2,\"name\":\"Butik\",\"item\":\"https:\\\/\\\/animefigurer.se\\\/figurer\\\/\"},{\"@type\":\"ListItem\",\"position\":3,\"name\":\"Pokemon ArtFX J Serena with Fennekin 1\\\/8 Scale Figure\"}]},{\"@type\":\"WebSite\",\"@id\":\"https:\\\/\\\/animefigurer.se\\\/#website\",\"url\":\"https:\\\/\\\/animefigurer.se\\\/\",\"name\":\"Animefigurer.se\",\"description\":\"Anime figurer fr\u00e5n \u00f6ver 300 olika anime serier med \u00f6ver 9000 produkter | Anime Shop\",\"publisher\":{\"@id\":\"https:\\\/\\\/animefigurer.se\\\/#organization\"},\"potentialAction\":[{\"@type\":\"SearchAction\",\"target\":{\"@type\":\"EntryPoint\",\"urlTemplate\":\"https:\\\/\\\/animefigurer.se\\\/?s={search_term_string}\"},\"query-input\":{\"@type\":\"PropertyValueSpecification\",\"valueRequired\":true,\"valueName\":\"search_term_string\"}}],\"inLanguage\":\"en-GB\"},{\"@type\":\"Organization\",\"@id\":\"https:\\\/\\\/animefigurer.se\\\/#organization\",\"name\":\"Animefigurer.se\",\"alternateName\":\"Anime figurer | Anime shop\",\"url\":\"https:\\\/\\\/animefigurer.se\\\/\",\"logo\":{\"@type\":\"ImageObject\",\"inLanguage\":\"en-GB\",\"@id\":\"https:\\\/\\\/animefigurer.se\\\/#\\\/schema\\\/logo\\\/image\\\/\",\"url\":\"https:\\\/\\\/animefigurer.se\\\/wp-content\\\/uploads\\\/2025\\\/12\\\/Animefigurer_logowhite.png\",\"contentUrl\":\"https:\\\/\\\/animefigurer.se\\\/wp-content\\\/uploads\\\/2025\\\/12\\\/Animefigurer_logowhite.png\",\"width\":1890,\"height\":1417,\"caption\":\"Animefigurer.se\"},\"image\":{\"@id\":\"https:\\\/\\\/animefigurer.se\\\/#\\\/schema\\\/logo\\\/image\\\/\"},\"sameAs\":[\"https:\\\/\\\/www.facebook.com\\\/profile.php?id=61581826539670\",\"https:\\\/\\\/www.instagram.com\\\/animefigurer.se\\\/\"],\"email\":\"info@animefigurer.se\"}]}<\/script>\n<!-- \/ Yoast SEO Premium plugin. -->","yoast_head_json":{"title":"Pokemon ArtFX J Serena with Fennekin 1\/8 Scale Figure | Animefigurer.se","robots":{"index":"index","follow":"follow","max-snippet":"max-snippet:-1","max-image-preview":"max-image-preview:large","max-video-preview":"max-video-preview:-1"},"canonical":"https:\/\/animefigurer.se\/en\/figurer\/pokemon\/pokemon-artfx-j-serena-with-fennekin-1-8-scale-figure\/","og_locale":"en_GB","og_type":"article","og_title":"Pokemon ArtFX J Serena with Fennekin 1\/8 Scale Figure","og_description":"Serena med Fennekin fr\u00e5n Pok\u00e9mon X &amp; Y ansluter till Kotobukiyas ArtFX J-serie! Baserad p\u00e5 en illustration av Hitoshi Ariga f\u00e5ngar Serenas pose hennes glada leende och energiska steg, troget \u00e5tergivet i figurform. Figuren inkluderar \u00e4ven hennes partner Pok\u00e9mon Fennekin, som \u00e4r lika s\u00f6t och fluf","og_url":"https:\/\/animefigurer.se\/en\/figurer\/pokemon\/pokemon-artfx-j-serena-with-fennekin-1-8-scale-figure\/","og_site_name":"Animefigurer.se","article_publisher":"https:\/\/www.facebook.com\/profile.php?id=61581826539670","article_modified_time":"2025-12-21T18:34:05+00:00","og_image":[{"width":1890,"height":1417,"url":"https:\/\/animefigurer.se\/wp-content\/uploads\/2025\/12\/Animefigurer_logowhite.png","type":"image\/png"}],"twitter_card":"summary_large_image","schema":{"@context":"https:\/\/schema.org","@graph":[{"@type":"WebPage","@id":"https:\/\/animefigurer.se\/en\/figurer\/pokemon\/pokemon-artfx-j-serena-with-fennekin-1-8-scale-figure\/","url":"https:\/\/animefigurer.se\/en\/figurer\/pokemon\/pokemon-artfx-j-serena-with-fennekin-1-8-scale-figure\/","name":"Pokemon ArtFX J Serena with Fennekin 1\/8 Scale Figure | Animefigurer.se","isPartOf":{"@id":"https:\/\/animefigurer.se\/#website"},"primaryImageOfPage":{"@id":"https:\/\/animefigurer.se\/en\/figurer\/pokemon\/pokemon-artfx-j-serena-with-fennekin-1-8-scale-figure\/#primaryimage"},"image":{"@id":"https:\/\/animefigurer.se\/en\/figurer\/pokemon\/pokemon-artfx-j-serena-with-fennekin-1-8-scale-figure\/#primaryimage"},"thumbnailUrl":"https:\/\/animefigurer.se\/wp-content\/uploads\/2025\/10\/686e53059e248.jpeg","datePublished":"2025-10-21T09:48:26+00:00","dateModified":"2025-12-21T18:34:05+00:00","breadcrumb":{"@id":"https:\/\/animefigurer.se\/en\/figurer\/pokemon\/pokemon-artfx-j-serena-with-fennekin-1-8-scale-figure\/#breadcrumb"},"inLanguage":"en-GB","potentialAction":[{"@type":"ReadAction","target":["https:\/\/animefigurer.se\/en\/figurer\/pokemon\/pokemon-artfx-j-serena-with-fennekin-1-8-scale-figure\/"]}]},{"@type":"ImageObject","inLanguage":"en-GB","@id":"https:\/\/animefigurer.se\/en\/figurer\/pokemon\/pokemon-artfx-j-serena-with-fennekin-1-8-scale-figure\/#primaryimage","url":"https:\/\/animefigurer.se\/wp-content\/uploads\/2025\/10\/686e53059e248.jpeg","contentUrl":"https:\/\/animefigurer.se\/wp-content\/uploads\/2025\/10\/686e53059e248.jpeg","width":1000,"height":750},{"@type":"BreadcrumbList","@id":"https:\/\/animefigurer.se\/en\/figurer\/pokemon\/pokemon-artfx-j-serena-with-fennekin-1-8-scale-figure\/#breadcrumb","itemListElement":[{"@type":"ListItem","position":1,"name":"Home","item":"https:\/\/animefigurer.se\/"},{"@type":"ListItem","position":2,"name":"Butik","item":"https:\/\/animefigurer.se\/figurer\/"},{"@type":"ListItem","position":3,"name":"Pokemon ArtFX J Serena with Fennekin 1\/8 Scale Figure"}]},{"@type":"WebSite","@id":"https:\/\/animefigurer.se\/#website","url":"https:\/\/animefigurer.se\/","name":"Animefigurer.se","description":"Anime figures from over 300 different anime series with over 9000 products | Anime Shop","publisher":{"@id":"https:\/\/animefigurer.se\/#organization"},"potentialAction":[{"@type":"SearchAction","target":{"@type":"EntryPoint","urlTemplate":"https:\/\/animefigurer.se\/?s={search_term_string}"},"query-input":{"@type":"PropertyValueSpecification","valueRequired":true,"valueName":"search_term_string"}}],"inLanguage":"en-GB"},{"@type":"Organization","@id":"https:\/\/animefigurer.se\/#organization","name":"Animefigurer.se","alternateName":"Anime figurer | Anime shop","url":"https:\/\/animefigurer.se\/","logo":{"@type":"ImageObject","inLanguage":"en-GB","@id":"https:\/\/animefigurer.se\/#\/schema\/logo\/image\/","url":"https:\/\/animefigurer.se\/wp-content\/uploads\/2025\/12\/Animefigurer_logowhite.png","contentUrl":"https:\/\/animefigurer.se\/wp-content\/uploads\/2025\/12\/Animefigurer_logowhite.png","width":1890,"height":1417,"caption":"Animefigurer.se"},"image":{"@id":"https:\/\/animefigurer.se\/#\/schema\/logo\/image\/"},"sameAs":["https:\/\/www.facebook.com\/profile.php?id=61581826539670","https:\/\/www.instagram.com\/animefigurer.se\/"],"email":"info@animefigurer.se"}]}},"_links":{"self":[{"href":"https:\/\/animefigurer.se\/en\/wp-json\/wp\/v2\/product\/57110","targetHints":{"allow":["GET"]}}],"collection":[{"href":"https:\/\/animefigurer.se\/en\/wp-json\/wp\/v2\/product"}],"about":[{"href":"https:\/\/animefigurer.se\/en\/wp-json\/wp\/v2\/types\/product"}],"replies":[{"embeddable":true,"href":"https:\/\/animefigurer.se\/en\/wp-json\/wp\/v2\/comments?post=57110"}],"wp:featuredmedia":[{"embeddable":true,"href":"https:\/\/animefigurer.se\/en\/wp-json\/wp\/v2\/media\/57111"}],"wp:attachment":[{"href":"https:\/\/animefigurer.se\/en\/wp-json\/wp\/v2\/media?parent=57110"}],"wp:term":[{"taxonomy":"product_brand","embeddable":true,"href":"https:\/\/animefigurer.se\/en\/wp-json\/wp\/v2\/product_brand?post=57110"},{"taxonomy":"product_cat","embeddable":true,"href":"https:\/\/animefigurer.se\/en\/wp-json\/wp\/v2\/product_cat?post=57110"},{"taxonomy":"product_tag","embeddable":true,"href":"https:\/\/animefigurer.se\/en\/wp-json\/wp\/v2\/product_tag?post=57110"},{"taxonomy":"giftcard-category","embeddable":true,"href":"https:\/\/animefigurer.se\/en\/wp-json\/wp\/v2\/giftcard-category?post=57110"}],"curies":[{"name":"wp","href":"https:\/\/api.w.org\/{rel}","templated":true}]}}