{"id":56976,"date":"2025-10-21T11:46:00","date_gmt":"2025-10-21T09:46:00","guid":{"rendered":"https:\/\/animefigurer.se\/produkt\/pokemon-artfx-j-juliana-with-sprigatito\/"},"modified":"2026-04-10T14:26:12","modified_gmt":"2026-04-10T12:26:12","slug":"pokemon-artfx-j-juliana-with-sprigatito","status":"publish","type":"product","link":"https:\/\/animefigurer.se\/en\/figurer\/pokemon\/pokemon-artfx-j-juliana-with-sprigatito\/","title":{"rendered":"Pokemon ArtFX J Juliana with Sprigatito"},"content":{"rendered":"<p>From Kotobukiya&#039;s ARTFX J series comes this highly detailed statue from the Pok\u00e9mon universe. The 1\/8 scale figure stands approximately 20 cm tall and comes with the corresponding Pok\u00e9mon and base in a printed window box.<\/p>\n<p>Juliana and her Sprigatito from Pok\u00e9mon Scarlet &amp; Violet join the collection!<\/p>\n<p>The statues are based on illustrations by Hitoshi Ariga. Juliana&#039;s happy expression captures her enthusiasm as she embarks on adventures in Paldea - a motif that will brighten up any shelf.<\/p>\n<p>Her Naranja Academy uniform and backpack are meticulously painted and textured for a realistic feel, while the Sprigatito at her feet captures the Pok\u00e9mon&#039;s graceful nature with great care.<\/p>\n<p>Give your team a sweet upgrade and add this pair!<\/p>","protected":false},"excerpt":{"rendered":"<p>From Kotobukiya&#039;s ARTFX J series comes this highly detailed statue from the Pok\u00e9mon universe. The 1\/8 scale figure stands approximately 20 cm tall and comes with the corresponding Pok\u00e9mon and base in a printed window box.<\/p>\n<p>Juliana and her Sprigatito from Pok\u00e9mon Scarlet &amp; Violet join the collection!<\/p>\n<p>The statues<\/p>","protected":false},"featured_media":56977,"comment_status":"closed","ping_status":"open","template":"","meta":{"_acf_changed":false,"_monsterinsights_skip_tracking":false,"_monsterinsights_sitenote_active":false,"_monsterinsights_sitenote_note":"","_monsterinsights_sitenote_category":0},"product_brand":[6892],"product_cat":[4492],"product_tag":[24],"giftcard-category":[],"class_list":{"0":"post-56976","1":"product","2":"type-product","3":"status-publish","4":"has-post-thumbnail","6":"product_brand-kotobukiya","7":"product_cat-pokemon","8":"product_tag-2-3-weeks","9":"pa_franchise-pokemon","10":"pa_karaktar-juliana","11":"pa_material-pvc-abs","12":"pa_produktserie-artfx-j","13":"pa_skala-554","14":"pa_storlek-20-cm","16":"first","17":"instock","18":"taxable","19":"shipping-taxable","20":"purchasable","21":"product-type-simple"},"acf":[],"yoast_head":"<!-- This site is optimized with the Yoast SEO Premium plugin v24.6 (Yoast SEO v27.4) - https:\/\/yoast.com\/product\/yoast-seo-premium-wordpress\/ -->\n<title>Pokemon ArtFX J Juliana with Sprigatito | Animefigurer.se<\/title>\n<meta name=\"robots\" content=\"index, follow, max-snippet:-1, max-image-preview:large, max-video-preview:-1\" \/>\n<link rel=\"canonical\" href=\"https:\/\/animefigurer.se\/en\/figurer\/pokemon\/pokemon-artfx-j-juliana-with-sprigatito\/\" \/>\n<meta property=\"og:locale\" content=\"en_GB\" \/>\n<meta property=\"og:type\" content=\"article\" \/>\n<meta property=\"og:title\" content=\"Pokemon ArtFX J Juliana with Sprigatito\" \/>\n<meta property=\"og:description\" content=\"Fr\u00e5n Kotobukiyas ARTFX J-serie kommer denna h\u00f6gdetaljerade staty ur Pok\u00e9mon-universumet. Figuren i skala 1\/8 \u00e4r ca 20 cm h\u00f6g och levereras med motsvarande Pok\u00e9mon och bas i en tryckt f\u00f6nsterl\u00e5da. Juliana och hennes Sprigatito fr\u00e5n Pok\u00e9mon Scarlet &amp; Violet ansluter sig till samlingen! Statyerna\" \/>\n<meta property=\"og:url\" content=\"https:\/\/animefigurer.se\/en\/figurer\/pokemon\/pokemon-artfx-j-juliana-with-sprigatito\/\" \/>\n<meta property=\"og:site_name\" content=\"Animefigurer.se\" \/>\n<meta property=\"article:publisher\" content=\"https:\/\/www.facebook.com\/profile.php?id=61581826539670\" \/>\n<meta property=\"article:modified_time\" content=\"2026-04-10T12:26:12+00:00\" \/>\n<meta property=\"og:image\" content=\"https:\/\/animefigurer.se\/wp-content\/uploads\/2025\/12\/Animefigurer_logowhite.png\" \/>\n\t<meta property=\"og:image:width\" content=\"1890\" \/>\n\t<meta property=\"og:image:height\" content=\"1417\" \/>\n\t<meta property=\"og:image:type\" content=\"image\/png\" \/>\n<meta name=\"twitter:card\" content=\"summary_large_image\" \/>\n<meta name=\"twitter:label1\" content=\"Estimated reading time\" \/>\n\t<meta name=\"twitter:data1\" content=\"1 minute\" \/>\n<script type=\"application\/ld+json\" class=\"yoast-schema-graph\">{\"@context\":\"https:\\\/\\\/schema.org\",\"@graph\":[{\"@type\":\"WebPage\",\"@id\":\"https:\\\/\\\/animefigurer.se\\\/figurer\\\/pokemon\\\/pokemon-artfx-j-juliana-with-sprigatito\\\/\",\"url\":\"https:\\\/\\\/animefigurer.se\\\/figurer\\\/pokemon\\\/pokemon-artfx-j-juliana-with-sprigatito\\\/\",\"name\":\"Pokemon ArtFX J Juliana with Sprigatito | Animefigurer.se\",\"isPartOf\":{\"@id\":\"https:\\\/\\\/animefigurer.se\\\/#website\"},\"primaryImageOfPage\":{\"@id\":\"https:\\\/\\\/animefigurer.se\\\/figurer\\\/pokemon\\\/pokemon-artfx-j-juliana-with-sprigatito\\\/#primaryimage\"},\"image\":{\"@id\":\"https:\\\/\\\/animefigurer.se\\\/figurer\\\/pokemon\\\/pokemon-artfx-j-juliana-with-sprigatito\\\/#primaryimage\"},\"thumbnailUrl\":\"https:\\\/\\\/animefigurer.se\\\/wp-content\\\/uploads\\\/2025\\\/10\\\/65d59cc22e6d8.jpeg\",\"datePublished\":\"2025-10-21T09:46:00+00:00\",\"dateModified\":\"2026-04-10T12:26:12+00:00\",\"breadcrumb\":{\"@id\":\"https:\\\/\\\/animefigurer.se\\\/figurer\\\/pokemon\\\/pokemon-artfx-j-juliana-with-sprigatito\\\/#breadcrumb\"},\"inLanguage\":\"en-GB\",\"potentialAction\":[{\"@type\":\"ReadAction\",\"target\":[\"https:\\\/\\\/animefigurer.se\\\/figurer\\\/pokemon\\\/pokemon-artfx-j-juliana-with-sprigatito\\\/\"]}]},{\"@type\":\"ImageObject\",\"inLanguage\":\"en-GB\",\"@id\":\"https:\\\/\\\/animefigurer.se\\\/figurer\\\/pokemon\\\/pokemon-artfx-j-juliana-with-sprigatito\\\/#primaryimage\",\"url\":\"https:\\\/\\\/animefigurer.se\\\/wp-content\\\/uploads\\\/2025\\\/10\\\/65d59cc22e6d8.jpeg\",\"contentUrl\":\"https:\\\/\\\/animefigurer.se\\\/wp-content\\\/uploads\\\/2025\\\/10\\\/65d59cc22e6d8.jpeg\",\"width\":720,\"height\":540},{\"@type\":\"BreadcrumbList\",\"@id\":\"https:\\\/\\\/animefigurer.se\\\/figurer\\\/pokemon\\\/pokemon-artfx-j-juliana-with-sprigatito\\\/#breadcrumb\",\"itemListElement\":[{\"@type\":\"ListItem\",\"position\":1,\"name\":\"Home\",\"item\":\"https:\\\/\\\/animefigurer.se\\\/\"},{\"@type\":\"ListItem\",\"position\":2,\"name\":\"Butik\",\"item\":\"https:\\\/\\\/animefigurer.se\\\/figurer\\\/\"},{\"@type\":\"ListItem\",\"position\":3,\"name\":\"Pokemon ArtFX J Juliana with Sprigatito\"}]},{\"@type\":\"WebSite\",\"@id\":\"https:\\\/\\\/animefigurer.se\\\/#website\",\"url\":\"https:\\\/\\\/animefigurer.se\\\/\",\"name\":\"Animefigurer.se\",\"description\":\"Anime figurer fr\u00e5n \u00f6ver 300 olika anime serier med \u00f6ver 9000 produkter | Anime Shop\",\"publisher\":{\"@id\":\"https:\\\/\\\/animefigurer.se\\\/#organization\"},\"potentialAction\":[{\"@type\":\"SearchAction\",\"target\":{\"@type\":\"EntryPoint\",\"urlTemplate\":\"https:\\\/\\\/animefigurer.se\\\/?s={search_term_string}\"},\"query-input\":{\"@type\":\"PropertyValueSpecification\",\"valueRequired\":true,\"valueName\":\"search_term_string\"}}],\"inLanguage\":\"en-GB\"},{\"@type\":\"Organization\",\"@id\":\"https:\\\/\\\/animefigurer.se\\\/#organization\",\"name\":\"Animefigurer.se\",\"alternateName\":\"Anime figurer | Anime shop\",\"url\":\"https:\\\/\\\/animefigurer.se\\\/\",\"logo\":{\"@type\":\"ImageObject\",\"inLanguage\":\"en-GB\",\"@id\":\"https:\\\/\\\/animefigurer.se\\\/#\\\/schema\\\/logo\\\/image\\\/\",\"url\":\"https:\\\/\\\/animefigurer.se\\\/wp-content\\\/uploads\\\/2025\\\/12\\\/Animefigurer_logowhite.png\",\"contentUrl\":\"https:\\\/\\\/animefigurer.se\\\/wp-content\\\/uploads\\\/2025\\\/12\\\/Animefigurer_logowhite.png\",\"width\":1890,\"height\":1417,\"caption\":\"Animefigurer.se\"},\"image\":{\"@id\":\"https:\\\/\\\/animefigurer.se\\\/#\\\/schema\\\/logo\\\/image\\\/\"},\"sameAs\":[\"https:\\\/\\\/www.facebook.com\\\/profile.php?id=61581826539670\",\"https:\\\/\\\/www.instagram.com\\\/animefigurer.se\\\/\"],\"email\":\"info@animefigurer.se\"}]}<\/script>\n<!-- \/ Yoast SEO Premium plugin. -->","yoast_head_json":{"title":"Pokemon ArtFX J Juliana with Sprigatito | Animefigurer.se","robots":{"index":"index","follow":"follow","max-snippet":"max-snippet:-1","max-image-preview":"max-image-preview:large","max-video-preview":"max-video-preview:-1"},"canonical":"https:\/\/animefigurer.se\/en\/figurer\/pokemon\/pokemon-artfx-j-juliana-with-sprigatito\/","og_locale":"en_GB","og_type":"article","og_title":"Pokemon ArtFX J Juliana with Sprigatito","og_description":"Fr\u00e5n Kotobukiyas ARTFX J-serie kommer denna h\u00f6gdetaljerade staty ur Pok\u00e9mon-universumet. Figuren i skala 1\/8 \u00e4r ca 20 cm h\u00f6g och levereras med motsvarande Pok\u00e9mon och bas i en tryckt f\u00f6nsterl\u00e5da. Juliana och hennes Sprigatito fr\u00e5n Pok\u00e9mon Scarlet &amp; Violet ansluter sig till samlingen! Statyerna","og_url":"https:\/\/animefigurer.se\/en\/figurer\/pokemon\/pokemon-artfx-j-juliana-with-sprigatito\/","og_site_name":"Animefigurer.se","article_publisher":"https:\/\/www.facebook.com\/profile.php?id=61581826539670","article_modified_time":"2026-04-10T12:26:12+00:00","og_image":[{"width":1890,"height":1417,"url":"https:\/\/animefigurer.se\/wp-content\/uploads\/2025\/12\/Animefigurer_logowhite.png","type":"image\/png"}],"twitter_card":"summary_large_image","twitter_misc":{"Estimated reading time":"1 minute"},"schema":{"@context":"https:\/\/schema.org","@graph":[{"@type":"WebPage","@id":"https:\/\/animefigurer.se\/figurer\/pokemon\/pokemon-artfx-j-juliana-with-sprigatito\/","url":"https:\/\/animefigurer.se\/figurer\/pokemon\/pokemon-artfx-j-juliana-with-sprigatito\/","name":"Pokemon ArtFX J Juliana with Sprigatito | Animefigurer.se","isPartOf":{"@id":"https:\/\/animefigurer.se\/#website"},"primaryImageOfPage":{"@id":"https:\/\/animefigurer.se\/figurer\/pokemon\/pokemon-artfx-j-juliana-with-sprigatito\/#primaryimage"},"image":{"@id":"https:\/\/animefigurer.se\/figurer\/pokemon\/pokemon-artfx-j-juliana-with-sprigatito\/#primaryimage"},"thumbnailUrl":"https:\/\/animefigurer.se\/wp-content\/uploads\/2025\/10\/65d59cc22e6d8.jpeg","datePublished":"2025-10-21T09:46:00+00:00","dateModified":"2026-04-10T12:26:12+00:00","breadcrumb":{"@id":"https:\/\/animefigurer.se\/figurer\/pokemon\/pokemon-artfx-j-juliana-with-sprigatito\/#breadcrumb"},"inLanguage":"en-GB","potentialAction":[{"@type":"ReadAction","target":["https:\/\/animefigurer.se\/figurer\/pokemon\/pokemon-artfx-j-juliana-with-sprigatito\/"]}]},{"@type":"ImageObject","inLanguage":"en-GB","@id":"https:\/\/animefigurer.se\/figurer\/pokemon\/pokemon-artfx-j-juliana-with-sprigatito\/#primaryimage","url":"https:\/\/animefigurer.se\/wp-content\/uploads\/2025\/10\/65d59cc22e6d8.jpeg","contentUrl":"https:\/\/animefigurer.se\/wp-content\/uploads\/2025\/10\/65d59cc22e6d8.jpeg","width":720,"height":540},{"@type":"BreadcrumbList","@id":"https:\/\/animefigurer.se\/figurer\/pokemon\/pokemon-artfx-j-juliana-with-sprigatito\/#breadcrumb","itemListElement":[{"@type":"ListItem","position":1,"name":"Home","item":"https:\/\/animefigurer.se\/"},{"@type":"ListItem","position":2,"name":"Butik","item":"https:\/\/animefigurer.se\/figurer\/"},{"@type":"ListItem","position":3,"name":"Pokemon ArtFX J Juliana with Sprigatito"}]},{"@type":"WebSite","@id":"https:\/\/animefigurer.se\/#website","url":"https:\/\/animefigurer.se\/","name":"Animefigurer.se","description":"Anime figures from over 300 different anime series with over 9000 products | Anime Shop","publisher":{"@id":"https:\/\/animefigurer.se\/#organization"},"potentialAction":[{"@type":"SearchAction","target":{"@type":"EntryPoint","urlTemplate":"https:\/\/animefigurer.se\/?s={search_term_string}"},"query-input":{"@type":"PropertyValueSpecification","valueRequired":true,"valueName":"search_term_string"}}],"inLanguage":"en-GB"},{"@type":"Organization","@id":"https:\/\/animefigurer.se\/#organization","name":"Animefigurer.se","alternateName":"Anime figurer | Anime shop","url":"https:\/\/animefigurer.se\/","logo":{"@type":"ImageObject","inLanguage":"en-GB","@id":"https:\/\/animefigurer.se\/#\/schema\/logo\/image\/","url":"https:\/\/animefigurer.se\/wp-content\/uploads\/2025\/12\/Animefigurer_logowhite.png","contentUrl":"https:\/\/animefigurer.se\/wp-content\/uploads\/2025\/12\/Animefigurer_logowhite.png","width":1890,"height":1417,"caption":"Animefigurer.se"},"image":{"@id":"https:\/\/animefigurer.se\/#\/schema\/logo\/image\/"},"sameAs":["https:\/\/www.facebook.com\/profile.php?id=61581826539670","https:\/\/www.instagram.com\/animefigurer.se\/"],"email":"info@animefigurer.se"}]}},"_links":{"self":[{"href":"https:\/\/animefigurer.se\/en\/wp-json\/wp\/v2\/product\/56976","targetHints":{"allow":["GET"]}}],"collection":[{"href":"https:\/\/animefigurer.se\/en\/wp-json\/wp\/v2\/product"}],"about":[{"href":"https:\/\/animefigurer.se\/en\/wp-json\/wp\/v2\/types\/product"}],"replies":[{"embeddable":true,"href":"https:\/\/animefigurer.se\/en\/wp-json\/wp\/v2\/comments?post=56976"}],"wp:featuredmedia":[{"embeddable":true,"href":"https:\/\/animefigurer.se\/en\/wp-json\/wp\/v2\/media\/56977"}],"wp:attachment":[{"href":"https:\/\/animefigurer.se\/en\/wp-json\/wp\/v2\/media?parent=56976"}],"wp:term":[{"taxonomy":"product_brand","embeddable":true,"href":"https:\/\/animefigurer.se\/en\/wp-json\/wp\/v2\/product_brand?post=56976"},{"taxonomy":"product_cat","embeddable":true,"href":"https:\/\/animefigurer.se\/en\/wp-json\/wp\/v2\/product_cat?post=56976"},{"taxonomy":"product_tag","embeddable":true,"href":"https:\/\/animefigurer.se\/en\/wp-json\/wp\/v2\/product_tag?post=56976"},{"taxonomy":"giftcard-category","embeddable":true,"href":"https:\/\/animefigurer.se\/en\/wp-json\/wp\/v2\/giftcard-category?post=56976"}],"curies":[{"name":"wp","href":"https:\/\/api.w.org\/{rel}","templated":true}]}}