{"id":56852,"date":"2025-10-21T11:45:01","date_gmt":"2025-10-21T09:45:01","guid":{"rendered":"https:\/\/animefigurer.se\/produkt\/plants-vs-zombies-plush-figure-zombie\/"},"modified":"2025-12-21T19:33:59","modified_gmt":"2025-12-21T18:33:59","slug":"plants-vs-zombies-plush-figure-zombie","status":"publish","type":"product","link":"https:\/\/animefigurer.se\/en\/figurer\/plants-vs-zombies\/plants-vs-zombies-plush-figure-zombie\/","title":{"rendered":"Plants vs. Zombies Plush Figure Zombie"},"content":{"rendered":"<p>Hurry and grab a helmet \u2014 the zombie is after your brain! This plaid zombie figure stands 9 inches tall with decaying legs, dressed in tattered blue pants, a brown blazer, and a red and white tie. Open mouth with jagged teeth and slanted eyes, with short hair remaining on a mostly bald head.<\/p>\n<p>The plush is filled with 100 % PP cotton and made of soft minky material with felt accents \u2014 perfect for cuddling or using to invade someone&#039;s home!<\/p>","protected":false},"excerpt":{"rendered":"<p>Hurry and grab a helmet \u2014 the zombie is after your brain! This plaid zombie figure stands 9 inches tall with decaying legs, dressed in tattered blue pants, a brown blazer, and a red and white tie. Open mouth with jagged teeth and slanted eyes, with short hair remaining on a mostly bald head.<\/p>\n<p>The plush is filled with 10<\/p>","protected":false},"featured_media":56853,"comment_status":"closed","ping_status":"open","template":"","meta":{"_acf_changed":false,"_monsterinsights_skip_tracking":false,"_monsterinsights_sitenote_active":false,"_monsterinsights_sitenote_note":"","_monsterinsights_sitenote_category":0},"product_brand":[7189],"product_cat":[4478,7233],"product_tag":[26],"giftcard-category":[],"class_list":{"0":"post-56852","1":"product","2":"type-product","3":"status-publish","4":"has-post-thumbnail","6":"product_brand-youtooz","7":"product_cat-plants-vs-zombies","8":"product_cat-pre-order","9":"product_tag-pre-order","10":"pa_franchise-plants-vs-zombies","11":"pa_karaktar-zombie","12":"pa_storlek-22-cm","14":"first","15":"instock","16":"taxable","17":"shipping-taxable","18":"purchasable","19":"product-type-simple"},"acf":[],"yoast_head":"<!-- This site is optimized with the Yoast SEO Premium plugin v24.6 (Yoast SEO v27.4) - https:\/\/yoast.com\/product\/yoast-seo-premium-wordpress\/ -->\n<title>Plants vs. Zombies Plush Figure Zombie | Animefigurer.se<\/title>\n<meta name=\"robots\" content=\"index, follow, max-snippet:-1, max-image-preview:large, max-video-preview:-1\" \/>\n<link rel=\"canonical\" href=\"https:\/\/animefigurer.se\/en\/figurer\/plants-vs-zombies\/plants-vs-zombies-plush-figure-zombie\/\" \/>\n<meta property=\"og:locale\" content=\"en_GB\" \/>\n<meta property=\"og:type\" content=\"article\" \/>\n<meta property=\"og:title\" content=\"Plants vs. Zombies Plush Figure Zombie\" \/>\n<meta property=\"og:description\" content=\"Skynda att greppa en hj\u00e4lm \u2014 zombien \u00e4r ute efter din hj\u00e4rna! Denna pl\u00e4dzombiefigur sitter 9 tum l\u00e5ng med f\u00f6rfallna ben, kl\u00e4dd i trasiga bl\u00e5 byxor, brun kavaj och en r\u00f6dvit slips. \u00d6ppen mun med oj\u00e4mna t\u00e4nder och sneda \u00f6gon, med kort h\u00e5r kvar p\u00e5 ett mestadels skalligt huvud. Plyschen \u00e4r fylld med 10\" \/>\n<meta property=\"og:url\" content=\"https:\/\/animefigurer.se\/en\/figurer\/plants-vs-zombies\/plants-vs-zombies-plush-figure-zombie\/\" \/>\n<meta property=\"og:site_name\" content=\"Animefigurer.se\" \/>\n<meta property=\"article:publisher\" content=\"https:\/\/www.facebook.com\/profile.php?id=61581826539670\" \/>\n<meta property=\"article:modified_time\" content=\"2025-12-21T18:33:59+00:00\" \/>\n<meta property=\"og:image\" content=\"https:\/\/animefigurer.se\/wp-content\/uploads\/2025\/12\/Animefigurer_logowhite.png\" \/>\n\t<meta property=\"og:image:width\" content=\"1890\" \/>\n\t<meta property=\"og:image:height\" content=\"1417\" \/>\n\t<meta property=\"og:image:type\" content=\"image\/png\" \/>\n<meta name=\"twitter:card\" content=\"summary_large_image\" \/>\n<script type=\"application\/ld+json\" class=\"yoast-schema-graph\">{\"@context\":\"https:\\\/\\\/schema.org\",\"@graph\":[{\"@type\":\"WebPage\",\"@id\":\"https:\\\/\\\/animefigurer.se\\\/en\\\/figurer\\\/plants-vs-zombies\\\/plants-vs-zombies-plush-figure-zombie\\\/\",\"url\":\"https:\\\/\\\/animefigurer.se\\\/en\\\/figurer\\\/plants-vs-zombies\\\/plants-vs-zombies-plush-figure-zombie\\\/\",\"name\":\"Plants vs. Zombies Plush Figure Zombie | Animefigurer.se\",\"isPartOf\":{\"@id\":\"https:\\\/\\\/animefigurer.se\\\/#website\"},\"primaryImageOfPage\":{\"@id\":\"https:\\\/\\\/animefigurer.se\\\/en\\\/figurer\\\/plants-vs-zombies\\\/plants-vs-zombies-plush-figure-zombie\\\/#primaryimage\"},\"image\":{\"@id\":\"https:\\\/\\\/animefigurer.se\\\/en\\\/figurer\\\/plants-vs-zombies\\\/plants-vs-zombies-plush-figure-zombie\\\/#primaryimage\"},\"thumbnailUrl\":\"https:\\\/\\\/animefigurer.se\\\/wp-content\\\/uploads\\\/2025\\\/10\\\/68ab178c484a7.jpeg\",\"datePublished\":\"2025-10-21T09:45:01+00:00\",\"dateModified\":\"2025-12-21T18:33:59+00:00\",\"breadcrumb\":{\"@id\":\"https:\\\/\\\/animefigurer.se\\\/en\\\/figurer\\\/plants-vs-zombies\\\/plants-vs-zombies-plush-figure-zombie\\\/#breadcrumb\"},\"inLanguage\":\"en-GB\",\"potentialAction\":[{\"@type\":\"ReadAction\",\"target\":[\"https:\\\/\\\/animefigurer.se\\\/en\\\/figurer\\\/plants-vs-zombies\\\/plants-vs-zombies-plush-figure-zombie\\\/\"]}]},{\"@type\":\"ImageObject\",\"inLanguage\":\"en-GB\",\"@id\":\"https:\\\/\\\/animefigurer.se\\\/en\\\/figurer\\\/plants-vs-zombies\\\/plants-vs-zombies-plush-figure-zombie\\\/#primaryimage\",\"url\":\"https:\\\/\\\/animefigurer.se\\\/wp-content\\\/uploads\\\/2025\\\/10\\\/68ab178c484a7.jpeg\",\"contentUrl\":\"https:\\\/\\\/animefigurer.se\\\/wp-content\\\/uploads\\\/2025\\\/10\\\/68ab178c484a7.jpeg\",\"width\":1000,\"height\":1000},{\"@type\":\"BreadcrumbList\",\"@id\":\"https:\\\/\\\/animefigurer.se\\\/en\\\/figurer\\\/plants-vs-zombies\\\/plants-vs-zombies-plush-figure-zombie\\\/#breadcrumb\",\"itemListElement\":[{\"@type\":\"ListItem\",\"position\":1,\"name\":\"Home\",\"item\":\"https:\\\/\\\/animefigurer.se\\\/\"},{\"@type\":\"ListItem\",\"position\":2,\"name\":\"Butik\",\"item\":\"https:\\\/\\\/animefigurer.se\\\/figurer\\\/\"},{\"@type\":\"ListItem\",\"position\":3,\"name\":\"Plants vs. Zombies Plush Figure Zombie\"}]},{\"@type\":\"WebSite\",\"@id\":\"https:\\\/\\\/animefigurer.se\\\/#website\",\"url\":\"https:\\\/\\\/animefigurer.se\\\/\",\"name\":\"Animefigurer.se\",\"description\":\"Anime figurer fr\u00e5n \u00f6ver 300 olika anime serier med \u00f6ver 9000 produkter | Anime Shop\",\"publisher\":{\"@id\":\"https:\\\/\\\/animefigurer.se\\\/#organization\"},\"potentialAction\":[{\"@type\":\"SearchAction\",\"target\":{\"@type\":\"EntryPoint\",\"urlTemplate\":\"https:\\\/\\\/animefigurer.se\\\/?s={search_term_string}\"},\"query-input\":{\"@type\":\"PropertyValueSpecification\",\"valueRequired\":true,\"valueName\":\"search_term_string\"}}],\"inLanguage\":\"en-GB\"},{\"@type\":\"Organization\",\"@id\":\"https:\\\/\\\/animefigurer.se\\\/#organization\",\"name\":\"Animefigurer.se\",\"alternateName\":\"Anime figurer | Anime shop\",\"url\":\"https:\\\/\\\/animefigurer.se\\\/\",\"logo\":{\"@type\":\"ImageObject\",\"inLanguage\":\"en-GB\",\"@id\":\"https:\\\/\\\/animefigurer.se\\\/#\\\/schema\\\/logo\\\/image\\\/\",\"url\":\"https:\\\/\\\/animefigurer.se\\\/wp-content\\\/uploads\\\/2025\\\/12\\\/Animefigurer_logowhite.png\",\"contentUrl\":\"https:\\\/\\\/animefigurer.se\\\/wp-content\\\/uploads\\\/2025\\\/12\\\/Animefigurer_logowhite.png\",\"width\":1890,\"height\":1417,\"caption\":\"Animefigurer.se\"},\"image\":{\"@id\":\"https:\\\/\\\/animefigurer.se\\\/#\\\/schema\\\/logo\\\/image\\\/\"},\"sameAs\":[\"https:\\\/\\\/www.facebook.com\\\/profile.php?id=61581826539670\",\"https:\\\/\\\/www.instagram.com\\\/animefigurer.se\\\/\"],\"email\":\"info@animefigurer.se\"}]}<\/script>\n<!-- \/ Yoast SEO Premium plugin. -->","yoast_head_json":{"title":"Plants vs. Zombies Plush Figure Zombie | Animefigurer.se","robots":{"index":"index","follow":"follow","max-snippet":"max-snippet:-1","max-image-preview":"max-image-preview:large","max-video-preview":"max-video-preview:-1"},"canonical":"https:\/\/animefigurer.se\/en\/figurer\/plants-vs-zombies\/plants-vs-zombies-plush-figure-zombie\/","og_locale":"en_GB","og_type":"article","og_title":"Plants vs. Zombies Plush Figure Zombie","og_description":"Skynda att greppa en hj\u00e4lm \u2014 zombien \u00e4r ute efter din hj\u00e4rna! Denna pl\u00e4dzombiefigur sitter 9 tum l\u00e5ng med f\u00f6rfallna ben, kl\u00e4dd i trasiga bl\u00e5 byxor, brun kavaj och en r\u00f6dvit slips. \u00d6ppen mun med oj\u00e4mna t\u00e4nder och sneda \u00f6gon, med kort h\u00e5r kvar p\u00e5 ett mestadels skalligt huvud. Plyschen \u00e4r fylld med 10","og_url":"https:\/\/animefigurer.se\/en\/figurer\/plants-vs-zombies\/plants-vs-zombies-plush-figure-zombie\/","og_site_name":"Animefigurer.se","article_publisher":"https:\/\/www.facebook.com\/profile.php?id=61581826539670","article_modified_time":"2025-12-21T18:33:59+00:00","og_image":[{"width":1890,"height":1417,"url":"https:\/\/animefigurer.se\/wp-content\/uploads\/2025\/12\/Animefigurer_logowhite.png","type":"image\/png"}],"twitter_card":"summary_large_image","schema":{"@context":"https:\/\/schema.org","@graph":[{"@type":"WebPage","@id":"https:\/\/animefigurer.se\/en\/figurer\/plants-vs-zombies\/plants-vs-zombies-plush-figure-zombie\/","url":"https:\/\/animefigurer.se\/en\/figurer\/plants-vs-zombies\/plants-vs-zombies-plush-figure-zombie\/","name":"Plants vs. Zombies Plush Figure Zombie | Animefigurer.se","isPartOf":{"@id":"https:\/\/animefigurer.se\/#website"},"primaryImageOfPage":{"@id":"https:\/\/animefigurer.se\/en\/figurer\/plants-vs-zombies\/plants-vs-zombies-plush-figure-zombie\/#primaryimage"},"image":{"@id":"https:\/\/animefigurer.se\/en\/figurer\/plants-vs-zombies\/plants-vs-zombies-plush-figure-zombie\/#primaryimage"},"thumbnailUrl":"https:\/\/animefigurer.se\/wp-content\/uploads\/2025\/10\/68ab178c484a7.jpeg","datePublished":"2025-10-21T09:45:01+00:00","dateModified":"2025-12-21T18:33:59+00:00","breadcrumb":{"@id":"https:\/\/animefigurer.se\/en\/figurer\/plants-vs-zombies\/plants-vs-zombies-plush-figure-zombie\/#breadcrumb"},"inLanguage":"en-GB","potentialAction":[{"@type":"ReadAction","target":["https:\/\/animefigurer.se\/en\/figurer\/plants-vs-zombies\/plants-vs-zombies-plush-figure-zombie\/"]}]},{"@type":"ImageObject","inLanguage":"en-GB","@id":"https:\/\/animefigurer.se\/en\/figurer\/plants-vs-zombies\/plants-vs-zombies-plush-figure-zombie\/#primaryimage","url":"https:\/\/animefigurer.se\/wp-content\/uploads\/2025\/10\/68ab178c484a7.jpeg","contentUrl":"https:\/\/animefigurer.se\/wp-content\/uploads\/2025\/10\/68ab178c484a7.jpeg","width":1000,"height":1000},{"@type":"BreadcrumbList","@id":"https:\/\/animefigurer.se\/en\/figurer\/plants-vs-zombies\/plants-vs-zombies-plush-figure-zombie\/#breadcrumb","itemListElement":[{"@type":"ListItem","position":1,"name":"Home","item":"https:\/\/animefigurer.se\/"},{"@type":"ListItem","position":2,"name":"Butik","item":"https:\/\/animefigurer.se\/figurer\/"},{"@type":"ListItem","position":3,"name":"Plants vs. Zombies Plush Figure Zombie"}]},{"@type":"WebSite","@id":"https:\/\/animefigurer.se\/#website","url":"https:\/\/animefigurer.se\/","name":"Animefigurer.se","description":"Anime figures from over 300 different anime series with over 9000 products | Anime Shop","publisher":{"@id":"https:\/\/animefigurer.se\/#organization"},"potentialAction":[{"@type":"SearchAction","target":{"@type":"EntryPoint","urlTemplate":"https:\/\/animefigurer.se\/?s={search_term_string}"},"query-input":{"@type":"PropertyValueSpecification","valueRequired":true,"valueName":"search_term_string"}}],"inLanguage":"en-GB"},{"@type":"Organization","@id":"https:\/\/animefigurer.se\/#organization","name":"Animefigurer.se","alternateName":"Anime figurer | Anime shop","url":"https:\/\/animefigurer.se\/","logo":{"@type":"ImageObject","inLanguage":"en-GB","@id":"https:\/\/animefigurer.se\/#\/schema\/logo\/image\/","url":"https:\/\/animefigurer.se\/wp-content\/uploads\/2025\/12\/Animefigurer_logowhite.png","contentUrl":"https:\/\/animefigurer.se\/wp-content\/uploads\/2025\/12\/Animefigurer_logowhite.png","width":1890,"height":1417,"caption":"Animefigurer.se"},"image":{"@id":"https:\/\/animefigurer.se\/#\/schema\/logo\/image\/"},"sameAs":["https:\/\/www.facebook.com\/profile.php?id=61581826539670","https:\/\/www.instagram.com\/animefigurer.se\/"],"email":"info@animefigurer.se"}]}},"_links":{"self":[{"href":"https:\/\/animefigurer.se\/en\/wp-json\/wp\/v2\/product\/56852","targetHints":{"allow":["GET"]}}],"collection":[{"href":"https:\/\/animefigurer.se\/en\/wp-json\/wp\/v2\/product"}],"about":[{"href":"https:\/\/animefigurer.se\/en\/wp-json\/wp\/v2\/types\/product"}],"replies":[{"embeddable":true,"href":"https:\/\/animefigurer.se\/en\/wp-json\/wp\/v2\/comments?post=56852"}],"wp:featuredmedia":[{"embeddable":true,"href":"https:\/\/animefigurer.se\/en\/wp-json\/wp\/v2\/media\/56853"}],"wp:attachment":[{"href":"https:\/\/animefigurer.se\/en\/wp-json\/wp\/v2\/media?parent=56852"}],"wp:term":[{"taxonomy":"product_brand","embeddable":true,"href":"https:\/\/animefigurer.se\/en\/wp-json\/wp\/v2\/product_brand?post=56852"},{"taxonomy":"product_cat","embeddable":true,"href":"https:\/\/animefigurer.se\/en\/wp-json\/wp\/v2\/product_cat?post=56852"},{"taxonomy":"product_tag","embeddable":true,"href":"https:\/\/animefigurer.se\/en\/wp-json\/wp\/v2\/product_tag?post=56852"},{"taxonomy":"giftcard-category","embeddable":true,"href":"https:\/\/animefigurer.se\/en\/wp-json\/wp\/v2\/giftcard-category?post=56852"}],"curies":[{"name":"wp","href":"https:\/\/api.w.org\/{rel}","templated":true}]}}