{"id":56739,"date":"2025-10-21T11:43:45","date_gmt":"2025-10-21T09:43:45","guid":{"rendered":"https:\/\/animefigurer.se\/produkt\/idola-phantasy-star-saga-gene-summer-innocent-neutral-chaos\/"},"modified":"2025-12-21T19:33:59","modified_gmt":"2025-12-21T18:33:59","slug":"idola-phantasy-star-saga-gene-summer-innocent-neutral-chaos","status":"publish","type":"product","link":"https:\/\/animefigurer.se\/en\/figurer\/phantasy-star-online\/idola-phantasy-star-saga-gene-summer-innocent-neutral-chaos\/","title":{"rendered":"Idola: Phantasy Star Saga Gene (Summer Innocent Neutral Chaos)"},"content":{"rendered":"<p>From Idola: Phantasy Star Saga, Gene is portrayed by AMAKUNI in his Neutral Chaos &quot;Summer Innocent&quot; costume, dressed in an eye-catching swimsuit.<\/p>\n<p>The swimsuit, designed by Nidy-2D, features intricate decorative details. See-through elements such as the skirt and sunglasses add depth, and the textured details are meticulously crafted. The bust features the Oath Sign, the symbol of chaos, faithfully reproduced. The skirt is removable for varied display.<\/p>\n<p>The figure&#039;s exposed skin surface is treated with Smooth Skin technology for a soft and more realistic feel.<\/p>","protected":false},"excerpt":{"rendered":"<p>From Idola: Phantasy Star Saga, Gene is portrayed by AMAKUNI in his Neutral Chaos &quot;Summer Innocent&quot; costume, dressed in an eye-catching swimsuit.<\/p>\n<p>The swimsuit, designed by Nidy-2D, features intricate decorative details. Sheer elements like the skirt and sunglasses add depth, and the textured details are enough<\/p>","protected":false},"featured_media":56740,"comment_status":"closed","ping_status":"open","template":"","meta":{"_acf_changed":false,"_monsterinsights_skip_tracking":false,"_monsterinsights_sitenote_active":false,"_monsterinsights_sitenote_note":"","_monsterinsights_sitenote_category":0},"product_brand":[6907],"product_cat":[4464,7233],"product_tag":[26],"giftcard-category":[],"class_list":{"0":"post-56739","1":"product","2":"type-product","3":"status-publish","4":"has-post-thumbnail","6":"product_brand-amakuni","7":"product_cat-phantasy-star-online","8":"product_cat-pre-order","9":"product_tag-pre-order","10":"pa_franchise-idola-phantasy-star-saga","11":"pa_karaktar-gene","12":"pa_material-pvc-abs","13":"pa_skala-41","14":"pa_storlek-27-cm","16":"first","17":"instock","18":"taxable","19":"shipping-taxable","20":"purchasable","21":"product-type-simple"},"acf":[],"yoast_head":"<!-- This site is optimized with the Yoast SEO Premium plugin v24.6 (Yoast SEO v27.3) - https:\/\/yoast.com\/product\/yoast-seo-premium-wordpress\/ -->\n<title>Idola: Phantasy Star Saga Gene (Summer Innocent Neutral Chaos) | Animefigurer.se<\/title>\n<meta name=\"robots\" content=\"index, follow, max-snippet:-1, max-image-preview:large, max-video-preview:-1\" \/>\n<link rel=\"canonical\" href=\"https:\/\/animefigurer.se\/en\/figurer\/phantasy-star-online\/idola-phantasy-star-saga-gene-summer-innocent-neutral-chaos\/\" \/>\n<meta property=\"og:locale\" content=\"en_GB\" \/>\n<meta property=\"og:type\" content=\"article\" \/>\n<meta property=\"og:title\" content=\"Idola: Phantasy Star Saga Gene (Summer Innocent Neutral Chaos)\" \/>\n<meta property=\"og:description\" content=\"Fr\u00e5n Idola: Phantasy Star Saga \u00e5terges Gene av AMAKUNI i sin Neutral Chaos &quot;Summer Innocent&quot;-dr\u00e4kt, kl\u00e4dd i en i\u00f6gonfallande baddr\u00e4kt. Baddr\u00e4kten, designad av Nidy-2D, har intrikata dekorativa detaljer. Genomskinliga element som kjolen och solglas\u00f6gonen ger extra djup, och strukturdetaljerna \u00e4r nog\" \/>\n<meta property=\"og:url\" content=\"https:\/\/animefigurer.se\/en\/figurer\/phantasy-star-online\/idola-phantasy-star-saga-gene-summer-innocent-neutral-chaos\/\" \/>\n<meta property=\"og:site_name\" content=\"Animefigurer.se\" \/>\n<meta property=\"article:publisher\" content=\"https:\/\/www.facebook.com\/profile.php?id=61581826539670\" \/>\n<meta property=\"article:modified_time\" content=\"2025-12-21T18:33:59+00:00\" \/>\n<meta property=\"og:image\" content=\"https:\/\/animefigurer.se\/wp-content\/uploads\/2025\/12\/Animefigurer_logowhite.png\" \/>\n\t<meta property=\"og:image:width\" content=\"1890\" \/>\n\t<meta property=\"og:image:height\" content=\"1417\" \/>\n\t<meta property=\"og:image:type\" content=\"image\/png\" \/>\n<meta name=\"twitter:card\" content=\"summary_large_image\" \/>\n<script type=\"application\/ld+json\" class=\"yoast-schema-graph\">{\"@context\":\"https:\\\/\\\/schema.org\",\"@graph\":[{\"@type\":\"WebPage\",\"@id\":\"https:\\\/\\\/animefigurer.se\\\/figurer\\\/phantasy-star-online\\\/idola-phantasy-star-saga-gene-summer-innocent-neutral-chaos\\\/\",\"url\":\"https:\\\/\\\/animefigurer.se\\\/figurer\\\/phantasy-star-online\\\/idola-phantasy-star-saga-gene-summer-innocent-neutral-chaos\\\/\",\"name\":\"Idola: Phantasy Star Saga Gene (Summer Innocent Neutral Chaos) | Animefigurer.se\",\"isPartOf\":{\"@id\":\"https:\\\/\\\/animefigurer.se\\\/#website\"},\"primaryImageOfPage\":{\"@id\":\"https:\\\/\\\/animefigurer.se\\\/figurer\\\/phantasy-star-online\\\/idola-phantasy-star-saga-gene-summer-innocent-neutral-chaos\\\/#primaryimage\"},\"image\":{\"@id\":\"https:\\\/\\\/animefigurer.se\\\/figurer\\\/phantasy-star-online\\\/idola-phantasy-star-saga-gene-summer-innocent-neutral-chaos\\\/#primaryimage\"},\"thumbnailUrl\":\"https:\\\/\\\/animefigurer.se\\\/wp-content\\\/uploads\\\/2025\\\/10\\\/67729b6936f69.jpeg\",\"datePublished\":\"2025-10-21T09:43:45+00:00\",\"dateModified\":\"2025-12-21T18:33:59+00:00\",\"breadcrumb\":{\"@id\":\"https:\\\/\\\/animefigurer.se\\\/figurer\\\/phantasy-star-online\\\/idola-phantasy-star-saga-gene-summer-innocent-neutral-chaos\\\/#breadcrumb\"},\"inLanguage\":\"en-GB\",\"potentialAction\":[{\"@type\":\"ReadAction\",\"target\":[\"https:\\\/\\\/animefigurer.se\\\/figurer\\\/phantasy-star-online\\\/idola-phantasy-star-saga-gene-summer-innocent-neutral-chaos\\\/\"]}]},{\"@type\":\"ImageObject\",\"inLanguage\":\"en-GB\",\"@id\":\"https:\\\/\\\/animefigurer.se\\\/figurer\\\/phantasy-star-online\\\/idola-phantasy-star-saga-gene-summer-innocent-neutral-chaos\\\/#primaryimage\",\"url\":\"https:\\\/\\\/animefigurer.se\\\/wp-content\\\/uploads\\\/2025\\\/10\\\/67729b6936f69.jpeg\",\"contentUrl\":\"https:\\\/\\\/animefigurer.se\\\/wp-content\\\/uploads\\\/2025\\\/10\\\/67729b6936f69.jpeg\",\"width\":720,\"height\":540},{\"@type\":\"BreadcrumbList\",\"@id\":\"https:\\\/\\\/animefigurer.se\\\/figurer\\\/phantasy-star-online\\\/idola-phantasy-star-saga-gene-summer-innocent-neutral-chaos\\\/#breadcrumb\",\"itemListElement\":[{\"@type\":\"ListItem\",\"position\":1,\"name\":\"Home\",\"item\":\"https:\\\/\\\/animefigurer.se\\\/\"},{\"@type\":\"ListItem\",\"position\":2,\"name\":\"Butik\",\"item\":\"https:\\\/\\\/animefigurer.se\\\/figurer\\\/\"},{\"@type\":\"ListItem\",\"position\":3,\"name\":\"Idola: Phantasy Star Saga Gene (Summer Innocent Neutral Chaos)\"}]},{\"@type\":\"WebSite\",\"@id\":\"https:\\\/\\\/animefigurer.se\\\/#website\",\"url\":\"https:\\\/\\\/animefigurer.se\\\/\",\"name\":\"Animefigurer.se\",\"description\":\"Anime figurer fr\u00e5n \u00f6ver 300 olika anime serier med \u00f6ver 9000 produkter | Anime Shop\",\"publisher\":{\"@id\":\"https:\\\/\\\/animefigurer.se\\\/#organization\"},\"potentialAction\":[{\"@type\":\"SearchAction\",\"target\":{\"@type\":\"EntryPoint\",\"urlTemplate\":\"https:\\\/\\\/animefigurer.se\\\/?s={search_term_string}\"},\"query-input\":{\"@type\":\"PropertyValueSpecification\",\"valueRequired\":true,\"valueName\":\"search_term_string\"}}],\"inLanguage\":\"en-GB\"},{\"@type\":\"Organization\",\"@id\":\"https:\\\/\\\/animefigurer.se\\\/#organization\",\"name\":\"Animefigurer.se\",\"alternateName\":\"Anime figurer | Anime shop\",\"url\":\"https:\\\/\\\/animefigurer.se\\\/\",\"logo\":{\"@type\":\"ImageObject\",\"inLanguage\":\"en-GB\",\"@id\":\"https:\\\/\\\/animefigurer.se\\\/#\\\/schema\\\/logo\\\/image\\\/\",\"url\":\"https:\\\/\\\/animefigurer.se\\\/wp-content\\\/uploads\\\/2025\\\/12\\\/Animefigurer_logowhite.png\",\"contentUrl\":\"https:\\\/\\\/animefigurer.se\\\/wp-content\\\/uploads\\\/2025\\\/12\\\/Animefigurer_logowhite.png\",\"width\":1890,\"height\":1417,\"caption\":\"Animefigurer.se\"},\"image\":{\"@id\":\"https:\\\/\\\/animefigurer.se\\\/#\\\/schema\\\/logo\\\/image\\\/\"},\"sameAs\":[\"https:\\\/\\\/www.facebook.com\\\/profile.php?id=61581826539670\",\"https:\\\/\\\/www.instagram.com\\\/animefigurer.se\\\/\"],\"email\":\"info@animefigurer.se\"}]}<\/script>\n<!-- \/ Yoast SEO Premium plugin. -->","yoast_head_json":{"title":"Idola: Phantasy Star Saga Gene (Summer Innocent Neutral Chaos) | Animefigurer.se","robots":{"index":"index","follow":"follow","max-snippet":"max-snippet:-1","max-image-preview":"max-image-preview:large","max-video-preview":"max-video-preview:-1"},"canonical":"https:\/\/animefigurer.se\/en\/figurer\/phantasy-star-online\/idola-phantasy-star-saga-gene-summer-innocent-neutral-chaos\/","og_locale":"en_GB","og_type":"article","og_title":"Idola: Phantasy Star Saga Gene (Summer Innocent Neutral Chaos)","og_description":"Fr\u00e5n Idola: Phantasy Star Saga \u00e5terges Gene av AMAKUNI i sin Neutral Chaos \"Summer Innocent\"-dr\u00e4kt, kl\u00e4dd i en i\u00f6gonfallande baddr\u00e4kt. Baddr\u00e4kten, designad av Nidy-2D, har intrikata dekorativa detaljer. Genomskinliga element som kjolen och solglas\u00f6gonen ger extra djup, och strukturdetaljerna \u00e4r nog","og_url":"https:\/\/animefigurer.se\/en\/figurer\/phantasy-star-online\/idola-phantasy-star-saga-gene-summer-innocent-neutral-chaos\/","og_site_name":"Animefigurer.se","article_publisher":"https:\/\/www.facebook.com\/profile.php?id=61581826539670","article_modified_time":"2025-12-21T18:33:59+00:00","og_image":[{"width":1890,"height":1417,"url":"https:\/\/animefigurer.se\/wp-content\/uploads\/2025\/12\/Animefigurer_logowhite.png","type":"image\/png"}],"twitter_card":"summary_large_image","schema":{"@context":"https:\/\/schema.org","@graph":[{"@type":"WebPage","@id":"https:\/\/animefigurer.se\/figurer\/phantasy-star-online\/idola-phantasy-star-saga-gene-summer-innocent-neutral-chaos\/","url":"https:\/\/animefigurer.se\/figurer\/phantasy-star-online\/idola-phantasy-star-saga-gene-summer-innocent-neutral-chaos\/","name":"Idola: Phantasy Star Saga Gene (Summer Innocent Neutral Chaos) | Animefigurer.se","isPartOf":{"@id":"https:\/\/animefigurer.se\/#website"},"primaryImageOfPage":{"@id":"https:\/\/animefigurer.se\/figurer\/phantasy-star-online\/idola-phantasy-star-saga-gene-summer-innocent-neutral-chaos\/#primaryimage"},"image":{"@id":"https:\/\/animefigurer.se\/figurer\/phantasy-star-online\/idola-phantasy-star-saga-gene-summer-innocent-neutral-chaos\/#primaryimage"},"thumbnailUrl":"https:\/\/animefigurer.se\/wp-content\/uploads\/2025\/10\/67729b6936f69.jpeg","datePublished":"2025-10-21T09:43:45+00:00","dateModified":"2025-12-21T18:33:59+00:00","breadcrumb":{"@id":"https:\/\/animefigurer.se\/figurer\/phantasy-star-online\/idola-phantasy-star-saga-gene-summer-innocent-neutral-chaos\/#breadcrumb"},"inLanguage":"en-GB","potentialAction":[{"@type":"ReadAction","target":["https:\/\/animefigurer.se\/figurer\/phantasy-star-online\/idola-phantasy-star-saga-gene-summer-innocent-neutral-chaos\/"]}]},{"@type":"ImageObject","inLanguage":"en-GB","@id":"https:\/\/animefigurer.se\/figurer\/phantasy-star-online\/idola-phantasy-star-saga-gene-summer-innocent-neutral-chaos\/#primaryimage","url":"https:\/\/animefigurer.se\/wp-content\/uploads\/2025\/10\/67729b6936f69.jpeg","contentUrl":"https:\/\/animefigurer.se\/wp-content\/uploads\/2025\/10\/67729b6936f69.jpeg","width":720,"height":540},{"@type":"BreadcrumbList","@id":"https:\/\/animefigurer.se\/figurer\/phantasy-star-online\/idola-phantasy-star-saga-gene-summer-innocent-neutral-chaos\/#breadcrumb","itemListElement":[{"@type":"ListItem","position":1,"name":"Home","item":"https:\/\/animefigurer.se\/"},{"@type":"ListItem","position":2,"name":"Butik","item":"https:\/\/animefigurer.se\/figurer\/"},{"@type":"ListItem","position":3,"name":"Idola: Phantasy Star Saga Gene (Summer Innocent Neutral Chaos)"}]},{"@type":"WebSite","@id":"https:\/\/animefigurer.se\/#website","url":"https:\/\/animefigurer.se\/","name":"Animefigurer.se","description":"Anime figures from over 300 different anime series with over 9000 products | Anime Shop","publisher":{"@id":"https:\/\/animefigurer.se\/#organization"},"potentialAction":[{"@type":"SearchAction","target":{"@type":"EntryPoint","urlTemplate":"https:\/\/animefigurer.se\/?s={search_term_string}"},"query-input":{"@type":"PropertyValueSpecification","valueRequired":true,"valueName":"search_term_string"}}],"inLanguage":"en-GB"},{"@type":"Organization","@id":"https:\/\/animefigurer.se\/#organization","name":"Animefigurer.se","alternateName":"Anime figurer | Anime shop","url":"https:\/\/animefigurer.se\/","logo":{"@type":"ImageObject","inLanguage":"en-GB","@id":"https:\/\/animefigurer.se\/#\/schema\/logo\/image\/","url":"https:\/\/animefigurer.se\/wp-content\/uploads\/2025\/12\/Animefigurer_logowhite.png","contentUrl":"https:\/\/animefigurer.se\/wp-content\/uploads\/2025\/12\/Animefigurer_logowhite.png","width":1890,"height":1417,"caption":"Animefigurer.se"},"image":{"@id":"https:\/\/animefigurer.se\/#\/schema\/logo\/image\/"},"sameAs":["https:\/\/www.facebook.com\/profile.php?id=61581826539670","https:\/\/www.instagram.com\/animefigurer.se\/"],"email":"info@animefigurer.se"}]}},"_links":{"self":[{"href":"https:\/\/animefigurer.se\/en\/wp-json\/wp\/v2\/product\/56739","targetHints":{"allow":["GET"]}}],"collection":[{"href":"https:\/\/animefigurer.se\/en\/wp-json\/wp\/v2\/product"}],"about":[{"href":"https:\/\/animefigurer.se\/en\/wp-json\/wp\/v2\/types\/product"}],"replies":[{"embeddable":true,"href":"https:\/\/animefigurer.se\/en\/wp-json\/wp\/v2\/comments?post=56739"}],"wp:featuredmedia":[{"embeddable":true,"href":"https:\/\/animefigurer.se\/en\/wp-json\/wp\/v2\/media\/56740"}],"wp:attachment":[{"href":"https:\/\/animefigurer.se\/en\/wp-json\/wp\/v2\/media?parent=56739"}],"wp:term":[{"taxonomy":"product_brand","embeddable":true,"href":"https:\/\/animefigurer.se\/en\/wp-json\/wp\/v2\/product_brand?post=56739"},{"taxonomy":"product_cat","embeddable":true,"href":"https:\/\/animefigurer.se\/en\/wp-json\/wp\/v2\/product_cat?post=56739"},{"taxonomy":"product_tag","embeddable":true,"href":"https:\/\/animefigurer.se\/en\/wp-json\/wp\/v2\/product_tag?post=56739"},{"taxonomy":"giftcard-category","embeddable":true,"href":"https:\/\/animefigurer.se\/en\/wp-json\/wp\/v2\/giftcard-category?post=56739"}],"curies":[{"name":"wp","href":"https:\/\/api.w.org\/{rel}","templated":true}]}}