{"id":55999,"date":"2025-10-21T11:34:41","date_gmt":"2025-10-21T09:34:41","guid":{"rendered":"https:\/\/animefigurer.se\/produkt\/overlord-desktop-cute-albedo-chinese-dress-renewal-ver-figure\/"},"modified":"2026-04-21T05:07:57","modified_gmt":"2026-04-21T03:07:57","slug":"overlord-desktop-cute-albedo-chinese-dress-renewal-ver-figure","status":"publish","type":"product","link":"https:\/\/animefigurer.se\/en\/figurer\/overlord\/overlord-desktop-cute-albedo-chinese-dress-renewal-ver-figure\/","title":{"rendered":"Overlord Desktop Cute Albedo (Chinese Dress Renewal Ver.) Figure"},"content":{"rendered":"<p>Taito presents Desktop Cute Albedo (Chinese Dress Renewal Ver.) from Overlord! Dressed in a beautiful red Chinese dress, she takes a break after a long evening with her beloved. The figure is richly detailed and an elegant choice for fans who want a festive version of Albedo.<\/p>","protected":false},"excerpt":{"rendered":"<p>Taito presents Desktop Cute Albedo (Chinese Dress Renewal Ver.) from Overlord! Dressed in a beautiful red Chinese dress, she takes a break after a long evening with her beloved. The figure is richly detailed and an elegant choice for fans who want a festive version of Albedo.<\/p>","protected":false},"featured_media":56000,"comment_status":"closed","ping_status":"closed","template":"","meta":{"_acf_changed":false,"_monsterinsights_skip_tracking":false,"_monsterinsights_sitenote_active":false,"_monsterinsights_sitenote_note":"","_monsterinsights_sitenote_category":0},"product_brand":[7161],"product_cat":[4393],"product_tag":[24],"giftcard-category":[],"class_list":{"0":"post-55999","1":"product","2":"type-product","3":"status-publish","4":"has-post-thumbnail","6":"product_brand-taito-prize","7":"product_cat-overlord","8":"product_tag-2-3-weeks","9":"pa_franchise-overlord","10":"pa_karaktar-albedo","11":"pa_material-pvc-abs","12":"pa_storlek-13-cm","14":"first","15":"instock","16":"taxable","17":"shipping-taxable","18":"purchasable","19":"product-type-simple"},"acf":[],"yoast_head":"<!-- This site is optimized with the Yoast SEO Premium plugin v24.6 (Yoast SEO v27.4) - https:\/\/yoast.com\/product\/yoast-seo-premium-wordpress\/ -->\n<title>Overlord Desktop Cute Albedo (Chinese Dress Renewal Ver.) Figure | Animefigurer.se<\/title>\n<meta name=\"robots\" content=\"index, follow, max-snippet:-1, max-image-preview:large, max-video-preview:-1\" \/>\n<link rel=\"canonical\" href=\"https:\/\/animefigurer.se\/en\/figurer\/overlord\/overlord-desktop-cute-albedo-chinese-dress-renewal-ver-figure\/\" \/>\n<meta property=\"og:locale\" content=\"en_GB\" \/>\n<meta property=\"og:type\" content=\"article\" \/>\n<meta property=\"og:title\" content=\"Overlord Desktop Cute Albedo (Chinese Dress Renewal Ver.) Figure\" \/>\n<meta property=\"og:description\" content=\"Taito presenterar Desktop Cute Albedo (Chinese Dress Renewal Ver.) fr\u00e5n Overlord! Kl\u00e4dd i en vacker r\u00f6d kinesisk kl\u00e4nning tar hon en paus efter en l\u00e5ng kv\u00e4ll med sin \u00e4lskade. Figuren \u00e4r rikt detaljerad och ett elegant val f\u00f6r fans som vill ha en festlig variant av Albedo.\" \/>\n<meta property=\"og:url\" content=\"https:\/\/animefigurer.se\/en\/figurer\/overlord\/overlord-desktop-cute-albedo-chinese-dress-renewal-ver-figure\/\" \/>\n<meta property=\"og:site_name\" content=\"Animefigurer.se\" \/>\n<meta property=\"article:publisher\" content=\"https:\/\/www.facebook.com\/profile.php?id=61581826539670\" \/>\n<meta property=\"article:modified_time\" content=\"2026-04-21T03:07:57+00:00\" \/>\n<meta property=\"og:image\" content=\"https:\/\/animefigurer.se\/wp-content\/uploads\/2025\/12\/Animefigurer_logowhite.png\" \/>\n\t<meta property=\"og:image:width\" content=\"1890\" \/>\n\t<meta property=\"og:image:height\" content=\"1417\" \/>\n\t<meta property=\"og:image:type\" content=\"image\/png\" \/>\n<meta name=\"twitter:card\" content=\"summary_large_image\" \/>\n<meta name=\"twitter:label1\" content=\"Estimated reading time\" \/>\n\t<meta name=\"twitter:data1\" content=\"1 minute\" \/>\n<script type=\"application\/ld+json\" class=\"yoast-schema-graph\">{\"@context\":\"https:\\\/\\\/schema.org\",\"@graph\":[{\"@type\":\"WebPage\",\"@id\":\"https:\\\/\\\/animefigurer.se\\\/figurer\\\/overlord\\\/overlord-desktop-cute-albedo-chinese-dress-renewal-ver-figure\\\/\",\"url\":\"https:\\\/\\\/animefigurer.se\\\/figurer\\\/overlord\\\/overlord-desktop-cute-albedo-chinese-dress-renewal-ver-figure\\\/\",\"name\":\"Overlord Desktop Cute Albedo (Chinese Dress Renewal Ver.) Figure | Animefigurer.se\",\"isPartOf\":{\"@id\":\"https:\\\/\\\/animefigurer.se\\\/#website\"},\"primaryImageOfPage\":{\"@id\":\"https:\\\/\\\/animefigurer.se\\\/figurer\\\/overlord\\\/overlord-desktop-cute-albedo-chinese-dress-renewal-ver-figure\\\/#primaryimage\"},\"image\":{\"@id\":\"https:\\\/\\\/animefigurer.se\\\/figurer\\\/overlord\\\/overlord-desktop-cute-albedo-chinese-dress-renewal-ver-figure\\\/#primaryimage\"},\"thumbnailUrl\":\"https:\\\/\\\/animefigurer.se\\\/wp-content\\\/uploads\\\/2025\\\/10\\\/684decd081cbe.jpeg\",\"datePublished\":\"2025-10-21T09:34:41+00:00\",\"dateModified\":\"2026-04-21T03:07:57+00:00\",\"breadcrumb\":{\"@id\":\"https:\\\/\\\/animefigurer.se\\\/figurer\\\/overlord\\\/overlord-desktop-cute-albedo-chinese-dress-renewal-ver-figure\\\/#breadcrumb\"},\"inLanguage\":\"en-GB\",\"potentialAction\":[{\"@type\":\"ReadAction\",\"target\":[\"https:\\\/\\\/animefigurer.se\\\/figurer\\\/overlord\\\/overlord-desktop-cute-albedo-chinese-dress-renewal-ver-figure\\\/\"]}]},{\"@type\":\"ImageObject\",\"inLanguage\":\"en-GB\",\"@id\":\"https:\\\/\\\/animefigurer.se\\\/figurer\\\/overlord\\\/overlord-desktop-cute-albedo-chinese-dress-renewal-ver-figure\\\/#primaryimage\",\"url\":\"https:\\\/\\\/animefigurer.se\\\/wp-content\\\/uploads\\\/2025\\\/10\\\/684decd081cbe.jpeg\",\"contentUrl\":\"https:\\\/\\\/animefigurer.se\\\/wp-content\\\/uploads\\\/2025\\\/10\\\/684decd081cbe.jpeg\",\"width\":900,\"height\":675},{\"@type\":\"BreadcrumbList\",\"@id\":\"https:\\\/\\\/animefigurer.se\\\/figurer\\\/overlord\\\/overlord-desktop-cute-albedo-chinese-dress-renewal-ver-figure\\\/#breadcrumb\",\"itemListElement\":[{\"@type\":\"ListItem\",\"position\":1,\"name\":\"Home\",\"item\":\"https:\\\/\\\/animefigurer.se\\\/\"},{\"@type\":\"ListItem\",\"position\":2,\"name\":\"Butik\",\"item\":\"https:\\\/\\\/animefigurer.se\\\/figurer\\\/\"},{\"@type\":\"ListItem\",\"position\":3,\"name\":\"Overlord Desktop Cute Albedo (Chinese Dress Renewal Ver.) Figure\"}]},{\"@type\":\"WebSite\",\"@id\":\"https:\\\/\\\/animefigurer.se\\\/#website\",\"url\":\"https:\\\/\\\/animefigurer.se\\\/\",\"name\":\"Animefigurer.se\",\"description\":\"Anime figurer fr\u00e5n \u00f6ver 300 olika anime serier med \u00f6ver 9000 produkter | Anime Shop\",\"publisher\":{\"@id\":\"https:\\\/\\\/animefigurer.se\\\/#organization\"},\"potentialAction\":[{\"@type\":\"SearchAction\",\"target\":{\"@type\":\"EntryPoint\",\"urlTemplate\":\"https:\\\/\\\/animefigurer.se\\\/?s={search_term_string}\"},\"query-input\":{\"@type\":\"PropertyValueSpecification\",\"valueRequired\":true,\"valueName\":\"search_term_string\"}}],\"inLanguage\":\"en-GB\"},{\"@type\":\"Organization\",\"@id\":\"https:\\\/\\\/animefigurer.se\\\/#organization\",\"name\":\"Animefigurer.se\",\"alternateName\":\"Anime figurer | Anime shop\",\"url\":\"https:\\\/\\\/animefigurer.se\\\/\",\"logo\":{\"@type\":\"ImageObject\",\"inLanguage\":\"en-GB\",\"@id\":\"https:\\\/\\\/animefigurer.se\\\/#\\\/schema\\\/logo\\\/image\\\/\",\"url\":\"https:\\\/\\\/animefigurer.se\\\/wp-content\\\/uploads\\\/2025\\\/12\\\/Animefigurer_logowhite.png\",\"contentUrl\":\"https:\\\/\\\/animefigurer.se\\\/wp-content\\\/uploads\\\/2025\\\/12\\\/Animefigurer_logowhite.png\",\"width\":1890,\"height\":1417,\"caption\":\"Animefigurer.se\"},\"image\":{\"@id\":\"https:\\\/\\\/animefigurer.se\\\/#\\\/schema\\\/logo\\\/image\\\/\"},\"sameAs\":[\"https:\\\/\\\/www.facebook.com\\\/profile.php?id=61581826539670\",\"https:\\\/\\\/www.instagram.com\\\/animefigurer.se\\\/\"],\"email\":\"info@animefigurer.se\"}]}<\/script>\n<!-- \/ Yoast SEO Premium plugin. -->","yoast_head_json":{"title":"Overlord Desktop Cute Albedo (Chinese Dress Renewal Ver.) Figure | Animefigurer.se","robots":{"index":"index","follow":"follow","max-snippet":"max-snippet:-1","max-image-preview":"max-image-preview:large","max-video-preview":"max-video-preview:-1"},"canonical":"https:\/\/animefigurer.se\/en\/figurer\/overlord\/overlord-desktop-cute-albedo-chinese-dress-renewal-ver-figure\/","og_locale":"en_GB","og_type":"article","og_title":"Overlord Desktop Cute Albedo (Chinese Dress Renewal Ver.) Figure","og_description":"Taito presenterar Desktop Cute Albedo (Chinese Dress Renewal Ver.) fr\u00e5n Overlord! Kl\u00e4dd i en vacker r\u00f6d kinesisk kl\u00e4nning tar hon en paus efter en l\u00e5ng kv\u00e4ll med sin \u00e4lskade. Figuren \u00e4r rikt detaljerad och ett elegant val f\u00f6r fans som vill ha en festlig variant av Albedo.","og_url":"https:\/\/animefigurer.se\/en\/figurer\/overlord\/overlord-desktop-cute-albedo-chinese-dress-renewal-ver-figure\/","og_site_name":"Animefigurer.se","article_publisher":"https:\/\/www.facebook.com\/profile.php?id=61581826539670","article_modified_time":"2026-04-21T03:07:57+00:00","og_image":[{"width":1890,"height":1417,"url":"https:\/\/animefigurer.se\/wp-content\/uploads\/2025\/12\/Animefigurer_logowhite.png","type":"image\/png"}],"twitter_card":"summary_large_image","twitter_misc":{"Estimated reading time":"1 minute"},"schema":{"@context":"https:\/\/schema.org","@graph":[{"@type":"WebPage","@id":"https:\/\/animefigurer.se\/figurer\/overlord\/overlord-desktop-cute-albedo-chinese-dress-renewal-ver-figure\/","url":"https:\/\/animefigurer.se\/figurer\/overlord\/overlord-desktop-cute-albedo-chinese-dress-renewal-ver-figure\/","name":"Overlord Desktop Cute Albedo (Chinese Dress Renewal Ver.) Figure | Animefigurer.se","isPartOf":{"@id":"https:\/\/animefigurer.se\/#website"},"primaryImageOfPage":{"@id":"https:\/\/animefigurer.se\/figurer\/overlord\/overlord-desktop-cute-albedo-chinese-dress-renewal-ver-figure\/#primaryimage"},"image":{"@id":"https:\/\/animefigurer.se\/figurer\/overlord\/overlord-desktop-cute-albedo-chinese-dress-renewal-ver-figure\/#primaryimage"},"thumbnailUrl":"https:\/\/animefigurer.se\/wp-content\/uploads\/2025\/10\/684decd081cbe.jpeg","datePublished":"2025-10-21T09:34:41+00:00","dateModified":"2026-04-21T03:07:57+00:00","breadcrumb":{"@id":"https:\/\/animefigurer.se\/figurer\/overlord\/overlord-desktop-cute-albedo-chinese-dress-renewal-ver-figure\/#breadcrumb"},"inLanguage":"en-GB","potentialAction":[{"@type":"ReadAction","target":["https:\/\/animefigurer.se\/figurer\/overlord\/overlord-desktop-cute-albedo-chinese-dress-renewal-ver-figure\/"]}]},{"@type":"ImageObject","inLanguage":"en-GB","@id":"https:\/\/animefigurer.se\/figurer\/overlord\/overlord-desktop-cute-albedo-chinese-dress-renewal-ver-figure\/#primaryimage","url":"https:\/\/animefigurer.se\/wp-content\/uploads\/2025\/10\/684decd081cbe.jpeg","contentUrl":"https:\/\/animefigurer.se\/wp-content\/uploads\/2025\/10\/684decd081cbe.jpeg","width":900,"height":675},{"@type":"BreadcrumbList","@id":"https:\/\/animefigurer.se\/figurer\/overlord\/overlord-desktop-cute-albedo-chinese-dress-renewal-ver-figure\/#breadcrumb","itemListElement":[{"@type":"ListItem","position":1,"name":"Home","item":"https:\/\/animefigurer.se\/"},{"@type":"ListItem","position":2,"name":"Butik","item":"https:\/\/animefigurer.se\/figurer\/"},{"@type":"ListItem","position":3,"name":"Overlord Desktop Cute Albedo (Chinese Dress Renewal Ver.) Figure"}]},{"@type":"WebSite","@id":"https:\/\/animefigurer.se\/#website","url":"https:\/\/animefigurer.se\/","name":"Animefigurer.se","description":"Anime figures from over 300 different anime series with over 9000 products | Anime Shop","publisher":{"@id":"https:\/\/animefigurer.se\/#organization"},"potentialAction":[{"@type":"SearchAction","target":{"@type":"EntryPoint","urlTemplate":"https:\/\/animefigurer.se\/?s={search_term_string}"},"query-input":{"@type":"PropertyValueSpecification","valueRequired":true,"valueName":"search_term_string"}}],"inLanguage":"en-GB"},{"@type":"Organization","@id":"https:\/\/animefigurer.se\/#organization","name":"Animefigurer.se","alternateName":"Anime figurer | Anime shop","url":"https:\/\/animefigurer.se\/","logo":{"@type":"ImageObject","inLanguage":"en-GB","@id":"https:\/\/animefigurer.se\/#\/schema\/logo\/image\/","url":"https:\/\/animefigurer.se\/wp-content\/uploads\/2025\/12\/Animefigurer_logowhite.png","contentUrl":"https:\/\/animefigurer.se\/wp-content\/uploads\/2025\/12\/Animefigurer_logowhite.png","width":1890,"height":1417,"caption":"Animefigurer.se"},"image":{"@id":"https:\/\/animefigurer.se\/#\/schema\/logo\/image\/"},"sameAs":["https:\/\/www.facebook.com\/profile.php?id=61581826539670","https:\/\/www.instagram.com\/animefigurer.se\/"],"email":"info@animefigurer.se"}]}},"_links":{"self":[{"href":"https:\/\/animefigurer.se\/en\/wp-json\/wp\/v2\/product\/55999","targetHints":{"allow":["GET"]}}],"collection":[{"href":"https:\/\/animefigurer.se\/en\/wp-json\/wp\/v2\/product"}],"about":[{"href":"https:\/\/animefigurer.se\/en\/wp-json\/wp\/v2\/types\/product"}],"replies":[{"embeddable":true,"href":"https:\/\/animefigurer.se\/en\/wp-json\/wp\/v2\/comments?post=55999"}],"wp:featuredmedia":[{"embeddable":true,"href":"https:\/\/animefigurer.se\/en\/wp-json\/wp\/v2\/media\/56000"}],"wp:attachment":[{"href":"https:\/\/animefigurer.se\/en\/wp-json\/wp\/v2\/media?parent=55999"}],"wp:term":[{"taxonomy":"product_brand","embeddable":true,"href":"https:\/\/animefigurer.se\/en\/wp-json\/wp\/v2\/product_brand?post=55999"},{"taxonomy":"product_cat","embeddable":true,"href":"https:\/\/animefigurer.se\/en\/wp-json\/wp\/v2\/product_cat?post=55999"},{"taxonomy":"product_tag","embeddable":true,"href":"https:\/\/animefigurer.se\/en\/wp-json\/wp\/v2\/product_tag?post=55999"},{"taxonomy":"giftcard-category","embeddable":true,"href":"https:\/\/animefigurer.se\/en\/wp-json\/wp\/v2\/giftcard-category?post=55999"}],"curies":[{"name":"wp","href":"https:\/\/api.w.org\/{rel}","templated":true}]}}