{"id":55817,"date":"2025-10-21T11:33:27","date_gmt":"2025-10-21T09:33:27","guid":{"rendered":"https:\/\/animefigurer.se\/produkt\/overlord-premium-masterline-albedo-1-4-scale-statue\/"},"modified":"2025-12-21T19:33:50","modified_gmt":"2025-12-21T18:33:50","slug":"overlord-premium-masterline-albedo-1-4-scale-statue","status":"publish","type":"product","link":"https:\/\/animefigurer.se\/en\/figurer\/overlord\/overlord-premium-masterline-albedo-1-4-scale-statue\/","title":{"rendered":"Overlord Premium Masterline Albedo 1\/4 Scale Statue"},"content":{"rendered":"<p>Glory to the Overlord \u2014 Albedo comes to life in the Premium Masterline in impressive 1\/4 scale!<\/p>\n<p>The overseer of the guardians of Nazarick is depicted here in a calm, stately moment: resting her wings and relaxing under the protection of her master. Her body is shaped into an elegant S-line with sloping shoulders, crossed legs, and a hand playfully covering her mouth\u2014a gesture that enhances her mystery and refined charm.<\/p>\n<p>The contrast between her shimmering white dress and dark black wings is meticulously rendered. Her skin is rendered with light transparency, her purple hair tips and golden, slitted eyes meticulously painted to capture every nuance of the character. Around her is Ainz Ooal Gown&#039;s massive, undead hand, cradling her with a gray-cracked texture \u2014 a visual expression of their unbreakable bond, enhanced by decorative gold details.<\/p>\n<p>Sculpting, coloring, and concept come together in this Premium Masterline statue to create a powerful and faithful interpretation of Albedo&#039;s character. A must-have for your Nazarick collection.<\/p>","protected":false},"excerpt":{"rendered":"<p>Glory to the Overlord \u2014 Albedo comes to life in the Premium Masterline in impressive 1\/4 scale!<\/p>\n<p>The overseer of the guardians of Nazarick is depicted here in a calm, stately moment: resting her wings and relaxing under the protection of her master. Her body is shaped into an elegant S-line with the lute<\/p>","protected":false},"featured_media":55818,"comment_status":"closed","ping_status":"open","template":"","meta":{"_acf_changed":false,"_monsterinsights_skip_tracking":false,"_monsterinsights_sitenote_active":false,"_monsterinsights_sitenote_note":"","_monsterinsights_sitenote_category":0},"product_brand":[7111],"product_cat":[4393,7233],"product_tag":[26],"giftcard-category":[],"class_list":{"0":"post-55817","1":"product","2":"type-product","3":"status-publish","4":"has-post-thumbnail","6":"product_brand-prime-1-studio","7":"product_cat-overlord","8":"product_cat-pre-order","9":"product_tag-pre-order","10":"pa_franchise-overlord","11":"pa_karaktar-albedo","12":"pa_material-polyston-and-other-materials","13":"pa_skala-54","14":"pa_storlek-54-cm","16":"first","17":"instock","18":"taxable","19":"shipping-taxable","20":"purchasable","21":"product-type-simple"},"acf":[],"yoast_head":"<!-- This site is optimized with the Yoast SEO Premium plugin v24.6 (Yoast SEO v27.4) - https:\/\/yoast.com\/product\/yoast-seo-premium-wordpress\/ -->\n<title>Overlord Premium Masterline Albedo 1\/4 Scale Statue | Animefigurer.se<\/title>\n<meta name=\"robots\" content=\"index, follow, max-snippet:-1, max-image-preview:large, max-video-preview:-1\" \/>\n<link rel=\"canonical\" href=\"https:\/\/animefigurer.se\/en\/figurer\/overlord\/overlord-premium-masterline-albedo-1-4-scale-statue\/\" \/>\n<meta property=\"og:locale\" content=\"en_GB\" \/>\n<meta property=\"og:type\" content=\"article\" \/>\n<meta property=\"og:title\" content=\"Overlord Premium Masterline Albedo 1\/4 Scale Statue\" \/>\n<meta property=\"og:description\" content=\"\u00c4ra vare Overlord \u2014 Albedo v\u00e4cks till liv i Premium Masterline i imponerande skala 1\/4! Tillsyningsmannen f\u00f6r v\u00e4ktarna i Nazarick avbildas h\u00e4r i ett rofyllt, st\u00e5tligt \u00f6gonblick: hon vilar sina vingar och slappnar av under beskydd av sin m\u00e4stare. Hennes kropp formas till en elegant S\u2011linje med lutan\" \/>\n<meta property=\"og:url\" content=\"https:\/\/animefigurer.se\/en\/figurer\/overlord\/overlord-premium-masterline-albedo-1-4-scale-statue\/\" \/>\n<meta property=\"og:site_name\" content=\"Animefigurer.se\" \/>\n<meta property=\"article:publisher\" content=\"https:\/\/www.facebook.com\/profile.php?id=61581826539670\" \/>\n<meta property=\"article:modified_time\" content=\"2025-12-21T18:33:50+00:00\" \/>\n<meta property=\"og:image\" content=\"https:\/\/animefigurer.se\/wp-content\/uploads\/2025\/12\/Animefigurer_logowhite.png\" \/>\n\t<meta property=\"og:image:width\" content=\"1890\" \/>\n\t<meta property=\"og:image:height\" content=\"1417\" \/>\n\t<meta property=\"og:image:type\" content=\"image\/png\" \/>\n<meta name=\"twitter:card\" content=\"summary_large_image\" \/>\n<meta name=\"twitter:label1\" content=\"Estimated reading time\" \/>\n\t<meta name=\"twitter:data1\" content=\"1 minute\" \/>\n<script type=\"application\/ld+json\" class=\"yoast-schema-graph\">{\"@context\":\"https:\\\/\\\/schema.org\",\"@graph\":[{\"@type\":\"WebPage\",\"@id\":\"https:\\\/\\\/animefigurer.se\\\/en\\\/figurer\\\/overlord\\\/overlord-premium-masterline-albedo-1-4-scale-statue\\\/\",\"url\":\"https:\\\/\\\/animefigurer.se\\\/en\\\/figurer\\\/overlord\\\/overlord-premium-masterline-albedo-1-4-scale-statue\\\/\",\"name\":\"Overlord Premium Masterline Albedo 1\\\/4 Scale Statue | Animefigurer.se\",\"isPartOf\":{\"@id\":\"https:\\\/\\\/animefigurer.se\\\/#website\"},\"primaryImageOfPage\":{\"@id\":\"https:\\\/\\\/animefigurer.se\\\/en\\\/figurer\\\/overlord\\\/overlord-premium-masterline-albedo-1-4-scale-statue\\\/#primaryimage\"},\"image\":{\"@id\":\"https:\\\/\\\/animefigurer.se\\\/en\\\/figurer\\\/overlord\\\/overlord-premium-masterline-albedo-1-4-scale-statue\\\/#primaryimage\"},\"thumbnailUrl\":\"https:\\\/\\\/animefigurer.se\\\/wp-content\\\/uploads\\\/2025\\\/10\\\/6732017b1b2ef.jpeg\",\"datePublished\":\"2025-10-21T09:33:27+00:00\",\"dateModified\":\"2025-12-21T18:33:50+00:00\",\"breadcrumb\":{\"@id\":\"https:\\\/\\\/animefigurer.se\\\/en\\\/figurer\\\/overlord\\\/overlord-premium-masterline-albedo-1-4-scale-statue\\\/#breadcrumb\"},\"inLanguage\":\"en-GB\",\"potentialAction\":[{\"@type\":\"ReadAction\",\"target\":[\"https:\\\/\\\/animefigurer.se\\\/en\\\/figurer\\\/overlord\\\/overlord-premium-masterline-albedo-1-4-scale-statue\\\/\"]}]},{\"@type\":\"ImageObject\",\"inLanguage\":\"en-GB\",\"@id\":\"https:\\\/\\\/animefigurer.se\\\/en\\\/figurer\\\/overlord\\\/overlord-premium-masterline-albedo-1-4-scale-statue\\\/#primaryimage\",\"url\":\"https:\\\/\\\/animefigurer.se\\\/wp-content\\\/uploads\\\/2025\\\/10\\\/6732017b1b2ef.jpeg\",\"contentUrl\":\"https:\\\/\\\/animefigurer.se\\\/wp-content\\\/uploads\\\/2025\\\/10\\\/6732017b1b2ef.jpeg\",\"width\":720,\"height\":540},{\"@type\":\"BreadcrumbList\",\"@id\":\"https:\\\/\\\/animefigurer.se\\\/en\\\/figurer\\\/overlord\\\/overlord-premium-masterline-albedo-1-4-scale-statue\\\/#breadcrumb\",\"itemListElement\":[{\"@type\":\"ListItem\",\"position\":1,\"name\":\"Home\",\"item\":\"https:\\\/\\\/animefigurer.se\\\/\"},{\"@type\":\"ListItem\",\"position\":2,\"name\":\"Butik\",\"item\":\"https:\\\/\\\/animefigurer.se\\\/figurer\\\/\"},{\"@type\":\"ListItem\",\"position\":3,\"name\":\"Overlord Premium Masterline Albedo 1\\\/4 Scale Statue\"}]},{\"@type\":\"WebSite\",\"@id\":\"https:\\\/\\\/animefigurer.se\\\/#website\",\"url\":\"https:\\\/\\\/animefigurer.se\\\/\",\"name\":\"Animefigurer.se\",\"description\":\"Anime figurer fr\u00e5n \u00f6ver 300 olika anime serier med \u00f6ver 9000 produkter | Anime Shop\",\"publisher\":{\"@id\":\"https:\\\/\\\/animefigurer.se\\\/#organization\"},\"potentialAction\":[{\"@type\":\"SearchAction\",\"target\":{\"@type\":\"EntryPoint\",\"urlTemplate\":\"https:\\\/\\\/animefigurer.se\\\/?s={search_term_string}\"},\"query-input\":{\"@type\":\"PropertyValueSpecification\",\"valueRequired\":true,\"valueName\":\"search_term_string\"}}],\"inLanguage\":\"en-GB\"},{\"@type\":\"Organization\",\"@id\":\"https:\\\/\\\/animefigurer.se\\\/#organization\",\"name\":\"Animefigurer.se\",\"alternateName\":\"Anime figurer | Anime shop\",\"url\":\"https:\\\/\\\/animefigurer.se\\\/\",\"logo\":{\"@type\":\"ImageObject\",\"inLanguage\":\"en-GB\",\"@id\":\"https:\\\/\\\/animefigurer.se\\\/#\\\/schema\\\/logo\\\/image\\\/\",\"url\":\"https:\\\/\\\/animefigurer.se\\\/wp-content\\\/uploads\\\/2025\\\/12\\\/Animefigurer_logowhite.png\",\"contentUrl\":\"https:\\\/\\\/animefigurer.se\\\/wp-content\\\/uploads\\\/2025\\\/12\\\/Animefigurer_logowhite.png\",\"width\":1890,\"height\":1417,\"caption\":\"Animefigurer.se\"},\"image\":{\"@id\":\"https:\\\/\\\/animefigurer.se\\\/#\\\/schema\\\/logo\\\/image\\\/\"},\"sameAs\":[\"https:\\\/\\\/www.facebook.com\\\/profile.php?id=61581826539670\",\"https:\\\/\\\/www.instagram.com\\\/animefigurer.se\\\/\"],\"email\":\"info@animefigurer.se\"}]}<\/script>\n<!-- \/ Yoast SEO Premium plugin. -->","yoast_head_json":{"title":"Overlord Premium Masterline Albedo 1\/4 Scale Statue | Animefigurer.se","robots":{"index":"index","follow":"follow","max-snippet":"max-snippet:-1","max-image-preview":"max-image-preview:large","max-video-preview":"max-video-preview:-1"},"canonical":"https:\/\/animefigurer.se\/en\/figurer\/overlord\/overlord-premium-masterline-albedo-1-4-scale-statue\/","og_locale":"en_GB","og_type":"article","og_title":"Overlord Premium Masterline Albedo 1\/4 Scale Statue","og_description":"\u00c4ra vare Overlord \u2014 Albedo v\u00e4cks till liv i Premium Masterline i imponerande skala 1\/4! Tillsyningsmannen f\u00f6r v\u00e4ktarna i Nazarick avbildas h\u00e4r i ett rofyllt, st\u00e5tligt \u00f6gonblick: hon vilar sina vingar och slappnar av under beskydd av sin m\u00e4stare. Hennes kropp formas till en elegant S\u2011linje med lutan","og_url":"https:\/\/animefigurer.se\/en\/figurer\/overlord\/overlord-premium-masterline-albedo-1-4-scale-statue\/","og_site_name":"Animefigurer.se","article_publisher":"https:\/\/www.facebook.com\/profile.php?id=61581826539670","article_modified_time":"2025-12-21T18:33:50+00:00","og_image":[{"width":1890,"height":1417,"url":"https:\/\/animefigurer.se\/wp-content\/uploads\/2025\/12\/Animefigurer_logowhite.png","type":"image\/png"}],"twitter_card":"summary_large_image","twitter_misc":{"Estimated reading time":"1 minute"},"schema":{"@context":"https:\/\/schema.org","@graph":[{"@type":"WebPage","@id":"https:\/\/animefigurer.se\/en\/figurer\/overlord\/overlord-premium-masterline-albedo-1-4-scale-statue\/","url":"https:\/\/animefigurer.se\/en\/figurer\/overlord\/overlord-premium-masterline-albedo-1-4-scale-statue\/","name":"Overlord Premium Masterline Albedo 1\/4 Scale Statue | Animefigurer.se","isPartOf":{"@id":"https:\/\/animefigurer.se\/#website"},"primaryImageOfPage":{"@id":"https:\/\/animefigurer.se\/en\/figurer\/overlord\/overlord-premium-masterline-albedo-1-4-scale-statue\/#primaryimage"},"image":{"@id":"https:\/\/animefigurer.se\/en\/figurer\/overlord\/overlord-premium-masterline-albedo-1-4-scale-statue\/#primaryimage"},"thumbnailUrl":"https:\/\/animefigurer.se\/wp-content\/uploads\/2025\/10\/6732017b1b2ef.jpeg","datePublished":"2025-10-21T09:33:27+00:00","dateModified":"2025-12-21T18:33:50+00:00","breadcrumb":{"@id":"https:\/\/animefigurer.se\/en\/figurer\/overlord\/overlord-premium-masterline-albedo-1-4-scale-statue\/#breadcrumb"},"inLanguage":"en-GB","potentialAction":[{"@type":"ReadAction","target":["https:\/\/animefigurer.se\/en\/figurer\/overlord\/overlord-premium-masterline-albedo-1-4-scale-statue\/"]}]},{"@type":"ImageObject","inLanguage":"en-GB","@id":"https:\/\/animefigurer.se\/en\/figurer\/overlord\/overlord-premium-masterline-albedo-1-4-scale-statue\/#primaryimage","url":"https:\/\/animefigurer.se\/wp-content\/uploads\/2025\/10\/6732017b1b2ef.jpeg","contentUrl":"https:\/\/animefigurer.se\/wp-content\/uploads\/2025\/10\/6732017b1b2ef.jpeg","width":720,"height":540},{"@type":"BreadcrumbList","@id":"https:\/\/animefigurer.se\/en\/figurer\/overlord\/overlord-premium-masterline-albedo-1-4-scale-statue\/#breadcrumb","itemListElement":[{"@type":"ListItem","position":1,"name":"Home","item":"https:\/\/animefigurer.se\/"},{"@type":"ListItem","position":2,"name":"Butik","item":"https:\/\/animefigurer.se\/figurer\/"},{"@type":"ListItem","position":3,"name":"Overlord Premium Masterline Albedo 1\/4 Scale Statue"}]},{"@type":"WebSite","@id":"https:\/\/animefigurer.se\/#website","url":"https:\/\/animefigurer.se\/","name":"Animefigurer.se","description":"Anime figures from over 300 different anime series with over 9000 products | Anime Shop","publisher":{"@id":"https:\/\/animefigurer.se\/#organization"},"potentialAction":[{"@type":"SearchAction","target":{"@type":"EntryPoint","urlTemplate":"https:\/\/animefigurer.se\/?s={search_term_string}"},"query-input":{"@type":"PropertyValueSpecification","valueRequired":true,"valueName":"search_term_string"}}],"inLanguage":"en-GB"},{"@type":"Organization","@id":"https:\/\/animefigurer.se\/#organization","name":"Animefigurer.se","alternateName":"Anime figurer | Anime shop","url":"https:\/\/animefigurer.se\/","logo":{"@type":"ImageObject","inLanguage":"en-GB","@id":"https:\/\/animefigurer.se\/#\/schema\/logo\/image\/","url":"https:\/\/animefigurer.se\/wp-content\/uploads\/2025\/12\/Animefigurer_logowhite.png","contentUrl":"https:\/\/animefigurer.se\/wp-content\/uploads\/2025\/12\/Animefigurer_logowhite.png","width":1890,"height":1417,"caption":"Animefigurer.se"},"image":{"@id":"https:\/\/animefigurer.se\/#\/schema\/logo\/image\/"},"sameAs":["https:\/\/www.facebook.com\/profile.php?id=61581826539670","https:\/\/www.instagram.com\/animefigurer.se\/"],"email":"info@animefigurer.se"}]}},"_links":{"self":[{"href":"https:\/\/animefigurer.se\/en\/wp-json\/wp\/v2\/product\/55817","targetHints":{"allow":["GET"]}}],"collection":[{"href":"https:\/\/animefigurer.se\/en\/wp-json\/wp\/v2\/product"}],"about":[{"href":"https:\/\/animefigurer.se\/en\/wp-json\/wp\/v2\/types\/product"}],"replies":[{"embeddable":true,"href":"https:\/\/animefigurer.se\/en\/wp-json\/wp\/v2\/comments?post=55817"}],"wp:featuredmedia":[{"embeddable":true,"href":"https:\/\/animefigurer.se\/en\/wp-json\/wp\/v2\/media\/55818"}],"wp:attachment":[{"href":"https:\/\/animefigurer.se\/en\/wp-json\/wp\/v2\/media?parent=55817"}],"wp:term":[{"taxonomy":"product_brand","embeddable":true,"href":"https:\/\/animefigurer.se\/en\/wp-json\/wp\/v2\/product_brand?post=55817"},{"taxonomy":"product_cat","embeddable":true,"href":"https:\/\/animefigurer.se\/en\/wp-json\/wp\/v2\/product_cat?post=55817"},{"taxonomy":"product_tag","embeddable":true,"href":"https:\/\/animefigurer.se\/en\/wp-json\/wp\/v2\/product_tag?post=55817"},{"taxonomy":"giftcard-category","embeddable":true,"href":"https:\/\/animefigurer.se\/en\/wp-json\/wp\/v2\/giftcard-category?post=55817"}],"curies":[{"name":"wp","href":"https:\/\/api.w.org\/{rel}","templated":true}]}}