{"id":55796,"date":"2025-10-21T11:33:27","date_gmt":"2025-10-21T09:33:27","guid":{"rendered":"https:\/\/animefigurer.se\/produkt\/overlord-albedo-jet-black-dress-ver-1-7-scale-shibuya-scramble-figure\/"},"modified":"2025-12-21T19:33:50","modified_gmt":"2025-12-21T18:33:50","slug":"overlord-albedo-jet-black-dress-ver-1-7-scale-shibuya-scramble-figure","status":"publish","type":"product","link":"https:\/\/animefigurer.se\/en\/figurer\/overlord\/overlord-albedo-jet-black-dress-ver-1-7-scale-shibuya-scramble-figure\/","title":{"rendered":"Overlord Albedo (Jet Black Dress Ver.) 1\/7 Scale Shibuya Scramble Figure"},"content":{"rendered":"<p>From Overlord comes Albedo in a new, magnificent form \u2013 the Jet Black Dress Ver. in 1\/7 scale from Shibuya Scramble! This figure captures her enigmatic beauty with her signature golden smile and elegant, dark dress. Her jet black wings are meticulously sculpted feather by feather, giving the impression of effortless movement. The figure stands on a dramatic staircase base illuminated by candelabra and candlelight \u2013 a luxurious and eye-catching addition to any Overlord collection.<\/p>","protected":false},"excerpt":{"rendered":"<p>From Overlord comes Albedo in a new, magnificent form \u2013 the 1\/7th scale Jet Black Dress Ver. from Shibuya Scramble! This figure captures her enigmatic beauty with her signature golden smile and elegant, dark dress. Her jet black wings are meticulously sculpted feather by feather, giving <\/p>","protected":false},"featured_media":55797,"comment_status":"closed","ping_status":"open","template":"","meta":{"_acf_changed":false,"_monsterinsights_skip_tracking":false,"_monsterinsights_sitenote_active":false,"_monsterinsights_sitenote_note":"","_monsterinsights_sitenote_category":0},"product_brand":[6976],"product_cat":[4393,7233],"product_tag":[26],"giftcard-category":[],"class_list":{"0":"post-55796","1":"product","2":"type-product","3":"status-publish","4":"has-post-thumbnail","6":"product_brand-estream","7":"product_cat-overlord","8":"product_cat-pre-order","9":"product_tag-pre-order","10":"pa_franchise-overlord","11":"pa_karaktar-albedo","12":"pa_material-pvc-abs","13":"pa_skala-41","14":"pa_storlek-28-cm","16":"first","17":"instock","18":"taxable","19":"shipping-taxable","20":"purchasable","21":"product-type-simple"},"acf":[],"yoast_head":"<!-- This site is optimized with the Yoast SEO Premium plugin v24.6 (Yoast SEO v27.4) - https:\/\/yoast.com\/product\/yoast-seo-premium-wordpress\/ -->\n<title>Overlord Albedo (Jet Black Dress Ver.) 1\/7 Scale Shibuya Scramble Figure | Animefigurer.se<\/title>\n<meta name=\"robots\" content=\"index, follow, max-snippet:-1, max-image-preview:large, max-video-preview:-1\" \/>\n<link rel=\"canonical\" href=\"https:\/\/animefigurer.se\/en\/figurer\/overlord\/overlord-albedo-jet-black-dress-ver-1-7-scale-shibuya-scramble-figure\/\" \/>\n<meta property=\"og:locale\" content=\"en_GB\" \/>\n<meta property=\"og:type\" content=\"article\" \/>\n<meta property=\"og:title\" content=\"Overlord Albedo (Jet Black Dress Ver.) 1\/7 Scale Shibuya Scramble Figure\" \/>\n<meta property=\"og:description\" content=\"Fr\u00e5n Overlord kommer Albedo i en ny, storslagen form \u2013 Jet Black Dress Ver. i skala 1\/7 fr\u00e5n Shibuya Scramble! Denna figur f\u00e5ngar hennes g\u00e5tfulla sk\u00f6nhet med sitt karakt\u00e4ristiska gyllene leende och eleganta, m\u00f6rka kl\u00e4nning. Hennes kolsvarta vingar \u00e4r detaljerat skulpterade fj\u00e4der f\u00f6r fj\u00e4der och ger\" \/>\n<meta property=\"og:url\" content=\"https:\/\/animefigurer.se\/en\/figurer\/overlord\/overlord-albedo-jet-black-dress-ver-1-7-scale-shibuya-scramble-figure\/\" \/>\n<meta property=\"og:site_name\" content=\"Animefigurer.se\" \/>\n<meta property=\"article:publisher\" content=\"https:\/\/www.facebook.com\/profile.php?id=61581826539670\" \/>\n<meta property=\"article:modified_time\" content=\"2025-12-21T18:33:50+00:00\" \/>\n<meta property=\"og:image\" content=\"https:\/\/animefigurer.se\/wp-content\/uploads\/2025\/12\/Animefigurer_logowhite.png\" \/>\n\t<meta property=\"og:image:width\" content=\"1890\" \/>\n\t<meta property=\"og:image:height\" content=\"1417\" \/>\n\t<meta property=\"og:image:type\" content=\"image\/png\" \/>\n<meta name=\"twitter:card\" content=\"summary_large_image\" \/>\n<script type=\"application\/ld+json\" class=\"yoast-schema-graph\">{\"@context\":\"https:\\\/\\\/schema.org\",\"@graph\":[{\"@type\":\"WebPage\",\"@id\":\"https:\\\/\\\/animefigurer.se\\\/en\\\/figurer\\\/overlord\\\/overlord-albedo-jet-black-dress-ver-1-7-scale-shibuya-scramble-figure\\\/\",\"url\":\"https:\\\/\\\/animefigurer.se\\\/en\\\/figurer\\\/overlord\\\/overlord-albedo-jet-black-dress-ver-1-7-scale-shibuya-scramble-figure\\\/\",\"name\":\"Overlord Albedo (Jet Black Dress Ver.) 1\\\/7 Scale Shibuya Scramble Figure | Animefigurer.se\",\"isPartOf\":{\"@id\":\"https:\\\/\\\/animefigurer.se\\\/#website\"},\"primaryImageOfPage\":{\"@id\":\"https:\\\/\\\/animefigurer.se\\\/en\\\/figurer\\\/overlord\\\/overlord-albedo-jet-black-dress-ver-1-7-scale-shibuya-scramble-figure\\\/#primaryimage\"},\"image\":{\"@id\":\"https:\\\/\\\/animefigurer.se\\\/en\\\/figurer\\\/overlord\\\/overlord-albedo-jet-black-dress-ver-1-7-scale-shibuya-scramble-figure\\\/#primaryimage\"},\"thumbnailUrl\":\"https:\\\/\\\/animefigurer.se\\\/wp-content\\\/uploads\\\/2025\\\/10\\\/6729f3b6512a5.jpeg\",\"datePublished\":\"2025-10-21T09:33:27+00:00\",\"dateModified\":\"2025-12-21T18:33:50+00:00\",\"breadcrumb\":{\"@id\":\"https:\\\/\\\/animefigurer.se\\\/en\\\/figurer\\\/overlord\\\/overlord-albedo-jet-black-dress-ver-1-7-scale-shibuya-scramble-figure\\\/#breadcrumb\"},\"inLanguage\":\"en-GB\",\"potentialAction\":[{\"@type\":\"ReadAction\",\"target\":[\"https:\\\/\\\/animefigurer.se\\\/en\\\/figurer\\\/overlord\\\/overlord-albedo-jet-black-dress-ver-1-7-scale-shibuya-scramble-figure\\\/\"]}]},{\"@type\":\"ImageObject\",\"inLanguage\":\"en-GB\",\"@id\":\"https:\\\/\\\/animefigurer.se\\\/en\\\/figurer\\\/overlord\\\/overlord-albedo-jet-black-dress-ver-1-7-scale-shibuya-scramble-figure\\\/#primaryimage\",\"url\":\"https:\\\/\\\/animefigurer.se\\\/wp-content\\\/uploads\\\/2025\\\/10\\\/6729f3b6512a5.jpeg\",\"contentUrl\":\"https:\\\/\\\/animefigurer.se\\\/wp-content\\\/uploads\\\/2025\\\/10\\\/6729f3b6512a5.jpeg\",\"width\":720,\"height\":540},{\"@type\":\"BreadcrumbList\",\"@id\":\"https:\\\/\\\/animefigurer.se\\\/en\\\/figurer\\\/overlord\\\/overlord-albedo-jet-black-dress-ver-1-7-scale-shibuya-scramble-figure\\\/#breadcrumb\",\"itemListElement\":[{\"@type\":\"ListItem\",\"position\":1,\"name\":\"Home\",\"item\":\"https:\\\/\\\/animefigurer.se\\\/\"},{\"@type\":\"ListItem\",\"position\":2,\"name\":\"Butik\",\"item\":\"https:\\\/\\\/animefigurer.se\\\/figurer\\\/\"},{\"@type\":\"ListItem\",\"position\":3,\"name\":\"Overlord Albedo (Jet Black Dress Ver.) 1\\\/7 Scale Shibuya Scramble Figure\"}]},{\"@type\":\"WebSite\",\"@id\":\"https:\\\/\\\/animefigurer.se\\\/#website\",\"url\":\"https:\\\/\\\/animefigurer.se\\\/\",\"name\":\"Animefigurer.se\",\"description\":\"Anime figurer fr\u00e5n \u00f6ver 300 olika anime serier med \u00f6ver 9000 produkter | Anime Shop\",\"publisher\":{\"@id\":\"https:\\\/\\\/animefigurer.se\\\/#organization\"},\"potentialAction\":[{\"@type\":\"SearchAction\",\"target\":{\"@type\":\"EntryPoint\",\"urlTemplate\":\"https:\\\/\\\/animefigurer.se\\\/?s={search_term_string}\"},\"query-input\":{\"@type\":\"PropertyValueSpecification\",\"valueRequired\":true,\"valueName\":\"search_term_string\"}}],\"inLanguage\":\"en-GB\"},{\"@type\":\"Organization\",\"@id\":\"https:\\\/\\\/animefigurer.se\\\/#organization\",\"name\":\"Animefigurer.se\",\"alternateName\":\"Anime figurer | Anime shop\",\"url\":\"https:\\\/\\\/animefigurer.se\\\/\",\"logo\":{\"@type\":\"ImageObject\",\"inLanguage\":\"en-GB\",\"@id\":\"https:\\\/\\\/animefigurer.se\\\/#\\\/schema\\\/logo\\\/image\\\/\",\"url\":\"https:\\\/\\\/animefigurer.se\\\/wp-content\\\/uploads\\\/2025\\\/12\\\/Animefigurer_logowhite.png\",\"contentUrl\":\"https:\\\/\\\/animefigurer.se\\\/wp-content\\\/uploads\\\/2025\\\/12\\\/Animefigurer_logowhite.png\",\"width\":1890,\"height\":1417,\"caption\":\"Animefigurer.se\"},\"image\":{\"@id\":\"https:\\\/\\\/animefigurer.se\\\/#\\\/schema\\\/logo\\\/image\\\/\"},\"sameAs\":[\"https:\\\/\\\/www.facebook.com\\\/profile.php?id=61581826539670\",\"https:\\\/\\\/www.instagram.com\\\/animefigurer.se\\\/\"],\"email\":\"info@animefigurer.se\"}]}<\/script>\n<!-- \/ Yoast SEO Premium plugin. -->","yoast_head_json":{"title":"Overlord Albedo (Jet Black Dress Ver.) 1\/7 Scale Shibuya Scramble Figure | Animefigurer.se","robots":{"index":"index","follow":"follow","max-snippet":"max-snippet:-1","max-image-preview":"max-image-preview:large","max-video-preview":"max-video-preview:-1"},"canonical":"https:\/\/animefigurer.se\/en\/figurer\/overlord\/overlord-albedo-jet-black-dress-ver-1-7-scale-shibuya-scramble-figure\/","og_locale":"en_GB","og_type":"article","og_title":"Overlord Albedo (Jet Black Dress Ver.) 1\/7 Scale Shibuya Scramble Figure","og_description":"Fr\u00e5n Overlord kommer Albedo i en ny, storslagen form \u2013 Jet Black Dress Ver. i skala 1\/7 fr\u00e5n Shibuya Scramble! Denna figur f\u00e5ngar hennes g\u00e5tfulla sk\u00f6nhet med sitt karakt\u00e4ristiska gyllene leende och eleganta, m\u00f6rka kl\u00e4nning. Hennes kolsvarta vingar \u00e4r detaljerat skulpterade fj\u00e4der f\u00f6r fj\u00e4der och ger","og_url":"https:\/\/animefigurer.se\/en\/figurer\/overlord\/overlord-albedo-jet-black-dress-ver-1-7-scale-shibuya-scramble-figure\/","og_site_name":"Animefigurer.se","article_publisher":"https:\/\/www.facebook.com\/profile.php?id=61581826539670","article_modified_time":"2025-12-21T18:33:50+00:00","og_image":[{"width":1890,"height":1417,"url":"https:\/\/animefigurer.se\/wp-content\/uploads\/2025\/12\/Animefigurer_logowhite.png","type":"image\/png"}],"twitter_card":"summary_large_image","schema":{"@context":"https:\/\/schema.org","@graph":[{"@type":"WebPage","@id":"https:\/\/animefigurer.se\/en\/figurer\/overlord\/overlord-albedo-jet-black-dress-ver-1-7-scale-shibuya-scramble-figure\/","url":"https:\/\/animefigurer.se\/en\/figurer\/overlord\/overlord-albedo-jet-black-dress-ver-1-7-scale-shibuya-scramble-figure\/","name":"Overlord Albedo (Jet Black Dress Ver.) 1\/7 Scale Shibuya Scramble Figure | Animefigurer.se","isPartOf":{"@id":"https:\/\/animefigurer.se\/#website"},"primaryImageOfPage":{"@id":"https:\/\/animefigurer.se\/en\/figurer\/overlord\/overlord-albedo-jet-black-dress-ver-1-7-scale-shibuya-scramble-figure\/#primaryimage"},"image":{"@id":"https:\/\/animefigurer.se\/en\/figurer\/overlord\/overlord-albedo-jet-black-dress-ver-1-7-scale-shibuya-scramble-figure\/#primaryimage"},"thumbnailUrl":"https:\/\/animefigurer.se\/wp-content\/uploads\/2025\/10\/6729f3b6512a5.jpeg","datePublished":"2025-10-21T09:33:27+00:00","dateModified":"2025-12-21T18:33:50+00:00","breadcrumb":{"@id":"https:\/\/animefigurer.se\/en\/figurer\/overlord\/overlord-albedo-jet-black-dress-ver-1-7-scale-shibuya-scramble-figure\/#breadcrumb"},"inLanguage":"en-GB","potentialAction":[{"@type":"ReadAction","target":["https:\/\/animefigurer.se\/en\/figurer\/overlord\/overlord-albedo-jet-black-dress-ver-1-7-scale-shibuya-scramble-figure\/"]}]},{"@type":"ImageObject","inLanguage":"en-GB","@id":"https:\/\/animefigurer.se\/en\/figurer\/overlord\/overlord-albedo-jet-black-dress-ver-1-7-scale-shibuya-scramble-figure\/#primaryimage","url":"https:\/\/animefigurer.se\/wp-content\/uploads\/2025\/10\/6729f3b6512a5.jpeg","contentUrl":"https:\/\/animefigurer.se\/wp-content\/uploads\/2025\/10\/6729f3b6512a5.jpeg","width":720,"height":540},{"@type":"BreadcrumbList","@id":"https:\/\/animefigurer.se\/en\/figurer\/overlord\/overlord-albedo-jet-black-dress-ver-1-7-scale-shibuya-scramble-figure\/#breadcrumb","itemListElement":[{"@type":"ListItem","position":1,"name":"Home","item":"https:\/\/animefigurer.se\/"},{"@type":"ListItem","position":2,"name":"Butik","item":"https:\/\/animefigurer.se\/figurer\/"},{"@type":"ListItem","position":3,"name":"Overlord Albedo (Jet Black Dress Ver.) 1\/7 Scale Shibuya Scramble Figure"}]},{"@type":"WebSite","@id":"https:\/\/animefigurer.se\/#website","url":"https:\/\/animefigurer.se\/","name":"Animefigurer.se","description":"Anime figures from over 300 different anime series with over 9000 products | Anime Shop","publisher":{"@id":"https:\/\/animefigurer.se\/#organization"},"potentialAction":[{"@type":"SearchAction","target":{"@type":"EntryPoint","urlTemplate":"https:\/\/animefigurer.se\/?s={search_term_string}"},"query-input":{"@type":"PropertyValueSpecification","valueRequired":true,"valueName":"search_term_string"}}],"inLanguage":"en-GB"},{"@type":"Organization","@id":"https:\/\/animefigurer.se\/#organization","name":"Animefigurer.se","alternateName":"Anime figurer | Anime shop","url":"https:\/\/animefigurer.se\/","logo":{"@type":"ImageObject","inLanguage":"en-GB","@id":"https:\/\/animefigurer.se\/#\/schema\/logo\/image\/","url":"https:\/\/animefigurer.se\/wp-content\/uploads\/2025\/12\/Animefigurer_logowhite.png","contentUrl":"https:\/\/animefigurer.se\/wp-content\/uploads\/2025\/12\/Animefigurer_logowhite.png","width":1890,"height":1417,"caption":"Animefigurer.se"},"image":{"@id":"https:\/\/animefigurer.se\/#\/schema\/logo\/image\/"},"sameAs":["https:\/\/www.facebook.com\/profile.php?id=61581826539670","https:\/\/www.instagram.com\/animefigurer.se\/"],"email":"info@animefigurer.se"}]}},"_links":{"self":[{"href":"https:\/\/animefigurer.se\/en\/wp-json\/wp\/v2\/product\/55796","targetHints":{"allow":["GET"]}}],"collection":[{"href":"https:\/\/animefigurer.se\/en\/wp-json\/wp\/v2\/product"}],"about":[{"href":"https:\/\/animefigurer.se\/en\/wp-json\/wp\/v2\/types\/product"}],"replies":[{"embeddable":true,"href":"https:\/\/animefigurer.se\/en\/wp-json\/wp\/v2\/comments?post=55796"}],"wp:featuredmedia":[{"embeddable":true,"href":"https:\/\/animefigurer.se\/en\/wp-json\/wp\/v2\/media\/55797"}],"wp:attachment":[{"href":"https:\/\/animefigurer.se\/en\/wp-json\/wp\/v2\/media?parent=55796"}],"wp:term":[{"taxonomy":"product_brand","embeddable":true,"href":"https:\/\/animefigurer.se\/en\/wp-json\/wp\/v2\/product_brand?post=55796"},{"taxonomy":"product_cat","embeddable":true,"href":"https:\/\/animefigurer.se\/en\/wp-json\/wp\/v2\/product_cat?post=55796"},{"taxonomy":"product_tag","embeddable":true,"href":"https:\/\/animefigurer.se\/en\/wp-json\/wp\/v2\/product_tag?post=55796"},{"taxonomy":"giftcard-category","embeddable":true,"href":"https:\/\/animefigurer.se\/en\/wp-json\/wp\/v2\/giftcard-category?post=55796"}],"curies":[{"name":"wp","href":"https:\/\/api.w.org\/{rel}","templated":true}]}}