{"id":55013,"date":"2025-10-21T11:24:32","date_gmt":"2025-10-21T09:24:32","guid":{"rendered":"https:\/\/animefigurer.se\/produkt\/oshi-no-ko-rowtashii-noise-adokenette-kana-arima\/"},"modified":"2025-12-21T19:33:41","modified_gmt":"2025-12-21T18:33:41","slug":"oshi-no-ko-rowtashii-noise-adokenette-kana-arima","status":"publish","type":"product","link":"https:\/\/animefigurer.se\/en\/figurer\/oshi-no-ko\/oshi-no-ko-rowtashii-noise-adokenette-kana-arima\/","title":{"rendered":"Oshi no Ko Rowtashii Noise Adokenette Kana Arima"},"content":{"rendered":"<p>Bandai&#039;s new &quot;Adokenette&quot; figure series features a youthful expression that gives each character an innocent, cautious pose\u2014as if they&#039;re sneaking up on you shyly. Each figure comes with a base, and the compact size makes them easy to collect and display. Feel free to add some sweetness to your collection and order today!<\/p>","protected":false},"excerpt":{"rendered":"<p>Bandai&#039;s new &quot;Adokenette&quot; figure series features a youthful expression that gives each character an innocent, cautious pose\u2014as if they&#039;re sneaking up on you shyly. Each figure comes with a base, and the compact size makes them easy to collect and display. Feel free to add a little sweetness to your collection and bes<\/p>","protected":false},"featured_media":55014,"comment_status":"closed","ping_status":"open","template":"","meta":{"_acf_changed":false,"_monsterinsights_skip_tracking":false,"_monsterinsights_sitenote_active":false,"_monsterinsights_sitenote_note":"","_monsterinsights_sitenote_category":0},"product_brand":[7123],"product_cat":[4372],"product_tag":[24],"giftcard-category":[],"class_list":{"0":"post-55013","1":"product","2":"type-product","3":"status-publish","4":"has-post-thumbnail","6":"product_brand-rowtashii-noise","7":"product_cat-oshi-no-ko","8":"product_tag-2-3-weeks","9":"pa_franchise-oshi-no-ko","10":"pa_karaktar-arima-kana","11":"pa_material-pvc-abs","12":"pa_storlek-14-cm","14":"first","15":"instock","16":"taxable","17":"shipping-taxable","18":"purchasable","19":"product-type-simple"},"acf":[],"yoast_head":"<!-- This site is optimized with the Yoast SEO Premium plugin v24.6 (Yoast SEO v27.3) - https:\/\/yoast.com\/product\/yoast-seo-premium-wordpress\/ -->\n<title>Oshi no Ko Rowtashii Noise Adokenette Kana Arima | Animefigurer.se<\/title>\n<meta name=\"robots\" content=\"index, follow, max-snippet:-1, max-image-preview:large, max-video-preview:-1\" \/>\n<link rel=\"canonical\" href=\"https:\/\/animefigurer.se\/en\/figurer\/oshi-no-ko\/oshi-no-ko-rowtashii-noise-adokenette-kana-arima\/\" \/>\n<meta property=\"og:locale\" content=\"en_GB\" \/>\n<meta property=\"og:type\" content=\"article\" \/>\n<meta property=\"og:title\" content=\"Oshi no Ko Rowtashii Noise Adokenette Kana Arima\" \/>\n<meta property=\"og:description\" content=\"Banda\u00efs nya figurserie &quot;Adokenette&quot; framh\u00e4ver ett ungdomligt uttryck som ger varje karakt\u00e4r en oskyldig, f\u00f6rsiktig pose\u2014som om de smyger fram blygt. Varje figur levereras med bas och den kompakta storleken g\u00f6r dem l\u00e4tta att samla och visa. K\u00e4nn dig fri att l\u00e4gga till lite s\u00f6tma i din samling och bes\" \/>\n<meta property=\"og:url\" content=\"https:\/\/animefigurer.se\/en\/figurer\/oshi-no-ko\/oshi-no-ko-rowtashii-noise-adokenette-kana-arima\/\" \/>\n<meta property=\"og:site_name\" content=\"Animefigurer.se\" \/>\n<meta property=\"article:publisher\" content=\"https:\/\/www.facebook.com\/profile.php?id=61581826539670\" \/>\n<meta property=\"article:modified_time\" content=\"2025-12-21T18:33:41+00:00\" \/>\n<meta property=\"og:image\" content=\"https:\/\/animefigurer.se\/wp-content\/uploads\/2025\/12\/Animefigurer_logowhite.png\" \/>\n\t<meta property=\"og:image:width\" content=\"1890\" \/>\n\t<meta property=\"og:image:height\" content=\"1417\" \/>\n\t<meta property=\"og:image:type\" content=\"image\/png\" \/>\n<meta name=\"twitter:card\" content=\"summary_large_image\" \/>\n<script type=\"application\/ld+json\" class=\"yoast-schema-graph\">{\"@context\":\"https:\\\/\\\/schema.org\",\"@graph\":[{\"@type\":\"WebPage\",\"@id\":\"https:\\\/\\\/animefigurer.se\\\/figurer\\\/oshi-no-ko\\\/oshi-no-ko-rowtashii-noise-adokenette-kana-arima\\\/\",\"url\":\"https:\\\/\\\/animefigurer.se\\\/figurer\\\/oshi-no-ko\\\/oshi-no-ko-rowtashii-noise-adokenette-kana-arima\\\/\",\"name\":\"Oshi no Ko Rowtashii Noise Adokenette Kana Arima | Animefigurer.se\",\"isPartOf\":{\"@id\":\"https:\\\/\\\/animefigurer.se\\\/#website\"},\"primaryImageOfPage\":{\"@id\":\"https:\\\/\\\/animefigurer.se\\\/figurer\\\/oshi-no-ko\\\/oshi-no-ko-rowtashii-noise-adokenette-kana-arima\\\/#primaryimage\"},\"image\":{\"@id\":\"https:\\\/\\\/animefigurer.se\\\/figurer\\\/oshi-no-ko\\\/oshi-no-ko-rowtashii-noise-adokenette-kana-arima\\\/#primaryimage\"},\"thumbnailUrl\":\"https:\\\/\\\/animefigurer.se\\\/wp-content\\\/uploads\\\/2025\\\/10\\\/669e661105f35.jpeg\",\"datePublished\":\"2025-10-21T09:24:32+00:00\",\"dateModified\":\"2025-12-21T18:33:41+00:00\",\"breadcrumb\":{\"@id\":\"https:\\\/\\\/animefigurer.se\\\/figurer\\\/oshi-no-ko\\\/oshi-no-ko-rowtashii-noise-adokenette-kana-arima\\\/#breadcrumb\"},\"inLanguage\":\"en-GB\",\"potentialAction\":[{\"@type\":\"ReadAction\",\"target\":[\"https:\\\/\\\/animefigurer.se\\\/figurer\\\/oshi-no-ko\\\/oshi-no-ko-rowtashii-noise-adokenette-kana-arima\\\/\"]}]},{\"@type\":\"ImageObject\",\"inLanguage\":\"en-GB\",\"@id\":\"https:\\\/\\\/animefigurer.se\\\/figurer\\\/oshi-no-ko\\\/oshi-no-ko-rowtashii-noise-adokenette-kana-arima\\\/#primaryimage\",\"url\":\"https:\\\/\\\/animefigurer.se\\\/wp-content\\\/uploads\\\/2025\\\/10\\\/669e661105f35.jpeg\",\"contentUrl\":\"https:\\\/\\\/animefigurer.se\\\/wp-content\\\/uploads\\\/2025\\\/10\\\/669e661105f35.jpeg\",\"width\":720,\"height\":540},{\"@type\":\"BreadcrumbList\",\"@id\":\"https:\\\/\\\/animefigurer.se\\\/figurer\\\/oshi-no-ko\\\/oshi-no-ko-rowtashii-noise-adokenette-kana-arima\\\/#breadcrumb\",\"itemListElement\":[{\"@type\":\"ListItem\",\"position\":1,\"name\":\"Home\",\"item\":\"https:\\\/\\\/animefigurer.se\\\/\"},{\"@type\":\"ListItem\",\"position\":2,\"name\":\"Butik\",\"item\":\"https:\\\/\\\/animefigurer.se\\\/figurer\\\/\"},{\"@type\":\"ListItem\",\"position\":3,\"name\":\"Oshi no Ko Rowtashii Noise Adokenette Kana Arima\"}]},{\"@type\":\"WebSite\",\"@id\":\"https:\\\/\\\/animefigurer.se\\\/#website\",\"url\":\"https:\\\/\\\/animefigurer.se\\\/\",\"name\":\"Animefigurer.se\",\"description\":\"Anime figurer fr\u00e5n \u00f6ver 300 olika anime serier med \u00f6ver 9000 produkter | Anime Shop\",\"publisher\":{\"@id\":\"https:\\\/\\\/animefigurer.se\\\/#organization\"},\"potentialAction\":[{\"@type\":\"SearchAction\",\"target\":{\"@type\":\"EntryPoint\",\"urlTemplate\":\"https:\\\/\\\/animefigurer.se\\\/?s={search_term_string}\"},\"query-input\":{\"@type\":\"PropertyValueSpecification\",\"valueRequired\":true,\"valueName\":\"search_term_string\"}}],\"inLanguage\":\"en-GB\"},{\"@type\":\"Organization\",\"@id\":\"https:\\\/\\\/animefigurer.se\\\/#organization\",\"name\":\"Animefigurer.se\",\"alternateName\":\"Anime figurer | Anime shop\",\"url\":\"https:\\\/\\\/animefigurer.se\\\/\",\"logo\":{\"@type\":\"ImageObject\",\"inLanguage\":\"en-GB\",\"@id\":\"https:\\\/\\\/animefigurer.se\\\/#\\\/schema\\\/logo\\\/image\\\/\",\"url\":\"https:\\\/\\\/animefigurer.se\\\/wp-content\\\/uploads\\\/2025\\\/12\\\/Animefigurer_logowhite.png\",\"contentUrl\":\"https:\\\/\\\/animefigurer.se\\\/wp-content\\\/uploads\\\/2025\\\/12\\\/Animefigurer_logowhite.png\",\"width\":1890,\"height\":1417,\"caption\":\"Animefigurer.se\"},\"image\":{\"@id\":\"https:\\\/\\\/animefigurer.se\\\/#\\\/schema\\\/logo\\\/image\\\/\"},\"sameAs\":[\"https:\\\/\\\/www.facebook.com\\\/profile.php?id=61581826539670\",\"https:\\\/\\\/www.instagram.com\\\/animefigurer.se\\\/\"],\"email\":\"info@animefigurer.se\"}]}<\/script>\n<!-- \/ Yoast SEO Premium plugin. -->","yoast_head_json":{"title":"Oshi no Ko Rowtashii Noise Adokenette Kana Arima | Animefigurer.se","robots":{"index":"index","follow":"follow","max-snippet":"max-snippet:-1","max-image-preview":"max-image-preview:large","max-video-preview":"max-video-preview:-1"},"canonical":"https:\/\/animefigurer.se\/en\/figurer\/oshi-no-ko\/oshi-no-ko-rowtashii-noise-adokenette-kana-arima\/","og_locale":"en_GB","og_type":"article","og_title":"Oshi no Ko Rowtashii Noise Adokenette Kana Arima","og_description":"Banda\u00efs nya figurserie \"Adokenette\" framh\u00e4ver ett ungdomligt uttryck som ger varje karakt\u00e4r en oskyldig, f\u00f6rsiktig pose\u2014som om de smyger fram blygt. Varje figur levereras med bas och den kompakta storleken g\u00f6r dem l\u00e4tta att samla och visa. K\u00e4nn dig fri att l\u00e4gga till lite s\u00f6tma i din samling och bes","og_url":"https:\/\/animefigurer.se\/en\/figurer\/oshi-no-ko\/oshi-no-ko-rowtashii-noise-adokenette-kana-arima\/","og_site_name":"Animefigurer.se","article_publisher":"https:\/\/www.facebook.com\/profile.php?id=61581826539670","article_modified_time":"2025-12-21T18:33:41+00:00","og_image":[{"width":1890,"height":1417,"url":"https:\/\/animefigurer.se\/wp-content\/uploads\/2025\/12\/Animefigurer_logowhite.png","type":"image\/png"}],"twitter_card":"summary_large_image","schema":{"@context":"https:\/\/schema.org","@graph":[{"@type":"WebPage","@id":"https:\/\/animefigurer.se\/figurer\/oshi-no-ko\/oshi-no-ko-rowtashii-noise-adokenette-kana-arima\/","url":"https:\/\/animefigurer.se\/figurer\/oshi-no-ko\/oshi-no-ko-rowtashii-noise-adokenette-kana-arima\/","name":"Oshi no Ko Rowtashii Noise Adokenette Kana Arima | Animefigurer.se","isPartOf":{"@id":"https:\/\/animefigurer.se\/#website"},"primaryImageOfPage":{"@id":"https:\/\/animefigurer.se\/figurer\/oshi-no-ko\/oshi-no-ko-rowtashii-noise-adokenette-kana-arima\/#primaryimage"},"image":{"@id":"https:\/\/animefigurer.se\/figurer\/oshi-no-ko\/oshi-no-ko-rowtashii-noise-adokenette-kana-arima\/#primaryimage"},"thumbnailUrl":"https:\/\/animefigurer.se\/wp-content\/uploads\/2025\/10\/669e661105f35.jpeg","datePublished":"2025-10-21T09:24:32+00:00","dateModified":"2025-12-21T18:33:41+00:00","breadcrumb":{"@id":"https:\/\/animefigurer.se\/figurer\/oshi-no-ko\/oshi-no-ko-rowtashii-noise-adokenette-kana-arima\/#breadcrumb"},"inLanguage":"en-GB","potentialAction":[{"@type":"ReadAction","target":["https:\/\/animefigurer.se\/figurer\/oshi-no-ko\/oshi-no-ko-rowtashii-noise-adokenette-kana-arima\/"]}]},{"@type":"ImageObject","inLanguage":"en-GB","@id":"https:\/\/animefigurer.se\/figurer\/oshi-no-ko\/oshi-no-ko-rowtashii-noise-adokenette-kana-arima\/#primaryimage","url":"https:\/\/animefigurer.se\/wp-content\/uploads\/2025\/10\/669e661105f35.jpeg","contentUrl":"https:\/\/animefigurer.se\/wp-content\/uploads\/2025\/10\/669e661105f35.jpeg","width":720,"height":540},{"@type":"BreadcrumbList","@id":"https:\/\/animefigurer.se\/figurer\/oshi-no-ko\/oshi-no-ko-rowtashii-noise-adokenette-kana-arima\/#breadcrumb","itemListElement":[{"@type":"ListItem","position":1,"name":"Home","item":"https:\/\/animefigurer.se\/"},{"@type":"ListItem","position":2,"name":"Butik","item":"https:\/\/animefigurer.se\/figurer\/"},{"@type":"ListItem","position":3,"name":"Oshi no Ko Rowtashii Noise Adokenette Kana Arima"}]},{"@type":"WebSite","@id":"https:\/\/animefigurer.se\/#website","url":"https:\/\/animefigurer.se\/","name":"Animefigurer.se","description":"Anime figures from over 300 different anime series with over 9000 products | Anime Shop","publisher":{"@id":"https:\/\/animefigurer.se\/#organization"},"potentialAction":[{"@type":"SearchAction","target":{"@type":"EntryPoint","urlTemplate":"https:\/\/animefigurer.se\/?s={search_term_string}"},"query-input":{"@type":"PropertyValueSpecification","valueRequired":true,"valueName":"search_term_string"}}],"inLanguage":"en-GB"},{"@type":"Organization","@id":"https:\/\/animefigurer.se\/#organization","name":"Animefigurer.se","alternateName":"Anime figurer | Anime shop","url":"https:\/\/animefigurer.se\/","logo":{"@type":"ImageObject","inLanguage":"en-GB","@id":"https:\/\/animefigurer.se\/#\/schema\/logo\/image\/","url":"https:\/\/animefigurer.se\/wp-content\/uploads\/2025\/12\/Animefigurer_logowhite.png","contentUrl":"https:\/\/animefigurer.se\/wp-content\/uploads\/2025\/12\/Animefigurer_logowhite.png","width":1890,"height":1417,"caption":"Animefigurer.se"},"image":{"@id":"https:\/\/animefigurer.se\/#\/schema\/logo\/image\/"},"sameAs":["https:\/\/www.facebook.com\/profile.php?id=61581826539670","https:\/\/www.instagram.com\/animefigurer.se\/"],"email":"info@animefigurer.se"}]}},"_links":{"self":[{"href":"https:\/\/animefigurer.se\/en\/wp-json\/wp\/v2\/product\/55013","targetHints":{"allow":["GET"]}}],"collection":[{"href":"https:\/\/animefigurer.se\/en\/wp-json\/wp\/v2\/product"}],"about":[{"href":"https:\/\/animefigurer.se\/en\/wp-json\/wp\/v2\/types\/product"}],"replies":[{"embeddable":true,"href":"https:\/\/animefigurer.se\/en\/wp-json\/wp\/v2\/comments?post=55013"}],"wp:featuredmedia":[{"embeddable":true,"href":"https:\/\/animefigurer.se\/en\/wp-json\/wp\/v2\/media\/55014"}],"wp:attachment":[{"href":"https:\/\/animefigurer.se\/en\/wp-json\/wp\/v2\/media?parent=55013"}],"wp:term":[{"taxonomy":"product_brand","embeddable":true,"href":"https:\/\/animefigurer.se\/en\/wp-json\/wp\/v2\/product_brand?post=55013"},{"taxonomy":"product_cat","embeddable":true,"href":"https:\/\/animefigurer.se\/en\/wp-json\/wp\/v2\/product_cat?post=55013"},{"taxonomy":"product_tag","embeddable":true,"href":"https:\/\/animefigurer.se\/en\/wp-json\/wp\/v2\/product_tag?post=55013"},{"taxonomy":"giftcard-category","embeddable":true,"href":"https:\/\/animefigurer.se\/en\/wp-json\/wp\/v2\/giftcard-category?post=55013"}],"curies":[{"name":"wp","href":"https:\/\/api.w.org\/{rel}","templated":true}]}}