{"id":54257,"date":"2025-10-21T11:14:34","date_gmt":"2025-10-21T09:14:34","guid":{"rendered":"https:\/\/animefigurer.se\/produkt\/sorananiiro-illustartion-fox-spirit-sister-standard-ver-1-6-scale-figure\/"},"modified":"2025-12-21T19:33:36","modified_gmt":"2025-12-21T18:33:36","slug":"sorananiiro-illustartion-fox-spirit-sister-standard-ver-1-6-scale-figure","status":"publish","type":"product","link":"https:\/\/animefigurer.se\/en\/figurer\/original-character\/sorananiiro-illustartion-fox-spirit-sister-standard-ver-1-6-scale-figure\/","title":{"rendered":"Sorananiiro Illustartion Fox Spirit Sister (Standard Ver.) 1\/6 Scale Figure"},"content":{"rendered":"<p>Otaku Toys presents a new original character perfect for your collection: Fox Spirit Sister! Rich in detail, the figure depicts the mysterious fox sister in a bold dress as she takes a moment to fix her hair. Her ivory hair flows back, a surprised expression appears on her face, and one open eye is directed at her beloved. Have you fallen in love with her enchantment yet? Order today and be captivated by her beauty!<\/p>","protected":false},"excerpt":{"rendered":"<p>Otaku Toys presents a new original character perfect for your collection: Fox Spirit Sister! Rich in detail, the figure depicts the mysterious fox sister in a bold dress as she takes a moment to fix her hair. Her ivory hair flows back, a surprised expression appears on her face<\/p>","protected":false},"featured_media":54258,"comment_status":"closed","ping_status":"open","template":"","meta":{"_acf_changed":false,"_monsterinsights_skip_tracking":false,"_monsterinsights_sitenote_active":false,"_monsterinsights_sitenote_note":"","_monsterinsights_sitenote_category":0},"product_brand":[7086],"product_cat":[4204,7233],"product_tag":[26],"giftcard-category":[],"class_list":{"0":"post-54257","1":"product","2":"type-product","3":"status-publish","4":"has-post-thumbnail","6":"product_brand-otakutoys","7":"product_cat-original-character","8":"product_cat-pre-order","9":"product_tag-pre-order","10":"pa_karaktar-fox-spirit-sister","11":"pa_material-pvc-abs","12":"pa_skala-57","13":"pa_storlek-30-cm","15":"first","16":"instock","17":"taxable","18":"shipping-taxable","19":"purchasable","20":"product-type-simple"},"acf":[],"yoast_head":"<!-- This site is optimized with the Yoast SEO Premium plugin v24.6 (Yoast SEO v27.4) - https:\/\/yoast.com\/product\/yoast-seo-premium-wordpress\/ -->\n<title>Sorananiiro Illustartion Fox Spirit Sister (Standard Ver.) 1\/6 Scale Figure | Animefigurer.se<\/title>\n<meta name=\"robots\" content=\"index, follow, max-snippet:-1, max-image-preview:large, max-video-preview:-1\" \/>\n<link rel=\"canonical\" href=\"https:\/\/animefigurer.se\/en\/figurer\/original-character\/sorananiiro-illustartion-fox-spirit-sister-standard-ver-1-6-scale-figure\/\" \/>\n<meta property=\"og:locale\" content=\"en_GB\" \/>\n<meta property=\"og:type\" content=\"article\" \/>\n<meta property=\"og:title\" content=\"Sorananiiro Illustartion Fox Spirit Sister (Standard Ver.) 1\/6 Scale Figure\" \/>\n<meta property=\"og:description\" content=\"Otaku Toys presenterar en ny originalkarakt\u00e4r perfekt f\u00f6r din samling: Fox Spirit Sister! Figuren \u00e4r rik p\u00e5 detaljer och visar den mystiska r\u00e4vandesystern i en dj\u00e4rv kl\u00e4nning n\u00e4r hon tar en stund f\u00f6r att fixa h\u00e5ret. Hennes elfenbensf\u00e4rgade h\u00e5r flyter bak\u00e5t, ett f\u00f6rv\u00e5nat uttryck syns i hennes ansikte\" \/>\n<meta property=\"og:url\" content=\"https:\/\/animefigurer.se\/en\/figurer\/original-character\/sorananiiro-illustartion-fox-spirit-sister-standard-ver-1-6-scale-figure\/\" \/>\n<meta property=\"og:site_name\" content=\"Animefigurer.se\" \/>\n<meta property=\"article:publisher\" content=\"https:\/\/www.facebook.com\/profile.php?id=61581826539670\" \/>\n<meta property=\"article:modified_time\" content=\"2025-12-21T18:33:36+00:00\" \/>\n<meta property=\"og:image\" content=\"https:\/\/animefigurer.se\/wp-content\/uploads\/2025\/12\/Animefigurer_logowhite.png\" \/>\n\t<meta property=\"og:image:width\" content=\"1890\" \/>\n\t<meta property=\"og:image:height\" content=\"1417\" \/>\n\t<meta property=\"og:image:type\" content=\"image\/png\" \/>\n<meta name=\"twitter:card\" content=\"summary_large_image\" \/>\n<script type=\"application\/ld+json\" class=\"yoast-schema-graph\">{\"@context\":\"https:\\\/\\\/schema.org\",\"@graph\":[{\"@type\":\"WebPage\",\"@id\":\"https:\\\/\\\/animefigurer.se\\\/en\\\/figurer\\\/original-character\\\/sorananiiro-illustartion-fox-spirit-sister-standard-ver-1-6-scale-figure\\\/\",\"url\":\"https:\\\/\\\/animefigurer.se\\\/en\\\/figurer\\\/original-character\\\/sorananiiro-illustartion-fox-spirit-sister-standard-ver-1-6-scale-figure\\\/\",\"name\":\"Sorananiiro Illustartion Fox Spirit Sister (Standard Ver.) 1\\\/6 Scale Figure | Animefigurer.se\",\"isPartOf\":{\"@id\":\"https:\\\/\\\/animefigurer.se\\\/#website\"},\"primaryImageOfPage\":{\"@id\":\"https:\\\/\\\/animefigurer.se\\\/en\\\/figurer\\\/original-character\\\/sorananiiro-illustartion-fox-spirit-sister-standard-ver-1-6-scale-figure\\\/#primaryimage\"},\"image\":{\"@id\":\"https:\\\/\\\/animefigurer.se\\\/en\\\/figurer\\\/original-character\\\/sorananiiro-illustartion-fox-spirit-sister-standard-ver-1-6-scale-figure\\\/#primaryimage\"},\"thumbnailUrl\":\"https:\\\/\\\/animefigurer.se\\\/wp-content\\\/uploads\\\/2025\\\/10\\\/68c14c4f243e1.jpeg\",\"datePublished\":\"2025-10-21T09:14:34+00:00\",\"dateModified\":\"2025-12-21T18:33:36+00:00\",\"breadcrumb\":{\"@id\":\"https:\\\/\\\/animefigurer.se\\\/en\\\/figurer\\\/original-character\\\/sorananiiro-illustartion-fox-spirit-sister-standard-ver-1-6-scale-figure\\\/#breadcrumb\"},\"inLanguage\":\"en-GB\",\"potentialAction\":[{\"@type\":\"ReadAction\",\"target\":[\"https:\\\/\\\/animefigurer.se\\\/en\\\/figurer\\\/original-character\\\/sorananiiro-illustartion-fox-spirit-sister-standard-ver-1-6-scale-figure\\\/\"]}]},{\"@type\":\"ImageObject\",\"inLanguage\":\"en-GB\",\"@id\":\"https:\\\/\\\/animefigurer.se\\\/en\\\/figurer\\\/original-character\\\/sorananiiro-illustartion-fox-spirit-sister-standard-ver-1-6-scale-figure\\\/#primaryimage\",\"url\":\"https:\\\/\\\/animefigurer.se\\\/wp-content\\\/uploads\\\/2025\\\/10\\\/68c14c4f243e1.jpeg\",\"contentUrl\":\"https:\\\/\\\/animefigurer.se\\\/wp-content\\\/uploads\\\/2025\\\/10\\\/68c14c4f243e1.jpeg\",\"width\":1000,\"height\":750},{\"@type\":\"BreadcrumbList\",\"@id\":\"https:\\\/\\\/animefigurer.se\\\/en\\\/figurer\\\/original-character\\\/sorananiiro-illustartion-fox-spirit-sister-standard-ver-1-6-scale-figure\\\/#breadcrumb\",\"itemListElement\":[{\"@type\":\"ListItem\",\"position\":1,\"name\":\"Home\",\"item\":\"https:\\\/\\\/animefigurer.se\\\/\"},{\"@type\":\"ListItem\",\"position\":2,\"name\":\"Butik\",\"item\":\"https:\\\/\\\/animefigurer.se\\\/figurer\\\/\"},{\"@type\":\"ListItem\",\"position\":3,\"name\":\"Sorananiiro Illustartion Fox Spirit Sister (Standard Ver.) 1\\\/6 Scale Figure\"}]},{\"@type\":\"WebSite\",\"@id\":\"https:\\\/\\\/animefigurer.se\\\/#website\",\"url\":\"https:\\\/\\\/animefigurer.se\\\/\",\"name\":\"Animefigurer.se\",\"description\":\"Anime figurer fr\u00e5n \u00f6ver 300 olika anime serier med \u00f6ver 9000 produkter | Anime Shop\",\"publisher\":{\"@id\":\"https:\\\/\\\/animefigurer.se\\\/#organization\"},\"potentialAction\":[{\"@type\":\"SearchAction\",\"target\":{\"@type\":\"EntryPoint\",\"urlTemplate\":\"https:\\\/\\\/animefigurer.se\\\/?s={search_term_string}\"},\"query-input\":{\"@type\":\"PropertyValueSpecification\",\"valueRequired\":true,\"valueName\":\"search_term_string\"}}],\"inLanguage\":\"en-GB\"},{\"@type\":\"Organization\",\"@id\":\"https:\\\/\\\/animefigurer.se\\\/#organization\",\"name\":\"Animefigurer.se\",\"alternateName\":\"Anime figurer | Anime shop\",\"url\":\"https:\\\/\\\/animefigurer.se\\\/\",\"logo\":{\"@type\":\"ImageObject\",\"inLanguage\":\"en-GB\",\"@id\":\"https:\\\/\\\/animefigurer.se\\\/#\\\/schema\\\/logo\\\/image\\\/\",\"url\":\"https:\\\/\\\/animefigurer.se\\\/wp-content\\\/uploads\\\/2025\\\/12\\\/Animefigurer_logowhite.png\",\"contentUrl\":\"https:\\\/\\\/animefigurer.se\\\/wp-content\\\/uploads\\\/2025\\\/12\\\/Animefigurer_logowhite.png\",\"width\":1890,\"height\":1417,\"caption\":\"Animefigurer.se\"},\"image\":{\"@id\":\"https:\\\/\\\/animefigurer.se\\\/#\\\/schema\\\/logo\\\/image\\\/\"},\"sameAs\":[\"https:\\\/\\\/www.facebook.com\\\/profile.php?id=61581826539670\",\"https:\\\/\\\/www.instagram.com\\\/animefigurer.se\\\/\"],\"email\":\"info@animefigurer.se\"}]}<\/script>\n<!-- \/ Yoast SEO Premium plugin. -->","yoast_head_json":{"title":"Sorananiiro Illustartion Fox Spirit Sister (Standard Ver.) 1\/6 Scale Figure | Animefigurer.se","robots":{"index":"index","follow":"follow","max-snippet":"max-snippet:-1","max-image-preview":"max-image-preview:large","max-video-preview":"max-video-preview:-1"},"canonical":"https:\/\/animefigurer.se\/en\/figurer\/original-character\/sorananiiro-illustartion-fox-spirit-sister-standard-ver-1-6-scale-figure\/","og_locale":"en_GB","og_type":"article","og_title":"Sorananiiro Illustartion Fox Spirit Sister (Standard Ver.) 1\/6 Scale Figure","og_description":"Otaku Toys presenterar en ny originalkarakt\u00e4r perfekt f\u00f6r din samling: Fox Spirit Sister! Figuren \u00e4r rik p\u00e5 detaljer och visar den mystiska r\u00e4vandesystern i en dj\u00e4rv kl\u00e4nning n\u00e4r hon tar en stund f\u00f6r att fixa h\u00e5ret. Hennes elfenbensf\u00e4rgade h\u00e5r flyter bak\u00e5t, ett f\u00f6rv\u00e5nat uttryck syns i hennes ansikte","og_url":"https:\/\/animefigurer.se\/en\/figurer\/original-character\/sorananiiro-illustartion-fox-spirit-sister-standard-ver-1-6-scale-figure\/","og_site_name":"Animefigurer.se","article_publisher":"https:\/\/www.facebook.com\/profile.php?id=61581826539670","article_modified_time":"2025-12-21T18:33:36+00:00","og_image":[{"width":1890,"height":1417,"url":"https:\/\/animefigurer.se\/wp-content\/uploads\/2025\/12\/Animefigurer_logowhite.png","type":"image\/png"}],"twitter_card":"summary_large_image","schema":{"@context":"https:\/\/schema.org","@graph":[{"@type":"WebPage","@id":"https:\/\/animefigurer.se\/en\/figurer\/original-character\/sorananiiro-illustartion-fox-spirit-sister-standard-ver-1-6-scale-figure\/","url":"https:\/\/animefigurer.se\/en\/figurer\/original-character\/sorananiiro-illustartion-fox-spirit-sister-standard-ver-1-6-scale-figure\/","name":"Sorananiiro Illustartion Fox Spirit Sister (Standard Ver.) 1\/6 Scale Figure | Animefigurer.se","isPartOf":{"@id":"https:\/\/animefigurer.se\/#website"},"primaryImageOfPage":{"@id":"https:\/\/animefigurer.se\/en\/figurer\/original-character\/sorananiiro-illustartion-fox-spirit-sister-standard-ver-1-6-scale-figure\/#primaryimage"},"image":{"@id":"https:\/\/animefigurer.se\/en\/figurer\/original-character\/sorananiiro-illustartion-fox-spirit-sister-standard-ver-1-6-scale-figure\/#primaryimage"},"thumbnailUrl":"https:\/\/animefigurer.se\/wp-content\/uploads\/2025\/10\/68c14c4f243e1.jpeg","datePublished":"2025-10-21T09:14:34+00:00","dateModified":"2025-12-21T18:33:36+00:00","breadcrumb":{"@id":"https:\/\/animefigurer.se\/en\/figurer\/original-character\/sorananiiro-illustartion-fox-spirit-sister-standard-ver-1-6-scale-figure\/#breadcrumb"},"inLanguage":"en-GB","potentialAction":[{"@type":"ReadAction","target":["https:\/\/animefigurer.se\/en\/figurer\/original-character\/sorananiiro-illustartion-fox-spirit-sister-standard-ver-1-6-scale-figure\/"]}]},{"@type":"ImageObject","inLanguage":"en-GB","@id":"https:\/\/animefigurer.se\/en\/figurer\/original-character\/sorananiiro-illustartion-fox-spirit-sister-standard-ver-1-6-scale-figure\/#primaryimage","url":"https:\/\/animefigurer.se\/wp-content\/uploads\/2025\/10\/68c14c4f243e1.jpeg","contentUrl":"https:\/\/animefigurer.se\/wp-content\/uploads\/2025\/10\/68c14c4f243e1.jpeg","width":1000,"height":750},{"@type":"BreadcrumbList","@id":"https:\/\/animefigurer.se\/en\/figurer\/original-character\/sorananiiro-illustartion-fox-spirit-sister-standard-ver-1-6-scale-figure\/#breadcrumb","itemListElement":[{"@type":"ListItem","position":1,"name":"Home","item":"https:\/\/animefigurer.se\/"},{"@type":"ListItem","position":2,"name":"Butik","item":"https:\/\/animefigurer.se\/figurer\/"},{"@type":"ListItem","position":3,"name":"Sorananiiro Illustartion Fox Spirit Sister (Standard Ver.) 1\/6 Scale Figure"}]},{"@type":"WebSite","@id":"https:\/\/animefigurer.se\/#website","url":"https:\/\/animefigurer.se\/","name":"Animefigurer.se","description":"Anime figures from over 300 different anime series with over 9000 products | Anime Shop","publisher":{"@id":"https:\/\/animefigurer.se\/#organization"},"potentialAction":[{"@type":"SearchAction","target":{"@type":"EntryPoint","urlTemplate":"https:\/\/animefigurer.se\/?s={search_term_string}"},"query-input":{"@type":"PropertyValueSpecification","valueRequired":true,"valueName":"search_term_string"}}],"inLanguage":"en-GB"},{"@type":"Organization","@id":"https:\/\/animefigurer.se\/#organization","name":"Animefigurer.se","alternateName":"Anime figurer | Anime shop","url":"https:\/\/animefigurer.se\/","logo":{"@type":"ImageObject","inLanguage":"en-GB","@id":"https:\/\/animefigurer.se\/#\/schema\/logo\/image\/","url":"https:\/\/animefigurer.se\/wp-content\/uploads\/2025\/12\/Animefigurer_logowhite.png","contentUrl":"https:\/\/animefigurer.se\/wp-content\/uploads\/2025\/12\/Animefigurer_logowhite.png","width":1890,"height":1417,"caption":"Animefigurer.se"},"image":{"@id":"https:\/\/animefigurer.se\/#\/schema\/logo\/image\/"},"sameAs":["https:\/\/www.facebook.com\/profile.php?id=61581826539670","https:\/\/www.instagram.com\/animefigurer.se\/"],"email":"info@animefigurer.se"}]}},"_links":{"self":[{"href":"https:\/\/animefigurer.se\/en\/wp-json\/wp\/v2\/product\/54257","targetHints":{"allow":["GET"]}}],"collection":[{"href":"https:\/\/animefigurer.se\/en\/wp-json\/wp\/v2\/product"}],"about":[{"href":"https:\/\/animefigurer.se\/en\/wp-json\/wp\/v2\/types\/product"}],"replies":[{"embeddable":true,"href":"https:\/\/animefigurer.se\/en\/wp-json\/wp\/v2\/comments?post=54257"}],"wp:featuredmedia":[{"embeddable":true,"href":"https:\/\/animefigurer.se\/en\/wp-json\/wp\/v2\/media\/54258"}],"wp:attachment":[{"href":"https:\/\/animefigurer.se\/en\/wp-json\/wp\/v2\/media?parent=54257"}],"wp:term":[{"taxonomy":"product_brand","embeddable":true,"href":"https:\/\/animefigurer.se\/en\/wp-json\/wp\/v2\/product_brand?post=54257"},{"taxonomy":"product_cat","embeddable":true,"href":"https:\/\/animefigurer.se\/en\/wp-json\/wp\/v2\/product_cat?post=54257"},{"taxonomy":"product_tag","embeddable":true,"href":"https:\/\/animefigurer.se\/en\/wp-json\/wp\/v2\/product_tag?post=54257"},{"taxonomy":"giftcard-category","embeddable":true,"href":"https:\/\/animefigurer.se\/en\/wp-json\/wp\/v2\/giftcard-category?post=54257"}],"curies":[{"name":"wp","href":"https:\/\/api.w.org\/{rel}","templated":true}]}}