{"id":52761,"date":"2025-10-21T10:53:31","date_gmt":"2025-10-21T08:53:31","guid":{"rendered":"https:\/\/animefigurer.se\/produkt\/deadprince-illustration-battle-maid-different-species-leopard-cat-maria-1-4-scale-figure\/"},"modified":"2026-03-24T15:47:04","modified_gmt":"2026-03-24T14:47:04","slug":"deadprince-illustration-battle-maid-different-species-leopard-cat-maria-1-4-scale-figure","status":"publish","type":"product","link":"https:\/\/animefigurer.se\/en\/figurer\/original-character\/deadprince-illustration-battle-maid-different-species-leopard-cat-maria-1-4-scale-figure\/","title":{"rendered":"DeadPrince Illustration Battle Maid Different Species Leopard Cat Maria 1\/4 Scale Figure"},"content":{"rendered":"<p>Magi Arts and DeadPrince present Battle Maid Maria in a large scale 1\/4 scale. In this version, she fixes her shoe while searching the room for potential threats. The deluxe package includes scroll, suit kase and shikishi. Other figures shown in the pictures are not included (shown to scale).<\/p>","protected":false},"excerpt":{"rendered":"<p>Magi Arts and DeadPrince present Battle Maid Maria in a large scale 1\/4 scale. In this version, she fixes her shoe while searching the room for potential threats. The deluxe package includes scroll, suit kase and shikishi. Other figures shown in the pictures are not included (shown to scale).<\/p>","protected":false},"featured_media":52762,"comment_status":"closed","ping_status":"closed","template":"","meta":{"_acf_changed":false,"_monsterinsights_skip_tracking":false,"_monsterinsights_sitenote_active":false,"_monsterinsights_sitenote_note":"","_monsterinsights_sitenote_category":0},"product_brand":[7051],"product_cat":[4204],"product_tag":[24],"giftcard-category":[],"class_list":{"0":"post-52761","1":"product","2":"type-product","3":"status-publish","4":"has-post-thumbnail","6":"product_brand-magi-arts","7":"product_cat-original-character","8":"product_tag-2-3-weeks","9":"pa_karaktar-maria","10":"pa_material-pvc-abs","11":"pa_skala-54","12":"pa_storlek-40-cm","14":"first","15":"instock","16":"taxable","17":"shipping-taxable","18":"purchasable","19":"product-type-simple"},"acf":[],"yoast_head":"<!-- This site is optimized with the Yoast SEO Premium plugin v24.6 (Yoast SEO v27.3) - https:\/\/yoast.com\/product\/yoast-seo-premium-wordpress\/ -->\n<title>DeadPrince Illustration Battle Maid Different Species Leopard Cat Maria 1\/4 Scale Figure | Animefigurer.se<\/title>\n<meta name=\"robots\" content=\"index, follow, max-snippet:-1, max-image-preview:large, max-video-preview:-1\" \/>\n<link rel=\"canonical\" href=\"https:\/\/animefigurer.se\/en\/figurer\/original-character\/deadprince-illustration-battle-maid-different-species-leopard-cat-maria-1-4-scale-figure\/\" \/>\n<meta property=\"og:locale\" content=\"en_GB\" \/>\n<meta property=\"og:type\" content=\"article\" \/>\n<meta property=\"og:title\" content=\"DeadPrince Illustration Battle Maid Different Species Leopard Cat Maria 1\/4 Scale Figure\" \/>\n<meta property=\"og:description\" content=\"Magi Arts och DeadPrince presenterar Battle Maid Maria i storskalig 1\/4\u2011utg\u00e5va. I denna version fixar hon sin sko medan hon s\u00f6ker igenom rummet efter potentiella hot. Deluxe\u2011paketet inkluderar scroll, suit kase och shikishi. Andra figurer som visas p\u00e5 bilderna ing\u00e5r ej (visas i skala).\" \/>\n<meta property=\"og:url\" content=\"https:\/\/animefigurer.se\/en\/figurer\/original-character\/deadprince-illustration-battle-maid-different-species-leopard-cat-maria-1-4-scale-figure\/\" \/>\n<meta property=\"og:site_name\" content=\"Animefigurer.se\" \/>\n<meta property=\"article:publisher\" content=\"https:\/\/www.facebook.com\/profile.php?id=61581826539670\" \/>\n<meta property=\"article:modified_time\" content=\"2026-03-24T14:47:04+00:00\" \/>\n<meta property=\"og:image\" content=\"https:\/\/animefigurer.se\/wp-content\/uploads\/2025\/12\/Animefigurer_logowhite.png\" \/>\n\t<meta property=\"og:image:width\" content=\"1890\" \/>\n\t<meta property=\"og:image:height\" content=\"1417\" \/>\n\t<meta property=\"og:image:type\" content=\"image\/png\" \/>\n<meta name=\"twitter:card\" content=\"summary_large_image\" \/>\n<meta name=\"twitter:label1\" content=\"Estimated reading time\" \/>\n\t<meta name=\"twitter:data1\" content=\"1 minute\" \/>\n<script type=\"application\/ld+json\" class=\"yoast-schema-graph\">{\"@context\":\"https:\\\/\\\/schema.org\",\"@graph\":[{\"@type\":\"WebPage\",\"@id\":\"https:\\\/\\\/animefigurer.se\\\/figurer\\\/original-character\\\/deadprince-illustration-battle-maid-different-species-leopard-cat-maria-1-4-scale-figure\\\/\",\"url\":\"https:\\\/\\\/animefigurer.se\\\/figurer\\\/original-character\\\/deadprince-illustration-battle-maid-different-species-leopard-cat-maria-1-4-scale-figure\\\/\",\"name\":\"DeadPrince Illustration Battle Maid Different Species Leopard Cat Maria 1\\\/4 Scale Figure | Animefigurer.se\",\"isPartOf\":{\"@id\":\"https:\\\/\\\/animefigurer.se\\\/#website\"},\"primaryImageOfPage\":{\"@id\":\"https:\\\/\\\/animefigurer.se\\\/figurer\\\/original-character\\\/deadprince-illustration-battle-maid-different-species-leopard-cat-maria-1-4-scale-figure\\\/#primaryimage\"},\"image\":{\"@id\":\"https:\\\/\\\/animefigurer.se\\\/figurer\\\/original-character\\\/deadprince-illustration-battle-maid-different-species-leopard-cat-maria-1-4-scale-figure\\\/#primaryimage\"},\"thumbnailUrl\":\"https:\\\/\\\/animefigurer.se\\\/wp-content\\\/uploads\\\/2025\\\/10\\\/1711107458171110734765fd6cb94e04f.jpeg\",\"datePublished\":\"2025-10-21T08:53:31+00:00\",\"dateModified\":\"2026-03-24T14:47:04+00:00\",\"breadcrumb\":{\"@id\":\"https:\\\/\\\/animefigurer.se\\\/figurer\\\/original-character\\\/deadprince-illustration-battle-maid-different-species-leopard-cat-maria-1-4-scale-figure\\\/#breadcrumb\"},\"inLanguage\":\"en-GB\",\"potentialAction\":[{\"@type\":\"ReadAction\",\"target\":[\"https:\\\/\\\/animefigurer.se\\\/figurer\\\/original-character\\\/deadprince-illustration-battle-maid-different-species-leopard-cat-maria-1-4-scale-figure\\\/\"]}]},{\"@type\":\"ImageObject\",\"inLanguage\":\"en-GB\",\"@id\":\"https:\\\/\\\/animefigurer.se\\\/figurer\\\/original-character\\\/deadprince-illustration-battle-maid-different-species-leopard-cat-maria-1-4-scale-figure\\\/#primaryimage\",\"url\":\"https:\\\/\\\/animefigurer.se\\\/wp-content\\\/uploads\\\/2025\\\/10\\\/1711107458171110734765fd6cb94e04f.jpeg\",\"contentUrl\":\"https:\\\/\\\/animefigurer.se\\\/wp-content\\\/uploads\\\/2025\\\/10\\\/1711107458171110734765fd6cb94e04f.jpeg\",\"width\":720,\"height\":540},{\"@type\":\"BreadcrumbList\",\"@id\":\"https:\\\/\\\/animefigurer.se\\\/figurer\\\/original-character\\\/deadprince-illustration-battle-maid-different-species-leopard-cat-maria-1-4-scale-figure\\\/#breadcrumb\",\"itemListElement\":[{\"@type\":\"ListItem\",\"position\":1,\"name\":\"Home\",\"item\":\"https:\\\/\\\/animefigurer.se\\\/\"},{\"@type\":\"ListItem\",\"position\":2,\"name\":\"Butik\",\"item\":\"https:\\\/\\\/animefigurer.se\\\/figurer\\\/\"},{\"@type\":\"ListItem\",\"position\":3,\"name\":\"DeadPrince Illustration Battle Maid Different Species Leopard Cat Maria 1\\\/4 Scale Figure\"}]},{\"@type\":\"WebSite\",\"@id\":\"https:\\\/\\\/animefigurer.se\\\/#website\",\"url\":\"https:\\\/\\\/animefigurer.se\\\/\",\"name\":\"Animefigurer.se\",\"description\":\"Anime figurer fr\u00e5n \u00f6ver 300 olika anime serier med \u00f6ver 9000 produkter | Anime Shop\",\"publisher\":{\"@id\":\"https:\\\/\\\/animefigurer.se\\\/#organization\"},\"potentialAction\":[{\"@type\":\"SearchAction\",\"target\":{\"@type\":\"EntryPoint\",\"urlTemplate\":\"https:\\\/\\\/animefigurer.se\\\/?s={search_term_string}\"},\"query-input\":{\"@type\":\"PropertyValueSpecification\",\"valueRequired\":true,\"valueName\":\"search_term_string\"}}],\"inLanguage\":\"en-GB\"},{\"@type\":\"Organization\",\"@id\":\"https:\\\/\\\/animefigurer.se\\\/#organization\",\"name\":\"Animefigurer.se\",\"alternateName\":\"Anime figurer | Anime shop\",\"url\":\"https:\\\/\\\/animefigurer.se\\\/\",\"logo\":{\"@type\":\"ImageObject\",\"inLanguage\":\"en-GB\",\"@id\":\"https:\\\/\\\/animefigurer.se\\\/#\\\/schema\\\/logo\\\/image\\\/\",\"url\":\"https:\\\/\\\/animefigurer.se\\\/wp-content\\\/uploads\\\/2025\\\/12\\\/Animefigurer_logowhite.png\",\"contentUrl\":\"https:\\\/\\\/animefigurer.se\\\/wp-content\\\/uploads\\\/2025\\\/12\\\/Animefigurer_logowhite.png\",\"width\":1890,\"height\":1417,\"caption\":\"Animefigurer.se\"},\"image\":{\"@id\":\"https:\\\/\\\/animefigurer.se\\\/#\\\/schema\\\/logo\\\/image\\\/\"},\"sameAs\":[\"https:\\\/\\\/www.facebook.com\\\/profile.php?id=61581826539670\",\"https:\\\/\\\/www.instagram.com\\\/animefigurer.se\\\/\"],\"email\":\"info@animefigurer.se\"}]}<\/script>\n<!-- \/ Yoast SEO Premium plugin. -->","yoast_head_json":{"title":"DeadPrince Illustration Battle Maid Different Species Leopard Cat Maria 1\/4 Scale Figure | Animefigurer.se","robots":{"index":"index","follow":"follow","max-snippet":"max-snippet:-1","max-image-preview":"max-image-preview:large","max-video-preview":"max-video-preview:-1"},"canonical":"https:\/\/animefigurer.se\/en\/figurer\/original-character\/deadprince-illustration-battle-maid-different-species-leopard-cat-maria-1-4-scale-figure\/","og_locale":"en_GB","og_type":"article","og_title":"DeadPrince Illustration Battle Maid Different Species Leopard Cat Maria 1\/4 Scale Figure","og_description":"Magi Arts och DeadPrince presenterar Battle Maid Maria i storskalig 1\/4\u2011utg\u00e5va. I denna version fixar hon sin sko medan hon s\u00f6ker igenom rummet efter potentiella hot. Deluxe\u2011paketet inkluderar scroll, suit kase och shikishi. Andra figurer som visas p\u00e5 bilderna ing\u00e5r ej (visas i skala).","og_url":"https:\/\/animefigurer.se\/en\/figurer\/original-character\/deadprince-illustration-battle-maid-different-species-leopard-cat-maria-1-4-scale-figure\/","og_site_name":"Animefigurer.se","article_publisher":"https:\/\/www.facebook.com\/profile.php?id=61581826539670","article_modified_time":"2026-03-24T14:47:04+00:00","og_image":[{"width":1890,"height":1417,"url":"https:\/\/animefigurer.se\/wp-content\/uploads\/2025\/12\/Animefigurer_logowhite.png","type":"image\/png"}],"twitter_card":"summary_large_image","twitter_misc":{"Estimated reading time":"1 minute"},"schema":{"@context":"https:\/\/schema.org","@graph":[{"@type":"WebPage","@id":"https:\/\/animefigurer.se\/figurer\/original-character\/deadprince-illustration-battle-maid-different-species-leopard-cat-maria-1-4-scale-figure\/","url":"https:\/\/animefigurer.se\/figurer\/original-character\/deadprince-illustration-battle-maid-different-species-leopard-cat-maria-1-4-scale-figure\/","name":"DeadPrince Illustration Battle Maid Different Species Leopard Cat Maria 1\/4 Scale Figure | Animefigurer.se","isPartOf":{"@id":"https:\/\/animefigurer.se\/#website"},"primaryImageOfPage":{"@id":"https:\/\/animefigurer.se\/figurer\/original-character\/deadprince-illustration-battle-maid-different-species-leopard-cat-maria-1-4-scale-figure\/#primaryimage"},"image":{"@id":"https:\/\/animefigurer.se\/figurer\/original-character\/deadprince-illustration-battle-maid-different-species-leopard-cat-maria-1-4-scale-figure\/#primaryimage"},"thumbnailUrl":"https:\/\/animefigurer.se\/wp-content\/uploads\/2025\/10\/1711107458171110734765fd6cb94e04f.jpeg","datePublished":"2025-10-21T08:53:31+00:00","dateModified":"2026-03-24T14:47:04+00:00","breadcrumb":{"@id":"https:\/\/animefigurer.se\/figurer\/original-character\/deadprince-illustration-battle-maid-different-species-leopard-cat-maria-1-4-scale-figure\/#breadcrumb"},"inLanguage":"en-GB","potentialAction":[{"@type":"ReadAction","target":["https:\/\/animefigurer.se\/figurer\/original-character\/deadprince-illustration-battle-maid-different-species-leopard-cat-maria-1-4-scale-figure\/"]}]},{"@type":"ImageObject","inLanguage":"en-GB","@id":"https:\/\/animefigurer.se\/figurer\/original-character\/deadprince-illustration-battle-maid-different-species-leopard-cat-maria-1-4-scale-figure\/#primaryimage","url":"https:\/\/animefigurer.se\/wp-content\/uploads\/2025\/10\/1711107458171110734765fd6cb94e04f.jpeg","contentUrl":"https:\/\/animefigurer.se\/wp-content\/uploads\/2025\/10\/1711107458171110734765fd6cb94e04f.jpeg","width":720,"height":540},{"@type":"BreadcrumbList","@id":"https:\/\/animefigurer.se\/figurer\/original-character\/deadprince-illustration-battle-maid-different-species-leopard-cat-maria-1-4-scale-figure\/#breadcrumb","itemListElement":[{"@type":"ListItem","position":1,"name":"Home","item":"https:\/\/animefigurer.se\/"},{"@type":"ListItem","position":2,"name":"Butik","item":"https:\/\/animefigurer.se\/figurer\/"},{"@type":"ListItem","position":3,"name":"DeadPrince Illustration Battle Maid Different Species Leopard Cat Maria 1\/4 Scale Figure"}]},{"@type":"WebSite","@id":"https:\/\/animefigurer.se\/#website","url":"https:\/\/animefigurer.se\/","name":"Animefigurer.se","description":"Anime figures from over 300 different anime series with over 9000 products | Anime Shop","publisher":{"@id":"https:\/\/animefigurer.se\/#organization"},"potentialAction":[{"@type":"SearchAction","target":{"@type":"EntryPoint","urlTemplate":"https:\/\/animefigurer.se\/?s={search_term_string}"},"query-input":{"@type":"PropertyValueSpecification","valueRequired":true,"valueName":"search_term_string"}}],"inLanguage":"en-GB"},{"@type":"Organization","@id":"https:\/\/animefigurer.se\/#organization","name":"Animefigurer.se","alternateName":"Anime figurer | Anime shop","url":"https:\/\/animefigurer.se\/","logo":{"@type":"ImageObject","inLanguage":"en-GB","@id":"https:\/\/animefigurer.se\/#\/schema\/logo\/image\/","url":"https:\/\/animefigurer.se\/wp-content\/uploads\/2025\/12\/Animefigurer_logowhite.png","contentUrl":"https:\/\/animefigurer.se\/wp-content\/uploads\/2025\/12\/Animefigurer_logowhite.png","width":1890,"height":1417,"caption":"Animefigurer.se"},"image":{"@id":"https:\/\/animefigurer.se\/#\/schema\/logo\/image\/"},"sameAs":["https:\/\/www.facebook.com\/profile.php?id=61581826539670","https:\/\/www.instagram.com\/animefigurer.se\/"],"email":"info@animefigurer.se"}]}},"_links":{"self":[{"href":"https:\/\/animefigurer.se\/en\/wp-json\/wp\/v2\/product\/52761","targetHints":{"allow":["GET"]}}],"collection":[{"href":"https:\/\/animefigurer.se\/en\/wp-json\/wp\/v2\/product"}],"about":[{"href":"https:\/\/animefigurer.se\/en\/wp-json\/wp\/v2\/types\/product"}],"replies":[{"embeddable":true,"href":"https:\/\/animefigurer.se\/en\/wp-json\/wp\/v2\/comments?post=52761"}],"wp:featuredmedia":[{"embeddable":true,"href":"https:\/\/animefigurer.se\/en\/wp-json\/wp\/v2\/media\/52762"}],"wp:attachment":[{"href":"https:\/\/animefigurer.se\/en\/wp-json\/wp\/v2\/media?parent=52761"}],"wp:term":[{"taxonomy":"product_brand","embeddable":true,"href":"https:\/\/animefigurer.se\/en\/wp-json\/wp\/v2\/product_brand?post=52761"},{"taxonomy":"product_cat","embeddable":true,"href":"https:\/\/animefigurer.se\/en\/wp-json\/wp\/v2\/product_cat?post=52761"},{"taxonomy":"product_tag","embeddable":true,"href":"https:\/\/animefigurer.se\/en\/wp-json\/wp\/v2\/product_tag?post=52761"},{"taxonomy":"giftcard-category","embeddable":true,"href":"https:\/\/animefigurer.se\/en\/wp-json\/wp\/v2\/giftcard-category?post=52761"}],"curies":[{"name":"wp","href":"https:\/\/api.w.org\/{rel}","templated":true}]}}