{"id":50555,"date":"2025-10-21T01:24:11","date_gmt":"2025-10-20T23:24:11","guid":{"rendered":"https:\/\/animefigurer.se\/produkt\/one-piece-netflix-roronoa-zoro-vinyl-figure\/"},"modified":"2025-12-21T19:33:03","modified_gmt":"2025-12-21T18:33:03","slug":"one-piece-netflix-roronoa-zoro-vinyl-figure","status":"publish","type":"product","link":"https:\/\/animefigurer.se\/en\/figurer\/one-piece\/one-piece-netflix-roronoa-zoro-vinyl-figure\/","title":{"rendered":"One Piece (Netflix) Roronoa Zoro Vinyl Figure"},"content":{"rendered":"<p>Roronoa Zoro in Youtooz style from Netflix comes as a vinyl figure, approximately 4.7 inches tall. He has short moss green hair, three golden earrings and wears a beige open shirt as well as tight black pants and buckles on his boots. His left hand rests on three swords at his waist. The packaging is adorned with pink petals on the outside and a blue wave on the inside. Comes in a matte, embossed outer sleeve with specially shaped plastic protection for safe shipping.<\/p>","protected":false},"excerpt":{"rendered":"<p>Roronoa Zoro in Youtooz style from Netflix comes as a vinyl figure, approximately 4.7 inches tall. He has short moss green hair, three golden earrings and wears a beige open shirt as well as tight black pants and buckles on his boots. His left hand rests on three swords at his waist. The packaging is adorned with pink petals u<\/p>","protected":false},"featured_media":50556,"comment_status":"closed","ping_status":"open","template":"","meta":{"_acf_changed":false,"_monsterinsights_skip_tracking":false,"_monsterinsights_sitenote_active":false,"_monsterinsights_sitenote_note":"","_monsterinsights_sitenote_category":0},"product_brand":[7189],"product_cat":[18],"product_tag":[24],"giftcard-category":[],"class_list":{"0":"post-50555","1":"product","2":"type-product","3":"status-publish","4":"has-post-thumbnail","6":"product_brand-youtooz","7":"product_cat-one-piece","8":"product_tag-2-3-weeks","9":"pa_franchise-one-piece","10":"pa_karaktar-roronoa-zoro","11":"pa_material-vinyl","12":"pa_storlek-11-cm","14":"first","15":"instock","16":"taxable","17":"shipping-taxable","18":"purchasable","19":"product-type-simple"},"acf":[],"yoast_head":"<!-- This site is optimized with the Yoast SEO Premium plugin v24.6 (Yoast SEO v27.4) - https:\/\/yoast.com\/product\/yoast-seo-premium-wordpress\/ -->\n<title>One Piece (Netflix) Roronoa Zoro Vinyl Figure | Animefigurer.se<\/title>\n<meta name=\"robots\" content=\"index, follow, max-snippet:-1, max-image-preview:large, max-video-preview:-1\" \/>\n<link rel=\"canonical\" href=\"https:\/\/animefigurer.se\/en\/figurer\/one-piece\/one-piece-netflix-roronoa-zoro-vinyl-figure\/\" \/>\n<meta property=\"og:locale\" content=\"en_GB\" \/>\n<meta property=\"og:type\" content=\"article\" \/>\n<meta property=\"og:title\" content=\"One Piece (Netflix) Roronoa Zoro Vinyl Figure\" \/>\n<meta property=\"og:description\" content=\"Roronoa Zoro i Youtooz-stil fr\u00e5n Netflix kommer som vinylfigur, cirka 4,7 tum h\u00f6g. Han har kort mossgr\u00f6nt h\u00e5r, tre gyllene \u00f6rh\u00e4ngen och b\u00e4r en beige \u00f6ppen skjorta samt sn\u00e4va svarta byxor och sp\u00e4nnen p\u00e5 st\u00f6vlarna. Hans v\u00e4nstra hand vilar p\u00e5 tre sv\u00e4rd vid midjan. F\u00f6rpackningen pryds av rosa kronblad u\" \/>\n<meta property=\"og:url\" content=\"https:\/\/animefigurer.se\/en\/figurer\/one-piece\/one-piece-netflix-roronoa-zoro-vinyl-figure\/\" \/>\n<meta property=\"og:site_name\" content=\"Animefigurer.se\" \/>\n<meta property=\"article:publisher\" content=\"https:\/\/www.facebook.com\/profile.php?id=61581826539670\" \/>\n<meta property=\"article:modified_time\" content=\"2025-12-21T18:33:03+00:00\" \/>\n<meta property=\"og:image\" content=\"https:\/\/animefigurer.se\/wp-content\/uploads\/2025\/12\/Animefigurer_logowhite.png\" \/>\n\t<meta property=\"og:image:width\" content=\"1890\" \/>\n\t<meta property=\"og:image:height\" content=\"1417\" \/>\n\t<meta property=\"og:image:type\" content=\"image\/png\" \/>\n<meta name=\"twitter:card\" content=\"summary_large_image\" \/>\n<script type=\"application\/ld+json\" class=\"yoast-schema-graph\">{\"@context\":\"https:\\\/\\\/schema.org\",\"@graph\":[{\"@type\":\"WebPage\",\"@id\":\"https:\\\/\\\/animefigurer.se\\\/figurer\\\/one-piece\\\/one-piece-netflix-roronoa-zoro-vinyl-figure\\\/\",\"url\":\"https:\\\/\\\/animefigurer.se\\\/figurer\\\/one-piece\\\/one-piece-netflix-roronoa-zoro-vinyl-figure\\\/\",\"name\":\"One Piece (Netflix) Roronoa Zoro Vinyl Figure | Animefigurer.se\",\"isPartOf\":{\"@id\":\"https:\\\/\\\/animefigurer.se\\\/#website\"},\"primaryImageOfPage\":{\"@id\":\"https:\\\/\\\/animefigurer.se\\\/figurer\\\/one-piece\\\/one-piece-netflix-roronoa-zoro-vinyl-figure\\\/#primaryimage\"},\"image\":{\"@id\":\"https:\\\/\\\/animefigurer.se\\\/figurer\\\/one-piece\\\/one-piece-netflix-roronoa-zoro-vinyl-figure\\\/#primaryimage\"},\"thumbnailUrl\":\"https:\\\/\\\/animefigurer.se\\\/wp-content\\\/uploads\\\/2025\\\/10\\\/65abb9d38b551.jpeg\",\"datePublished\":\"2025-10-20T23:24:11+00:00\",\"dateModified\":\"2025-12-21T18:33:03+00:00\",\"breadcrumb\":{\"@id\":\"https:\\\/\\\/animefigurer.se\\\/figurer\\\/one-piece\\\/one-piece-netflix-roronoa-zoro-vinyl-figure\\\/#breadcrumb\"},\"inLanguage\":\"en-GB\",\"potentialAction\":[{\"@type\":\"ReadAction\",\"target\":[\"https:\\\/\\\/animefigurer.se\\\/figurer\\\/one-piece\\\/one-piece-netflix-roronoa-zoro-vinyl-figure\\\/\"]}]},{\"@type\":\"ImageObject\",\"inLanguage\":\"en-GB\",\"@id\":\"https:\\\/\\\/animefigurer.se\\\/figurer\\\/one-piece\\\/one-piece-netflix-roronoa-zoro-vinyl-figure\\\/#primaryimage\",\"url\":\"https:\\\/\\\/animefigurer.se\\\/wp-content\\\/uploads\\\/2025\\\/10\\\/65abb9d38b551.jpeg\",\"contentUrl\":\"https:\\\/\\\/animefigurer.se\\\/wp-content\\\/uploads\\\/2025\\\/10\\\/65abb9d38b551.jpeg\",\"width\":720,\"height\":540},{\"@type\":\"BreadcrumbList\",\"@id\":\"https:\\\/\\\/animefigurer.se\\\/figurer\\\/one-piece\\\/one-piece-netflix-roronoa-zoro-vinyl-figure\\\/#breadcrumb\",\"itemListElement\":[{\"@type\":\"ListItem\",\"position\":1,\"name\":\"Home\",\"item\":\"https:\\\/\\\/animefigurer.se\\\/\"},{\"@type\":\"ListItem\",\"position\":2,\"name\":\"Butik\",\"item\":\"https:\\\/\\\/animefigurer.se\\\/figurer\\\/\"},{\"@type\":\"ListItem\",\"position\":3,\"name\":\"One Piece (Netflix) Roronoa Zoro Vinyl Figure\"}]},{\"@type\":\"WebSite\",\"@id\":\"https:\\\/\\\/animefigurer.se\\\/#website\",\"url\":\"https:\\\/\\\/animefigurer.se\\\/\",\"name\":\"Animefigurer.se\",\"description\":\"Anime figurer fr\u00e5n \u00f6ver 300 olika anime serier med \u00f6ver 9000 produkter | Anime Shop\",\"publisher\":{\"@id\":\"https:\\\/\\\/animefigurer.se\\\/#organization\"},\"potentialAction\":[{\"@type\":\"SearchAction\",\"target\":{\"@type\":\"EntryPoint\",\"urlTemplate\":\"https:\\\/\\\/animefigurer.se\\\/?s={search_term_string}\"},\"query-input\":{\"@type\":\"PropertyValueSpecification\",\"valueRequired\":true,\"valueName\":\"search_term_string\"}}],\"inLanguage\":\"en-GB\"},{\"@type\":\"Organization\",\"@id\":\"https:\\\/\\\/animefigurer.se\\\/#organization\",\"name\":\"Animefigurer.se\",\"alternateName\":\"Anime figurer | Anime shop\",\"url\":\"https:\\\/\\\/animefigurer.se\\\/\",\"logo\":{\"@type\":\"ImageObject\",\"inLanguage\":\"en-GB\",\"@id\":\"https:\\\/\\\/animefigurer.se\\\/#\\\/schema\\\/logo\\\/image\\\/\",\"url\":\"https:\\\/\\\/animefigurer.se\\\/wp-content\\\/uploads\\\/2025\\\/12\\\/Animefigurer_logowhite.png\",\"contentUrl\":\"https:\\\/\\\/animefigurer.se\\\/wp-content\\\/uploads\\\/2025\\\/12\\\/Animefigurer_logowhite.png\",\"width\":1890,\"height\":1417,\"caption\":\"Animefigurer.se\"},\"image\":{\"@id\":\"https:\\\/\\\/animefigurer.se\\\/#\\\/schema\\\/logo\\\/image\\\/\"},\"sameAs\":[\"https:\\\/\\\/www.facebook.com\\\/profile.php?id=61581826539670\",\"https:\\\/\\\/www.instagram.com\\\/animefigurer.se\\\/\"],\"email\":\"info@animefigurer.se\"}]}<\/script>\n<!-- \/ Yoast SEO Premium plugin. -->","yoast_head_json":{"title":"One Piece (Netflix) Roronoa Zoro Vinyl Figure | Animefigurer.se","robots":{"index":"index","follow":"follow","max-snippet":"max-snippet:-1","max-image-preview":"max-image-preview:large","max-video-preview":"max-video-preview:-1"},"canonical":"https:\/\/animefigurer.se\/en\/figurer\/one-piece\/one-piece-netflix-roronoa-zoro-vinyl-figure\/","og_locale":"en_GB","og_type":"article","og_title":"One Piece (Netflix) Roronoa Zoro Vinyl Figure","og_description":"Roronoa Zoro i Youtooz-stil fr\u00e5n Netflix kommer som vinylfigur, cirka 4,7 tum h\u00f6g. Han har kort mossgr\u00f6nt h\u00e5r, tre gyllene \u00f6rh\u00e4ngen och b\u00e4r en beige \u00f6ppen skjorta samt sn\u00e4va svarta byxor och sp\u00e4nnen p\u00e5 st\u00f6vlarna. Hans v\u00e4nstra hand vilar p\u00e5 tre sv\u00e4rd vid midjan. F\u00f6rpackningen pryds av rosa kronblad u","og_url":"https:\/\/animefigurer.se\/en\/figurer\/one-piece\/one-piece-netflix-roronoa-zoro-vinyl-figure\/","og_site_name":"Animefigurer.se","article_publisher":"https:\/\/www.facebook.com\/profile.php?id=61581826539670","article_modified_time":"2025-12-21T18:33:03+00:00","og_image":[{"width":1890,"height":1417,"url":"https:\/\/animefigurer.se\/wp-content\/uploads\/2025\/12\/Animefigurer_logowhite.png","type":"image\/png"}],"twitter_card":"summary_large_image","schema":{"@context":"https:\/\/schema.org","@graph":[{"@type":"WebPage","@id":"https:\/\/animefigurer.se\/figurer\/one-piece\/one-piece-netflix-roronoa-zoro-vinyl-figure\/","url":"https:\/\/animefigurer.se\/figurer\/one-piece\/one-piece-netflix-roronoa-zoro-vinyl-figure\/","name":"One Piece (Netflix) Roronoa Zoro Vinyl Figure | Animefigurer.se","isPartOf":{"@id":"https:\/\/animefigurer.se\/#website"},"primaryImageOfPage":{"@id":"https:\/\/animefigurer.se\/figurer\/one-piece\/one-piece-netflix-roronoa-zoro-vinyl-figure\/#primaryimage"},"image":{"@id":"https:\/\/animefigurer.se\/figurer\/one-piece\/one-piece-netflix-roronoa-zoro-vinyl-figure\/#primaryimage"},"thumbnailUrl":"https:\/\/animefigurer.se\/wp-content\/uploads\/2025\/10\/65abb9d38b551.jpeg","datePublished":"2025-10-20T23:24:11+00:00","dateModified":"2025-12-21T18:33:03+00:00","breadcrumb":{"@id":"https:\/\/animefigurer.se\/figurer\/one-piece\/one-piece-netflix-roronoa-zoro-vinyl-figure\/#breadcrumb"},"inLanguage":"en-GB","potentialAction":[{"@type":"ReadAction","target":["https:\/\/animefigurer.se\/figurer\/one-piece\/one-piece-netflix-roronoa-zoro-vinyl-figure\/"]}]},{"@type":"ImageObject","inLanguage":"en-GB","@id":"https:\/\/animefigurer.se\/figurer\/one-piece\/one-piece-netflix-roronoa-zoro-vinyl-figure\/#primaryimage","url":"https:\/\/animefigurer.se\/wp-content\/uploads\/2025\/10\/65abb9d38b551.jpeg","contentUrl":"https:\/\/animefigurer.se\/wp-content\/uploads\/2025\/10\/65abb9d38b551.jpeg","width":720,"height":540},{"@type":"BreadcrumbList","@id":"https:\/\/animefigurer.se\/figurer\/one-piece\/one-piece-netflix-roronoa-zoro-vinyl-figure\/#breadcrumb","itemListElement":[{"@type":"ListItem","position":1,"name":"Home","item":"https:\/\/animefigurer.se\/"},{"@type":"ListItem","position":2,"name":"Butik","item":"https:\/\/animefigurer.se\/figurer\/"},{"@type":"ListItem","position":3,"name":"One Piece (Netflix) Roronoa Zoro Vinyl Figure"}]},{"@type":"WebSite","@id":"https:\/\/animefigurer.se\/#website","url":"https:\/\/animefigurer.se\/","name":"Animefigurer.se","description":"Anime figures from over 300 different anime series with over 9000 products | Anime Shop","publisher":{"@id":"https:\/\/animefigurer.se\/#organization"},"potentialAction":[{"@type":"SearchAction","target":{"@type":"EntryPoint","urlTemplate":"https:\/\/animefigurer.se\/?s={search_term_string}"},"query-input":{"@type":"PropertyValueSpecification","valueRequired":true,"valueName":"search_term_string"}}],"inLanguage":"en-GB"},{"@type":"Organization","@id":"https:\/\/animefigurer.se\/#organization","name":"Animefigurer.se","alternateName":"Anime figurer | Anime shop","url":"https:\/\/animefigurer.se\/","logo":{"@type":"ImageObject","inLanguage":"en-GB","@id":"https:\/\/animefigurer.se\/#\/schema\/logo\/image\/","url":"https:\/\/animefigurer.se\/wp-content\/uploads\/2025\/12\/Animefigurer_logowhite.png","contentUrl":"https:\/\/animefigurer.se\/wp-content\/uploads\/2025\/12\/Animefigurer_logowhite.png","width":1890,"height":1417,"caption":"Animefigurer.se"},"image":{"@id":"https:\/\/animefigurer.se\/#\/schema\/logo\/image\/"},"sameAs":["https:\/\/www.facebook.com\/profile.php?id=61581826539670","https:\/\/www.instagram.com\/animefigurer.se\/"],"email":"info@animefigurer.se"}]}},"_links":{"self":[{"href":"https:\/\/animefigurer.se\/en\/wp-json\/wp\/v2\/product\/50555","targetHints":{"allow":["GET"]}}],"collection":[{"href":"https:\/\/animefigurer.se\/en\/wp-json\/wp\/v2\/product"}],"about":[{"href":"https:\/\/animefigurer.se\/en\/wp-json\/wp\/v2\/types\/product"}],"replies":[{"embeddable":true,"href":"https:\/\/animefigurer.se\/en\/wp-json\/wp\/v2\/comments?post=50555"}],"wp:featuredmedia":[{"embeddable":true,"href":"https:\/\/animefigurer.se\/en\/wp-json\/wp\/v2\/media\/50556"}],"wp:attachment":[{"href":"https:\/\/animefigurer.se\/en\/wp-json\/wp\/v2\/media?parent=50555"}],"wp:term":[{"taxonomy":"product_brand","embeddable":true,"href":"https:\/\/animefigurer.se\/en\/wp-json\/wp\/v2\/product_brand?post=50555"},{"taxonomy":"product_cat","embeddable":true,"href":"https:\/\/animefigurer.se\/en\/wp-json\/wp\/v2\/product_cat?post=50555"},{"taxonomy":"product_tag","embeddable":true,"href":"https:\/\/animefigurer.se\/en\/wp-json\/wp\/v2\/product_tag?post=50555"},{"taxonomy":"giftcard-category","embeddable":true,"href":"https:\/\/animefigurer.se\/en\/wp-json\/wp\/v2\/giftcard-category?post=50555"}],"curies":[{"name":"wp","href":"https:\/\/api.w.org\/{rel}","templated":true}]}}