{"id":50175,"date":"2025-10-21T01:20:04","date_gmt":"2025-10-20T23:20:04","guid":{"rendered":"https:\/\/animefigurer.se\/produkt\/one-piece-a-netflix-series-ichibansho-den-den-mushi-monkey-d-garp-ver\/"},"modified":"2025-12-21T19:33:00","modified_gmt":"2025-12-21T18:33:00","slug":"one-piece-a-netflix-series-ichibansho-den-den-mushi-monkey-d-garp-ver","status":"publish","type":"product","link":"https:\/\/animefigurer.se\/en\/figurer\/one-piece\/one-piece-a-netflix-series-ichibansho-den-den-mushi-monkey-d-garp-ver\/","title":{"rendered":"One Piece (A Netflix Series) Ichibansho Den Den Mushi (Monkey D. Garp Ver.)"},"content":{"rendered":"<p>Den Den Mushi are unique creatures in the One Piece universe that function as communication snails, similar to a telephone. They can transmit voice and sometimes images, and take on the expressions and appearances of their callers, making them practical and charming for long-distance communication.<\/p>","protected":false},"excerpt":{"rendered":"<p>Den Den Mushi are unique creatures in the One Piece universe that function as communication snails, similar to a telephone. They can transmit voice and sometimes images, and take on the expressions and appearances of their callers, making them practical and charming for long-distance communication.<\/p>","protected":false},"featured_media":50176,"comment_status":"closed","ping_status":"open","template":"","meta":{"_acf_changed":false,"_monsterinsights_skip_tracking":false,"_monsterinsights_sitenote_active":false,"_monsterinsights_sitenote_note":"","_monsterinsights_sitenote_category":0},"product_brand":[6925],"product_cat":[18],"product_tag":[24],"giftcard-category":[],"class_list":{"0":"post-50175","1":"product","2":"type-product","3":"status-publish","4":"has-post-thumbnail","6":"product_brand-bandai-ichibansho","7":"product_cat-one-piece","8":"product_tag-2-3-weeks","9":"pa_franchise-one-piece","10":"pa_karaktar-den-den-mushi","11":"pa_material-pvc-abs","12":"pa_produktserie-ichibansho","13":"pa_storlek-15-cm","15":"first","16":"instock","17":"taxable","18":"shipping-taxable","19":"purchasable","20":"product-type-simple"},"acf":[],"yoast_head":"<!-- This site is optimized with the Yoast SEO Premium plugin v24.6 (Yoast SEO v27.4) - https:\/\/yoast.com\/product\/yoast-seo-premium-wordpress\/ -->\n<title>One Piece (A Netflix Series) Ichibansho Den Den Mushi (Monkey D. Garp Ver.) | Animefigurer.se<\/title>\n<meta name=\"robots\" content=\"index, follow, max-snippet:-1, max-image-preview:large, max-video-preview:-1\" \/>\n<link rel=\"canonical\" href=\"https:\/\/animefigurer.se\/en\/figurer\/one-piece\/one-piece-a-netflix-series-ichibansho-den-den-mushi-monkey-d-garp-ver\/\" \/>\n<meta property=\"og:locale\" content=\"en_GB\" \/>\n<meta property=\"og:type\" content=\"article\" \/>\n<meta property=\"og:title\" content=\"One Piece (A Netflix Series) Ichibansho Den Den Mushi (Monkey D. Garp Ver.)\" \/>\n<meta property=\"og:description\" content=\"Den Den Mushi \u00e4r en unik varelse i One Piece-universumet som fungerar som kommunikationssnigel, liknande en telefon. De kan \u00f6verf\u00f6ra r\u00f6st och ibland bilder samt anta uttryck och utseenden hos de som ringer, vilket g\u00f6r dem praktiska och charmiga f\u00f6r kommunikation \u00f6ver l\u00e5nga avst\u00e5nd.\" \/>\n<meta property=\"og:url\" content=\"https:\/\/animefigurer.se\/en\/figurer\/one-piece\/one-piece-a-netflix-series-ichibansho-den-den-mushi-monkey-d-garp-ver\/\" \/>\n<meta property=\"og:site_name\" content=\"Animefigurer.se\" \/>\n<meta property=\"article:publisher\" content=\"https:\/\/www.facebook.com\/profile.php?id=61581826539670\" \/>\n<meta property=\"article:modified_time\" content=\"2025-12-21T18:33:00+00:00\" \/>\n<meta property=\"og:image\" content=\"https:\/\/animefigurer.se\/wp-content\/uploads\/2025\/12\/Animefigurer_logowhite.png\" \/>\n\t<meta property=\"og:image:width\" content=\"1890\" \/>\n\t<meta property=\"og:image:height\" content=\"1417\" \/>\n\t<meta property=\"og:image:type\" content=\"image\/png\" \/>\n<meta name=\"twitter:card\" content=\"summary_large_image\" \/>\n<script type=\"application\/ld+json\" class=\"yoast-schema-graph\">{\"@context\":\"https:\\\/\\\/schema.org\",\"@graph\":[{\"@type\":\"WebPage\",\"@id\":\"https:\\\/\\\/animefigurer.se\\\/figurer\\\/one-piece\\\/one-piece-a-netflix-series-ichibansho-den-den-mushi-monkey-d-garp-ver\\\/\",\"url\":\"https:\\\/\\\/animefigurer.se\\\/figurer\\\/one-piece\\\/one-piece-a-netflix-series-ichibansho-den-den-mushi-monkey-d-garp-ver\\\/\",\"name\":\"One Piece (A Netflix Series) Ichibansho Den Den Mushi (Monkey D. Garp Ver.) | Animefigurer.se\",\"isPartOf\":{\"@id\":\"https:\\\/\\\/animefigurer.se\\\/#website\"},\"primaryImageOfPage\":{\"@id\":\"https:\\\/\\\/animefigurer.se\\\/figurer\\\/one-piece\\\/one-piece-a-netflix-series-ichibansho-den-den-mushi-monkey-d-garp-ver\\\/#primaryimage\"},\"image\":{\"@id\":\"https:\\\/\\\/animefigurer.se\\\/figurer\\\/one-piece\\\/one-piece-a-netflix-series-ichibansho-den-den-mushi-monkey-d-garp-ver\\\/#primaryimage\"},\"thumbnailUrl\":\"https:\\\/\\\/animefigurer.se\\\/wp-content\\\/uploads\\\/2025\\\/10\\\/66a7ab35f2753.jpeg\",\"datePublished\":\"2025-10-20T23:20:04+00:00\",\"dateModified\":\"2025-12-21T18:33:00+00:00\",\"breadcrumb\":{\"@id\":\"https:\\\/\\\/animefigurer.se\\\/figurer\\\/one-piece\\\/one-piece-a-netflix-series-ichibansho-den-den-mushi-monkey-d-garp-ver\\\/#breadcrumb\"},\"inLanguage\":\"en-GB\",\"potentialAction\":[{\"@type\":\"ReadAction\",\"target\":[\"https:\\\/\\\/animefigurer.se\\\/figurer\\\/one-piece\\\/one-piece-a-netflix-series-ichibansho-den-den-mushi-monkey-d-garp-ver\\\/\"]}]},{\"@type\":\"ImageObject\",\"inLanguage\":\"en-GB\",\"@id\":\"https:\\\/\\\/animefigurer.se\\\/figurer\\\/one-piece\\\/one-piece-a-netflix-series-ichibansho-den-den-mushi-monkey-d-garp-ver\\\/#primaryimage\",\"url\":\"https:\\\/\\\/animefigurer.se\\\/wp-content\\\/uploads\\\/2025\\\/10\\\/66a7ab35f2753.jpeg\",\"contentUrl\":\"https:\\\/\\\/animefigurer.se\\\/wp-content\\\/uploads\\\/2025\\\/10\\\/66a7ab35f2753.jpeg\",\"width\":720,\"height\":540},{\"@type\":\"BreadcrumbList\",\"@id\":\"https:\\\/\\\/animefigurer.se\\\/figurer\\\/one-piece\\\/one-piece-a-netflix-series-ichibansho-den-den-mushi-monkey-d-garp-ver\\\/#breadcrumb\",\"itemListElement\":[{\"@type\":\"ListItem\",\"position\":1,\"name\":\"Home\",\"item\":\"https:\\\/\\\/animefigurer.se\\\/\"},{\"@type\":\"ListItem\",\"position\":2,\"name\":\"Butik\",\"item\":\"https:\\\/\\\/animefigurer.se\\\/figurer\\\/\"},{\"@type\":\"ListItem\",\"position\":3,\"name\":\"One Piece (A Netflix Series) Ichibansho Den Den Mushi (Monkey D. Garp Ver.)\"}]},{\"@type\":\"WebSite\",\"@id\":\"https:\\\/\\\/animefigurer.se\\\/#website\",\"url\":\"https:\\\/\\\/animefigurer.se\\\/\",\"name\":\"Animefigurer.se\",\"description\":\"Anime figurer fr\u00e5n \u00f6ver 300 olika anime serier med \u00f6ver 9000 produkter | Anime Shop\",\"publisher\":{\"@id\":\"https:\\\/\\\/animefigurer.se\\\/#organization\"},\"potentialAction\":[{\"@type\":\"SearchAction\",\"target\":{\"@type\":\"EntryPoint\",\"urlTemplate\":\"https:\\\/\\\/animefigurer.se\\\/?s={search_term_string}\"},\"query-input\":{\"@type\":\"PropertyValueSpecification\",\"valueRequired\":true,\"valueName\":\"search_term_string\"}}],\"inLanguage\":\"en-GB\"},{\"@type\":\"Organization\",\"@id\":\"https:\\\/\\\/animefigurer.se\\\/#organization\",\"name\":\"Animefigurer.se\",\"alternateName\":\"Anime figurer | Anime shop\",\"url\":\"https:\\\/\\\/animefigurer.se\\\/\",\"logo\":{\"@type\":\"ImageObject\",\"inLanguage\":\"en-GB\",\"@id\":\"https:\\\/\\\/animefigurer.se\\\/#\\\/schema\\\/logo\\\/image\\\/\",\"url\":\"https:\\\/\\\/animefigurer.se\\\/wp-content\\\/uploads\\\/2025\\\/12\\\/Animefigurer_logowhite.png\",\"contentUrl\":\"https:\\\/\\\/animefigurer.se\\\/wp-content\\\/uploads\\\/2025\\\/12\\\/Animefigurer_logowhite.png\",\"width\":1890,\"height\":1417,\"caption\":\"Animefigurer.se\"},\"image\":{\"@id\":\"https:\\\/\\\/animefigurer.se\\\/#\\\/schema\\\/logo\\\/image\\\/\"},\"sameAs\":[\"https:\\\/\\\/www.facebook.com\\\/profile.php?id=61581826539670\",\"https:\\\/\\\/www.instagram.com\\\/animefigurer.se\\\/\"],\"email\":\"info@animefigurer.se\"}]}<\/script>\n<!-- \/ Yoast SEO Premium plugin. -->","yoast_head_json":{"title":"One Piece (A Netflix Series) Ichibansho Den Den Mushi (Monkey D. Garp Ver.) | Animefigurer.se","robots":{"index":"index","follow":"follow","max-snippet":"max-snippet:-1","max-image-preview":"max-image-preview:large","max-video-preview":"max-video-preview:-1"},"canonical":"https:\/\/animefigurer.se\/en\/figurer\/one-piece\/one-piece-a-netflix-series-ichibansho-den-den-mushi-monkey-d-garp-ver\/","og_locale":"en_GB","og_type":"article","og_title":"One Piece (A Netflix Series) Ichibansho Den Den Mushi (Monkey D. Garp Ver.)","og_description":"Den Den Mushi \u00e4r en unik varelse i One Piece-universumet som fungerar som kommunikationssnigel, liknande en telefon. De kan \u00f6verf\u00f6ra r\u00f6st och ibland bilder samt anta uttryck och utseenden hos de som ringer, vilket g\u00f6r dem praktiska och charmiga f\u00f6r kommunikation \u00f6ver l\u00e5nga avst\u00e5nd.","og_url":"https:\/\/animefigurer.se\/en\/figurer\/one-piece\/one-piece-a-netflix-series-ichibansho-den-den-mushi-monkey-d-garp-ver\/","og_site_name":"Animefigurer.se","article_publisher":"https:\/\/www.facebook.com\/profile.php?id=61581826539670","article_modified_time":"2025-12-21T18:33:00+00:00","og_image":[{"width":1890,"height":1417,"url":"https:\/\/animefigurer.se\/wp-content\/uploads\/2025\/12\/Animefigurer_logowhite.png","type":"image\/png"}],"twitter_card":"summary_large_image","schema":{"@context":"https:\/\/schema.org","@graph":[{"@type":"WebPage","@id":"https:\/\/animefigurer.se\/figurer\/one-piece\/one-piece-a-netflix-series-ichibansho-den-den-mushi-monkey-d-garp-ver\/","url":"https:\/\/animefigurer.se\/figurer\/one-piece\/one-piece-a-netflix-series-ichibansho-den-den-mushi-monkey-d-garp-ver\/","name":"One Piece (A Netflix Series) Ichibansho Den Den Mushi (Monkey D. Garp Ver.) | Animefigurer.se","isPartOf":{"@id":"https:\/\/animefigurer.se\/#website"},"primaryImageOfPage":{"@id":"https:\/\/animefigurer.se\/figurer\/one-piece\/one-piece-a-netflix-series-ichibansho-den-den-mushi-monkey-d-garp-ver\/#primaryimage"},"image":{"@id":"https:\/\/animefigurer.se\/figurer\/one-piece\/one-piece-a-netflix-series-ichibansho-den-den-mushi-monkey-d-garp-ver\/#primaryimage"},"thumbnailUrl":"https:\/\/animefigurer.se\/wp-content\/uploads\/2025\/10\/66a7ab35f2753.jpeg","datePublished":"2025-10-20T23:20:04+00:00","dateModified":"2025-12-21T18:33:00+00:00","breadcrumb":{"@id":"https:\/\/animefigurer.se\/figurer\/one-piece\/one-piece-a-netflix-series-ichibansho-den-den-mushi-monkey-d-garp-ver\/#breadcrumb"},"inLanguage":"en-GB","potentialAction":[{"@type":"ReadAction","target":["https:\/\/animefigurer.se\/figurer\/one-piece\/one-piece-a-netflix-series-ichibansho-den-den-mushi-monkey-d-garp-ver\/"]}]},{"@type":"ImageObject","inLanguage":"en-GB","@id":"https:\/\/animefigurer.se\/figurer\/one-piece\/one-piece-a-netflix-series-ichibansho-den-den-mushi-monkey-d-garp-ver\/#primaryimage","url":"https:\/\/animefigurer.se\/wp-content\/uploads\/2025\/10\/66a7ab35f2753.jpeg","contentUrl":"https:\/\/animefigurer.se\/wp-content\/uploads\/2025\/10\/66a7ab35f2753.jpeg","width":720,"height":540},{"@type":"BreadcrumbList","@id":"https:\/\/animefigurer.se\/figurer\/one-piece\/one-piece-a-netflix-series-ichibansho-den-den-mushi-monkey-d-garp-ver\/#breadcrumb","itemListElement":[{"@type":"ListItem","position":1,"name":"Home","item":"https:\/\/animefigurer.se\/"},{"@type":"ListItem","position":2,"name":"Butik","item":"https:\/\/animefigurer.se\/figurer\/"},{"@type":"ListItem","position":3,"name":"One Piece (A Netflix Series) Ichibansho Den Den Mushi (Monkey D. Garp Ver.)"}]},{"@type":"WebSite","@id":"https:\/\/animefigurer.se\/#website","url":"https:\/\/animefigurer.se\/","name":"Animefigurer.se","description":"Anime figures from over 300 different anime series with over 9000 products | Anime Shop","publisher":{"@id":"https:\/\/animefigurer.se\/#organization"},"potentialAction":[{"@type":"SearchAction","target":{"@type":"EntryPoint","urlTemplate":"https:\/\/animefigurer.se\/?s={search_term_string}"},"query-input":{"@type":"PropertyValueSpecification","valueRequired":true,"valueName":"search_term_string"}}],"inLanguage":"en-GB"},{"@type":"Organization","@id":"https:\/\/animefigurer.se\/#organization","name":"Animefigurer.se","alternateName":"Anime figurer | Anime shop","url":"https:\/\/animefigurer.se\/","logo":{"@type":"ImageObject","inLanguage":"en-GB","@id":"https:\/\/animefigurer.se\/#\/schema\/logo\/image\/","url":"https:\/\/animefigurer.se\/wp-content\/uploads\/2025\/12\/Animefigurer_logowhite.png","contentUrl":"https:\/\/animefigurer.se\/wp-content\/uploads\/2025\/12\/Animefigurer_logowhite.png","width":1890,"height":1417,"caption":"Animefigurer.se"},"image":{"@id":"https:\/\/animefigurer.se\/#\/schema\/logo\/image\/"},"sameAs":["https:\/\/www.facebook.com\/profile.php?id=61581826539670","https:\/\/www.instagram.com\/animefigurer.se\/"],"email":"info@animefigurer.se"}]}},"_links":{"self":[{"href":"https:\/\/animefigurer.se\/en\/wp-json\/wp\/v2\/product\/50175","targetHints":{"allow":["GET"]}}],"collection":[{"href":"https:\/\/animefigurer.se\/en\/wp-json\/wp\/v2\/product"}],"about":[{"href":"https:\/\/animefigurer.se\/en\/wp-json\/wp\/v2\/types\/product"}],"replies":[{"embeddable":true,"href":"https:\/\/animefigurer.se\/en\/wp-json\/wp\/v2\/comments?post=50175"}],"wp:featuredmedia":[{"embeddable":true,"href":"https:\/\/animefigurer.se\/en\/wp-json\/wp\/v2\/media\/50176"}],"wp:attachment":[{"href":"https:\/\/animefigurer.se\/en\/wp-json\/wp\/v2\/media?parent=50175"}],"wp:term":[{"taxonomy":"product_brand","embeddable":true,"href":"https:\/\/animefigurer.se\/en\/wp-json\/wp\/v2\/product_brand?post=50175"},{"taxonomy":"product_cat","embeddable":true,"href":"https:\/\/animefigurer.se\/en\/wp-json\/wp\/v2\/product_cat?post=50175"},{"taxonomy":"product_tag","embeddable":true,"href":"https:\/\/animefigurer.se\/en\/wp-json\/wp\/v2\/product_tag?post=50175"},{"taxonomy":"giftcard-category","embeddable":true,"href":"https:\/\/animefigurer.se\/en\/wp-json\/wp\/v2\/giftcard-category?post=50175"}],"curies":[{"name":"wp","href":"https:\/\/api.w.org\/{rel}","templated":true}]}}