{"id":48620,"date":"2025-10-21T01:05:47","date_gmt":"2025-10-20T23:05:47","guid":{"rendered":"https:\/\/animefigurer.se\/produkt\/one-piece-world-collectable-figure-log-stories-roronoa-zoro-sanji-nothing-at-all\/"},"modified":"2026-04-21T05:06:50","modified_gmt":"2026-04-21T03:06:50","slug":"one-piece-world-collectable-figure-log-stories-roronoa-zoro-sanji-nothing-at-all","status":"publish","type":"product","link":"https:\/\/animefigurer.se\/en\/figurer\/one-piece\/one-piece-world-collectable-figure-log-stories-roronoa-zoro-sanji-nothing-at-all\/","title":{"rendered":"One Piece World Collectable Figure Log Stories Roronoa Zoro &amp; Sanji \u201dNOTHING\u2026..AT ALL!!!\u201d"},"content":{"rendered":"<p>Bandai Spirits Banpresto is proud to present WCF Log Stories: Roronoa Zoro &amp; Sanji \u2026 NOTHING\u2026 AT ALL!!!!<\/p>\n<p>Roronoa Zoro and Sanji stand approximately 3.2 inches tall and depict the iconic scene. Perfect for collecting and combining with other WCF to enhance your display.<\/p>\n<p>The World Collectable Figure is a small treasure you can easily display in your hand or in tight spaces.<\/p>","protected":false},"excerpt":{"rendered":"<p>Bandai Spirits Banpresto is proud to present WCF Log Stories: Roronoa Zoro &amp; Sanji \u2026 NOTHING\u2026 AT ALL!!!!<\/p>\n<p>Roronoa Zoro and Sanji stand approximately 3.2 inches tall and depict the iconic scene. Perfect for collecting and combining with other WCF to enhance your display.<\/p>\n<p>World Collectable F<\/p>","protected":false},"featured_media":48621,"comment_status":"closed","ping_status":"closed","template":"","meta":{"_acf_changed":false,"_monsterinsights_skip_tracking":false,"_monsterinsights_sitenote_active":false,"_monsterinsights_sitenote_note":"","_monsterinsights_sitenote_category":0},"product_brand":[6928],"product_cat":[18],"product_tag":[24],"giftcard-category":[],"class_list":{"0":"post-48620","1":"product","2":"type-product","3":"status-publish","4":"has-post-thumbnail","6":"product_brand-banpresto","7":"product_cat-one-piece","8":"product_tag-2-3-weeks","9":"pa_franchise-one-piece","10":"pa_karaktar-roronoa-zoro-sanji","11":"pa_material-pvc-abs","12":"pa_produktserie-world-collectable-figure-log-stories","13":"pa_storlek-8-cm","15":"first","16":"instock","17":"taxable","18":"shipping-taxable","19":"purchasable","20":"product-type-simple"},"acf":[],"yoast_head":"<!-- This site is optimized with the Yoast SEO Premium plugin v24.6 (Yoast SEO v27.3) - https:\/\/yoast.com\/product\/yoast-seo-premium-wordpress\/ -->\n<title>One Piece World Collectable Figure Log Stories Roronoa Zoro &amp; Sanji &quot;NOTHING.....AT ALL!!!&quot; | Animefigurer.se<\/title>\n<meta name=\"robots\" content=\"index, follow, max-snippet:-1, max-image-preview:large, max-video-preview:-1\" \/>\n<link rel=\"canonical\" href=\"https:\/\/animefigurer.se\/en\/figurer\/one-piece\/one-piece-world-collectable-figure-log-stories-roronoa-zoro-sanji-nothing-at-all\/\" \/>\n<meta property=\"og:locale\" content=\"en_GB\" \/>\n<meta property=\"og:type\" content=\"article\" \/>\n<meta property=\"og:title\" content=\"One Piece World Collectable Figure Log Stories Roronoa Zoro &amp; Sanji &quot;NOTHING.....AT ALL!!!&quot;\" \/>\n<meta property=\"og:description\" content=\"Bandai Spirits Banpresto \u00e4r stolta \u00f6ver att presentera WCF Log Stories: Roronoa Zoro &amp; Sanji ... INGENTING... ALLS!!!!  Roronoa Zoro och Sanji \u00e4r cirka 3,2 tum h\u00f6ga och skildrar den ikoniska scenen. Perfekt att samla och kombinera med andra WCF f\u00f6r att f\u00f6rb\u00e4ttra din display.  World Collectable F\" \/>\n<meta property=\"og:url\" content=\"https:\/\/animefigurer.se\/en\/figurer\/one-piece\/one-piece-world-collectable-figure-log-stories-roronoa-zoro-sanji-nothing-at-all\/\" \/>\n<meta property=\"og:site_name\" content=\"Animefigurer.se\" \/>\n<meta property=\"article:publisher\" content=\"https:\/\/www.facebook.com\/profile.php?id=61581826539670\" \/>\n<meta property=\"article:modified_time\" content=\"2026-04-21T03:06:50+00:00\" \/>\n<meta property=\"og:image\" content=\"https:\/\/animefigurer.se\/wp-content\/uploads\/2025\/12\/Animefigurer_logowhite.png\" \/>\n\t<meta property=\"og:image:width\" content=\"1890\" \/>\n\t<meta property=\"og:image:height\" content=\"1417\" \/>\n\t<meta property=\"og:image:type\" content=\"image\/png\" \/>\n<meta name=\"twitter:card\" content=\"summary_large_image\" \/>\n<meta name=\"twitter:label1\" content=\"Estimated reading time\" \/>\n\t<meta name=\"twitter:data1\" content=\"1 minute\" \/>\n<script type=\"application\/ld+json\" class=\"yoast-schema-graph\">{\"@context\":\"https:\\\/\\\/schema.org\",\"@graph\":[{\"@type\":\"WebPage\",\"@id\":\"https:\\\/\\\/animefigurer.se\\\/figurer\\\/one-piece\\\/one-piece-world-collectable-figure-log-stories-roronoa-zoro-sanji-nothing-at-all\\\/\",\"url\":\"https:\\\/\\\/animefigurer.se\\\/figurer\\\/one-piece\\\/one-piece-world-collectable-figure-log-stories-roronoa-zoro-sanji-nothing-at-all\\\/\",\"name\":\"One Piece World Collectable Figure Log Stories Roronoa Zoro &amp; Sanji \\\"NOTHING.....AT ALL!!!\\\" | Animefigurer.se\",\"isPartOf\":{\"@id\":\"https:\\\/\\\/animefigurer.se\\\/#website\"},\"primaryImageOfPage\":{\"@id\":\"https:\\\/\\\/animefigurer.se\\\/figurer\\\/one-piece\\\/one-piece-world-collectable-figure-log-stories-roronoa-zoro-sanji-nothing-at-all\\\/#primaryimage\"},\"image\":{\"@id\":\"https:\\\/\\\/animefigurer.se\\\/figurer\\\/one-piece\\\/one-piece-world-collectable-figure-log-stories-roronoa-zoro-sanji-nothing-at-all\\\/#primaryimage\"},\"thumbnailUrl\":\"https:\\\/\\\/animefigurer.se\\\/wp-content\\\/uploads\\\/2025\\\/10\\\/67db035b5b961.jpeg\",\"datePublished\":\"2025-10-20T23:05:47+00:00\",\"dateModified\":\"2026-04-21T03:06:50+00:00\",\"breadcrumb\":{\"@id\":\"https:\\\/\\\/animefigurer.se\\\/figurer\\\/one-piece\\\/one-piece-world-collectable-figure-log-stories-roronoa-zoro-sanji-nothing-at-all\\\/#breadcrumb\"},\"inLanguage\":\"en-GB\",\"potentialAction\":[{\"@type\":\"ReadAction\",\"target\":[\"https:\\\/\\\/animefigurer.se\\\/figurer\\\/one-piece\\\/one-piece-world-collectable-figure-log-stories-roronoa-zoro-sanji-nothing-at-all\\\/\"]}]},{\"@type\":\"ImageObject\",\"inLanguage\":\"en-GB\",\"@id\":\"https:\\\/\\\/animefigurer.se\\\/figurer\\\/one-piece\\\/one-piece-world-collectable-figure-log-stories-roronoa-zoro-sanji-nothing-at-all\\\/#primaryimage\",\"url\":\"https:\\\/\\\/animefigurer.se\\\/wp-content\\\/uploads\\\/2025\\\/10\\\/67db035b5b961.jpeg\",\"contentUrl\":\"https:\\\/\\\/animefigurer.se\\\/wp-content\\\/uploads\\\/2025\\\/10\\\/67db035b5b961.jpeg\",\"width\":720,\"height\":540},{\"@type\":\"BreadcrumbList\",\"@id\":\"https:\\\/\\\/animefigurer.se\\\/figurer\\\/one-piece\\\/one-piece-world-collectable-figure-log-stories-roronoa-zoro-sanji-nothing-at-all\\\/#breadcrumb\",\"itemListElement\":[{\"@type\":\"ListItem\",\"position\":1,\"name\":\"Home\",\"item\":\"https:\\\/\\\/animefigurer.se\\\/\"},{\"@type\":\"ListItem\",\"position\":2,\"name\":\"Butik\",\"item\":\"https:\\\/\\\/animefigurer.se\\\/figurer\\\/\"},{\"@type\":\"ListItem\",\"position\":3,\"name\":\"One Piece World Collectable Figure Log Stories Roronoa Zoro &amp; Sanji &#8220;NOTHING&#8230;..AT ALL!!!&#8221;\"}]},{\"@type\":\"WebSite\",\"@id\":\"https:\\\/\\\/animefigurer.se\\\/#website\",\"url\":\"https:\\\/\\\/animefigurer.se\\\/\",\"name\":\"Animefigurer.se\",\"description\":\"Anime figurer fr\u00e5n \u00f6ver 300 olika anime serier med \u00f6ver 9000 produkter | Anime Shop\",\"publisher\":{\"@id\":\"https:\\\/\\\/animefigurer.se\\\/#organization\"},\"potentialAction\":[{\"@type\":\"SearchAction\",\"target\":{\"@type\":\"EntryPoint\",\"urlTemplate\":\"https:\\\/\\\/animefigurer.se\\\/?s={search_term_string}\"},\"query-input\":{\"@type\":\"PropertyValueSpecification\",\"valueRequired\":true,\"valueName\":\"search_term_string\"}}],\"inLanguage\":\"en-GB\"},{\"@type\":\"Organization\",\"@id\":\"https:\\\/\\\/animefigurer.se\\\/#organization\",\"name\":\"Animefigurer.se\",\"alternateName\":\"Anime figurer | Anime shop\",\"url\":\"https:\\\/\\\/animefigurer.se\\\/\",\"logo\":{\"@type\":\"ImageObject\",\"inLanguage\":\"en-GB\",\"@id\":\"https:\\\/\\\/animefigurer.se\\\/#\\\/schema\\\/logo\\\/image\\\/\",\"url\":\"https:\\\/\\\/animefigurer.se\\\/wp-content\\\/uploads\\\/2025\\\/12\\\/Animefigurer_logowhite.png\",\"contentUrl\":\"https:\\\/\\\/animefigurer.se\\\/wp-content\\\/uploads\\\/2025\\\/12\\\/Animefigurer_logowhite.png\",\"width\":1890,\"height\":1417,\"caption\":\"Animefigurer.se\"},\"image\":{\"@id\":\"https:\\\/\\\/animefigurer.se\\\/#\\\/schema\\\/logo\\\/image\\\/\"},\"sameAs\":[\"https:\\\/\\\/www.facebook.com\\\/profile.php?id=61581826539670\",\"https:\\\/\\\/www.instagram.com\\\/animefigurer.se\\\/\"],\"email\":\"info@animefigurer.se\"}]}<\/script>\n<!-- \/ Yoast SEO Premium plugin. -->","yoast_head_json":{"title":"One Piece World Collectable Figure Log Stories Roronoa Zoro &amp; Sanji &quot;NOTHING.....AT ALL!!!&quot; | Animefigurer.se","robots":{"index":"index","follow":"follow","max-snippet":"max-snippet:-1","max-image-preview":"max-image-preview:large","max-video-preview":"max-video-preview:-1"},"canonical":"https:\/\/animefigurer.se\/en\/figurer\/one-piece\/one-piece-world-collectable-figure-log-stories-roronoa-zoro-sanji-nothing-at-all\/","og_locale":"en_GB","og_type":"article","og_title":"One Piece World Collectable Figure Log Stories Roronoa Zoro &amp; Sanji \"NOTHING.....AT ALL!!!\"","og_description":"Bandai Spirits Banpresto \u00e4r stolta \u00f6ver att presentera WCF Log Stories: Roronoa Zoro &amp; Sanji ... INGENTING... ALLS!!!!  Roronoa Zoro och Sanji \u00e4r cirka 3,2 tum h\u00f6ga och skildrar den ikoniska scenen. Perfekt att samla och kombinera med andra WCF f\u00f6r att f\u00f6rb\u00e4ttra din display.  World Collectable F","og_url":"https:\/\/animefigurer.se\/en\/figurer\/one-piece\/one-piece-world-collectable-figure-log-stories-roronoa-zoro-sanji-nothing-at-all\/","og_site_name":"Animefigurer.se","article_publisher":"https:\/\/www.facebook.com\/profile.php?id=61581826539670","article_modified_time":"2026-04-21T03:06:50+00:00","og_image":[{"width":1890,"height":1417,"url":"https:\/\/animefigurer.se\/wp-content\/uploads\/2025\/12\/Animefigurer_logowhite.png","type":"image\/png"}],"twitter_card":"summary_large_image","twitter_misc":{"Estimated reading time":"1 minute"},"schema":{"@context":"https:\/\/schema.org","@graph":[{"@type":"WebPage","@id":"https:\/\/animefigurer.se\/figurer\/one-piece\/one-piece-world-collectable-figure-log-stories-roronoa-zoro-sanji-nothing-at-all\/","url":"https:\/\/animefigurer.se\/figurer\/one-piece\/one-piece-world-collectable-figure-log-stories-roronoa-zoro-sanji-nothing-at-all\/","name":"One Piece World Collectable Figure Log Stories Roronoa Zoro &amp; Sanji &quot;NOTHING.....AT ALL!!!&quot; | Animefigurer.se","isPartOf":{"@id":"https:\/\/animefigurer.se\/#website"},"primaryImageOfPage":{"@id":"https:\/\/animefigurer.se\/figurer\/one-piece\/one-piece-world-collectable-figure-log-stories-roronoa-zoro-sanji-nothing-at-all\/#primaryimage"},"image":{"@id":"https:\/\/animefigurer.se\/figurer\/one-piece\/one-piece-world-collectable-figure-log-stories-roronoa-zoro-sanji-nothing-at-all\/#primaryimage"},"thumbnailUrl":"https:\/\/animefigurer.se\/wp-content\/uploads\/2025\/10\/67db035b5b961.jpeg","datePublished":"2025-10-20T23:05:47+00:00","dateModified":"2026-04-21T03:06:50+00:00","breadcrumb":{"@id":"https:\/\/animefigurer.se\/figurer\/one-piece\/one-piece-world-collectable-figure-log-stories-roronoa-zoro-sanji-nothing-at-all\/#breadcrumb"},"inLanguage":"en-GB","potentialAction":[{"@type":"ReadAction","target":["https:\/\/animefigurer.se\/figurer\/one-piece\/one-piece-world-collectable-figure-log-stories-roronoa-zoro-sanji-nothing-at-all\/"]}]},{"@type":"ImageObject","inLanguage":"en-GB","@id":"https:\/\/animefigurer.se\/figurer\/one-piece\/one-piece-world-collectable-figure-log-stories-roronoa-zoro-sanji-nothing-at-all\/#primaryimage","url":"https:\/\/animefigurer.se\/wp-content\/uploads\/2025\/10\/67db035b5b961.jpeg","contentUrl":"https:\/\/animefigurer.se\/wp-content\/uploads\/2025\/10\/67db035b5b961.jpeg","width":720,"height":540},{"@type":"BreadcrumbList","@id":"https:\/\/animefigurer.se\/figurer\/one-piece\/one-piece-world-collectable-figure-log-stories-roronoa-zoro-sanji-nothing-at-all\/#breadcrumb","itemListElement":[{"@type":"ListItem","position":1,"name":"Home","item":"https:\/\/animefigurer.se\/"},{"@type":"ListItem","position":2,"name":"Butik","item":"https:\/\/animefigurer.se\/figurer\/"},{"@type":"ListItem","position":3,"name":"One Piece World Collectable Figure Log Stories Roronoa Zoro &amp; Sanji &#8220;NOTHING&#8230;..AT ALL!!!&#8221;"}]},{"@type":"WebSite","@id":"https:\/\/animefigurer.se\/#website","url":"https:\/\/animefigurer.se\/","name":"Animefigurer.se","description":"Anime figures from over 300 different anime series with over 9000 products | Anime Shop","publisher":{"@id":"https:\/\/animefigurer.se\/#organization"},"potentialAction":[{"@type":"SearchAction","target":{"@type":"EntryPoint","urlTemplate":"https:\/\/animefigurer.se\/?s={search_term_string}"},"query-input":{"@type":"PropertyValueSpecification","valueRequired":true,"valueName":"search_term_string"}}],"inLanguage":"en-GB"},{"@type":"Organization","@id":"https:\/\/animefigurer.se\/#organization","name":"Animefigurer.se","alternateName":"Anime figurer | Anime shop","url":"https:\/\/animefigurer.se\/","logo":{"@type":"ImageObject","inLanguage":"en-GB","@id":"https:\/\/animefigurer.se\/#\/schema\/logo\/image\/","url":"https:\/\/animefigurer.se\/wp-content\/uploads\/2025\/12\/Animefigurer_logowhite.png","contentUrl":"https:\/\/animefigurer.se\/wp-content\/uploads\/2025\/12\/Animefigurer_logowhite.png","width":1890,"height":1417,"caption":"Animefigurer.se"},"image":{"@id":"https:\/\/animefigurer.se\/#\/schema\/logo\/image\/"},"sameAs":["https:\/\/www.facebook.com\/profile.php?id=61581826539670","https:\/\/www.instagram.com\/animefigurer.se\/"],"email":"info@animefigurer.se"}]}},"_links":{"self":[{"href":"https:\/\/animefigurer.se\/en\/wp-json\/wp\/v2\/product\/48620","targetHints":{"allow":["GET"]}}],"collection":[{"href":"https:\/\/animefigurer.se\/en\/wp-json\/wp\/v2\/product"}],"about":[{"href":"https:\/\/animefigurer.se\/en\/wp-json\/wp\/v2\/types\/product"}],"replies":[{"embeddable":true,"href":"https:\/\/animefigurer.se\/en\/wp-json\/wp\/v2\/comments?post=48620"}],"wp:featuredmedia":[{"embeddable":true,"href":"https:\/\/animefigurer.se\/en\/wp-json\/wp\/v2\/media\/48621"}],"wp:attachment":[{"href":"https:\/\/animefigurer.se\/en\/wp-json\/wp\/v2\/media?parent=48620"}],"wp:term":[{"taxonomy":"product_brand","embeddable":true,"href":"https:\/\/animefigurer.se\/en\/wp-json\/wp\/v2\/product_brand?post=48620"},{"taxonomy":"product_cat","embeddable":true,"href":"https:\/\/animefigurer.se\/en\/wp-json\/wp\/v2\/product_cat?post=48620"},{"taxonomy":"product_tag","embeddable":true,"href":"https:\/\/animefigurer.se\/en\/wp-json\/wp\/v2\/product_tag?post=48620"},{"taxonomy":"giftcard-category","embeddable":true,"href":"https:\/\/animefigurer.se\/en\/wp-json\/wp\/v2\/giftcard-category?post=48620"}],"curies":[{"name":"wp","href":"https:\/\/api.w.org\/{rel}","templated":true}]}}