{"id":47702,"date":"2025-10-21T00:57:24","date_gmt":"2025-10-20T22:57:24","guid":{"rendered":"https:\/\/animefigurer.se\/produkt\/mysterious-disappearances-sumireko-ogawa-figure\/"},"modified":"2025-12-21T19:32:27","modified_gmt":"2025-12-21T18:32:27","slug":"mysterious-disappearances-sumireko-ogawa-figure","status":"publish","type":"product","link":"https:\/\/animefigurer.se\/en\/figurer\/mysterious-disappearances\/mysterious-disappearances-sumireko-ogawa-figure\/","title":{"rendered":"Mysterious Disappearances Sumireko Ogawa Figure"},"content":{"rendered":"<p>From the anime Mysterious Disappearances comes a figure of Sumireko Ogawa.<\/p>\n<p>Sumireko is depicted alongside a realistic, eerie signpost that captures the unsettling mood of the anime. Her appearance is faithfully reproduced with meticulous detail to convey movement and vibrancy.<\/p>","protected":false},"excerpt":{"rendered":"<p>From the anime Mysterious Disappearances comes a figure of Sumireko Ogawa.<\/p>\n<p>Sumireko is depicted alongside a realistic, eerie signpost that captures the unsettling mood of the anime. Her appearance is faithfully reproduced with meticulous detail to convey movement and vibrancy.<\/p>","protected":false},"featured_media":47703,"comment_status":"closed","ping_status":"open","template":"","meta":{"_acf_changed":false,"_monsterinsights_skip_tracking":false,"_monsterinsights_sitenote_active":false,"_monsterinsights_sitenote_note":"","_monsterinsights_sitenote_category":0},"product_brand":[7171],"product_cat":[3980,7233],"product_tag":[26],"giftcard-category":[],"class_list":{"0":"post-47702","1":"product","2":"type-product","3":"status-publish","4":"has-post-thumbnail","6":"product_brand-union-creative","7":"product_cat-mysterious-disappearances","8":"product_cat-pre-order","9":"product_tag-pre-order","10":"pa_franchise-mysterious-disappearances","11":"pa_karaktar-sumireko-ogawa","12":"pa_material-pvc-abs","13":"pa_storlek-27-cm","15":"first","16":"instock","17":"taxable","18":"shipping-taxable","19":"purchasable","20":"product-type-simple"},"acf":[],"yoast_head":"<!-- This site is optimized with the Yoast SEO Premium plugin v24.6 (Yoast SEO v27.3) - https:\/\/yoast.com\/product\/yoast-seo-premium-wordpress\/ -->\n<title>Mysterious Disappearances Sumireko Ogawa Figure | Animefigurer.se<\/title>\n<meta name=\"robots\" content=\"index, follow, max-snippet:-1, max-image-preview:large, max-video-preview:-1\" \/>\n<link rel=\"canonical\" href=\"https:\/\/animefigurer.se\/en\/figurer\/mysterious-disappearances\/mysterious-disappearances-sumireko-ogawa-figure\/\" \/>\n<meta property=\"og:locale\" content=\"en_GB\" \/>\n<meta property=\"og:type\" content=\"article\" \/>\n<meta property=\"og:title\" content=\"Mysterious Disappearances Sumireko Ogawa Figure\" \/>\n<meta property=\"og:description\" content=\"Fr\u00e5n animen Mysterious Disappearances kommer en figur av Sumireko Ogawa. Sumireko avbildas tillsammans med en realistisk, kuslig v\u00e4gvisare som f\u00e5ngar animens oroande st\u00e4mning. Hennes utseende \u00e4r troget \u00e5tergivet med noggranna detaljer f\u00f6r att f\u00f6rmedla r\u00f6relse och livfullhet.\" \/>\n<meta property=\"og:url\" content=\"https:\/\/animefigurer.se\/en\/figurer\/mysterious-disappearances\/mysterious-disappearances-sumireko-ogawa-figure\/\" \/>\n<meta property=\"og:site_name\" content=\"Animefigurer.se\" \/>\n<meta property=\"article:publisher\" content=\"https:\/\/www.facebook.com\/profile.php?id=61581826539670\" \/>\n<meta property=\"article:modified_time\" content=\"2025-12-21T18:32:27+00:00\" \/>\n<meta property=\"og:image\" content=\"https:\/\/animefigurer.se\/wp-content\/uploads\/2025\/12\/Animefigurer_logowhite.png\" \/>\n\t<meta property=\"og:image:width\" content=\"1890\" \/>\n\t<meta property=\"og:image:height\" content=\"1417\" \/>\n\t<meta property=\"og:image:type\" content=\"image\/png\" \/>\n<meta name=\"twitter:card\" content=\"summary_large_image\" \/>\n<script type=\"application\/ld+json\" class=\"yoast-schema-graph\">{\"@context\":\"https:\\\/\\\/schema.org\",\"@graph\":[{\"@type\":\"WebPage\",\"@id\":\"https:\\\/\\\/animefigurer.se\\\/figurer\\\/mysterious-disappearances\\\/mysterious-disappearances-sumireko-ogawa-figure\\\/\",\"url\":\"https:\\\/\\\/animefigurer.se\\\/figurer\\\/mysterious-disappearances\\\/mysterious-disappearances-sumireko-ogawa-figure\\\/\",\"name\":\"Mysterious Disappearances Sumireko Ogawa Figure | Animefigurer.se\",\"isPartOf\":{\"@id\":\"https:\\\/\\\/animefigurer.se\\\/#website\"},\"primaryImageOfPage\":{\"@id\":\"https:\\\/\\\/animefigurer.se\\\/figurer\\\/mysterious-disappearances\\\/mysterious-disappearances-sumireko-ogawa-figure\\\/#primaryimage\"},\"image\":{\"@id\":\"https:\\\/\\\/animefigurer.se\\\/figurer\\\/mysterious-disappearances\\\/mysterious-disappearances-sumireko-ogawa-figure\\\/#primaryimage\"},\"thumbnailUrl\":\"https:\\\/\\\/animefigurer.se\\\/wp-content\\\/uploads\\\/2025\\\/10\\\/689c6c3047c08.jpeg\",\"datePublished\":\"2025-10-20T22:57:24+00:00\",\"dateModified\":\"2025-12-21T18:32:27+00:00\",\"breadcrumb\":{\"@id\":\"https:\\\/\\\/animefigurer.se\\\/figurer\\\/mysterious-disappearances\\\/mysterious-disappearances-sumireko-ogawa-figure\\\/#breadcrumb\"},\"inLanguage\":\"en-GB\",\"potentialAction\":[{\"@type\":\"ReadAction\",\"target\":[\"https:\\\/\\\/animefigurer.se\\\/figurer\\\/mysterious-disappearances\\\/mysterious-disappearances-sumireko-ogawa-figure\\\/\"]}]},{\"@type\":\"ImageObject\",\"inLanguage\":\"en-GB\",\"@id\":\"https:\\\/\\\/animefigurer.se\\\/figurer\\\/mysterious-disappearances\\\/mysterious-disappearances-sumireko-ogawa-figure\\\/#primaryimage\",\"url\":\"https:\\\/\\\/animefigurer.se\\\/wp-content\\\/uploads\\\/2025\\\/10\\\/689c6c3047c08.jpeg\",\"contentUrl\":\"https:\\\/\\\/animefigurer.se\\\/wp-content\\\/uploads\\\/2025\\\/10\\\/689c6c3047c08.jpeg\",\"width\":1000,\"height\":750},{\"@type\":\"BreadcrumbList\",\"@id\":\"https:\\\/\\\/animefigurer.se\\\/figurer\\\/mysterious-disappearances\\\/mysterious-disappearances-sumireko-ogawa-figure\\\/#breadcrumb\",\"itemListElement\":[{\"@type\":\"ListItem\",\"position\":1,\"name\":\"Home\",\"item\":\"https:\\\/\\\/animefigurer.se\\\/\"},{\"@type\":\"ListItem\",\"position\":2,\"name\":\"Butik\",\"item\":\"https:\\\/\\\/animefigurer.se\\\/figurer\\\/\"},{\"@type\":\"ListItem\",\"position\":3,\"name\":\"Mysterious Disappearances Sumireko Ogawa Figure\"}]},{\"@type\":\"WebSite\",\"@id\":\"https:\\\/\\\/animefigurer.se\\\/#website\",\"url\":\"https:\\\/\\\/animefigurer.se\\\/\",\"name\":\"Animefigurer.se\",\"description\":\"Anime figurer fr\u00e5n \u00f6ver 300 olika anime serier med \u00f6ver 9000 produkter | Anime Shop\",\"publisher\":{\"@id\":\"https:\\\/\\\/animefigurer.se\\\/#organization\"},\"potentialAction\":[{\"@type\":\"SearchAction\",\"target\":{\"@type\":\"EntryPoint\",\"urlTemplate\":\"https:\\\/\\\/animefigurer.se\\\/?s={search_term_string}\"},\"query-input\":{\"@type\":\"PropertyValueSpecification\",\"valueRequired\":true,\"valueName\":\"search_term_string\"}}],\"inLanguage\":\"en-GB\"},{\"@type\":\"Organization\",\"@id\":\"https:\\\/\\\/animefigurer.se\\\/#organization\",\"name\":\"Animefigurer.se\",\"alternateName\":\"Anime figurer | Anime shop\",\"url\":\"https:\\\/\\\/animefigurer.se\\\/\",\"logo\":{\"@type\":\"ImageObject\",\"inLanguage\":\"en-GB\",\"@id\":\"https:\\\/\\\/animefigurer.se\\\/#\\\/schema\\\/logo\\\/image\\\/\",\"url\":\"https:\\\/\\\/animefigurer.se\\\/wp-content\\\/uploads\\\/2025\\\/12\\\/Animefigurer_logowhite.png\",\"contentUrl\":\"https:\\\/\\\/animefigurer.se\\\/wp-content\\\/uploads\\\/2025\\\/12\\\/Animefigurer_logowhite.png\",\"width\":1890,\"height\":1417,\"caption\":\"Animefigurer.se\"},\"image\":{\"@id\":\"https:\\\/\\\/animefigurer.se\\\/#\\\/schema\\\/logo\\\/image\\\/\"},\"sameAs\":[\"https:\\\/\\\/www.facebook.com\\\/profile.php?id=61581826539670\",\"https:\\\/\\\/www.instagram.com\\\/animefigurer.se\\\/\"],\"email\":\"info@animefigurer.se\"}]}<\/script>\n<!-- \/ Yoast SEO Premium plugin. -->","yoast_head_json":{"title":"Mysterious Disappearances Sumireko Ogawa Figure | Animefigurer.se","robots":{"index":"index","follow":"follow","max-snippet":"max-snippet:-1","max-image-preview":"max-image-preview:large","max-video-preview":"max-video-preview:-1"},"canonical":"https:\/\/animefigurer.se\/en\/figurer\/mysterious-disappearances\/mysterious-disappearances-sumireko-ogawa-figure\/","og_locale":"en_GB","og_type":"article","og_title":"Mysterious Disappearances Sumireko Ogawa Figure","og_description":"Fr\u00e5n animen Mysterious Disappearances kommer en figur av Sumireko Ogawa. Sumireko avbildas tillsammans med en realistisk, kuslig v\u00e4gvisare som f\u00e5ngar animens oroande st\u00e4mning. Hennes utseende \u00e4r troget \u00e5tergivet med noggranna detaljer f\u00f6r att f\u00f6rmedla r\u00f6relse och livfullhet.","og_url":"https:\/\/animefigurer.se\/en\/figurer\/mysterious-disappearances\/mysterious-disappearances-sumireko-ogawa-figure\/","og_site_name":"Animefigurer.se","article_publisher":"https:\/\/www.facebook.com\/profile.php?id=61581826539670","article_modified_time":"2025-12-21T18:32:27+00:00","og_image":[{"width":1890,"height":1417,"url":"https:\/\/animefigurer.se\/wp-content\/uploads\/2025\/12\/Animefigurer_logowhite.png","type":"image\/png"}],"twitter_card":"summary_large_image","schema":{"@context":"https:\/\/schema.org","@graph":[{"@type":"WebPage","@id":"https:\/\/animefigurer.se\/figurer\/mysterious-disappearances\/mysterious-disappearances-sumireko-ogawa-figure\/","url":"https:\/\/animefigurer.se\/figurer\/mysterious-disappearances\/mysterious-disappearances-sumireko-ogawa-figure\/","name":"Mysterious Disappearances Sumireko Ogawa Figure | Animefigurer.se","isPartOf":{"@id":"https:\/\/animefigurer.se\/#website"},"primaryImageOfPage":{"@id":"https:\/\/animefigurer.se\/figurer\/mysterious-disappearances\/mysterious-disappearances-sumireko-ogawa-figure\/#primaryimage"},"image":{"@id":"https:\/\/animefigurer.se\/figurer\/mysterious-disappearances\/mysterious-disappearances-sumireko-ogawa-figure\/#primaryimage"},"thumbnailUrl":"https:\/\/animefigurer.se\/wp-content\/uploads\/2025\/10\/689c6c3047c08.jpeg","datePublished":"2025-10-20T22:57:24+00:00","dateModified":"2025-12-21T18:32:27+00:00","breadcrumb":{"@id":"https:\/\/animefigurer.se\/figurer\/mysterious-disappearances\/mysterious-disappearances-sumireko-ogawa-figure\/#breadcrumb"},"inLanguage":"en-GB","potentialAction":[{"@type":"ReadAction","target":["https:\/\/animefigurer.se\/figurer\/mysterious-disappearances\/mysterious-disappearances-sumireko-ogawa-figure\/"]}]},{"@type":"ImageObject","inLanguage":"en-GB","@id":"https:\/\/animefigurer.se\/figurer\/mysterious-disappearances\/mysterious-disappearances-sumireko-ogawa-figure\/#primaryimage","url":"https:\/\/animefigurer.se\/wp-content\/uploads\/2025\/10\/689c6c3047c08.jpeg","contentUrl":"https:\/\/animefigurer.se\/wp-content\/uploads\/2025\/10\/689c6c3047c08.jpeg","width":1000,"height":750},{"@type":"BreadcrumbList","@id":"https:\/\/animefigurer.se\/figurer\/mysterious-disappearances\/mysterious-disappearances-sumireko-ogawa-figure\/#breadcrumb","itemListElement":[{"@type":"ListItem","position":1,"name":"Home","item":"https:\/\/animefigurer.se\/"},{"@type":"ListItem","position":2,"name":"Butik","item":"https:\/\/animefigurer.se\/figurer\/"},{"@type":"ListItem","position":3,"name":"Mysterious Disappearances Sumireko Ogawa Figure"}]},{"@type":"WebSite","@id":"https:\/\/animefigurer.se\/#website","url":"https:\/\/animefigurer.se\/","name":"Animefigurer.se","description":"Anime figures from over 300 different anime series with over 9000 products | Anime Shop","publisher":{"@id":"https:\/\/animefigurer.se\/#organization"},"potentialAction":[{"@type":"SearchAction","target":{"@type":"EntryPoint","urlTemplate":"https:\/\/animefigurer.se\/?s={search_term_string}"},"query-input":{"@type":"PropertyValueSpecification","valueRequired":true,"valueName":"search_term_string"}}],"inLanguage":"en-GB"},{"@type":"Organization","@id":"https:\/\/animefigurer.se\/#organization","name":"Animefigurer.se","alternateName":"Anime figurer | Anime shop","url":"https:\/\/animefigurer.se\/","logo":{"@type":"ImageObject","inLanguage":"en-GB","@id":"https:\/\/animefigurer.se\/#\/schema\/logo\/image\/","url":"https:\/\/animefigurer.se\/wp-content\/uploads\/2025\/12\/Animefigurer_logowhite.png","contentUrl":"https:\/\/animefigurer.se\/wp-content\/uploads\/2025\/12\/Animefigurer_logowhite.png","width":1890,"height":1417,"caption":"Animefigurer.se"},"image":{"@id":"https:\/\/animefigurer.se\/#\/schema\/logo\/image\/"},"sameAs":["https:\/\/www.facebook.com\/profile.php?id=61581826539670","https:\/\/www.instagram.com\/animefigurer.se\/"],"email":"info@animefigurer.se"}]}},"_links":{"self":[{"href":"https:\/\/animefigurer.se\/en\/wp-json\/wp\/v2\/product\/47702","targetHints":{"allow":["GET"]}}],"collection":[{"href":"https:\/\/animefigurer.se\/en\/wp-json\/wp\/v2\/product"}],"about":[{"href":"https:\/\/animefigurer.se\/en\/wp-json\/wp\/v2\/types\/product"}],"replies":[{"embeddable":true,"href":"https:\/\/animefigurer.se\/en\/wp-json\/wp\/v2\/comments?post=47702"}],"wp:featuredmedia":[{"embeddable":true,"href":"https:\/\/animefigurer.se\/en\/wp-json\/wp\/v2\/media\/47703"}],"wp:attachment":[{"href":"https:\/\/animefigurer.se\/en\/wp-json\/wp\/v2\/media?parent=47702"}],"wp:term":[{"taxonomy":"product_brand","embeddable":true,"href":"https:\/\/animefigurer.se\/en\/wp-json\/wp\/v2\/product_brand?post=47702"},{"taxonomy":"product_cat","embeddable":true,"href":"https:\/\/animefigurer.se\/en\/wp-json\/wp\/v2\/product_cat?post=47702"},{"taxonomy":"product_tag","embeddable":true,"href":"https:\/\/animefigurer.se\/en\/wp-json\/wp\/v2\/product_tag?post=47702"},{"taxonomy":"giftcard-category","embeddable":true,"href":"https:\/\/animefigurer.se\/en\/wp-json\/wp\/v2\/giftcard-category?post=47702"}],"curies":[{"name":"wp","href":"https:\/\/api.w.org\/{rel}","templated":true}]}}