{"id":47503,"date":"2025-10-21T00:56:00","date_gmt":"2025-10-20T22:56:00","guid":{"rendered":"https:\/\/animefigurer.se\/produkt\/my-hero-academia-nendoroid-swacchao-katsuki-bakugo\/"},"modified":"2026-04-10T14:24:36","modified_gmt":"2026-04-10T12:24:36","slug":"my-hero-academia-nendoroid-swacchao-katsuki-bakugo","status":"publish","type":"product","link":"https:\/\/animefigurer.se\/en\/figurer\/my-hero-academia-figurer-hero-samlarfigurer\/my-hero-academia-nendoroid-swacchao-katsuki-bakugo\/","title":{"rendered":"My Hero Academia Nendoroid Swacchao! Katsuki Bakugo"},"content":{"rendered":"<p>Katsuki Bakugo from My Hero Academia makes his debut in the Nendoroid Swacchao! series \u2014 a compact and expressive version of the explosive hero.<\/p>","protected":false},"excerpt":{"rendered":"<p>Katsuki Bakugo from My Hero Academia makes his debut in the Nendoroid Swacchao! series \u2014 a compact and expressive version of the explosive hero.<\/p>","protected":false},"featured_media":47504,"comment_status":"closed","ping_status":"open","template":"","meta":{"_acf_changed":false,"_monsterinsights_skip_tracking":false,"_monsterinsights_sitenote_active":false,"_monsterinsights_sitenote_note":"","_monsterinsights_sitenote_category":0},"product_brand":[7163],"product_cat":[3902],"product_tag":[24],"giftcard-category":[],"class_list":{"0":"post-47503","1":"product","2":"type-product","3":"status-publish","4":"has-post-thumbnail","6":"product_brand-takara-tomy","7":"product_cat-my-hero-academia-figurer-hero-samlarfigurer","8":"product_tag-2-3-weeks","9":"pa_franchise-my-hero-academia","10":"pa_karaktar-katsuki-bakugo","11":"pa_material-pvc-abs","12":"pa_produktserie-nendoroid-swacchao","13":"pa_storlek-9-cm","15":"first","16":"instock","17":"taxable","18":"shipping-taxable","19":"purchasable","20":"product-type-simple"},"acf":[],"yoast_head":"<!-- This site is optimized with the Yoast SEO Premium plugin v24.6 (Yoast SEO v27.3) - https:\/\/yoast.com\/product\/yoast-seo-premium-wordpress\/ -->\n<title>My Hero Academia Nendoroid Swacchao! Katsuki Bakugo | Animefigurer.se<\/title>\n<meta name=\"robots\" content=\"index, follow, max-snippet:-1, max-image-preview:large, max-video-preview:-1\" \/>\n<link rel=\"canonical\" href=\"https:\/\/animefigurer.se\/en\/figurer\/my-hero-academia-figurer-hero-samlarfigurer\/my-hero-academia-nendoroid-swacchao-katsuki-bakugo\/\" \/>\n<meta property=\"og:locale\" content=\"en_GB\" \/>\n<meta property=\"og:type\" content=\"article\" \/>\n<meta property=\"og:title\" content=\"My Hero Academia Nendoroid Swacchao! Katsuki Bakugo\" \/>\n<meta property=\"og:description\" content=\"Katsuki Bakugo fr\u00e5n My Hero Academia g\u00f6r entr\u00e9 i Nendoroid Swacchao!-serien \u2014 en kompakt och uttrycksfull version av den explosiva hj\u00e4lten.\" \/>\n<meta property=\"og:url\" content=\"https:\/\/animefigurer.se\/en\/figurer\/my-hero-academia-figurer-hero-samlarfigurer\/my-hero-academia-nendoroid-swacchao-katsuki-bakugo\/\" \/>\n<meta property=\"og:site_name\" content=\"Animefigurer.se\" \/>\n<meta property=\"article:publisher\" content=\"https:\/\/www.facebook.com\/profile.php?id=61581826539670\" \/>\n<meta property=\"article:modified_time\" content=\"2026-04-10T12:24:36+00:00\" \/>\n<meta property=\"og:image\" content=\"https:\/\/animefigurer.se\/wp-content\/uploads\/2025\/12\/Animefigurer_logowhite.png\" \/>\n\t<meta property=\"og:image:width\" content=\"1890\" \/>\n\t<meta property=\"og:image:height\" content=\"1417\" \/>\n\t<meta property=\"og:image:type\" content=\"image\/png\" \/>\n<meta name=\"twitter:card\" content=\"summary_large_image\" \/>\n<script type=\"application\/ld+json\" class=\"yoast-schema-graph\">{\"@context\":\"https:\\\/\\\/schema.org\",\"@graph\":[{\"@type\":\"WebPage\",\"@id\":\"https:\\\/\\\/animefigurer.se\\\/figurer\\\/my-hero-academia-figurer-hero-samlarfigurer\\\/my-hero-academia-nendoroid-swacchao-katsuki-bakugo\\\/\",\"url\":\"https:\\\/\\\/animefigurer.se\\\/figurer\\\/my-hero-academia-figurer-hero-samlarfigurer\\\/my-hero-academia-nendoroid-swacchao-katsuki-bakugo\\\/\",\"name\":\"My Hero Academia Nendoroid Swacchao! Katsuki Bakugo | Animefigurer.se\",\"isPartOf\":{\"@id\":\"https:\\\/\\\/animefigurer.se\\\/#website\"},\"primaryImageOfPage\":{\"@id\":\"https:\\\/\\\/animefigurer.se\\\/figurer\\\/my-hero-academia-figurer-hero-samlarfigurer\\\/my-hero-academia-nendoroid-swacchao-katsuki-bakugo\\\/#primaryimage\"},\"image\":{\"@id\":\"https:\\\/\\\/animefigurer.se\\\/figurer\\\/my-hero-academia-figurer-hero-samlarfigurer\\\/my-hero-academia-nendoroid-swacchao-katsuki-bakugo\\\/#primaryimage\"},\"thumbnailUrl\":\"https:\\\/\\\/animefigurer.se\\\/wp-content\\\/uploads\\\/2025\\\/10\\\/610915e4e97fe.jpeg\",\"datePublished\":\"2025-10-20T22:56:00+00:00\",\"dateModified\":\"2026-04-10T12:24:36+00:00\",\"breadcrumb\":{\"@id\":\"https:\\\/\\\/animefigurer.se\\\/figurer\\\/my-hero-academia-figurer-hero-samlarfigurer\\\/my-hero-academia-nendoroid-swacchao-katsuki-bakugo\\\/#breadcrumb\"},\"inLanguage\":\"en-GB\",\"potentialAction\":[{\"@type\":\"ReadAction\",\"target\":[\"https:\\\/\\\/animefigurer.se\\\/figurer\\\/my-hero-academia-figurer-hero-samlarfigurer\\\/my-hero-academia-nendoroid-swacchao-katsuki-bakugo\\\/\"]}]},{\"@type\":\"ImageObject\",\"inLanguage\":\"en-GB\",\"@id\":\"https:\\\/\\\/animefigurer.se\\\/figurer\\\/my-hero-academia-figurer-hero-samlarfigurer\\\/my-hero-academia-nendoroid-swacchao-katsuki-bakugo\\\/#primaryimage\",\"url\":\"https:\\\/\\\/animefigurer.se\\\/wp-content\\\/uploads\\\/2025\\\/10\\\/610915e4e97fe.jpeg\",\"contentUrl\":\"https:\\\/\\\/animefigurer.se\\\/wp-content\\\/uploads\\\/2025\\\/10\\\/610915e4e97fe.jpeg\",\"width\":563,\"height\":750},{\"@type\":\"BreadcrumbList\",\"@id\":\"https:\\\/\\\/animefigurer.se\\\/figurer\\\/my-hero-academia-figurer-hero-samlarfigurer\\\/my-hero-academia-nendoroid-swacchao-katsuki-bakugo\\\/#breadcrumb\",\"itemListElement\":[{\"@type\":\"ListItem\",\"position\":1,\"name\":\"Home\",\"item\":\"https:\\\/\\\/animefigurer.se\\\/\"},{\"@type\":\"ListItem\",\"position\":2,\"name\":\"Butik\",\"item\":\"https:\\\/\\\/animefigurer.se\\\/figurer\\\/\"},{\"@type\":\"ListItem\",\"position\":3,\"name\":\"My Hero Academia Nendoroid Swacchao! Katsuki Bakugo\"}]},{\"@type\":\"WebSite\",\"@id\":\"https:\\\/\\\/animefigurer.se\\\/#website\",\"url\":\"https:\\\/\\\/animefigurer.se\\\/\",\"name\":\"Animefigurer.se\",\"description\":\"Anime figurer fr\u00e5n \u00f6ver 300 olika anime serier med \u00f6ver 9000 produkter | Anime Shop\",\"publisher\":{\"@id\":\"https:\\\/\\\/animefigurer.se\\\/#organization\"},\"potentialAction\":[{\"@type\":\"SearchAction\",\"target\":{\"@type\":\"EntryPoint\",\"urlTemplate\":\"https:\\\/\\\/animefigurer.se\\\/?s={search_term_string}\"},\"query-input\":{\"@type\":\"PropertyValueSpecification\",\"valueRequired\":true,\"valueName\":\"search_term_string\"}}],\"inLanguage\":\"en-GB\"},{\"@type\":\"Organization\",\"@id\":\"https:\\\/\\\/animefigurer.se\\\/#organization\",\"name\":\"Animefigurer.se\",\"alternateName\":\"Anime figurer | Anime shop\",\"url\":\"https:\\\/\\\/animefigurer.se\\\/\",\"logo\":{\"@type\":\"ImageObject\",\"inLanguage\":\"en-GB\",\"@id\":\"https:\\\/\\\/animefigurer.se\\\/#\\\/schema\\\/logo\\\/image\\\/\",\"url\":\"https:\\\/\\\/animefigurer.se\\\/wp-content\\\/uploads\\\/2025\\\/12\\\/Animefigurer_logowhite.png\",\"contentUrl\":\"https:\\\/\\\/animefigurer.se\\\/wp-content\\\/uploads\\\/2025\\\/12\\\/Animefigurer_logowhite.png\",\"width\":1890,\"height\":1417,\"caption\":\"Animefigurer.se\"},\"image\":{\"@id\":\"https:\\\/\\\/animefigurer.se\\\/#\\\/schema\\\/logo\\\/image\\\/\"},\"sameAs\":[\"https:\\\/\\\/www.facebook.com\\\/profile.php?id=61581826539670\",\"https:\\\/\\\/www.instagram.com\\\/animefigurer.se\\\/\"],\"email\":\"info@animefigurer.se\"}]}<\/script>\n<!-- \/ Yoast SEO Premium plugin. -->","yoast_head_json":{"title":"My Hero Academia Nendoroid Swacchao! Katsuki Bakugo | Animefigurer.se","robots":{"index":"index","follow":"follow","max-snippet":"max-snippet:-1","max-image-preview":"max-image-preview:large","max-video-preview":"max-video-preview:-1"},"canonical":"https:\/\/animefigurer.se\/en\/figurer\/my-hero-academia-figurer-hero-samlarfigurer\/my-hero-academia-nendoroid-swacchao-katsuki-bakugo\/","og_locale":"en_GB","og_type":"article","og_title":"My Hero Academia Nendoroid Swacchao! Katsuki Bakugo","og_description":"Katsuki Bakugo fr\u00e5n My Hero Academia g\u00f6r entr\u00e9 i Nendoroid Swacchao!-serien \u2014 en kompakt och uttrycksfull version av den explosiva hj\u00e4lten.","og_url":"https:\/\/animefigurer.se\/en\/figurer\/my-hero-academia-figurer-hero-samlarfigurer\/my-hero-academia-nendoroid-swacchao-katsuki-bakugo\/","og_site_name":"Animefigurer.se","article_publisher":"https:\/\/www.facebook.com\/profile.php?id=61581826539670","article_modified_time":"2026-04-10T12:24:36+00:00","og_image":[{"width":1890,"height":1417,"url":"https:\/\/animefigurer.se\/wp-content\/uploads\/2025\/12\/Animefigurer_logowhite.png","type":"image\/png"}],"twitter_card":"summary_large_image","schema":{"@context":"https:\/\/schema.org","@graph":[{"@type":"WebPage","@id":"https:\/\/animefigurer.se\/figurer\/my-hero-academia-figurer-hero-samlarfigurer\/my-hero-academia-nendoroid-swacchao-katsuki-bakugo\/","url":"https:\/\/animefigurer.se\/figurer\/my-hero-academia-figurer-hero-samlarfigurer\/my-hero-academia-nendoroid-swacchao-katsuki-bakugo\/","name":"My Hero Academia Nendoroid Swacchao! Katsuki Bakugo | Animefigurer.se","isPartOf":{"@id":"https:\/\/animefigurer.se\/#website"},"primaryImageOfPage":{"@id":"https:\/\/animefigurer.se\/figurer\/my-hero-academia-figurer-hero-samlarfigurer\/my-hero-academia-nendoroid-swacchao-katsuki-bakugo\/#primaryimage"},"image":{"@id":"https:\/\/animefigurer.se\/figurer\/my-hero-academia-figurer-hero-samlarfigurer\/my-hero-academia-nendoroid-swacchao-katsuki-bakugo\/#primaryimage"},"thumbnailUrl":"https:\/\/animefigurer.se\/wp-content\/uploads\/2025\/10\/610915e4e97fe.jpeg","datePublished":"2025-10-20T22:56:00+00:00","dateModified":"2026-04-10T12:24:36+00:00","breadcrumb":{"@id":"https:\/\/animefigurer.se\/figurer\/my-hero-academia-figurer-hero-samlarfigurer\/my-hero-academia-nendoroid-swacchao-katsuki-bakugo\/#breadcrumb"},"inLanguage":"en-GB","potentialAction":[{"@type":"ReadAction","target":["https:\/\/animefigurer.se\/figurer\/my-hero-academia-figurer-hero-samlarfigurer\/my-hero-academia-nendoroid-swacchao-katsuki-bakugo\/"]}]},{"@type":"ImageObject","inLanguage":"en-GB","@id":"https:\/\/animefigurer.se\/figurer\/my-hero-academia-figurer-hero-samlarfigurer\/my-hero-academia-nendoroid-swacchao-katsuki-bakugo\/#primaryimage","url":"https:\/\/animefigurer.se\/wp-content\/uploads\/2025\/10\/610915e4e97fe.jpeg","contentUrl":"https:\/\/animefigurer.se\/wp-content\/uploads\/2025\/10\/610915e4e97fe.jpeg","width":563,"height":750},{"@type":"BreadcrumbList","@id":"https:\/\/animefigurer.se\/figurer\/my-hero-academia-figurer-hero-samlarfigurer\/my-hero-academia-nendoroid-swacchao-katsuki-bakugo\/#breadcrumb","itemListElement":[{"@type":"ListItem","position":1,"name":"Home","item":"https:\/\/animefigurer.se\/"},{"@type":"ListItem","position":2,"name":"Butik","item":"https:\/\/animefigurer.se\/figurer\/"},{"@type":"ListItem","position":3,"name":"My Hero Academia Nendoroid Swacchao! Katsuki Bakugo"}]},{"@type":"WebSite","@id":"https:\/\/animefigurer.se\/#website","url":"https:\/\/animefigurer.se\/","name":"Animefigurer.se","description":"Anime figures from over 300 different anime series with over 9000 products | Anime Shop","publisher":{"@id":"https:\/\/animefigurer.se\/#organization"},"potentialAction":[{"@type":"SearchAction","target":{"@type":"EntryPoint","urlTemplate":"https:\/\/animefigurer.se\/?s={search_term_string}"},"query-input":{"@type":"PropertyValueSpecification","valueRequired":true,"valueName":"search_term_string"}}],"inLanguage":"en-GB"},{"@type":"Organization","@id":"https:\/\/animefigurer.se\/#organization","name":"Animefigurer.se","alternateName":"Anime figurer | Anime shop","url":"https:\/\/animefigurer.se\/","logo":{"@type":"ImageObject","inLanguage":"en-GB","@id":"https:\/\/animefigurer.se\/#\/schema\/logo\/image\/","url":"https:\/\/animefigurer.se\/wp-content\/uploads\/2025\/12\/Animefigurer_logowhite.png","contentUrl":"https:\/\/animefigurer.se\/wp-content\/uploads\/2025\/12\/Animefigurer_logowhite.png","width":1890,"height":1417,"caption":"Animefigurer.se"},"image":{"@id":"https:\/\/animefigurer.se\/#\/schema\/logo\/image\/"},"sameAs":["https:\/\/www.facebook.com\/profile.php?id=61581826539670","https:\/\/www.instagram.com\/animefigurer.se\/"],"email":"info@animefigurer.se"}]}},"_links":{"self":[{"href":"https:\/\/animefigurer.se\/en\/wp-json\/wp\/v2\/product\/47503","targetHints":{"allow":["GET"]}}],"collection":[{"href":"https:\/\/animefigurer.se\/en\/wp-json\/wp\/v2\/product"}],"about":[{"href":"https:\/\/animefigurer.se\/en\/wp-json\/wp\/v2\/types\/product"}],"replies":[{"embeddable":true,"href":"https:\/\/animefigurer.se\/en\/wp-json\/wp\/v2\/comments?post=47503"}],"wp:featuredmedia":[{"embeddable":true,"href":"https:\/\/animefigurer.se\/en\/wp-json\/wp\/v2\/media\/47504"}],"wp:attachment":[{"href":"https:\/\/animefigurer.se\/en\/wp-json\/wp\/v2\/media?parent=47503"}],"wp:term":[{"taxonomy":"product_brand","embeddable":true,"href":"https:\/\/animefigurer.se\/en\/wp-json\/wp\/v2\/product_brand?post=47503"},{"taxonomy":"product_cat","embeddable":true,"href":"https:\/\/animefigurer.se\/en\/wp-json\/wp\/v2\/product_cat?post=47503"},{"taxonomy":"product_tag","embeddable":true,"href":"https:\/\/animefigurer.se\/en\/wp-json\/wp\/v2\/product_tag?post=47503"},{"taxonomy":"giftcard-category","embeddable":true,"href":"https:\/\/animefigurer.se\/en\/wp-json\/wp\/v2\/giftcard-category?post=47503"}],"curies":[{"name":"wp","href":"https:\/\/api.w.org\/{rel}","templated":true}]}}