{"id":45676,"date":"2025-10-21T00:40:19","date_gmt":"2025-10-20T22:40:19","guid":{"rendered":"https:\/\/animefigurer.se\/produkt\/mushoku-tensei-jobless-reincarnation-season-2-kd-colle-eris-boreas-greyrat-lingerie-ver-1-7-scale-figure\/"},"modified":"2025-12-21T19:32:01","modified_gmt":"2025-12-21T18:32:01","slug":"mushoku-tensei-jobless-reincarnation-season-2-kd-colle-eris-boreas-greyrat-lingerie-ver-1-7-scale-figure","status":"publish","type":"product","link":"https:\/\/animefigurer.se\/en\/figurer\/mushoku-tensei\/mushoku-tensei-jobless-reincarnation-season-2-kd-colle-eris-boreas-greyrat-lingerie-ver-1-7-scale-figure\/","title":{"rendered":"Mushoku Tensei: Jobless Reincarnation Season 2 KD Colle Eris Boreas Greyrat (lingerie Ver.) 1\/7 Scale Figure"},"content":{"rendered":"<p>A 1\/7th scale figure of Eris from Mushoku Tensei: Jobless Reincarnation Season 2 based on the illustration from the Spend the Night with Eris Set. Her toned body is visible through sheer lingerie, and the shy yet determined expression as she blushes sets a seductive tone. A bold and adorable version of Eris to add to your collection.<\/p>","protected":false},"excerpt":{"rendered":"<p>A 1\/7th scale figure of Eris from Mushoku Tensei: Jobless Reincarnation Season 2 based on the illustration from the Spend the Night with Eris Set. Her toned body is visible through transparent underwear, and the shy but determined expression as she blushes sets a seductive tone. A bold and<\/p>","protected":false},"featured_media":45677,"comment_status":"closed","ping_status":"open","template":"","meta":{"_acf_changed":false,"_monsterinsights_skip_tracking":false,"_monsterinsights_sitenote_active":false,"_monsterinsights_sitenote_note":"","_monsterinsights_sitenote_category":0},"product_brand":[6891],"product_cat":[3875,7233],"product_tag":[26],"giftcard-category":[],"class_list":{"0":"post-45676","1":"product","2":"type-product","3":"status-publish","4":"has-post-thumbnail","6":"product_brand-kadokawa","7":"product_cat-mushoku-tensei","8":"product_cat-pre-order","9":"product_tag-pre-order","10":"pa_franchise-mushoku-tensei","11":"pa_karaktar-eris-boreas-greyrat","12":"pa_material-pvc-abs","13":"pa_produktserie-kd-colle","14":"pa_skala-41","15":"pa_storlek-18-cm","17":"first","18":"instock","19":"taxable","20":"shipping-taxable","21":"purchasable","22":"product-type-simple"},"acf":[],"yoast_head":"<!-- This site is optimized with the Yoast SEO Premium plugin v24.6 (Yoast SEO v27.3) - https:\/\/yoast.com\/product\/yoast-seo-premium-wordpress\/ -->\n<title>Mushoku Tensei: Jobless Reincarnation Season 2 KD Colle Eris Boreas Greyrat (lingerie Ver.) 1\/7 Scale Figure | Animefigurer.se<\/title>\n<meta name=\"robots\" content=\"index, follow, max-snippet:-1, max-image-preview:large, max-video-preview:-1\" \/>\n<link rel=\"canonical\" href=\"https:\/\/animefigurer.se\/en\/figurer\/mushoku-tensei\/mushoku-tensei-jobless-reincarnation-season-2-kd-colle-eris-boreas-greyrat-lingerie-ver-1-7-scale-figure\/\" \/>\n<meta property=\"og:locale\" content=\"en_GB\" \/>\n<meta property=\"og:type\" content=\"article\" \/>\n<meta property=\"og:title\" content=\"Mushoku Tensei: Jobless Reincarnation Season 2 KD Colle Eris Boreas Greyrat (lingerie Ver.) 1\/7 Scale Figure\" \/>\n<meta property=\"og:description\" content=\"En skalenlig 1\/7-figur av Eris fr\u00e5n Mushoku Tensei: Jobless Reincarnation s\u00e4song 2 baserad p\u00e5 illustrationen fr\u00e5n Spend the Night with Eris Set. Hennes v\u00e4ltr\u00e4nade kroppsform syns genom transparenta underkl\u00e4der, och det blyga men best\u00e4mda uttrycket d\u00e4r hon rodnar ger en f\u00f6rf\u00f6risk ton. En dj\u00e4rv och be\" \/>\n<meta property=\"og:url\" content=\"https:\/\/animefigurer.se\/en\/figurer\/mushoku-tensei\/mushoku-tensei-jobless-reincarnation-season-2-kd-colle-eris-boreas-greyrat-lingerie-ver-1-7-scale-figure\/\" \/>\n<meta property=\"og:site_name\" content=\"Animefigurer.se\" \/>\n<meta property=\"article:publisher\" content=\"https:\/\/www.facebook.com\/profile.php?id=61581826539670\" \/>\n<meta property=\"article:modified_time\" content=\"2025-12-21T18:32:01+00:00\" \/>\n<meta property=\"og:image\" content=\"https:\/\/animefigurer.se\/wp-content\/uploads\/2025\/12\/Animefigurer_logowhite.png\" \/>\n\t<meta property=\"og:image:width\" content=\"1890\" \/>\n\t<meta property=\"og:image:height\" content=\"1417\" \/>\n\t<meta property=\"og:image:type\" content=\"image\/png\" \/>\n<meta name=\"twitter:card\" content=\"summary_large_image\" \/>\n<script type=\"application\/ld+json\" class=\"yoast-schema-graph\">{\"@context\":\"https:\\\/\\\/schema.org\",\"@graph\":[{\"@type\":\"WebPage\",\"@id\":\"https:\\\/\\\/animefigurer.se\\\/en\\\/figurer\\\/mushoku-tensei\\\/mushoku-tensei-jobless-reincarnation-season-2-kd-colle-eris-boreas-greyrat-lingerie-ver-1-7-scale-figure\\\/\",\"url\":\"https:\\\/\\\/animefigurer.se\\\/en\\\/figurer\\\/mushoku-tensei\\\/mushoku-tensei-jobless-reincarnation-season-2-kd-colle-eris-boreas-greyrat-lingerie-ver-1-7-scale-figure\\\/\",\"name\":\"Mushoku Tensei: Jobless Reincarnation Season 2 KD Colle Eris Boreas Greyrat (lingerie Ver.) 1\\\/7 Scale Figure | Animefigurer.se\",\"isPartOf\":{\"@id\":\"https:\\\/\\\/animefigurer.se\\\/#website\"},\"primaryImageOfPage\":{\"@id\":\"https:\\\/\\\/animefigurer.se\\\/en\\\/figurer\\\/mushoku-tensei\\\/mushoku-tensei-jobless-reincarnation-season-2-kd-colle-eris-boreas-greyrat-lingerie-ver-1-7-scale-figure\\\/#primaryimage\"},\"image\":{\"@id\":\"https:\\\/\\\/animefigurer.se\\\/en\\\/figurer\\\/mushoku-tensei\\\/mushoku-tensei-jobless-reincarnation-season-2-kd-colle-eris-boreas-greyrat-lingerie-ver-1-7-scale-figure\\\/#primaryimage\"},\"thumbnailUrl\":\"https:\\\/\\\/animefigurer.se\\\/wp-content\\\/uploads\\\/2025\\\/10\\\/68c445f124f49.jpeg\",\"datePublished\":\"2025-10-20T22:40:19+00:00\",\"dateModified\":\"2025-12-21T18:32:01+00:00\",\"breadcrumb\":{\"@id\":\"https:\\\/\\\/animefigurer.se\\\/en\\\/figurer\\\/mushoku-tensei\\\/mushoku-tensei-jobless-reincarnation-season-2-kd-colle-eris-boreas-greyrat-lingerie-ver-1-7-scale-figure\\\/#breadcrumb\"},\"inLanguage\":\"en-GB\",\"potentialAction\":[{\"@type\":\"ReadAction\",\"target\":[\"https:\\\/\\\/animefigurer.se\\\/en\\\/figurer\\\/mushoku-tensei\\\/mushoku-tensei-jobless-reincarnation-season-2-kd-colle-eris-boreas-greyrat-lingerie-ver-1-7-scale-figure\\\/\"]}]},{\"@type\":\"ImageObject\",\"inLanguage\":\"en-GB\",\"@id\":\"https:\\\/\\\/animefigurer.se\\\/en\\\/figurer\\\/mushoku-tensei\\\/mushoku-tensei-jobless-reincarnation-season-2-kd-colle-eris-boreas-greyrat-lingerie-ver-1-7-scale-figure\\\/#primaryimage\",\"url\":\"https:\\\/\\\/animefigurer.se\\\/wp-content\\\/uploads\\\/2025\\\/10\\\/68c445f124f49.jpeg\",\"contentUrl\":\"https:\\\/\\\/animefigurer.se\\\/wp-content\\\/uploads\\\/2025\\\/10\\\/68c445f124f49.jpeg\",\"width\":1000,\"height\":750},{\"@type\":\"BreadcrumbList\",\"@id\":\"https:\\\/\\\/animefigurer.se\\\/en\\\/figurer\\\/mushoku-tensei\\\/mushoku-tensei-jobless-reincarnation-season-2-kd-colle-eris-boreas-greyrat-lingerie-ver-1-7-scale-figure\\\/#breadcrumb\",\"itemListElement\":[{\"@type\":\"ListItem\",\"position\":1,\"name\":\"Home\",\"item\":\"https:\\\/\\\/animefigurer.se\\\/\"},{\"@type\":\"ListItem\",\"position\":2,\"name\":\"Butik\",\"item\":\"https:\\\/\\\/animefigurer.se\\\/figurer\\\/\"},{\"@type\":\"ListItem\",\"position\":3,\"name\":\"Mushoku Tensei: Jobless Reincarnation Season 2 KD Colle Eris Boreas Greyrat (lingerie Ver.) 1\\\/7 Scale Figure\"}]},{\"@type\":\"WebSite\",\"@id\":\"https:\\\/\\\/animefigurer.se\\\/#website\",\"url\":\"https:\\\/\\\/animefigurer.se\\\/\",\"name\":\"Animefigurer.se\",\"description\":\"Anime figurer fr\u00e5n \u00f6ver 300 olika anime serier med \u00f6ver 9000 produkter | Anime Shop\",\"publisher\":{\"@id\":\"https:\\\/\\\/animefigurer.se\\\/#organization\"},\"potentialAction\":[{\"@type\":\"SearchAction\",\"target\":{\"@type\":\"EntryPoint\",\"urlTemplate\":\"https:\\\/\\\/animefigurer.se\\\/?s={search_term_string}\"},\"query-input\":{\"@type\":\"PropertyValueSpecification\",\"valueRequired\":true,\"valueName\":\"search_term_string\"}}],\"inLanguage\":\"en-GB\"},{\"@type\":\"Organization\",\"@id\":\"https:\\\/\\\/animefigurer.se\\\/#organization\",\"name\":\"Animefigurer.se\",\"alternateName\":\"Anime figurer | Anime shop\",\"url\":\"https:\\\/\\\/animefigurer.se\\\/\",\"logo\":{\"@type\":\"ImageObject\",\"inLanguage\":\"en-GB\",\"@id\":\"https:\\\/\\\/animefigurer.se\\\/#\\\/schema\\\/logo\\\/image\\\/\",\"url\":\"https:\\\/\\\/animefigurer.se\\\/wp-content\\\/uploads\\\/2025\\\/12\\\/Animefigurer_logowhite.png\",\"contentUrl\":\"https:\\\/\\\/animefigurer.se\\\/wp-content\\\/uploads\\\/2025\\\/12\\\/Animefigurer_logowhite.png\",\"width\":1890,\"height\":1417,\"caption\":\"Animefigurer.se\"},\"image\":{\"@id\":\"https:\\\/\\\/animefigurer.se\\\/#\\\/schema\\\/logo\\\/image\\\/\"},\"sameAs\":[\"https:\\\/\\\/www.facebook.com\\\/profile.php?id=61581826539670\",\"https:\\\/\\\/www.instagram.com\\\/animefigurer.se\\\/\"],\"email\":\"info@animefigurer.se\"}]}<\/script>\n<!-- \/ Yoast SEO Premium plugin. -->","yoast_head_json":{"title":"Mushoku Tensei: Jobless Reincarnation Season 2 KD Colle Eris Boreas Greyrat (lingerie Ver.) 1\/7 Scale Figure | Animefigurer.se","robots":{"index":"index","follow":"follow","max-snippet":"max-snippet:-1","max-image-preview":"max-image-preview:large","max-video-preview":"max-video-preview:-1"},"canonical":"https:\/\/animefigurer.se\/en\/figurer\/mushoku-tensei\/mushoku-tensei-jobless-reincarnation-season-2-kd-colle-eris-boreas-greyrat-lingerie-ver-1-7-scale-figure\/","og_locale":"en_GB","og_type":"article","og_title":"Mushoku Tensei: Jobless Reincarnation Season 2 KD Colle Eris Boreas Greyrat (lingerie Ver.) 1\/7 Scale Figure","og_description":"En skalenlig 1\/7-figur av Eris fr\u00e5n Mushoku Tensei: Jobless Reincarnation s\u00e4song 2 baserad p\u00e5 illustrationen fr\u00e5n Spend the Night with Eris Set. Hennes v\u00e4ltr\u00e4nade kroppsform syns genom transparenta underkl\u00e4der, och det blyga men best\u00e4mda uttrycket d\u00e4r hon rodnar ger en f\u00f6rf\u00f6risk ton. En dj\u00e4rv och be","og_url":"https:\/\/animefigurer.se\/en\/figurer\/mushoku-tensei\/mushoku-tensei-jobless-reincarnation-season-2-kd-colle-eris-boreas-greyrat-lingerie-ver-1-7-scale-figure\/","og_site_name":"Animefigurer.se","article_publisher":"https:\/\/www.facebook.com\/profile.php?id=61581826539670","article_modified_time":"2025-12-21T18:32:01+00:00","og_image":[{"width":1890,"height":1417,"url":"https:\/\/animefigurer.se\/wp-content\/uploads\/2025\/12\/Animefigurer_logowhite.png","type":"image\/png"}],"twitter_card":"summary_large_image","schema":{"@context":"https:\/\/schema.org","@graph":[{"@type":"WebPage","@id":"https:\/\/animefigurer.se\/en\/figurer\/mushoku-tensei\/mushoku-tensei-jobless-reincarnation-season-2-kd-colle-eris-boreas-greyrat-lingerie-ver-1-7-scale-figure\/","url":"https:\/\/animefigurer.se\/en\/figurer\/mushoku-tensei\/mushoku-tensei-jobless-reincarnation-season-2-kd-colle-eris-boreas-greyrat-lingerie-ver-1-7-scale-figure\/","name":"Mushoku Tensei: Jobless Reincarnation Season 2 KD Colle Eris Boreas Greyrat (lingerie Ver.) 1\/7 Scale Figure | Animefigurer.se","isPartOf":{"@id":"https:\/\/animefigurer.se\/#website"},"primaryImageOfPage":{"@id":"https:\/\/animefigurer.se\/en\/figurer\/mushoku-tensei\/mushoku-tensei-jobless-reincarnation-season-2-kd-colle-eris-boreas-greyrat-lingerie-ver-1-7-scale-figure\/#primaryimage"},"image":{"@id":"https:\/\/animefigurer.se\/en\/figurer\/mushoku-tensei\/mushoku-tensei-jobless-reincarnation-season-2-kd-colle-eris-boreas-greyrat-lingerie-ver-1-7-scale-figure\/#primaryimage"},"thumbnailUrl":"https:\/\/animefigurer.se\/wp-content\/uploads\/2025\/10\/68c445f124f49.jpeg","datePublished":"2025-10-20T22:40:19+00:00","dateModified":"2025-12-21T18:32:01+00:00","breadcrumb":{"@id":"https:\/\/animefigurer.se\/en\/figurer\/mushoku-tensei\/mushoku-tensei-jobless-reincarnation-season-2-kd-colle-eris-boreas-greyrat-lingerie-ver-1-7-scale-figure\/#breadcrumb"},"inLanguage":"en-GB","potentialAction":[{"@type":"ReadAction","target":["https:\/\/animefigurer.se\/en\/figurer\/mushoku-tensei\/mushoku-tensei-jobless-reincarnation-season-2-kd-colle-eris-boreas-greyrat-lingerie-ver-1-7-scale-figure\/"]}]},{"@type":"ImageObject","inLanguage":"en-GB","@id":"https:\/\/animefigurer.se\/en\/figurer\/mushoku-tensei\/mushoku-tensei-jobless-reincarnation-season-2-kd-colle-eris-boreas-greyrat-lingerie-ver-1-7-scale-figure\/#primaryimage","url":"https:\/\/animefigurer.se\/wp-content\/uploads\/2025\/10\/68c445f124f49.jpeg","contentUrl":"https:\/\/animefigurer.se\/wp-content\/uploads\/2025\/10\/68c445f124f49.jpeg","width":1000,"height":750},{"@type":"BreadcrumbList","@id":"https:\/\/animefigurer.se\/en\/figurer\/mushoku-tensei\/mushoku-tensei-jobless-reincarnation-season-2-kd-colle-eris-boreas-greyrat-lingerie-ver-1-7-scale-figure\/#breadcrumb","itemListElement":[{"@type":"ListItem","position":1,"name":"Home","item":"https:\/\/animefigurer.se\/"},{"@type":"ListItem","position":2,"name":"Butik","item":"https:\/\/animefigurer.se\/figurer\/"},{"@type":"ListItem","position":3,"name":"Mushoku Tensei: Jobless Reincarnation Season 2 KD Colle Eris Boreas Greyrat (lingerie Ver.) 1\/7 Scale Figure"}]},{"@type":"WebSite","@id":"https:\/\/animefigurer.se\/#website","url":"https:\/\/animefigurer.se\/","name":"Animefigurer.se","description":"Anime figures from over 300 different anime series with over 9000 products | Anime Shop","publisher":{"@id":"https:\/\/animefigurer.se\/#organization"},"potentialAction":[{"@type":"SearchAction","target":{"@type":"EntryPoint","urlTemplate":"https:\/\/animefigurer.se\/?s={search_term_string}"},"query-input":{"@type":"PropertyValueSpecification","valueRequired":true,"valueName":"search_term_string"}}],"inLanguage":"en-GB"},{"@type":"Organization","@id":"https:\/\/animefigurer.se\/#organization","name":"Animefigurer.se","alternateName":"Anime figurer | Anime shop","url":"https:\/\/animefigurer.se\/","logo":{"@type":"ImageObject","inLanguage":"en-GB","@id":"https:\/\/animefigurer.se\/#\/schema\/logo\/image\/","url":"https:\/\/animefigurer.se\/wp-content\/uploads\/2025\/12\/Animefigurer_logowhite.png","contentUrl":"https:\/\/animefigurer.se\/wp-content\/uploads\/2025\/12\/Animefigurer_logowhite.png","width":1890,"height":1417,"caption":"Animefigurer.se"},"image":{"@id":"https:\/\/animefigurer.se\/#\/schema\/logo\/image\/"},"sameAs":["https:\/\/www.facebook.com\/profile.php?id=61581826539670","https:\/\/www.instagram.com\/animefigurer.se\/"],"email":"info@animefigurer.se"}]}},"_links":{"self":[{"href":"https:\/\/animefigurer.se\/en\/wp-json\/wp\/v2\/product\/45676","targetHints":{"allow":["GET"]}}],"collection":[{"href":"https:\/\/animefigurer.se\/en\/wp-json\/wp\/v2\/product"}],"about":[{"href":"https:\/\/animefigurer.se\/en\/wp-json\/wp\/v2\/types\/product"}],"replies":[{"embeddable":true,"href":"https:\/\/animefigurer.se\/en\/wp-json\/wp\/v2\/comments?post=45676"}],"wp:featuredmedia":[{"embeddable":true,"href":"https:\/\/animefigurer.se\/en\/wp-json\/wp\/v2\/media\/45677"}],"wp:attachment":[{"href":"https:\/\/animefigurer.se\/en\/wp-json\/wp\/v2\/media?parent=45676"}],"wp:term":[{"taxonomy":"product_brand","embeddable":true,"href":"https:\/\/animefigurer.se\/en\/wp-json\/wp\/v2\/product_brand?post=45676"},{"taxonomy":"product_cat","embeddable":true,"href":"https:\/\/animefigurer.se\/en\/wp-json\/wp\/v2\/product_cat?post=45676"},{"taxonomy":"product_tag","embeddable":true,"href":"https:\/\/animefigurer.se\/en\/wp-json\/wp\/v2\/product_tag?post=45676"},{"taxonomy":"giftcard-category","embeddable":true,"href":"https:\/\/animefigurer.se\/en\/wp-json\/wp\/v2\/giftcard-category?post=45676"}],"curies":[{"name":"wp","href":"https:\/\/api.w.org\/{rel}","templated":true}]}}