{"id":45254,"date":"2025-10-21T00:29:01","date_gmt":"2025-10-20T22:29:01","guid":{"rendered":"https:\/\/animefigurer.se\/produkt\/monster-hunter-wilds-capcom-figure-builder-creators-model-arkveld\/"},"modified":"2025-12-21T19:31:58","modified_gmt":"2025-12-21T18:31:58","slug":"monster-hunter-wilds-capcom-figure-builder-creators-model-arkveld","status":"publish","type":"product","link":"https:\/\/animefigurer.se\/en\/figurer\/monster-hunter\/monster-hunter-wilds-capcom-figure-builder-creators-model-arkveld\/","title":{"rendered":"Monster Hunter Wilds Capcom Figure Builder Creator&#039;s Model Arkveld"},"content":{"rendered":"<p>The main monster in Monster Hunter Wilds, which the Veld Survey Team calls White Shadow, is now presented as a Creator&#039;s Model! The pedestal resembles a cocoon like a cage where the guardian sleeps, and Arkveld is depicted trying to escape from it. The figure captures the backbone of the game&#039;s main story.<\/p>","protected":false},"excerpt":{"rendered":"<p>The main monster in Monster Hunter Wilds, which the Veld Survey Team calls White Shadow, is now presented as a Creator&#039;s Model! The pedestal resembles a cocoon like a cage where the guardian sleeps, and Arkveld is depicted trying to escape from it. The figure captures the backbone of the game&#039;s main story.<\/p>","protected":false},"featured_media":45255,"comment_status":"closed","ping_status":"open","template":"","meta":{"_acf_changed":false,"_monsterinsights_skip_tracking":false,"_monsterinsights_sitenote_active":false,"_monsterinsights_sitenote_note":"","_monsterinsights_sitenote_category":0},"product_brand":[6943],"product_cat":[3837,7233],"product_tag":[26],"giftcard-category":[],"class_list":{"0":"post-45254","1":"product","2":"type-product","3":"status-publish","4":"has-post-thumbnail","6":"product_brand-capcom","7":"product_cat-monster-hunter","8":"product_cat-pre-order","9":"product_tag-pre-order","10":"pa_franchise-monster-hunter","11":"pa_karaktar-arkveld","12":"pa_material-plastic","13":"pa_storlek-21-cm","15":"first","16":"instock","17":"taxable","18":"shipping-taxable","19":"purchasable","20":"product-type-simple"},"acf":[],"yoast_head":"<!-- This site is optimized with the Yoast SEO Premium plugin v24.6 (Yoast SEO v27.4) - https:\/\/yoast.com\/product\/yoast-seo-premium-wordpress\/ -->\n<title>Monster Hunter Wilds Capcom Figure Builder Creator&#039;s Model Arkveld | Animefigurer.se<\/title>\n<meta name=\"robots\" content=\"index, follow, max-snippet:-1, max-image-preview:large, max-video-preview:-1\" \/>\n<link rel=\"canonical\" href=\"https:\/\/animefigurer.se\/en\/figurer\/monster-hunter\/monster-hunter-wilds-capcom-figure-builder-creators-model-arkveld\/\" \/>\n<meta property=\"og:locale\" content=\"en_GB\" \/>\n<meta property=\"og:type\" content=\"article\" \/>\n<meta property=\"og:title\" content=\"Monster Hunter Wilds Capcom Figure Builder Creator&#039;s Model Arkveld\" \/>\n<meta property=\"og:description\" content=\"Huvudmonstret i Monster Hunter Wilds, som Veld Survey Team kallar White Shadow, presenteras nu som en Creator&#039;s Model! Piedestalen liknar en kokong som en bur d\u00e4r v\u00e4ktaren sover, och Arkveld avbildas n\u00e4r han f\u00f6rs\u00f6ker fly ur den. Figuren f\u00e5ngar ryggraden i spelets huvudber\u00e4ttelse.\" \/>\n<meta property=\"og:url\" content=\"https:\/\/animefigurer.se\/en\/figurer\/monster-hunter\/monster-hunter-wilds-capcom-figure-builder-creators-model-arkveld\/\" \/>\n<meta property=\"og:site_name\" content=\"Animefigurer.se\" \/>\n<meta property=\"article:publisher\" content=\"https:\/\/www.facebook.com\/profile.php?id=61581826539670\" \/>\n<meta property=\"article:modified_time\" content=\"2025-12-21T18:31:58+00:00\" \/>\n<meta property=\"og:image\" content=\"https:\/\/animefigurer.se\/wp-content\/uploads\/2025\/12\/Animefigurer_logowhite.png\" \/>\n\t<meta property=\"og:image:width\" content=\"1890\" \/>\n\t<meta property=\"og:image:height\" content=\"1417\" \/>\n\t<meta property=\"og:image:type\" content=\"image\/png\" \/>\n<meta name=\"twitter:card\" content=\"summary_large_image\" \/>\n<script type=\"application\/ld+json\" class=\"yoast-schema-graph\">{\"@context\":\"https:\\\/\\\/schema.org\",\"@graph\":[{\"@type\":\"WebPage\",\"@id\":\"https:\\\/\\\/animefigurer.se\\\/figurer\\\/monster-hunter\\\/monster-hunter-wilds-capcom-figure-builder-creators-model-arkveld\\\/\",\"url\":\"https:\\\/\\\/animefigurer.se\\\/figurer\\\/monster-hunter\\\/monster-hunter-wilds-capcom-figure-builder-creators-model-arkveld\\\/\",\"name\":\"Monster Hunter Wilds Capcom Figure Builder Creator's Model Arkveld | Animefigurer.se\",\"isPartOf\":{\"@id\":\"https:\\\/\\\/animefigurer.se\\\/#website\"},\"primaryImageOfPage\":{\"@id\":\"https:\\\/\\\/animefigurer.se\\\/figurer\\\/monster-hunter\\\/monster-hunter-wilds-capcom-figure-builder-creators-model-arkveld\\\/#primaryimage\"},\"image\":{\"@id\":\"https:\\\/\\\/animefigurer.se\\\/figurer\\\/monster-hunter\\\/monster-hunter-wilds-capcom-figure-builder-creators-model-arkveld\\\/#primaryimage\"},\"thumbnailUrl\":\"https:\\\/\\\/animefigurer.se\\\/wp-content\\\/uploads\\\/2025\\\/10\\\/67f3e0b2a47ed.jpeg\",\"datePublished\":\"2025-10-20T22:29:01+00:00\",\"dateModified\":\"2025-12-21T18:31:58+00:00\",\"breadcrumb\":{\"@id\":\"https:\\\/\\\/animefigurer.se\\\/figurer\\\/monster-hunter\\\/monster-hunter-wilds-capcom-figure-builder-creators-model-arkveld\\\/#breadcrumb\"},\"inLanguage\":\"en-GB\",\"potentialAction\":[{\"@type\":\"ReadAction\",\"target\":[\"https:\\\/\\\/animefigurer.se\\\/figurer\\\/monster-hunter\\\/monster-hunter-wilds-capcom-figure-builder-creators-model-arkveld\\\/\"]}]},{\"@type\":\"ImageObject\",\"inLanguage\":\"en-GB\",\"@id\":\"https:\\\/\\\/animefigurer.se\\\/figurer\\\/monster-hunter\\\/monster-hunter-wilds-capcom-figure-builder-creators-model-arkveld\\\/#primaryimage\",\"url\":\"https:\\\/\\\/animefigurer.se\\\/wp-content\\\/uploads\\\/2025\\\/10\\\/67f3e0b2a47ed.jpeg\",\"contentUrl\":\"https:\\\/\\\/animefigurer.se\\\/wp-content\\\/uploads\\\/2025\\\/10\\\/67f3e0b2a47ed.jpeg\",\"width\":720,\"height\":540},{\"@type\":\"BreadcrumbList\",\"@id\":\"https:\\\/\\\/animefigurer.se\\\/figurer\\\/monster-hunter\\\/monster-hunter-wilds-capcom-figure-builder-creators-model-arkveld\\\/#breadcrumb\",\"itemListElement\":[{\"@type\":\"ListItem\",\"position\":1,\"name\":\"Home\",\"item\":\"https:\\\/\\\/animefigurer.se\\\/\"},{\"@type\":\"ListItem\",\"position\":2,\"name\":\"Butik\",\"item\":\"https:\\\/\\\/animefigurer.se\\\/figurer\\\/\"},{\"@type\":\"ListItem\",\"position\":3,\"name\":\"Monster Hunter Wilds Capcom Figure Builder Creator&#8217;s Model Arkveld\"}]},{\"@type\":\"WebSite\",\"@id\":\"https:\\\/\\\/animefigurer.se\\\/#website\",\"url\":\"https:\\\/\\\/animefigurer.se\\\/\",\"name\":\"Animefigurer.se\",\"description\":\"Anime figurer fr\u00e5n \u00f6ver 300 olika anime serier med \u00f6ver 9000 produkter | Anime Shop\",\"publisher\":{\"@id\":\"https:\\\/\\\/animefigurer.se\\\/#organization\"},\"potentialAction\":[{\"@type\":\"SearchAction\",\"target\":{\"@type\":\"EntryPoint\",\"urlTemplate\":\"https:\\\/\\\/animefigurer.se\\\/?s={search_term_string}\"},\"query-input\":{\"@type\":\"PropertyValueSpecification\",\"valueRequired\":true,\"valueName\":\"search_term_string\"}}],\"inLanguage\":\"en-GB\"},{\"@type\":\"Organization\",\"@id\":\"https:\\\/\\\/animefigurer.se\\\/#organization\",\"name\":\"Animefigurer.se\",\"alternateName\":\"Anime figurer | Anime shop\",\"url\":\"https:\\\/\\\/animefigurer.se\\\/\",\"logo\":{\"@type\":\"ImageObject\",\"inLanguage\":\"en-GB\",\"@id\":\"https:\\\/\\\/animefigurer.se\\\/#\\\/schema\\\/logo\\\/image\\\/\",\"url\":\"https:\\\/\\\/animefigurer.se\\\/wp-content\\\/uploads\\\/2025\\\/12\\\/Animefigurer_logowhite.png\",\"contentUrl\":\"https:\\\/\\\/animefigurer.se\\\/wp-content\\\/uploads\\\/2025\\\/12\\\/Animefigurer_logowhite.png\",\"width\":1890,\"height\":1417,\"caption\":\"Animefigurer.se\"},\"image\":{\"@id\":\"https:\\\/\\\/animefigurer.se\\\/#\\\/schema\\\/logo\\\/image\\\/\"},\"sameAs\":[\"https:\\\/\\\/www.facebook.com\\\/profile.php?id=61581826539670\",\"https:\\\/\\\/www.instagram.com\\\/animefigurer.se\\\/\"],\"email\":\"info@animefigurer.se\"}]}<\/script>\n<!-- \/ Yoast SEO Premium plugin. -->","yoast_head_json":{"title":"Monster Hunter Wilds Capcom Figure Builder Creator&#039;s Model Arkveld | Animefigurer.se","robots":{"index":"index","follow":"follow","max-snippet":"max-snippet:-1","max-image-preview":"max-image-preview:large","max-video-preview":"max-video-preview:-1"},"canonical":"https:\/\/animefigurer.se\/en\/figurer\/monster-hunter\/monster-hunter-wilds-capcom-figure-builder-creators-model-arkveld\/","og_locale":"en_GB","og_type":"article","og_title":"Monster Hunter Wilds Capcom Figure Builder Creator's Model Arkveld","og_description":"Huvudmonstret i Monster Hunter Wilds, som Veld Survey Team kallar White Shadow, presenteras nu som en Creator's Model! Piedestalen liknar en kokong som en bur d\u00e4r v\u00e4ktaren sover, och Arkveld avbildas n\u00e4r han f\u00f6rs\u00f6ker fly ur den. Figuren f\u00e5ngar ryggraden i spelets huvudber\u00e4ttelse.","og_url":"https:\/\/animefigurer.se\/en\/figurer\/monster-hunter\/monster-hunter-wilds-capcom-figure-builder-creators-model-arkveld\/","og_site_name":"Animefigurer.se","article_publisher":"https:\/\/www.facebook.com\/profile.php?id=61581826539670","article_modified_time":"2025-12-21T18:31:58+00:00","og_image":[{"width":1890,"height":1417,"url":"https:\/\/animefigurer.se\/wp-content\/uploads\/2025\/12\/Animefigurer_logowhite.png","type":"image\/png"}],"twitter_card":"summary_large_image","schema":{"@context":"https:\/\/schema.org","@graph":[{"@type":"WebPage","@id":"https:\/\/animefigurer.se\/figurer\/monster-hunter\/monster-hunter-wilds-capcom-figure-builder-creators-model-arkveld\/","url":"https:\/\/animefigurer.se\/figurer\/monster-hunter\/monster-hunter-wilds-capcom-figure-builder-creators-model-arkveld\/","name":"Monster Hunter Wilds Capcom Figure Builder Creator&#039;s Model Arkveld | Animefigurer.se","isPartOf":{"@id":"https:\/\/animefigurer.se\/#website"},"primaryImageOfPage":{"@id":"https:\/\/animefigurer.se\/figurer\/monster-hunter\/monster-hunter-wilds-capcom-figure-builder-creators-model-arkveld\/#primaryimage"},"image":{"@id":"https:\/\/animefigurer.se\/figurer\/monster-hunter\/monster-hunter-wilds-capcom-figure-builder-creators-model-arkveld\/#primaryimage"},"thumbnailUrl":"https:\/\/animefigurer.se\/wp-content\/uploads\/2025\/10\/67f3e0b2a47ed.jpeg","datePublished":"2025-10-20T22:29:01+00:00","dateModified":"2025-12-21T18:31:58+00:00","breadcrumb":{"@id":"https:\/\/animefigurer.se\/figurer\/monster-hunter\/monster-hunter-wilds-capcom-figure-builder-creators-model-arkveld\/#breadcrumb"},"inLanguage":"en-GB","potentialAction":[{"@type":"ReadAction","target":["https:\/\/animefigurer.se\/figurer\/monster-hunter\/monster-hunter-wilds-capcom-figure-builder-creators-model-arkveld\/"]}]},{"@type":"ImageObject","inLanguage":"en-GB","@id":"https:\/\/animefigurer.se\/figurer\/monster-hunter\/monster-hunter-wilds-capcom-figure-builder-creators-model-arkveld\/#primaryimage","url":"https:\/\/animefigurer.se\/wp-content\/uploads\/2025\/10\/67f3e0b2a47ed.jpeg","contentUrl":"https:\/\/animefigurer.se\/wp-content\/uploads\/2025\/10\/67f3e0b2a47ed.jpeg","width":720,"height":540},{"@type":"BreadcrumbList","@id":"https:\/\/animefigurer.se\/figurer\/monster-hunter\/monster-hunter-wilds-capcom-figure-builder-creators-model-arkveld\/#breadcrumb","itemListElement":[{"@type":"ListItem","position":1,"name":"Home","item":"https:\/\/animefigurer.se\/"},{"@type":"ListItem","position":2,"name":"Butik","item":"https:\/\/animefigurer.se\/figurer\/"},{"@type":"ListItem","position":3,"name":"Monster Hunter Wilds Capcom Figure Builder Creator&#8217;s Model Arkveld"}]},{"@type":"WebSite","@id":"https:\/\/animefigurer.se\/#website","url":"https:\/\/animefigurer.se\/","name":"Animefigurer.se","description":"Anime figures from over 300 different anime series with over 9000 products | Anime Shop","publisher":{"@id":"https:\/\/animefigurer.se\/#organization"},"potentialAction":[{"@type":"SearchAction","target":{"@type":"EntryPoint","urlTemplate":"https:\/\/animefigurer.se\/?s={search_term_string}"},"query-input":{"@type":"PropertyValueSpecification","valueRequired":true,"valueName":"search_term_string"}}],"inLanguage":"en-GB"},{"@type":"Organization","@id":"https:\/\/animefigurer.se\/#organization","name":"Animefigurer.se","alternateName":"Anime figurer | Anime shop","url":"https:\/\/animefigurer.se\/","logo":{"@type":"ImageObject","inLanguage":"en-GB","@id":"https:\/\/animefigurer.se\/#\/schema\/logo\/image\/","url":"https:\/\/animefigurer.se\/wp-content\/uploads\/2025\/12\/Animefigurer_logowhite.png","contentUrl":"https:\/\/animefigurer.se\/wp-content\/uploads\/2025\/12\/Animefigurer_logowhite.png","width":1890,"height":1417,"caption":"Animefigurer.se"},"image":{"@id":"https:\/\/animefigurer.se\/#\/schema\/logo\/image\/"},"sameAs":["https:\/\/www.facebook.com\/profile.php?id=61581826539670","https:\/\/www.instagram.com\/animefigurer.se\/"],"email":"info@animefigurer.se"}]}},"_links":{"self":[{"href":"https:\/\/animefigurer.se\/en\/wp-json\/wp\/v2\/product\/45254","targetHints":{"allow":["GET"]}}],"collection":[{"href":"https:\/\/animefigurer.se\/en\/wp-json\/wp\/v2\/product"}],"about":[{"href":"https:\/\/animefigurer.se\/en\/wp-json\/wp\/v2\/types\/product"}],"replies":[{"embeddable":true,"href":"https:\/\/animefigurer.se\/en\/wp-json\/wp\/v2\/comments?post=45254"}],"wp:featuredmedia":[{"embeddable":true,"href":"https:\/\/animefigurer.se\/en\/wp-json\/wp\/v2\/media\/45255"}],"wp:attachment":[{"href":"https:\/\/animefigurer.se\/en\/wp-json\/wp\/v2\/media?parent=45254"}],"wp:term":[{"taxonomy":"product_brand","embeddable":true,"href":"https:\/\/animefigurer.se\/en\/wp-json\/wp\/v2\/product_brand?post=45254"},{"taxonomy":"product_cat","embeddable":true,"href":"https:\/\/animefigurer.se\/en\/wp-json\/wp\/v2\/product_cat?post=45254"},{"taxonomy":"product_tag","embeddable":true,"href":"https:\/\/animefigurer.se\/en\/wp-json\/wp\/v2\/product_tag?post=45254"},{"taxonomy":"giftcard-category","embeddable":true,"href":"https:\/\/animefigurer.se\/en\/wp-json\/wp\/v2\/giftcard-category?post=45254"}],"curies":[{"name":"wp","href":"https:\/\/api.w.org\/{rel}","templated":true}]}}