{"id":45175,"date":"2025-10-21T00:29:01","date_gmt":"2025-10-20T22:29:01","guid":{"rendered":"https:\/\/animefigurer.se\/produkt\/monster-hunter-capcom-figure-builder-vol-2-set-of-10-finger-puppets\/"},"modified":"2025-12-21T19:31:56","modified_gmt":"2025-12-21T18:31:56","slug":"monster-hunter-capcom-figure-builder-vol-2-set-of-10-finger-puppets","status":"publish","type":"product","link":"https:\/\/animefigurer.se\/en\/figurer\/monster-hunter\/monster-hunter-capcom-figure-builder-vol-2-set-of-10-finger-puppets\/","title":{"rendered":"Monster Hunter Capcom Figure Builder Vol.2 Set of 10 Finger Puppets"},"content":{"rendered":"<p>Please note that all boxes are factory sealed and the individual contents are not inspected \u2014 we cannot guarantee the condition of the packaging for the items found in the box. From Monster Hunter comes the Capcom Figure Builder Finger Puppet Monster Hunter Vol.2 in soft vinyl. Volume 2 includes finger puppets depicting Gore Magala, Lagiacrus, Nergigante, Seregios, Yian Kut, Rathalos variant, Rathian variant, Enraged Rajang, Barioth, and Fulgur variant.<\/p>","protected":false},"excerpt":{"rendered":"<p>Please note that all boxes are factory sealed and the individual contents are not inspected \u2014 we cannot guarantee the packaging condition of the items contained within the box. From Monster Hunter comes the Capcom Figure Builder Finger Puppet Monster Hunter Vol.2 in soft vinyl. Volume 2 contains finger puppets f<\/p>","protected":false},"featured_media":45176,"comment_status":"closed","ping_status":"open","template":"","meta":{"_acf_changed":false,"_monsterinsights_skip_tracking":false,"_monsterinsights_sitenote_active":false,"_monsterinsights_sitenote_note":"","_monsterinsights_sitenote_category":0},"product_brand":[6943],"product_cat":[3837,7233],"product_tag":[26],"giftcard-category":[],"class_list":{"0":"post-45175","1":"product","2":"type-product","3":"status-publish","4":"has-post-thumbnail","6":"product_brand-capcom","7":"product_cat-monster-hunter","8":"product_cat-pre-order","9":"product_tag-pre-order","10":"pa_franchise-monster-hunter","11":"pa_material-plastic","12":"pa_storlek-3-5-cm","14":"first","15":"instock","16":"taxable","17":"shipping-taxable","18":"purchasable","19":"product-type-simple"},"acf":[],"yoast_head":"<!-- This site is optimized with the Yoast SEO Premium plugin v24.6 (Yoast SEO v27.4) - https:\/\/yoast.com\/product\/yoast-seo-premium-wordpress\/ -->\n<title>Monster Hunter Capcom Figure Builder Vol.2 Set of 10 Finger Puppets | Animefigurer.se<\/title>\n<meta name=\"robots\" content=\"index, follow, max-snippet:-1, max-image-preview:large, max-video-preview:-1\" \/>\n<link rel=\"canonical\" href=\"https:\/\/animefigurer.se\/en\/figurer\/monster-hunter\/monster-hunter-capcom-figure-builder-vol-2-set-of-10-finger-puppets\/\" \/>\n<meta property=\"og:locale\" content=\"en_GB\" \/>\n<meta property=\"og:type\" content=\"article\" \/>\n<meta property=\"og:title\" content=\"Monster Hunter Capcom Figure Builder Vol.2 Set of 10 Finger Puppets\" \/>\n<meta property=\"og:description\" content=\"Observera att alla l\u00e5dor \u00e4r fabriksf\u00f6rseglade och de enskilda inneh\u00e5llen inte inspekteras \u2014 vi kan inte garantera f\u00f6rpackningsskicket f\u00f6r de artiklar som finns i l\u00e5dan. Fr\u00e5n Monster Hunter kommer Capcom Figure Builder Finger Puppet Monster Hunter Vol.2 i mjuk vinyl. Volym 2 inneh\u00e5ller fingerdockor f\" \/>\n<meta property=\"og:url\" content=\"https:\/\/animefigurer.se\/en\/figurer\/monster-hunter\/monster-hunter-capcom-figure-builder-vol-2-set-of-10-finger-puppets\/\" \/>\n<meta property=\"og:site_name\" content=\"Animefigurer.se\" \/>\n<meta property=\"article:publisher\" content=\"https:\/\/www.facebook.com\/profile.php?id=61581826539670\" \/>\n<meta property=\"article:modified_time\" content=\"2025-12-21T18:31:56+00:00\" \/>\n<meta property=\"og:image\" content=\"https:\/\/animefigurer.se\/wp-content\/uploads\/2025\/12\/Animefigurer_logowhite.png\" \/>\n\t<meta property=\"og:image:width\" content=\"1890\" \/>\n\t<meta property=\"og:image:height\" content=\"1417\" \/>\n\t<meta property=\"og:image:type\" content=\"image\/png\" \/>\n<meta name=\"twitter:card\" content=\"summary_large_image\" \/>\n<script type=\"application\/ld+json\" class=\"yoast-schema-graph\">{\"@context\":\"https:\\\/\\\/schema.org\",\"@graph\":[{\"@type\":\"WebPage\",\"@id\":\"https:\\\/\\\/animefigurer.se\\\/figurer\\\/monster-hunter\\\/monster-hunter-capcom-figure-builder-vol-2-set-of-10-finger-puppets\\\/\",\"url\":\"https:\\\/\\\/animefigurer.se\\\/figurer\\\/monster-hunter\\\/monster-hunter-capcom-figure-builder-vol-2-set-of-10-finger-puppets\\\/\",\"name\":\"Monster Hunter Capcom Figure Builder Vol.2 Set of 10 Finger Puppets | Animefigurer.se\",\"isPartOf\":{\"@id\":\"https:\\\/\\\/animefigurer.se\\\/#website\"},\"primaryImageOfPage\":{\"@id\":\"https:\\\/\\\/animefigurer.se\\\/figurer\\\/monster-hunter\\\/monster-hunter-capcom-figure-builder-vol-2-set-of-10-finger-puppets\\\/#primaryimage\"},\"image\":{\"@id\":\"https:\\\/\\\/animefigurer.se\\\/figurer\\\/monster-hunter\\\/monster-hunter-capcom-figure-builder-vol-2-set-of-10-finger-puppets\\\/#primaryimage\"},\"thumbnailUrl\":\"https:\\\/\\\/animefigurer.se\\\/wp-content\\\/uploads\\\/2025\\\/10\\\/68b601e48f1c5.jpeg\",\"datePublished\":\"2025-10-20T22:29:01+00:00\",\"dateModified\":\"2025-12-21T18:31:56+00:00\",\"breadcrumb\":{\"@id\":\"https:\\\/\\\/animefigurer.se\\\/figurer\\\/monster-hunter\\\/monster-hunter-capcom-figure-builder-vol-2-set-of-10-finger-puppets\\\/#breadcrumb\"},\"inLanguage\":\"en-GB\",\"potentialAction\":[{\"@type\":\"ReadAction\",\"target\":[\"https:\\\/\\\/animefigurer.se\\\/figurer\\\/monster-hunter\\\/monster-hunter-capcom-figure-builder-vol-2-set-of-10-finger-puppets\\\/\"]}]},{\"@type\":\"ImageObject\",\"inLanguage\":\"en-GB\",\"@id\":\"https:\\\/\\\/animefigurer.se\\\/figurer\\\/monster-hunter\\\/monster-hunter-capcom-figure-builder-vol-2-set-of-10-finger-puppets\\\/#primaryimage\",\"url\":\"https:\\\/\\\/animefigurer.se\\\/wp-content\\\/uploads\\\/2025\\\/10\\\/68b601e48f1c5.jpeg\",\"contentUrl\":\"https:\\\/\\\/animefigurer.se\\\/wp-content\\\/uploads\\\/2025\\\/10\\\/68b601e48f1c5.jpeg\",\"width\":1000,\"height\":750},{\"@type\":\"BreadcrumbList\",\"@id\":\"https:\\\/\\\/animefigurer.se\\\/figurer\\\/monster-hunter\\\/monster-hunter-capcom-figure-builder-vol-2-set-of-10-finger-puppets\\\/#breadcrumb\",\"itemListElement\":[{\"@type\":\"ListItem\",\"position\":1,\"name\":\"Home\",\"item\":\"https:\\\/\\\/animefigurer.se\\\/\"},{\"@type\":\"ListItem\",\"position\":2,\"name\":\"Butik\",\"item\":\"https:\\\/\\\/animefigurer.se\\\/figurer\\\/\"},{\"@type\":\"ListItem\",\"position\":3,\"name\":\"Monster Hunter Capcom Figure Builder Vol.2 Set of 10 Finger Puppets\"}]},{\"@type\":\"WebSite\",\"@id\":\"https:\\\/\\\/animefigurer.se\\\/#website\",\"url\":\"https:\\\/\\\/animefigurer.se\\\/\",\"name\":\"Animefigurer.se\",\"description\":\"Anime figurer fr\u00e5n \u00f6ver 300 olika anime serier med \u00f6ver 9000 produkter | Anime Shop\",\"publisher\":{\"@id\":\"https:\\\/\\\/animefigurer.se\\\/#organization\"},\"potentialAction\":[{\"@type\":\"SearchAction\",\"target\":{\"@type\":\"EntryPoint\",\"urlTemplate\":\"https:\\\/\\\/animefigurer.se\\\/?s={search_term_string}\"},\"query-input\":{\"@type\":\"PropertyValueSpecification\",\"valueRequired\":true,\"valueName\":\"search_term_string\"}}],\"inLanguage\":\"en-GB\"},{\"@type\":\"Organization\",\"@id\":\"https:\\\/\\\/animefigurer.se\\\/#organization\",\"name\":\"Animefigurer.se\",\"alternateName\":\"Anime figurer | Anime shop\",\"url\":\"https:\\\/\\\/animefigurer.se\\\/\",\"logo\":{\"@type\":\"ImageObject\",\"inLanguage\":\"en-GB\",\"@id\":\"https:\\\/\\\/animefigurer.se\\\/#\\\/schema\\\/logo\\\/image\\\/\",\"url\":\"https:\\\/\\\/animefigurer.se\\\/wp-content\\\/uploads\\\/2025\\\/12\\\/Animefigurer_logowhite.png\",\"contentUrl\":\"https:\\\/\\\/animefigurer.se\\\/wp-content\\\/uploads\\\/2025\\\/12\\\/Animefigurer_logowhite.png\",\"width\":1890,\"height\":1417,\"caption\":\"Animefigurer.se\"},\"image\":{\"@id\":\"https:\\\/\\\/animefigurer.se\\\/#\\\/schema\\\/logo\\\/image\\\/\"},\"sameAs\":[\"https:\\\/\\\/www.facebook.com\\\/profile.php?id=61581826539670\",\"https:\\\/\\\/www.instagram.com\\\/animefigurer.se\\\/\"],\"email\":\"info@animefigurer.se\"}]}<\/script>\n<!-- \/ Yoast SEO Premium plugin. -->","yoast_head_json":{"title":"Monster Hunter Capcom Figure Builder Vol.2 Set of 10 Finger Puppets | Animefigurer.se","robots":{"index":"index","follow":"follow","max-snippet":"max-snippet:-1","max-image-preview":"max-image-preview:large","max-video-preview":"max-video-preview:-1"},"canonical":"https:\/\/animefigurer.se\/en\/figurer\/monster-hunter\/monster-hunter-capcom-figure-builder-vol-2-set-of-10-finger-puppets\/","og_locale":"en_GB","og_type":"article","og_title":"Monster Hunter Capcom Figure Builder Vol.2 Set of 10 Finger Puppets","og_description":"Observera att alla l\u00e5dor \u00e4r fabriksf\u00f6rseglade och de enskilda inneh\u00e5llen inte inspekteras \u2014 vi kan inte garantera f\u00f6rpackningsskicket f\u00f6r de artiklar som finns i l\u00e5dan. Fr\u00e5n Monster Hunter kommer Capcom Figure Builder Finger Puppet Monster Hunter Vol.2 i mjuk vinyl. Volym 2 inneh\u00e5ller fingerdockor f","og_url":"https:\/\/animefigurer.se\/en\/figurer\/monster-hunter\/monster-hunter-capcom-figure-builder-vol-2-set-of-10-finger-puppets\/","og_site_name":"Animefigurer.se","article_publisher":"https:\/\/www.facebook.com\/profile.php?id=61581826539670","article_modified_time":"2025-12-21T18:31:56+00:00","og_image":[{"width":1890,"height":1417,"url":"https:\/\/animefigurer.se\/wp-content\/uploads\/2025\/12\/Animefigurer_logowhite.png","type":"image\/png"}],"twitter_card":"summary_large_image","schema":{"@context":"https:\/\/schema.org","@graph":[{"@type":"WebPage","@id":"https:\/\/animefigurer.se\/figurer\/monster-hunter\/monster-hunter-capcom-figure-builder-vol-2-set-of-10-finger-puppets\/","url":"https:\/\/animefigurer.se\/figurer\/monster-hunter\/monster-hunter-capcom-figure-builder-vol-2-set-of-10-finger-puppets\/","name":"Monster Hunter Capcom Figure Builder Vol.2 Set of 10 Finger Puppets | Animefigurer.se","isPartOf":{"@id":"https:\/\/animefigurer.se\/#website"},"primaryImageOfPage":{"@id":"https:\/\/animefigurer.se\/figurer\/monster-hunter\/monster-hunter-capcom-figure-builder-vol-2-set-of-10-finger-puppets\/#primaryimage"},"image":{"@id":"https:\/\/animefigurer.se\/figurer\/monster-hunter\/monster-hunter-capcom-figure-builder-vol-2-set-of-10-finger-puppets\/#primaryimage"},"thumbnailUrl":"https:\/\/animefigurer.se\/wp-content\/uploads\/2025\/10\/68b601e48f1c5.jpeg","datePublished":"2025-10-20T22:29:01+00:00","dateModified":"2025-12-21T18:31:56+00:00","breadcrumb":{"@id":"https:\/\/animefigurer.se\/figurer\/monster-hunter\/monster-hunter-capcom-figure-builder-vol-2-set-of-10-finger-puppets\/#breadcrumb"},"inLanguage":"en-GB","potentialAction":[{"@type":"ReadAction","target":["https:\/\/animefigurer.se\/figurer\/monster-hunter\/monster-hunter-capcom-figure-builder-vol-2-set-of-10-finger-puppets\/"]}]},{"@type":"ImageObject","inLanguage":"en-GB","@id":"https:\/\/animefigurer.se\/figurer\/monster-hunter\/monster-hunter-capcom-figure-builder-vol-2-set-of-10-finger-puppets\/#primaryimage","url":"https:\/\/animefigurer.se\/wp-content\/uploads\/2025\/10\/68b601e48f1c5.jpeg","contentUrl":"https:\/\/animefigurer.se\/wp-content\/uploads\/2025\/10\/68b601e48f1c5.jpeg","width":1000,"height":750},{"@type":"BreadcrumbList","@id":"https:\/\/animefigurer.se\/figurer\/monster-hunter\/monster-hunter-capcom-figure-builder-vol-2-set-of-10-finger-puppets\/#breadcrumb","itemListElement":[{"@type":"ListItem","position":1,"name":"Home","item":"https:\/\/animefigurer.se\/"},{"@type":"ListItem","position":2,"name":"Butik","item":"https:\/\/animefigurer.se\/figurer\/"},{"@type":"ListItem","position":3,"name":"Monster Hunter Capcom Figure Builder Vol.2 Set of 10 Finger Puppets"}]},{"@type":"WebSite","@id":"https:\/\/animefigurer.se\/#website","url":"https:\/\/animefigurer.se\/","name":"Animefigurer.se","description":"Anime figures from over 300 different anime series with over 9000 products | Anime Shop","publisher":{"@id":"https:\/\/animefigurer.se\/#organization"},"potentialAction":[{"@type":"SearchAction","target":{"@type":"EntryPoint","urlTemplate":"https:\/\/animefigurer.se\/?s={search_term_string}"},"query-input":{"@type":"PropertyValueSpecification","valueRequired":true,"valueName":"search_term_string"}}],"inLanguage":"en-GB"},{"@type":"Organization","@id":"https:\/\/animefigurer.se\/#organization","name":"Animefigurer.se","alternateName":"Anime figurer | Anime shop","url":"https:\/\/animefigurer.se\/","logo":{"@type":"ImageObject","inLanguage":"en-GB","@id":"https:\/\/animefigurer.se\/#\/schema\/logo\/image\/","url":"https:\/\/animefigurer.se\/wp-content\/uploads\/2025\/12\/Animefigurer_logowhite.png","contentUrl":"https:\/\/animefigurer.se\/wp-content\/uploads\/2025\/12\/Animefigurer_logowhite.png","width":1890,"height":1417,"caption":"Animefigurer.se"},"image":{"@id":"https:\/\/animefigurer.se\/#\/schema\/logo\/image\/"},"sameAs":["https:\/\/www.facebook.com\/profile.php?id=61581826539670","https:\/\/www.instagram.com\/animefigurer.se\/"],"email":"info@animefigurer.se"}]}},"_links":{"self":[{"href":"https:\/\/animefigurer.se\/en\/wp-json\/wp\/v2\/product\/45175","targetHints":{"allow":["GET"]}}],"collection":[{"href":"https:\/\/animefigurer.se\/en\/wp-json\/wp\/v2\/product"}],"about":[{"href":"https:\/\/animefigurer.se\/en\/wp-json\/wp\/v2\/types\/product"}],"replies":[{"embeddable":true,"href":"https:\/\/animefigurer.se\/en\/wp-json\/wp\/v2\/comments?post=45175"}],"wp:featuredmedia":[{"embeddable":true,"href":"https:\/\/animefigurer.se\/en\/wp-json\/wp\/v2\/media\/45176"}],"wp:attachment":[{"href":"https:\/\/animefigurer.se\/en\/wp-json\/wp\/v2\/media?parent=45175"}],"wp:term":[{"taxonomy":"product_brand","embeddable":true,"href":"https:\/\/animefigurer.se\/en\/wp-json\/wp\/v2\/product_brand?post=45175"},{"taxonomy":"product_cat","embeddable":true,"href":"https:\/\/animefigurer.se\/en\/wp-json\/wp\/v2\/product_cat?post=45175"},{"taxonomy":"product_tag","embeddable":true,"href":"https:\/\/animefigurer.se\/en\/wp-json\/wp\/v2\/product_tag?post=45175"},{"taxonomy":"giftcard-category","embeddable":true,"href":"https:\/\/animefigurer.se\/en\/wp-json\/wp\/v2\/giftcard-category?post=45175"}],"curies":[{"name":"wp","href":"https:\/\/api.w.org\/{rel}","templated":true}]}}