{"id":44714,"date":"2025-10-21T00:14:32","date_gmt":"2025-10-20T22:14:32","guid":{"rendered":"https:\/\/animefigurer.se\/produkt\/minecraft-monitor-buddiez-bee-and-chicken-vinyl-figure-set\/"},"modified":"2025-12-21T19:31:53","modified_gmt":"2025-12-21T18:31:53","slug":"minecraft-monitor-buddiez-bee-and-chicken-vinyl-figure-set","status":"publish","type":"product","link":"https:\/\/animefigurer.se\/en\/figurer\/minecraft\/minecraft-monitor-buddiez-bee-and-chicken-vinyl-figure-set\/","title":{"rendered":"Minecraft Monitor Buddiez Bee and Chicken Vinyl Figure Set"},"content":{"rendered":"<p>The birds and bees return as Monitor Buddiez! Available in two sizes (approximately 1.6 and 2.1 inches tall), the little bee lies flat on its yellow and brown striped body with bright blue pupils beneath black antennae, while white wings protrude from its back. The hen stands happily on yellow feet, with a matching beak and short wings adorning its angular body.<\/p>\n<p>These cute companions are perfect for your desk or next to your screen to spread joy. They come in a carefully designed box with the inside covered in green and brown earth blocks. The outside shows them sitting on top of a computer screen while chickens and bees play in a wooden enclosure. The figures are visible through the large transparent display window on the front.<\/p>","protected":false},"excerpt":{"rendered":"<p>The birds and the bees return as Monitor Buddiez! Available in two sizes (approximately 1.6 and 2.1 inches tall), the little bee lies flat on its yellow and brown striped body with bright blue pupils under black antennae, while white wings protrude from its back. The hen stands happily on yellow feet, with matching <\/p>","protected":false},"featured_media":44715,"comment_status":"closed","ping_status":"open","template":"","meta":{"_acf_changed":false,"_monsterinsights_skip_tracking":false,"_monsterinsights_sitenote_active":false,"_monsterinsights_sitenote_note":"","_monsterinsights_sitenote_category":0},"product_brand":[7189],"product_cat":[3785,7233],"product_tag":[26],"giftcard-category":[],"class_list":{"0":"post-44714","1":"product","2":"type-product","3":"status-publish","4":"has-post-thumbnail","6":"product_brand-youtooz","7":"product_cat-minecraft","8":"product_cat-pre-order","9":"product_tag-pre-order","10":"pa_franchise-minecraft","11":"pa_karaktar-bee-and-chicken","12":"pa_material-vinyl","13":"pa_storlek-5-cm","15":"first","16":"instock","17":"taxable","18":"shipping-taxable","19":"purchasable","20":"product-type-simple"},"acf":[],"yoast_head":"<!-- This site is optimized with the Yoast SEO Premium plugin v24.6 (Yoast SEO v27.3) - https:\/\/yoast.com\/product\/yoast-seo-premium-wordpress\/ -->\n<title>Minecraft Monitor Buddiez Bee and Chicken Vinyl Figure Set | Animefigurer.se<\/title>\n<meta name=\"robots\" content=\"index, follow, max-snippet:-1, max-image-preview:large, max-video-preview:-1\" \/>\n<link rel=\"canonical\" href=\"https:\/\/animefigurer.se\/en\/figurer\/minecraft\/minecraft-monitor-buddiez-bee-and-chicken-vinyl-figure-set\/\" \/>\n<meta property=\"og:locale\" content=\"en_GB\" \/>\n<meta property=\"og:type\" content=\"article\" \/>\n<meta property=\"og:title\" content=\"Minecraft Monitor Buddiez Bee and Chicken Vinyl Figure Set\" \/>\n<meta property=\"og:description\" content=\"F\u00e5glarna och bina \u00e5terv\u00e4nder som Monitor Buddiez! Den lilla biet finns i tv\u00e5 storlekar (cirka 1,6 och 2,1 tum h\u00f6ga) och ligger platt p\u00e5 sin gul- och brunrandiga kropp med ljusbl\u00e5 pupiller under svarta antenner, medan vita vingar sticker ut fr\u00e5n ryggen. H\u00f6nan st\u00e5r glatt p\u00e5 gula f\u00f6tter, med matchande\" \/>\n<meta property=\"og:url\" content=\"https:\/\/animefigurer.se\/en\/figurer\/minecraft\/minecraft-monitor-buddiez-bee-and-chicken-vinyl-figure-set\/\" \/>\n<meta property=\"og:site_name\" content=\"Animefigurer.se\" \/>\n<meta property=\"article:publisher\" content=\"https:\/\/www.facebook.com\/profile.php?id=61581826539670\" \/>\n<meta property=\"article:modified_time\" content=\"2025-12-21T18:31:53+00:00\" \/>\n<meta property=\"og:image\" content=\"https:\/\/animefigurer.se\/wp-content\/uploads\/2025\/12\/Animefigurer_logowhite.png\" \/>\n\t<meta property=\"og:image:width\" content=\"1890\" \/>\n\t<meta property=\"og:image:height\" content=\"1417\" \/>\n\t<meta property=\"og:image:type\" content=\"image\/png\" \/>\n<meta name=\"twitter:card\" content=\"summary_large_image\" \/>\n<meta name=\"twitter:label1\" content=\"Estimated reading time\" \/>\n\t<meta name=\"twitter:data1\" content=\"1 minute\" \/>\n<script type=\"application\/ld+json\" class=\"yoast-schema-graph\">{\"@context\":\"https:\\\/\\\/schema.org\",\"@graph\":[{\"@type\":\"WebPage\",\"@id\":\"https:\\\/\\\/animefigurer.se\\\/figurer\\\/minecraft\\\/minecraft-monitor-buddiez-bee-and-chicken-vinyl-figure-set\\\/\",\"url\":\"https:\\\/\\\/animefigurer.se\\\/figurer\\\/minecraft\\\/minecraft-monitor-buddiez-bee-and-chicken-vinyl-figure-set\\\/\",\"name\":\"Minecraft Monitor Buddiez Bee and Chicken Vinyl Figure Set | Animefigurer.se\",\"isPartOf\":{\"@id\":\"https:\\\/\\\/animefigurer.se\\\/#website\"},\"primaryImageOfPage\":{\"@id\":\"https:\\\/\\\/animefigurer.se\\\/figurer\\\/minecraft\\\/minecraft-monitor-buddiez-bee-and-chicken-vinyl-figure-set\\\/#primaryimage\"},\"image\":{\"@id\":\"https:\\\/\\\/animefigurer.se\\\/figurer\\\/minecraft\\\/minecraft-monitor-buddiez-bee-and-chicken-vinyl-figure-set\\\/#primaryimage\"},\"thumbnailUrl\":\"https:\\\/\\\/animefigurer.se\\\/wp-content\\\/uploads\\\/2025\\\/10\\\/68001d58a991f.jpeg\",\"datePublished\":\"2025-10-20T22:14:32+00:00\",\"dateModified\":\"2025-12-21T18:31:53+00:00\",\"breadcrumb\":{\"@id\":\"https:\\\/\\\/animefigurer.se\\\/figurer\\\/minecraft\\\/minecraft-monitor-buddiez-bee-and-chicken-vinyl-figure-set\\\/#breadcrumb\"},\"inLanguage\":\"en-GB\",\"potentialAction\":[{\"@type\":\"ReadAction\",\"target\":[\"https:\\\/\\\/animefigurer.se\\\/figurer\\\/minecraft\\\/minecraft-monitor-buddiez-bee-and-chicken-vinyl-figure-set\\\/\"]}]},{\"@type\":\"ImageObject\",\"inLanguage\":\"en-GB\",\"@id\":\"https:\\\/\\\/animefigurer.se\\\/figurer\\\/minecraft\\\/minecraft-monitor-buddiez-bee-and-chicken-vinyl-figure-set\\\/#primaryimage\",\"url\":\"https:\\\/\\\/animefigurer.se\\\/wp-content\\\/uploads\\\/2025\\\/10\\\/68001d58a991f.jpeg\",\"contentUrl\":\"https:\\\/\\\/animefigurer.se\\\/wp-content\\\/uploads\\\/2025\\\/10\\\/68001d58a991f.jpeg\",\"width\":720,\"height\":540},{\"@type\":\"BreadcrumbList\",\"@id\":\"https:\\\/\\\/animefigurer.se\\\/figurer\\\/minecraft\\\/minecraft-monitor-buddiez-bee-and-chicken-vinyl-figure-set\\\/#breadcrumb\",\"itemListElement\":[{\"@type\":\"ListItem\",\"position\":1,\"name\":\"Home\",\"item\":\"https:\\\/\\\/animefigurer.se\\\/\"},{\"@type\":\"ListItem\",\"position\":2,\"name\":\"Butik\",\"item\":\"https:\\\/\\\/animefigurer.se\\\/figurer\\\/\"},{\"@type\":\"ListItem\",\"position\":3,\"name\":\"Minecraft Monitor Buddiez Bee and Chicken Vinyl Figure Set\"}]},{\"@type\":\"WebSite\",\"@id\":\"https:\\\/\\\/animefigurer.se\\\/#website\",\"url\":\"https:\\\/\\\/animefigurer.se\\\/\",\"name\":\"Animefigurer.se\",\"description\":\"Anime figurer fr\u00e5n \u00f6ver 300 olika anime serier med \u00f6ver 9000 produkter | Anime Shop\",\"publisher\":{\"@id\":\"https:\\\/\\\/animefigurer.se\\\/#organization\"},\"potentialAction\":[{\"@type\":\"SearchAction\",\"target\":{\"@type\":\"EntryPoint\",\"urlTemplate\":\"https:\\\/\\\/animefigurer.se\\\/?s={search_term_string}\"},\"query-input\":{\"@type\":\"PropertyValueSpecification\",\"valueRequired\":true,\"valueName\":\"search_term_string\"}}],\"inLanguage\":\"en-GB\"},{\"@type\":\"Organization\",\"@id\":\"https:\\\/\\\/animefigurer.se\\\/#organization\",\"name\":\"Animefigurer.se\",\"alternateName\":\"Anime figurer | Anime shop\",\"url\":\"https:\\\/\\\/animefigurer.se\\\/\",\"logo\":{\"@type\":\"ImageObject\",\"inLanguage\":\"en-GB\",\"@id\":\"https:\\\/\\\/animefigurer.se\\\/#\\\/schema\\\/logo\\\/image\\\/\",\"url\":\"https:\\\/\\\/animefigurer.se\\\/wp-content\\\/uploads\\\/2025\\\/12\\\/Animefigurer_logowhite.png\",\"contentUrl\":\"https:\\\/\\\/animefigurer.se\\\/wp-content\\\/uploads\\\/2025\\\/12\\\/Animefigurer_logowhite.png\",\"width\":1890,\"height\":1417,\"caption\":\"Animefigurer.se\"},\"image\":{\"@id\":\"https:\\\/\\\/animefigurer.se\\\/#\\\/schema\\\/logo\\\/image\\\/\"},\"sameAs\":[\"https:\\\/\\\/www.facebook.com\\\/profile.php?id=61581826539670\",\"https:\\\/\\\/www.instagram.com\\\/animefigurer.se\\\/\"],\"email\":\"info@animefigurer.se\"}]}<\/script>\n<!-- \/ Yoast SEO Premium plugin. -->","yoast_head_json":{"title":"Minecraft Monitor Buddiez Bee and Chicken Vinyl Figure Set | Animefigurer.se","robots":{"index":"index","follow":"follow","max-snippet":"max-snippet:-1","max-image-preview":"max-image-preview:large","max-video-preview":"max-video-preview:-1"},"canonical":"https:\/\/animefigurer.se\/en\/figurer\/minecraft\/minecraft-monitor-buddiez-bee-and-chicken-vinyl-figure-set\/","og_locale":"en_GB","og_type":"article","og_title":"Minecraft Monitor Buddiez Bee and Chicken Vinyl Figure Set","og_description":"F\u00e5glarna och bina \u00e5terv\u00e4nder som Monitor Buddiez! Den lilla biet finns i tv\u00e5 storlekar (cirka 1,6 och 2,1 tum h\u00f6ga) och ligger platt p\u00e5 sin gul- och brunrandiga kropp med ljusbl\u00e5 pupiller under svarta antenner, medan vita vingar sticker ut fr\u00e5n ryggen. H\u00f6nan st\u00e5r glatt p\u00e5 gula f\u00f6tter, med matchande","og_url":"https:\/\/animefigurer.se\/en\/figurer\/minecraft\/minecraft-monitor-buddiez-bee-and-chicken-vinyl-figure-set\/","og_site_name":"Animefigurer.se","article_publisher":"https:\/\/www.facebook.com\/profile.php?id=61581826539670","article_modified_time":"2025-12-21T18:31:53+00:00","og_image":[{"width":1890,"height":1417,"url":"https:\/\/animefigurer.se\/wp-content\/uploads\/2025\/12\/Animefigurer_logowhite.png","type":"image\/png"}],"twitter_card":"summary_large_image","twitter_misc":{"Estimated reading time":"1 minute"},"schema":{"@context":"https:\/\/schema.org","@graph":[{"@type":"WebPage","@id":"https:\/\/animefigurer.se\/figurer\/minecraft\/minecraft-monitor-buddiez-bee-and-chicken-vinyl-figure-set\/","url":"https:\/\/animefigurer.se\/figurer\/minecraft\/minecraft-monitor-buddiez-bee-and-chicken-vinyl-figure-set\/","name":"Minecraft Monitor Buddiez Bee and Chicken Vinyl Figure Set | Animefigurer.se","isPartOf":{"@id":"https:\/\/animefigurer.se\/#website"},"primaryImageOfPage":{"@id":"https:\/\/animefigurer.se\/figurer\/minecraft\/minecraft-monitor-buddiez-bee-and-chicken-vinyl-figure-set\/#primaryimage"},"image":{"@id":"https:\/\/animefigurer.se\/figurer\/minecraft\/minecraft-monitor-buddiez-bee-and-chicken-vinyl-figure-set\/#primaryimage"},"thumbnailUrl":"https:\/\/animefigurer.se\/wp-content\/uploads\/2025\/10\/68001d58a991f.jpeg","datePublished":"2025-10-20T22:14:32+00:00","dateModified":"2025-12-21T18:31:53+00:00","breadcrumb":{"@id":"https:\/\/animefigurer.se\/figurer\/minecraft\/minecraft-monitor-buddiez-bee-and-chicken-vinyl-figure-set\/#breadcrumb"},"inLanguage":"en-GB","potentialAction":[{"@type":"ReadAction","target":["https:\/\/animefigurer.se\/figurer\/minecraft\/minecraft-monitor-buddiez-bee-and-chicken-vinyl-figure-set\/"]}]},{"@type":"ImageObject","inLanguage":"en-GB","@id":"https:\/\/animefigurer.se\/figurer\/minecraft\/minecraft-monitor-buddiez-bee-and-chicken-vinyl-figure-set\/#primaryimage","url":"https:\/\/animefigurer.se\/wp-content\/uploads\/2025\/10\/68001d58a991f.jpeg","contentUrl":"https:\/\/animefigurer.se\/wp-content\/uploads\/2025\/10\/68001d58a991f.jpeg","width":720,"height":540},{"@type":"BreadcrumbList","@id":"https:\/\/animefigurer.se\/figurer\/minecraft\/minecraft-monitor-buddiez-bee-and-chicken-vinyl-figure-set\/#breadcrumb","itemListElement":[{"@type":"ListItem","position":1,"name":"Home","item":"https:\/\/animefigurer.se\/"},{"@type":"ListItem","position":2,"name":"Butik","item":"https:\/\/animefigurer.se\/figurer\/"},{"@type":"ListItem","position":3,"name":"Minecraft Monitor Buddiez Bee and Chicken Vinyl Figure Set"}]},{"@type":"WebSite","@id":"https:\/\/animefigurer.se\/#website","url":"https:\/\/animefigurer.se\/","name":"Animefigurer.se","description":"Anime figures from over 300 different anime series with over 9000 products | Anime Shop","publisher":{"@id":"https:\/\/animefigurer.se\/#organization"},"potentialAction":[{"@type":"SearchAction","target":{"@type":"EntryPoint","urlTemplate":"https:\/\/animefigurer.se\/?s={search_term_string}"},"query-input":{"@type":"PropertyValueSpecification","valueRequired":true,"valueName":"search_term_string"}}],"inLanguage":"en-GB"},{"@type":"Organization","@id":"https:\/\/animefigurer.se\/#organization","name":"Animefigurer.se","alternateName":"Anime figurer | Anime shop","url":"https:\/\/animefigurer.se\/","logo":{"@type":"ImageObject","inLanguage":"en-GB","@id":"https:\/\/animefigurer.se\/#\/schema\/logo\/image\/","url":"https:\/\/animefigurer.se\/wp-content\/uploads\/2025\/12\/Animefigurer_logowhite.png","contentUrl":"https:\/\/animefigurer.se\/wp-content\/uploads\/2025\/12\/Animefigurer_logowhite.png","width":1890,"height":1417,"caption":"Animefigurer.se"},"image":{"@id":"https:\/\/animefigurer.se\/#\/schema\/logo\/image\/"},"sameAs":["https:\/\/www.facebook.com\/profile.php?id=61581826539670","https:\/\/www.instagram.com\/animefigurer.se\/"],"email":"info@animefigurer.se"}]}},"_links":{"self":[{"href":"https:\/\/animefigurer.se\/en\/wp-json\/wp\/v2\/product\/44714","targetHints":{"allow":["GET"]}}],"collection":[{"href":"https:\/\/animefigurer.se\/en\/wp-json\/wp\/v2\/product"}],"about":[{"href":"https:\/\/animefigurer.se\/en\/wp-json\/wp\/v2\/types\/product"}],"replies":[{"embeddable":true,"href":"https:\/\/animefigurer.se\/en\/wp-json\/wp\/v2\/comments?post=44714"}],"wp:featuredmedia":[{"embeddable":true,"href":"https:\/\/animefigurer.se\/en\/wp-json\/wp\/v2\/media\/44715"}],"wp:attachment":[{"href":"https:\/\/animefigurer.se\/en\/wp-json\/wp\/v2\/media?parent=44714"}],"wp:term":[{"taxonomy":"product_brand","embeddable":true,"href":"https:\/\/animefigurer.se\/en\/wp-json\/wp\/v2\/product_brand?post=44714"},{"taxonomy":"product_cat","embeddable":true,"href":"https:\/\/animefigurer.se\/en\/wp-json\/wp\/v2\/product_cat?post=44714"},{"taxonomy":"product_tag","embeddable":true,"href":"https:\/\/animefigurer.se\/en\/wp-json\/wp\/v2\/product_tag?post=44714"},{"taxonomy":"giftcard-category","embeddable":true,"href":"https:\/\/animefigurer.se\/en\/wp-json\/wp\/v2\/giftcard-category?post=44714"}],"curies":[{"name":"wp","href":"https:\/\/api.w.org\/{rel}","templated":true}]}}