{"id":44679,"date":"2025-10-21T00:13:44","date_gmt":"2025-10-20T22:13:44","guid":{"rendered":"https:\/\/animefigurer.se\/produkt\/power-rangers-zeo-figzero-zeo-ranger-iii-blue-1-6-scale-figure\/"},"modified":"2025-12-21T19:31:53","modified_gmt":"2025-12-21T18:31:53","slug":"power-rangers-zeo-figzero-zeo-ranger-iii-blue-1-6-scale-figure","status":"publish","type":"product","link":"https:\/\/animefigurer.se\/en\/figurer\/mighty-morphin-power-rangers\/power-rangers-zeo-figzero-zeo-ranger-iii-blue-1-6-scale-figure\/","title":{"rendered":"Power Rangers Zeo FigZero Zeo Ranger III Blue 1\/6 Scale Figure"},"content":{"rendered":"<p>\u201d&quot;You have now become Power Rangers Zeo, the next level in the fight against evil!&quot;\u201d<\/p>\n<p>From the fourth season of Power Rangers, threezero and Hasbro present the FigZero Power Rangers Zeo collection. With the power of the Zeo Crystal, the team becomes more powerful than ever.<\/p>\n<p>The FigZero 1\/6 Zeo Ranger III Blue stands approximately 12.08 inches (~30.7 cm) tall and features full articulation \u2014 approximately 34 points \u2014 for creating dramatic poses.<\/p>\n<p>The costume is meticulously crafted and consists of a Zeo Ranger III blue helmet, Zeo Ranger III blue suit, a pair of forearm guards, belt with holster and scabbard, and boots. The combination of fabric and plastic gives a believable look and the high-precision sculpting highlights the character&#039;s details.<\/p>\n<p>Zeo Ranger III Blue comes with his signature Power Tonfas weapons, which are designed for both close and long range. Each Zeo Ranger also includes a Zeo Laser Pistol and a Zeo Power Pod Sword \u2014 these can be combined to form an Advanced Zeo Laser Pistol. The figure comes with an interchangeable sword guard and five sets of interchangeable hands for varied display.<\/p>\n<p>FEATURES<\/p>\n<p>\u2013 Officially licensed by Hasbro<br \/>\n\u2013 Approximately 11.6 inches (~29.5 cm) long<br \/>\n\u2013 Fully articulated with approximately 34 points of articulation<br \/>\n\u2013 Costume in combination of fabric and plastic<br \/>\n\u2013 Intricately sculpted with high-precision details<br \/>\n\u2013 Zeo Laser Pistol can be combined with Zeo Power Pod Sword to create an Advanced Zeo Laser Pistol<\/p>\n<p>SUIT<\/p>\n<p>\u2013 1 x Zeo Ranger III blue helmet<br \/>\n\u2013 1 x Zeo Ranger III blue suit<br \/>\n\u2013 1 x Pair of forearm protectors<br \/>\n\u2013 1 x Belt with holster and sheath<br \/>\n\u2013 1 x Pair of boots<\/p>\n<p>ACCESSORIES<\/p>\n<p>\u2013 1 x Zeo III Power Tone Phase<br \/>\n\u2013 1 x Zeo Laser Pistol<br \/>\n\u2013 1 x Zeo Power Pod Sword<br \/>\n\u2013 1 x Replaceable sword guard<br \/>\n\u2013 1 x Zeo Blaster mounting part<br \/>\n\u2013 5 x sets of interchangeable hands: one (1) left relaxed hand, one (1) pair of fists, one (1) pair of sword-holding hands, one (1) right pistol-holding hand, one (1) left posing hand.<\/p>","protected":false},"excerpt":{"rendered":"<p>\u201d&quot;You have now become Power Rangers Zeo, the next level in the fight against evil!&quot;\u201d<\/p>\n<p>From the fourth season of Power Rangers, threezero and Hasbro present the FigZero Power Rangers Zeo collection. With the power of the Zeo Crystal, the team becomes more powerful than ever.<\/p>\n<p>FigZero 1\/6 Zeo Ranger III Blue is approximately 12.08 inches (~<\/p>","protected":false},"featured_media":44680,"comment_status":"closed","ping_status":"open","template":"","meta":{"_acf_changed":false,"_monsterinsights_skip_tracking":false,"_monsterinsights_sitenote_active":false,"_monsterinsights_sitenote_note":"","_monsterinsights_sitenote_category":0},"product_brand":[7164],"product_cat":[3771],"product_tag":[24],"giftcard-category":[],"class_list":{"0":"post-44679","1":"product","2":"type-product","3":"status-publish","4":"has-post-thumbnail","6":"product_brand-threezero","7":"product_cat-mighty-morphin-power-rangers","8":"product_tag-2-3-weeks","9":"pa_franchise-power-rangers-zeo","10":"pa_karaktar-zeo-ranger-iii-blue","11":"pa_material-plastic","12":"pa_produktserie-figzero","13":"pa_skala-57","14":"pa_storlek-30-cm","16":"first","17":"instock","18":"taxable","19":"shipping-taxable","20":"purchasable","21":"product-type-simple"},"acf":[],"yoast_head":"<!-- This site is optimized with the Yoast SEO Premium plugin v24.6 (Yoast SEO v27.4) - https:\/\/yoast.com\/product\/yoast-seo-premium-wordpress\/ -->\n<title>Power Rangers Zeo FigZero Zeo Ranger III Blue 1\/6 Scale Figure | Animefigurer.se<\/title>\n<meta name=\"robots\" content=\"index, follow, max-snippet:-1, max-image-preview:large, max-video-preview:-1\" \/>\n<link rel=\"canonical\" href=\"https:\/\/animefigurer.se\/en\/figurer\/mighty-morphin-power-rangers\/power-rangers-zeo-figzero-zeo-ranger-iii-blue-1-6-scale-figure\/\" \/>\n<meta property=\"og:locale\" content=\"en_GB\" \/>\n<meta property=\"og:type\" content=\"article\" \/>\n<meta property=\"og:title\" content=\"Power Rangers Zeo FigZero Zeo Ranger III Blue 1\/6 Scale Figure\" \/>\n<meta property=\"og:description\" content=\"&quot;Du har nu blivit Power Rangers Zeo, n\u00e4sta niv\u00e5 i kampen mot ondskan!&quot; Fr\u00e5n fj\u00e4rde s\u00e4songen av Power Rangers presenterar threezero och Hasbro FigZero Power Rangers Zeo-kollektionen. Med Zeo Crystals kraft blir teamet mer kraftfullt \u00e4n tidigare. FigZero 1\/6 Zeo Ranger III Blue \u00e4r cirka 12,08 tum (~\" \/>\n<meta property=\"og:url\" content=\"https:\/\/animefigurer.se\/en\/figurer\/mighty-morphin-power-rangers\/power-rangers-zeo-figzero-zeo-ranger-iii-blue-1-6-scale-figure\/\" \/>\n<meta property=\"og:site_name\" content=\"Animefigurer.se\" \/>\n<meta property=\"article:publisher\" content=\"https:\/\/www.facebook.com\/profile.php?id=61581826539670\" \/>\n<meta property=\"article:modified_time\" content=\"2025-12-21T18:31:53+00:00\" \/>\n<meta property=\"og:image\" content=\"https:\/\/animefigurer.se\/wp-content\/uploads\/2025\/12\/Animefigurer_logowhite.png\" \/>\n\t<meta property=\"og:image:width\" content=\"1890\" \/>\n\t<meta property=\"og:image:height\" content=\"1417\" \/>\n\t<meta property=\"og:image:type\" content=\"image\/png\" \/>\n<meta name=\"twitter:card\" content=\"summary_large_image\" \/>\n<meta name=\"twitter:label1\" content=\"Estimated reading time\" \/>\n\t<meta name=\"twitter:data1\" content=\"2 minutes\" \/>\n<script type=\"application\/ld+json\" class=\"yoast-schema-graph\">{\"@context\":\"https:\\\/\\\/schema.org\",\"@graph\":[{\"@type\":\"WebPage\",\"@id\":\"https:\\\/\\\/animefigurer.se\\\/en\\\/figurer\\\/mighty-morphin-power-rangers\\\/power-rangers-zeo-figzero-zeo-ranger-iii-blue-1-6-scale-figure\\\/\",\"url\":\"https:\\\/\\\/animefigurer.se\\\/en\\\/figurer\\\/mighty-morphin-power-rangers\\\/power-rangers-zeo-figzero-zeo-ranger-iii-blue-1-6-scale-figure\\\/\",\"name\":\"Power Rangers Zeo FigZero Zeo Ranger III Blue 1\\\/6 Scale Figure | Animefigurer.se\",\"isPartOf\":{\"@id\":\"https:\\\/\\\/animefigurer.se\\\/#website\"},\"primaryImageOfPage\":{\"@id\":\"https:\\\/\\\/animefigurer.se\\\/en\\\/figurer\\\/mighty-morphin-power-rangers\\\/power-rangers-zeo-figzero-zeo-ranger-iii-blue-1-6-scale-figure\\\/#primaryimage\"},\"image\":{\"@id\":\"https:\\\/\\\/animefigurer.se\\\/en\\\/figurer\\\/mighty-morphin-power-rangers\\\/power-rangers-zeo-figzero-zeo-ranger-iii-blue-1-6-scale-figure\\\/#primaryimage\"},\"thumbnailUrl\":\"https:\\\/\\\/animefigurer.se\\\/wp-content\\\/uploads\\\/2025\\\/10\\\/65a7e9d3973a1.jpeg\",\"datePublished\":\"2025-10-20T22:13:44+00:00\",\"dateModified\":\"2025-12-21T18:31:53+00:00\",\"breadcrumb\":{\"@id\":\"https:\\\/\\\/animefigurer.se\\\/en\\\/figurer\\\/mighty-morphin-power-rangers\\\/power-rangers-zeo-figzero-zeo-ranger-iii-blue-1-6-scale-figure\\\/#breadcrumb\"},\"inLanguage\":\"en-GB\",\"potentialAction\":[{\"@type\":\"ReadAction\",\"target\":[\"https:\\\/\\\/animefigurer.se\\\/en\\\/figurer\\\/mighty-morphin-power-rangers\\\/power-rangers-zeo-figzero-zeo-ranger-iii-blue-1-6-scale-figure\\\/\"]}]},{\"@type\":\"ImageObject\",\"inLanguage\":\"en-GB\",\"@id\":\"https:\\\/\\\/animefigurer.se\\\/en\\\/figurer\\\/mighty-morphin-power-rangers\\\/power-rangers-zeo-figzero-zeo-ranger-iii-blue-1-6-scale-figure\\\/#primaryimage\",\"url\":\"https:\\\/\\\/animefigurer.se\\\/wp-content\\\/uploads\\\/2025\\\/10\\\/65a7e9d3973a1.jpeg\",\"contentUrl\":\"https:\\\/\\\/animefigurer.se\\\/wp-content\\\/uploads\\\/2025\\\/10\\\/65a7e9d3973a1.jpeg\",\"width\":720,\"height\":540},{\"@type\":\"BreadcrumbList\",\"@id\":\"https:\\\/\\\/animefigurer.se\\\/en\\\/figurer\\\/mighty-morphin-power-rangers\\\/power-rangers-zeo-figzero-zeo-ranger-iii-blue-1-6-scale-figure\\\/#breadcrumb\",\"itemListElement\":[{\"@type\":\"ListItem\",\"position\":1,\"name\":\"Home\",\"item\":\"https:\\\/\\\/animefigurer.se\\\/\"},{\"@type\":\"ListItem\",\"position\":2,\"name\":\"Butik\",\"item\":\"https:\\\/\\\/animefigurer.se\\\/figurer\\\/\"},{\"@type\":\"ListItem\",\"position\":3,\"name\":\"Power Rangers Zeo FigZero Zeo Ranger III Blue 1\\\/6 Scale Figure\"}]},{\"@type\":\"WebSite\",\"@id\":\"https:\\\/\\\/animefigurer.se\\\/#website\",\"url\":\"https:\\\/\\\/animefigurer.se\\\/\",\"name\":\"Animefigurer.se\",\"description\":\"Anime figurer fr\u00e5n \u00f6ver 300 olika anime serier med \u00f6ver 9000 produkter | Anime Shop\",\"publisher\":{\"@id\":\"https:\\\/\\\/animefigurer.se\\\/#organization\"},\"potentialAction\":[{\"@type\":\"SearchAction\",\"target\":{\"@type\":\"EntryPoint\",\"urlTemplate\":\"https:\\\/\\\/animefigurer.se\\\/?s={search_term_string}\"},\"query-input\":{\"@type\":\"PropertyValueSpecification\",\"valueRequired\":true,\"valueName\":\"search_term_string\"}}],\"inLanguage\":\"en-GB\"},{\"@type\":\"Organization\",\"@id\":\"https:\\\/\\\/animefigurer.se\\\/#organization\",\"name\":\"Animefigurer.se\",\"alternateName\":\"Anime figurer | Anime shop\",\"url\":\"https:\\\/\\\/animefigurer.se\\\/\",\"logo\":{\"@type\":\"ImageObject\",\"inLanguage\":\"en-GB\",\"@id\":\"https:\\\/\\\/animefigurer.se\\\/#\\\/schema\\\/logo\\\/image\\\/\",\"url\":\"https:\\\/\\\/animefigurer.se\\\/wp-content\\\/uploads\\\/2025\\\/12\\\/Animefigurer_logowhite.png\",\"contentUrl\":\"https:\\\/\\\/animefigurer.se\\\/wp-content\\\/uploads\\\/2025\\\/12\\\/Animefigurer_logowhite.png\",\"width\":1890,\"height\":1417,\"caption\":\"Animefigurer.se\"},\"image\":{\"@id\":\"https:\\\/\\\/animefigurer.se\\\/#\\\/schema\\\/logo\\\/image\\\/\"},\"sameAs\":[\"https:\\\/\\\/www.facebook.com\\\/profile.php?id=61581826539670\",\"https:\\\/\\\/www.instagram.com\\\/animefigurer.se\\\/\"],\"email\":\"info@animefigurer.se\"}]}<\/script>\n<!-- \/ Yoast SEO Premium plugin. -->","yoast_head_json":{"title":"Power Rangers Zeo FigZero Zeo Ranger III Blue 1\/6 Scale Figure | Animefigurer.se","robots":{"index":"index","follow":"follow","max-snippet":"max-snippet:-1","max-image-preview":"max-image-preview:large","max-video-preview":"max-video-preview:-1"},"canonical":"https:\/\/animefigurer.se\/en\/figurer\/mighty-morphin-power-rangers\/power-rangers-zeo-figzero-zeo-ranger-iii-blue-1-6-scale-figure\/","og_locale":"en_GB","og_type":"article","og_title":"Power Rangers Zeo FigZero Zeo Ranger III Blue 1\/6 Scale Figure","og_description":"\"Du har nu blivit Power Rangers Zeo, n\u00e4sta niv\u00e5 i kampen mot ondskan!\" Fr\u00e5n fj\u00e4rde s\u00e4songen av Power Rangers presenterar threezero och Hasbro FigZero Power Rangers Zeo-kollektionen. Med Zeo Crystals kraft blir teamet mer kraftfullt \u00e4n tidigare. FigZero 1\/6 Zeo Ranger III Blue \u00e4r cirka 12,08 tum (~","og_url":"https:\/\/animefigurer.se\/en\/figurer\/mighty-morphin-power-rangers\/power-rangers-zeo-figzero-zeo-ranger-iii-blue-1-6-scale-figure\/","og_site_name":"Animefigurer.se","article_publisher":"https:\/\/www.facebook.com\/profile.php?id=61581826539670","article_modified_time":"2025-12-21T18:31:53+00:00","og_image":[{"width":1890,"height":1417,"url":"https:\/\/animefigurer.se\/wp-content\/uploads\/2025\/12\/Animefigurer_logowhite.png","type":"image\/png"}],"twitter_card":"summary_large_image","twitter_misc":{"Estimated reading time":"2 minutes"},"schema":{"@context":"https:\/\/schema.org","@graph":[{"@type":"WebPage","@id":"https:\/\/animefigurer.se\/en\/figurer\/mighty-morphin-power-rangers\/power-rangers-zeo-figzero-zeo-ranger-iii-blue-1-6-scale-figure\/","url":"https:\/\/animefigurer.se\/en\/figurer\/mighty-morphin-power-rangers\/power-rangers-zeo-figzero-zeo-ranger-iii-blue-1-6-scale-figure\/","name":"Power Rangers Zeo FigZero Zeo Ranger III Blue 1\/6 Scale Figure | Animefigurer.se","isPartOf":{"@id":"https:\/\/animefigurer.se\/#website"},"primaryImageOfPage":{"@id":"https:\/\/animefigurer.se\/en\/figurer\/mighty-morphin-power-rangers\/power-rangers-zeo-figzero-zeo-ranger-iii-blue-1-6-scale-figure\/#primaryimage"},"image":{"@id":"https:\/\/animefigurer.se\/en\/figurer\/mighty-morphin-power-rangers\/power-rangers-zeo-figzero-zeo-ranger-iii-blue-1-6-scale-figure\/#primaryimage"},"thumbnailUrl":"https:\/\/animefigurer.se\/wp-content\/uploads\/2025\/10\/65a7e9d3973a1.jpeg","datePublished":"2025-10-20T22:13:44+00:00","dateModified":"2025-12-21T18:31:53+00:00","breadcrumb":{"@id":"https:\/\/animefigurer.se\/en\/figurer\/mighty-morphin-power-rangers\/power-rangers-zeo-figzero-zeo-ranger-iii-blue-1-6-scale-figure\/#breadcrumb"},"inLanguage":"en-GB","potentialAction":[{"@type":"ReadAction","target":["https:\/\/animefigurer.se\/en\/figurer\/mighty-morphin-power-rangers\/power-rangers-zeo-figzero-zeo-ranger-iii-blue-1-6-scale-figure\/"]}]},{"@type":"ImageObject","inLanguage":"en-GB","@id":"https:\/\/animefigurer.se\/en\/figurer\/mighty-morphin-power-rangers\/power-rangers-zeo-figzero-zeo-ranger-iii-blue-1-6-scale-figure\/#primaryimage","url":"https:\/\/animefigurer.se\/wp-content\/uploads\/2025\/10\/65a7e9d3973a1.jpeg","contentUrl":"https:\/\/animefigurer.se\/wp-content\/uploads\/2025\/10\/65a7e9d3973a1.jpeg","width":720,"height":540},{"@type":"BreadcrumbList","@id":"https:\/\/animefigurer.se\/en\/figurer\/mighty-morphin-power-rangers\/power-rangers-zeo-figzero-zeo-ranger-iii-blue-1-6-scale-figure\/#breadcrumb","itemListElement":[{"@type":"ListItem","position":1,"name":"Home","item":"https:\/\/animefigurer.se\/"},{"@type":"ListItem","position":2,"name":"Butik","item":"https:\/\/animefigurer.se\/figurer\/"},{"@type":"ListItem","position":3,"name":"Power Rangers Zeo FigZero Zeo Ranger III Blue 1\/6 Scale Figure"}]},{"@type":"WebSite","@id":"https:\/\/animefigurer.se\/#website","url":"https:\/\/animefigurer.se\/","name":"Animefigurer.se","description":"Anime figures from over 300 different anime series with over 9000 products | Anime Shop","publisher":{"@id":"https:\/\/animefigurer.se\/#organization"},"potentialAction":[{"@type":"SearchAction","target":{"@type":"EntryPoint","urlTemplate":"https:\/\/animefigurer.se\/?s={search_term_string}"},"query-input":{"@type":"PropertyValueSpecification","valueRequired":true,"valueName":"search_term_string"}}],"inLanguage":"en-GB"},{"@type":"Organization","@id":"https:\/\/animefigurer.se\/#organization","name":"Animefigurer.se","alternateName":"Anime figurer | Anime shop","url":"https:\/\/animefigurer.se\/","logo":{"@type":"ImageObject","inLanguage":"en-GB","@id":"https:\/\/animefigurer.se\/#\/schema\/logo\/image\/","url":"https:\/\/animefigurer.se\/wp-content\/uploads\/2025\/12\/Animefigurer_logowhite.png","contentUrl":"https:\/\/animefigurer.se\/wp-content\/uploads\/2025\/12\/Animefigurer_logowhite.png","width":1890,"height":1417,"caption":"Animefigurer.se"},"image":{"@id":"https:\/\/animefigurer.se\/#\/schema\/logo\/image\/"},"sameAs":["https:\/\/www.facebook.com\/profile.php?id=61581826539670","https:\/\/www.instagram.com\/animefigurer.se\/"],"email":"info@animefigurer.se"}]}},"_links":{"self":[{"href":"https:\/\/animefigurer.se\/en\/wp-json\/wp\/v2\/product\/44679","targetHints":{"allow":["GET"]}}],"collection":[{"href":"https:\/\/animefigurer.se\/en\/wp-json\/wp\/v2\/product"}],"about":[{"href":"https:\/\/animefigurer.se\/en\/wp-json\/wp\/v2\/types\/product"}],"replies":[{"embeddable":true,"href":"https:\/\/animefigurer.se\/en\/wp-json\/wp\/v2\/comments?post=44679"}],"wp:featuredmedia":[{"embeddable":true,"href":"https:\/\/animefigurer.se\/en\/wp-json\/wp\/v2\/media\/44680"}],"wp:attachment":[{"href":"https:\/\/animefigurer.se\/en\/wp-json\/wp\/v2\/media?parent=44679"}],"wp:term":[{"taxonomy":"product_brand","embeddable":true,"href":"https:\/\/animefigurer.se\/en\/wp-json\/wp\/v2\/product_brand?post=44679"},{"taxonomy":"product_cat","embeddable":true,"href":"https:\/\/animefigurer.se\/en\/wp-json\/wp\/v2\/product_cat?post=44679"},{"taxonomy":"product_tag","embeddable":true,"href":"https:\/\/animefigurer.se\/en\/wp-json\/wp\/v2\/product_tag?post=44679"},{"taxonomy":"giftcard-category","embeddable":true,"href":"https:\/\/animefigurer.se\/en\/wp-json\/wp\/v2\/giftcard-category?post=44679"}],"curies":[{"name":"wp","href":"https:\/\/api.w.org\/{rel}","templated":true}]}}