{"id":44606,"date":"2025-10-21T00:12:14","date_gmt":"2025-10-20T22:12:14","guid":{"rendered":"https:\/\/animefigurer.se\/produkt\/power-rangers-turbo-figzero-turbo-rangers-1-6-scale-figure-5-pack\/"},"modified":"2026-03-19T04:18:04","modified_gmt":"2026-03-19T03:18:04","slug":"power-rangers-turbo-figzero-turbo-rangers-1-6-scale-figure-5-pack","status":"publish","type":"product","link":"https:\/\/animefigurer.se\/en\/figurer\/mighty-morphin-power-rangers\/power-rangers-turbo-figzero-turbo-rangers-1-6-scale-figure-5-pack\/","title":{"rendered":"Power Rangers Turbo FigZero Turbo Rangers 1\/6 Scale Figure 5-Pack"},"content":{"rendered":"<p>From the fifth season of the action-packed TV series Power Rangers, threezero in collaboration with Hasbro proudly presents the FigZero Power Rangers Turbo collection.<\/p>\n<p>Want the entire core Turbo Power Rangers lineup at once? The FigZero 1\/6 Turbo Power Rangers Pack includes Red Turbo Power Ranger, Blue Turbo Power Ranger, Green Turbo Power Ranger, Yellow Turbo Power Ranger, and Pink Turbo Power Ranger. Each figure comes with their primary side weapons and signature weapons.<\/p>\n<p>Unlike purchasing the figures separately, this pack includes exclusive interchangeable team gloves with a thumbs up, designed to showcase their classic debut formation. Plus, bonus parts are included to combine all five&#039;s signature weapons into Turbo RAM! Turbo RAM can also be converted into cannon mode using the included connector parts.<\/p>\n<p>FEATURES<\/p>\n<p>\u2013 Officially licensed by Hasbro<br \/>\n\u2013 Red\/Blue\/Green Turbo Power Ranger: approximately 12.08 inches (~30.7 cm) tall<br \/>\n\u2013 Yellow\/Pink Turbo Power Ranger: approximately 11.6 inches (~29.5 cm) tall<br \/>\n\u2013 Fully articulated collectible figure with approximately 34 points of articulation<br \/>\n\u2013 The costumes combine fabric and plastic parts<br \/>\n\u2013 Detailed sculpted faces and equipment<br \/>\n\u2013 Exclusive team hands with thumbs up included only in this package<br \/>\n\u2013 Turbo RAM can be formed by fusing all signature weapons with the included bonus parts<br \/>\n\u2013 Turbo RAM can be converted to cannon mode via the connecting parts<\/p>\n<p>SUIT<\/p>\n<p>Each Turbo Power Ranger contains:<\/p>\n<p>\u2013 1 x Turbo Ranger helmet<br \/>\n\u2013 1 x Turbo Ranger costume<br \/>\n\u2013 1 x Short sleeves<br \/>\n\u2013 1 x Belt with holster<br \/>\n\u2013 1 x Boots<\/p>","protected":false},"excerpt":{"rendered":"<p>From the fifth season of the action-packed TV series Power Rangers, threezero in collaboration with Hasbro proudly presents the FigZero Power Rangers Turbo collection.<\/p>\n<p>Want the entire core set of Turbo Power Rangers at once? The FigZero 1\/6 Turbo Power Rangers Pack includes Red Turbo Power Rangers<\/p>","protected":false},"featured_media":44607,"comment_status":"closed","ping_status":"closed","template":"","meta":{"_acf_changed":false,"_monsterinsights_skip_tracking":false,"_monsterinsights_sitenote_active":false,"_monsterinsights_sitenote_note":"","_monsterinsights_sitenote_category":0},"product_brand":[7164],"product_cat":[3771],"product_tag":[24],"giftcard-category":[],"class_list":{"0":"post-44606","1":"product","2":"type-product","3":"status-publish","4":"has-post-thumbnail","6":"product_brand-threezero","7":"product_cat-mighty-morphin-power-rangers","8":"product_tag-2-3-weeks","9":"pa_franchise-power-rangers-turbo","10":"pa_material-plastic","11":"pa_produktserie-figzero","12":"pa_skala-57","13":"pa_storlek-30-cm","15":"first","16":"instock","17":"taxable","18":"shipping-taxable","19":"purchasable","20":"product-type-simple"},"acf":[],"yoast_head":"<!-- This site is optimized with the Yoast SEO Premium plugin v24.6 (Yoast SEO v27.4) - https:\/\/yoast.com\/product\/yoast-seo-premium-wordpress\/ -->\n<title>Power Rangers Turbo FigZero Turbo Rangers 1\/6 Scale Figure 5-Pack | Animefigurer.se<\/title>\n<meta name=\"robots\" content=\"index, follow, max-snippet:-1, max-image-preview:large, max-video-preview:-1\" \/>\n<link rel=\"canonical\" href=\"https:\/\/animefigurer.se\/en\/figurer\/mighty-morphin-power-rangers\/power-rangers-turbo-figzero-turbo-rangers-1-6-scale-figure-5-pack\/\" \/>\n<meta property=\"og:locale\" content=\"en_GB\" \/>\n<meta property=\"og:type\" content=\"article\" \/>\n<meta property=\"og:title\" content=\"Power Rangers Turbo FigZero Turbo Rangers 1\/6 Scale Figure 5-Pack\" \/>\n<meta property=\"og:description\" content=\"Fr\u00e5n den femte s\u00e4songen av den actionfyllda TV-serien Power Rangers presenterar threezero i samarbete med Hasbro stolt FigZero Power Rangers Turbo-kollektionen.  Vill du ha hela k\u00e4rnupps\u00e4ttningen fr\u00e5n Turbo Power Rangers p\u00e5 en g\u00e5ng? FigZero 1\/6 Turbo Power Rangers Pack inneh\u00e5ller Red Turbo Power Ran\" \/>\n<meta property=\"og:url\" content=\"https:\/\/animefigurer.se\/en\/figurer\/mighty-morphin-power-rangers\/power-rangers-turbo-figzero-turbo-rangers-1-6-scale-figure-5-pack\/\" \/>\n<meta property=\"og:site_name\" content=\"Animefigurer.se\" \/>\n<meta property=\"article:publisher\" content=\"https:\/\/www.facebook.com\/profile.php?id=61581826539670\" \/>\n<meta property=\"article:modified_time\" content=\"2026-03-19T03:18:04+00:00\" \/>\n<meta property=\"og:image\" content=\"https:\/\/animefigurer.se\/wp-content\/uploads\/2025\/12\/Animefigurer_logowhite.png\" \/>\n\t<meta property=\"og:image:width\" content=\"1890\" \/>\n\t<meta property=\"og:image:height\" content=\"1417\" \/>\n\t<meta property=\"og:image:type\" content=\"image\/png\" \/>\n<meta name=\"twitter:card\" content=\"summary_large_image\" \/>\n<meta name=\"twitter:label1\" content=\"Estimated reading time\" \/>\n\t<meta name=\"twitter:data1\" content=\"2 minutes\" \/>\n<script type=\"application\/ld+json\" class=\"yoast-schema-graph\">{\"@context\":\"https:\\\/\\\/schema.org\",\"@graph\":[{\"@type\":\"WebPage\",\"@id\":\"https:\\\/\\\/animefigurer.se\\\/figurer\\\/mighty-morphin-power-rangers\\\/power-rangers-turbo-figzero-turbo-rangers-1-6-scale-figure-5-pack\\\/\",\"url\":\"https:\\\/\\\/animefigurer.se\\\/figurer\\\/mighty-morphin-power-rangers\\\/power-rangers-turbo-figzero-turbo-rangers-1-6-scale-figure-5-pack\\\/\",\"name\":\"Power Rangers Turbo FigZero Turbo Rangers 1\\\/6 Scale Figure 5-Pack | Animefigurer.se\",\"isPartOf\":{\"@id\":\"https:\\\/\\\/animefigurer.se\\\/#website\"},\"primaryImageOfPage\":{\"@id\":\"https:\\\/\\\/animefigurer.se\\\/figurer\\\/mighty-morphin-power-rangers\\\/power-rangers-turbo-figzero-turbo-rangers-1-6-scale-figure-5-pack\\\/#primaryimage\"},\"image\":{\"@id\":\"https:\\\/\\\/animefigurer.se\\\/figurer\\\/mighty-morphin-power-rangers\\\/power-rangers-turbo-figzero-turbo-rangers-1-6-scale-figure-5-pack\\\/#primaryimage\"},\"thumbnailUrl\":\"https:\\\/\\\/animefigurer.se\\\/wp-content\\\/uploads\\\/2025\\\/10\\\/672cfa12d3da1.jpeg\",\"datePublished\":\"2025-10-20T22:12:14+00:00\",\"dateModified\":\"2026-03-19T03:18:04+00:00\",\"breadcrumb\":{\"@id\":\"https:\\\/\\\/animefigurer.se\\\/figurer\\\/mighty-morphin-power-rangers\\\/power-rangers-turbo-figzero-turbo-rangers-1-6-scale-figure-5-pack\\\/#breadcrumb\"},\"inLanguage\":\"en-GB\",\"potentialAction\":[{\"@type\":\"ReadAction\",\"target\":[\"https:\\\/\\\/animefigurer.se\\\/figurer\\\/mighty-morphin-power-rangers\\\/power-rangers-turbo-figzero-turbo-rangers-1-6-scale-figure-5-pack\\\/\"]}]},{\"@type\":\"ImageObject\",\"inLanguage\":\"en-GB\",\"@id\":\"https:\\\/\\\/animefigurer.se\\\/figurer\\\/mighty-morphin-power-rangers\\\/power-rangers-turbo-figzero-turbo-rangers-1-6-scale-figure-5-pack\\\/#primaryimage\",\"url\":\"https:\\\/\\\/animefigurer.se\\\/wp-content\\\/uploads\\\/2025\\\/10\\\/672cfa12d3da1.jpeg\",\"contentUrl\":\"https:\\\/\\\/animefigurer.se\\\/wp-content\\\/uploads\\\/2025\\\/10\\\/672cfa12d3da1.jpeg\",\"width\":600,\"height\":750},{\"@type\":\"BreadcrumbList\",\"@id\":\"https:\\\/\\\/animefigurer.se\\\/figurer\\\/mighty-morphin-power-rangers\\\/power-rangers-turbo-figzero-turbo-rangers-1-6-scale-figure-5-pack\\\/#breadcrumb\",\"itemListElement\":[{\"@type\":\"ListItem\",\"position\":1,\"name\":\"Home\",\"item\":\"https:\\\/\\\/animefigurer.se\\\/\"},{\"@type\":\"ListItem\",\"position\":2,\"name\":\"Butik\",\"item\":\"https:\\\/\\\/animefigurer.se\\\/figurer\\\/\"},{\"@type\":\"ListItem\",\"position\":3,\"name\":\"Power Rangers Turbo FigZero Turbo Rangers 1\\\/6 Scale Figure 5-Pack\"}]},{\"@type\":\"WebSite\",\"@id\":\"https:\\\/\\\/animefigurer.se\\\/#website\",\"url\":\"https:\\\/\\\/animefigurer.se\\\/\",\"name\":\"Animefigurer.se\",\"description\":\"Anime figurer fr\u00e5n \u00f6ver 300 olika anime serier med \u00f6ver 9000 produkter | Anime Shop\",\"publisher\":{\"@id\":\"https:\\\/\\\/animefigurer.se\\\/#organization\"},\"potentialAction\":[{\"@type\":\"SearchAction\",\"target\":{\"@type\":\"EntryPoint\",\"urlTemplate\":\"https:\\\/\\\/animefigurer.se\\\/?s={search_term_string}\"},\"query-input\":{\"@type\":\"PropertyValueSpecification\",\"valueRequired\":true,\"valueName\":\"search_term_string\"}}],\"inLanguage\":\"en-GB\"},{\"@type\":\"Organization\",\"@id\":\"https:\\\/\\\/animefigurer.se\\\/#organization\",\"name\":\"Animefigurer.se\",\"alternateName\":\"Anime figurer | Anime shop\",\"url\":\"https:\\\/\\\/animefigurer.se\\\/\",\"logo\":{\"@type\":\"ImageObject\",\"inLanguage\":\"en-GB\",\"@id\":\"https:\\\/\\\/animefigurer.se\\\/#\\\/schema\\\/logo\\\/image\\\/\",\"url\":\"https:\\\/\\\/animefigurer.se\\\/wp-content\\\/uploads\\\/2025\\\/12\\\/Animefigurer_logowhite.png\",\"contentUrl\":\"https:\\\/\\\/animefigurer.se\\\/wp-content\\\/uploads\\\/2025\\\/12\\\/Animefigurer_logowhite.png\",\"width\":1890,\"height\":1417,\"caption\":\"Animefigurer.se\"},\"image\":{\"@id\":\"https:\\\/\\\/animefigurer.se\\\/#\\\/schema\\\/logo\\\/image\\\/\"},\"sameAs\":[\"https:\\\/\\\/www.facebook.com\\\/profile.php?id=61581826539670\",\"https:\\\/\\\/www.instagram.com\\\/animefigurer.se\\\/\"],\"email\":\"info@animefigurer.se\"}]}<\/script>\n<!-- \/ Yoast SEO Premium plugin. -->","yoast_head_json":{"title":"Power Rangers Turbo FigZero Turbo Rangers 1\/6 Scale Figure 5-Pack | Animefigurer.se","robots":{"index":"index","follow":"follow","max-snippet":"max-snippet:-1","max-image-preview":"max-image-preview:large","max-video-preview":"max-video-preview:-1"},"canonical":"https:\/\/animefigurer.se\/en\/figurer\/mighty-morphin-power-rangers\/power-rangers-turbo-figzero-turbo-rangers-1-6-scale-figure-5-pack\/","og_locale":"en_GB","og_type":"article","og_title":"Power Rangers Turbo FigZero Turbo Rangers 1\/6 Scale Figure 5-Pack","og_description":"Fr\u00e5n den femte s\u00e4songen av den actionfyllda TV-serien Power Rangers presenterar threezero i samarbete med Hasbro stolt FigZero Power Rangers Turbo-kollektionen.  Vill du ha hela k\u00e4rnupps\u00e4ttningen fr\u00e5n Turbo Power Rangers p\u00e5 en g\u00e5ng? FigZero 1\/6 Turbo Power Rangers Pack inneh\u00e5ller Red Turbo Power Ran","og_url":"https:\/\/animefigurer.se\/en\/figurer\/mighty-morphin-power-rangers\/power-rangers-turbo-figzero-turbo-rangers-1-6-scale-figure-5-pack\/","og_site_name":"Animefigurer.se","article_publisher":"https:\/\/www.facebook.com\/profile.php?id=61581826539670","article_modified_time":"2026-03-19T03:18:04+00:00","og_image":[{"width":1890,"height":1417,"url":"https:\/\/animefigurer.se\/wp-content\/uploads\/2025\/12\/Animefigurer_logowhite.png","type":"image\/png"}],"twitter_card":"summary_large_image","twitter_misc":{"Estimated reading time":"2 minutes"},"schema":{"@context":"https:\/\/schema.org","@graph":[{"@type":"WebPage","@id":"https:\/\/animefigurer.se\/figurer\/mighty-morphin-power-rangers\/power-rangers-turbo-figzero-turbo-rangers-1-6-scale-figure-5-pack\/","url":"https:\/\/animefigurer.se\/figurer\/mighty-morphin-power-rangers\/power-rangers-turbo-figzero-turbo-rangers-1-6-scale-figure-5-pack\/","name":"Power Rangers Turbo FigZero Turbo Rangers 1\/6 Scale Figure 5-Pack | Animefigurer.se","isPartOf":{"@id":"https:\/\/animefigurer.se\/#website"},"primaryImageOfPage":{"@id":"https:\/\/animefigurer.se\/figurer\/mighty-morphin-power-rangers\/power-rangers-turbo-figzero-turbo-rangers-1-6-scale-figure-5-pack\/#primaryimage"},"image":{"@id":"https:\/\/animefigurer.se\/figurer\/mighty-morphin-power-rangers\/power-rangers-turbo-figzero-turbo-rangers-1-6-scale-figure-5-pack\/#primaryimage"},"thumbnailUrl":"https:\/\/animefigurer.se\/wp-content\/uploads\/2025\/10\/672cfa12d3da1.jpeg","datePublished":"2025-10-20T22:12:14+00:00","dateModified":"2026-03-19T03:18:04+00:00","breadcrumb":{"@id":"https:\/\/animefigurer.se\/figurer\/mighty-morphin-power-rangers\/power-rangers-turbo-figzero-turbo-rangers-1-6-scale-figure-5-pack\/#breadcrumb"},"inLanguage":"en-GB","potentialAction":[{"@type":"ReadAction","target":["https:\/\/animefigurer.se\/figurer\/mighty-morphin-power-rangers\/power-rangers-turbo-figzero-turbo-rangers-1-6-scale-figure-5-pack\/"]}]},{"@type":"ImageObject","inLanguage":"en-GB","@id":"https:\/\/animefigurer.se\/figurer\/mighty-morphin-power-rangers\/power-rangers-turbo-figzero-turbo-rangers-1-6-scale-figure-5-pack\/#primaryimage","url":"https:\/\/animefigurer.se\/wp-content\/uploads\/2025\/10\/672cfa12d3da1.jpeg","contentUrl":"https:\/\/animefigurer.se\/wp-content\/uploads\/2025\/10\/672cfa12d3da1.jpeg","width":600,"height":750},{"@type":"BreadcrumbList","@id":"https:\/\/animefigurer.se\/figurer\/mighty-morphin-power-rangers\/power-rangers-turbo-figzero-turbo-rangers-1-6-scale-figure-5-pack\/#breadcrumb","itemListElement":[{"@type":"ListItem","position":1,"name":"Home","item":"https:\/\/animefigurer.se\/"},{"@type":"ListItem","position":2,"name":"Butik","item":"https:\/\/animefigurer.se\/figurer\/"},{"@type":"ListItem","position":3,"name":"Power Rangers Turbo FigZero Turbo Rangers 1\/6 Scale Figure 5-Pack"}]},{"@type":"WebSite","@id":"https:\/\/animefigurer.se\/#website","url":"https:\/\/animefigurer.se\/","name":"Animefigurer.se","description":"Anime figures from over 300 different anime series with over 9000 products | Anime Shop","publisher":{"@id":"https:\/\/animefigurer.se\/#organization"},"potentialAction":[{"@type":"SearchAction","target":{"@type":"EntryPoint","urlTemplate":"https:\/\/animefigurer.se\/?s={search_term_string}"},"query-input":{"@type":"PropertyValueSpecification","valueRequired":true,"valueName":"search_term_string"}}],"inLanguage":"en-GB"},{"@type":"Organization","@id":"https:\/\/animefigurer.se\/#organization","name":"Animefigurer.se","alternateName":"Anime figurer | Anime shop","url":"https:\/\/animefigurer.se\/","logo":{"@type":"ImageObject","inLanguage":"en-GB","@id":"https:\/\/animefigurer.se\/#\/schema\/logo\/image\/","url":"https:\/\/animefigurer.se\/wp-content\/uploads\/2025\/12\/Animefigurer_logowhite.png","contentUrl":"https:\/\/animefigurer.se\/wp-content\/uploads\/2025\/12\/Animefigurer_logowhite.png","width":1890,"height":1417,"caption":"Animefigurer.se"},"image":{"@id":"https:\/\/animefigurer.se\/#\/schema\/logo\/image\/"},"sameAs":["https:\/\/www.facebook.com\/profile.php?id=61581826539670","https:\/\/www.instagram.com\/animefigurer.se\/"],"email":"info@animefigurer.se"}]}},"_links":{"self":[{"href":"https:\/\/animefigurer.se\/en\/wp-json\/wp\/v2\/product\/44606","targetHints":{"allow":["GET"]}}],"collection":[{"href":"https:\/\/animefigurer.se\/en\/wp-json\/wp\/v2\/product"}],"about":[{"href":"https:\/\/animefigurer.se\/en\/wp-json\/wp\/v2\/types\/product"}],"replies":[{"embeddable":true,"href":"https:\/\/animefigurer.se\/en\/wp-json\/wp\/v2\/comments?post=44606"}],"wp:featuredmedia":[{"embeddable":true,"href":"https:\/\/animefigurer.se\/en\/wp-json\/wp\/v2\/media\/44607"}],"wp:attachment":[{"href":"https:\/\/animefigurer.se\/en\/wp-json\/wp\/v2\/media?parent=44606"}],"wp:term":[{"taxonomy":"product_brand","embeddable":true,"href":"https:\/\/animefigurer.se\/en\/wp-json\/wp\/v2\/product_brand?post=44606"},{"taxonomy":"product_cat","embeddable":true,"href":"https:\/\/animefigurer.se\/en\/wp-json\/wp\/v2\/product_cat?post=44606"},{"taxonomy":"product_tag","embeddable":true,"href":"https:\/\/animefigurer.se\/en\/wp-json\/wp\/v2\/product_tag?post=44606"},{"taxonomy":"giftcard-category","embeddable":true,"href":"https:\/\/animefigurer.se\/en\/wp-json\/wp\/v2\/giftcard-category?post=44606"}],"curies":[{"name":"wp","href":"https:\/\/api.w.org\/{rel}","templated":true}]}}