{"id":44472,"date":"2025-10-21T00:12:14","date_gmt":"2025-10-20T22:12:14","guid":{"rendered":"https:\/\/animefigurer.se\/produkt\/metroid-prime-samus-varia-suit-standard-edition-statue\/"},"modified":"2026-03-17T12:52:44","modified_gmt":"2026-03-17T11:52:44","slug":"metroid-prime-samus-varia-suit-standard-edition-statue","status":"publish","type":"product","link":"https:\/\/animefigurer.se\/en\/figurer\/metroid\/metroid-prime-samus-varia-suit-standard-edition-statue\/","title":{"rendered":"Metroid Prime Samus (Varia Suit) Standard Edition Statue"},"content":{"rendered":"<p>First 4 Figures presents a detailed PVC statue of Samus in her Varia Suit from Metroid Prime. The Varia Suit, an upgrade to the Power Suit, is meticulously recreated with its elegant form and iconic details.<\/p>\n<p>The statue stands on a base inspired by the Screw Attack emblem, which has become a recognizable symbol of the Metroid series.<\/p>\n<p>Metroid Prime\u2122 \u2013 Samus Varia Suit PVC includes:<\/p>\n<p>\u2013 High-quality and lifelike PVC statue of Samus in Varia Suit<br \/>\n\u2013 Base based on the Screw Attack\/Metroid logo<br \/>\n\u2013 F4F brochure with 500 F4F reward points<\/p>","protected":false},"excerpt":{"rendered":"<p>First 4 Figures presents a detailed PVC statue of Samus in her Varia Suit from Metroid Prime. The Varia Suit, an upgrade to the Power Suit, is meticulously recreated with its elegant form and iconic details.<\/p>\n<p>The statue stands on a base inspired by the Screw Attack emblem, which has become a recognizable symbol.<\/p>","protected":false},"featured_media":44473,"comment_status":"closed","ping_status":"closed","template":"","meta":{"_acf_changed":false,"_monsterinsights_skip_tracking":false,"_monsterinsights_sitenote_active":false,"_monsterinsights_sitenote_note":"","_monsterinsights_sitenote_category":0},"product_brand":[6986],"product_cat":[3766],"product_tag":[24],"giftcard-category":[],"class_list":{"0":"post-44472","1":"product","2":"type-product","3":"status-publish","4":"has-post-thumbnail","6":"product_brand-first-4-figures","7":"product_cat-metroid","8":"product_tag-2-3-weeks","9":"pa_franchise-metroid-prime","10":"pa_karaktar-samus","11":"pa_material-pvc","12":"pa_storlek-27-cm","14":"first","15":"instock","16":"taxable","17":"shipping-taxable","18":"purchasable","19":"product-type-simple"},"acf":[],"yoast_head":"<!-- This site is optimized with the Yoast SEO Premium plugin v24.6 (Yoast SEO v27.3) - https:\/\/yoast.com\/product\/yoast-seo-premium-wordpress\/ -->\n<title>Metroid Prime Samus (Varia Suit) Standard Edition Statue | Animefigurer.se<\/title>\n<meta name=\"robots\" content=\"index, follow, max-snippet:-1, max-image-preview:large, max-video-preview:-1\" \/>\n<link rel=\"canonical\" href=\"https:\/\/animefigurer.se\/en\/figurer\/metroid\/metroid-prime-samus-varia-suit-standard-edition-statue\/\" \/>\n<meta property=\"og:locale\" content=\"en_GB\" \/>\n<meta property=\"og:type\" content=\"article\" \/>\n<meta property=\"og:title\" content=\"Metroid Prime Samus (Varia Suit) Standard Edition Statue\" \/>\n<meta property=\"og:description\" content=\"First 4 Figures presenterar en detaljrik PVC-staty av Samus i hennes Varia Suit fr\u00e5n Metroid Prime. Varia Suit, en uppgradering av Power Suit, \u00e5terskapas noggrant med dess eleganta form och ikoniska detaljer.  Statyn st\u00e5r p\u00e5 en bas inspirerad av Screw Attack-emblemet, som blivit en igenk\u00e4nnbar symbo\" \/>\n<meta property=\"og:url\" content=\"https:\/\/animefigurer.se\/en\/figurer\/metroid\/metroid-prime-samus-varia-suit-standard-edition-statue\/\" \/>\n<meta property=\"og:site_name\" content=\"Animefigurer.se\" \/>\n<meta property=\"article:publisher\" content=\"https:\/\/www.facebook.com\/profile.php?id=61581826539670\" \/>\n<meta property=\"article:modified_time\" content=\"2026-03-17T11:52:44+00:00\" \/>\n<meta property=\"og:image\" content=\"https:\/\/animefigurer.se\/wp-content\/uploads\/2025\/12\/Animefigurer_logowhite.png\" \/>\n\t<meta property=\"og:image:width\" content=\"1890\" \/>\n\t<meta property=\"og:image:height\" content=\"1417\" \/>\n\t<meta property=\"og:image:type\" content=\"image\/png\" \/>\n<meta name=\"twitter:card\" content=\"summary_large_image\" \/>\n<meta name=\"twitter:label1\" content=\"Estimated reading time\" \/>\n\t<meta name=\"twitter:data1\" content=\"1 minute\" \/>\n<script type=\"application\/ld+json\" class=\"yoast-schema-graph\">{\"@context\":\"https:\\\/\\\/schema.org\",\"@graph\":[{\"@type\":\"WebPage\",\"@id\":\"https:\\\/\\\/animefigurer.se\\\/figurer\\\/metroid\\\/metroid-prime-samus-varia-suit-standard-edition-statue\\\/\",\"url\":\"https:\\\/\\\/animefigurer.se\\\/figurer\\\/metroid\\\/metroid-prime-samus-varia-suit-standard-edition-statue\\\/\",\"name\":\"Metroid Prime Samus (Varia Suit) Standard Edition Statue | Animefigurer.se\",\"isPartOf\":{\"@id\":\"https:\\\/\\\/animefigurer.se\\\/#website\"},\"primaryImageOfPage\":{\"@id\":\"https:\\\/\\\/animefigurer.se\\\/figurer\\\/metroid\\\/metroid-prime-samus-varia-suit-standard-edition-statue\\\/#primaryimage\"},\"image\":{\"@id\":\"https:\\\/\\\/animefigurer.se\\\/figurer\\\/metroid\\\/metroid-prime-samus-varia-suit-standard-edition-statue\\\/#primaryimage\"},\"thumbnailUrl\":\"https:\\\/\\\/animefigurer.se\\\/wp-content\\\/uploads\\\/2025\\\/10\\\/6539434c3ca54.jpeg\",\"datePublished\":\"2025-10-20T22:12:14+00:00\",\"dateModified\":\"2026-03-17T11:52:44+00:00\",\"breadcrumb\":{\"@id\":\"https:\\\/\\\/animefigurer.se\\\/figurer\\\/metroid\\\/metroid-prime-samus-varia-suit-standard-edition-statue\\\/#breadcrumb\"},\"inLanguage\":\"en-GB\",\"potentialAction\":[{\"@type\":\"ReadAction\",\"target\":[\"https:\\\/\\\/animefigurer.se\\\/figurer\\\/metroid\\\/metroid-prime-samus-varia-suit-standard-edition-statue\\\/\"]}]},{\"@type\":\"ImageObject\",\"inLanguage\":\"en-GB\",\"@id\":\"https:\\\/\\\/animefigurer.se\\\/figurer\\\/metroid\\\/metroid-prime-samus-varia-suit-standard-edition-statue\\\/#primaryimage\",\"url\":\"https:\\\/\\\/animefigurer.se\\\/wp-content\\\/uploads\\\/2025\\\/10\\\/6539434c3ca54.jpeg\",\"contentUrl\":\"https:\\\/\\\/animefigurer.se\\\/wp-content\\\/uploads\\\/2025\\\/10\\\/6539434c3ca54.jpeg\",\"width\":720,\"height\":540},{\"@type\":\"BreadcrumbList\",\"@id\":\"https:\\\/\\\/animefigurer.se\\\/figurer\\\/metroid\\\/metroid-prime-samus-varia-suit-standard-edition-statue\\\/#breadcrumb\",\"itemListElement\":[{\"@type\":\"ListItem\",\"position\":1,\"name\":\"Home\",\"item\":\"https:\\\/\\\/animefigurer.se\\\/\"},{\"@type\":\"ListItem\",\"position\":2,\"name\":\"Butik\",\"item\":\"https:\\\/\\\/animefigurer.se\\\/figurer\\\/\"},{\"@type\":\"ListItem\",\"position\":3,\"name\":\"Metroid Prime Samus (Varia Suit) Standard Edition Statue\"}]},{\"@type\":\"WebSite\",\"@id\":\"https:\\\/\\\/animefigurer.se\\\/#website\",\"url\":\"https:\\\/\\\/animefigurer.se\\\/\",\"name\":\"Animefigurer.se\",\"description\":\"Anime figurer fr\u00e5n \u00f6ver 300 olika anime serier med \u00f6ver 9000 produkter | Anime Shop\",\"publisher\":{\"@id\":\"https:\\\/\\\/animefigurer.se\\\/#organization\"},\"potentialAction\":[{\"@type\":\"SearchAction\",\"target\":{\"@type\":\"EntryPoint\",\"urlTemplate\":\"https:\\\/\\\/animefigurer.se\\\/?s={search_term_string}\"},\"query-input\":{\"@type\":\"PropertyValueSpecification\",\"valueRequired\":true,\"valueName\":\"search_term_string\"}}],\"inLanguage\":\"en-GB\"},{\"@type\":\"Organization\",\"@id\":\"https:\\\/\\\/animefigurer.se\\\/#organization\",\"name\":\"Animefigurer.se\",\"alternateName\":\"Anime figurer | Anime shop\",\"url\":\"https:\\\/\\\/animefigurer.se\\\/\",\"logo\":{\"@type\":\"ImageObject\",\"inLanguage\":\"en-GB\",\"@id\":\"https:\\\/\\\/animefigurer.se\\\/#\\\/schema\\\/logo\\\/image\\\/\",\"url\":\"https:\\\/\\\/animefigurer.se\\\/wp-content\\\/uploads\\\/2025\\\/12\\\/Animefigurer_logowhite.png\",\"contentUrl\":\"https:\\\/\\\/animefigurer.se\\\/wp-content\\\/uploads\\\/2025\\\/12\\\/Animefigurer_logowhite.png\",\"width\":1890,\"height\":1417,\"caption\":\"Animefigurer.se\"},\"image\":{\"@id\":\"https:\\\/\\\/animefigurer.se\\\/#\\\/schema\\\/logo\\\/image\\\/\"},\"sameAs\":[\"https:\\\/\\\/www.facebook.com\\\/profile.php?id=61581826539670\",\"https:\\\/\\\/www.instagram.com\\\/animefigurer.se\\\/\"],\"email\":\"info@animefigurer.se\"}]}<\/script>\n<!-- \/ Yoast SEO Premium plugin. -->","yoast_head_json":{"title":"Metroid Prime Samus (Varia Suit) Standard Edition Statue | Animefigurer.se","robots":{"index":"index","follow":"follow","max-snippet":"max-snippet:-1","max-image-preview":"max-image-preview:large","max-video-preview":"max-video-preview:-1"},"canonical":"https:\/\/animefigurer.se\/en\/figurer\/metroid\/metroid-prime-samus-varia-suit-standard-edition-statue\/","og_locale":"en_GB","og_type":"article","og_title":"Metroid Prime Samus (Varia Suit) Standard Edition Statue","og_description":"First 4 Figures presenterar en detaljrik PVC-staty av Samus i hennes Varia Suit fr\u00e5n Metroid Prime. Varia Suit, en uppgradering av Power Suit, \u00e5terskapas noggrant med dess eleganta form och ikoniska detaljer.  Statyn st\u00e5r p\u00e5 en bas inspirerad av Screw Attack-emblemet, som blivit en igenk\u00e4nnbar symbo","og_url":"https:\/\/animefigurer.se\/en\/figurer\/metroid\/metroid-prime-samus-varia-suit-standard-edition-statue\/","og_site_name":"Animefigurer.se","article_publisher":"https:\/\/www.facebook.com\/profile.php?id=61581826539670","article_modified_time":"2026-03-17T11:52:44+00:00","og_image":[{"width":1890,"height":1417,"url":"https:\/\/animefigurer.se\/wp-content\/uploads\/2025\/12\/Animefigurer_logowhite.png","type":"image\/png"}],"twitter_card":"summary_large_image","twitter_misc":{"Estimated reading time":"1 minute"},"schema":{"@context":"https:\/\/schema.org","@graph":[{"@type":"WebPage","@id":"https:\/\/animefigurer.se\/figurer\/metroid\/metroid-prime-samus-varia-suit-standard-edition-statue\/","url":"https:\/\/animefigurer.se\/figurer\/metroid\/metroid-prime-samus-varia-suit-standard-edition-statue\/","name":"Metroid Prime Samus (Varia Suit) Standard Edition Statue | Animefigurer.se","isPartOf":{"@id":"https:\/\/animefigurer.se\/#website"},"primaryImageOfPage":{"@id":"https:\/\/animefigurer.se\/figurer\/metroid\/metroid-prime-samus-varia-suit-standard-edition-statue\/#primaryimage"},"image":{"@id":"https:\/\/animefigurer.se\/figurer\/metroid\/metroid-prime-samus-varia-suit-standard-edition-statue\/#primaryimage"},"thumbnailUrl":"https:\/\/animefigurer.se\/wp-content\/uploads\/2025\/10\/6539434c3ca54.jpeg","datePublished":"2025-10-20T22:12:14+00:00","dateModified":"2026-03-17T11:52:44+00:00","breadcrumb":{"@id":"https:\/\/animefigurer.se\/figurer\/metroid\/metroid-prime-samus-varia-suit-standard-edition-statue\/#breadcrumb"},"inLanguage":"en-GB","potentialAction":[{"@type":"ReadAction","target":["https:\/\/animefigurer.se\/figurer\/metroid\/metroid-prime-samus-varia-suit-standard-edition-statue\/"]}]},{"@type":"ImageObject","inLanguage":"en-GB","@id":"https:\/\/animefigurer.se\/figurer\/metroid\/metroid-prime-samus-varia-suit-standard-edition-statue\/#primaryimage","url":"https:\/\/animefigurer.se\/wp-content\/uploads\/2025\/10\/6539434c3ca54.jpeg","contentUrl":"https:\/\/animefigurer.se\/wp-content\/uploads\/2025\/10\/6539434c3ca54.jpeg","width":720,"height":540},{"@type":"BreadcrumbList","@id":"https:\/\/animefigurer.se\/figurer\/metroid\/metroid-prime-samus-varia-suit-standard-edition-statue\/#breadcrumb","itemListElement":[{"@type":"ListItem","position":1,"name":"Home","item":"https:\/\/animefigurer.se\/"},{"@type":"ListItem","position":2,"name":"Butik","item":"https:\/\/animefigurer.se\/figurer\/"},{"@type":"ListItem","position":3,"name":"Metroid Prime Samus (Varia Suit) Standard Edition Statue"}]},{"@type":"WebSite","@id":"https:\/\/animefigurer.se\/#website","url":"https:\/\/animefigurer.se\/","name":"Animefigurer.se","description":"Anime figures from over 300 different anime series with over 9000 products | Anime Shop","publisher":{"@id":"https:\/\/animefigurer.se\/#organization"},"potentialAction":[{"@type":"SearchAction","target":{"@type":"EntryPoint","urlTemplate":"https:\/\/animefigurer.se\/?s={search_term_string}"},"query-input":{"@type":"PropertyValueSpecification","valueRequired":true,"valueName":"search_term_string"}}],"inLanguage":"en-GB"},{"@type":"Organization","@id":"https:\/\/animefigurer.se\/#organization","name":"Animefigurer.se","alternateName":"Anime figurer | Anime shop","url":"https:\/\/animefigurer.se\/","logo":{"@type":"ImageObject","inLanguage":"en-GB","@id":"https:\/\/animefigurer.se\/#\/schema\/logo\/image\/","url":"https:\/\/animefigurer.se\/wp-content\/uploads\/2025\/12\/Animefigurer_logowhite.png","contentUrl":"https:\/\/animefigurer.se\/wp-content\/uploads\/2025\/12\/Animefigurer_logowhite.png","width":1890,"height":1417,"caption":"Animefigurer.se"},"image":{"@id":"https:\/\/animefigurer.se\/#\/schema\/logo\/image\/"},"sameAs":["https:\/\/www.facebook.com\/profile.php?id=61581826539670","https:\/\/www.instagram.com\/animefigurer.se\/"],"email":"info@animefigurer.se"}]}},"_links":{"self":[{"href":"https:\/\/animefigurer.se\/en\/wp-json\/wp\/v2\/product\/44472","targetHints":{"allow":["GET"]}}],"collection":[{"href":"https:\/\/animefigurer.se\/en\/wp-json\/wp\/v2\/product"}],"about":[{"href":"https:\/\/animefigurer.se\/en\/wp-json\/wp\/v2\/types\/product"}],"replies":[{"embeddable":true,"href":"https:\/\/animefigurer.se\/en\/wp-json\/wp\/v2\/comments?post=44472"}],"wp:featuredmedia":[{"embeddable":true,"href":"https:\/\/animefigurer.se\/en\/wp-json\/wp\/v2\/media\/44473"}],"wp:attachment":[{"href":"https:\/\/animefigurer.se\/en\/wp-json\/wp\/v2\/media?parent=44472"}],"wp:term":[{"taxonomy":"product_brand","embeddable":true,"href":"https:\/\/animefigurer.se\/en\/wp-json\/wp\/v2\/product_brand?post=44472"},{"taxonomy":"product_cat","embeddable":true,"href":"https:\/\/animefigurer.se\/en\/wp-json\/wp\/v2\/product_cat?post=44472"},{"taxonomy":"product_tag","embeddable":true,"href":"https:\/\/animefigurer.se\/en\/wp-json\/wp\/v2\/product_tag?post=44472"},{"taxonomy":"giftcard-category","embeddable":true,"href":"https:\/\/animefigurer.se\/en\/wp-json\/wp\/v2\/giftcard-category?post=44472"}],"curies":[{"name":"wp","href":"https:\/\/api.w.org\/{rel}","templated":true}]}}