{"id":44430,"date":"2025-10-21T00:11:11","date_gmt":"2025-10-20T22:11:11","guid":{"rendered":"https:\/\/animefigurer.se\/produkt\/metal-gear-solid-metal-gear-rex-model-kit\/"},"modified":"2025-12-21T19:31:50","modified_gmt":"2025-12-21T18:31:50","slug":"metal-gear-solid-metal-gear-rex-model-kit","status":"publish","type":"product","link":"https:\/\/animefigurer.se\/en\/figurer\/metal-gear-solid\/metal-gear-solid-metal-gear-rex-model-kit\/","title":{"rendered":"Metal Gear Solid Metal Gear Rex Model Kit"},"content":{"rendered":"<p>Konami&#039;s stealth action series METAL GEAR, which celebrated its 35th anniversary in 2022 and has sold over 60 million copies, presents the very first model of the nuclear-armed bipedal tank METAL GEAR REX from METAL GEAR SOLID.<\/p>\n<p>\u2013 A total of four figures are included: Solid Snake, Liquid Snake and two versions of Cyborg Ninja.<br \/>\n\u2013 The two Cyborg Ninja figures include one in a regular standing pose and one that recreates the iconic scene where he is crushed under METAL GEAR REX&#039;s feet.<br \/>\n\u2013 A specially designed base inspired by the hangar in the series is also included.<\/p>\n<p>*The included figures are unpainted.<br \/>\n* Decals with camouflage patterns are not included.<\/p>","protected":false},"excerpt":{"rendered":"<p>Konami&#039;s stealth action series METAL GEAR, which celebrated its 35th anniversary in 2022 and has sold over 60 million copies, presents the very first model of the nuclear-armed bipedal tank METAL GEAR REX from METAL GEAR SOLID.<\/p>\n<p>\u2013 A total of four figures are included: Solid Snake, Liquid Snake and two versions<\/p>","protected":false},"featured_media":44431,"comment_status":"closed","ping_status":"open","template":"","meta":{"_acf_changed":false,"_monsterinsights_skip_tracking":false,"_monsterinsights_sitenote_active":false,"_monsterinsights_sitenote_note":"","_monsterinsights_sitenote_category":0},"product_brand":[6892],"product_cat":[3745,7233],"product_tag":[26],"giftcard-category":[],"class_list":{"0":"post-44430","1":"product","2":"type-product","3":"status-publish","4":"has-post-thumbnail","6":"product_brand-kotobukiya","7":"product_cat-metal-gear-solid","8":"product_cat-pre-order","9":"product_tag-pre-order","10":"pa_franchise-metal-gear-solid","11":"pa_material-plastic","12":"pa_skala-3758","13":"pa_storlek-22-cm","14":"pa_typ-plastic-model-kit","16":"first","17":"instock","18":"taxable","19":"shipping-taxable","20":"purchasable","21":"product-type-simple"},"acf":[],"yoast_head":"<!-- This site is optimized with the Yoast SEO Premium plugin v24.6 (Yoast SEO v27.3) - https:\/\/yoast.com\/product\/yoast-seo-premium-wordpress\/ -->\n<title>Metal Gear Solid Metal Gear Rex Model Kit | Animefigurer.se<\/title>\n<meta name=\"robots\" content=\"index, follow, max-snippet:-1, max-image-preview:large, max-video-preview:-1\" \/>\n<link rel=\"canonical\" href=\"https:\/\/animefigurer.se\/en\/figurer\/metal-gear-solid\/metal-gear-solid-metal-gear-rex-model-kit\/\" \/>\n<meta property=\"og:locale\" content=\"en_GB\" \/>\n<meta property=\"og:type\" content=\"article\" \/>\n<meta property=\"og:title\" content=\"Metal Gear Solid Metal Gear Rex Model Kit\" \/>\n<meta property=\"og:description\" content=\"Konamis stealth-actionserie METAL GEAR, som firade 35 \u00e5r 2022, har s\u00e5lt \u00f6ver 60 miljoner exemplar och presenterar h\u00e4r den allra f\u00f6rsta modellen av den k\u00e4rnvapenbestyckade tv\u00e5benta stridsvagnen METAL GEAR REX fr\u00e5n METAL GEAR SOLID. - Totalt fyra figurer ing\u00e5r: Solid Snake, Liquid Snake och tv\u00e5 versi\" \/>\n<meta property=\"og:url\" content=\"https:\/\/animefigurer.se\/en\/figurer\/metal-gear-solid\/metal-gear-solid-metal-gear-rex-model-kit\/\" \/>\n<meta property=\"og:site_name\" content=\"Animefigurer.se\" \/>\n<meta property=\"article:publisher\" content=\"https:\/\/www.facebook.com\/profile.php?id=61581826539670\" \/>\n<meta property=\"article:modified_time\" content=\"2025-12-21T18:31:50+00:00\" \/>\n<meta property=\"og:image\" content=\"https:\/\/animefigurer.se\/wp-content\/uploads\/2025\/12\/Animefigurer_logowhite.png\" \/>\n\t<meta property=\"og:image:width\" content=\"1890\" \/>\n\t<meta property=\"og:image:height\" content=\"1417\" \/>\n\t<meta property=\"og:image:type\" content=\"image\/png\" \/>\n<meta name=\"twitter:card\" content=\"summary_large_image\" \/>\n<meta name=\"twitter:label1\" content=\"Estimated reading time\" \/>\n\t<meta name=\"twitter:data1\" content=\"1 minute\" \/>\n<script type=\"application\/ld+json\" class=\"yoast-schema-graph\">{\"@context\":\"https:\\\/\\\/schema.org\",\"@graph\":[{\"@type\":\"WebPage\",\"@id\":\"https:\\\/\\\/animefigurer.se\\\/en\\\/figurer\\\/metal-gear-solid\\\/metal-gear-solid-metal-gear-rex-model-kit\\\/\",\"url\":\"https:\\\/\\\/animefigurer.se\\\/en\\\/figurer\\\/metal-gear-solid\\\/metal-gear-solid-metal-gear-rex-model-kit\\\/\",\"name\":\"Metal Gear Solid Metal Gear Rex Model Kit | Animefigurer.se\",\"isPartOf\":{\"@id\":\"https:\\\/\\\/animefigurer.se\\\/#website\"},\"primaryImageOfPage\":{\"@id\":\"https:\\\/\\\/animefigurer.se\\\/en\\\/figurer\\\/metal-gear-solid\\\/metal-gear-solid-metal-gear-rex-model-kit\\\/#primaryimage\"},\"image\":{\"@id\":\"https:\\\/\\\/animefigurer.se\\\/en\\\/figurer\\\/metal-gear-solid\\\/metal-gear-solid-metal-gear-rex-model-kit\\\/#primaryimage\"},\"thumbnailUrl\":\"https:\\\/\\\/animefigurer.se\\\/wp-content\\\/uploads\\\/2025\\\/10\\\/6606c45996588.jpeg\",\"datePublished\":\"2025-10-20T22:11:11+00:00\",\"dateModified\":\"2025-12-21T18:31:50+00:00\",\"breadcrumb\":{\"@id\":\"https:\\\/\\\/animefigurer.se\\\/en\\\/figurer\\\/metal-gear-solid\\\/metal-gear-solid-metal-gear-rex-model-kit\\\/#breadcrumb\"},\"inLanguage\":\"en-GB\",\"potentialAction\":[{\"@type\":\"ReadAction\",\"target\":[\"https:\\\/\\\/animefigurer.se\\\/en\\\/figurer\\\/metal-gear-solid\\\/metal-gear-solid-metal-gear-rex-model-kit\\\/\"]}]},{\"@type\":\"ImageObject\",\"inLanguage\":\"en-GB\",\"@id\":\"https:\\\/\\\/animefigurer.se\\\/en\\\/figurer\\\/metal-gear-solid\\\/metal-gear-solid-metal-gear-rex-model-kit\\\/#primaryimage\",\"url\":\"https:\\\/\\\/animefigurer.se\\\/wp-content\\\/uploads\\\/2025\\\/10\\\/6606c45996588.jpeg\",\"contentUrl\":\"https:\\\/\\\/animefigurer.se\\\/wp-content\\\/uploads\\\/2025\\\/10\\\/6606c45996588.jpeg\",\"width\":720,\"height\":540},{\"@type\":\"BreadcrumbList\",\"@id\":\"https:\\\/\\\/animefigurer.se\\\/en\\\/figurer\\\/metal-gear-solid\\\/metal-gear-solid-metal-gear-rex-model-kit\\\/#breadcrumb\",\"itemListElement\":[{\"@type\":\"ListItem\",\"position\":1,\"name\":\"Home\",\"item\":\"https:\\\/\\\/animefigurer.se\\\/\"},{\"@type\":\"ListItem\",\"position\":2,\"name\":\"Butik\",\"item\":\"https:\\\/\\\/animefigurer.se\\\/figurer\\\/\"},{\"@type\":\"ListItem\",\"position\":3,\"name\":\"Metal Gear Solid Metal Gear Rex Model Kit\"}]},{\"@type\":\"WebSite\",\"@id\":\"https:\\\/\\\/animefigurer.se\\\/#website\",\"url\":\"https:\\\/\\\/animefigurer.se\\\/\",\"name\":\"Animefigurer.se\",\"description\":\"Anime figurer fr\u00e5n \u00f6ver 300 olika anime serier med \u00f6ver 9000 produkter | Anime Shop\",\"publisher\":{\"@id\":\"https:\\\/\\\/animefigurer.se\\\/#organization\"},\"potentialAction\":[{\"@type\":\"SearchAction\",\"target\":{\"@type\":\"EntryPoint\",\"urlTemplate\":\"https:\\\/\\\/animefigurer.se\\\/?s={search_term_string}\"},\"query-input\":{\"@type\":\"PropertyValueSpecification\",\"valueRequired\":true,\"valueName\":\"search_term_string\"}}],\"inLanguage\":\"en-GB\"},{\"@type\":\"Organization\",\"@id\":\"https:\\\/\\\/animefigurer.se\\\/#organization\",\"name\":\"Animefigurer.se\",\"alternateName\":\"Anime figurer | Anime shop\",\"url\":\"https:\\\/\\\/animefigurer.se\\\/\",\"logo\":{\"@type\":\"ImageObject\",\"inLanguage\":\"en-GB\",\"@id\":\"https:\\\/\\\/animefigurer.se\\\/#\\\/schema\\\/logo\\\/image\\\/\",\"url\":\"https:\\\/\\\/animefigurer.se\\\/wp-content\\\/uploads\\\/2025\\\/12\\\/Animefigurer_logowhite.png\",\"contentUrl\":\"https:\\\/\\\/animefigurer.se\\\/wp-content\\\/uploads\\\/2025\\\/12\\\/Animefigurer_logowhite.png\",\"width\":1890,\"height\":1417,\"caption\":\"Animefigurer.se\"},\"image\":{\"@id\":\"https:\\\/\\\/animefigurer.se\\\/#\\\/schema\\\/logo\\\/image\\\/\"},\"sameAs\":[\"https:\\\/\\\/www.facebook.com\\\/profile.php?id=61581826539670\",\"https:\\\/\\\/www.instagram.com\\\/animefigurer.se\\\/\"],\"email\":\"info@animefigurer.se\"}]}<\/script>\n<!-- \/ Yoast SEO Premium plugin. -->","yoast_head_json":{"title":"Metal Gear Solid Metal Gear Rex Model Kit | Animefigurer.se","robots":{"index":"index","follow":"follow","max-snippet":"max-snippet:-1","max-image-preview":"max-image-preview:large","max-video-preview":"max-video-preview:-1"},"canonical":"https:\/\/animefigurer.se\/en\/figurer\/metal-gear-solid\/metal-gear-solid-metal-gear-rex-model-kit\/","og_locale":"en_GB","og_type":"article","og_title":"Metal Gear Solid Metal Gear Rex Model Kit","og_description":"Konamis stealth-actionserie METAL GEAR, som firade 35 \u00e5r 2022, har s\u00e5lt \u00f6ver 60 miljoner exemplar och presenterar h\u00e4r den allra f\u00f6rsta modellen av den k\u00e4rnvapenbestyckade tv\u00e5benta stridsvagnen METAL GEAR REX fr\u00e5n METAL GEAR SOLID. - Totalt fyra figurer ing\u00e5r: Solid Snake, Liquid Snake och tv\u00e5 versi","og_url":"https:\/\/animefigurer.se\/en\/figurer\/metal-gear-solid\/metal-gear-solid-metal-gear-rex-model-kit\/","og_site_name":"Animefigurer.se","article_publisher":"https:\/\/www.facebook.com\/profile.php?id=61581826539670","article_modified_time":"2025-12-21T18:31:50+00:00","og_image":[{"width":1890,"height":1417,"url":"https:\/\/animefigurer.se\/wp-content\/uploads\/2025\/12\/Animefigurer_logowhite.png","type":"image\/png"}],"twitter_card":"summary_large_image","twitter_misc":{"Estimated reading time":"1 minute"},"schema":{"@context":"https:\/\/schema.org","@graph":[{"@type":"WebPage","@id":"https:\/\/animefigurer.se\/en\/figurer\/metal-gear-solid\/metal-gear-solid-metal-gear-rex-model-kit\/","url":"https:\/\/animefigurer.se\/en\/figurer\/metal-gear-solid\/metal-gear-solid-metal-gear-rex-model-kit\/","name":"Metal Gear Solid Metal Gear Rex Model Kit | Animefigurer.se","isPartOf":{"@id":"https:\/\/animefigurer.se\/#website"},"primaryImageOfPage":{"@id":"https:\/\/animefigurer.se\/en\/figurer\/metal-gear-solid\/metal-gear-solid-metal-gear-rex-model-kit\/#primaryimage"},"image":{"@id":"https:\/\/animefigurer.se\/en\/figurer\/metal-gear-solid\/metal-gear-solid-metal-gear-rex-model-kit\/#primaryimage"},"thumbnailUrl":"https:\/\/animefigurer.se\/wp-content\/uploads\/2025\/10\/6606c45996588.jpeg","datePublished":"2025-10-20T22:11:11+00:00","dateModified":"2025-12-21T18:31:50+00:00","breadcrumb":{"@id":"https:\/\/animefigurer.se\/en\/figurer\/metal-gear-solid\/metal-gear-solid-metal-gear-rex-model-kit\/#breadcrumb"},"inLanguage":"en-GB","potentialAction":[{"@type":"ReadAction","target":["https:\/\/animefigurer.se\/en\/figurer\/metal-gear-solid\/metal-gear-solid-metal-gear-rex-model-kit\/"]}]},{"@type":"ImageObject","inLanguage":"en-GB","@id":"https:\/\/animefigurer.se\/en\/figurer\/metal-gear-solid\/metal-gear-solid-metal-gear-rex-model-kit\/#primaryimage","url":"https:\/\/animefigurer.se\/wp-content\/uploads\/2025\/10\/6606c45996588.jpeg","contentUrl":"https:\/\/animefigurer.se\/wp-content\/uploads\/2025\/10\/6606c45996588.jpeg","width":720,"height":540},{"@type":"BreadcrumbList","@id":"https:\/\/animefigurer.se\/en\/figurer\/metal-gear-solid\/metal-gear-solid-metal-gear-rex-model-kit\/#breadcrumb","itemListElement":[{"@type":"ListItem","position":1,"name":"Home","item":"https:\/\/animefigurer.se\/"},{"@type":"ListItem","position":2,"name":"Butik","item":"https:\/\/animefigurer.se\/figurer\/"},{"@type":"ListItem","position":3,"name":"Metal Gear Solid Metal Gear Rex Model Kit"}]},{"@type":"WebSite","@id":"https:\/\/animefigurer.se\/#website","url":"https:\/\/animefigurer.se\/","name":"Animefigurer.se","description":"Anime figures from over 300 different anime series with over 9000 products | Anime Shop","publisher":{"@id":"https:\/\/animefigurer.se\/#organization"},"potentialAction":[{"@type":"SearchAction","target":{"@type":"EntryPoint","urlTemplate":"https:\/\/animefigurer.se\/?s={search_term_string}"},"query-input":{"@type":"PropertyValueSpecification","valueRequired":true,"valueName":"search_term_string"}}],"inLanguage":"en-GB"},{"@type":"Organization","@id":"https:\/\/animefigurer.se\/#organization","name":"Animefigurer.se","alternateName":"Anime figurer | Anime shop","url":"https:\/\/animefigurer.se\/","logo":{"@type":"ImageObject","inLanguage":"en-GB","@id":"https:\/\/animefigurer.se\/#\/schema\/logo\/image\/","url":"https:\/\/animefigurer.se\/wp-content\/uploads\/2025\/12\/Animefigurer_logowhite.png","contentUrl":"https:\/\/animefigurer.se\/wp-content\/uploads\/2025\/12\/Animefigurer_logowhite.png","width":1890,"height":1417,"caption":"Animefigurer.se"},"image":{"@id":"https:\/\/animefigurer.se\/#\/schema\/logo\/image\/"},"sameAs":["https:\/\/www.facebook.com\/profile.php?id=61581826539670","https:\/\/www.instagram.com\/animefigurer.se\/"],"email":"info@animefigurer.se"}]}},"_links":{"self":[{"href":"https:\/\/animefigurer.se\/en\/wp-json\/wp\/v2\/product\/44430","targetHints":{"allow":["GET"]}}],"collection":[{"href":"https:\/\/animefigurer.se\/en\/wp-json\/wp\/v2\/product"}],"about":[{"href":"https:\/\/animefigurer.se\/en\/wp-json\/wp\/v2\/types\/product"}],"replies":[{"embeddable":true,"href":"https:\/\/animefigurer.se\/en\/wp-json\/wp\/v2\/comments?post=44430"}],"wp:featuredmedia":[{"embeddable":true,"href":"https:\/\/animefigurer.se\/en\/wp-json\/wp\/v2\/media\/44431"}],"wp:attachment":[{"href":"https:\/\/animefigurer.se\/en\/wp-json\/wp\/v2\/media?parent=44430"}],"wp:term":[{"taxonomy":"product_brand","embeddable":true,"href":"https:\/\/animefigurer.se\/en\/wp-json\/wp\/v2\/product_brand?post=44430"},{"taxonomy":"product_cat","embeddable":true,"href":"https:\/\/animefigurer.se\/en\/wp-json\/wp\/v2\/product_cat?post=44430"},{"taxonomy":"product_tag","embeddable":true,"href":"https:\/\/animefigurer.se\/en\/wp-json\/wp\/v2\/product_tag?post=44430"},{"taxonomy":"giftcard-category","embeddable":true,"href":"https:\/\/animefigurer.se\/en\/wp-json\/wp\/v2\/giftcard-category?post=44430"}],"curies":[{"name":"wp","href":"https:\/\/api.w.org\/{rel}","templated":true}]}}