{"id":44332,"date":"2025-10-21T00:11:11","date_gmt":"2025-10-20T22:11:11","guid":{"rendered":"https:\/\/animefigurer.se\/produkt\/metal-gear-solid-1-figgyz-magnet-collectible-liquid-snake\/"},"modified":"2026-04-21T10:47:17","modified_gmt":"2026-04-21T08:47:17","slug":"metal-gear-solid-1-figgyz-magnet-collectible-liquid-snake","status":"publish","type":"product","link":"https:\/\/animefigurer.se\/en\/figurer\/metal-gear-solid\/metal-gear-solid-1-figgyz-magnet-collectible-liquid-snake\/","title":{"rendered":"Metal Gear Solid 1 FiGGYZ Magnet Collectible Liquid Snake"},"content":{"rendered":"<p>FiGGYZ is a collectible concept for fans of video games, anime and pop culture that combines classic pixel art with practical display solutions. They are created to add both nostalgia and color to the collection and look just as good on the wall as on a shelf.<\/p>\n<p>Each FiGGYZ is magnetic and features a reversible metal backplate that lets you vary the presentation. Featuring characters in vibrant pixel art, they offer a compact, stylish way to display favorites. FiGGYZ stand approximately 4.5 inches tall \u2014 perfect for a shelf, desk, or wall without taking up too much space. A QR code comes with each figure and links to the FiGGIZ app where you can track your collection, unlock rewards, and collect achievements.<\/p>\n<p>Each FiGGYZ comes with a special stand for tabletop or shelf display. The metal plate is easy to flip to refresh the display. It also comes with a magnetic sticker that allows you to attach the figure to any vertical metal surface, which is handy when you&#039;re short on shelf space. Display them on walls, refrigerators or office cabinets and switch between display modes as easily as placing it on a desk.<\/p>","protected":false},"excerpt":{"rendered":"<p>FiGGYZ is a collectible concept for fans of video games, anime and pop culture that combines classic pixel art with practical display solutions. They are created to add both nostalgia and color to the collection and look just as good on the wall as on a shelf.<\/p>\n<p>Each FiGGYZ is magnetic and has a reversible metal backing plate<\/p>","protected":false},"featured_media":44333,"comment_status":"closed","ping_status":"closed","template":"","meta":{"_acf_changed":false,"_monsterinsights_skip_tracking":false,"_monsterinsights_sitenote_active":false,"_monsterinsights_sitenote_note":"","_monsterinsights_sitenote_category":0},"product_brand":[6982],"product_cat":[3745],"product_tag":[24],"giftcard-category":[],"class_list":{"0":"post-44332","1":"product","2":"type-product","3":"status-publish","4":"has-post-thumbnail","6":"product_brand-figgyz","7":"product_cat-metal-gear-solid","8":"product_tag-2-3-weeks","9":"pa_franchise-metal-gear-solid","10":"pa_karaktar-liquid-snake","11":"pa_storlek-11-cm","13":"first","14":"instock","15":"taxable","16":"shipping-taxable","17":"purchasable","18":"product-type-simple"},"acf":[],"yoast_head":"<!-- This site is optimized with the Yoast SEO Premium plugin v24.6 (Yoast SEO v27.3) - https:\/\/yoast.com\/product\/yoast-seo-premium-wordpress\/ -->\n<title>Metal Gear Solid 1 FiGGYZ Magnet Collectible Liquid Snake | Animefigurer.se<\/title>\n<meta name=\"robots\" content=\"index, follow, max-snippet:-1, max-image-preview:large, max-video-preview:-1\" \/>\n<link rel=\"canonical\" href=\"https:\/\/animefigurer.se\/en\/figurer\/metal-gear-solid\/metal-gear-solid-1-figgyz-magnet-collectible-liquid-snake\/\" \/>\n<meta property=\"og:locale\" content=\"en_GB\" \/>\n<meta property=\"og:type\" content=\"article\" \/>\n<meta property=\"og:title\" content=\"Metal Gear Solid 1 FiGGYZ Magnet Collectible Liquid Snake\" \/>\n<meta property=\"og:description\" content=\"FiGGYZ \u00e4r ett samlarkoncept f\u00f6r fans av videospel, anime och popkultur som f\u00f6renar klassisk pixelstil med praktiska visningsl\u00f6sningar. De \u00e4r skapade f\u00f6r att ge b\u00e5de nostalgi och f\u00e4rg \u00e5t samlingen och syns lika bra p\u00e5 v\u00e4ggen som p\u00e5 en hylla.  Varje FiGGYZ \u00e4r magnetiskt och har en v\u00e4ndbar metallbakpla\" \/>\n<meta property=\"og:url\" content=\"https:\/\/animefigurer.se\/en\/figurer\/metal-gear-solid\/metal-gear-solid-1-figgyz-magnet-collectible-liquid-snake\/\" \/>\n<meta property=\"og:site_name\" content=\"Animefigurer.se\" \/>\n<meta property=\"article:publisher\" content=\"https:\/\/www.facebook.com\/profile.php?id=61581826539670\" \/>\n<meta property=\"article:modified_time\" content=\"2026-04-21T08:47:17+00:00\" \/>\n<meta property=\"og:image\" content=\"https:\/\/animefigurer.se\/wp-content\/uploads\/2025\/12\/Animefigurer_logowhite.png\" \/>\n\t<meta property=\"og:image:width\" content=\"1890\" \/>\n\t<meta property=\"og:image:height\" content=\"1417\" \/>\n\t<meta property=\"og:image:type\" content=\"image\/png\" \/>\n<meta name=\"twitter:card\" content=\"summary_large_image\" \/>\n<meta name=\"twitter:label1\" content=\"Estimated reading time\" \/>\n\t<meta name=\"twitter:data1\" content=\"2 minutes\" \/>\n<script type=\"application\/ld+json\" class=\"yoast-schema-graph\">{\"@context\":\"https:\\\/\\\/schema.org\",\"@graph\":[{\"@type\":\"WebPage\",\"@id\":\"https:\\\/\\\/animefigurer.se\\\/figurer\\\/metal-gear-solid\\\/metal-gear-solid-1-figgyz-magnet-collectible-liquid-snake\\\/\",\"url\":\"https:\\\/\\\/animefigurer.se\\\/figurer\\\/metal-gear-solid\\\/metal-gear-solid-1-figgyz-magnet-collectible-liquid-snake\\\/\",\"name\":\"Metal Gear Solid 1 FiGGYZ Magnet Collectible Liquid Snake | Animefigurer.se\",\"isPartOf\":{\"@id\":\"https:\\\/\\\/animefigurer.se\\\/#website\"},\"primaryImageOfPage\":{\"@id\":\"https:\\\/\\\/animefigurer.se\\\/figurer\\\/metal-gear-solid\\\/metal-gear-solid-1-figgyz-magnet-collectible-liquid-snake\\\/#primaryimage\"},\"image\":{\"@id\":\"https:\\\/\\\/animefigurer.se\\\/figurer\\\/metal-gear-solid\\\/metal-gear-solid-1-figgyz-magnet-collectible-liquid-snake\\\/#primaryimage\"},\"thumbnailUrl\":\"https:\\\/\\\/animefigurer.se\\\/wp-content\\\/uploads\\\/2025\\\/10\\\/68c42ee0276b7.jpeg\",\"datePublished\":\"2025-10-20T22:11:11+00:00\",\"dateModified\":\"2026-04-21T08:47:17+00:00\",\"breadcrumb\":{\"@id\":\"https:\\\/\\\/animefigurer.se\\\/figurer\\\/metal-gear-solid\\\/metal-gear-solid-1-figgyz-magnet-collectible-liquid-snake\\\/#breadcrumb\"},\"inLanguage\":\"en-GB\",\"potentialAction\":[{\"@type\":\"ReadAction\",\"target\":[\"https:\\\/\\\/animefigurer.se\\\/figurer\\\/metal-gear-solid\\\/metal-gear-solid-1-figgyz-magnet-collectible-liquid-snake\\\/\"]}]},{\"@type\":\"ImageObject\",\"inLanguage\":\"en-GB\",\"@id\":\"https:\\\/\\\/animefigurer.se\\\/figurer\\\/metal-gear-solid\\\/metal-gear-solid-1-figgyz-magnet-collectible-liquid-snake\\\/#primaryimage\",\"url\":\"https:\\\/\\\/animefigurer.se\\\/wp-content\\\/uploads\\\/2025\\\/10\\\/68c42ee0276b7.jpeg\",\"contentUrl\":\"https:\\\/\\\/animefigurer.se\\\/wp-content\\\/uploads\\\/2025\\\/10\\\/68c42ee0276b7.jpeg\",\"width\":1000,\"height\":1000},{\"@type\":\"BreadcrumbList\",\"@id\":\"https:\\\/\\\/animefigurer.se\\\/figurer\\\/metal-gear-solid\\\/metal-gear-solid-1-figgyz-magnet-collectible-liquid-snake\\\/#breadcrumb\",\"itemListElement\":[{\"@type\":\"ListItem\",\"position\":1,\"name\":\"Home\",\"item\":\"https:\\\/\\\/animefigurer.se\\\/\"},{\"@type\":\"ListItem\",\"position\":2,\"name\":\"Butik\",\"item\":\"https:\\\/\\\/animefigurer.se\\\/figurer\\\/\"},{\"@type\":\"ListItem\",\"position\":3,\"name\":\"Metal Gear Solid 1 FiGGYZ Magnet Collectible Liquid Snake\"}]},{\"@type\":\"WebSite\",\"@id\":\"https:\\\/\\\/animefigurer.se\\\/#website\",\"url\":\"https:\\\/\\\/animefigurer.se\\\/\",\"name\":\"Animefigurer.se\",\"description\":\"Anime figurer fr\u00e5n \u00f6ver 300 olika anime serier med \u00f6ver 9000 produkter | Anime Shop\",\"publisher\":{\"@id\":\"https:\\\/\\\/animefigurer.se\\\/#organization\"},\"potentialAction\":[{\"@type\":\"SearchAction\",\"target\":{\"@type\":\"EntryPoint\",\"urlTemplate\":\"https:\\\/\\\/animefigurer.se\\\/?s={search_term_string}\"},\"query-input\":{\"@type\":\"PropertyValueSpecification\",\"valueRequired\":true,\"valueName\":\"search_term_string\"}}],\"inLanguage\":\"en-GB\"},{\"@type\":\"Organization\",\"@id\":\"https:\\\/\\\/animefigurer.se\\\/#organization\",\"name\":\"Animefigurer.se\",\"alternateName\":\"Anime figurer | Anime shop\",\"url\":\"https:\\\/\\\/animefigurer.se\\\/\",\"logo\":{\"@type\":\"ImageObject\",\"inLanguage\":\"en-GB\",\"@id\":\"https:\\\/\\\/animefigurer.se\\\/#\\\/schema\\\/logo\\\/image\\\/\",\"url\":\"https:\\\/\\\/animefigurer.se\\\/wp-content\\\/uploads\\\/2025\\\/12\\\/Animefigurer_logowhite.png\",\"contentUrl\":\"https:\\\/\\\/animefigurer.se\\\/wp-content\\\/uploads\\\/2025\\\/12\\\/Animefigurer_logowhite.png\",\"width\":1890,\"height\":1417,\"caption\":\"Animefigurer.se\"},\"image\":{\"@id\":\"https:\\\/\\\/animefigurer.se\\\/#\\\/schema\\\/logo\\\/image\\\/\"},\"sameAs\":[\"https:\\\/\\\/www.facebook.com\\\/profile.php?id=61581826539670\",\"https:\\\/\\\/www.instagram.com\\\/animefigurer.se\\\/\"],\"email\":\"info@animefigurer.se\"}]}<\/script>\n<!-- \/ Yoast SEO Premium plugin. -->","yoast_head_json":{"title":"Metal Gear Solid 1 FiGGYZ Magnet Collectible Liquid Snake | Animefigurer.se","robots":{"index":"index","follow":"follow","max-snippet":"max-snippet:-1","max-image-preview":"max-image-preview:large","max-video-preview":"max-video-preview:-1"},"canonical":"https:\/\/animefigurer.se\/en\/figurer\/metal-gear-solid\/metal-gear-solid-1-figgyz-magnet-collectible-liquid-snake\/","og_locale":"en_GB","og_type":"article","og_title":"Metal Gear Solid 1 FiGGYZ Magnet Collectible Liquid Snake","og_description":"FiGGYZ \u00e4r ett samlarkoncept f\u00f6r fans av videospel, anime och popkultur som f\u00f6renar klassisk pixelstil med praktiska visningsl\u00f6sningar. De \u00e4r skapade f\u00f6r att ge b\u00e5de nostalgi och f\u00e4rg \u00e5t samlingen och syns lika bra p\u00e5 v\u00e4ggen som p\u00e5 en hylla.  Varje FiGGYZ \u00e4r magnetiskt och har en v\u00e4ndbar metallbakpla","og_url":"https:\/\/animefigurer.se\/en\/figurer\/metal-gear-solid\/metal-gear-solid-1-figgyz-magnet-collectible-liquid-snake\/","og_site_name":"Animefigurer.se","article_publisher":"https:\/\/www.facebook.com\/profile.php?id=61581826539670","article_modified_time":"2026-04-21T08:47:17+00:00","og_image":[{"width":1890,"height":1417,"url":"https:\/\/animefigurer.se\/wp-content\/uploads\/2025\/12\/Animefigurer_logowhite.png","type":"image\/png"}],"twitter_card":"summary_large_image","twitter_misc":{"Estimated reading time":"2 minutes"},"schema":{"@context":"https:\/\/schema.org","@graph":[{"@type":"WebPage","@id":"https:\/\/animefigurer.se\/figurer\/metal-gear-solid\/metal-gear-solid-1-figgyz-magnet-collectible-liquid-snake\/","url":"https:\/\/animefigurer.se\/figurer\/metal-gear-solid\/metal-gear-solid-1-figgyz-magnet-collectible-liquid-snake\/","name":"Metal Gear Solid 1 FiGGYZ Magnet Collectible Liquid Snake | Animefigurer.se","isPartOf":{"@id":"https:\/\/animefigurer.se\/#website"},"primaryImageOfPage":{"@id":"https:\/\/animefigurer.se\/figurer\/metal-gear-solid\/metal-gear-solid-1-figgyz-magnet-collectible-liquid-snake\/#primaryimage"},"image":{"@id":"https:\/\/animefigurer.se\/figurer\/metal-gear-solid\/metal-gear-solid-1-figgyz-magnet-collectible-liquid-snake\/#primaryimage"},"thumbnailUrl":"https:\/\/animefigurer.se\/wp-content\/uploads\/2025\/10\/68c42ee0276b7.jpeg","datePublished":"2025-10-20T22:11:11+00:00","dateModified":"2026-04-21T08:47:17+00:00","breadcrumb":{"@id":"https:\/\/animefigurer.se\/figurer\/metal-gear-solid\/metal-gear-solid-1-figgyz-magnet-collectible-liquid-snake\/#breadcrumb"},"inLanguage":"en-GB","potentialAction":[{"@type":"ReadAction","target":["https:\/\/animefigurer.se\/figurer\/metal-gear-solid\/metal-gear-solid-1-figgyz-magnet-collectible-liquid-snake\/"]}]},{"@type":"ImageObject","inLanguage":"en-GB","@id":"https:\/\/animefigurer.se\/figurer\/metal-gear-solid\/metal-gear-solid-1-figgyz-magnet-collectible-liquid-snake\/#primaryimage","url":"https:\/\/animefigurer.se\/wp-content\/uploads\/2025\/10\/68c42ee0276b7.jpeg","contentUrl":"https:\/\/animefigurer.se\/wp-content\/uploads\/2025\/10\/68c42ee0276b7.jpeg","width":1000,"height":1000},{"@type":"BreadcrumbList","@id":"https:\/\/animefigurer.se\/figurer\/metal-gear-solid\/metal-gear-solid-1-figgyz-magnet-collectible-liquid-snake\/#breadcrumb","itemListElement":[{"@type":"ListItem","position":1,"name":"Home","item":"https:\/\/animefigurer.se\/"},{"@type":"ListItem","position":2,"name":"Butik","item":"https:\/\/animefigurer.se\/figurer\/"},{"@type":"ListItem","position":3,"name":"Metal Gear Solid 1 FiGGYZ Magnet Collectible Liquid Snake"}]},{"@type":"WebSite","@id":"https:\/\/animefigurer.se\/#website","url":"https:\/\/animefigurer.se\/","name":"Animefigurer.se","description":"Anime figures from over 300 different anime series with over 9000 products | Anime Shop","publisher":{"@id":"https:\/\/animefigurer.se\/#organization"},"potentialAction":[{"@type":"SearchAction","target":{"@type":"EntryPoint","urlTemplate":"https:\/\/animefigurer.se\/?s={search_term_string}"},"query-input":{"@type":"PropertyValueSpecification","valueRequired":true,"valueName":"search_term_string"}}],"inLanguage":"en-GB"},{"@type":"Organization","@id":"https:\/\/animefigurer.se\/#organization","name":"Animefigurer.se","alternateName":"Anime figurer | Anime shop","url":"https:\/\/animefigurer.se\/","logo":{"@type":"ImageObject","inLanguage":"en-GB","@id":"https:\/\/animefigurer.se\/#\/schema\/logo\/image\/","url":"https:\/\/animefigurer.se\/wp-content\/uploads\/2025\/12\/Animefigurer_logowhite.png","contentUrl":"https:\/\/animefigurer.se\/wp-content\/uploads\/2025\/12\/Animefigurer_logowhite.png","width":1890,"height":1417,"caption":"Animefigurer.se"},"image":{"@id":"https:\/\/animefigurer.se\/#\/schema\/logo\/image\/"},"sameAs":["https:\/\/www.facebook.com\/profile.php?id=61581826539670","https:\/\/www.instagram.com\/animefigurer.se\/"],"email":"info@animefigurer.se"}]}},"_links":{"self":[{"href":"https:\/\/animefigurer.se\/en\/wp-json\/wp\/v2\/product\/44332","targetHints":{"allow":["GET"]}}],"collection":[{"href":"https:\/\/animefigurer.se\/en\/wp-json\/wp\/v2\/product"}],"about":[{"href":"https:\/\/animefigurer.se\/en\/wp-json\/wp\/v2\/types\/product"}],"replies":[{"embeddable":true,"href":"https:\/\/animefigurer.se\/en\/wp-json\/wp\/v2\/comments?post=44332"}],"wp:featuredmedia":[{"embeddable":true,"href":"https:\/\/animefigurer.se\/en\/wp-json\/wp\/v2\/media\/44333"}],"wp:attachment":[{"href":"https:\/\/animefigurer.se\/en\/wp-json\/wp\/v2\/media?parent=44332"}],"wp:term":[{"taxonomy":"product_brand","embeddable":true,"href":"https:\/\/animefigurer.se\/en\/wp-json\/wp\/v2\/product_brand?post=44332"},{"taxonomy":"product_cat","embeddable":true,"href":"https:\/\/animefigurer.se\/en\/wp-json\/wp\/v2\/product_cat?post=44332"},{"taxonomy":"product_tag","embeddable":true,"href":"https:\/\/animefigurer.se\/en\/wp-json\/wp\/v2\/product_tag?post=44332"},{"taxonomy":"giftcard-category","embeddable":true,"href":"https:\/\/animefigurer.se\/en\/wp-json\/wp\/v2\/giftcard-category?post=44332"}],"curies":[{"name":"wp","href":"https:\/\/api.w.org\/{rel}","templated":true}]}}