{"id":44317,"date":"2025-10-21T00:10:41","date_gmt":"2025-10-20T22:10:41","guid":{"rendered":"https:\/\/animefigurer.se\/produkt\/metal-gear-solid-3-figgyz-magnet-collectible-big-boss-requiem\/"},"modified":"2026-04-06T13:34:37","modified_gmt":"2026-04-06T11:34:37","slug":"metal-gear-solid-3-figgyz-magnet-collectible-big-boss-requiem","status":"publish","type":"product","link":"https:\/\/animefigurer.se\/en\/figurer\/metal-gear-solid\/metal-gear-solid-3-figgyz-magnet-collectible-big-boss-requiem\/","title":{"rendered":"Metal Gear Solid 3 FiGGYZ Magnet Collectible Big Boss Requiem"},"content":{"rendered":"<p>A must-have for collectors of games, anime, and pop culture, FiGGYZ captures both nostalgia and playful design with its classic pixel art style and flexible display options - perfect for bringing shelves, desks, or walls to life.<\/p>\n<p>Each FiGGYZ is magnetic and features a reversible metal backplate so you can easily change the look of your display. Crafted in a colorful pixel style, the figure stands 11cm tall, a compact size that makes it easy to display without taking up space. Each copy also includes a QR code that links to the FiGGIZ app and unlocks features like collection overview, special rewards and achievements.<\/p>\n<p>Included is a dedicated stand that lets you display FiGGYZ on a shelf or desk. The metal plate can be quickly flipped to change the motif and keep the display fresh. Plus, a magnetic sticker is included to attach your FiGGYZ to any vertical metal surface \u2013 perfect if you\u2019re running out of shelf space. Stick them to walls, refrigerators or filing cabinets and flip them over just as easily as when they\u2019re on a table.<\/p>","protected":false},"excerpt":{"rendered":"<p>A must-have for collectors of games, anime, and pop culture, FiGGYZ captures both nostalgia and playful design with its classic pixel art style and flexible display options - perfect for bringing shelves, desks, or walls to life.<\/p>\n<p>Each FiGGYZ is magnetic and comes with a reversible backplate<\/p>","protected":false},"featured_media":44318,"comment_status":"closed","ping_status":"closed","template":"","meta":{"_acf_changed":false,"_monsterinsights_skip_tracking":false,"_monsterinsights_sitenote_active":false,"_monsterinsights_sitenote_note":"","_monsterinsights_sitenote_category":0},"product_brand":[6982],"product_cat":[3745],"product_tag":[24],"giftcard-category":[],"class_list":{"0":"post-44317","1":"product","2":"type-product","3":"status-publish","4":"has-post-thumbnail","6":"product_brand-figgyz","7":"product_cat-metal-gear-solid","8":"product_tag-2-3-weeks","9":"pa_franchise-metal-gear-solid","10":"pa_karaktar-big-boss-requiem","11":"pa_storlek-11-cm","13":"first","14":"instock","15":"taxable","16":"shipping-taxable","17":"purchasable","18":"product-type-simple"},"acf":[],"yoast_head":"<!-- This site is optimized with the Yoast SEO Premium plugin v24.6 (Yoast SEO v27.3) - https:\/\/yoast.com\/product\/yoast-seo-premium-wordpress\/ -->\n<title>Metal Gear Solid 3 FiGGYZ Magnet Collectible Big Boss Requiem | Animefigurer.se<\/title>\n<meta name=\"robots\" content=\"index, follow, max-snippet:-1, max-image-preview:large, max-video-preview:-1\" \/>\n<link rel=\"canonical\" href=\"https:\/\/animefigurer.se\/en\/figurer\/metal-gear-solid\/metal-gear-solid-3-figgyz-magnet-collectible-big-boss-requiem\/\" \/>\n<meta property=\"og:locale\" content=\"en_GB\" \/>\n<meta property=\"og:type\" content=\"article\" \/>\n<meta property=\"og:title\" content=\"Metal Gear Solid 3 FiGGYZ Magnet Collectible Big Boss Requiem\" \/>\n<meta property=\"og:description\" content=\"FiGGYZ \u00e4r ett m\u00e5ste f\u00f6r samlare av spel, anime och popkultur. Med sin klassiska pixelkonststil och flexibla visningsm\u00f6jligheter f\u00e5ngar FiGGYZ b\u00e5de nostalgi och lekfull design \u2013 perfekt f\u00f6r att ge liv \u00e5t hyllor, skrivbord eller v\u00e4ggar.  Varje FiGGYZ \u00e4r magnetisk och f\u00f6rsedda med en v\u00e4ndbar bakplatta\" \/>\n<meta property=\"og:url\" content=\"https:\/\/animefigurer.se\/en\/figurer\/metal-gear-solid\/metal-gear-solid-3-figgyz-magnet-collectible-big-boss-requiem\/\" \/>\n<meta property=\"og:site_name\" content=\"Animefigurer.se\" \/>\n<meta property=\"article:publisher\" content=\"https:\/\/www.facebook.com\/profile.php?id=61581826539670\" \/>\n<meta property=\"article:modified_time\" content=\"2026-04-06T11:34:37+00:00\" \/>\n<meta property=\"og:image\" content=\"https:\/\/animefigurer.se\/wp-content\/uploads\/2025\/12\/Animefigurer_logowhite.png\" \/>\n\t<meta property=\"og:image:width\" content=\"1890\" \/>\n\t<meta property=\"og:image:height\" content=\"1417\" \/>\n\t<meta property=\"og:image:type\" content=\"image\/png\" \/>\n<meta name=\"twitter:card\" content=\"summary_large_image\" \/>\n<meta name=\"twitter:label1\" content=\"Estimated reading time\" \/>\n\t<meta name=\"twitter:data1\" content=\"2 minutes\" \/>\n<script type=\"application\/ld+json\" class=\"yoast-schema-graph\">{\"@context\":\"https:\\\/\\\/schema.org\",\"@graph\":[{\"@type\":\"WebPage\",\"@id\":\"https:\\\/\\\/animefigurer.se\\\/figurer\\\/metal-gear-solid\\\/metal-gear-solid-3-figgyz-magnet-collectible-big-boss-requiem\\\/\",\"url\":\"https:\\\/\\\/animefigurer.se\\\/figurer\\\/metal-gear-solid\\\/metal-gear-solid-3-figgyz-magnet-collectible-big-boss-requiem\\\/\",\"name\":\"Metal Gear Solid 3 FiGGYZ Magnet Collectible Big Boss Requiem | Animefigurer.se\",\"isPartOf\":{\"@id\":\"https:\\\/\\\/animefigurer.se\\\/#website\"},\"primaryImageOfPage\":{\"@id\":\"https:\\\/\\\/animefigurer.se\\\/figurer\\\/metal-gear-solid\\\/metal-gear-solid-3-figgyz-magnet-collectible-big-boss-requiem\\\/#primaryimage\"},\"image\":{\"@id\":\"https:\\\/\\\/animefigurer.se\\\/figurer\\\/metal-gear-solid\\\/metal-gear-solid-3-figgyz-magnet-collectible-big-boss-requiem\\\/#primaryimage\"},\"thumbnailUrl\":\"https:\\\/\\\/animefigurer.se\\\/wp-content\\\/uploads\\\/2025\\\/10\\\/68c430125eea7.jpeg\",\"datePublished\":\"2025-10-20T22:10:41+00:00\",\"dateModified\":\"2026-04-06T11:34:37+00:00\",\"breadcrumb\":{\"@id\":\"https:\\\/\\\/animefigurer.se\\\/figurer\\\/metal-gear-solid\\\/metal-gear-solid-3-figgyz-magnet-collectible-big-boss-requiem\\\/#breadcrumb\"},\"inLanguage\":\"en-GB\",\"potentialAction\":[{\"@type\":\"ReadAction\",\"target\":[\"https:\\\/\\\/animefigurer.se\\\/figurer\\\/metal-gear-solid\\\/metal-gear-solid-3-figgyz-magnet-collectible-big-boss-requiem\\\/\"]}]},{\"@type\":\"ImageObject\",\"inLanguage\":\"en-GB\",\"@id\":\"https:\\\/\\\/animefigurer.se\\\/figurer\\\/metal-gear-solid\\\/metal-gear-solid-3-figgyz-magnet-collectible-big-boss-requiem\\\/#primaryimage\",\"url\":\"https:\\\/\\\/animefigurer.se\\\/wp-content\\\/uploads\\\/2025\\\/10\\\/68c430125eea7.jpeg\",\"contentUrl\":\"https:\\\/\\\/animefigurer.se\\\/wp-content\\\/uploads\\\/2025\\\/10\\\/68c430125eea7.jpeg\",\"width\":1000,\"height\":1000},{\"@type\":\"BreadcrumbList\",\"@id\":\"https:\\\/\\\/animefigurer.se\\\/figurer\\\/metal-gear-solid\\\/metal-gear-solid-3-figgyz-magnet-collectible-big-boss-requiem\\\/#breadcrumb\",\"itemListElement\":[{\"@type\":\"ListItem\",\"position\":1,\"name\":\"Home\",\"item\":\"https:\\\/\\\/animefigurer.se\\\/\"},{\"@type\":\"ListItem\",\"position\":2,\"name\":\"Butik\",\"item\":\"https:\\\/\\\/animefigurer.se\\\/figurer\\\/\"},{\"@type\":\"ListItem\",\"position\":3,\"name\":\"Metal Gear Solid 3 FiGGYZ Magnet Collectible Big Boss Requiem\"}]},{\"@type\":\"WebSite\",\"@id\":\"https:\\\/\\\/animefigurer.se\\\/#website\",\"url\":\"https:\\\/\\\/animefigurer.se\\\/\",\"name\":\"Animefigurer.se\",\"description\":\"Anime figurer fr\u00e5n \u00f6ver 300 olika anime serier med \u00f6ver 9000 produkter | Anime Shop\",\"publisher\":{\"@id\":\"https:\\\/\\\/animefigurer.se\\\/#organization\"},\"potentialAction\":[{\"@type\":\"SearchAction\",\"target\":{\"@type\":\"EntryPoint\",\"urlTemplate\":\"https:\\\/\\\/animefigurer.se\\\/?s={search_term_string}\"},\"query-input\":{\"@type\":\"PropertyValueSpecification\",\"valueRequired\":true,\"valueName\":\"search_term_string\"}}],\"inLanguage\":\"en-GB\"},{\"@type\":\"Organization\",\"@id\":\"https:\\\/\\\/animefigurer.se\\\/#organization\",\"name\":\"Animefigurer.se\",\"alternateName\":\"Anime figurer | Anime shop\",\"url\":\"https:\\\/\\\/animefigurer.se\\\/\",\"logo\":{\"@type\":\"ImageObject\",\"inLanguage\":\"en-GB\",\"@id\":\"https:\\\/\\\/animefigurer.se\\\/#\\\/schema\\\/logo\\\/image\\\/\",\"url\":\"https:\\\/\\\/animefigurer.se\\\/wp-content\\\/uploads\\\/2025\\\/12\\\/Animefigurer_logowhite.png\",\"contentUrl\":\"https:\\\/\\\/animefigurer.se\\\/wp-content\\\/uploads\\\/2025\\\/12\\\/Animefigurer_logowhite.png\",\"width\":1890,\"height\":1417,\"caption\":\"Animefigurer.se\"},\"image\":{\"@id\":\"https:\\\/\\\/animefigurer.se\\\/#\\\/schema\\\/logo\\\/image\\\/\"},\"sameAs\":[\"https:\\\/\\\/www.facebook.com\\\/profile.php?id=61581826539670\",\"https:\\\/\\\/www.instagram.com\\\/animefigurer.se\\\/\"],\"email\":\"info@animefigurer.se\"}]}<\/script>\n<!-- \/ Yoast SEO Premium plugin. -->","yoast_head_json":{"title":"Metal Gear Solid 3 FiGGYZ Magnet Collectible Big Boss Requiem | Animefigurer.se","robots":{"index":"index","follow":"follow","max-snippet":"max-snippet:-1","max-image-preview":"max-image-preview:large","max-video-preview":"max-video-preview:-1"},"canonical":"https:\/\/animefigurer.se\/en\/figurer\/metal-gear-solid\/metal-gear-solid-3-figgyz-magnet-collectible-big-boss-requiem\/","og_locale":"en_GB","og_type":"article","og_title":"Metal Gear Solid 3 FiGGYZ Magnet Collectible Big Boss Requiem","og_description":"FiGGYZ \u00e4r ett m\u00e5ste f\u00f6r samlare av spel, anime och popkultur. Med sin klassiska pixelkonststil och flexibla visningsm\u00f6jligheter f\u00e5ngar FiGGYZ b\u00e5de nostalgi och lekfull design \u2013 perfekt f\u00f6r att ge liv \u00e5t hyllor, skrivbord eller v\u00e4ggar.  Varje FiGGYZ \u00e4r magnetisk och f\u00f6rsedda med en v\u00e4ndbar bakplatta","og_url":"https:\/\/animefigurer.se\/en\/figurer\/metal-gear-solid\/metal-gear-solid-3-figgyz-magnet-collectible-big-boss-requiem\/","og_site_name":"Animefigurer.se","article_publisher":"https:\/\/www.facebook.com\/profile.php?id=61581826539670","article_modified_time":"2026-04-06T11:34:37+00:00","og_image":[{"width":1890,"height":1417,"url":"https:\/\/animefigurer.se\/wp-content\/uploads\/2025\/12\/Animefigurer_logowhite.png","type":"image\/png"}],"twitter_card":"summary_large_image","twitter_misc":{"Estimated reading time":"2 minutes"},"schema":{"@context":"https:\/\/schema.org","@graph":[{"@type":"WebPage","@id":"https:\/\/animefigurer.se\/figurer\/metal-gear-solid\/metal-gear-solid-3-figgyz-magnet-collectible-big-boss-requiem\/","url":"https:\/\/animefigurer.se\/figurer\/metal-gear-solid\/metal-gear-solid-3-figgyz-magnet-collectible-big-boss-requiem\/","name":"Metal Gear Solid 3 FiGGYZ Magnet Collectible Big Boss Requiem | Animefigurer.se","isPartOf":{"@id":"https:\/\/animefigurer.se\/#website"},"primaryImageOfPage":{"@id":"https:\/\/animefigurer.se\/figurer\/metal-gear-solid\/metal-gear-solid-3-figgyz-magnet-collectible-big-boss-requiem\/#primaryimage"},"image":{"@id":"https:\/\/animefigurer.se\/figurer\/metal-gear-solid\/metal-gear-solid-3-figgyz-magnet-collectible-big-boss-requiem\/#primaryimage"},"thumbnailUrl":"https:\/\/animefigurer.se\/wp-content\/uploads\/2025\/10\/68c430125eea7.jpeg","datePublished":"2025-10-20T22:10:41+00:00","dateModified":"2026-04-06T11:34:37+00:00","breadcrumb":{"@id":"https:\/\/animefigurer.se\/figurer\/metal-gear-solid\/metal-gear-solid-3-figgyz-magnet-collectible-big-boss-requiem\/#breadcrumb"},"inLanguage":"en-GB","potentialAction":[{"@type":"ReadAction","target":["https:\/\/animefigurer.se\/figurer\/metal-gear-solid\/metal-gear-solid-3-figgyz-magnet-collectible-big-boss-requiem\/"]}]},{"@type":"ImageObject","inLanguage":"en-GB","@id":"https:\/\/animefigurer.se\/figurer\/metal-gear-solid\/metal-gear-solid-3-figgyz-magnet-collectible-big-boss-requiem\/#primaryimage","url":"https:\/\/animefigurer.se\/wp-content\/uploads\/2025\/10\/68c430125eea7.jpeg","contentUrl":"https:\/\/animefigurer.se\/wp-content\/uploads\/2025\/10\/68c430125eea7.jpeg","width":1000,"height":1000},{"@type":"BreadcrumbList","@id":"https:\/\/animefigurer.se\/figurer\/metal-gear-solid\/metal-gear-solid-3-figgyz-magnet-collectible-big-boss-requiem\/#breadcrumb","itemListElement":[{"@type":"ListItem","position":1,"name":"Home","item":"https:\/\/animefigurer.se\/"},{"@type":"ListItem","position":2,"name":"Butik","item":"https:\/\/animefigurer.se\/figurer\/"},{"@type":"ListItem","position":3,"name":"Metal Gear Solid 3 FiGGYZ Magnet Collectible Big Boss Requiem"}]},{"@type":"WebSite","@id":"https:\/\/animefigurer.se\/#website","url":"https:\/\/animefigurer.se\/","name":"Animefigurer.se","description":"Anime figures from over 300 different anime series with over 9000 products | Anime Shop","publisher":{"@id":"https:\/\/animefigurer.se\/#organization"},"potentialAction":[{"@type":"SearchAction","target":{"@type":"EntryPoint","urlTemplate":"https:\/\/animefigurer.se\/?s={search_term_string}"},"query-input":{"@type":"PropertyValueSpecification","valueRequired":true,"valueName":"search_term_string"}}],"inLanguage":"en-GB"},{"@type":"Organization","@id":"https:\/\/animefigurer.se\/#organization","name":"Animefigurer.se","alternateName":"Anime figurer | Anime shop","url":"https:\/\/animefigurer.se\/","logo":{"@type":"ImageObject","inLanguage":"en-GB","@id":"https:\/\/animefigurer.se\/#\/schema\/logo\/image\/","url":"https:\/\/animefigurer.se\/wp-content\/uploads\/2025\/12\/Animefigurer_logowhite.png","contentUrl":"https:\/\/animefigurer.se\/wp-content\/uploads\/2025\/12\/Animefigurer_logowhite.png","width":1890,"height":1417,"caption":"Animefigurer.se"},"image":{"@id":"https:\/\/animefigurer.se\/#\/schema\/logo\/image\/"},"sameAs":["https:\/\/www.facebook.com\/profile.php?id=61581826539670","https:\/\/www.instagram.com\/animefigurer.se\/"],"email":"info@animefigurer.se"}]}},"_links":{"self":[{"href":"https:\/\/animefigurer.se\/en\/wp-json\/wp\/v2\/product\/44317","targetHints":{"allow":["GET"]}}],"collection":[{"href":"https:\/\/animefigurer.se\/en\/wp-json\/wp\/v2\/product"}],"about":[{"href":"https:\/\/animefigurer.se\/en\/wp-json\/wp\/v2\/types\/product"}],"replies":[{"embeddable":true,"href":"https:\/\/animefigurer.se\/en\/wp-json\/wp\/v2\/comments?post=44317"}],"wp:featuredmedia":[{"embeddable":true,"href":"https:\/\/animefigurer.se\/en\/wp-json\/wp\/v2\/media\/44318"}],"wp:attachment":[{"href":"https:\/\/animefigurer.se\/en\/wp-json\/wp\/v2\/media?parent=44317"}],"wp:term":[{"taxonomy":"product_brand","embeddable":true,"href":"https:\/\/animefigurer.se\/en\/wp-json\/wp\/v2\/product_brand?post=44317"},{"taxonomy":"product_cat","embeddable":true,"href":"https:\/\/animefigurer.se\/en\/wp-json\/wp\/v2\/product_cat?post=44317"},{"taxonomy":"product_tag","embeddable":true,"href":"https:\/\/animefigurer.se\/en\/wp-json\/wp\/v2\/product_tag?post=44317"},{"taxonomy":"giftcard-category","embeddable":true,"href":"https:\/\/animefigurer.se\/en\/wp-json\/wp\/v2\/giftcard-category?post=44317"}],"curies":[{"name":"wp","href":"https:\/\/api.w.org\/{rel}","templated":true}]}}