{"id":44167,"date":"2025-10-21T00:09:12","date_gmt":"2025-10-20T22:09:12","guid":{"rendered":"https:\/\/animefigurer.se\/produkt\/mega-man-x-mdlx-articulated-figure-series-mega-man-x-event-exclusive-edition\/"},"modified":"2025-12-21T19:31:47","modified_gmt":"2025-12-21T18:31:47","slug":"mega-man-x-mdlx-articulated-figure-series-mega-man-x-event-exclusive-edition","status":"publish","type":"product","link":"https:\/\/animefigurer.se\/en\/figurer\/mega-man\/mega-man-x-mdlx-articulated-figure-series-mega-man-x-event-exclusive-edition\/","title":{"rendered":"Mega Man X MDLX Articulated Figure Series Mega Man X (Event Exclusive Edition)"},"content":{"rendered":"<p>threezero presents MDLX Mega Man X \/ Rockman X (Event Exclusive Edition) from the Mega Man X series!<\/p>\n<p>This MDLX collectible figure stands approximately 12.1 cm (4.7 inches) tall and is fully articulated with approximately 34 points of articulation. The body frame combines metal and engineering plastic parts, providing improved joint rigidity and a sturdy feel when posing and adjusting the figure, despite its compact size.<\/p>\n<p>The figure includes two interchangeable faceplates so you can switch between standard and angry expressions. It comes with a piece of the iconic X-Buster forearm (which can be mounted on the left or right side) as well as a Charge Shot effect part that attaches to the tip of the X-Buster. With a pair of open hands and a pair of fists, it comes with the ability to create a variety of dynamic poses. In addition, there are magnets built into both feet so the MDLX X can be attached to metal surfaces for increased display and playability.<\/p>","protected":false},"excerpt":{"rendered":"<p>threezero presents MDLX Mega Man X \/ Rockman X (Event Exclusive Edition) from the Mega Man X series!<\/p>\n<p>This MDLX collectible figure stands approximately 12.1 cm (4.7 inches) tall and is fully articulated with approximately 34 points of articulation. The body frame combines metal and engineering plastic parts for improved joint rigidity and a <\/p>","protected":false},"featured_media":44168,"comment_status":"closed","ping_status":"open","template":"","meta":{"_acf_changed":false,"_monsterinsights_skip_tracking":false,"_monsterinsights_sitenote_active":false,"_monsterinsights_sitenote_note":"","_monsterinsights_sitenote_category":0},"product_brand":[7164],"product_cat":[3728],"product_tag":[24],"giftcard-category":[],"class_list":{"0":"post-44167","1":"product","2":"type-product","3":"status-publish","4":"has-post-thumbnail","6":"product_brand-threezero","7":"product_cat-mega-man","8":"product_tag-2-3-weeks","9":"pa_franchise-mega-man","10":"pa_karaktar-mega-man","11":"pa_material-abs-pvc-pom-pa-pc-magnets-and-die-cast-metal","12":"pa_storlek-12-cm","14":"first","15":"instock","16":"taxable","17":"shipping-taxable","18":"purchasable","19":"product-type-simple"},"acf":[],"yoast_head":"<!-- This site is optimized with the Yoast SEO Premium plugin v24.6 (Yoast SEO v27.4) - https:\/\/yoast.com\/product\/yoast-seo-premium-wordpress\/ -->\n<title>Mega Man X MDLX Articulated Figure Series Mega Man X (Event Exclusive Edition) | Animefigurer.se<\/title>\n<meta name=\"robots\" content=\"index, follow, max-snippet:-1, max-image-preview:large, max-video-preview:-1\" \/>\n<link rel=\"canonical\" href=\"https:\/\/animefigurer.se\/en\/figurer\/mega-man\/mega-man-x-mdlx-articulated-figure-series-mega-man-x-event-exclusive-edition\/\" \/>\n<meta property=\"og:locale\" content=\"en_GB\" \/>\n<meta property=\"og:type\" content=\"article\" \/>\n<meta property=\"og:title\" content=\"Mega Man X MDLX Articulated Figure Series Mega Man X (Event Exclusive Edition)\" \/>\n<meta property=\"og:description\" content=\"threezero presenterar MDLX Mega Man X \/ Rockman X (Event Exclusive Edition) fr\u00e5n Mega Man X-serien! Denna MDLX-samlarfigur \u00e4r cirka 12,1 cm (4,7 tum) h\u00f6g och helt ledad med cirka 34 artikulationspunkter. Kroppsramen kombinerar metall- och tekniska plastdelar vilket ger f\u00f6rb\u00e4ttrad ledstyvhet och en\" \/>\n<meta property=\"og:url\" content=\"https:\/\/animefigurer.se\/en\/figurer\/mega-man\/mega-man-x-mdlx-articulated-figure-series-mega-man-x-event-exclusive-edition\/\" \/>\n<meta property=\"og:site_name\" content=\"Animefigurer.se\" \/>\n<meta property=\"article:publisher\" content=\"https:\/\/www.facebook.com\/profile.php?id=61581826539670\" \/>\n<meta property=\"article:modified_time\" content=\"2025-12-21T18:31:47+00:00\" \/>\n<meta property=\"og:image\" content=\"https:\/\/animefigurer.se\/wp-content\/uploads\/2025\/12\/Animefigurer_logowhite.png\" \/>\n\t<meta property=\"og:image:width\" content=\"1890\" \/>\n\t<meta property=\"og:image:height\" content=\"1417\" \/>\n\t<meta property=\"og:image:type\" content=\"image\/png\" \/>\n<meta name=\"twitter:card\" content=\"summary_large_image\" \/>\n<meta name=\"twitter:label1\" content=\"Estimated reading time\" \/>\n\t<meta name=\"twitter:data1\" content=\"1 minute\" \/>\n<script type=\"application\/ld+json\" class=\"yoast-schema-graph\">{\"@context\":\"https:\\\/\\\/schema.org\",\"@graph\":[{\"@type\":\"WebPage\",\"@id\":\"https:\\\/\\\/animefigurer.se\\\/en\\\/figurer\\\/mega-man\\\/mega-man-x-mdlx-articulated-figure-series-mega-man-x-event-exclusive-edition\\\/\",\"url\":\"https:\\\/\\\/animefigurer.se\\\/en\\\/figurer\\\/mega-man\\\/mega-man-x-mdlx-articulated-figure-series-mega-man-x-event-exclusive-edition\\\/\",\"name\":\"Mega Man X MDLX Articulated Figure Series Mega Man X (Event Exclusive Edition) | Animefigurer.se\",\"isPartOf\":{\"@id\":\"https:\\\/\\\/animefigurer.se\\\/#website\"},\"primaryImageOfPage\":{\"@id\":\"https:\\\/\\\/animefigurer.se\\\/en\\\/figurer\\\/mega-man\\\/mega-man-x-mdlx-articulated-figure-series-mega-man-x-event-exclusive-edition\\\/#primaryimage\"},\"image\":{\"@id\":\"https:\\\/\\\/animefigurer.se\\\/en\\\/figurer\\\/mega-man\\\/mega-man-x-mdlx-articulated-figure-series-mega-man-x-event-exclusive-edition\\\/#primaryimage\"},\"thumbnailUrl\":\"https:\\\/\\\/animefigurer.se\\\/wp-content\\\/uploads\\\/2025\\\/10\\\/686d3f29e05da.jpeg\",\"datePublished\":\"2025-10-20T22:09:12+00:00\",\"dateModified\":\"2025-12-21T18:31:47+00:00\",\"breadcrumb\":{\"@id\":\"https:\\\/\\\/animefigurer.se\\\/en\\\/figurer\\\/mega-man\\\/mega-man-x-mdlx-articulated-figure-series-mega-man-x-event-exclusive-edition\\\/#breadcrumb\"},\"inLanguage\":\"en-GB\",\"potentialAction\":[{\"@type\":\"ReadAction\",\"target\":[\"https:\\\/\\\/animefigurer.se\\\/en\\\/figurer\\\/mega-man\\\/mega-man-x-mdlx-articulated-figure-series-mega-man-x-event-exclusive-edition\\\/\"]}]},{\"@type\":\"ImageObject\",\"inLanguage\":\"en-GB\",\"@id\":\"https:\\\/\\\/animefigurer.se\\\/en\\\/figurer\\\/mega-man\\\/mega-man-x-mdlx-articulated-figure-series-mega-man-x-event-exclusive-edition\\\/#primaryimage\",\"url\":\"https:\\\/\\\/animefigurer.se\\\/wp-content\\\/uploads\\\/2025\\\/10\\\/686d3f29e05da.jpeg\",\"contentUrl\":\"https:\\\/\\\/animefigurer.se\\\/wp-content\\\/uploads\\\/2025\\\/10\\\/686d3f29e05da.jpeg\",\"width\":720,\"height\":540},{\"@type\":\"BreadcrumbList\",\"@id\":\"https:\\\/\\\/animefigurer.se\\\/en\\\/figurer\\\/mega-man\\\/mega-man-x-mdlx-articulated-figure-series-mega-man-x-event-exclusive-edition\\\/#breadcrumb\",\"itemListElement\":[{\"@type\":\"ListItem\",\"position\":1,\"name\":\"Home\",\"item\":\"https:\\\/\\\/animefigurer.se\\\/\"},{\"@type\":\"ListItem\",\"position\":2,\"name\":\"Butik\",\"item\":\"https:\\\/\\\/animefigurer.se\\\/figurer\\\/\"},{\"@type\":\"ListItem\",\"position\":3,\"name\":\"Mega Man X MDLX Articulated Figure Series Mega Man X (Event Exclusive Edition)\"}]},{\"@type\":\"WebSite\",\"@id\":\"https:\\\/\\\/animefigurer.se\\\/#website\",\"url\":\"https:\\\/\\\/animefigurer.se\\\/\",\"name\":\"Animefigurer.se\",\"description\":\"Anime figurer fr\u00e5n \u00f6ver 300 olika anime serier med \u00f6ver 9000 produkter | Anime Shop\",\"publisher\":{\"@id\":\"https:\\\/\\\/animefigurer.se\\\/#organization\"},\"potentialAction\":[{\"@type\":\"SearchAction\",\"target\":{\"@type\":\"EntryPoint\",\"urlTemplate\":\"https:\\\/\\\/animefigurer.se\\\/?s={search_term_string}\"},\"query-input\":{\"@type\":\"PropertyValueSpecification\",\"valueRequired\":true,\"valueName\":\"search_term_string\"}}],\"inLanguage\":\"en-GB\"},{\"@type\":\"Organization\",\"@id\":\"https:\\\/\\\/animefigurer.se\\\/#organization\",\"name\":\"Animefigurer.se\",\"alternateName\":\"Anime figurer | Anime shop\",\"url\":\"https:\\\/\\\/animefigurer.se\\\/\",\"logo\":{\"@type\":\"ImageObject\",\"inLanguage\":\"en-GB\",\"@id\":\"https:\\\/\\\/animefigurer.se\\\/#\\\/schema\\\/logo\\\/image\\\/\",\"url\":\"https:\\\/\\\/animefigurer.se\\\/wp-content\\\/uploads\\\/2025\\\/12\\\/Animefigurer_logowhite.png\",\"contentUrl\":\"https:\\\/\\\/animefigurer.se\\\/wp-content\\\/uploads\\\/2025\\\/12\\\/Animefigurer_logowhite.png\",\"width\":1890,\"height\":1417,\"caption\":\"Animefigurer.se\"},\"image\":{\"@id\":\"https:\\\/\\\/animefigurer.se\\\/#\\\/schema\\\/logo\\\/image\\\/\"},\"sameAs\":[\"https:\\\/\\\/www.facebook.com\\\/profile.php?id=61581826539670\",\"https:\\\/\\\/www.instagram.com\\\/animefigurer.se\\\/\"],\"email\":\"info@animefigurer.se\"}]}<\/script>\n<!-- \/ Yoast SEO Premium plugin. -->","yoast_head_json":{"title":"Mega Man X MDLX Articulated Figure Series Mega Man X (Event Exclusive Edition) | Animefigurer.se","robots":{"index":"index","follow":"follow","max-snippet":"max-snippet:-1","max-image-preview":"max-image-preview:large","max-video-preview":"max-video-preview:-1"},"canonical":"https:\/\/animefigurer.se\/en\/figurer\/mega-man\/mega-man-x-mdlx-articulated-figure-series-mega-man-x-event-exclusive-edition\/","og_locale":"en_GB","og_type":"article","og_title":"Mega Man X MDLX Articulated Figure Series Mega Man X (Event Exclusive Edition)","og_description":"threezero presenterar MDLX Mega Man X \/ Rockman X (Event Exclusive Edition) fr\u00e5n Mega Man X-serien! Denna MDLX-samlarfigur \u00e4r cirka 12,1 cm (4,7 tum) h\u00f6g och helt ledad med cirka 34 artikulationspunkter. Kroppsramen kombinerar metall- och tekniska plastdelar vilket ger f\u00f6rb\u00e4ttrad ledstyvhet och en","og_url":"https:\/\/animefigurer.se\/en\/figurer\/mega-man\/mega-man-x-mdlx-articulated-figure-series-mega-man-x-event-exclusive-edition\/","og_site_name":"Animefigurer.se","article_publisher":"https:\/\/www.facebook.com\/profile.php?id=61581826539670","article_modified_time":"2025-12-21T18:31:47+00:00","og_image":[{"width":1890,"height":1417,"url":"https:\/\/animefigurer.se\/wp-content\/uploads\/2025\/12\/Animefigurer_logowhite.png","type":"image\/png"}],"twitter_card":"summary_large_image","twitter_misc":{"Estimated reading time":"1 minute"},"schema":{"@context":"https:\/\/schema.org","@graph":[{"@type":"WebPage","@id":"https:\/\/animefigurer.se\/en\/figurer\/mega-man\/mega-man-x-mdlx-articulated-figure-series-mega-man-x-event-exclusive-edition\/","url":"https:\/\/animefigurer.se\/en\/figurer\/mega-man\/mega-man-x-mdlx-articulated-figure-series-mega-man-x-event-exclusive-edition\/","name":"Mega Man X MDLX Articulated Figure Series Mega Man X (Event Exclusive Edition) | Animefigurer.se","isPartOf":{"@id":"https:\/\/animefigurer.se\/#website"},"primaryImageOfPage":{"@id":"https:\/\/animefigurer.se\/en\/figurer\/mega-man\/mega-man-x-mdlx-articulated-figure-series-mega-man-x-event-exclusive-edition\/#primaryimage"},"image":{"@id":"https:\/\/animefigurer.se\/en\/figurer\/mega-man\/mega-man-x-mdlx-articulated-figure-series-mega-man-x-event-exclusive-edition\/#primaryimage"},"thumbnailUrl":"https:\/\/animefigurer.se\/wp-content\/uploads\/2025\/10\/686d3f29e05da.jpeg","datePublished":"2025-10-20T22:09:12+00:00","dateModified":"2025-12-21T18:31:47+00:00","breadcrumb":{"@id":"https:\/\/animefigurer.se\/en\/figurer\/mega-man\/mega-man-x-mdlx-articulated-figure-series-mega-man-x-event-exclusive-edition\/#breadcrumb"},"inLanguage":"en-GB","potentialAction":[{"@type":"ReadAction","target":["https:\/\/animefigurer.se\/en\/figurer\/mega-man\/mega-man-x-mdlx-articulated-figure-series-mega-man-x-event-exclusive-edition\/"]}]},{"@type":"ImageObject","inLanguage":"en-GB","@id":"https:\/\/animefigurer.se\/en\/figurer\/mega-man\/mega-man-x-mdlx-articulated-figure-series-mega-man-x-event-exclusive-edition\/#primaryimage","url":"https:\/\/animefigurer.se\/wp-content\/uploads\/2025\/10\/686d3f29e05da.jpeg","contentUrl":"https:\/\/animefigurer.se\/wp-content\/uploads\/2025\/10\/686d3f29e05da.jpeg","width":720,"height":540},{"@type":"BreadcrumbList","@id":"https:\/\/animefigurer.se\/en\/figurer\/mega-man\/mega-man-x-mdlx-articulated-figure-series-mega-man-x-event-exclusive-edition\/#breadcrumb","itemListElement":[{"@type":"ListItem","position":1,"name":"Home","item":"https:\/\/animefigurer.se\/"},{"@type":"ListItem","position":2,"name":"Butik","item":"https:\/\/animefigurer.se\/figurer\/"},{"@type":"ListItem","position":3,"name":"Mega Man X MDLX Articulated Figure Series Mega Man X (Event Exclusive Edition)"}]},{"@type":"WebSite","@id":"https:\/\/animefigurer.se\/#website","url":"https:\/\/animefigurer.se\/","name":"Animefigurer.se","description":"Anime figures from over 300 different anime series with over 9000 products | Anime Shop","publisher":{"@id":"https:\/\/animefigurer.se\/#organization"},"potentialAction":[{"@type":"SearchAction","target":{"@type":"EntryPoint","urlTemplate":"https:\/\/animefigurer.se\/?s={search_term_string}"},"query-input":{"@type":"PropertyValueSpecification","valueRequired":true,"valueName":"search_term_string"}}],"inLanguage":"en-GB"},{"@type":"Organization","@id":"https:\/\/animefigurer.se\/#organization","name":"Animefigurer.se","alternateName":"Anime figurer | Anime shop","url":"https:\/\/animefigurer.se\/","logo":{"@type":"ImageObject","inLanguage":"en-GB","@id":"https:\/\/animefigurer.se\/#\/schema\/logo\/image\/","url":"https:\/\/animefigurer.se\/wp-content\/uploads\/2025\/12\/Animefigurer_logowhite.png","contentUrl":"https:\/\/animefigurer.se\/wp-content\/uploads\/2025\/12\/Animefigurer_logowhite.png","width":1890,"height":1417,"caption":"Animefigurer.se"},"image":{"@id":"https:\/\/animefigurer.se\/#\/schema\/logo\/image\/"},"sameAs":["https:\/\/www.facebook.com\/profile.php?id=61581826539670","https:\/\/www.instagram.com\/animefigurer.se\/"],"email":"info@animefigurer.se"}]}},"_links":{"self":[{"href":"https:\/\/animefigurer.se\/en\/wp-json\/wp\/v2\/product\/44167","targetHints":{"allow":["GET"]}}],"collection":[{"href":"https:\/\/animefigurer.se\/en\/wp-json\/wp\/v2\/product"}],"about":[{"href":"https:\/\/animefigurer.se\/en\/wp-json\/wp\/v2\/types\/product"}],"replies":[{"embeddable":true,"href":"https:\/\/animefigurer.se\/en\/wp-json\/wp\/v2\/comments?post=44167"}],"wp:featuredmedia":[{"embeddable":true,"href":"https:\/\/animefigurer.se\/en\/wp-json\/wp\/v2\/media\/44168"}],"wp:attachment":[{"href":"https:\/\/animefigurer.se\/en\/wp-json\/wp\/v2\/media?parent=44167"}],"wp:term":[{"taxonomy":"product_brand","embeddable":true,"href":"https:\/\/animefigurer.se\/en\/wp-json\/wp\/v2\/product_brand?post=44167"},{"taxonomy":"product_cat","embeddable":true,"href":"https:\/\/animefigurer.se\/en\/wp-json\/wp\/v2\/product_cat?post=44167"},{"taxonomy":"product_tag","embeddable":true,"href":"https:\/\/animefigurer.se\/en\/wp-json\/wp\/v2\/product_tag?post=44167"},{"taxonomy":"giftcard-category","embeddable":true,"href":"https:\/\/animefigurer.se\/en\/wp-json\/wp\/v2\/giftcard-category?post=44167"}],"curies":[{"name":"wp","href":"https:\/\/api.w.org\/{rel}","templated":true}]}}