{"id":44105,"date":"2025-10-21T00:09:12","date_gmt":"2025-10-20T22:09:12","guid":{"rendered":"https:\/\/animefigurer.se\/produkt\/mega-man-mdlx-articulated-figure-series-mega-man\/"},"modified":"2025-12-21T19:31:47","modified_gmt":"2025-12-21T18:31:47","slug":"mega-man-mdlx-articulated-figure-series-mega-man","status":"publish","type":"product","link":"https:\/\/animefigurer.se\/en\/figurer\/mega-man\/mega-man-mdlx-articulated-figure-series-mega-man\/","title":{"rendered":"Mega Man MDLX Articulated Figure Series Mega Man"},"content":{"rendered":"<p>threezero presents MDLX Mega Man \/ Rockman, a fully articulated collectible figure based on the classic retro design. The figure stands approximately 4 inches tall and is built with a frame that combines metal and engineering plastic parts for increased articulation and a sturdy feel when posing.<\/p>\n<p>MDLX Mega Man comes with two interchangeable faceplates that allow you to change expressions. It also includes a Rock Buster forearm (also known as the Mega Buster) that can be swapped between the left and right forearms, as well as a Charge Shot effect that attaches to the tip of the Rock Buster. As an extra, it comes with an E-item for health recovery.<\/p>\n<p>Interchangeable hand parts consist of a pair of open hands and a pair of clenched fists, allowing for varied and dynamic poses. Each foot has a built-in magnet so the figure can be attached to metal surfaces for better stability.<\/p>\n<p>ACCESSORIES:<br \/>\n\u2013 1x E-can<br \/>\n\u2013 1x Charge Shot effect piece<br \/>\n\u2013 1x Rock Buster forearm (interchangeable with left or right forearm)<br \/>\n\u2013 2 pairs of interchangeable hands: a pair of open hands and a pair of clenched fists<br \/>\n\u2013 2 interchangeable front panels: a standard and an alternative front plate<\/p>","protected":false},"excerpt":{"rendered":"<p>threezero presents MDLX Mega Man \/ Rockman, a fully articulated collectible figure based on the classic retro design. The figure stands approximately 4 inches tall and is built with a frame that combines metal and engineering plastic parts for increased articulation and a sturdy feel when posing.<\/p>\n<p>MDLX Mega Man comes with two <\/p>","protected":false},"featured_media":44106,"comment_status":"closed","ping_status":"open","template":"","meta":{"_acf_changed":false,"_monsterinsights_skip_tracking":false,"_monsterinsights_sitenote_active":false,"_monsterinsights_sitenote_note":"","_monsterinsights_sitenote_category":0},"product_brand":[7164],"product_cat":[3728],"product_tag":[24],"giftcard-category":[],"class_list":{"0":"post-44105","1":"product","2":"type-product","3":"status-publish","4":"has-post-thumbnail","6":"product_brand-threezero","7":"product_cat-mega-man","8":"product_tag-2-3-weeks","9":"pa_franchise-mega-man","10":"pa_karaktar-mega-man","11":"pa_material-abs-pvc-pom-and-die-cast-metal","12":"pa_storlek-15-cm","14":"first","15":"instock","16":"taxable","17":"shipping-taxable","18":"purchasable","19":"product-type-simple"},"acf":[],"yoast_head":"<!-- This site is optimized with the Yoast SEO Premium plugin v24.6 (Yoast SEO v27.4) - https:\/\/yoast.com\/product\/yoast-seo-premium-wordpress\/ -->\n<title>Mega Man MDLX Articulated Figure Series Mega Man | Animefigurer.se<\/title>\n<meta name=\"robots\" content=\"index, follow, max-snippet:-1, max-image-preview:large, max-video-preview:-1\" \/>\n<link rel=\"canonical\" href=\"https:\/\/animefigurer.se\/en\/figurer\/mega-man\/mega-man-mdlx-articulated-figure-series-mega-man\/\" \/>\n<meta property=\"og:locale\" content=\"en_GB\" \/>\n<meta property=\"og:type\" content=\"article\" \/>\n<meta property=\"og:title\" content=\"Mega Man MDLX Articulated Figure Series Mega Man\" \/>\n<meta property=\"og:description\" content=\"threezero presenterar MDLX Mega Man \/ Rockman, en helt ledad samlarfigur baserad p\u00e5 den klassiska retrodesignen. Figuren \u00e4r ungef\u00e4r 10,2 cm h\u00f6g och byggd med en ram som kombinerar metall- och tekniska plastdelar f\u00f6r \u00f6kad ledrigthet och en robust k\u00e4nsla vid posering. MDLX Mega Man levereras med tv\u00e5\" \/>\n<meta property=\"og:url\" content=\"https:\/\/animefigurer.se\/en\/figurer\/mega-man\/mega-man-mdlx-articulated-figure-series-mega-man\/\" \/>\n<meta property=\"og:site_name\" content=\"Animefigurer.se\" \/>\n<meta property=\"article:publisher\" content=\"https:\/\/www.facebook.com\/profile.php?id=61581826539670\" \/>\n<meta property=\"article:modified_time\" content=\"2025-12-21T18:31:47+00:00\" \/>\n<meta property=\"og:image\" content=\"https:\/\/animefigurer.se\/wp-content\/uploads\/2025\/12\/Animefigurer_logowhite.png\" \/>\n\t<meta property=\"og:image:width\" content=\"1890\" \/>\n\t<meta property=\"og:image:height\" content=\"1417\" \/>\n\t<meta property=\"og:image:type\" content=\"image\/png\" \/>\n<meta name=\"twitter:card\" content=\"summary_large_image\" \/>\n<meta name=\"twitter:label1\" content=\"Estimated reading time\" \/>\n\t<meta name=\"twitter:data1\" content=\"1 minute\" \/>\n<script type=\"application\/ld+json\" class=\"yoast-schema-graph\">{\"@context\":\"https:\\\/\\\/schema.org\",\"@graph\":[{\"@type\":\"WebPage\",\"@id\":\"https:\\\/\\\/animefigurer.se\\\/en\\\/figurer\\\/mega-man\\\/mega-man-mdlx-articulated-figure-series-mega-man\\\/\",\"url\":\"https:\\\/\\\/animefigurer.se\\\/en\\\/figurer\\\/mega-man\\\/mega-man-mdlx-articulated-figure-series-mega-man\\\/\",\"name\":\"Mega Man MDLX Articulated Figure Series Mega Man | Animefigurer.se\",\"isPartOf\":{\"@id\":\"https:\\\/\\\/animefigurer.se\\\/#website\"},\"primaryImageOfPage\":{\"@id\":\"https:\\\/\\\/animefigurer.se\\\/en\\\/figurer\\\/mega-man\\\/mega-man-mdlx-articulated-figure-series-mega-man\\\/#primaryimage\"},\"image\":{\"@id\":\"https:\\\/\\\/animefigurer.se\\\/en\\\/figurer\\\/mega-man\\\/mega-man-mdlx-articulated-figure-series-mega-man\\\/#primaryimage\"},\"thumbnailUrl\":\"https:\\\/\\\/animefigurer.se\\\/wp-content\\\/uploads\\\/2025\\\/10\\\/65ca1afa6d54a.jpeg\",\"datePublished\":\"2025-10-20T22:09:12+00:00\",\"dateModified\":\"2025-12-21T18:31:47+00:00\",\"breadcrumb\":{\"@id\":\"https:\\\/\\\/animefigurer.se\\\/en\\\/figurer\\\/mega-man\\\/mega-man-mdlx-articulated-figure-series-mega-man\\\/#breadcrumb\"},\"inLanguage\":\"en-GB\",\"potentialAction\":[{\"@type\":\"ReadAction\",\"target\":[\"https:\\\/\\\/animefigurer.se\\\/en\\\/figurer\\\/mega-man\\\/mega-man-mdlx-articulated-figure-series-mega-man\\\/\"]}]},{\"@type\":\"ImageObject\",\"inLanguage\":\"en-GB\",\"@id\":\"https:\\\/\\\/animefigurer.se\\\/en\\\/figurer\\\/mega-man\\\/mega-man-mdlx-articulated-figure-series-mega-man\\\/#primaryimage\",\"url\":\"https:\\\/\\\/animefigurer.se\\\/wp-content\\\/uploads\\\/2025\\\/10\\\/65ca1afa6d54a.jpeg\",\"contentUrl\":\"https:\\\/\\\/animefigurer.se\\\/wp-content\\\/uploads\\\/2025\\\/10\\\/65ca1afa6d54a.jpeg\",\"width\":720,\"height\":540},{\"@type\":\"BreadcrumbList\",\"@id\":\"https:\\\/\\\/animefigurer.se\\\/en\\\/figurer\\\/mega-man\\\/mega-man-mdlx-articulated-figure-series-mega-man\\\/#breadcrumb\",\"itemListElement\":[{\"@type\":\"ListItem\",\"position\":1,\"name\":\"Home\",\"item\":\"https:\\\/\\\/animefigurer.se\\\/\"},{\"@type\":\"ListItem\",\"position\":2,\"name\":\"Butik\",\"item\":\"https:\\\/\\\/animefigurer.se\\\/figurer\\\/\"},{\"@type\":\"ListItem\",\"position\":3,\"name\":\"Mega Man MDLX Articulated Figure Series Mega Man\"}]},{\"@type\":\"WebSite\",\"@id\":\"https:\\\/\\\/animefigurer.se\\\/#website\",\"url\":\"https:\\\/\\\/animefigurer.se\\\/\",\"name\":\"Animefigurer.se\",\"description\":\"Anime figurer fr\u00e5n \u00f6ver 300 olika anime serier med \u00f6ver 9000 produkter | Anime Shop\",\"publisher\":{\"@id\":\"https:\\\/\\\/animefigurer.se\\\/#organization\"},\"potentialAction\":[{\"@type\":\"SearchAction\",\"target\":{\"@type\":\"EntryPoint\",\"urlTemplate\":\"https:\\\/\\\/animefigurer.se\\\/?s={search_term_string}\"},\"query-input\":{\"@type\":\"PropertyValueSpecification\",\"valueRequired\":true,\"valueName\":\"search_term_string\"}}],\"inLanguage\":\"en-GB\"},{\"@type\":\"Organization\",\"@id\":\"https:\\\/\\\/animefigurer.se\\\/#organization\",\"name\":\"Animefigurer.se\",\"alternateName\":\"Anime figurer | Anime shop\",\"url\":\"https:\\\/\\\/animefigurer.se\\\/\",\"logo\":{\"@type\":\"ImageObject\",\"inLanguage\":\"en-GB\",\"@id\":\"https:\\\/\\\/animefigurer.se\\\/#\\\/schema\\\/logo\\\/image\\\/\",\"url\":\"https:\\\/\\\/animefigurer.se\\\/wp-content\\\/uploads\\\/2025\\\/12\\\/Animefigurer_logowhite.png\",\"contentUrl\":\"https:\\\/\\\/animefigurer.se\\\/wp-content\\\/uploads\\\/2025\\\/12\\\/Animefigurer_logowhite.png\",\"width\":1890,\"height\":1417,\"caption\":\"Animefigurer.se\"},\"image\":{\"@id\":\"https:\\\/\\\/animefigurer.se\\\/#\\\/schema\\\/logo\\\/image\\\/\"},\"sameAs\":[\"https:\\\/\\\/www.facebook.com\\\/profile.php?id=61581826539670\",\"https:\\\/\\\/www.instagram.com\\\/animefigurer.se\\\/\"],\"email\":\"info@animefigurer.se\"}]}<\/script>\n<!-- \/ Yoast SEO Premium plugin. -->","yoast_head_json":{"title":"Mega Man MDLX Articulated Figure Series Mega Man | Animefigurer.se","robots":{"index":"index","follow":"follow","max-snippet":"max-snippet:-1","max-image-preview":"max-image-preview:large","max-video-preview":"max-video-preview:-1"},"canonical":"https:\/\/animefigurer.se\/en\/figurer\/mega-man\/mega-man-mdlx-articulated-figure-series-mega-man\/","og_locale":"en_GB","og_type":"article","og_title":"Mega Man MDLX Articulated Figure Series Mega Man","og_description":"threezero presenterar MDLX Mega Man \/ Rockman, en helt ledad samlarfigur baserad p\u00e5 den klassiska retrodesignen. Figuren \u00e4r ungef\u00e4r 10,2 cm h\u00f6g och byggd med en ram som kombinerar metall- och tekniska plastdelar f\u00f6r \u00f6kad ledrigthet och en robust k\u00e4nsla vid posering. MDLX Mega Man levereras med tv\u00e5","og_url":"https:\/\/animefigurer.se\/en\/figurer\/mega-man\/mega-man-mdlx-articulated-figure-series-mega-man\/","og_site_name":"Animefigurer.se","article_publisher":"https:\/\/www.facebook.com\/profile.php?id=61581826539670","article_modified_time":"2025-12-21T18:31:47+00:00","og_image":[{"width":1890,"height":1417,"url":"https:\/\/animefigurer.se\/wp-content\/uploads\/2025\/12\/Animefigurer_logowhite.png","type":"image\/png"}],"twitter_card":"summary_large_image","twitter_misc":{"Estimated reading time":"1 minute"},"schema":{"@context":"https:\/\/schema.org","@graph":[{"@type":"WebPage","@id":"https:\/\/animefigurer.se\/en\/figurer\/mega-man\/mega-man-mdlx-articulated-figure-series-mega-man\/","url":"https:\/\/animefigurer.se\/en\/figurer\/mega-man\/mega-man-mdlx-articulated-figure-series-mega-man\/","name":"Mega Man MDLX Articulated Figure Series Mega Man | Animefigurer.se","isPartOf":{"@id":"https:\/\/animefigurer.se\/#website"},"primaryImageOfPage":{"@id":"https:\/\/animefigurer.se\/en\/figurer\/mega-man\/mega-man-mdlx-articulated-figure-series-mega-man\/#primaryimage"},"image":{"@id":"https:\/\/animefigurer.se\/en\/figurer\/mega-man\/mega-man-mdlx-articulated-figure-series-mega-man\/#primaryimage"},"thumbnailUrl":"https:\/\/animefigurer.se\/wp-content\/uploads\/2025\/10\/65ca1afa6d54a.jpeg","datePublished":"2025-10-20T22:09:12+00:00","dateModified":"2025-12-21T18:31:47+00:00","breadcrumb":{"@id":"https:\/\/animefigurer.se\/en\/figurer\/mega-man\/mega-man-mdlx-articulated-figure-series-mega-man\/#breadcrumb"},"inLanguage":"en-GB","potentialAction":[{"@type":"ReadAction","target":["https:\/\/animefigurer.se\/en\/figurer\/mega-man\/mega-man-mdlx-articulated-figure-series-mega-man\/"]}]},{"@type":"ImageObject","inLanguage":"en-GB","@id":"https:\/\/animefigurer.se\/en\/figurer\/mega-man\/mega-man-mdlx-articulated-figure-series-mega-man\/#primaryimage","url":"https:\/\/animefigurer.se\/wp-content\/uploads\/2025\/10\/65ca1afa6d54a.jpeg","contentUrl":"https:\/\/animefigurer.se\/wp-content\/uploads\/2025\/10\/65ca1afa6d54a.jpeg","width":720,"height":540},{"@type":"BreadcrumbList","@id":"https:\/\/animefigurer.se\/en\/figurer\/mega-man\/mega-man-mdlx-articulated-figure-series-mega-man\/#breadcrumb","itemListElement":[{"@type":"ListItem","position":1,"name":"Home","item":"https:\/\/animefigurer.se\/"},{"@type":"ListItem","position":2,"name":"Butik","item":"https:\/\/animefigurer.se\/figurer\/"},{"@type":"ListItem","position":3,"name":"Mega Man MDLX Articulated Figure Series Mega Man"}]},{"@type":"WebSite","@id":"https:\/\/animefigurer.se\/#website","url":"https:\/\/animefigurer.se\/","name":"Animefigurer.se","description":"Anime figures from over 300 different anime series with over 9000 products | Anime Shop","publisher":{"@id":"https:\/\/animefigurer.se\/#organization"},"potentialAction":[{"@type":"SearchAction","target":{"@type":"EntryPoint","urlTemplate":"https:\/\/animefigurer.se\/?s={search_term_string}"},"query-input":{"@type":"PropertyValueSpecification","valueRequired":true,"valueName":"search_term_string"}}],"inLanguage":"en-GB"},{"@type":"Organization","@id":"https:\/\/animefigurer.se\/#organization","name":"Animefigurer.se","alternateName":"Anime figurer | Anime shop","url":"https:\/\/animefigurer.se\/","logo":{"@type":"ImageObject","inLanguage":"en-GB","@id":"https:\/\/animefigurer.se\/#\/schema\/logo\/image\/","url":"https:\/\/animefigurer.se\/wp-content\/uploads\/2025\/12\/Animefigurer_logowhite.png","contentUrl":"https:\/\/animefigurer.se\/wp-content\/uploads\/2025\/12\/Animefigurer_logowhite.png","width":1890,"height":1417,"caption":"Animefigurer.se"},"image":{"@id":"https:\/\/animefigurer.se\/#\/schema\/logo\/image\/"},"sameAs":["https:\/\/www.facebook.com\/profile.php?id=61581826539670","https:\/\/www.instagram.com\/animefigurer.se\/"],"email":"info@animefigurer.se"}]}},"_links":{"self":[{"href":"https:\/\/animefigurer.se\/en\/wp-json\/wp\/v2\/product\/44105","targetHints":{"allow":["GET"]}}],"collection":[{"href":"https:\/\/animefigurer.se\/en\/wp-json\/wp\/v2\/product"}],"about":[{"href":"https:\/\/animefigurer.se\/en\/wp-json\/wp\/v2\/types\/product"}],"replies":[{"embeddable":true,"href":"https:\/\/animefigurer.se\/en\/wp-json\/wp\/v2\/comments?post=44105"}],"wp:featuredmedia":[{"embeddable":true,"href":"https:\/\/animefigurer.se\/en\/wp-json\/wp\/v2\/media\/44106"}],"wp:attachment":[{"href":"https:\/\/animefigurer.se\/en\/wp-json\/wp\/v2\/media?parent=44105"}],"wp:term":[{"taxonomy":"product_brand","embeddable":true,"href":"https:\/\/animefigurer.se\/en\/wp-json\/wp\/v2\/product_brand?post=44105"},{"taxonomy":"product_cat","embeddable":true,"href":"https:\/\/animefigurer.se\/en\/wp-json\/wp\/v2\/product_cat?post=44105"},{"taxonomy":"product_tag","embeddable":true,"href":"https:\/\/animefigurer.se\/en\/wp-json\/wp\/v2\/product_tag?post=44105"},{"taxonomy":"giftcard-category","embeddable":true,"href":"https:\/\/animefigurer.se\/en\/wp-json\/wp\/v2\/giftcard-category?post=44105"}],"curies":[{"name":"wp","href":"https:\/\/api.w.org\/{rel}","templated":true}]}}