{"id":43265,"date":"2025-10-21T00:02:03","date_gmt":"2025-10-20T22:02:03","guid":{"rendered":"https:\/\/animefigurer.se\/produkt\/ufo-robot-grendizer-jumbo-soft-vinyl-grendizer-grendizer-u-ver\/"},"modified":"2025-12-21T19:31:42","modified_gmt":"2025-12-21T18:31:42","slug":"ufo-robot-grendizer-jumbo-soft-vinyl-grendizer-grendizer-u-ver","status":"publish","type":"product","link":"https:\/\/animefigurer.se\/en\/figurer\/mazinger-z\/ufo-robot-grendizer-jumbo-soft-vinyl-grendizer-grendizer-u-ver\/","title":{"rendered":"UFO Robot Grendizer Jumbo Soft Vinyl Grendizer (Grendizer U Ver.)"},"content":{"rendered":"<p>Your UFO Robot Grendizer favorites now come as jumbo soft vinyl figures from Plex! This Grendizer (Grendizer U Ver.) stands nearly 26 inches tall \u2014 an impressive display item for fans.<\/p>","protected":false},"excerpt":{"rendered":"<p>Your UFO Robot Grendizer favorites now come as jumbo soft vinyl figures from Plex! This Grendizer (Grendizer U Ver.) stands nearly 26 inches tall \u2014 an impressive display item for fans.<\/p>","protected":false},"featured_media":43266,"comment_status":"closed","ping_status":"open","template":"","meta":{"_acf_changed":false,"_monsterinsights_skip_tracking":false,"_monsterinsights_sitenote_active":false,"_monsterinsights_sitenote_note":"","_monsterinsights_sitenote_category":0},"product_brand":[7103],"product_cat":[3656],"product_tag":[24],"giftcard-category":[],"class_list":{"0":"post-43265","1":"product","2":"type-product","3":"status-publish","4":"has-post-thumbnail","6":"product_brand-plex","7":"product_cat-mazinger-z","8":"product_tag-2-3-weeks","9":"pa_material-pvc","10":"pa_storlek-64-cm","12":"first","13":"instock","14":"taxable","15":"shipping-taxable","16":"purchasable","17":"product-type-simple"},"acf":[],"yoast_head":"<!-- This site is optimized with the Yoast SEO Premium plugin v24.6 (Yoast SEO v27.3) - https:\/\/yoast.com\/product\/yoast-seo-premium-wordpress\/ -->\n<title>UFO Robot Grendizer Jumbo Soft Vinyl Grendizer (Grendizer U Ver.) | Animefigurer.se<\/title>\n<meta name=\"robots\" content=\"index, follow, max-snippet:-1, max-image-preview:large, max-video-preview:-1\" \/>\n<link rel=\"canonical\" href=\"https:\/\/animefigurer.se\/en\/figurer\/mazinger-z\/ufo-robot-grendizer-jumbo-soft-vinyl-grendizer-grendizer-u-ver\/\" \/>\n<meta property=\"og:locale\" content=\"en_GB\" \/>\n<meta property=\"og:type\" content=\"article\" \/>\n<meta property=\"og:title\" content=\"UFO Robot Grendizer Jumbo Soft Vinyl Grendizer (Grendizer U Ver.)\" \/>\n<meta property=\"og:description\" content=\"Dina favoriter fr\u00e5n UFO Robot Grendizer kommer nu som jumbo-mjuka vinylfigurer fr\u00e5n Plex! Denna Grendizer (Grendizer U Ver.) \u00e4r n\u00e4stan 26 tum h\u00f6g \u2014 ett imponerande displayobjekt f\u00f6r fans.\" \/>\n<meta property=\"og:url\" content=\"https:\/\/animefigurer.se\/en\/figurer\/mazinger-z\/ufo-robot-grendizer-jumbo-soft-vinyl-grendizer-grendizer-u-ver\/\" \/>\n<meta property=\"og:site_name\" content=\"Animefigurer.se\" \/>\n<meta property=\"article:publisher\" content=\"https:\/\/www.facebook.com\/profile.php?id=61581826539670\" \/>\n<meta property=\"article:modified_time\" content=\"2025-12-21T18:31:42+00:00\" \/>\n<meta property=\"og:image\" content=\"https:\/\/animefigurer.se\/wp-content\/uploads\/2025\/12\/Animefigurer_logowhite.png\" \/>\n\t<meta property=\"og:image:width\" content=\"1890\" \/>\n\t<meta property=\"og:image:height\" content=\"1417\" \/>\n\t<meta property=\"og:image:type\" content=\"image\/png\" \/>\n<meta name=\"twitter:card\" content=\"summary_large_image\" \/>\n<script type=\"application\/ld+json\" class=\"yoast-schema-graph\">{\"@context\":\"https:\\\/\\\/schema.org\",\"@graph\":[{\"@type\":\"WebPage\",\"@id\":\"https:\\\/\\\/animefigurer.se\\\/en\\\/figurer\\\/mazinger-z\\\/ufo-robot-grendizer-jumbo-soft-vinyl-grendizer-grendizer-u-ver\\\/\",\"url\":\"https:\\\/\\\/animefigurer.se\\\/en\\\/figurer\\\/mazinger-z\\\/ufo-robot-grendizer-jumbo-soft-vinyl-grendizer-grendizer-u-ver\\\/\",\"name\":\"UFO Robot Grendizer Jumbo Soft Vinyl Grendizer (Grendizer U Ver.) | Animefigurer.se\",\"isPartOf\":{\"@id\":\"https:\\\/\\\/animefigurer.se\\\/#website\"},\"primaryImageOfPage\":{\"@id\":\"https:\\\/\\\/animefigurer.se\\\/en\\\/figurer\\\/mazinger-z\\\/ufo-robot-grendizer-jumbo-soft-vinyl-grendizer-grendizer-u-ver\\\/#primaryimage\"},\"image\":{\"@id\":\"https:\\\/\\\/animefigurer.se\\\/en\\\/figurer\\\/mazinger-z\\\/ufo-robot-grendizer-jumbo-soft-vinyl-grendizer-grendizer-u-ver\\\/#primaryimage\"},\"thumbnailUrl\":\"https:\\\/\\\/animefigurer.se\\\/wp-content\\\/uploads\\\/2025\\\/10\\\/669045f84361d.jpeg\",\"datePublished\":\"2025-10-20T22:02:03+00:00\",\"dateModified\":\"2025-12-21T18:31:42+00:00\",\"breadcrumb\":{\"@id\":\"https:\\\/\\\/animefigurer.se\\\/en\\\/figurer\\\/mazinger-z\\\/ufo-robot-grendizer-jumbo-soft-vinyl-grendizer-grendizer-u-ver\\\/#breadcrumb\"},\"inLanguage\":\"en-GB\",\"potentialAction\":[{\"@type\":\"ReadAction\",\"target\":[\"https:\\\/\\\/animefigurer.se\\\/en\\\/figurer\\\/mazinger-z\\\/ufo-robot-grendizer-jumbo-soft-vinyl-grendizer-grendizer-u-ver\\\/\"]}]},{\"@type\":\"ImageObject\",\"inLanguage\":\"en-GB\",\"@id\":\"https:\\\/\\\/animefigurer.se\\\/en\\\/figurer\\\/mazinger-z\\\/ufo-robot-grendizer-jumbo-soft-vinyl-grendizer-grendizer-u-ver\\\/#primaryimage\",\"url\":\"https:\\\/\\\/animefigurer.se\\\/wp-content\\\/uploads\\\/2025\\\/10\\\/669045f84361d.jpeg\",\"contentUrl\":\"https:\\\/\\\/animefigurer.se\\\/wp-content\\\/uploads\\\/2025\\\/10\\\/669045f84361d.jpeg\",\"width\":720,\"height\":540},{\"@type\":\"BreadcrumbList\",\"@id\":\"https:\\\/\\\/animefigurer.se\\\/en\\\/figurer\\\/mazinger-z\\\/ufo-robot-grendizer-jumbo-soft-vinyl-grendizer-grendizer-u-ver\\\/#breadcrumb\",\"itemListElement\":[{\"@type\":\"ListItem\",\"position\":1,\"name\":\"Home\",\"item\":\"https:\\\/\\\/animefigurer.se\\\/\"},{\"@type\":\"ListItem\",\"position\":2,\"name\":\"Butik\",\"item\":\"https:\\\/\\\/animefigurer.se\\\/figurer\\\/\"},{\"@type\":\"ListItem\",\"position\":3,\"name\":\"UFO Robot Grendizer Jumbo Soft Vinyl Grendizer (Grendizer U Ver.)\"}]},{\"@type\":\"WebSite\",\"@id\":\"https:\\\/\\\/animefigurer.se\\\/#website\",\"url\":\"https:\\\/\\\/animefigurer.se\\\/\",\"name\":\"Animefigurer.se\",\"description\":\"Anime figurer fr\u00e5n \u00f6ver 300 olika anime serier med \u00f6ver 9000 produkter | Anime Shop\",\"publisher\":{\"@id\":\"https:\\\/\\\/animefigurer.se\\\/#organization\"},\"potentialAction\":[{\"@type\":\"SearchAction\",\"target\":{\"@type\":\"EntryPoint\",\"urlTemplate\":\"https:\\\/\\\/animefigurer.se\\\/?s={search_term_string}\"},\"query-input\":{\"@type\":\"PropertyValueSpecification\",\"valueRequired\":true,\"valueName\":\"search_term_string\"}}],\"inLanguage\":\"en-GB\"},{\"@type\":\"Organization\",\"@id\":\"https:\\\/\\\/animefigurer.se\\\/#organization\",\"name\":\"Animefigurer.se\",\"alternateName\":\"Anime figurer | Anime shop\",\"url\":\"https:\\\/\\\/animefigurer.se\\\/\",\"logo\":{\"@type\":\"ImageObject\",\"inLanguage\":\"en-GB\",\"@id\":\"https:\\\/\\\/animefigurer.se\\\/#\\\/schema\\\/logo\\\/image\\\/\",\"url\":\"https:\\\/\\\/animefigurer.se\\\/wp-content\\\/uploads\\\/2025\\\/12\\\/Animefigurer_logowhite.png\",\"contentUrl\":\"https:\\\/\\\/animefigurer.se\\\/wp-content\\\/uploads\\\/2025\\\/12\\\/Animefigurer_logowhite.png\",\"width\":1890,\"height\":1417,\"caption\":\"Animefigurer.se\"},\"image\":{\"@id\":\"https:\\\/\\\/animefigurer.se\\\/#\\\/schema\\\/logo\\\/image\\\/\"},\"sameAs\":[\"https:\\\/\\\/www.facebook.com\\\/profile.php?id=61581826539670\",\"https:\\\/\\\/www.instagram.com\\\/animefigurer.se\\\/\"],\"email\":\"info@animefigurer.se\"}]}<\/script>\n<!-- \/ Yoast SEO Premium plugin. -->","yoast_head_json":{"title":"UFO Robot Grendizer Jumbo Soft Vinyl Grendizer (Grendizer U Ver.) | Animefigurer.se","robots":{"index":"index","follow":"follow","max-snippet":"max-snippet:-1","max-image-preview":"max-image-preview:large","max-video-preview":"max-video-preview:-1"},"canonical":"https:\/\/animefigurer.se\/en\/figurer\/mazinger-z\/ufo-robot-grendizer-jumbo-soft-vinyl-grendizer-grendizer-u-ver\/","og_locale":"en_GB","og_type":"article","og_title":"UFO Robot Grendizer Jumbo Soft Vinyl Grendizer (Grendizer U Ver.)","og_description":"Dina favoriter fr\u00e5n UFO Robot Grendizer kommer nu som jumbo-mjuka vinylfigurer fr\u00e5n Plex! Denna Grendizer (Grendizer U Ver.) \u00e4r n\u00e4stan 26 tum h\u00f6g \u2014 ett imponerande displayobjekt f\u00f6r fans.","og_url":"https:\/\/animefigurer.se\/en\/figurer\/mazinger-z\/ufo-robot-grendizer-jumbo-soft-vinyl-grendizer-grendizer-u-ver\/","og_site_name":"Animefigurer.se","article_publisher":"https:\/\/www.facebook.com\/profile.php?id=61581826539670","article_modified_time":"2025-12-21T18:31:42+00:00","og_image":[{"width":1890,"height":1417,"url":"https:\/\/animefigurer.se\/wp-content\/uploads\/2025\/12\/Animefigurer_logowhite.png","type":"image\/png"}],"twitter_card":"summary_large_image","schema":{"@context":"https:\/\/schema.org","@graph":[{"@type":"WebPage","@id":"https:\/\/animefigurer.se\/en\/figurer\/mazinger-z\/ufo-robot-grendizer-jumbo-soft-vinyl-grendizer-grendizer-u-ver\/","url":"https:\/\/animefigurer.se\/en\/figurer\/mazinger-z\/ufo-robot-grendizer-jumbo-soft-vinyl-grendizer-grendizer-u-ver\/","name":"UFO Robot Grendizer Jumbo Soft Vinyl Grendizer (Grendizer U Ver.) | Animefigurer.se","isPartOf":{"@id":"https:\/\/animefigurer.se\/#website"},"primaryImageOfPage":{"@id":"https:\/\/animefigurer.se\/en\/figurer\/mazinger-z\/ufo-robot-grendizer-jumbo-soft-vinyl-grendizer-grendizer-u-ver\/#primaryimage"},"image":{"@id":"https:\/\/animefigurer.se\/en\/figurer\/mazinger-z\/ufo-robot-grendizer-jumbo-soft-vinyl-grendizer-grendizer-u-ver\/#primaryimage"},"thumbnailUrl":"https:\/\/animefigurer.se\/wp-content\/uploads\/2025\/10\/669045f84361d.jpeg","datePublished":"2025-10-20T22:02:03+00:00","dateModified":"2025-12-21T18:31:42+00:00","breadcrumb":{"@id":"https:\/\/animefigurer.se\/en\/figurer\/mazinger-z\/ufo-robot-grendizer-jumbo-soft-vinyl-grendizer-grendizer-u-ver\/#breadcrumb"},"inLanguage":"en-GB","potentialAction":[{"@type":"ReadAction","target":["https:\/\/animefigurer.se\/en\/figurer\/mazinger-z\/ufo-robot-grendizer-jumbo-soft-vinyl-grendizer-grendizer-u-ver\/"]}]},{"@type":"ImageObject","inLanguage":"en-GB","@id":"https:\/\/animefigurer.se\/en\/figurer\/mazinger-z\/ufo-robot-grendizer-jumbo-soft-vinyl-grendizer-grendizer-u-ver\/#primaryimage","url":"https:\/\/animefigurer.se\/wp-content\/uploads\/2025\/10\/669045f84361d.jpeg","contentUrl":"https:\/\/animefigurer.se\/wp-content\/uploads\/2025\/10\/669045f84361d.jpeg","width":720,"height":540},{"@type":"BreadcrumbList","@id":"https:\/\/animefigurer.se\/en\/figurer\/mazinger-z\/ufo-robot-grendizer-jumbo-soft-vinyl-grendizer-grendizer-u-ver\/#breadcrumb","itemListElement":[{"@type":"ListItem","position":1,"name":"Home","item":"https:\/\/animefigurer.se\/"},{"@type":"ListItem","position":2,"name":"Butik","item":"https:\/\/animefigurer.se\/figurer\/"},{"@type":"ListItem","position":3,"name":"UFO Robot Grendizer Jumbo Soft Vinyl Grendizer (Grendizer U Ver.)"}]},{"@type":"WebSite","@id":"https:\/\/animefigurer.se\/#website","url":"https:\/\/animefigurer.se\/","name":"Animefigurer.se","description":"Anime figures from over 300 different anime series with over 9000 products | Anime Shop","publisher":{"@id":"https:\/\/animefigurer.se\/#organization"},"potentialAction":[{"@type":"SearchAction","target":{"@type":"EntryPoint","urlTemplate":"https:\/\/animefigurer.se\/?s={search_term_string}"},"query-input":{"@type":"PropertyValueSpecification","valueRequired":true,"valueName":"search_term_string"}}],"inLanguage":"en-GB"},{"@type":"Organization","@id":"https:\/\/animefigurer.se\/#organization","name":"Animefigurer.se","alternateName":"Anime figurer | Anime shop","url":"https:\/\/animefigurer.se\/","logo":{"@type":"ImageObject","inLanguage":"en-GB","@id":"https:\/\/animefigurer.se\/#\/schema\/logo\/image\/","url":"https:\/\/animefigurer.se\/wp-content\/uploads\/2025\/12\/Animefigurer_logowhite.png","contentUrl":"https:\/\/animefigurer.se\/wp-content\/uploads\/2025\/12\/Animefigurer_logowhite.png","width":1890,"height":1417,"caption":"Animefigurer.se"},"image":{"@id":"https:\/\/animefigurer.se\/#\/schema\/logo\/image\/"},"sameAs":["https:\/\/www.facebook.com\/profile.php?id=61581826539670","https:\/\/www.instagram.com\/animefigurer.se\/"],"email":"info@animefigurer.se"}]}},"_links":{"self":[{"href":"https:\/\/animefigurer.se\/en\/wp-json\/wp\/v2\/product\/43265","targetHints":{"allow":["GET"]}}],"collection":[{"href":"https:\/\/animefigurer.se\/en\/wp-json\/wp\/v2\/product"}],"about":[{"href":"https:\/\/animefigurer.se\/en\/wp-json\/wp\/v2\/types\/product"}],"replies":[{"embeddable":true,"href":"https:\/\/animefigurer.se\/en\/wp-json\/wp\/v2\/comments?post=43265"}],"wp:featuredmedia":[{"embeddable":true,"href":"https:\/\/animefigurer.se\/en\/wp-json\/wp\/v2\/media\/43266"}],"wp:attachment":[{"href":"https:\/\/animefigurer.se\/en\/wp-json\/wp\/v2\/media?parent=43265"}],"wp:term":[{"taxonomy":"product_brand","embeddable":true,"href":"https:\/\/animefigurer.se\/en\/wp-json\/wp\/v2\/product_brand?post=43265"},{"taxonomy":"product_cat","embeddable":true,"href":"https:\/\/animefigurer.se\/en\/wp-json\/wp\/v2\/product_cat?post=43265"},{"taxonomy":"product_tag","embeddable":true,"href":"https:\/\/animefigurer.se\/en\/wp-json\/wp\/v2\/product_tag?post=43265"},{"taxonomy":"giftcard-category","embeddable":true,"href":"https:\/\/animefigurer.se\/en\/wp-json\/wp\/v2\/giftcard-category?post=43265"}],"curies":[{"name":"wp","href":"https:\/\/api.w.org\/{rel}","templated":true}]}}