{"id":43255,"date":"2025-10-21T00:02:03","date_gmt":"2025-10-20T22:02:03","guid":{"rendered":"https:\/\/animefigurer.se\/produkt\/great-mazinger-metal-action-great-mazinger-brain-condor-renewal-ver\/"},"modified":"2025-12-21T19:31:42","modified_gmt":"2025-12-21T18:31:42","slug":"great-mazinger-metal-action-great-mazinger-brain-condor-renewal-ver","status":"publish","type":"product","link":"https:\/\/animefigurer.se\/en\/figurer\/mazinger-z\/great-mazinger-metal-action-great-mazinger-brain-condor-renewal-ver\/","title":{"rendered":"Great Mazinger Metal Action Great Mazinger &amp; Brain Condor (Renewal Ver.)"},"content":{"rendered":"<p>From the Great Mazinger anime comes the Metal Action Great Mazinger &amp; Brain Condor (Renewal Ver.) \u2014 a high-quality bust from Evolution-Toy and Future Quest. The Brain Condor can be displayed separately or inserted into the Great Mazinger head to complete the iconic figure. A must-have for your Mazinger collection!<\/p>","protected":false},"excerpt":{"rendered":"<p>From the Great Mazinger anime comes the Metal Action Great Mazinger &amp; Brain Condor (Renewal Ver.) \u2014 a high-quality bust from Evolution-Toy and Future Quest. The Brain Condor can be displayed separately or inserted into the Great Mazinger head to complete the iconic figure. A must-have for any Mazinger collection<\/p>","protected":false},"featured_media":43256,"comment_status":"closed","ping_status":"open","template":"","meta":{"_acf_changed":false,"_monsterinsights_skip_tracking":false,"_monsterinsights_sitenote_active":false,"_monsterinsights_sitenote_note":"","_monsterinsights_sitenote_category":0},"product_brand":[6977],"product_cat":[3656],"product_tag":[24],"giftcard-category":[],"class_list":{"0":"post-43255","1":"product","2":"type-product","3":"status-publish","4":"has-post-thumbnail","6":"product_brand-evolution-toy","7":"product_cat-mazinger-z","8":"product_tag-2-3-weeks","9":"pa_franchise-great-mazinger","10":"pa_material-plastic","11":"pa_storlek-14-cm","13":"first","14":"instock","15":"taxable","16":"shipping-taxable","17":"purchasable","18":"product-type-simple"},"acf":[],"yoast_head":"<!-- This site is optimized with the Yoast SEO Premium plugin v24.6 (Yoast SEO v27.3) - https:\/\/yoast.com\/product\/yoast-seo-premium-wordpress\/ -->\n<title>Great Mazinger Metal Action Great Mazinger &amp; Brain Condor (Renewal Ver.) | Animefigurer.se<\/title>\n<meta name=\"robots\" content=\"index, follow, max-snippet:-1, max-image-preview:large, max-video-preview:-1\" \/>\n<link rel=\"canonical\" href=\"https:\/\/animefigurer.se\/en\/figurer\/mazinger-z\/great-mazinger-metal-action-great-mazinger-brain-condor-renewal-ver\/\" \/>\n<meta property=\"og:locale\" content=\"en_GB\" \/>\n<meta property=\"og:type\" content=\"article\" \/>\n<meta property=\"og:title\" content=\"Great Mazinger Metal Action Great Mazinger &amp; Brain Condor (Renewal Ver.)\" \/>\n<meta property=\"og:description\" content=\"Fr\u00e5n Great Mazinger-animen kommer Metal Action Great Mazinger &amp; Brain Condor (Renewal Ver.) \u2014 en h\u00f6gkvalitativ byst fr\u00e5n Evolution-Toy och Future Quest. Brain Condor kan visas separat eller s\u00e4ttas in i Great Mazinger-huvudet f\u00f6r att fullborda den ikoniska figuren. Ett m\u00e5ste till Mazinger-samling\" \/>\n<meta property=\"og:url\" content=\"https:\/\/animefigurer.se\/en\/figurer\/mazinger-z\/great-mazinger-metal-action-great-mazinger-brain-condor-renewal-ver\/\" \/>\n<meta property=\"og:site_name\" content=\"Animefigurer.se\" \/>\n<meta property=\"article:publisher\" content=\"https:\/\/www.facebook.com\/profile.php?id=61581826539670\" \/>\n<meta property=\"article:modified_time\" content=\"2025-12-21T18:31:42+00:00\" \/>\n<meta property=\"og:image\" content=\"https:\/\/animefigurer.se\/wp-content\/uploads\/2025\/12\/Animefigurer_logowhite.png\" \/>\n\t<meta property=\"og:image:width\" content=\"1890\" \/>\n\t<meta property=\"og:image:height\" content=\"1417\" \/>\n\t<meta property=\"og:image:type\" content=\"image\/png\" \/>\n<meta name=\"twitter:card\" content=\"summary_large_image\" \/>\n<script type=\"application\/ld+json\" class=\"yoast-schema-graph\">{\"@context\":\"https:\\\/\\\/schema.org\",\"@graph\":[{\"@type\":\"WebPage\",\"@id\":\"https:\\\/\\\/animefigurer.se\\\/figurer\\\/mazinger-z\\\/great-mazinger-metal-action-great-mazinger-brain-condor-renewal-ver\\\/\",\"url\":\"https:\\\/\\\/animefigurer.se\\\/figurer\\\/mazinger-z\\\/great-mazinger-metal-action-great-mazinger-brain-condor-renewal-ver\\\/\",\"name\":\"Great Mazinger Metal Action Great Mazinger &amp; Brain Condor (Renewal Ver.) | Animefigurer.se\",\"isPartOf\":{\"@id\":\"https:\\\/\\\/animefigurer.se\\\/#website\"},\"primaryImageOfPage\":{\"@id\":\"https:\\\/\\\/animefigurer.se\\\/figurer\\\/mazinger-z\\\/great-mazinger-metal-action-great-mazinger-brain-condor-renewal-ver\\\/#primaryimage\"},\"image\":{\"@id\":\"https:\\\/\\\/animefigurer.se\\\/figurer\\\/mazinger-z\\\/great-mazinger-metal-action-great-mazinger-brain-condor-renewal-ver\\\/#primaryimage\"},\"thumbnailUrl\":\"https:\\\/\\\/animefigurer.se\\\/wp-content\\\/uploads\\\/2025\\\/10\\\/66761a2f70823.jpeg\",\"datePublished\":\"2025-10-20T22:02:03+00:00\",\"dateModified\":\"2025-12-21T18:31:42+00:00\",\"breadcrumb\":{\"@id\":\"https:\\\/\\\/animefigurer.se\\\/figurer\\\/mazinger-z\\\/great-mazinger-metal-action-great-mazinger-brain-condor-renewal-ver\\\/#breadcrumb\"},\"inLanguage\":\"en-GB\",\"potentialAction\":[{\"@type\":\"ReadAction\",\"target\":[\"https:\\\/\\\/animefigurer.se\\\/figurer\\\/mazinger-z\\\/great-mazinger-metal-action-great-mazinger-brain-condor-renewal-ver\\\/\"]}]},{\"@type\":\"ImageObject\",\"inLanguage\":\"en-GB\",\"@id\":\"https:\\\/\\\/animefigurer.se\\\/figurer\\\/mazinger-z\\\/great-mazinger-metal-action-great-mazinger-brain-condor-renewal-ver\\\/#primaryimage\",\"url\":\"https:\\\/\\\/animefigurer.se\\\/wp-content\\\/uploads\\\/2025\\\/10\\\/66761a2f70823.jpeg\",\"contentUrl\":\"https:\\\/\\\/animefigurer.se\\\/wp-content\\\/uploads\\\/2025\\\/10\\\/66761a2f70823.jpeg\",\"width\":720,\"height\":540},{\"@type\":\"BreadcrumbList\",\"@id\":\"https:\\\/\\\/animefigurer.se\\\/figurer\\\/mazinger-z\\\/great-mazinger-metal-action-great-mazinger-brain-condor-renewal-ver\\\/#breadcrumb\",\"itemListElement\":[{\"@type\":\"ListItem\",\"position\":1,\"name\":\"Home\",\"item\":\"https:\\\/\\\/animefigurer.se\\\/\"},{\"@type\":\"ListItem\",\"position\":2,\"name\":\"Butik\",\"item\":\"https:\\\/\\\/animefigurer.se\\\/figurer\\\/\"},{\"@type\":\"ListItem\",\"position\":3,\"name\":\"Great Mazinger Metal Action Great Mazinger &amp; Brain Condor (Renewal Ver.)\"}]},{\"@type\":\"WebSite\",\"@id\":\"https:\\\/\\\/animefigurer.se\\\/#website\",\"url\":\"https:\\\/\\\/animefigurer.se\\\/\",\"name\":\"Animefigurer.se\",\"description\":\"Anime figurer fr\u00e5n \u00f6ver 300 olika anime serier med \u00f6ver 9000 produkter | Anime Shop\",\"publisher\":{\"@id\":\"https:\\\/\\\/animefigurer.se\\\/#organization\"},\"potentialAction\":[{\"@type\":\"SearchAction\",\"target\":{\"@type\":\"EntryPoint\",\"urlTemplate\":\"https:\\\/\\\/animefigurer.se\\\/?s={search_term_string}\"},\"query-input\":{\"@type\":\"PropertyValueSpecification\",\"valueRequired\":true,\"valueName\":\"search_term_string\"}}],\"inLanguage\":\"en-GB\"},{\"@type\":\"Organization\",\"@id\":\"https:\\\/\\\/animefigurer.se\\\/#organization\",\"name\":\"Animefigurer.se\",\"alternateName\":\"Anime figurer | Anime shop\",\"url\":\"https:\\\/\\\/animefigurer.se\\\/\",\"logo\":{\"@type\":\"ImageObject\",\"inLanguage\":\"en-GB\",\"@id\":\"https:\\\/\\\/animefigurer.se\\\/#\\\/schema\\\/logo\\\/image\\\/\",\"url\":\"https:\\\/\\\/animefigurer.se\\\/wp-content\\\/uploads\\\/2025\\\/12\\\/Animefigurer_logowhite.png\",\"contentUrl\":\"https:\\\/\\\/animefigurer.se\\\/wp-content\\\/uploads\\\/2025\\\/12\\\/Animefigurer_logowhite.png\",\"width\":1890,\"height\":1417,\"caption\":\"Animefigurer.se\"},\"image\":{\"@id\":\"https:\\\/\\\/animefigurer.se\\\/#\\\/schema\\\/logo\\\/image\\\/\"},\"sameAs\":[\"https:\\\/\\\/www.facebook.com\\\/profile.php?id=61581826539670\",\"https:\\\/\\\/www.instagram.com\\\/animefigurer.se\\\/\"],\"email\":\"info@animefigurer.se\"}]}<\/script>\n<!-- \/ Yoast SEO Premium plugin. -->","yoast_head_json":{"title":"Great Mazinger Metal Action Great Mazinger &amp; Brain Condor (Renewal Ver.) | Animefigurer.se","robots":{"index":"index","follow":"follow","max-snippet":"max-snippet:-1","max-image-preview":"max-image-preview:large","max-video-preview":"max-video-preview:-1"},"canonical":"https:\/\/animefigurer.se\/en\/figurer\/mazinger-z\/great-mazinger-metal-action-great-mazinger-brain-condor-renewal-ver\/","og_locale":"en_GB","og_type":"article","og_title":"Great Mazinger Metal Action Great Mazinger &amp; Brain Condor (Renewal Ver.)","og_description":"Fr\u00e5n Great Mazinger-animen kommer Metal Action Great Mazinger &amp; Brain Condor (Renewal Ver.) \u2014 en h\u00f6gkvalitativ byst fr\u00e5n Evolution-Toy och Future Quest. Brain Condor kan visas separat eller s\u00e4ttas in i Great Mazinger-huvudet f\u00f6r att fullborda den ikoniska figuren. Ett m\u00e5ste till Mazinger-samling","og_url":"https:\/\/animefigurer.se\/en\/figurer\/mazinger-z\/great-mazinger-metal-action-great-mazinger-brain-condor-renewal-ver\/","og_site_name":"Animefigurer.se","article_publisher":"https:\/\/www.facebook.com\/profile.php?id=61581826539670","article_modified_time":"2025-12-21T18:31:42+00:00","og_image":[{"width":1890,"height":1417,"url":"https:\/\/animefigurer.se\/wp-content\/uploads\/2025\/12\/Animefigurer_logowhite.png","type":"image\/png"}],"twitter_card":"summary_large_image","schema":{"@context":"https:\/\/schema.org","@graph":[{"@type":"WebPage","@id":"https:\/\/animefigurer.se\/figurer\/mazinger-z\/great-mazinger-metal-action-great-mazinger-brain-condor-renewal-ver\/","url":"https:\/\/animefigurer.se\/figurer\/mazinger-z\/great-mazinger-metal-action-great-mazinger-brain-condor-renewal-ver\/","name":"Great Mazinger Metal Action Great Mazinger &amp; Brain Condor (Renewal Ver.) | Animefigurer.se","isPartOf":{"@id":"https:\/\/animefigurer.se\/#website"},"primaryImageOfPage":{"@id":"https:\/\/animefigurer.se\/figurer\/mazinger-z\/great-mazinger-metal-action-great-mazinger-brain-condor-renewal-ver\/#primaryimage"},"image":{"@id":"https:\/\/animefigurer.se\/figurer\/mazinger-z\/great-mazinger-metal-action-great-mazinger-brain-condor-renewal-ver\/#primaryimage"},"thumbnailUrl":"https:\/\/animefigurer.se\/wp-content\/uploads\/2025\/10\/66761a2f70823.jpeg","datePublished":"2025-10-20T22:02:03+00:00","dateModified":"2025-12-21T18:31:42+00:00","breadcrumb":{"@id":"https:\/\/animefigurer.se\/figurer\/mazinger-z\/great-mazinger-metal-action-great-mazinger-brain-condor-renewal-ver\/#breadcrumb"},"inLanguage":"en-GB","potentialAction":[{"@type":"ReadAction","target":["https:\/\/animefigurer.se\/figurer\/mazinger-z\/great-mazinger-metal-action-great-mazinger-brain-condor-renewal-ver\/"]}]},{"@type":"ImageObject","inLanguage":"en-GB","@id":"https:\/\/animefigurer.se\/figurer\/mazinger-z\/great-mazinger-metal-action-great-mazinger-brain-condor-renewal-ver\/#primaryimage","url":"https:\/\/animefigurer.se\/wp-content\/uploads\/2025\/10\/66761a2f70823.jpeg","contentUrl":"https:\/\/animefigurer.se\/wp-content\/uploads\/2025\/10\/66761a2f70823.jpeg","width":720,"height":540},{"@type":"BreadcrumbList","@id":"https:\/\/animefigurer.se\/figurer\/mazinger-z\/great-mazinger-metal-action-great-mazinger-brain-condor-renewal-ver\/#breadcrumb","itemListElement":[{"@type":"ListItem","position":1,"name":"Home","item":"https:\/\/animefigurer.se\/"},{"@type":"ListItem","position":2,"name":"Butik","item":"https:\/\/animefigurer.se\/figurer\/"},{"@type":"ListItem","position":3,"name":"Great Mazinger Metal Action Great Mazinger &amp; Brain Condor (Renewal Ver.)"}]},{"@type":"WebSite","@id":"https:\/\/animefigurer.se\/#website","url":"https:\/\/animefigurer.se\/","name":"Animefigurer.se","description":"Anime figures from over 300 different anime series with over 9000 products | Anime Shop","publisher":{"@id":"https:\/\/animefigurer.se\/#organization"},"potentialAction":[{"@type":"SearchAction","target":{"@type":"EntryPoint","urlTemplate":"https:\/\/animefigurer.se\/?s={search_term_string}"},"query-input":{"@type":"PropertyValueSpecification","valueRequired":true,"valueName":"search_term_string"}}],"inLanguage":"en-GB"},{"@type":"Organization","@id":"https:\/\/animefigurer.se\/#organization","name":"Animefigurer.se","alternateName":"Anime figurer | Anime shop","url":"https:\/\/animefigurer.se\/","logo":{"@type":"ImageObject","inLanguage":"en-GB","@id":"https:\/\/animefigurer.se\/#\/schema\/logo\/image\/","url":"https:\/\/animefigurer.se\/wp-content\/uploads\/2025\/12\/Animefigurer_logowhite.png","contentUrl":"https:\/\/animefigurer.se\/wp-content\/uploads\/2025\/12\/Animefigurer_logowhite.png","width":1890,"height":1417,"caption":"Animefigurer.se"},"image":{"@id":"https:\/\/animefigurer.se\/#\/schema\/logo\/image\/"},"sameAs":["https:\/\/www.facebook.com\/profile.php?id=61581826539670","https:\/\/www.instagram.com\/animefigurer.se\/"],"email":"info@animefigurer.se"}]}},"_links":{"self":[{"href":"https:\/\/animefigurer.se\/en\/wp-json\/wp\/v2\/product\/43255","targetHints":{"allow":["GET"]}}],"collection":[{"href":"https:\/\/animefigurer.se\/en\/wp-json\/wp\/v2\/product"}],"about":[{"href":"https:\/\/animefigurer.se\/en\/wp-json\/wp\/v2\/types\/product"}],"replies":[{"embeddable":true,"href":"https:\/\/animefigurer.se\/en\/wp-json\/wp\/v2\/comments?post=43255"}],"wp:featuredmedia":[{"embeddable":true,"href":"https:\/\/animefigurer.se\/en\/wp-json\/wp\/v2\/media\/43256"}],"wp:attachment":[{"href":"https:\/\/animefigurer.se\/en\/wp-json\/wp\/v2\/media?parent=43255"}],"wp:term":[{"taxonomy":"product_brand","embeddable":true,"href":"https:\/\/animefigurer.se\/en\/wp-json\/wp\/v2\/product_brand?post=43255"},{"taxonomy":"product_cat","embeddable":true,"href":"https:\/\/animefigurer.se\/en\/wp-json\/wp\/v2\/product_cat?post=43255"},{"taxonomy":"product_tag","embeddable":true,"href":"https:\/\/animefigurer.se\/en\/wp-json\/wp\/v2\/product_tag?post=43255"},{"taxonomy":"giftcard-category","embeddable":true,"href":"https:\/\/animefigurer.se\/en\/wp-json\/wp\/v2\/giftcard-category?post=43255"}],"curies":[{"name":"wp","href":"https:\/\/api.w.org\/{rel}","templated":true}]}}