{"id":42893,"date":"2025-10-20T23:58:52","date_gmt":"2025-10-20T21:58:52","guid":{"rendered":"https:\/\/animefigurer.se\/produkt\/x-men-marvel-legends-gladiator-deathbird-action-figure-two-pack\/"},"modified":"2025-12-21T19:31:39","modified_gmt":"2025-12-21T18:31:39","slug":"x-men-marvel-legends-gladiator-deathbird-action-figure-two-pack","status":"publish","type":"product","link":"https:\/\/animefigurer.se\/en\/figurer\/marvel\/x-men-marvel-legends-gladiator-deathbird-action-figure-two-pack\/","title":{"rendered":"X-Men Marvel Legends Gladiator &amp; Deathbird Action Figure Two-Pack"},"content":{"rendered":"<p>Gladiator leads the legions of the Imperial Guard with unwavering loyalty to the Majestrix\u2014a title Deathbird herself aspires to as she plots to overthrow her sister Lilandra Neramani, ruler of the space-faring Shi&#039;ar Empire.<\/p>\n<p>Hasbro Marvel Legends now presents a two-pack of Deathbird and Gladiator in 6-inch scale. Both figures are detailed and fully articulated with premium design and movable heads, arms and legs.<\/p>\n<p>The set includes three accessories: alternate hands and an alternate head with thermal vision for Gladiator. Hasbro&#039;s 6-inch scale makes these figures perfect for posing and displaying in any fan&#039;s collection.<\/p>","protected":false},"excerpt":{"rendered":"<p>Gladiator leads the legions of the Imperial Guard with unwavering loyalty to the Majestrix\u2014a title Deathbird herself aspires to as she plots to overthrow her sister Lilandra Neramani, ruler of the space-faring Shi&#039;ar Empire.<\/p>\n<p>Hasbro Marvel Legends now presents a two-pack with Deathbird and G<\/p>","protected":false},"featured_media":42894,"comment_status":"closed","ping_status":"open","template":"","meta":{"_acf_changed":false,"_monsterinsights_skip_tracking":false,"_monsterinsights_sitenote_active":false,"_monsterinsights_sitenote_note":"","_monsterinsights_sitenote_category":0},"product_brand":[7009],"product_cat":[3554,7233],"product_tag":[26],"giftcard-category":[],"class_list":{"0":"post-42893","1":"product","2":"type-product","3":"status-publish","4":"has-post-thumbnail","6":"product_brand-hasbro","7":"product_cat-marvel","8":"product_cat-pre-order","9":"product_tag-pre-order","10":"pa_franchise-marvel","11":"pa_karaktar-gladiator-deathbird","12":"pa_material-plastic","13":"pa_storlek-15-cm","15":"first","16":"instock","17":"taxable","18":"shipping-taxable","19":"purchasable","20":"product-type-simple"},"acf":[],"yoast_head":"<!-- This site is optimized with the Yoast SEO Premium plugin v24.6 (Yoast SEO v27.3) - https:\/\/yoast.com\/product\/yoast-seo-premium-wordpress\/ -->\n<title>X-Men Marvel Legends Gladiator &amp; Deathbird Action Figure Two-Pack | Animefigurer.se<\/title>\n<meta name=\"robots\" content=\"index, follow, max-snippet:-1, max-image-preview:large, max-video-preview:-1\" \/>\n<link rel=\"canonical\" href=\"https:\/\/animefigurer.se\/en\/figurer\/marvel\/x-men-marvel-legends-gladiator-deathbird-action-figure-two-pack\/\" \/>\n<meta property=\"og:locale\" content=\"en_GB\" \/>\n<meta property=\"og:type\" content=\"article\" \/>\n<meta property=\"og:title\" content=\"X-Men Marvel Legends Gladiator &amp; Deathbird Action Figure Two-Pack\" \/>\n<meta property=\"og:description\" content=\"Gladiator leder de kejserliga gardernas legioner med orubblig lojalitet mot Majestrix \u2014 en titel Deathbird sj\u00e4lv efterstr\u00e4var n\u00e4r hon planerar att st\u00f6rta sin syster Lilandra Neramani, h\u00e4rskare \u00f6ver det rymdfarande Shi&#039;ar-imperiet. Hasbro Marvel Legends presenterar nu ett tv\u00e5pack med Deathbird och G\" \/>\n<meta property=\"og:url\" content=\"https:\/\/animefigurer.se\/en\/figurer\/marvel\/x-men-marvel-legends-gladiator-deathbird-action-figure-two-pack\/\" \/>\n<meta property=\"og:site_name\" content=\"Animefigurer.se\" \/>\n<meta property=\"article:publisher\" content=\"https:\/\/www.facebook.com\/profile.php?id=61581826539670\" \/>\n<meta property=\"article:modified_time\" content=\"2025-12-21T18:31:39+00:00\" \/>\n<meta property=\"og:image\" content=\"https:\/\/animefigurer.se\/wp-content\/uploads\/2025\/12\/Animefigurer_logowhite.png\" \/>\n\t<meta property=\"og:image:width\" content=\"1890\" \/>\n\t<meta property=\"og:image:height\" content=\"1417\" \/>\n\t<meta property=\"og:image:type\" content=\"image\/png\" \/>\n<meta name=\"twitter:card\" content=\"summary_large_image\" \/>\n<meta name=\"twitter:label1\" content=\"Estimated reading time\" \/>\n\t<meta name=\"twitter:data1\" content=\"1 minute\" \/>\n<script type=\"application\/ld+json\" class=\"yoast-schema-graph\">{\"@context\":\"https:\\\/\\\/schema.org\",\"@graph\":[{\"@type\":\"WebPage\",\"@id\":\"https:\\\/\\\/animefigurer.se\\\/figurer\\\/marvel\\\/x-men-marvel-legends-gladiator-deathbird-action-figure-two-pack\\\/\",\"url\":\"https:\\\/\\\/animefigurer.se\\\/figurer\\\/marvel\\\/x-men-marvel-legends-gladiator-deathbird-action-figure-two-pack\\\/\",\"name\":\"X-Men Marvel Legends Gladiator &amp; Deathbird Action Figure Two-Pack | Animefigurer.se\",\"isPartOf\":{\"@id\":\"https:\\\/\\\/animefigurer.se\\\/#website\"},\"primaryImageOfPage\":{\"@id\":\"https:\\\/\\\/animefigurer.se\\\/figurer\\\/marvel\\\/x-men-marvel-legends-gladiator-deathbird-action-figure-two-pack\\\/#primaryimage\"},\"image\":{\"@id\":\"https:\\\/\\\/animefigurer.se\\\/figurer\\\/marvel\\\/x-men-marvel-legends-gladiator-deathbird-action-figure-two-pack\\\/#primaryimage\"},\"thumbnailUrl\":\"https:\\\/\\\/animefigurer.se\\\/wp-content\\\/uploads\\\/2025\\\/10\\\/68cd6e288c119.jpeg\",\"datePublished\":\"2025-10-20T21:58:52+00:00\",\"dateModified\":\"2025-12-21T18:31:39+00:00\",\"breadcrumb\":{\"@id\":\"https:\\\/\\\/animefigurer.se\\\/figurer\\\/marvel\\\/x-men-marvel-legends-gladiator-deathbird-action-figure-two-pack\\\/#breadcrumb\"},\"inLanguage\":\"en-GB\",\"potentialAction\":[{\"@type\":\"ReadAction\",\"target\":[\"https:\\\/\\\/animefigurer.se\\\/figurer\\\/marvel\\\/x-men-marvel-legends-gladiator-deathbird-action-figure-two-pack\\\/\"]}]},{\"@type\":\"ImageObject\",\"inLanguage\":\"en-GB\",\"@id\":\"https:\\\/\\\/animefigurer.se\\\/figurer\\\/marvel\\\/x-men-marvel-legends-gladiator-deathbird-action-figure-two-pack\\\/#primaryimage\",\"url\":\"https:\\\/\\\/animefigurer.se\\\/wp-content\\\/uploads\\\/2025\\\/10\\\/68cd6e288c119.jpeg\",\"contentUrl\":\"https:\\\/\\\/animefigurer.se\\\/wp-content\\\/uploads\\\/2025\\\/10\\\/68cd6e288c119.jpeg\",\"width\":1000,\"height\":750},{\"@type\":\"BreadcrumbList\",\"@id\":\"https:\\\/\\\/animefigurer.se\\\/figurer\\\/marvel\\\/x-men-marvel-legends-gladiator-deathbird-action-figure-two-pack\\\/#breadcrumb\",\"itemListElement\":[{\"@type\":\"ListItem\",\"position\":1,\"name\":\"Home\",\"item\":\"https:\\\/\\\/animefigurer.se\\\/\"},{\"@type\":\"ListItem\",\"position\":2,\"name\":\"Butik\",\"item\":\"https:\\\/\\\/animefigurer.se\\\/figurer\\\/\"},{\"@type\":\"ListItem\",\"position\":3,\"name\":\"X-Men Marvel Legends Gladiator &amp; Deathbird Action Figure Two-Pack\"}]},{\"@type\":\"WebSite\",\"@id\":\"https:\\\/\\\/animefigurer.se\\\/#website\",\"url\":\"https:\\\/\\\/animefigurer.se\\\/\",\"name\":\"Animefigurer.se\",\"description\":\"Anime figurer fr\u00e5n \u00f6ver 300 olika anime serier med \u00f6ver 9000 produkter | Anime Shop\",\"publisher\":{\"@id\":\"https:\\\/\\\/animefigurer.se\\\/#organization\"},\"potentialAction\":[{\"@type\":\"SearchAction\",\"target\":{\"@type\":\"EntryPoint\",\"urlTemplate\":\"https:\\\/\\\/animefigurer.se\\\/?s={search_term_string}\"},\"query-input\":{\"@type\":\"PropertyValueSpecification\",\"valueRequired\":true,\"valueName\":\"search_term_string\"}}],\"inLanguage\":\"en-GB\"},{\"@type\":\"Organization\",\"@id\":\"https:\\\/\\\/animefigurer.se\\\/#organization\",\"name\":\"Animefigurer.se\",\"alternateName\":\"Anime figurer | Anime shop\",\"url\":\"https:\\\/\\\/animefigurer.se\\\/\",\"logo\":{\"@type\":\"ImageObject\",\"inLanguage\":\"en-GB\",\"@id\":\"https:\\\/\\\/animefigurer.se\\\/#\\\/schema\\\/logo\\\/image\\\/\",\"url\":\"https:\\\/\\\/animefigurer.se\\\/wp-content\\\/uploads\\\/2025\\\/12\\\/Animefigurer_logowhite.png\",\"contentUrl\":\"https:\\\/\\\/animefigurer.se\\\/wp-content\\\/uploads\\\/2025\\\/12\\\/Animefigurer_logowhite.png\",\"width\":1890,\"height\":1417,\"caption\":\"Animefigurer.se\"},\"image\":{\"@id\":\"https:\\\/\\\/animefigurer.se\\\/#\\\/schema\\\/logo\\\/image\\\/\"},\"sameAs\":[\"https:\\\/\\\/www.facebook.com\\\/profile.php?id=61581826539670\",\"https:\\\/\\\/www.instagram.com\\\/animefigurer.se\\\/\"],\"email\":\"info@animefigurer.se\"}]}<\/script>\n<!-- \/ Yoast SEO Premium plugin. -->","yoast_head_json":{"title":"X-Men Marvel Legends Gladiator &amp; Deathbird Action Figure Two-Pack | Animefigurer.se","robots":{"index":"index","follow":"follow","max-snippet":"max-snippet:-1","max-image-preview":"max-image-preview:large","max-video-preview":"max-video-preview:-1"},"canonical":"https:\/\/animefigurer.se\/en\/figurer\/marvel\/x-men-marvel-legends-gladiator-deathbird-action-figure-two-pack\/","og_locale":"en_GB","og_type":"article","og_title":"X-Men Marvel Legends Gladiator &amp; Deathbird Action Figure Two-Pack","og_description":"Gladiator leder de kejserliga gardernas legioner med orubblig lojalitet mot Majestrix \u2014 en titel Deathbird sj\u00e4lv efterstr\u00e4var n\u00e4r hon planerar att st\u00f6rta sin syster Lilandra Neramani, h\u00e4rskare \u00f6ver det rymdfarande Shi'ar-imperiet. Hasbro Marvel Legends presenterar nu ett tv\u00e5pack med Deathbird och G","og_url":"https:\/\/animefigurer.se\/en\/figurer\/marvel\/x-men-marvel-legends-gladiator-deathbird-action-figure-two-pack\/","og_site_name":"Animefigurer.se","article_publisher":"https:\/\/www.facebook.com\/profile.php?id=61581826539670","article_modified_time":"2025-12-21T18:31:39+00:00","og_image":[{"width":1890,"height":1417,"url":"https:\/\/animefigurer.se\/wp-content\/uploads\/2025\/12\/Animefigurer_logowhite.png","type":"image\/png"}],"twitter_card":"summary_large_image","twitter_misc":{"Estimated reading time":"1 minute"},"schema":{"@context":"https:\/\/schema.org","@graph":[{"@type":"WebPage","@id":"https:\/\/animefigurer.se\/figurer\/marvel\/x-men-marvel-legends-gladiator-deathbird-action-figure-two-pack\/","url":"https:\/\/animefigurer.se\/figurer\/marvel\/x-men-marvel-legends-gladiator-deathbird-action-figure-two-pack\/","name":"X-Men Marvel Legends Gladiator &amp; Deathbird Action Figure Two-Pack | Animefigurer.se","isPartOf":{"@id":"https:\/\/animefigurer.se\/#website"},"primaryImageOfPage":{"@id":"https:\/\/animefigurer.se\/figurer\/marvel\/x-men-marvel-legends-gladiator-deathbird-action-figure-two-pack\/#primaryimage"},"image":{"@id":"https:\/\/animefigurer.se\/figurer\/marvel\/x-men-marvel-legends-gladiator-deathbird-action-figure-two-pack\/#primaryimage"},"thumbnailUrl":"https:\/\/animefigurer.se\/wp-content\/uploads\/2025\/10\/68cd6e288c119.jpeg","datePublished":"2025-10-20T21:58:52+00:00","dateModified":"2025-12-21T18:31:39+00:00","breadcrumb":{"@id":"https:\/\/animefigurer.se\/figurer\/marvel\/x-men-marvel-legends-gladiator-deathbird-action-figure-two-pack\/#breadcrumb"},"inLanguage":"en-GB","potentialAction":[{"@type":"ReadAction","target":["https:\/\/animefigurer.se\/figurer\/marvel\/x-men-marvel-legends-gladiator-deathbird-action-figure-two-pack\/"]}]},{"@type":"ImageObject","inLanguage":"en-GB","@id":"https:\/\/animefigurer.se\/figurer\/marvel\/x-men-marvel-legends-gladiator-deathbird-action-figure-two-pack\/#primaryimage","url":"https:\/\/animefigurer.se\/wp-content\/uploads\/2025\/10\/68cd6e288c119.jpeg","contentUrl":"https:\/\/animefigurer.se\/wp-content\/uploads\/2025\/10\/68cd6e288c119.jpeg","width":1000,"height":750},{"@type":"BreadcrumbList","@id":"https:\/\/animefigurer.se\/figurer\/marvel\/x-men-marvel-legends-gladiator-deathbird-action-figure-two-pack\/#breadcrumb","itemListElement":[{"@type":"ListItem","position":1,"name":"Home","item":"https:\/\/animefigurer.se\/"},{"@type":"ListItem","position":2,"name":"Butik","item":"https:\/\/animefigurer.se\/figurer\/"},{"@type":"ListItem","position":3,"name":"X-Men Marvel Legends Gladiator &amp; Deathbird Action Figure Two-Pack"}]},{"@type":"WebSite","@id":"https:\/\/animefigurer.se\/#website","url":"https:\/\/animefigurer.se\/","name":"Animefigurer.se","description":"Anime figures from over 300 different anime series with over 9000 products | Anime Shop","publisher":{"@id":"https:\/\/animefigurer.se\/#organization"},"potentialAction":[{"@type":"SearchAction","target":{"@type":"EntryPoint","urlTemplate":"https:\/\/animefigurer.se\/?s={search_term_string}"},"query-input":{"@type":"PropertyValueSpecification","valueRequired":true,"valueName":"search_term_string"}}],"inLanguage":"en-GB"},{"@type":"Organization","@id":"https:\/\/animefigurer.se\/#organization","name":"Animefigurer.se","alternateName":"Anime figurer | Anime shop","url":"https:\/\/animefigurer.se\/","logo":{"@type":"ImageObject","inLanguage":"en-GB","@id":"https:\/\/animefigurer.se\/#\/schema\/logo\/image\/","url":"https:\/\/animefigurer.se\/wp-content\/uploads\/2025\/12\/Animefigurer_logowhite.png","contentUrl":"https:\/\/animefigurer.se\/wp-content\/uploads\/2025\/12\/Animefigurer_logowhite.png","width":1890,"height":1417,"caption":"Animefigurer.se"},"image":{"@id":"https:\/\/animefigurer.se\/#\/schema\/logo\/image\/"},"sameAs":["https:\/\/www.facebook.com\/profile.php?id=61581826539670","https:\/\/www.instagram.com\/animefigurer.se\/"],"email":"info@animefigurer.se"}]}},"_links":{"self":[{"href":"https:\/\/animefigurer.se\/en\/wp-json\/wp\/v2\/product\/42893","targetHints":{"allow":["GET"]}}],"collection":[{"href":"https:\/\/animefigurer.se\/en\/wp-json\/wp\/v2\/product"}],"about":[{"href":"https:\/\/animefigurer.se\/en\/wp-json\/wp\/v2\/types\/product"}],"replies":[{"embeddable":true,"href":"https:\/\/animefigurer.se\/en\/wp-json\/wp\/v2\/comments?post=42893"}],"wp:featuredmedia":[{"embeddable":true,"href":"https:\/\/animefigurer.se\/en\/wp-json\/wp\/v2\/media\/42894"}],"wp:attachment":[{"href":"https:\/\/animefigurer.se\/en\/wp-json\/wp\/v2\/media?parent=42893"}],"wp:term":[{"taxonomy":"product_brand","embeddable":true,"href":"https:\/\/animefigurer.se\/en\/wp-json\/wp\/v2\/product_brand?post=42893"},{"taxonomy":"product_cat","embeddable":true,"href":"https:\/\/animefigurer.se\/en\/wp-json\/wp\/v2\/product_cat?post=42893"},{"taxonomy":"product_tag","embeddable":true,"href":"https:\/\/animefigurer.se\/en\/wp-json\/wp\/v2\/product_tag?post=42893"},{"taxonomy":"giftcard-category","embeddable":true,"href":"https:\/\/animefigurer.se\/en\/wp-json\/wp\/v2\/giftcard-category?post=42893"}],"curies":[{"name":"wp","href":"https:\/\/api.w.org\/{rel}","templated":true}]}}