{"id":42693,"date":"2025-10-20T23:57:48","date_gmt":"2025-10-20T21:57:48","guid":{"rendered":"https:\/\/animefigurer.se\/produkt\/spider-man-no-way-home-master-craft-mc-110-friendly-neighborhood-spider-man-limited-edition-statue\/"},"modified":"2025-12-21T19:31:37","modified_gmt":"2025-12-21T18:31:37","slug":"spider-man-no-way-home-master-craft-mc-110-friendly-neighborhood-spider-man-limited-edition-statue","status":"publish","type":"product","link":"https:\/\/animefigurer.se\/en\/figurer\/marvel\/spider-man-no-way-home-master-craft-mc-110-friendly-neighborhood-spider-man-limited-edition-statue\/","title":{"rendered":"Spider-Man: No Way Home Master Craft MC-110 Friendly Neighborhood Spider-Man Limited Edition Statue"},"content":{"rendered":"<p>The iconic moment unites three generations of Spider-Man \u2014 Your Friendly Neighborhood Spider-Man, The Amazing Spider-Man and Integrated Spider-Man \u2014 to recreate a classic scene that spans the ages and opens a new chapter in superhero movie history.<\/p>\n<p>Tobey Maguire returns as the original Spider-Man in his classic red and blue costume. The statue captures the intense moment as he clings to a cliff face and comes face to face with Doctor Octopus&#039; tentacles. The meticulously detailed white suit&#039;s structure, muscular lines, and black spider logo on the chest capture the glory of the original hero.<\/p>\n<p>All three statues are expertly 3D sculpted and hand-painted to accurately capture the texture and dynamics of the costume. They come on a dedicated film-themed base that adds drama and a sense of completeness to the collection. Limited to 3,000 pieces globally, each comes with a numbered metal plaque \u2014 a sought-after collector&#039;s item.<\/p>","protected":false},"excerpt":{"rendered":"<p>The iconic moment unites three generations of Spider-Man \u2014 Your Friendly Neighborhood Spider-Man, The Amazing Spider-Man and Integrated Spider-Man \u2014 to recreate a classic scene that spans the ages and opens a new chapter in superhero movie history.<\/p>\n<p>Tobey Maguire returns<\/p>","protected":false},"featured_media":42694,"comment_status":"closed","ping_status":"open","template":"","meta":{"_acf_changed":false,"_monsterinsights_skip_tracking":false,"_monsterinsights_sitenote_active":false,"_monsterinsights_sitenote_note":"","_monsterinsights_sitenote_category":0},"product_brand":[6931],"product_cat":[3554,7233],"product_tag":[26],"giftcard-category":[],"class_list":{"0":"post-42693","1":"product","2":"type-product","3":"status-publish","4":"has-post-thumbnail","6":"product_brand-beast-kingdom-toys","7":"product_cat-marvel","8":"product_cat-pre-order","9":"product_tag-pre-order","10":"pa_franchise-spider-man-no-way-home","11":"pa_karaktar-friendly-neighborhood-spider-man","12":"pa_material-polystone","13":"pa_storlek-36-cm","15":"first","16":"instock","17":"taxable","18":"shipping-taxable","19":"purchasable","20":"product-type-simple"},"acf":[],"yoast_head":"<!-- This site is optimized with the Yoast SEO Premium plugin v24.6 (Yoast SEO v27.3) - https:\/\/yoast.com\/product\/yoast-seo-premium-wordpress\/ -->\n<title>Spider-Man: No Way Home Master Craft MC-110 Friendly Neighborhood Spider-Man Limited Edition Statue | Animefigurer.se<\/title>\n<meta name=\"robots\" content=\"index, follow, max-snippet:-1, max-image-preview:large, max-video-preview:-1\" \/>\n<link rel=\"canonical\" href=\"https:\/\/animefigurer.se\/en\/figurer\/marvel\/spider-man-no-way-home-master-craft-mc-110-friendly-neighborhood-spider-man-limited-edition-statue\/\" \/>\n<meta property=\"og:locale\" content=\"en_GB\" \/>\n<meta property=\"og:type\" content=\"article\" \/>\n<meta property=\"og:title\" content=\"Spider-Man: No Way Home Master Craft MC-110 Friendly Neighborhood Spider-Man Limited Edition Statue\" \/>\n<meta property=\"og:description\" content=\"Det ikoniska \u00f6gonblicket f\u00f6renar tre generationer Spider-Man \u2014 Your Friendly Neighborhood Spider-Man, The Amazing Spider-Man och Integrated Spider-Man \u2014 f\u00f6r att \u00e5terge en klassisk scen som str\u00e4cker sig \u00f6ver tids\u00e5ldrar och \u00f6ppnar ett nytt kapitel i superhj\u00e4ltefilmens historia. Tobey Maguire \u00e5terv\u00e4nd\" \/>\n<meta property=\"og:url\" content=\"https:\/\/animefigurer.se\/en\/figurer\/marvel\/spider-man-no-way-home-master-craft-mc-110-friendly-neighborhood-spider-man-limited-edition-statue\/\" \/>\n<meta property=\"og:site_name\" content=\"Animefigurer.se\" \/>\n<meta property=\"article:publisher\" content=\"https:\/\/www.facebook.com\/profile.php?id=61581826539670\" \/>\n<meta property=\"article:modified_time\" content=\"2025-12-21T18:31:37+00:00\" \/>\n<meta property=\"og:image\" content=\"https:\/\/animefigurer.se\/wp-content\/uploads\/2025\/12\/Animefigurer_logowhite.png\" \/>\n\t<meta property=\"og:image:width\" content=\"1890\" \/>\n\t<meta property=\"og:image:height\" content=\"1417\" \/>\n\t<meta property=\"og:image:type\" content=\"image\/png\" \/>\n<meta name=\"twitter:card\" content=\"summary_large_image\" \/>\n<meta name=\"twitter:label1\" content=\"Estimated reading time\" \/>\n\t<meta name=\"twitter:data1\" content=\"1 minute\" \/>\n<script type=\"application\/ld+json\" class=\"yoast-schema-graph\">{\"@context\":\"https:\\\/\\\/schema.org\",\"@graph\":[{\"@type\":\"WebPage\",\"@id\":\"https:\\\/\\\/animefigurer.se\\\/en\\\/figurer\\\/marvel\\\/spider-man-no-way-home-master-craft-mc-110-friendly-neighborhood-spider-man-limited-edition-statue\\\/\",\"url\":\"https:\\\/\\\/animefigurer.se\\\/en\\\/figurer\\\/marvel\\\/spider-man-no-way-home-master-craft-mc-110-friendly-neighborhood-spider-man-limited-edition-statue\\\/\",\"name\":\"Spider-Man: No Way Home Master Craft MC-110 Friendly Neighborhood Spider-Man Limited Edition Statue | Animefigurer.se\",\"isPartOf\":{\"@id\":\"https:\\\/\\\/animefigurer.se\\\/#website\"},\"primaryImageOfPage\":{\"@id\":\"https:\\\/\\\/animefigurer.se\\\/en\\\/figurer\\\/marvel\\\/spider-man-no-way-home-master-craft-mc-110-friendly-neighborhood-spider-man-limited-edition-statue\\\/#primaryimage\"},\"image\":{\"@id\":\"https:\\\/\\\/animefigurer.se\\\/en\\\/figurer\\\/marvel\\\/spider-man-no-way-home-master-craft-mc-110-friendly-neighborhood-spider-man-limited-edition-statue\\\/#primaryimage\"},\"thumbnailUrl\":\"https:\\\/\\\/animefigurer.se\\\/wp-content\\\/uploads\\\/2025\\\/10\\\/68baa6abc368e.jpeg\",\"datePublished\":\"2025-10-20T21:57:48+00:00\",\"dateModified\":\"2025-12-21T18:31:37+00:00\",\"breadcrumb\":{\"@id\":\"https:\\\/\\\/animefigurer.se\\\/en\\\/figurer\\\/marvel\\\/spider-man-no-way-home-master-craft-mc-110-friendly-neighborhood-spider-man-limited-edition-statue\\\/#breadcrumb\"},\"inLanguage\":\"en-GB\",\"potentialAction\":[{\"@type\":\"ReadAction\",\"target\":[\"https:\\\/\\\/animefigurer.se\\\/en\\\/figurer\\\/marvel\\\/spider-man-no-way-home-master-craft-mc-110-friendly-neighborhood-spider-man-limited-edition-statue\\\/\"]}]},{\"@type\":\"ImageObject\",\"inLanguage\":\"en-GB\",\"@id\":\"https:\\\/\\\/animefigurer.se\\\/en\\\/figurer\\\/marvel\\\/spider-man-no-way-home-master-craft-mc-110-friendly-neighborhood-spider-man-limited-edition-statue\\\/#primaryimage\",\"url\":\"https:\\\/\\\/animefigurer.se\\\/wp-content\\\/uploads\\\/2025\\\/10\\\/68baa6abc368e.jpeg\",\"contentUrl\":\"https:\\\/\\\/animefigurer.se\\\/wp-content\\\/uploads\\\/2025\\\/10\\\/68baa6abc368e.jpeg\",\"width\":1000,\"height\":750},{\"@type\":\"BreadcrumbList\",\"@id\":\"https:\\\/\\\/animefigurer.se\\\/en\\\/figurer\\\/marvel\\\/spider-man-no-way-home-master-craft-mc-110-friendly-neighborhood-spider-man-limited-edition-statue\\\/#breadcrumb\",\"itemListElement\":[{\"@type\":\"ListItem\",\"position\":1,\"name\":\"Home\",\"item\":\"https:\\\/\\\/animefigurer.se\\\/\"},{\"@type\":\"ListItem\",\"position\":2,\"name\":\"Butik\",\"item\":\"https:\\\/\\\/animefigurer.se\\\/figurer\\\/\"},{\"@type\":\"ListItem\",\"position\":3,\"name\":\"Spider-Man: No Way Home Master Craft MC-110 Friendly Neighborhood Spider-Man Limited Edition Statue\"}]},{\"@type\":\"WebSite\",\"@id\":\"https:\\\/\\\/animefigurer.se\\\/#website\",\"url\":\"https:\\\/\\\/animefigurer.se\\\/\",\"name\":\"Animefigurer.se\",\"description\":\"Anime figurer fr\u00e5n \u00f6ver 300 olika anime serier med \u00f6ver 9000 produkter | Anime Shop\",\"publisher\":{\"@id\":\"https:\\\/\\\/animefigurer.se\\\/#organization\"},\"potentialAction\":[{\"@type\":\"SearchAction\",\"target\":{\"@type\":\"EntryPoint\",\"urlTemplate\":\"https:\\\/\\\/animefigurer.se\\\/?s={search_term_string}\"},\"query-input\":{\"@type\":\"PropertyValueSpecification\",\"valueRequired\":true,\"valueName\":\"search_term_string\"}}],\"inLanguage\":\"en-GB\"},{\"@type\":\"Organization\",\"@id\":\"https:\\\/\\\/animefigurer.se\\\/#organization\",\"name\":\"Animefigurer.se\",\"alternateName\":\"Anime figurer | Anime shop\",\"url\":\"https:\\\/\\\/animefigurer.se\\\/\",\"logo\":{\"@type\":\"ImageObject\",\"inLanguage\":\"en-GB\",\"@id\":\"https:\\\/\\\/animefigurer.se\\\/#\\\/schema\\\/logo\\\/image\\\/\",\"url\":\"https:\\\/\\\/animefigurer.se\\\/wp-content\\\/uploads\\\/2025\\\/12\\\/Animefigurer_logowhite.png\",\"contentUrl\":\"https:\\\/\\\/animefigurer.se\\\/wp-content\\\/uploads\\\/2025\\\/12\\\/Animefigurer_logowhite.png\",\"width\":1890,\"height\":1417,\"caption\":\"Animefigurer.se\"},\"image\":{\"@id\":\"https:\\\/\\\/animefigurer.se\\\/#\\\/schema\\\/logo\\\/image\\\/\"},\"sameAs\":[\"https:\\\/\\\/www.facebook.com\\\/profile.php?id=61581826539670\",\"https:\\\/\\\/www.instagram.com\\\/animefigurer.se\\\/\"],\"email\":\"info@animefigurer.se\"}]}<\/script>\n<!-- \/ Yoast SEO Premium plugin. -->","yoast_head_json":{"title":"Spider-Man: No Way Home Master Craft MC-110 Friendly Neighborhood Spider-Man Limited Edition Statue | Animefigurer.se","robots":{"index":"index","follow":"follow","max-snippet":"max-snippet:-1","max-image-preview":"max-image-preview:large","max-video-preview":"max-video-preview:-1"},"canonical":"https:\/\/animefigurer.se\/en\/figurer\/marvel\/spider-man-no-way-home-master-craft-mc-110-friendly-neighborhood-spider-man-limited-edition-statue\/","og_locale":"en_GB","og_type":"article","og_title":"Spider-Man: No Way Home Master Craft MC-110 Friendly Neighborhood Spider-Man Limited Edition Statue","og_description":"Det ikoniska \u00f6gonblicket f\u00f6renar tre generationer Spider-Man \u2014 Your Friendly Neighborhood Spider-Man, The Amazing Spider-Man och Integrated Spider-Man \u2014 f\u00f6r att \u00e5terge en klassisk scen som str\u00e4cker sig \u00f6ver tids\u00e5ldrar och \u00f6ppnar ett nytt kapitel i superhj\u00e4ltefilmens historia. Tobey Maguire \u00e5terv\u00e4nd","og_url":"https:\/\/animefigurer.se\/en\/figurer\/marvel\/spider-man-no-way-home-master-craft-mc-110-friendly-neighborhood-spider-man-limited-edition-statue\/","og_site_name":"Animefigurer.se","article_publisher":"https:\/\/www.facebook.com\/profile.php?id=61581826539670","article_modified_time":"2025-12-21T18:31:37+00:00","og_image":[{"width":1890,"height":1417,"url":"https:\/\/animefigurer.se\/wp-content\/uploads\/2025\/12\/Animefigurer_logowhite.png","type":"image\/png"}],"twitter_card":"summary_large_image","twitter_misc":{"Estimated reading time":"1 minute"},"schema":{"@context":"https:\/\/schema.org","@graph":[{"@type":"WebPage","@id":"https:\/\/animefigurer.se\/en\/figurer\/marvel\/spider-man-no-way-home-master-craft-mc-110-friendly-neighborhood-spider-man-limited-edition-statue\/","url":"https:\/\/animefigurer.se\/en\/figurer\/marvel\/spider-man-no-way-home-master-craft-mc-110-friendly-neighborhood-spider-man-limited-edition-statue\/","name":"Spider-Man: No Way Home Master Craft MC-110 Friendly Neighborhood Spider-Man Limited Edition Statue | Animefigurer.se","isPartOf":{"@id":"https:\/\/animefigurer.se\/#website"},"primaryImageOfPage":{"@id":"https:\/\/animefigurer.se\/en\/figurer\/marvel\/spider-man-no-way-home-master-craft-mc-110-friendly-neighborhood-spider-man-limited-edition-statue\/#primaryimage"},"image":{"@id":"https:\/\/animefigurer.se\/en\/figurer\/marvel\/spider-man-no-way-home-master-craft-mc-110-friendly-neighborhood-spider-man-limited-edition-statue\/#primaryimage"},"thumbnailUrl":"https:\/\/animefigurer.se\/wp-content\/uploads\/2025\/10\/68baa6abc368e.jpeg","datePublished":"2025-10-20T21:57:48+00:00","dateModified":"2025-12-21T18:31:37+00:00","breadcrumb":{"@id":"https:\/\/animefigurer.se\/en\/figurer\/marvel\/spider-man-no-way-home-master-craft-mc-110-friendly-neighborhood-spider-man-limited-edition-statue\/#breadcrumb"},"inLanguage":"en-GB","potentialAction":[{"@type":"ReadAction","target":["https:\/\/animefigurer.se\/en\/figurer\/marvel\/spider-man-no-way-home-master-craft-mc-110-friendly-neighborhood-spider-man-limited-edition-statue\/"]}]},{"@type":"ImageObject","inLanguage":"en-GB","@id":"https:\/\/animefigurer.se\/en\/figurer\/marvel\/spider-man-no-way-home-master-craft-mc-110-friendly-neighborhood-spider-man-limited-edition-statue\/#primaryimage","url":"https:\/\/animefigurer.se\/wp-content\/uploads\/2025\/10\/68baa6abc368e.jpeg","contentUrl":"https:\/\/animefigurer.se\/wp-content\/uploads\/2025\/10\/68baa6abc368e.jpeg","width":1000,"height":750},{"@type":"BreadcrumbList","@id":"https:\/\/animefigurer.se\/en\/figurer\/marvel\/spider-man-no-way-home-master-craft-mc-110-friendly-neighborhood-spider-man-limited-edition-statue\/#breadcrumb","itemListElement":[{"@type":"ListItem","position":1,"name":"Home","item":"https:\/\/animefigurer.se\/"},{"@type":"ListItem","position":2,"name":"Butik","item":"https:\/\/animefigurer.se\/figurer\/"},{"@type":"ListItem","position":3,"name":"Spider-Man: No Way Home Master Craft MC-110 Friendly Neighborhood Spider-Man Limited Edition Statue"}]},{"@type":"WebSite","@id":"https:\/\/animefigurer.se\/#website","url":"https:\/\/animefigurer.se\/","name":"Animefigurer.se","description":"Anime figures from over 300 different anime series with over 9000 products | Anime Shop","publisher":{"@id":"https:\/\/animefigurer.se\/#organization"},"potentialAction":[{"@type":"SearchAction","target":{"@type":"EntryPoint","urlTemplate":"https:\/\/animefigurer.se\/?s={search_term_string}"},"query-input":{"@type":"PropertyValueSpecification","valueRequired":true,"valueName":"search_term_string"}}],"inLanguage":"en-GB"},{"@type":"Organization","@id":"https:\/\/animefigurer.se\/#organization","name":"Animefigurer.se","alternateName":"Anime figurer | Anime shop","url":"https:\/\/animefigurer.se\/","logo":{"@type":"ImageObject","inLanguage":"en-GB","@id":"https:\/\/animefigurer.se\/#\/schema\/logo\/image\/","url":"https:\/\/animefigurer.se\/wp-content\/uploads\/2025\/12\/Animefigurer_logowhite.png","contentUrl":"https:\/\/animefigurer.se\/wp-content\/uploads\/2025\/12\/Animefigurer_logowhite.png","width":1890,"height":1417,"caption":"Animefigurer.se"},"image":{"@id":"https:\/\/animefigurer.se\/#\/schema\/logo\/image\/"},"sameAs":["https:\/\/www.facebook.com\/profile.php?id=61581826539670","https:\/\/www.instagram.com\/animefigurer.se\/"],"email":"info@animefigurer.se"}]}},"_links":{"self":[{"href":"https:\/\/animefigurer.se\/en\/wp-json\/wp\/v2\/product\/42693","targetHints":{"allow":["GET"]}}],"collection":[{"href":"https:\/\/animefigurer.se\/en\/wp-json\/wp\/v2\/product"}],"about":[{"href":"https:\/\/animefigurer.se\/en\/wp-json\/wp\/v2\/types\/product"}],"replies":[{"embeddable":true,"href":"https:\/\/animefigurer.se\/en\/wp-json\/wp\/v2\/comments?post=42693"}],"wp:featuredmedia":[{"embeddable":true,"href":"https:\/\/animefigurer.se\/en\/wp-json\/wp\/v2\/media\/42694"}],"wp:attachment":[{"href":"https:\/\/animefigurer.se\/en\/wp-json\/wp\/v2\/media?parent=42693"}],"wp:term":[{"taxonomy":"product_brand","embeddable":true,"href":"https:\/\/animefigurer.se\/en\/wp-json\/wp\/v2\/product_brand?post=42693"},{"taxonomy":"product_cat","embeddable":true,"href":"https:\/\/animefigurer.se\/en\/wp-json\/wp\/v2\/product_cat?post=42693"},{"taxonomy":"product_tag","embeddable":true,"href":"https:\/\/animefigurer.se\/en\/wp-json\/wp\/v2\/product_tag?post=42693"},{"taxonomy":"giftcard-category","embeddable":true,"href":"https:\/\/animefigurer.se\/en\/wp-json\/wp\/v2\/giftcard-category?post=42693"}],"curies":[{"name":"wp","href":"https:\/\/api.w.org\/{rel}","templated":true}]}}