{"id":42527,"date":"2025-10-20T23:53:05","date_gmt":"2025-10-20T21:53:05","guid":{"rendered":"https:\/\/animefigurer.se\/produkt\/marvel-mms825-iron-man-mark-iii-armor-suit-up-ver-1-6th-scale-collectible-figure\/"},"modified":"2025-12-21T19:31:37","modified_gmt":"2025-12-21T18:31:37","slug":"marvel-mms825-iron-man-mark-iii-armor-suit-up-ver-1-6th-scale-collectible-figure","status":"publish","type":"product","link":"https:\/\/animefigurer.se\/en\/figurer\/marvel\/marvel-mms825-iron-man-mark-iii-armor-suit-up-ver-1-6th-scale-collectible-figure\/","title":{"rendered":"Marvel MMS825 Iron Man Mark III (Armor Suit Up Ver.) 1\/6th Scale Collectible Figure"},"content":{"rendered":"<p>Hot Toys is proud to present the 1\/6th scale Iron Man Mark III (Armor Suit Up Version) \u2014 a faithful recreation of the iconic moment when Tony Stark tests out his sleek and powerful armor. This edition elevates the suit scene with meticulously crafted, opening armor plates and detailed internal mechanical components for the ultimate collectible experience.<\/p>\n<p>This is also a milestone for Hot Toys: the figure features the first Tony Stark head sculpt with helmet and separate rolling eyeballs, providing an authentic, moving gaze. Armor sections on the chest, air flaps on the back, shoulders, upper arms, abdomen, lower back, thighs, shins and calves can be opened to simulate the costume donning process.<\/p>\n<p>Under the shell, electroplated internal mechanical structures are visible, enhancing the technical impression. LED lights illuminate the helmet&#039;s eyes, palms, Arc Reactor, and shins and calves in bright white and blue tones. Accessories include shoulder-mounted weapons, forearm armor in protective shield mode, forearm rockets in firing mode, and three pairs of interchangeable hands for varying battle poses.<\/p>\n<p>A specially designed figure stand in metallic red, silver and gold with two articulated diorama parts is included to support dynamic costume setups. The base has LED integration that illuminates Iron Man from below.<\/p>","protected":false},"excerpt":{"rendered":"<p>Hot Toys is proud to present the 1\/6th scale Iron Man Mark III (Armor Suit Up Version) \u2014 a faithful recreation of the iconic moment when Tony Stark tests out his sleek and powerful armor. This edition elevates the suit scene with meticulously crafted, opening armor plates and details<\/p>","protected":false},"featured_media":42528,"comment_status":"closed","ping_status":"open","template":"","meta":{"_acf_changed":false,"_monsterinsights_skip_tracking":false,"_monsterinsights_sitenote_active":false,"_monsterinsights_sitenote_note":"","_monsterinsights_sitenote_category":0},"product_brand":[7024],"product_cat":[3554,7233],"product_tag":[26],"giftcard-category":[],"class_list":{"0":"post-42527","1":"product","2":"type-product","3":"status-publish","4":"has-post-thumbnail","6":"product_brand-hot-toys","7":"product_cat-marvel","8":"product_cat-pre-order","9":"product_tag-pre-order","10":"pa_franchise-marvel","11":"pa_karaktar-iron-man-mark-iii","12":"pa_material-plastic-and-diecast","13":"pa_skala-57","14":"pa_storlek-33-cm","16":"first","17":"instock","18":"taxable","19":"shipping-taxable","20":"purchasable","21":"product-type-simple"},"acf":[],"yoast_head":"<!-- This site is optimized with the Yoast SEO Premium plugin v24.6 (Yoast SEO v27.3) - https:\/\/yoast.com\/product\/yoast-seo-premium-wordpress\/ -->\n<title>Marvel MMS825 Iron Man Mark III (Armor Suit Up Ver.) 1\/6th Scale Collectible Figure | Animefigurer.se<\/title>\n<meta name=\"robots\" content=\"index, follow, max-snippet:-1, max-image-preview:large, max-video-preview:-1\" \/>\n<link rel=\"canonical\" href=\"https:\/\/animefigurer.se\/en\/figurer\/marvel\/marvel-mms825-iron-man-mark-iii-armor-suit-up-ver-1-6th-scale-collectible-figure\/\" \/>\n<meta property=\"og:locale\" content=\"en_GB\" \/>\n<meta property=\"og:type\" content=\"article\" \/>\n<meta property=\"og:title\" content=\"Marvel MMS825 Iron Man Mark III (Armor Suit Up Ver.) 1\/6th Scale Collectible Figure\" \/>\n<meta property=\"og:description\" content=\"Hot Toys \u00e4r stolta \u00f6ver att presentera Iron Man Mark III (Armor Suit Up Version) i skala 1\/6 \u2014 en trogen \u00e5tergivning av det ikoniska \u00f6gonblick d\u00e5 Tony Stark testar sin eleganta och kraftfulla rustning. Denna utg\u00e5va f\u00f6rh\u00f6jer kostymscenen med noggrant utformade, \u00f6ppningsbara pansarplattor och detaljer\" \/>\n<meta property=\"og:url\" content=\"https:\/\/animefigurer.se\/en\/figurer\/marvel\/marvel-mms825-iron-man-mark-iii-armor-suit-up-ver-1-6th-scale-collectible-figure\/\" \/>\n<meta property=\"og:site_name\" content=\"Animefigurer.se\" \/>\n<meta property=\"article:publisher\" content=\"https:\/\/www.facebook.com\/profile.php?id=61581826539670\" \/>\n<meta property=\"article:modified_time\" content=\"2025-12-21T18:31:37+00:00\" \/>\n<meta property=\"og:image\" content=\"https:\/\/animefigurer.se\/wp-content\/uploads\/2025\/12\/Animefigurer_logowhite.png\" \/>\n\t<meta property=\"og:image:width\" content=\"1890\" \/>\n\t<meta property=\"og:image:height\" content=\"1417\" \/>\n\t<meta property=\"og:image:type\" content=\"image\/png\" \/>\n<meta name=\"twitter:card\" content=\"summary_large_image\" \/>\n<meta name=\"twitter:label1\" content=\"Estimated reading time\" \/>\n\t<meta name=\"twitter:data1\" content=\"1 minute\" \/>\n<script type=\"application\/ld+json\" class=\"yoast-schema-graph\">{\"@context\":\"https:\\\/\\\/schema.org\",\"@graph\":[{\"@type\":\"WebPage\",\"@id\":\"https:\\\/\\\/animefigurer.se\\\/figurer\\\/marvel\\\/marvel-mms825-iron-man-mark-iii-armor-suit-up-ver-1-6th-scale-collectible-figure\\\/\",\"url\":\"https:\\\/\\\/animefigurer.se\\\/figurer\\\/marvel\\\/marvel-mms825-iron-man-mark-iii-armor-suit-up-ver-1-6th-scale-collectible-figure\\\/\",\"name\":\"Marvel MMS825 Iron Man Mark III (Armor Suit Up Ver.) 1\\\/6th Scale Collectible Figure | Animefigurer.se\",\"isPartOf\":{\"@id\":\"https:\\\/\\\/animefigurer.se\\\/#website\"},\"primaryImageOfPage\":{\"@id\":\"https:\\\/\\\/animefigurer.se\\\/figurer\\\/marvel\\\/marvel-mms825-iron-man-mark-iii-armor-suit-up-ver-1-6th-scale-collectible-figure\\\/#primaryimage\"},\"image\":{\"@id\":\"https:\\\/\\\/animefigurer.se\\\/figurer\\\/marvel\\\/marvel-mms825-iron-man-mark-iii-armor-suit-up-ver-1-6th-scale-collectible-figure\\\/#primaryimage\"},\"thumbnailUrl\":\"https:\\\/\\\/animefigurer.se\\\/wp-content\\\/uploads\\\/2025\\\/10\\\/688a8890412d7.jpeg\",\"datePublished\":\"2025-10-20T21:53:05+00:00\",\"dateModified\":\"2025-12-21T18:31:37+00:00\",\"breadcrumb\":{\"@id\":\"https:\\\/\\\/animefigurer.se\\\/figurer\\\/marvel\\\/marvel-mms825-iron-man-mark-iii-armor-suit-up-ver-1-6th-scale-collectible-figure\\\/#breadcrumb\"},\"inLanguage\":\"en-GB\",\"potentialAction\":[{\"@type\":\"ReadAction\",\"target\":[\"https:\\\/\\\/animefigurer.se\\\/figurer\\\/marvel\\\/marvel-mms825-iron-man-mark-iii-armor-suit-up-ver-1-6th-scale-collectible-figure\\\/\"]}]},{\"@type\":\"ImageObject\",\"inLanguage\":\"en-GB\",\"@id\":\"https:\\\/\\\/animefigurer.se\\\/figurer\\\/marvel\\\/marvel-mms825-iron-man-mark-iii-armor-suit-up-ver-1-6th-scale-collectible-figure\\\/#primaryimage\",\"url\":\"https:\\\/\\\/animefigurer.se\\\/wp-content\\\/uploads\\\/2025\\\/10\\\/688a8890412d7.jpeg\",\"contentUrl\":\"https:\\\/\\\/animefigurer.se\\\/wp-content\\\/uploads\\\/2025\\\/10\\\/688a8890412d7.jpeg\",\"width\":1000,\"height\":750},{\"@type\":\"BreadcrumbList\",\"@id\":\"https:\\\/\\\/animefigurer.se\\\/figurer\\\/marvel\\\/marvel-mms825-iron-man-mark-iii-armor-suit-up-ver-1-6th-scale-collectible-figure\\\/#breadcrumb\",\"itemListElement\":[{\"@type\":\"ListItem\",\"position\":1,\"name\":\"Home\",\"item\":\"https:\\\/\\\/animefigurer.se\\\/\"},{\"@type\":\"ListItem\",\"position\":2,\"name\":\"Butik\",\"item\":\"https:\\\/\\\/animefigurer.se\\\/figurer\\\/\"},{\"@type\":\"ListItem\",\"position\":3,\"name\":\"Marvel MMS825 Iron Man Mark III (Armor Suit Up Ver.) 1\\\/6th Scale Collectible Figure\"}]},{\"@type\":\"WebSite\",\"@id\":\"https:\\\/\\\/animefigurer.se\\\/#website\",\"url\":\"https:\\\/\\\/animefigurer.se\\\/\",\"name\":\"Animefigurer.se\",\"description\":\"Anime figurer fr\u00e5n \u00f6ver 300 olika anime serier med \u00f6ver 9000 produkter | Anime Shop\",\"publisher\":{\"@id\":\"https:\\\/\\\/animefigurer.se\\\/#organization\"},\"potentialAction\":[{\"@type\":\"SearchAction\",\"target\":{\"@type\":\"EntryPoint\",\"urlTemplate\":\"https:\\\/\\\/animefigurer.se\\\/?s={search_term_string}\"},\"query-input\":{\"@type\":\"PropertyValueSpecification\",\"valueRequired\":true,\"valueName\":\"search_term_string\"}}],\"inLanguage\":\"en-GB\"},{\"@type\":\"Organization\",\"@id\":\"https:\\\/\\\/animefigurer.se\\\/#organization\",\"name\":\"Animefigurer.se\",\"alternateName\":\"Anime figurer | Anime shop\",\"url\":\"https:\\\/\\\/animefigurer.se\\\/\",\"logo\":{\"@type\":\"ImageObject\",\"inLanguage\":\"en-GB\",\"@id\":\"https:\\\/\\\/animefigurer.se\\\/#\\\/schema\\\/logo\\\/image\\\/\",\"url\":\"https:\\\/\\\/animefigurer.se\\\/wp-content\\\/uploads\\\/2025\\\/12\\\/Animefigurer_logowhite.png\",\"contentUrl\":\"https:\\\/\\\/animefigurer.se\\\/wp-content\\\/uploads\\\/2025\\\/12\\\/Animefigurer_logowhite.png\",\"width\":1890,\"height\":1417,\"caption\":\"Animefigurer.se\"},\"image\":{\"@id\":\"https:\\\/\\\/animefigurer.se\\\/#\\\/schema\\\/logo\\\/image\\\/\"},\"sameAs\":[\"https:\\\/\\\/www.facebook.com\\\/profile.php?id=61581826539670\",\"https:\\\/\\\/www.instagram.com\\\/animefigurer.se\\\/\"],\"email\":\"info@animefigurer.se\"}]}<\/script>\n<!-- \/ Yoast SEO Premium plugin. -->","yoast_head_json":{"title":"Marvel MMS825 Iron Man Mark III (Armor Suit Up Ver.) 1\/6th Scale Collectible Figure | Animefigurer.se","robots":{"index":"index","follow":"follow","max-snippet":"max-snippet:-1","max-image-preview":"max-image-preview:large","max-video-preview":"max-video-preview:-1"},"canonical":"https:\/\/animefigurer.se\/en\/figurer\/marvel\/marvel-mms825-iron-man-mark-iii-armor-suit-up-ver-1-6th-scale-collectible-figure\/","og_locale":"en_GB","og_type":"article","og_title":"Marvel MMS825 Iron Man Mark III (Armor Suit Up Ver.) 1\/6th Scale Collectible Figure","og_description":"Hot Toys \u00e4r stolta \u00f6ver att presentera Iron Man Mark III (Armor Suit Up Version) i skala 1\/6 \u2014 en trogen \u00e5tergivning av det ikoniska \u00f6gonblick d\u00e5 Tony Stark testar sin eleganta och kraftfulla rustning. Denna utg\u00e5va f\u00f6rh\u00f6jer kostymscenen med noggrant utformade, \u00f6ppningsbara pansarplattor och detaljer","og_url":"https:\/\/animefigurer.se\/en\/figurer\/marvel\/marvel-mms825-iron-man-mark-iii-armor-suit-up-ver-1-6th-scale-collectible-figure\/","og_site_name":"Animefigurer.se","article_publisher":"https:\/\/www.facebook.com\/profile.php?id=61581826539670","article_modified_time":"2025-12-21T18:31:37+00:00","og_image":[{"width":1890,"height":1417,"url":"https:\/\/animefigurer.se\/wp-content\/uploads\/2025\/12\/Animefigurer_logowhite.png","type":"image\/png"}],"twitter_card":"summary_large_image","twitter_misc":{"Estimated reading time":"1 minute"},"schema":{"@context":"https:\/\/schema.org","@graph":[{"@type":"WebPage","@id":"https:\/\/animefigurer.se\/figurer\/marvel\/marvel-mms825-iron-man-mark-iii-armor-suit-up-ver-1-6th-scale-collectible-figure\/","url":"https:\/\/animefigurer.se\/figurer\/marvel\/marvel-mms825-iron-man-mark-iii-armor-suit-up-ver-1-6th-scale-collectible-figure\/","name":"Marvel MMS825 Iron Man Mark III (Armor Suit Up Ver.) 1\/6th Scale Collectible Figure | Animefigurer.se","isPartOf":{"@id":"https:\/\/animefigurer.se\/#website"},"primaryImageOfPage":{"@id":"https:\/\/animefigurer.se\/figurer\/marvel\/marvel-mms825-iron-man-mark-iii-armor-suit-up-ver-1-6th-scale-collectible-figure\/#primaryimage"},"image":{"@id":"https:\/\/animefigurer.se\/figurer\/marvel\/marvel-mms825-iron-man-mark-iii-armor-suit-up-ver-1-6th-scale-collectible-figure\/#primaryimage"},"thumbnailUrl":"https:\/\/animefigurer.se\/wp-content\/uploads\/2025\/10\/688a8890412d7.jpeg","datePublished":"2025-10-20T21:53:05+00:00","dateModified":"2025-12-21T18:31:37+00:00","breadcrumb":{"@id":"https:\/\/animefigurer.se\/figurer\/marvel\/marvel-mms825-iron-man-mark-iii-armor-suit-up-ver-1-6th-scale-collectible-figure\/#breadcrumb"},"inLanguage":"en-GB","potentialAction":[{"@type":"ReadAction","target":["https:\/\/animefigurer.se\/figurer\/marvel\/marvel-mms825-iron-man-mark-iii-armor-suit-up-ver-1-6th-scale-collectible-figure\/"]}]},{"@type":"ImageObject","inLanguage":"en-GB","@id":"https:\/\/animefigurer.se\/figurer\/marvel\/marvel-mms825-iron-man-mark-iii-armor-suit-up-ver-1-6th-scale-collectible-figure\/#primaryimage","url":"https:\/\/animefigurer.se\/wp-content\/uploads\/2025\/10\/688a8890412d7.jpeg","contentUrl":"https:\/\/animefigurer.se\/wp-content\/uploads\/2025\/10\/688a8890412d7.jpeg","width":1000,"height":750},{"@type":"BreadcrumbList","@id":"https:\/\/animefigurer.se\/figurer\/marvel\/marvel-mms825-iron-man-mark-iii-armor-suit-up-ver-1-6th-scale-collectible-figure\/#breadcrumb","itemListElement":[{"@type":"ListItem","position":1,"name":"Home","item":"https:\/\/animefigurer.se\/"},{"@type":"ListItem","position":2,"name":"Butik","item":"https:\/\/animefigurer.se\/figurer\/"},{"@type":"ListItem","position":3,"name":"Marvel MMS825 Iron Man Mark III (Armor Suit Up Ver.) 1\/6th Scale Collectible Figure"}]},{"@type":"WebSite","@id":"https:\/\/animefigurer.se\/#website","url":"https:\/\/animefigurer.se\/","name":"Animefigurer.se","description":"Anime figures from over 300 different anime series with over 9000 products | Anime Shop","publisher":{"@id":"https:\/\/animefigurer.se\/#organization"},"potentialAction":[{"@type":"SearchAction","target":{"@type":"EntryPoint","urlTemplate":"https:\/\/animefigurer.se\/?s={search_term_string}"},"query-input":{"@type":"PropertyValueSpecification","valueRequired":true,"valueName":"search_term_string"}}],"inLanguage":"en-GB"},{"@type":"Organization","@id":"https:\/\/animefigurer.se\/#organization","name":"Animefigurer.se","alternateName":"Anime figurer | Anime shop","url":"https:\/\/animefigurer.se\/","logo":{"@type":"ImageObject","inLanguage":"en-GB","@id":"https:\/\/animefigurer.se\/#\/schema\/logo\/image\/","url":"https:\/\/animefigurer.se\/wp-content\/uploads\/2025\/12\/Animefigurer_logowhite.png","contentUrl":"https:\/\/animefigurer.se\/wp-content\/uploads\/2025\/12\/Animefigurer_logowhite.png","width":1890,"height":1417,"caption":"Animefigurer.se"},"image":{"@id":"https:\/\/animefigurer.se\/#\/schema\/logo\/image\/"},"sameAs":["https:\/\/www.facebook.com\/profile.php?id=61581826539670","https:\/\/www.instagram.com\/animefigurer.se\/"],"email":"info@animefigurer.se"}]}},"_links":{"self":[{"href":"https:\/\/animefigurer.se\/en\/wp-json\/wp\/v2\/product\/42527","targetHints":{"allow":["GET"]}}],"collection":[{"href":"https:\/\/animefigurer.se\/en\/wp-json\/wp\/v2\/product"}],"about":[{"href":"https:\/\/animefigurer.se\/en\/wp-json\/wp\/v2\/types\/product"}],"replies":[{"embeddable":true,"href":"https:\/\/animefigurer.se\/en\/wp-json\/wp\/v2\/comments?post=42527"}],"wp:featuredmedia":[{"embeddable":true,"href":"https:\/\/animefigurer.se\/en\/wp-json\/wp\/v2\/media\/42528"}],"wp:attachment":[{"href":"https:\/\/animefigurer.se\/en\/wp-json\/wp\/v2\/media?parent=42527"}],"wp:term":[{"taxonomy":"product_brand","embeddable":true,"href":"https:\/\/animefigurer.se\/en\/wp-json\/wp\/v2\/product_brand?post=42527"},{"taxonomy":"product_cat","embeddable":true,"href":"https:\/\/animefigurer.se\/en\/wp-json\/wp\/v2\/product_cat?post=42527"},{"taxonomy":"product_tag","embeddable":true,"href":"https:\/\/animefigurer.se\/en\/wp-json\/wp\/v2\/product_tag?post=42527"},{"taxonomy":"giftcard-category","embeddable":true,"href":"https:\/\/animefigurer.se\/en\/wp-json\/wp\/v2\/giftcard-category?post=42527"}],"curies":[{"name":"wp","href":"https:\/\/api.w.org\/{rel}","templated":true}]}}