{"id":42299,"date":"2025-10-20T23:51:24","date_gmt":"2025-10-20T21:51:24","guid":{"rendered":"https:\/\/animefigurer.se\/produkt\/marvel-captain-america-brave-new-world-mms779-captain-america-1-6th-scale-collectible-figure\/"},"modified":"2025-12-21T19:31:35","modified_gmt":"2025-12-21T18:31:35","slug":"marvel-captain-america-brave-new-world-mms779-captain-america-1-6th-scale-collectible-figure","status":"publish","type":"product","link":"https:\/\/animefigurer.se\/en\/figurer\/marvel\/marvel-captain-america-brave-new-world-mms779-captain-america-1-6th-scale-collectible-figure\/","title":{"rendered":"Marvel Captain America: Brave New World MMS779 Captain America 1\/6th Scale Collectible Figure"},"content":{"rendered":"<p>Sam Wilson officially takes up Captain America&#039;s shield and takes on a new role in the MCU. When Thaddeus Ross becomes President, Sam finds himself at the center of an international crisis and must stand up to a global conspiracy.<\/p>\n<p>Ahead of the film&#039;s debut, Hot Toys presents Captain America in 1\/6th scale, faithfully modeled after Anthony Mackie&#039;s portrayal in Captain America: Brave New World.<\/p>\n<p>The figure features a newly developed head sculpt with separate rolling eyeballs, a pair of aviator goggles and a helmeted head. The costume is finely tailored in red, blue and white like a tactical suit, complemented by a flight suit. Includes a newly painted Captain America shield with silver star, a pair of newly painted mechanical wings with articulation, Redwing drone and a specially designed dynamic stand with the character&#039;s nameplate.<\/p>\n<p>Secure Captain America in 1\/6th scale for his cinematic debut and build your MCU display.<\/p>","protected":false},"excerpt":{"rendered":"<p>Sam Wilson officially takes up Captain America&#039;s shield and takes on a new role in the MCU. When Thaddeus Ross becomes President, Sam finds himself at the center of an international crisis and must stand up to a global conspiracy.<\/p>\n<p>Ahead of the film&#039;s debut, Hot Toys presents Captain America in 1\/6th scale, faithfully recreated from the original.<\/p>","protected":false},"featured_media":42300,"comment_status":"closed","ping_status":"open","template":"","meta":{"_acf_changed":false,"_monsterinsights_skip_tracking":false,"_monsterinsights_sitenote_active":false,"_monsterinsights_sitenote_note":"","_monsterinsights_sitenote_category":0},"product_brand":[7024],"product_cat":[3554],"product_tag":[24],"giftcard-category":[],"class_list":{"0":"post-42299","1":"product","2":"type-product","3":"status-publish","4":"has-post-thumbnail","6":"product_brand-hot-toys","7":"product_cat-marvel","8":"product_tag-2-3-weeks","9":"pa_franchise-captain-america-brave-new-world","10":"pa_karaktar-captain-america","11":"pa_material-plastic","12":"pa_skala-57","13":"pa_storlek-30-cm","15":"first","16":"instock","17":"taxable","18":"shipping-taxable","19":"purchasable","20":"product-type-simple"},"acf":[],"yoast_head":"<!-- This site is optimized with the Yoast SEO Premium plugin v24.6 (Yoast SEO v27.4) - https:\/\/yoast.com\/product\/yoast-seo-premium-wordpress\/ -->\n<title>Marvel Captain America: Brave New World MMS779 Captain America 1\/6th Scale Collectible Figure | Animefigurer.se<\/title>\n<meta name=\"robots\" content=\"index, follow, max-snippet:-1, max-image-preview:large, max-video-preview:-1\" \/>\n<link rel=\"canonical\" href=\"https:\/\/animefigurer.se\/en\/figurer\/marvel\/marvel-captain-america-brave-new-world-mms779-captain-america-1-6th-scale-collectible-figure\/\" \/>\n<meta property=\"og:locale\" content=\"en_GB\" \/>\n<meta property=\"og:type\" content=\"article\" \/>\n<meta property=\"og:title\" content=\"Marvel Captain America: Brave New World MMS779 Captain America 1\/6th Scale Collectible Figure\" \/>\n<meta property=\"og:description\" content=\"Sam Wilson tar officiellt upp Captain Americas sk\u00f6ld och axlar nu en ny roll i MCU. N\u00e4r Thaddeus Ross blir president hamnar Sam i centrum f\u00f6r en internationell kris och m\u00e5ste st\u00e5 upp mot en global konspiration. Inf\u00f6r filmens debut presenterar Hot Toys Captain America i 1\/6-skala, troget utformad ef\" \/>\n<meta property=\"og:url\" content=\"https:\/\/animefigurer.se\/en\/figurer\/marvel\/marvel-captain-america-brave-new-world-mms779-captain-america-1-6th-scale-collectible-figure\/\" \/>\n<meta property=\"og:site_name\" content=\"Animefigurer.se\" \/>\n<meta property=\"article:publisher\" content=\"https:\/\/www.facebook.com\/profile.php?id=61581826539670\" \/>\n<meta property=\"article:modified_time\" content=\"2025-12-21T18:31:35+00:00\" \/>\n<meta property=\"og:image\" content=\"https:\/\/animefigurer.se\/wp-content\/uploads\/2025\/12\/Animefigurer_logowhite.png\" \/>\n\t<meta property=\"og:image:width\" content=\"1890\" \/>\n\t<meta property=\"og:image:height\" content=\"1417\" \/>\n\t<meta property=\"og:image:type\" content=\"image\/png\" \/>\n<meta name=\"twitter:card\" content=\"summary_large_image\" \/>\n<meta name=\"twitter:label1\" content=\"Estimated reading time\" \/>\n\t<meta name=\"twitter:data1\" content=\"1 minute\" \/>\n<script type=\"application\/ld+json\" class=\"yoast-schema-graph\">{\"@context\":\"https:\\\/\\\/schema.org\",\"@graph\":[{\"@type\":\"WebPage\",\"@id\":\"https:\\\/\\\/animefigurer.se\\\/en\\\/figurer\\\/marvel\\\/marvel-captain-america-brave-new-world-mms779-captain-america-1-6th-scale-collectible-figure\\\/\",\"url\":\"https:\\\/\\\/animefigurer.se\\\/en\\\/figurer\\\/marvel\\\/marvel-captain-america-brave-new-world-mms779-captain-america-1-6th-scale-collectible-figure\\\/\",\"name\":\"Marvel Captain America: Brave New World MMS779 Captain America 1\\\/6th Scale Collectible Figure | Animefigurer.se\",\"isPartOf\":{\"@id\":\"https:\\\/\\\/animefigurer.se\\\/#website\"},\"primaryImageOfPage\":{\"@id\":\"https:\\\/\\\/animefigurer.se\\\/en\\\/figurer\\\/marvel\\\/marvel-captain-america-brave-new-world-mms779-captain-america-1-6th-scale-collectible-figure\\\/#primaryimage\"},\"image\":{\"@id\":\"https:\\\/\\\/animefigurer.se\\\/en\\\/figurer\\\/marvel\\\/marvel-captain-america-brave-new-world-mms779-captain-america-1-6th-scale-collectible-figure\\\/#primaryimage\"},\"thumbnailUrl\":\"https:\\\/\\\/animefigurer.se\\\/wp-content\\\/uploads\\\/2025\\\/10\\\/67ad107b2cca2.jpeg\",\"datePublished\":\"2025-10-20T21:51:24+00:00\",\"dateModified\":\"2025-12-21T18:31:35+00:00\",\"breadcrumb\":{\"@id\":\"https:\\\/\\\/animefigurer.se\\\/en\\\/figurer\\\/marvel\\\/marvel-captain-america-brave-new-world-mms779-captain-america-1-6th-scale-collectible-figure\\\/#breadcrumb\"},\"inLanguage\":\"en-GB\",\"potentialAction\":[{\"@type\":\"ReadAction\",\"target\":[\"https:\\\/\\\/animefigurer.se\\\/en\\\/figurer\\\/marvel\\\/marvel-captain-america-brave-new-world-mms779-captain-america-1-6th-scale-collectible-figure\\\/\"]}]},{\"@type\":\"ImageObject\",\"inLanguage\":\"en-GB\",\"@id\":\"https:\\\/\\\/animefigurer.se\\\/en\\\/figurer\\\/marvel\\\/marvel-captain-america-brave-new-world-mms779-captain-america-1-6th-scale-collectible-figure\\\/#primaryimage\",\"url\":\"https:\\\/\\\/animefigurer.se\\\/wp-content\\\/uploads\\\/2025\\\/10\\\/67ad107b2cca2.jpeg\",\"contentUrl\":\"https:\\\/\\\/animefigurer.se\\\/wp-content\\\/uploads\\\/2025\\\/10\\\/67ad107b2cca2.jpeg\",\"width\":720,\"height\":540},{\"@type\":\"BreadcrumbList\",\"@id\":\"https:\\\/\\\/animefigurer.se\\\/en\\\/figurer\\\/marvel\\\/marvel-captain-america-brave-new-world-mms779-captain-america-1-6th-scale-collectible-figure\\\/#breadcrumb\",\"itemListElement\":[{\"@type\":\"ListItem\",\"position\":1,\"name\":\"Home\",\"item\":\"https:\\\/\\\/animefigurer.se\\\/\"},{\"@type\":\"ListItem\",\"position\":2,\"name\":\"Butik\",\"item\":\"https:\\\/\\\/animefigurer.se\\\/figurer\\\/\"},{\"@type\":\"ListItem\",\"position\":3,\"name\":\"Marvel Captain America: Brave New World MMS779 Captain America 1\\\/6th Scale Collectible Figure\"}]},{\"@type\":\"WebSite\",\"@id\":\"https:\\\/\\\/animefigurer.se\\\/#website\",\"url\":\"https:\\\/\\\/animefigurer.se\\\/\",\"name\":\"Animefigurer.se\",\"description\":\"Anime figurer fr\u00e5n \u00f6ver 300 olika anime serier med \u00f6ver 9000 produkter | Anime Shop\",\"publisher\":{\"@id\":\"https:\\\/\\\/animefigurer.se\\\/#organization\"},\"potentialAction\":[{\"@type\":\"SearchAction\",\"target\":{\"@type\":\"EntryPoint\",\"urlTemplate\":\"https:\\\/\\\/animefigurer.se\\\/?s={search_term_string}\"},\"query-input\":{\"@type\":\"PropertyValueSpecification\",\"valueRequired\":true,\"valueName\":\"search_term_string\"}}],\"inLanguage\":\"en-GB\"},{\"@type\":\"Organization\",\"@id\":\"https:\\\/\\\/animefigurer.se\\\/#organization\",\"name\":\"Animefigurer.se\",\"alternateName\":\"Anime figurer | Anime shop\",\"url\":\"https:\\\/\\\/animefigurer.se\\\/\",\"logo\":{\"@type\":\"ImageObject\",\"inLanguage\":\"en-GB\",\"@id\":\"https:\\\/\\\/animefigurer.se\\\/#\\\/schema\\\/logo\\\/image\\\/\",\"url\":\"https:\\\/\\\/animefigurer.se\\\/wp-content\\\/uploads\\\/2025\\\/12\\\/Animefigurer_logowhite.png\",\"contentUrl\":\"https:\\\/\\\/animefigurer.se\\\/wp-content\\\/uploads\\\/2025\\\/12\\\/Animefigurer_logowhite.png\",\"width\":1890,\"height\":1417,\"caption\":\"Animefigurer.se\"},\"image\":{\"@id\":\"https:\\\/\\\/animefigurer.se\\\/#\\\/schema\\\/logo\\\/image\\\/\"},\"sameAs\":[\"https:\\\/\\\/www.facebook.com\\\/profile.php?id=61581826539670\",\"https:\\\/\\\/www.instagram.com\\\/animefigurer.se\\\/\"],\"email\":\"info@animefigurer.se\"}]}<\/script>\n<!-- \/ Yoast SEO Premium plugin. -->","yoast_head_json":{"title":"Marvel Captain America: Brave New World MMS779 Captain America 1\/6th Scale Collectible Figure | Animefigurer.se","robots":{"index":"index","follow":"follow","max-snippet":"max-snippet:-1","max-image-preview":"max-image-preview:large","max-video-preview":"max-video-preview:-1"},"canonical":"https:\/\/animefigurer.se\/en\/figurer\/marvel\/marvel-captain-america-brave-new-world-mms779-captain-america-1-6th-scale-collectible-figure\/","og_locale":"en_GB","og_type":"article","og_title":"Marvel Captain America: Brave New World MMS779 Captain America 1\/6th Scale Collectible Figure","og_description":"Sam Wilson tar officiellt upp Captain Americas sk\u00f6ld och axlar nu en ny roll i MCU. N\u00e4r Thaddeus Ross blir president hamnar Sam i centrum f\u00f6r en internationell kris och m\u00e5ste st\u00e5 upp mot en global konspiration. Inf\u00f6r filmens debut presenterar Hot Toys Captain America i 1\/6-skala, troget utformad ef","og_url":"https:\/\/animefigurer.se\/en\/figurer\/marvel\/marvel-captain-america-brave-new-world-mms779-captain-america-1-6th-scale-collectible-figure\/","og_site_name":"Animefigurer.se","article_publisher":"https:\/\/www.facebook.com\/profile.php?id=61581826539670","article_modified_time":"2025-12-21T18:31:35+00:00","og_image":[{"width":1890,"height":1417,"url":"https:\/\/animefigurer.se\/wp-content\/uploads\/2025\/12\/Animefigurer_logowhite.png","type":"image\/png"}],"twitter_card":"summary_large_image","twitter_misc":{"Estimated reading time":"1 minute"},"schema":{"@context":"https:\/\/schema.org","@graph":[{"@type":"WebPage","@id":"https:\/\/animefigurer.se\/en\/figurer\/marvel\/marvel-captain-america-brave-new-world-mms779-captain-america-1-6th-scale-collectible-figure\/","url":"https:\/\/animefigurer.se\/en\/figurer\/marvel\/marvel-captain-america-brave-new-world-mms779-captain-america-1-6th-scale-collectible-figure\/","name":"Marvel Captain America: Brave New World MMS779 Captain America 1\/6th Scale Collectible Figure | Animefigurer.se","isPartOf":{"@id":"https:\/\/animefigurer.se\/#website"},"primaryImageOfPage":{"@id":"https:\/\/animefigurer.se\/en\/figurer\/marvel\/marvel-captain-america-brave-new-world-mms779-captain-america-1-6th-scale-collectible-figure\/#primaryimage"},"image":{"@id":"https:\/\/animefigurer.se\/en\/figurer\/marvel\/marvel-captain-america-brave-new-world-mms779-captain-america-1-6th-scale-collectible-figure\/#primaryimage"},"thumbnailUrl":"https:\/\/animefigurer.se\/wp-content\/uploads\/2025\/10\/67ad107b2cca2.jpeg","datePublished":"2025-10-20T21:51:24+00:00","dateModified":"2025-12-21T18:31:35+00:00","breadcrumb":{"@id":"https:\/\/animefigurer.se\/en\/figurer\/marvel\/marvel-captain-america-brave-new-world-mms779-captain-america-1-6th-scale-collectible-figure\/#breadcrumb"},"inLanguage":"en-GB","potentialAction":[{"@type":"ReadAction","target":["https:\/\/animefigurer.se\/en\/figurer\/marvel\/marvel-captain-america-brave-new-world-mms779-captain-america-1-6th-scale-collectible-figure\/"]}]},{"@type":"ImageObject","inLanguage":"en-GB","@id":"https:\/\/animefigurer.se\/en\/figurer\/marvel\/marvel-captain-america-brave-new-world-mms779-captain-america-1-6th-scale-collectible-figure\/#primaryimage","url":"https:\/\/animefigurer.se\/wp-content\/uploads\/2025\/10\/67ad107b2cca2.jpeg","contentUrl":"https:\/\/animefigurer.se\/wp-content\/uploads\/2025\/10\/67ad107b2cca2.jpeg","width":720,"height":540},{"@type":"BreadcrumbList","@id":"https:\/\/animefigurer.se\/en\/figurer\/marvel\/marvel-captain-america-brave-new-world-mms779-captain-america-1-6th-scale-collectible-figure\/#breadcrumb","itemListElement":[{"@type":"ListItem","position":1,"name":"Home","item":"https:\/\/animefigurer.se\/"},{"@type":"ListItem","position":2,"name":"Butik","item":"https:\/\/animefigurer.se\/figurer\/"},{"@type":"ListItem","position":3,"name":"Marvel Captain America: Brave New World MMS779 Captain America 1\/6th Scale Collectible Figure"}]},{"@type":"WebSite","@id":"https:\/\/animefigurer.se\/#website","url":"https:\/\/animefigurer.se\/","name":"Animefigurer.se","description":"Anime figures from over 300 different anime series with over 9000 products | Anime Shop","publisher":{"@id":"https:\/\/animefigurer.se\/#organization"},"potentialAction":[{"@type":"SearchAction","target":{"@type":"EntryPoint","urlTemplate":"https:\/\/animefigurer.se\/?s={search_term_string}"},"query-input":{"@type":"PropertyValueSpecification","valueRequired":true,"valueName":"search_term_string"}}],"inLanguage":"en-GB"},{"@type":"Organization","@id":"https:\/\/animefigurer.se\/#organization","name":"Animefigurer.se","alternateName":"Anime figurer | Anime shop","url":"https:\/\/animefigurer.se\/","logo":{"@type":"ImageObject","inLanguage":"en-GB","@id":"https:\/\/animefigurer.se\/#\/schema\/logo\/image\/","url":"https:\/\/animefigurer.se\/wp-content\/uploads\/2025\/12\/Animefigurer_logowhite.png","contentUrl":"https:\/\/animefigurer.se\/wp-content\/uploads\/2025\/12\/Animefigurer_logowhite.png","width":1890,"height":1417,"caption":"Animefigurer.se"},"image":{"@id":"https:\/\/animefigurer.se\/#\/schema\/logo\/image\/"},"sameAs":["https:\/\/www.facebook.com\/profile.php?id=61581826539670","https:\/\/www.instagram.com\/animefigurer.se\/"],"email":"info@animefigurer.se"}]}},"_links":{"self":[{"href":"https:\/\/animefigurer.se\/en\/wp-json\/wp\/v2\/product\/42299","targetHints":{"allow":["GET"]}}],"collection":[{"href":"https:\/\/animefigurer.se\/en\/wp-json\/wp\/v2\/product"}],"about":[{"href":"https:\/\/animefigurer.se\/en\/wp-json\/wp\/v2\/types\/product"}],"replies":[{"embeddable":true,"href":"https:\/\/animefigurer.se\/en\/wp-json\/wp\/v2\/comments?post=42299"}],"wp:featuredmedia":[{"embeddable":true,"href":"https:\/\/animefigurer.se\/en\/wp-json\/wp\/v2\/media\/42300"}],"wp:attachment":[{"href":"https:\/\/animefigurer.se\/en\/wp-json\/wp\/v2\/media?parent=42299"}],"wp:term":[{"taxonomy":"product_brand","embeddable":true,"href":"https:\/\/animefigurer.se\/en\/wp-json\/wp\/v2\/product_brand?post=42299"},{"taxonomy":"product_cat","embeddable":true,"href":"https:\/\/animefigurer.se\/en\/wp-json\/wp\/v2\/product_cat?post=42299"},{"taxonomy":"product_tag","embeddable":true,"href":"https:\/\/animefigurer.se\/en\/wp-json\/wp\/v2\/product_tag?post=42299"},{"taxonomy":"giftcard-category","embeddable":true,"href":"https:\/\/animefigurer.se\/en\/wp-json\/wp\/v2\/giftcard-category?post=42299"}],"curies":[{"name":"wp","href":"https:\/\/api.w.org\/{rel}","templated":true}]}}