{"id":42125,"date":"2025-10-20T23:49:55","date_gmt":"2025-10-20T21:49:55","guid":{"rendered":"https:\/\/animefigurer.se\/produkt\/marvel-miles-morales-spider-man-13-2020-variant-vinyl-figure\/"},"modified":"2025-12-21T19:31:32","modified_gmt":"2025-12-21T18:31:32","slug":"marvel-miles-morales-spider-man-13-2020-variant-vinyl-figure","status":"publish","type":"product","link":"https:\/\/animefigurer.se\/en\/figurer\/marvel\/marvel-miles-morales-spider-man-13-2020-variant-vinyl-figure\/","title":{"rendered":"Marvel Miles Morales: Spider-Man #13 (2020 Variant) Vinyl Figure"},"content":{"rendered":"<p>Miles sits atop a throne of stacked CRT televisions, glowing blue \u2013 his gaze and eyes highlighted by deep red borders. In his dark blue suit, his arms rest on his knees, adorned with a bright red spider on his chest and subtle details from fingertips to toes. <\/p>\n<p>The packaging shows Miles escaping through the glass facade just as Rhino smashes through, and the interior is adorned with light gray Marvel comic book frames. The dark protective sleeve glows blue from the TV screens and thick cables drape it; the Miles figure is visible through a large transparent window on the front. Comes in a matte, embossed protective sleeve and with specially shaped plastic protection for maximum safety during shipping.<\/p>","protected":false},"excerpt":{"rendered":"<p>Miles sits atop a throne of stacked CRT televisions, glowing blue \u2013 his gaze and eyes highlighted by deep red borders. In his dark blue suit, his arms rest on his knees, adorned with a bright red spider on his chest and subtle details from fingertips to toes. <\/p>\n<p>The packaging shows Miles fleeing giving<\/p>","protected":false},"featured_media":42126,"comment_status":"closed","ping_status":"open","template":"","meta":{"_acf_changed":false,"_monsterinsights_skip_tracking":false,"_monsterinsights_sitenote_active":false,"_monsterinsights_sitenote_note":"","_monsterinsights_sitenote_category":0},"product_brand":[7189],"product_cat":[3554],"product_tag":[24],"giftcard-category":[],"class_list":{"0":"post-42125","1":"product","2":"type-product","3":"status-publish","4":"has-post-thumbnail","6":"product_brand-youtooz","7":"product_cat-marvel","8":"product_tag-2-3-weeks","9":"pa_karaktar-miles-morales","10":"pa_material-vinyl","11":"pa_storlek-11-cm","13":"first","14":"instock","15":"taxable","16":"shipping-taxable","17":"purchasable","18":"product-type-simple"},"acf":[],"yoast_head":"<!-- This site is optimized with the Yoast SEO Premium plugin v24.6 (Yoast SEO v27.4) - https:\/\/yoast.com\/product\/yoast-seo-premium-wordpress\/ -->\n<title>Marvel Miles Morales: Spider-Man #13 (2020 Variant) Vinyl Figure | Animefigurer.se<\/title>\n<meta name=\"robots\" content=\"index, follow, max-snippet:-1, max-image-preview:large, max-video-preview:-1\" \/>\n<link rel=\"canonical\" href=\"https:\/\/animefigurer.se\/en\/figurer\/marvel\/marvel-miles-morales-spider-man-13-2020-variant-vinyl-figure\/\" \/>\n<meta property=\"og:locale\" content=\"en_GB\" \/>\n<meta property=\"og:type\" content=\"article\" \/>\n<meta property=\"og:title\" content=\"Marvel Miles Morales: Spider-Man #13 (2020 Variant) Vinyl Figure\" \/>\n<meta property=\"og:description\" content=\"Miles sitter h\u00f6gst upp p\u00e5 en tron av staplade CRT-tv-apparater med bl\u00e5tt sken \u2013 hans blick och \u00f6gon framh\u00e4vs av djupr\u00f6da kanter. I sin m\u00f6rkbl\u00e5 dr\u00e4kt vilar armarna p\u00e5 kn\u00e4na, prydd av en klarr\u00f6d spindel p\u00e5 br\u00f6stet och subtila detaljer fr\u00e5n fingertoppar till t\u00e5r.  F\u00f6rpackningen visar Miles som flyr ge\" \/>\n<meta property=\"og:url\" content=\"https:\/\/animefigurer.se\/en\/figurer\/marvel\/marvel-miles-morales-spider-man-13-2020-variant-vinyl-figure\/\" \/>\n<meta property=\"og:site_name\" content=\"Animefigurer.se\" \/>\n<meta property=\"article:publisher\" content=\"https:\/\/www.facebook.com\/profile.php?id=61581826539670\" \/>\n<meta property=\"article:modified_time\" content=\"2025-12-21T18:31:32+00:00\" \/>\n<meta property=\"og:image\" content=\"https:\/\/animefigurer.se\/wp-content\/uploads\/2025\/12\/Animefigurer_logowhite.png\" \/>\n\t<meta property=\"og:image:width\" content=\"1890\" \/>\n\t<meta property=\"og:image:height\" content=\"1417\" \/>\n\t<meta property=\"og:image:type\" content=\"image\/png\" \/>\n<meta name=\"twitter:card\" content=\"summary_large_image\" \/>\n<meta name=\"twitter:label1\" content=\"Estimated reading time\" \/>\n\t<meta name=\"twitter:data1\" content=\"1 minute\" \/>\n<script type=\"application\/ld+json\" class=\"yoast-schema-graph\">{\"@context\":\"https:\\\/\\\/schema.org\",\"@graph\":[{\"@type\":\"WebPage\",\"@id\":\"https:\\\/\\\/animefigurer.se\\\/figurer\\\/marvel\\\/marvel-miles-morales-spider-man-13-2020-variant-vinyl-figure\\\/\",\"url\":\"https:\\\/\\\/animefigurer.se\\\/figurer\\\/marvel\\\/marvel-miles-morales-spider-man-13-2020-variant-vinyl-figure\\\/\",\"name\":\"Marvel Miles Morales: Spider-Man #13 (2020 Variant) Vinyl Figure | Animefigurer.se\",\"isPartOf\":{\"@id\":\"https:\\\/\\\/animefigurer.se\\\/#website\"},\"primaryImageOfPage\":{\"@id\":\"https:\\\/\\\/animefigurer.se\\\/figurer\\\/marvel\\\/marvel-miles-morales-spider-man-13-2020-variant-vinyl-figure\\\/#primaryimage\"},\"image\":{\"@id\":\"https:\\\/\\\/animefigurer.se\\\/figurer\\\/marvel\\\/marvel-miles-morales-spider-man-13-2020-variant-vinyl-figure\\\/#primaryimage\"},\"thumbnailUrl\":\"https:\\\/\\\/animefigurer.se\\\/wp-content\\\/uploads\\\/2025\\\/10\\\/65abb122a1b3a.jpeg\",\"datePublished\":\"2025-10-20T21:49:55+00:00\",\"dateModified\":\"2025-12-21T18:31:32+00:00\",\"breadcrumb\":{\"@id\":\"https:\\\/\\\/animefigurer.se\\\/figurer\\\/marvel\\\/marvel-miles-morales-spider-man-13-2020-variant-vinyl-figure\\\/#breadcrumb\"},\"inLanguage\":\"en-GB\",\"potentialAction\":[{\"@type\":\"ReadAction\",\"target\":[\"https:\\\/\\\/animefigurer.se\\\/figurer\\\/marvel\\\/marvel-miles-morales-spider-man-13-2020-variant-vinyl-figure\\\/\"]}]},{\"@type\":\"ImageObject\",\"inLanguage\":\"en-GB\",\"@id\":\"https:\\\/\\\/animefigurer.se\\\/figurer\\\/marvel\\\/marvel-miles-morales-spider-man-13-2020-variant-vinyl-figure\\\/#primaryimage\",\"url\":\"https:\\\/\\\/animefigurer.se\\\/wp-content\\\/uploads\\\/2025\\\/10\\\/65abb122a1b3a.jpeg\",\"contentUrl\":\"https:\\\/\\\/animefigurer.se\\\/wp-content\\\/uploads\\\/2025\\\/10\\\/65abb122a1b3a.jpeg\",\"width\":720,\"height\":540},{\"@type\":\"BreadcrumbList\",\"@id\":\"https:\\\/\\\/animefigurer.se\\\/figurer\\\/marvel\\\/marvel-miles-morales-spider-man-13-2020-variant-vinyl-figure\\\/#breadcrumb\",\"itemListElement\":[{\"@type\":\"ListItem\",\"position\":1,\"name\":\"Home\",\"item\":\"https:\\\/\\\/animefigurer.se\\\/\"},{\"@type\":\"ListItem\",\"position\":2,\"name\":\"Butik\",\"item\":\"https:\\\/\\\/animefigurer.se\\\/figurer\\\/\"},{\"@type\":\"ListItem\",\"position\":3,\"name\":\"Marvel Miles Morales: Spider-Man #13 (2020 Variant) Vinyl Figure\"}]},{\"@type\":\"WebSite\",\"@id\":\"https:\\\/\\\/animefigurer.se\\\/#website\",\"url\":\"https:\\\/\\\/animefigurer.se\\\/\",\"name\":\"Animefigurer.se\",\"description\":\"Anime figurer fr\u00e5n \u00f6ver 300 olika anime serier med \u00f6ver 9000 produkter | Anime Shop\",\"publisher\":{\"@id\":\"https:\\\/\\\/animefigurer.se\\\/#organization\"},\"potentialAction\":[{\"@type\":\"SearchAction\",\"target\":{\"@type\":\"EntryPoint\",\"urlTemplate\":\"https:\\\/\\\/animefigurer.se\\\/?s={search_term_string}\"},\"query-input\":{\"@type\":\"PropertyValueSpecification\",\"valueRequired\":true,\"valueName\":\"search_term_string\"}}],\"inLanguage\":\"en-GB\"},{\"@type\":\"Organization\",\"@id\":\"https:\\\/\\\/animefigurer.se\\\/#organization\",\"name\":\"Animefigurer.se\",\"alternateName\":\"Anime figurer | Anime shop\",\"url\":\"https:\\\/\\\/animefigurer.se\\\/\",\"logo\":{\"@type\":\"ImageObject\",\"inLanguage\":\"en-GB\",\"@id\":\"https:\\\/\\\/animefigurer.se\\\/#\\\/schema\\\/logo\\\/image\\\/\",\"url\":\"https:\\\/\\\/animefigurer.se\\\/wp-content\\\/uploads\\\/2025\\\/12\\\/Animefigurer_logowhite.png\",\"contentUrl\":\"https:\\\/\\\/animefigurer.se\\\/wp-content\\\/uploads\\\/2025\\\/12\\\/Animefigurer_logowhite.png\",\"width\":1890,\"height\":1417,\"caption\":\"Animefigurer.se\"},\"image\":{\"@id\":\"https:\\\/\\\/animefigurer.se\\\/#\\\/schema\\\/logo\\\/image\\\/\"},\"sameAs\":[\"https:\\\/\\\/www.facebook.com\\\/profile.php?id=61581826539670\",\"https:\\\/\\\/www.instagram.com\\\/animefigurer.se\\\/\"],\"email\":\"info@animefigurer.se\"}]}<\/script>\n<!-- \/ Yoast SEO Premium plugin. -->","yoast_head_json":{"title":"Marvel Miles Morales: Spider-Man #13 (2020 Variant) Vinyl Figure | Animefigurer.se","robots":{"index":"index","follow":"follow","max-snippet":"max-snippet:-1","max-image-preview":"max-image-preview:large","max-video-preview":"max-video-preview:-1"},"canonical":"https:\/\/animefigurer.se\/en\/figurer\/marvel\/marvel-miles-morales-spider-man-13-2020-variant-vinyl-figure\/","og_locale":"en_GB","og_type":"article","og_title":"Marvel Miles Morales: Spider-Man #13 (2020 Variant) Vinyl Figure","og_description":"Miles sitter h\u00f6gst upp p\u00e5 en tron av staplade CRT-tv-apparater med bl\u00e5tt sken \u2013 hans blick och \u00f6gon framh\u00e4vs av djupr\u00f6da kanter. I sin m\u00f6rkbl\u00e5 dr\u00e4kt vilar armarna p\u00e5 kn\u00e4na, prydd av en klarr\u00f6d spindel p\u00e5 br\u00f6stet och subtila detaljer fr\u00e5n fingertoppar till t\u00e5r.  F\u00f6rpackningen visar Miles som flyr ge","og_url":"https:\/\/animefigurer.se\/en\/figurer\/marvel\/marvel-miles-morales-spider-man-13-2020-variant-vinyl-figure\/","og_site_name":"Animefigurer.se","article_publisher":"https:\/\/www.facebook.com\/profile.php?id=61581826539670","article_modified_time":"2025-12-21T18:31:32+00:00","og_image":[{"width":1890,"height":1417,"url":"https:\/\/animefigurer.se\/wp-content\/uploads\/2025\/12\/Animefigurer_logowhite.png","type":"image\/png"}],"twitter_card":"summary_large_image","twitter_misc":{"Estimated reading time":"1 minute"},"schema":{"@context":"https:\/\/schema.org","@graph":[{"@type":"WebPage","@id":"https:\/\/animefigurer.se\/figurer\/marvel\/marvel-miles-morales-spider-man-13-2020-variant-vinyl-figure\/","url":"https:\/\/animefigurer.se\/figurer\/marvel\/marvel-miles-morales-spider-man-13-2020-variant-vinyl-figure\/","name":"Marvel Miles Morales: Spider-Man #13 (2020 Variant) Vinyl Figure | Animefigurer.se","isPartOf":{"@id":"https:\/\/animefigurer.se\/#website"},"primaryImageOfPage":{"@id":"https:\/\/animefigurer.se\/figurer\/marvel\/marvel-miles-morales-spider-man-13-2020-variant-vinyl-figure\/#primaryimage"},"image":{"@id":"https:\/\/animefigurer.se\/figurer\/marvel\/marvel-miles-morales-spider-man-13-2020-variant-vinyl-figure\/#primaryimage"},"thumbnailUrl":"https:\/\/animefigurer.se\/wp-content\/uploads\/2025\/10\/65abb122a1b3a.jpeg","datePublished":"2025-10-20T21:49:55+00:00","dateModified":"2025-12-21T18:31:32+00:00","breadcrumb":{"@id":"https:\/\/animefigurer.se\/figurer\/marvel\/marvel-miles-morales-spider-man-13-2020-variant-vinyl-figure\/#breadcrumb"},"inLanguage":"en-GB","potentialAction":[{"@type":"ReadAction","target":["https:\/\/animefigurer.se\/figurer\/marvel\/marvel-miles-morales-spider-man-13-2020-variant-vinyl-figure\/"]}]},{"@type":"ImageObject","inLanguage":"en-GB","@id":"https:\/\/animefigurer.se\/figurer\/marvel\/marvel-miles-morales-spider-man-13-2020-variant-vinyl-figure\/#primaryimage","url":"https:\/\/animefigurer.se\/wp-content\/uploads\/2025\/10\/65abb122a1b3a.jpeg","contentUrl":"https:\/\/animefigurer.se\/wp-content\/uploads\/2025\/10\/65abb122a1b3a.jpeg","width":720,"height":540},{"@type":"BreadcrumbList","@id":"https:\/\/animefigurer.se\/figurer\/marvel\/marvel-miles-morales-spider-man-13-2020-variant-vinyl-figure\/#breadcrumb","itemListElement":[{"@type":"ListItem","position":1,"name":"Home","item":"https:\/\/animefigurer.se\/"},{"@type":"ListItem","position":2,"name":"Butik","item":"https:\/\/animefigurer.se\/figurer\/"},{"@type":"ListItem","position":3,"name":"Marvel Miles Morales: Spider-Man #13 (2020 Variant) Vinyl Figure"}]},{"@type":"WebSite","@id":"https:\/\/animefigurer.se\/#website","url":"https:\/\/animefigurer.se\/","name":"Animefigurer.se","description":"Anime figures from over 300 different anime series with over 9000 products | Anime Shop","publisher":{"@id":"https:\/\/animefigurer.se\/#organization"},"potentialAction":[{"@type":"SearchAction","target":{"@type":"EntryPoint","urlTemplate":"https:\/\/animefigurer.se\/?s={search_term_string}"},"query-input":{"@type":"PropertyValueSpecification","valueRequired":true,"valueName":"search_term_string"}}],"inLanguage":"en-GB"},{"@type":"Organization","@id":"https:\/\/animefigurer.se\/#organization","name":"Animefigurer.se","alternateName":"Anime figurer | Anime shop","url":"https:\/\/animefigurer.se\/","logo":{"@type":"ImageObject","inLanguage":"en-GB","@id":"https:\/\/animefigurer.se\/#\/schema\/logo\/image\/","url":"https:\/\/animefigurer.se\/wp-content\/uploads\/2025\/12\/Animefigurer_logowhite.png","contentUrl":"https:\/\/animefigurer.se\/wp-content\/uploads\/2025\/12\/Animefigurer_logowhite.png","width":1890,"height":1417,"caption":"Animefigurer.se"},"image":{"@id":"https:\/\/animefigurer.se\/#\/schema\/logo\/image\/"},"sameAs":["https:\/\/www.facebook.com\/profile.php?id=61581826539670","https:\/\/www.instagram.com\/animefigurer.se\/"],"email":"info@animefigurer.se"}]}},"_links":{"self":[{"href":"https:\/\/animefigurer.se\/en\/wp-json\/wp\/v2\/product\/42125","targetHints":{"allow":["GET"]}}],"collection":[{"href":"https:\/\/animefigurer.se\/en\/wp-json\/wp\/v2\/product"}],"about":[{"href":"https:\/\/animefigurer.se\/en\/wp-json\/wp\/v2\/types\/product"}],"replies":[{"embeddable":true,"href":"https:\/\/animefigurer.se\/en\/wp-json\/wp\/v2\/comments?post=42125"}],"wp:featuredmedia":[{"embeddable":true,"href":"https:\/\/animefigurer.se\/en\/wp-json\/wp\/v2\/media\/42126"}],"wp:attachment":[{"href":"https:\/\/animefigurer.se\/en\/wp-json\/wp\/v2\/media?parent=42125"}],"wp:term":[{"taxonomy":"product_brand","embeddable":true,"href":"https:\/\/animefigurer.se\/en\/wp-json\/wp\/v2\/product_brand?post=42125"},{"taxonomy":"product_cat","embeddable":true,"href":"https:\/\/animefigurer.se\/en\/wp-json\/wp\/v2\/product_cat?post=42125"},{"taxonomy":"product_tag","embeddable":true,"href":"https:\/\/animefigurer.se\/en\/wp-json\/wp\/v2\/product_tag?post=42125"},{"taxonomy":"giftcard-category","embeddable":true,"href":"https:\/\/animefigurer.se\/en\/wp-json\/wp\/v2\/giftcard-category?post=42125"}],"curies":[{"name":"wp","href":"https:\/\/api.w.org\/{rel}","templated":true}]}}