{"id":42074,"date":"2025-10-20T23:49:55","date_gmt":"2025-10-20T21:49:55","guid":{"rendered":"https:\/\/animefigurer.se\/produkt\/makeine-too-many-losing-heroines-tenitol-tall-anna-yanami\/"},"modified":"2026-04-21T04:42:35","modified_gmt":"2026-04-21T02:42:35","slug":"makeine-too-many-losing-heroines-tenitol-tall-anna-yanami","status":"publish","type":"product","link":"https:\/\/animefigurer.se\/en\/figurer\/makeine-too-many-losing-heroines\/makeine-too-many-losing-heroines-tenitol-tall-anna-yanami\/","title":{"rendered":"Makeine: Too Many Losing Heroines! Tenitol Tall Anna Yanami"},"content":{"rendered":"<p>Anna Yanami in her energetic swimsuit is captured with flowing hair and an expressive face. Her gaze and harmonious proportions, along with the details of the swimsuit straps and sandals, give the figure a nice finish.<\/p>\n<p>Book Anna Yanami in her vibrant swimsuit as soon as possible!<\/p>","protected":false},"excerpt":{"rendered":"<p>Anna Yanami in her energetic swimsuit is captured with flowing hair and an expressive face. Her gaze and harmonious proportions, along with the details of the swimsuit straps and sandals, give the figure a nice finish.<\/p>\n<p>Book Anna Yanami in her vibrant swimsuit as soon as possible!<\/p>","protected":false},"featured_media":42075,"comment_status":"closed","ping_status":"closed","template":"","meta":{"_acf_changed":false,"_monsterinsights_skip_tracking":false,"_monsterinsights_sitenote_active":false,"_monsterinsights_sitenote_note":"","_monsterinsights_sitenote_category":0},"product_brand":[6994],"product_cat":[3548],"product_tag":[24],"giftcard-category":[],"class_list":{"0":"post-42074","1":"product","2":"type-product","3":"status-publish","4":"has-post-thumbnail","6":"product_brand-furyu","7":"product_cat-makeine-too-many-losing-heroines","8":"product_tag-2-3-weeks","9":"pa_franchise-makeine-too-many-losing-heroines","10":"pa_karaktar-anna-yanami","11":"pa_material-pvc-abs","12":"pa_produktserie-tenitol","13":"pa_storlek-31-cm","15":"first","16":"instock","17":"taxable","18":"shipping-taxable","19":"purchasable","20":"product-type-simple"},"acf":[],"yoast_head":"<!-- This site is optimized with the Yoast SEO Premium plugin v24.6 (Yoast SEO v27.3) - https:\/\/yoast.com\/product\/yoast-seo-premium-wordpress\/ -->\n<title>Makeine: Too Many Losing Heroines! Tenitol Tall Anna Yanami | Animefigurer.se<\/title>\n<meta name=\"robots\" content=\"index, follow, max-snippet:-1, max-image-preview:large, max-video-preview:-1\" \/>\n<link rel=\"canonical\" href=\"https:\/\/animefigurer.se\/en\/figurer\/makeine-too-many-losing-heroines\/makeine-too-many-losing-heroines-tenitol-tall-anna-yanami\/\" \/>\n<meta property=\"og:locale\" content=\"en_GB\" \/>\n<meta property=\"og:type\" content=\"article\" \/>\n<meta property=\"og:title\" content=\"Makeine: Too Many Losing Heroines! Tenitol Tall Anna Yanami\" \/>\n<meta property=\"og:description\" content=\"Anna Yanami i sin energiska baddr\u00e4kt f\u00e5ngas med r\u00f6rligt h\u00e5r och ett uttrycksfullt ansikte. Hennes blick och harmoniska proportioner tillsammans med detaljerna i baddr\u00e4ksremmar och sandaler ger figuren en fin finish.  Boka Anna Yanami i hennes livfulla baddr\u00e4kt s\u00e5 snart som m\u00f6jligt!\" \/>\n<meta property=\"og:url\" content=\"https:\/\/animefigurer.se\/en\/figurer\/makeine-too-many-losing-heroines\/makeine-too-many-losing-heroines-tenitol-tall-anna-yanami\/\" \/>\n<meta property=\"og:site_name\" content=\"Animefigurer.se\" \/>\n<meta property=\"article:publisher\" content=\"https:\/\/www.facebook.com\/profile.php?id=61581826539670\" \/>\n<meta property=\"article:modified_time\" content=\"2026-04-21T02:42:35+00:00\" \/>\n<meta property=\"og:image\" content=\"https:\/\/animefigurer.se\/wp-content\/uploads\/2025\/12\/Animefigurer_logowhite.png\" \/>\n\t<meta property=\"og:image:width\" content=\"1890\" \/>\n\t<meta property=\"og:image:height\" content=\"1417\" \/>\n\t<meta property=\"og:image:type\" content=\"image\/png\" \/>\n<meta name=\"twitter:card\" content=\"summary_large_image\" \/>\n<meta name=\"twitter:label1\" content=\"Estimated reading time\" \/>\n\t<meta name=\"twitter:data1\" content=\"1 minute\" \/>\n<script type=\"application\/ld+json\" class=\"yoast-schema-graph\">{\"@context\":\"https:\\\/\\\/schema.org\",\"@graph\":[{\"@type\":\"WebPage\",\"@id\":\"https:\\\/\\\/animefigurer.se\\\/figurer\\\/makeine-too-many-losing-heroines\\\/makeine-too-many-losing-heroines-tenitol-tall-anna-yanami\\\/\",\"url\":\"https:\\\/\\\/animefigurer.se\\\/figurer\\\/makeine-too-many-losing-heroines\\\/makeine-too-many-losing-heroines-tenitol-tall-anna-yanami\\\/\",\"name\":\"Makeine: Too Many Losing Heroines! Tenitol Tall Anna Yanami | Animefigurer.se\",\"isPartOf\":{\"@id\":\"https:\\\/\\\/animefigurer.se\\\/#website\"},\"primaryImageOfPage\":{\"@id\":\"https:\\\/\\\/animefigurer.se\\\/figurer\\\/makeine-too-many-losing-heroines\\\/makeine-too-many-losing-heroines-tenitol-tall-anna-yanami\\\/#primaryimage\"},\"image\":{\"@id\":\"https:\\\/\\\/animefigurer.se\\\/figurer\\\/makeine-too-many-losing-heroines\\\/makeine-too-many-losing-heroines-tenitol-tall-anna-yanami\\\/#primaryimage\"},\"thumbnailUrl\":\"https:\\\/\\\/animefigurer.se\\\/wp-content\\\/uploads\\\/2025\\\/10\\\/6774014c3eb18.jpeg\",\"datePublished\":\"2025-10-20T21:49:55+00:00\",\"dateModified\":\"2026-04-21T02:42:35+00:00\",\"breadcrumb\":{\"@id\":\"https:\\\/\\\/animefigurer.se\\\/figurer\\\/makeine-too-many-losing-heroines\\\/makeine-too-many-losing-heroines-tenitol-tall-anna-yanami\\\/#breadcrumb\"},\"inLanguage\":\"en-GB\",\"potentialAction\":[{\"@type\":\"ReadAction\",\"target\":[\"https:\\\/\\\/animefigurer.se\\\/figurer\\\/makeine-too-many-losing-heroines\\\/makeine-too-many-losing-heroines-tenitol-tall-anna-yanami\\\/\"]}]},{\"@type\":\"ImageObject\",\"inLanguage\":\"en-GB\",\"@id\":\"https:\\\/\\\/animefigurer.se\\\/figurer\\\/makeine-too-many-losing-heroines\\\/makeine-too-many-losing-heroines-tenitol-tall-anna-yanami\\\/#primaryimage\",\"url\":\"https:\\\/\\\/animefigurer.se\\\/wp-content\\\/uploads\\\/2025\\\/10\\\/6774014c3eb18.jpeg\",\"contentUrl\":\"https:\\\/\\\/animefigurer.se\\\/wp-content\\\/uploads\\\/2025\\\/10\\\/6774014c3eb18.jpeg\",\"width\":720,\"height\":540},{\"@type\":\"BreadcrumbList\",\"@id\":\"https:\\\/\\\/animefigurer.se\\\/figurer\\\/makeine-too-many-losing-heroines\\\/makeine-too-many-losing-heroines-tenitol-tall-anna-yanami\\\/#breadcrumb\",\"itemListElement\":[{\"@type\":\"ListItem\",\"position\":1,\"name\":\"Home\",\"item\":\"https:\\\/\\\/animefigurer.se\\\/\"},{\"@type\":\"ListItem\",\"position\":2,\"name\":\"Butik\",\"item\":\"https:\\\/\\\/animefigurer.se\\\/figurer\\\/\"},{\"@type\":\"ListItem\",\"position\":3,\"name\":\"Makeine: Too Many Losing Heroines! Tenitol Tall Anna Yanami\"}]},{\"@type\":\"WebSite\",\"@id\":\"https:\\\/\\\/animefigurer.se\\\/#website\",\"url\":\"https:\\\/\\\/animefigurer.se\\\/\",\"name\":\"Animefigurer.se\",\"description\":\"Anime figurer fr\u00e5n \u00f6ver 300 olika anime serier med \u00f6ver 9000 produkter | Anime Shop\",\"publisher\":{\"@id\":\"https:\\\/\\\/animefigurer.se\\\/#organization\"},\"potentialAction\":[{\"@type\":\"SearchAction\",\"target\":{\"@type\":\"EntryPoint\",\"urlTemplate\":\"https:\\\/\\\/animefigurer.se\\\/?s={search_term_string}\"},\"query-input\":{\"@type\":\"PropertyValueSpecification\",\"valueRequired\":true,\"valueName\":\"search_term_string\"}}],\"inLanguage\":\"en-GB\"},{\"@type\":\"Organization\",\"@id\":\"https:\\\/\\\/animefigurer.se\\\/#organization\",\"name\":\"Animefigurer.se\",\"alternateName\":\"Anime figurer | Anime shop\",\"url\":\"https:\\\/\\\/animefigurer.se\\\/\",\"logo\":{\"@type\":\"ImageObject\",\"inLanguage\":\"en-GB\",\"@id\":\"https:\\\/\\\/animefigurer.se\\\/#\\\/schema\\\/logo\\\/image\\\/\",\"url\":\"https:\\\/\\\/animefigurer.se\\\/wp-content\\\/uploads\\\/2025\\\/12\\\/Animefigurer_logowhite.png\",\"contentUrl\":\"https:\\\/\\\/animefigurer.se\\\/wp-content\\\/uploads\\\/2025\\\/12\\\/Animefigurer_logowhite.png\",\"width\":1890,\"height\":1417,\"caption\":\"Animefigurer.se\"},\"image\":{\"@id\":\"https:\\\/\\\/animefigurer.se\\\/#\\\/schema\\\/logo\\\/image\\\/\"},\"sameAs\":[\"https:\\\/\\\/www.facebook.com\\\/profile.php?id=61581826539670\",\"https:\\\/\\\/www.instagram.com\\\/animefigurer.se\\\/\"],\"email\":\"info@animefigurer.se\"}]}<\/script>\n<!-- \/ Yoast SEO Premium plugin. -->","yoast_head_json":{"title":"Makeine: Too Many Losing Heroines! Tenitol Tall Anna Yanami | Animefigurer.se","robots":{"index":"index","follow":"follow","max-snippet":"max-snippet:-1","max-image-preview":"max-image-preview:large","max-video-preview":"max-video-preview:-1"},"canonical":"https:\/\/animefigurer.se\/en\/figurer\/makeine-too-many-losing-heroines\/makeine-too-many-losing-heroines-tenitol-tall-anna-yanami\/","og_locale":"en_GB","og_type":"article","og_title":"Makeine: Too Many Losing Heroines! Tenitol Tall Anna Yanami","og_description":"Anna Yanami i sin energiska baddr\u00e4kt f\u00e5ngas med r\u00f6rligt h\u00e5r och ett uttrycksfullt ansikte. Hennes blick och harmoniska proportioner tillsammans med detaljerna i baddr\u00e4ksremmar och sandaler ger figuren en fin finish.  Boka Anna Yanami i hennes livfulla baddr\u00e4kt s\u00e5 snart som m\u00f6jligt!","og_url":"https:\/\/animefigurer.se\/en\/figurer\/makeine-too-many-losing-heroines\/makeine-too-many-losing-heroines-tenitol-tall-anna-yanami\/","og_site_name":"Animefigurer.se","article_publisher":"https:\/\/www.facebook.com\/profile.php?id=61581826539670","article_modified_time":"2026-04-21T02:42:35+00:00","og_image":[{"width":1890,"height":1417,"url":"https:\/\/animefigurer.se\/wp-content\/uploads\/2025\/12\/Animefigurer_logowhite.png","type":"image\/png"}],"twitter_card":"summary_large_image","twitter_misc":{"Estimated reading time":"1 minute"},"schema":{"@context":"https:\/\/schema.org","@graph":[{"@type":"WebPage","@id":"https:\/\/animefigurer.se\/figurer\/makeine-too-many-losing-heroines\/makeine-too-many-losing-heroines-tenitol-tall-anna-yanami\/","url":"https:\/\/animefigurer.se\/figurer\/makeine-too-many-losing-heroines\/makeine-too-many-losing-heroines-tenitol-tall-anna-yanami\/","name":"Makeine: Too Many Losing Heroines! Tenitol Tall Anna Yanami | Animefigurer.se","isPartOf":{"@id":"https:\/\/animefigurer.se\/#website"},"primaryImageOfPage":{"@id":"https:\/\/animefigurer.se\/figurer\/makeine-too-many-losing-heroines\/makeine-too-many-losing-heroines-tenitol-tall-anna-yanami\/#primaryimage"},"image":{"@id":"https:\/\/animefigurer.se\/figurer\/makeine-too-many-losing-heroines\/makeine-too-many-losing-heroines-tenitol-tall-anna-yanami\/#primaryimage"},"thumbnailUrl":"https:\/\/animefigurer.se\/wp-content\/uploads\/2025\/10\/6774014c3eb18.jpeg","datePublished":"2025-10-20T21:49:55+00:00","dateModified":"2026-04-21T02:42:35+00:00","breadcrumb":{"@id":"https:\/\/animefigurer.se\/figurer\/makeine-too-many-losing-heroines\/makeine-too-many-losing-heroines-tenitol-tall-anna-yanami\/#breadcrumb"},"inLanguage":"en-GB","potentialAction":[{"@type":"ReadAction","target":["https:\/\/animefigurer.se\/figurer\/makeine-too-many-losing-heroines\/makeine-too-many-losing-heroines-tenitol-tall-anna-yanami\/"]}]},{"@type":"ImageObject","inLanguage":"en-GB","@id":"https:\/\/animefigurer.se\/figurer\/makeine-too-many-losing-heroines\/makeine-too-many-losing-heroines-tenitol-tall-anna-yanami\/#primaryimage","url":"https:\/\/animefigurer.se\/wp-content\/uploads\/2025\/10\/6774014c3eb18.jpeg","contentUrl":"https:\/\/animefigurer.se\/wp-content\/uploads\/2025\/10\/6774014c3eb18.jpeg","width":720,"height":540},{"@type":"BreadcrumbList","@id":"https:\/\/animefigurer.se\/figurer\/makeine-too-many-losing-heroines\/makeine-too-many-losing-heroines-tenitol-tall-anna-yanami\/#breadcrumb","itemListElement":[{"@type":"ListItem","position":1,"name":"Home","item":"https:\/\/animefigurer.se\/"},{"@type":"ListItem","position":2,"name":"Butik","item":"https:\/\/animefigurer.se\/figurer\/"},{"@type":"ListItem","position":3,"name":"Makeine: Too Many Losing Heroines! Tenitol Tall Anna Yanami"}]},{"@type":"WebSite","@id":"https:\/\/animefigurer.se\/#website","url":"https:\/\/animefigurer.se\/","name":"Animefigurer.se","description":"Anime figures from over 300 different anime series with over 9000 products | Anime Shop","publisher":{"@id":"https:\/\/animefigurer.se\/#organization"},"potentialAction":[{"@type":"SearchAction","target":{"@type":"EntryPoint","urlTemplate":"https:\/\/animefigurer.se\/?s={search_term_string}"},"query-input":{"@type":"PropertyValueSpecification","valueRequired":true,"valueName":"search_term_string"}}],"inLanguage":"en-GB"},{"@type":"Organization","@id":"https:\/\/animefigurer.se\/#organization","name":"Animefigurer.se","alternateName":"Anime figurer | Anime shop","url":"https:\/\/animefigurer.se\/","logo":{"@type":"ImageObject","inLanguage":"en-GB","@id":"https:\/\/animefigurer.se\/#\/schema\/logo\/image\/","url":"https:\/\/animefigurer.se\/wp-content\/uploads\/2025\/12\/Animefigurer_logowhite.png","contentUrl":"https:\/\/animefigurer.se\/wp-content\/uploads\/2025\/12\/Animefigurer_logowhite.png","width":1890,"height":1417,"caption":"Animefigurer.se"},"image":{"@id":"https:\/\/animefigurer.se\/#\/schema\/logo\/image\/"},"sameAs":["https:\/\/www.facebook.com\/profile.php?id=61581826539670","https:\/\/www.instagram.com\/animefigurer.se\/"],"email":"info@animefigurer.se"}]}},"_links":{"self":[{"href":"https:\/\/animefigurer.se\/en\/wp-json\/wp\/v2\/product\/42074","targetHints":{"allow":["GET"]}}],"collection":[{"href":"https:\/\/animefigurer.se\/en\/wp-json\/wp\/v2\/product"}],"about":[{"href":"https:\/\/animefigurer.se\/en\/wp-json\/wp\/v2\/types\/product"}],"replies":[{"embeddable":true,"href":"https:\/\/animefigurer.se\/en\/wp-json\/wp\/v2\/comments?post=42074"}],"wp:featuredmedia":[{"embeddable":true,"href":"https:\/\/animefigurer.se\/en\/wp-json\/wp\/v2\/media\/42075"}],"wp:attachment":[{"href":"https:\/\/animefigurer.se\/en\/wp-json\/wp\/v2\/media?parent=42074"}],"wp:term":[{"taxonomy":"product_brand","embeddable":true,"href":"https:\/\/animefigurer.se\/en\/wp-json\/wp\/v2\/product_brand?post=42074"},{"taxonomy":"product_cat","embeddable":true,"href":"https:\/\/animefigurer.se\/en\/wp-json\/wp\/v2\/product_cat?post=42074"},{"taxonomy":"product_tag","embeddable":true,"href":"https:\/\/animefigurer.se\/en\/wp-json\/wp\/v2\/product_tag?post=42074"},{"taxonomy":"giftcard-category","embeddable":true,"href":"https:\/\/animefigurer.se\/en\/wp-json\/wp\/v2\/giftcard-category?post=42074"}],"curies":[{"name":"wp","href":"https:\/\/api.w.org\/{rel}","templated":true}]}}