{"id":41804,"date":"2025-10-20T23:46:48","date_gmt":"2025-10-20T21:46:48","guid":{"rendered":"https:\/\/animefigurer.se\/produkt\/macross-frontier-ranka-lee-anniversary-stage-ver\/"},"modified":"2025-12-21T19:31:28","modified_gmt":"2025-12-21T18:31:28","slug":"macross-frontier-ranka-lee-anniversary-stage-ver","status":"publish","type":"product","link":"https:\/\/animefigurer.se\/en\/figurer\/macross\/macross-frontier-ranka-lee-anniversary-stage-ver\/","title":{"rendered":"Macross Frontier Ranka Lee (Anniversary Stage Ver.)"},"content":{"rendered":"<p>From Macross Frontier comes a 1\/7th scale figure of the super-dimensional Cinderella Ranka Lee! Based on a 10th anniversary illustration by Risa Ebata, the figure captures a very dynamic pose. Ranka&#039;s signature &quot;Kira&quot; pose, innocent smile, and delicate physique are faithfully reproduced to highlight her charm and maintain the atmosphere of the illustration. Combine with Sheryl Nome ~Anniversary Stage Ver.~ (sold separately) for a grand display.<\/p>","protected":false},"excerpt":{"rendered":"<p>From Macross Frontier comes a 1\/7th scale figure of the super-dimensional Cinderella Ranka Lee! Based on a 10th anniversary illustration by Risa Ebata, the figure captures a very dynamic pose. Ranka&#039;s signature &quot;Kira&quot; pose, innocent smile, and delicate physique are faithfully reproduced to convey<\/p>","protected":false},"featured_media":41805,"comment_status":"closed","ping_status":"open","template":"","meta":{"_acf_changed":false,"_monsterinsights_skip_tracking":false,"_monsterinsights_sitenote_active":false,"_monsterinsights_sitenote_note":"","_monsterinsights_sitenote_category":0},"product_brand":[6890],"product_cat":[3490],"product_tag":[24],"giftcard-category":[],"class_list":{"0":"post-41804","1":"product","2":"type-product","3":"status-publish","4":"has-post-thumbnail","6":"product_brand-good-smile-company","7":"product_cat-macross","8":"product_tag-2-3-weeks","9":"pa_franchise-macross-frontier","10":"pa_karaktar-ranka-lee","11":"pa_material-pvc-abs","12":"pa_skala-41","13":"pa_storlek-31-cm","15":"first","16":"instock","17":"taxable","18":"shipping-taxable","19":"purchasable","20":"product-type-simple"},"acf":[],"yoast_head":"<!-- This site is optimized with the Yoast SEO Premium plugin v24.6 (Yoast SEO v27.4) - https:\/\/yoast.com\/product\/yoast-seo-premium-wordpress\/ -->\n<title>Macross Frontier Ranka Lee (Anniversary Stage Ver.) | Animefigurer.se<\/title>\n<meta name=\"robots\" content=\"index, follow, max-snippet:-1, max-image-preview:large, max-video-preview:-1\" \/>\n<link rel=\"canonical\" href=\"https:\/\/animefigurer.se\/en\/figurer\/macross\/macross-frontier-ranka-lee-anniversary-stage-ver\/\" \/>\n<meta property=\"og:locale\" content=\"en_GB\" \/>\n<meta property=\"og:type\" content=\"article\" \/>\n<meta property=\"og:title\" content=\"Macross Frontier Ranka Lee (Anniversary Stage Ver.)\" \/>\n<meta property=\"og:description\" content=\"Fr\u00e5n Macross Frontier kommer en 1\/7\u2011skalefigur av den superdimensionella Askungen Ranka Lee! Figuren bygger p\u00e5 en 10\u2011\u00e5rs jubileumsillustration av Risa Ebata och f\u00e5ngar en mycket dynamisk pose. Rankas karakteristiska &quot;Kira&quot;\u2011pose, oskuldsfulla leende och k\u00e4nsliga fysik \u00e4r troget \u00e5tergivna f\u00f6r att fram\" \/>\n<meta property=\"og:url\" content=\"https:\/\/animefigurer.se\/en\/figurer\/macross\/macross-frontier-ranka-lee-anniversary-stage-ver\/\" \/>\n<meta property=\"og:site_name\" content=\"Animefigurer.se\" \/>\n<meta property=\"article:publisher\" content=\"https:\/\/www.facebook.com\/profile.php?id=61581826539670\" \/>\n<meta property=\"article:modified_time\" content=\"2025-12-21T18:31:28+00:00\" \/>\n<meta property=\"og:image\" content=\"https:\/\/animefigurer.se\/wp-content\/uploads\/2025\/12\/Animefigurer_logowhite.png\" \/>\n\t<meta property=\"og:image:width\" content=\"1890\" \/>\n\t<meta property=\"og:image:height\" content=\"1417\" \/>\n\t<meta property=\"og:image:type\" content=\"image\/png\" \/>\n<meta name=\"twitter:card\" content=\"summary_large_image\" \/>\n<script type=\"application\/ld+json\" class=\"yoast-schema-graph\">{\"@context\":\"https:\\\/\\\/schema.org\",\"@graph\":[{\"@type\":\"WebPage\",\"@id\":\"https:\\\/\\\/animefigurer.se\\\/figurer\\\/macross\\\/macross-frontier-ranka-lee-anniversary-stage-ver\\\/\",\"url\":\"https:\\\/\\\/animefigurer.se\\\/figurer\\\/macross\\\/macross-frontier-ranka-lee-anniversary-stage-ver\\\/\",\"name\":\"Macross Frontier Ranka Lee (Anniversary Stage Ver.) | Animefigurer.se\",\"isPartOf\":{\"@id\":\"https:\\\/\\\/animefigurer.se\\\/#website\"},\"primaryImageOfPage\":{\"@id\":\"https:\\\/\\\/animefigurer.se\\\/figurer\\\/macross\\\/macross-frontier-ranka-lee-anniversary-stage-ver\\\/#primaryimage\"},\"image\":{\"@id\":\"https:\\\/\\\/animefigurer.se\\\/figurer\\\/macross\\\/macross-frontier-ranka-lee-anniversary-stage-ver\\\/#primaryimage\"},\"thumbnailUrl\":\"https:\\\/\\\/animefigurer.se\\\/wp-content\\\/uploads\\\/2025\\\/10\\\/64e00f7be1417.jpeg\",\"datePublished\":\"2025-10-20T21:46:48+00:00\",\"dateModified\":\"2025-12-21T18:31:28+00:00\",\"breadcrumb\":{\"@id\":\"https:\\\/\\\/animefigurer.se\\\/figurer\\\/macross\\\/macross-frontier-ranka-lee-anniversary-stage-ver\\\/#breadcrumb\"},\"inLanguage\":\"en-GB\",\"potentialAction\":[{\"@type\":\"ReadAction\",\"target\":[\"https:\\\/\\\/animefigurer.se\\\/figurer\\\/macross\\\/macross-frontier-ranka-lee-anniversary-stage-ver\\\/\"]}]},{\"@type\":\"ImageObject\",\"inLanguage\":\"en-GB\",\"@id\":\"https:\\\/\\\/animefigurer.se\\\/figurer\\\/macross\\\/macross-frontier-ranka-lee-anniversary-stage-ver\\\/#primaryimage\",\"url\":\"https:\\\/\\\/animefigurer.se\\\/wp-content\\\/uploads\\\/2025\\\/10\\\/64e00f7be1417.jpeg\",\"contentUrl\":\"https:\\\/\\\/animefigurer.se\\\/wp-content\\\/uploads\\\/2025\\\/10\\\/64e00f7be1417.jpeg\",\"width\":720,\"height\":540},{\"@type\":\"BreadcrumbList\",\"@id\":\"https:\\\/\\\/animefigurer.se\\\/figurer\\\/macross\\\/macross-frontier-ranka-lee-anniversary-stage-ver\\\/#breadcrumb\",\"itemListElement\":[{\"@type\":\"ListItem\",\"position\":1,\"name\":\"Home\",\"item\":\"https:\\\/\\\/animefigurer.se\\\/\"},{\"@type\":\"ListItem\",\"position\":2,\"name\":\"Butik\",\"item\":\"https:\\\/\\\/animefigurer.se\\\/figurer\\\/\"},{\"@type\":\"ListItem\",\"position\":3,\"name\":\"Macross Frontier Ranka Lee (Anniversary Stage Ver.)\"}]},{\"@type\":\"WebSite\",\"@id\":\"https:\\\/\\\/animefigurer.se\\\/#website\",\"url\":\"https:\\\/\\\/animefigurer.se\\\/\",\"name\":\"Animefigurer.se\",\"description\":\"Anime figurer fr\u00e5n \u00f6ver 300 olika anime serier med \u00f6ver 9000 produkter | Anime Shop\",\"publisher\":{\"@id\":\"https:\\\/\\\/animefigurer.se\\\/#organization\"},\"potentialAction\":[{\"@type\":\"SearchAction\",\"target\":{\"@type\":\"EntryPoint\",\"urlTemplate\":\"https:\\\/\\\/animefigurer.se\\\/?s={search_term_string}\"},\"query-input\":{\"@type\":\"PropertyValueSpecification\",\"valueRequired\":true,\"valueName\":\"search_term_string\"}}],\"inLanguage\":\"en-GB\"},{\"@type\":\"Organization\",\"@id\":\"https:\\\/\\\/animefigurer.se\\\/#organization\",\"name\":\"Animefigurer.se\",\"alternateName\":\"Anime figurer | Anime shop\",\"url\":\"https:\\\/\\\/animefigurer.se\\\/\",\"logo\":{\"@type\":\"ImageObject\",\"inLanguage\":\"en-GB\",\"@id\":\"https:\\\/\\\/animefigurer.se\\\/#\\\/schema\\\/logo\\\/image\\\/\",\"url\":\"https:\\\/\\\/animefigurer.se\\\/wp-content\\\/uploads\\\/2025\\\/12\\\/Animefigurer_logowhite.png\",\"contentUrl\":\"https:\\\/\\\/animefigurer.se\\\/wp-content\\\/uploads\\\/2025\\\/12\\\/Animefigurer_logowhite.png\",\"width\":1890,\"height\":1417,\"caption\":\"Animefigurer.se\"},\"image\":{\"@id\":\"https:\\\/\\\/animefigurer.se\\\/#\\\/schema\\\/logo\\\/image\\\/\"},\"sameAs\":[\"https:\\\/\\\/www.facebook.com\\\/profile.php?id=61581826539670\",\"https:\\\/\\\/www.instagram.com\\\/animefigurer.se\\\/\"],\"email\":\"info@animefigurer.se\"}]}<\/script>\n<!-- \/ Yoast SEO Premium plugin. -->","yoast_head_json":{"title":"Macross Frontier Ranka Lee (Anniversary Stage Ver.) | Animefigurer.se","robots":{"index":"index","follow":"follow","max-snippet":"max-snippet:-1","max-image-preview":"max-image-preview:large","max-video-preview":"max-video-preview:-1"},"canonical":"https:\/\/animefigurer.se\/en\/figurer\/macross\/macross-frontier-ranka-lee-anniversary-stage-ver\/","og_locale":"en_GB","og_type":"article","og_title":"Macross Frontier Ranka Lee (Anniversary Stage Ver.)","og_description":"Fr\u00e5n Macross Frontier kommer en 1\/7\u2011skalefigur av den superdimensionella Askungen Ranka Lee! Figuren bygger p\u00e5 en 10\u2011\u00e5rs jubileumsillustration av Risa Ebata och f\u00e5ngar en mycket dynamisk pose. Rankas karakteristiska \"Kira\"\u2011pose, oskuldsfulla leende och k\u00e4nsliga fysik \u00e4r troget \u00e5tergivna f\u00f6r att fram","og_url":"https:\/\/animefigurer.se\/en\/figurer\/macross\/macross-frontier-ranka-lee-anniversary-stage-ver\/","og_site_name":"Animefigurer.se","article_publisher":"https:\/\/www.facebook.com\/profile.php?id=61581826539670","article_modified_time":"2025-12-21T18:31:28+00:00","og_image":[{"width":1890,"height":1417,"url":"https:\/\/animefigurer.se\/wp-content\/uploads\/2025\/12\/Animefigurer_logowhite.png","type":"image\/png"}],"twitter_card":"summary_large_image","schema":{"@context":"https:\/\/schema.org","@graph":[{"@type":"WebPage","@id":"https:\/\/animefigurer.se\/figurer\/macross\/macross-frontier-ranka-lee-anniversary-stage-ver\/","url":"https:\/\/animefigurer.se\/figurer\/macross\/macross-frontier-ranka-lee-anniversary-stage-ver\/","name":"Macross Frontier Ranka Lee (Anniversary Stage Ver.) | Animefigurer.se","isPartOf":{"@id":"https:\/\/animefigurer.se\/#website"},"primaryImageOfPage":{"@id":"https:\/\/animefigurer.se\/figurer\/macross\/macross-frontier-ranka-lee-anniversary-stage-ver\/#primaryimage"},"image":{"@id":"https:\/\/animefigurer.se\/figurer\/macross\/macross-frontier-ranka-lee-anniversary-stage-ver\/#primaryimage"},"thumbnailUrl":"https:\/\/animefigurer.se\/wp-content\/uploads\/2025\/10\/64e00f7be1417.jpeg","datePublished":"2025-10-20T21:46:48+00:00","dateModified":"2025-12-21T18:31:28+00:00","breadcrumb":{"@id":"https:\/\/animefigurer.se\/figurer\/macross\/macross-frontier-ranka-lee-anniversary-stage-ver\/#breadcrumb"},"inLanguage":"en-GB","potentialAction":[{"@type":"ReadAction","target":["https:\/\/animefigurer.se\/figurer\/macross\/macross-frontier-ranka-lee-anniversary-stage-ver\/"]}]},{"@type":"ImageObject","inLanguage":"en-GB","@id":"https:\/\/animefigurer.se\/figurer\/macross\/macross-frontier-ranka-lee-anniversary-stage-ver\/#primaryimage","url":"https:\/\/animefigurer.se\/wp-content\/uploads\/2025\/10\/64e00f7be1417.jpeg","contentUrl":"https:\/\/animefigurer.se\/wp-content\/uploads\/2025\/10\/64e00f7be1417.jpeg","width":720,"height":540},{"@type":"BreadcrumbList","@id":"https:\/\/animefigurer.se\/figurer\/macross\/macross-frontier-ranka-lee-anniversary-stage-ver\/#breadcrumb","itemListElement":[{"@type":"ListItem","position":1,"name":"Home","item":"https:\/\/animefigurer.se\/"},{"@type":"ListItem","position":2,"name":"Butik","item":"https:\/\/animefigurer.se\/figurer\/"},{"@type":"ListItem","position":3,"name":"Macross Frontier Ranka Lee (Anniversary Stage Ver.)"}]},{"@type":"WebSite","@id":"https:\/\/animefigurer.se\/#website","url":"https:\/\/animefigurer.se\/","name":"Animefigurer.se","description":"Anime figures from over 300 different anime series with over 9000 products | Anime Shop","publisher":{"@id":"https:\/\/animefigurer.se\/#organization"},"potentialAction":[{"@type":"SearchAction","target":{"@type":"EntryPoint","urlTemplate":"https:\/\/animefigurer.se\/?s={search_term_string}"},"query-input":{"@type":"PropertyValueSpecification","valueRequired":true,"valueName":"search_term_string"}}],"inLanguage":"en-GB"},{"@type":"Organization","@id":"https:\/\/animefigurer.se\/#organization","name":"Animefigurer.se","alternateName":"Anime figurer | Anime shop","url":"https:\/\/animefigurer.se\/","logo":{"@type":"ImageObject","inLanguage":"en-GB","@id":"https:\/\/animefigurer.se\/#\/schema\/logo\/image\/","url":"https:\/\/animefigurer.se\/wp-content\/uploads\/2025\/12\/Animefigurer_logowhite.png","contentUrl":"https:\/\/animefigurer.se\/wp-content\/uploads\/2025\/12\/Animefigurer_logowhite.png","width":1890,"height":1417,"caption":"Animefigurer.se"},"image":{"@id":"https:\/\/animefigurer.se\/#\/schema\/logo\/image\/"},"sameAs":["https:\/\/www.facebook.com\/profile.php?id=61581826539670","https:\/\/www.instagram.com\/animefigurer.se\/"],"email":"info@animefigurer.se"}]}},"_links":{"self":[{"href":"https:\/\/animefigurer.se\/en\/wp-json\/wp\/v2\/product\/41804","targetHints":{"allow":["GET"]}}],"collection":[{"href":"https:\/\/animefigurer.se\/en\/wp-json\/wp\/v2\/product"}],"about":[{"href":"https:\/\/animefigurer.se\/en\/wp-json\/wp\/v2\/types\/product"}],"replies":[{"embeddable":true,"href":"https:\/\/animefigurer.se\/en\/wp-json\/wp\/v2\/comments?post=41804"}],"wp:featuredmedia":[{"embeddable":true,"href":"https:\/\/animefigurer.se\/en\/wp-json\/wp\/v2\/media\/41805"}],"wp:attachment":[{"href":"https:\/\/animefigurer.se\/en\/wp-json\/wp\/v2\/media?parent=41804"}],"wp:term":[{"taxonomy":"product_brand","embeddable":true,"href":"https:\/\/animefigurer.se\/en\/wp-json\/wp\/v2\/product_brand?post=41804"},{"taxonomy":"product_cat","embeddable":true,"href":"https:\/\/animefigurer.se\/en\/wp-json\/wp\/v2\/product_cat?post=41804"},{"taxonomy":"product_tag","embeddable":true,"href":"https:\/\/animefigurer.se\/en\/wp-json\/wp\/v2\/product_tag?post=41804"},{"taxonomy":"giftcard-category","embeddable":true,"href":"https:\/\/animefigurer.se\/en\/wp-json\/wp\/v2\/giftcard-category?post=41804"}],"curies":[{"name":"wp","href":"https:\/\/api.w.org\/{rel}","templated":true}]}}