{"id":40940,"date":"2025-10-20T23:41:20","date_gmt":"2025-10-20T21:41:20","guid":{"rendered":"https:\/\/animefigurer.se\/produkt\/little-nightmares-monitor-top-figure-vol-1-low\/"},"modified":"2025-12-21T19:31:21","modified_gmt":"2025-12-21T18:31:21","slug":"little-nightmares-monitor-top-figure-vol-1-low","status":"publish","type":"product","link":"https:\/\/animefigurer.se\/en\/figurer\/little-nightmares\/little-nightmares-monitor-top-figure-vol-1-low\/","title":{"rendered":"Little Nightmares Monitor Top Figure Vol.1 Low"},"content":{"rendered":"<p>From Banpresto&#039;s Monitor Top Figure line comes a chillingly delicate interpretation of Low from Little Nightmares. Sitting atop a stack of worn books, Low&#039;s fragile form and unsettling stillness capture the eerie silence and creeping terror of the game. With meticulous, subtle detailing, this figure is a must-have for those drawn to the strange and shadowy depths of Little Nightmares.<\/p>","protected":false},"excerpt":{"rendered":"<p>From Banpresto&#039;s Monitor Top Figure line comes a chillingly delicate interpretation of Low from Little Nightmares. Sitting atop a stack of worn books, Low&#039;s fragile form and unsettling stillness capture the eerie silence and creeping terror of the game. With meticulous, subtle detailing, this figure is a must-have for<\/p>","protected":false},"featured_media":40941,"comment_status":"closed","ping_status":"open","template":"","meta":{"_acf_changed":false,"_monsterinsights_skip_tracking":false,"_monsterinsights_sitenote_active":false,"_monsterinsights_sitenote_note":"","_monsterinsights_sitenote_category":0},"product_brand":[6928],"product_cat":[3436,7233],"product_tag":[26],"giftcard-category":[],"class_list":{"0":"post-40940","1":"product","2":"type-product","3":"status-publish","4":"has-post-thumbnail","6":"product_brand-banpresto","7":"product_cat-little-nightmares","8":"product_cat-pre-order","9":"product_tag-pre-order","10":"pa_franchise-little-nightmares","11":"pa_karaktar-low","12":"pa_material-pvc-abs","13":"pa_storlek-12-cm","15":"first","16":"instock","17":"taxable","18":"shipping-taxable","19":"purchasable","20":"product-type-simple"},"acf":[],"yoast_head":"<!-- This site is optimized with the Yoast SEO Premium plugin v24.6 (Yoast SEO v27.3) - https:\/\/yoast.com\/product\/yoast-seo-premium-wordpress\/ -->\n<title>Little Nightmares Monitor Top Figure Vol.1 Low | Animefigurer.se<\/title>\n<meta name=\"robots\" content=\"index, follow, max-snippet:-1, max-image-preview:large, max-video-preview:-1\" \/>\n<link rel=\"canonical\" href=\"https:\/\/animefigurer.se\/en\/figurer\/little-nightmares\/little-nightmares-monitor-top-figure-vol-1-low\/\" \/>\n<meta property=\"og:locale\" content=\"en_GB\" \/>\n<meta property=\"og:type\" content=\"article\" \/>\n<meta property=\"og:title\" content=\"Little Nightmares Monitor Top Figure Vol.1 Low\" \/>\n<meta property=\"og:description\" content=\"Fr\u00e5n Banpresto Monitor Top Figure-linje kommer en kyligt delikat tolkning av Low fr\u00e5n Little Nightmares. Lows br\u00e4ckliga gestalt och orov\u00e4ckande stillhet sitter p\u00e5 en trave slitna b\u00f6cker och f\u00e5ngar spelets kusliga tystnad och krypande skr\u00e4ck. Med noggranna, subtila detaljer \u00e4r denna figur ett m\u00e5ste f\" \/>\n<meta property=\"og:url\" content=\"https:\/\/animefigurer.se\/en\/figurer\/little-nightmares\/little-nightmares-monitor-top-figure-vol-1-low\/\" \/>\n<meta property=\"og:site_name\" content=\"Animefigurer.se\" \/>\n<meta property=\"article:publisher\" content=\"https:\/\/www.facebook.com\/profile.php?id=61581826539670\" \/>\n<meta property=\"article:modified_time\" content=\"2025-12-21T18:31:21+00:00\" \/>\n<meta property=\"og:image\" content=\"https:\/\/animefigurer.se\/wp-content\/uploads\/2025\/12\/Animefigurer_logowhite.png\" \/>\n\t<meta property=\"og:image:width\" content=\"1890\" \/>\n\t<meta property=\"og:image:height\" content=\"1417\" \/>\n\t<meta property=\"og:image:type\" content=\"image\/png\" \/>\n<meta name=\"twitter:card\" content=\"summary_large_image\" \/>\n<script type=\"application\/ld+json\" class=\"yoast-schema-graph\">{\"@context\":\"https:\\\/\\\/schema.org\",\"@graph\":[{\"@type\":\"WebPage\",\"@id\":\"https:\\\/\\\/animefigurer.se\\\/figurer\\\/little-nightmares\\\/little-nightmares-monitor-top-figure-vol-1-low\\\/\",\"url\":\"https:\\\/\\\/animefigurer.se\\\/figurer\\\/little-nightmares\\\/little-nightmares-monitor-top-figure-vol-1-low\\\/\",\"name\":\"Little Nightmares Monitor Top Figure Vol.1 Low | Animefigurer.se\",\"isPartOf\":{\"@id\":\"https:\\\/\\\/animefigurer.se\\\/#website\"},\"primaryImageOfPage\":{\"@id\":\"https:\\\/\\\/animefigurer.se\\\/figurer\\\/little-nightmares\\\/little-nightmares-monitor-top-figure-vol-1-low\\\/#primaryimage\"},\"image\":{\"@id\":\"https:\\\/\\\/animefigurer.se\\\/figurer\\\/little-nightmares\\\/little-nightmares-monitor-top-figure-vol-1-low\\\/#primaryimage\"},\"thumbnailUrl\":\"https:\\\/\\\/animefigurer.se\\\/wp-content\\\/uploads\\\/2025\\\/10\\\/6887688175cfa.jpeg\",\"datePublished\":\"2025-10-20T21:41:20+00:00\",\"dateModified\":\"2025-12-21T18:31:21+00:00\",\"breadcrumb\":{\"@id\":\"https:\\\/\\\/animefigurer.se\\\/figurer\\\/little-nightmares\\\/little-nightmares-monitor-top-figure-vol-1-low\\\/#breadcrumb\"},\"inLanguage\":\"en-GB\",\"potentialAction\":[{\"@type\":\"ReadAction\",\"target\":[\"https:\\\/\\\/animefigurer.se\\\/figurer\\\/little-nightmares\\\/little-nightmares-monitor-top-figure-vol-1-low\\\/\"]}]},{\"@type\":\"ImageObject\",\"inLanguage\":\"en-GB\",\"@id\":\"https:\\\/\\\/animefigurer.se\\\/figurer\\\/little-nightmares\\\/little-nightmares-monitor-top-figure-vol-1-low\\\/#primaryimage\",\"url\":\"https:\\\/\\\/animefigurer.se\\\/wp-content\\\/uploads\\\/2025\\\/10\\\/6887688175cfa.jpeg\",\"contentUrl\":\"https:\\\/\\\/animefigurer.se\\\/wp-content\\\/uploads\\\/2025\\\/10\\\/6887688175cfa.jpeg\",\"width\":720,\"height\":540},{\"@type\":\"BreadcrumbList\",\"@id\":\"https:\\\/\\\/animefigurer.se\\\/figurer\\\/little-nightmares\\\/little-nightmares-monitor-top-figure-vol-1-low\\\/#breadcrumb\",\"itemListElement\":[{\"@type\":\"ListItem\",\"position\":1,\"name\":\"Home\",\"item\":\"https:\\\/\\\/animefigurer.se\\\/\"},{\"@type\":\"ListItem\",\"position\":2,\"name\":\"Butik\",\"item\":\"https:\\\/\\\/animefigurer.se\\\/figurer\\\/\"},{\"@type\":\"ListItem\",\"position\":3,\"name\":\"Little Nightmares Monitor Top Figure Vol.1 Low\"}]},{\"@type\":\"WebSite\",\"@id\":\"https:\\\/\\\/animefigurer.se\\\/#website\",\"url\":\"https:\\\/\\\/animefigurer.se\\\/\",\"name\":\"Animefigurer.se\",\"description\":\"Anime figurer fr\u00e5n \u00f6ver 300 olika anime serier med \u00f6ver 9000 produkter | Anime Shop\",\"publisher\":{\"@id\":\"https:\\\/\\\/animefigurer.se\\\/#organization\"},\"potentialAction\":[{\"@type\":\"SearchAction\",\"target\":{\"@type\":\"EntryPoint\",\"urlTemplate\":\"https:\\\/\\\/animefigurer.se\\\/?s={search_term_string}\"},\"query-input\":{\"@type\":\"PropertyValueSpecification\",\"valueRequired\":true,\"valueName\":\"search_term_string\"}}],\"inLanguage\":\"en-GB\"},{\"@type\":\"Organization\",\"@id\":\"https:\\\/\\\/animefigurer.se\\\/#organization\",\"name\":\"Animefigurer.se\",\"alternateName\":\"Anime figurer | Anime shop\",\"url\":\"https:\\\/\\\/animefigurer.se\\\/\",\"logo\":{\"@type\":\"ImageObject\",\"inLanguage\":\"en-GB\",\"@id\":\"https:\\\/\\\/animefigurer.se\\\/#\\\/schema\\\/logo\\\/image\\\/\",\"url\":\"https:\\\/\\\/animefigurer.se\\\/wp-content\\\/uploads\\\/2025\\\/12\\\/Animefigurer_logowhite.png\",\"contentUrl\":\"https:\\\/\\\/animefigurer.se\\\/wp-content\\\/uploads\\\/2025\\\/12\\\/Animefigurer_logowhite.png\",\"width\":1890,\"height\":1417,\"caption\":\"Animefigurer.se\"},\"image\":{\"@id\":\"https:\\\/\\\/animefigurer.se\\\/#\\\/schema\\\/logo\\\/image\\\/\"},\"sameAs\":[\"https:\\\/\\\/www.facebook.com\\\/profile.php?id=61581826539670\",\"https:\\\/\\\/www.instagram.com\\\/animefigurer.se\\\/\"],\"email\":\"info@animefigurer.se\"}]}<\/script>\n<!-- \/ Yoast SEO Premium plugin. -->","yoast_head_json":{"title":"Little Nightmares Monitor Top Figure Vol.1 Low | Animefigurer.se","robots":{"index":"index","follow":"follow","max-snippet":"max-snippet:-1","max-image-preview":"max-image-preview:large","max-video-preview":"max-video-preview:-1"},"canonical":"https:\/\/animefigurer.se\/en\/figurer\/little-nightmares\/little-nightmares-monitor-top-figure-vol-1-low\/","og_locale":"en_GB","og_type":"article","og_title":"Little Nightmares Monitor Top Figure Vol.1 Low","og_description":"Fr\u00e5n Banpresto Monitor Top Figure-linje kommer en kyligt delikat tolkning av Low fr\u00e5n Little Nightmares. Lows br\u00e4ckliga gestalt och orov\u00e4ckande stillhet sitter p\u00e5 en trave slitna b\u00f6cker och f\u00e5ngar spelets kusliga tystnad och krypande skr\u00e4ck. Med noggranna, subtila detaljer \u00e4r denna figur ett m\u00e5ste f","og_url":"https:\/\/animefigurer.se\/en\/figurer\/little-nightmares\/little-nightmares-monitor-top-figure-vol-1-low\/","og_site_name":"Animefigurer.se","article_publisher":"https:\/\/www.facebook.com\/profile.php?id=61581826539670","article_modified_time":"2025-12-21T18:31:21+00:00","og_image":[{"width":1890,"height":1417,"url":"https:\/\/animefigurer.se\/wp-content\/uploads\/2025\/12\/Animefigurer_logowhite.png","type":"image\/png"}],"twitter_card":"summary_large_image","schema":{"@context":"https:\/\/schema.org","@graph":[{"@type":"WebPage","@id":"https:\/\/animefigurer.se\/figurer\/little-nightmares\/little-nightmares-monitor-top-figure-vol-1-low\/","url":"https:\/\/animefigurer.se\/figurer\/little-nightmares\/little-nightmares-monitor-top-figure-vol-1-low\/","name":"Little Nightmares Monitor Top Figure Vol.1 Low | Animefigurer.se","isPartOf":{"@id":"https:\/\/animefigurer.se\/#website"},"primaryImageOfPage":{"@id":"https:\/\/animefigurer.se\/figurer\/little-nightmares\/little-nightmares-monitor-top-figure-vol-1-low\/#primaryimage"},"image":{"@id":"https:\/\/animefigurer.se\/figurer\/little-nightmares\/little-nightmares-monitor-top-figure-vol-1-low\/#primaryimage"},"thumbnailUrl":"https:\/\/animefigurer.se\/wp-content\/uploads\/2025\/10\/6887688175cfa.jpeg","datePublished":"2025-10-20T21:41:20+00:00","dateModified":"2025-12-21T18:31:21+00:00","breadcrumb":{"@id":"https:\/\/animefigurer.se\/figurer\/little-nightmares\/little-nightmares-monitor-top-figure-vol-1-low\/#breadcrumb"},"inLanguage":"en-GB","potentialAction":[{"@type":"ReadAction","target":["https:\/\/animefigurer.se\/figurer\/little-nightmares\/little-nightmares-monitor-top-figure-vol-1-low\/"]}]},{"@type":"ImageObject","inLanguage":"en-GB","@id":"https:\/\/animefigurer.se\/figurer\/little-nightmares\/little-nightmares-monitor-top-figure-vol-1-low\/#primaryimage","url":"https:\/\/animefigurer.se\/wp-content\/uploads\/2025\/10\/6887688175cfa.jpeg","contentUrl":"https:\/\/animefigurer.se\/wp-content\/uploads\/2025\/10\/6887688175cfa.jpeg","width":720,"height":540},{"@type":"BreadcrumbList","@id":"https:\/\/animefigurer.se\/figurer\/little-nightmares\/little-nightmares-monitor-top-figure-vol-1-low\/#breadcrumb","itemListElement":[{"@type":"ListItem","position":1,"name":"Home","item":"https:\/\/animefigurer.se\/"},{"@type":"ListItem","position":2,"name":"Butik","item":"https:\/\/animefigurer.se\/figurer\/"},{"@type":"ListItem","position":3,"name":"Little Nightmares Monitor Top Figure Vol.1 Low"}]},{"@type":"WebSite","@id":"https:\/\/animefigurer.se\/#website","url":"https:\/\/animefigurer.se\/","name":"Animefigurer.se","description":"Anime figures from over 300 different anime series with over 9000 products | Anime Shop","publisher":{"@id":"https:\/\/animefigurer.se\/#organization"},"potentialAction":[{"@type":"SearchAction","target":{"@type":"EntryPoint","urlTemplate":"https:\/\/animefigurer.se\/?s={search_term_string}"},"query-input":{"@type":"PropertyValueSpecification","valueRequired":true,"valueName":"search_term_string"}}],"inLanguage":"en-GB"},{"@type":"Organization","@id":"https:\/\/animefigurer.se\/#organization","name":"Animefigurer.se","alternateName":"Anime figurer | Anime shop","url":"https:\/\/animefigurer.se\/","logo":{"@type":"ImageObject","inLanguage":"en-GB","@id":"https:\/\/animefigurer.se\/#\/schema\/logo\/image\/","url":"https:\/\/animefigurer.se\/wp-content\/uploads\/2025\/12\/Animefigurer_logowhite.png","contentUrl":"https:\/\/animefigurer.se\/wp-content\/uploads\/2025\/12\/Animefigurer_logowhite.png","width":1890,"height":1417,"caption":"Animefigurer.se"},"image":{"@id":"https:\/\/animefigurer.se\/#\/schema\/logo\/image\/"},"sameAs":["https:\/\/www.facebook.com\/profile.php?id=61581826539670","https:\/\/www.instagram.com\/animefigurer.se\/"],"email":"info@animefigurer.se"}]}},"_links":{"self":[{"href":"https:\/\/animefigurer.se\/en\/wp-json\/wp\/v2\/product\/40940","targetHints":{"allow":["GET"]}}],"collection":[{"href":"https:\/\/animefigurer.se\/en\/wp-json\/wp\/v2\/product"}],"about":[{"href":"https:\/\/animefigurer.se\/en\/wp-json\/wp\/v2\/types\/product"}],"replies":[{"embeddable":true,"href":"https:\/\/animefigurer.se\/en\/wp-json\/wp\/v2\/comments?post=40940"}],"wp:featuredmedia":[{"embeddable":true,"href":"https:\/\/animefigurer.se\/en\/wp-json\/wp\/v2\/media\/40941"}],"wp:attachment":[{"href":"https:\/\/animefigurer.se\/en\/wp-json\/wp\/v2\/media?parent=40940"}],"wp:term":[{"taxonomy":"product_brand","embeddable":true,"href":"https:\/\/animefigurer.se\/en\/wp-json\/wp\/v2\/product_brand?post=40940"},{"taxonomy":"product_cat","embeddable":true,"href":"https:\/\/animefigurer.se\/en\/wp-json\/wp\/v2\/product_cat?post=40940"},{"taxonomy":"product_tag","embeddable":true,"href":"https:\/\/animefigurer.se\/en\/wp-json\/wp\/v2\/product_tag?post=40940"},{"taxonomy":"giftcard-category","embeddable":true,"href":"https:\/\/animefigurer.se\/en\/wp-json\/wp\/v2\/giftcard-category?post=40940"}],"curies":[{"name":"wp","href":"https:\/\/api.w.org\/{rel}","templated":true}]}}