{"id":40660,"date":"2025-10-20T23:39:42","date_gmt":"2025-10-20T21:39:42","guid":{"rendered":"https:\/\/animefigurer.se\/produkt\/legends-of-avantris-chuckles-vinyl-figure\/"},"modified":"2026-04-21T09:24:26","modified_gmt":"2026-04-21T07:24:26","slug":"legends-of-avantris-chuckles-vinyl-figure","status":"publish","type":"product","link":"https:\/\/animefigurer.se\/en\/figurer\/legends-of-avantris\/legends-of-avantris-chuckles-vinyl-figure\/","title":{"rendered":"Legends of Avantris Chuckles Vinyl Figure"},"content":{"rendered":"<p>After serving his sentence, Chuckles becomes a Youtooz collectible! This crazy clown stands approximately 4.6 inches tall, stands in a wide stance, and wears large clown shoes with red lace, yellow pants, a green coat, and a buttoned shirt with a red bow tie. He points a small ray gun with his right hand and smiles menacingly, with orange hair exploding from the sides and a green plum top on top. The packaging creates a circular manege feel with red curtains on the outside and a red and yellow striped interior. The figure was designed in collaboration with community member @therealracckun and comes in a matte, embossed protective sleeve and a custom plastic protector for safe shipping.<\/p>","protected":false},"excerpt":{"rendered":"<p>After serving his sentence, Chuckles becomes a Youtooz collectible! This crazy clown stands approximately 4.6 inches tall, stands in a wide stance, and wears large clown shoes with red laces, yellow pants, a green coat, and a buttoned-up shirt with a red bow tie. He points a small ray gun with his right hand and smiles w<\/p>","protected":false},"featured_media":40661,"comment_status":"closed","ping_status":"closed","template":"","meta":{"_acf_changed":false,"_monsterinsights_skip_tracking":false,"_monsterinsights_sitenote_active":false,"_monsterinsights_sitenote_note":"","_monsterinsights_sitenote_category":0},"product_brand":[7189],"product_cat":[3403],"product_tag":[24],"giftcard-category":[],"class_list":{"0":"post-40660","1":"product","2":"type-product","3":"status-publish","4":"has-post-thumbnail","6":"product_brand-youtooz","7":"product_cat-legends-of-avantris","8":"product_tag-2-3-weeks","9":"pa_franchise-legends-of-avantris","10":"pa_karaktar-chuckles","11":"pa_material-vinyl","12":"pa_storlek-12-cm","14":"first","15":"instock","16":"taxable","17":"shipping-taxable","18":"purchasable","19":"product-type-simple"},"acf":[],"yoast_head":"<!-- This site is optimized with the Yoast SEO Premium plugin v24.6 (Yoast SEO v27.4) - https:\/\/yoast.com\/product\/yoast-seo-premium-wordpress\/ -->\n<title>Legends of Avantris Chuckles Vinyl Figure | Animefigurer.se<\/title>\n<meta name=\"robots\" content=\"index, follow, max-snippet:-1, max-image-preview:large, max-video-preview:-1\" \/>\n<link rel=\"canonical\" href=\"https:\/\/animefigurer.se\/en\/figurer\/legends-of-avantris\/legends-of-avantris-chuckles-vinyl-figure\/\" \/>\n<meta property=\"og:locale\" content=\"en_GB\" \/>\n<meta property=\"og:type\" content=\"article\" \/>\n<meta property=\"og:title\" content=\"Legends of Avantris Chuckles Vinyl Figure\" \/>\n<meta property=\"og:description\" content=\"Efter att ha avtj\u00e4nat sitt straff blir Chuckles ett samlarobjekt fr\u00e5n Youtooz! Den h\u00e4r galna clownen \u00e4r cirka 4,6 tum l\u00e5ng, st\u00e5r i bred st\u00e4llning och b\u00e4r stora clownskor med r\u00f6d spets, gula byxor, gr\u00f6n rock och en kn\u00e4ppt skjorta med r\u00f6d fluga. Han riktar en liten str\u00e5lpistol med h\u00f6ger hand och ler h\" \/>\n<meta property=\"og:url\" content=\"https:\/\/animefigurer.se\/en\/figurer\/legends-of-avantris\/legends-of-avantris-chuckles-vinyl-figure\/\" \/>\n<meta property=\"og:site_name\" content=\"Animefigurer.se\" \/>\n<meta property=\"article:publisher\" content=\"https:\/\/www.facebook.com\/profile.php?id=61581826539670\" \/>\n<meta property=\"article:modified_time\" content=\"2026-04-21T07:24:26+00:00\" \/>\n<meta property=\"og:image\" content=\"https:\/\/animefigurer.se\/wp-content\/uploads\/2025\/12\/Animefigurer_logowhite.png\" \/>\n\t<meta property=\"og:image:width\" content=\"1890\" \/>\n\t<meta property=\"og:image:height\" content=\"1417\" \/>\n\t<meta property=\"og:image:type\" content=\"image\/png\" \/>\n<meta name=\"twitter:card\" content=\"summary_large_image\" \/>\n<meta name=\"twitter:label1\" content=\"Estimated reading time\" \/>\n\t<meta name=\"twitter:data1\" content=\"1 minute\" \/>\n<script type=\"application\/ld+json\" class=\"yoast-schema-graph\">{\"@context\":\"https:\\\/\\\/schema.org\",\"@graph\":[{\"@type\":\"WebPage\",\"@id\":\"https:\\\/\\\/animefigurer.se\\\/figurer\\\/legends-of-avantris\\\/legends-of-avantris-chuckles-vinyl-figure\\\/\",\"url\":\"https:\\\/\\\/animefigurer.se\\\/figurer\\\/legends-of-avantris\\\/legends-of-avantris-chuckles-vinyl-figure\\\/\",\"name\":\"Legends of Avantris Chuckles Vinyl Figure | Animefigurer.se\",\"isPartOf\":{\"@id\":\"https:\\\/\\\/animefigurer.se\\\/#website\"},\"primaryImageOfPage\":{\"@id\":\"https:\\\/\\\/animefigurer.se\\\/figurer\\\/legends-of-avantris\\\/legends-of-avantris-chuckles-vinyl-figure\\\/#primaryimage\"},\"image\":{\"@id\":\"https:\\\/\\\/animefigurer.se\\\/figurer\\\/legends-of-avantris\\\/legends-of-avantris-chuckles-vinyl-figure\\\/#primaryimage\"},\"thumbnailUrl\":\"https:\\\/\\\/animefigurer.se\\\/wp-content\\\/uploads\\\/2025\\\/10\\\/681b80ee92544.jpeg\",\"datePublished\":\"2025-10-20T21:39:42+00:00\",\"dateModified\":\"2026-04-21T07:24:26+00:00\",\"breadcrumb\":{\"@id\":\"https:\\\/\\\/animefigurer.se\\\/figurer\\\/legends-of-avantris\\\/legends-of-avantris-chuckles-vinyl-figure\\\/#breadcrumb\"},\"inLanguage\":\"en-GB\",\"potentialAction\":[{\"@type\":\"ReadAction\",\"target\":[\"https:\\\/\\\/animefigurer.se\\\/figurer\\\/legends-of-avantris\\\/legends-of-avantris-chuckles-vinyl-figure\\\/\"]}]},{\"@type\":\"ImageObject\",\"inLanguage\":\"en-GB\",\"@id\":\"https:\\\/\\\/animefigurer.se\\\/figurer\\\/legends-of-avantris\\\/legends-of-avantris-chuckles-vinyl-figure\\\/#primaryimage\",\"url\":\"https:\\\/\\\/animefigurer.se\\\/wp-content\\\/uploads\\\/2025\\\/10\\\/681b80ee92544.jpeg\",\"contentUrl\":\"https:\\\/\\\/animefigurer.se\\\/wp-content\\\/uploads\\\/2025\\\/10\\\/681b80ee92544.jpeg\",\"width\":720,\"height\":540},{\"@type\":\"BreadcrumbList\",\"@id\":\"https:\\\/\\\/animefigurer.se\\\/figurer\\\/legends-of-avantris\\\/legends-of-avantris-chuckles-vinyl-figure\\\/#breadcrumb\",\"itemListElement\":[{\"@type\":\"ListItem\",\"position\":1,\"name\":\"Home\",\"item\":\"https:\\\/\\\/animefigurer.se\\\/\"},{\"@type\":\"ListItem\",\"position\":2,\"name\":\"Butik\",\"item\":\"https:\\\/\\\/animefigurer.se\\\/figurer\\\/\"},{\"@type\":\"ListItem\",\"position\":3,\"name\":\"Legends of Avantris Chuckles Vinyl Figure\"}]},{\"@type\":\"WebSite\",\"@id\":\"https:\\\/\\\/animefigurer.se\\\/#website\",\"url\":\"https:\\\/\\\/animefigurer.se\\\/\",\"name\":\"Animefigurer.se\",\"description\":\"Anime figurer fr\u00e5n \u00f6ver 300 olika anime serier med \u00f6ver 9000 produkter | Anime Shop\",\"publisher\":{\"@id\":\"https:\\\/\\\/animefigurer.se\\\/#organization\"},\"potentialAction\":[{\"@type\":\"SearchAction\",\"target\":{\"@type\":\"EntryPoint\",\"urlTemplate\":\"https:\\\/\\\/animefigurer.se\\\/?s={search_term_string}\"},\"query-input\":{\"@type\":\"PropertyValueSpecification\",\"valueRequired\":true,\"valueName\":\"search_term_string\"}}],\"inLanguage\":\"en-GB\"},{\"@type\":\"Organization\",\"@id\":\"https:\\\/\\\/animefigurer.se\\\/#organization\",\"name\":\"Animefigurer.se\",\"alternateName\":\"Anime figurer | Anime shop\",\"url\":\"https:\\\/\\\/animefigurer.se\\\/\",\"logo\":{\"@type\":\"ImageObject\",\"inLanguage\":\"en-GB\",\"@id\":\"https:\\\/\\\/animefigurer.se\\\/#\\\/schema\\\/logo\\\/image\\\/\",\"url\":\"https:\\\/\\\/animefigurer.se\\\/wp-content\\\/uploads\\\/2025\\\/12\\\/Animefigurer_logowhite.png\",\"contentUrl\":\"https:\\\/\\\/animefigurer.se\\\/wp-content\\\/uploads\\\/2025\\\/12\\\/Animefigurer_logowhite.png\",\"width\":1890,\"height\":1417,\"caption\":\"Animefigurer.se\"},\"image\":{\"@id\":\"https:\\\/\\\/animefigurer.se\\\/#\\\/schema\\\/logo\\\/image\\\/\"},\"sameAs\":[\"https:\\\/\\\/www.facebook.com\\\/profile.php?id=61581826539670\",\"https:\\\/\\\/www.instagram.com\\\/animefigurer.se\\\/\"],\"email\":\"info@animefigurer.se\"}]}<\/script>\n<!-- \/ Yoast SEO Premium plugin. -->","yoast_head_json":{"title":"Legends of Avantris Chuckles Vinyl Figure | Animefigurer.se","robots":{"index":"index","follow":"follow","max-snippet":"max-snippet:-1","max-image-preview":"max-image-preview:large","max-video-preview":"max-video-preview:-1"},"canonical":"https:\/\/animefigurer.se\/en\/figurer\/legends-of-avantris\/legends-of-avantris-chuckles-vinyl-figure\/","og_locale":"en_GB","og_type":"article","og_title":"Legends of Avantris Chuckles Vinyl Figure","og_description":"Efter att ha avtj\u00e4nat sitt straff blir Chuckles ett samlarobjekt fr\u00e5n Youtooz! Den h\u00e4r galna clownen \u00e4r cirka 4,6 tum l\u00e5ng, st\u00e5r i bred st\u00e4llning och b\u00e4r stora clownskor med r\u00f6d spets, gula byxor, gr\u00f6n rock och en kn\u00e4ppt skjorta med r\u00f6d fluga. Han riktar en liten str\u00e5lpistol med h\u00f6ger hand och ler h","og_url":"https:\/\/animefigurer.se\/en\/figurer\/legends-of-avantris\/legends-of-avantris-chuckles-vinyl-figure\/","og_site_name":"Animefigurer.se","article_publisher":"https:\/\/www.facebook.com\/profile.php?id=61581826539670","article_modified_time":"2026-04-21T07:24:26+00:00","og_image":[{"width":1890,"height":1417,"url":"https:\/\/animefigurer.se\/wp-content\/uploads\/2025\/12\/Animefigurer_logowhite.png","type":"image\/png"}],"twitter_card":"summary_large_image","twitter_misc":{"Estimated reading time":"1 minute"},"schema":{"@context":"https:\/\/schema.org","@graph":[{"@type":"WebPage","@id":"https:\/\/animefigurer.se\/figurer\/legends-of-avantris\/legends-of-avantris-chuckles-vinyl-figure\/","url":"https:\/\/animefigurer.se\/figurer\/legends-of-avantris\/legends-of-avantris-chuckles-vinyl-figure\/","name":"Legends of Avantris Chuckles Vinyl Figure | Animefigurer.se","isPartOf":{"@id":"https:\/\/animefigurer.se\/#website"},"primaryImageOfPage":{"@id":"https:\/\/animefigurer.se\/figurer\/legends-of-avantris\/legends-of-avantris-chuckles-vinyl-figure\/#primaryimage"},"image":{"@id":"https:\/\/animefigurer.se\/figurer\/legends-of-avantris\/legends-of-avantris-chuckles-vinyl-figure\/#primaryimage"},"thumbnailUrl":"https:\/\/animefigurer.se\/wp-content\/uploads\/2025\/10\/681b80ee92544.jpeg","datePublished":"2025-10-20T21:39:42+00:00","dateModified":"2026-04-21T07:24:26+00:00","breadcrumb":{"@id":"https:\/\/animefigurer.se\/figurer\/legends-of-avantris\/legends-of-avantris-chuckles-vinyl-figure\/#breadcrumb"},"inLanguage":"en-GB","potentialAction":[{"@type":"ReadAction","target":["https:\/\/animefigurer.se\/figurer\/legends-of-avantris\/legends-of-avantris-chuckles-vinyl-figure\/"]}]},{"@type":"ImageObject","inLanguage":"en-GB","@id":"https:\/\/animefigurer.se\/figurer\/legends-of-avantris\/legends-of-avantris-chuckles-vinyl-figure\/#primaryimage","url":"https:\/\/animefigurer.se\/wp-content\/uploads\/2025\/10\/681b80ee92544.jpeg","contentUrl":"https:\/\/animefigurer.se\/wp-content\/uploads\/2025\/10\/681b80ee92544.jpeg","width":720,"height":540},{"@type":"BreadcrumbList","@id":"https:\/\/animefigurer.se\/figurer\/legends-of-avantris\/legends-of-avantris-chuckles-vinyl-figure\/#breadcrumb","itemListElement":[{"@type":"ListItem","position":1,"name":"Home","item":"https:\/\/animefigurer.se\/"},{"@type":"ListItem","position":2,"name":"Butik","item":"https:\/\/animefigurer.se\/figurer\/"},{"@type":"ListItem","position":3,"name":"Legends of Avantris Chuckles Vinyl Figure"}]},{"@type":"WebSite","@id":"https:\/\/animefigurer.se\/#website","url":"https:\/\/animefigurer.se\/","name":"Animefigurer.se","description":"Anime figures from over 300 different anime series with over 9000 products | Anime Shop","publisher":{"@id":"https:\/\/animefigurer.se\/#organization"},"potentialAction":[{"@type":"SearchAction","target":{"@type":"EntryPoint","urlTemplate":"https:\/\/animefigurer.se\/?s={search_term_string}"},"query-input":{"@type":"PropertyValueSpecification","valueRequired":true,"valueName":"search_term_string"}}],"inLanguage":"en-GB"},{"@type":"Organization","@id":"https:\/\/animefigurer.se\/#organization","name":"Animefigurer.se","alternateName":"Anime figurer | Anime shop","url":"https:\/\/animefigurer.se\/","logo":{"@type":"ImageObject","inLanguage":"en-GB","@id":"https:\/\/animefigurer.se\/#\/schema\/logo\/image\/","url":"https:\/\/animefigurer.se\/wp-content\/uploads\/2025\/12\/Animefigurer_logowhite.png","contentUrl":"https:\/\/animefigurer.se\/wp-content\/uploads\/2025\/12\/Animefigurer_logowhite.png","width":1890,"height":1417,"caption":"Animefigurer.se"},"image":{"@id":"https:\/\/animefigurer.se\/#\/schema\/logo\/image\/"},"sameAs":["https:\/\/www.facebook.com\/profile.php?id=61581826539670","https:\/\/www.instagram.com\/animefigurer.se\/"],"email":"info@animefigurer.se"}]}},"_links":{"self":[{"href":"https:\/\/animefigurer.se\/en\/wp-json\/wp\/v2\/product\/40660","targetHints":{"allow":["GET"]}}],"collection":[{"href":"https:\/\/animefigurer.se\/en\/wp-json\/wp\/v2\/product"}],"about":[{"href":"https:\/\/animefigurer.se\/en\/wp-json\/wp\/v2\/types\/product"}],"replies":[{"embeddable":true,"href":"https:\/\/animefigurer.se\/en\/wp-json\/wp\/v2\/comments?post=40660"}],"wp:featuredmedia":[{"embeddable":true,"href":"https:\/\/animefigurer.se\/en\/wp-json\/wp\/v2\/media\/40661"}],"wp:attachment":[{"href":"https:\/\/animefigurer.se\/en\/wp-json\/wp\/v2\/media?parent=40660"}],"wp:term":[{"taxonomy":"product_brand","embeddable":true,"href":"https:\/\/animefigurer.se\/en\/wp-json\/wp\/v2\/product_brand?post=40660"},{"taxonomy":"product_cat","embeddable":true,"href":"https:\/\/animefigurer.se\/en\/wp-json\/wp\/v2\/product_cat?post=40660"},{"taxonomy":"product_tag","embeddable":true,"href":"https:\/\/animefigurer.se\/en\/wp-json\/wp\/v2\/product_tag?post=40660"},{"taxonomy":"giftcard-category","embeddable":true,"href":"https:\/\/animefigurer.se\/en\/wp-json\/wp\/v2\/giftcard-category?post=40660"}],"curies":[{"name":"wp","href":"https:\/\/api.w.org\/{rel}","templated":true}]}}