{"id":40655,"date":"2025-10-20T23:38:23","date_gmt":"2025-10-20T21:38:23","guid":{"rendered":"https:\/\/animefigurer.se\/produkt\/legends-of-avantris-plush-figure-hootsie-shoulder-rider\/"},"modified":"2026-04-21T09:24:40","modified_gmt":"2026-04-21T07:24:40","slug":"legends-of-avantris-plush-figure-hootsie-shoulder-rider","status":"publish","type":"product","link":"https:\/\/animefigurer.se\/en\/figurer\/legends-of-avantris\/legends-of-avantris-plush-figure-hootsie-shoulder-rider\/","title":{"rendered":"Legends of Avantris Plush Figure Hootsie Shoulder Rider"},"content":{"rendered":"<p>The Mimic presents its own Youtooz plush in the form of a Hootsie Shoulder Rider. The plush figure stands 9 inches tall and has orange-yellow eyes that peek out from under half-closed eyelids and thick eyebrows. A torn rag hangs over the side of the blocky head while red threads fall from a clenched mouth. Thin arms hang at the sides and are attached to the gray torso with joint-like shoulder attachments; a broad chest that tapers to the waist and feet that point forward.<\/p>\n<p>Filled with 100% PP cotton and made of soft minky material with felt details \u2014 perfect for cuddling or displaying as an ornament.<\/p>","protected":false},"excerpt":{"rendered":"<p>The Mimic presents its own Youtooz plush in the form of a Hootsie Shoulder Rider. The plush figure stands 9 inches tall and has orange-yellow eyes that peek out from under half-closed eyelids and thick eyebrows. A torn rag hangs over the side of the blocky head while red threads fall from a clenched<\/p>","protected":false},"featured_media":40656,"comment_status":"closed","ping_status":"closed","template":"","meta":{"_acf_changed":false,"_monsterinsights_skip_tracking":false,"_monsterinsights_sitenote_active":false,"_monsterinsights_sitenote_note":"","_monsterinsights_sitenote_category":0},"product_brand":[7189],"product_cat":[3403],"product_tag":[24],"giftcard-category":[],"class_list":{"0":"post-40655","1":"product","2":"type-product","3":"status-publish","4":"has-post-thumbnail","6":"product_brand-youtooz","7":"product_cat-legends-of-avantris","8":"product_tag-2-3-weeks","9":"pa_franchise-legends-of-avantris","10":"pa_storlek-15-cm","12":"first","13":"instock","14":"taxable","15":"shipping-taxable","16":"purchasable","17":"product-type-simple"},"acf":[],"yoast_head":"<!-- This site is optimized with the Yoast SEO Premium plugin v24.6 (Yoast SEO v27.4) - https:\/\/yoast.com\/product\/yoast-seo-premium-wordpress\/ -->\n<title>Legends of Avantris Plush Figure Hootsie Shoulder Rider | Animefigurer.se<\/title>\n<meta name=\"robots\" content=\"index, follow, max-snippet:-1, max-image-preview:large, max-video-preview:-1\" \/>\n<link rel=\"canonical\" href=\"https:\/\/animefigurer.se\/en\/figurer\/legends-of-avantris\/legends-of-avantris-plush-figure-hootsie-shoulder-rider\/\" \/>\n<meta property=\"og:locale\" content=\"en_GB\" \/>\n<meta property=\"og:type\" content=\"article\" \/>\n<meta property=\"og:title\" content=\"Legends of Avantris Plush Figure Hootsie Shoulder Rider\" \/>\n<meta property=\"og:description\" content=\"The Mimic presenterar sin egen Youtooz-plysch i form av en Hootsie Shoulder Rider. Plyschfiguren \u00e4r 9 tum l\u00e5ng och har orange\u2011gula \u00f6gon som kikar fram under halvslutna \u00f6gonlock och tjocka \u00f6gonbryn. En trasig trasa h\u00e4nger \u00f6ver sidan av det blockiga huvudet medan r\u00f6da tr\u00e5dar faller fr\u00e5n en sammanbiten\" \/>\n<meta property=\"og:url\" content=\"https:\/\/animefigurer.se\/en\/figurer\/legends-of-avantris\/legends-of-avantris-plush-figure-hootsie-shoulder-rider\/\" \/>\n<meta property=\"og:site_name\" content=\"Animefigurer.se\" \/>\n<meta property=\"article:publisher\" content=\"https:\/\/www.facebook.com\/profile.php?id=61581826539670\" \/>\n<meta property=\"article:modified_time\" content=\"2026-04-21T07:24:40+00:00\" \/>\n<meta property=\"og:image\" content=\"https:\/\/animefigurer.se\/wp-content\/uploads\/2025\/12\/Animefigurer_logowhite.png\" \/>\n\t<meta property=\"og:image:width\" content=\"1890\" \/>\n\t<meta property=\"og:image:height\" content=\"1417\" \/>\n\t<meta property=\"og:image:type\" content=\"image\/png\" \/>\n<meta name=\"twitter:card\" content=\"summary_large_image\" \/>\n<meta name=\"twitter:label1\" content=\"Estimated reading time\" \/>\n\t<meta name=\"twitter:data1\" content=\"1 minute\" \/>\n<script type=\"application\/ld+json\" class=\"yoast-schema-graph\">{\"@context\":\"https:\\\/\\\/schema.org\",\"@graph\":[{\"@type\":\"WebPage\",\"@id\":\"https:\\\/\\\/animefigurer.se\\\/figurer\\\/legends-of-avantris\\\/legends-of-avantris-plush-figure-hootsie-shoulder-rider\\\/\",\"url\":\"https:\\\/\\\/animefigurer.se\\\/figurer\\\/legends-of-avantris\\\/legends-of-avantris-plush-figure-hootsie-shoulder-rider\\\/\",\"name\":\"Legends of Avantris Plush Figure Hootsie Shoulder Rider | Animefigurer.se\",\"isPartOf\":{\"@id\":\"https:\\\/\\\/animefigurer.se\\\/#website\"},\"primaryImageOfPage\":{\"@id\":\"https:\\\/\\\/animefigurer.se\\\/figurer\\\/legends-of-avantris\\\/legends-of-avantris-plush-figure-hootsie-shoulder-rider\\\/#primaryimage\"},\"image\":{\"@id\":\"https:\\\/\\\/animefigurer.se\\\/figurer\\\/legends-of-avantris\\\/legends-of-avantris-plush-figure-hootsie-shoulder-rider\\\/#primaryimage\"},\"thumbnailUrl\":\"https:\\\/\\\/animefigurer.se\\\/wp-content\\\/uploads\\\/2025\\\/10\\\/681b7ef03f856.jpeg\",\"datePublished\":\"2025-10-20T21:38:23+00:00\",\"dateModified\":\"2026-04-21T07:24:40+00:00\",\"breadcrumb\":{\"@id\":\"https:\\\/\\\/animefigurer.se\\\/figurer\\\/legends-of-avantris\\\/legends-of-avantris-plush-figure-hootsie-shoulder-rider\\\/#breadcrumb\"},\"inLanguage\":\"en-GB\",\"potentialAction\":[{\"@type\":\"ReadAction\",\"target\":[\"https:\\\/\\\/animefigurer.se\\\/figurer\\\/legends-of-avantris\\\/legends-of-avantris-plush-figure-hootsie-shoulder-rider\\\/\"]}]},{\"@type\":\"ImageObject\",\"inLanguage\":\"en-GB\",\"@id\":\"https:\\\/\\\/animefigurer.se\\\/figurer\\\/legends-of-avantris\\\/legends-of-avantris-plush-figure-hootsie-shoulder-rider\\\/#primaryimage\",\"url\":\"https:\\\/\\\/animefigurer.se\\\/wp-content\\\/uploads\\\/2025\\\/10\\\/681b7ef03f856.jpeg\",\"contentUrl\":\"https:\\\/\\\/animefigurer.se\\\/wp-content\\\/uploads\\\/2025\\\/10\\\/681b7ef03f856.jpeg\",\"width\":1000,\"height\":1000},{\"@type\":\"BreadcrumbList\",\"@id\":\"https:\\\/\\\/animefigurer.se\\\/figurer\\\/legends-of-avantris\\\/legends-of-avantris-plush-figure-hootsie-shoulder-rider\\\/#breadcrumb\",\"itemListElement\":[{\"@type\":\"ListItem\",\"position\":1,\"name\":\"Home\",\"item\":\"https:\\\/\\\/animefigurer.se\\\/\"},{\"@type\":\"ListItem\",\"position\":2,\"name\":\"Butik\",\"item\":\"https:\\\/\\\/animefigurer.se\\\/figurer\\\/\"},{\"@type\":\"ListItem\",\"position\":3,\"name\":\"Legends of Avantris Plush Figure Hootsie Shoulder Rider\"}]},{\"@type\":\"WebSite\",\"@id\":\"https:\\\/\\\/animefigurer.se\\\/#website\",\"url\":\"https:\\\/\\\/animefigurer.se\\\/\",\"name\":\"Animefigurer.se\",\"description\":\"Anime figurer fr\u00e5n \u00f6ver 300 olika anime serier med \u00f6ver 9000 produkter | Anime Shop\",\"publisher\":{\"@id\":\"https:\\\/\\\/animefigurer.se\\\/#organization\"},\"potentialAction\":[{\"@type\":\"SearchAction\",\"target\":{\"@type\":\"EntryPoint\",\"urlTemplate\":\"https:\\\/\\\/animefigurer.se\\\/?s={search_term_string}\"},\"query-input\":{\"@type\":\"PropertyValueSpecification\",\"valueRequired\":true,\"valueName\":\"search_term_string\"}}],\"inLanguage\":\"en-GB\"},{\"@type\":\"Organization\",\"@id\":\"https:\\\/\\\/animefigurer.se\\\/#organization\",\"name\":\"Animefigurer.se\",\"alternateName\":\"Anime figurer | Anime shop\",\"url\":\"https:\\\/\\\/animefigurer.se\\\/\",\"logo\":{\"@type\":\"ImageObject\",\"inLanguage\":\"en-GB\",\"@id\":\"https:\\\/\\\/animefigurer.se\\\/#\\\/schema\\\/logo\\\/image\\\/\",\"url\":\"https:\\\/\\\/animefigurer.se\\\/wp-content\\\/uploads\\\/2025\\\/12\\\/Animefigurer_logowhite.png\",\"contentUrl\":\"https:\\\/\\\/animefigurer.se\\\/wp-content\\\/uploads\\\/2025\\\/12\\\/Animefigurer_logowhite.png\",\"width\":1890,\"height\":1417,\"caption\":\"Animefigurer.se\"},\"image\":{\"@id\":\"https:\\\/\\\/animefigurer.se\\\/#\\\/schema\\\/logo\\\/image\\\/\"},\"sameAs\":[\"https:\\\/\\\/www.facebook.com\\\/profile.php?id=61581826539670\",\"https:\\\/\\\/www.instagram.com\\\/animefigurer.se\\\/\"],\"email\":\"info@animefigurer.se\"}]}<\/script>\n<!-- \/ Yoast SEO Premium plugin. -->","yoast_head_json":{"title":"Legends of Avantris Plush Figure Hootsie Shoulder Rider | Animefigurer.se","robots":{"index":"index","follow":"follow","max-snippet":"max-snippet:-1","max-image-preview":"max-image-preview:large","max-video-preview":"max-video-preview:-1"},"canonical":"https:\/\/animefigurer.se\/en\/figurer\/legends-of-avantris\/legends-of-avantris-plush-figure-hootsie-shoulder-rider\/","og_locale":"en_GB","og_type":"article","og_title":"Legends of Avantris Plush Figure Hootsie Shoulder Rider","og_description":"The Mimic presenterar sin egen Youtooz-plysch i form av en Hootsie Shoulder Rider. Plyschfiguren \u00e4r 9 tum l\u00e5ng och har orange\u2011gula \u00f6gon som kikar fram under halvslutna \u00f6gonlock och tjocka \u00f6gonbryn. En trasig trasa h\u00e4nger \u00f6ver sidan av det blockiga huvudet medan r\u00f6da tr\u00e5dar faller fr\u00e5n en sammanbiten","og_url":"https:\/\/animefigurer.se\/en\/figurer\/legends-of-avantris\/legends-of-avantris-plush-figure-hootsie-shoulder-rider\/","og_site_name":"Animefigurer.se","article_publisher":"https:\/\/www.facebook.com\/profile.php?id=61581826539670","article_modified_time":"2026-04-21T07:24:40+00:00","og_image":[{"width":1890,"height":1417,"url":"https:\/\/animefigurer.se\/wp-content\/uploads\/2025\/12\/Animefigurer_logowhite.png","type":"image\/png"}],"twitter_card":"summary_large_image","twitter_misc":{"Estimated reading time":"1 minute"},"schema":{"@context":"https:\/\/schema.org","@graph":[{"@type":"WebPage","@id":"https:\/\/animefigurer.se\/figurer\/legends-of-avantris\/legends-of-avantris-plush-figure-hootsie-shoulder-rider\/","url":"https:\/\/animefigurer.se\/figurer\/legends-of-avantris\/legends-of-avantris-plush-figure-hootsie-shoulder-rider\/","name":"Legends of Avantris Plush Figure Hootsie Shoulder Rider | Animefigurer.se","isPartOf":{"@id":"https:\/\/animefigurer.se\/#website"},"primaryImageOfPage":{"@id":"https:\/\/animefigurer.se\/figurer\/legends-of-avantris\/legends-of-avantris-plush-figure-hootsie-shoulder-rider\/#primaryimage"},"image":{"@id":"https:\/\/animefigurer.se\/figurer\/legends-of-avantris\/legends-of-avantris-plush-figure-hootsie-shoulder-rider\/#primaryimage"},"thumbnailUrl":"https:\/\/animefigurer.se\/wp-content\/uploads\/2025\/10\/681b7ef03f856.jpeg","datePublished":"2025-10-20T21:38:23+00:00","dateModified":"2026-04-21T07:24:40+00:00","breadcrumb":{"@id":"https:\/\/animefigurer.se\/figurer\/legends-of-avantris\/legends-of-avantris-plush-figure-hootsie-shoulder-rider\/#breadcrumb"},"inLanguage":"en-GB","potentialAction":[{"@type":"ReadAction","target":["https:\/\/animefigurer.se\/figurer\/legends-of-avantris\/legends-of-avantris-plush-figure-hootsie-shoulder-rider\/"]}]},{"@type":"ImageObject","inLanguage":"en-GB","@id":"https:\/\/animefigurer.se\/figurer\/legends-of-avantris\/legends-of-avantris-plush-figure-hootsie-shoulder-rider\/#primaryimage","url":"https:\/\/animefigurer.se\/wp-content\/uploads\/2025\/10\/681b7ef03f856.jpeg","contentUrl":"https:\/\/animefigurer.se\/wp-content\/uploads\/2025\/10\/681b7ef03f856.jpeg","width":1000,"height":1000},{"@type":"BreadcrumbList","@id":"https:\/\/animefigurer.se\/figurer\/legends-of-avantris\/legends-of-avantris-plush-figure-hootsie-shoulder-rider\/#breadcrumb","itemListElement":[{"@type":"ListItem","position":1,"name":"Home","item":"https:\/\/animefigurer.se\/"},{"@type":"ListItem","position":2,"name":"Butik","item":"https:\/\/animefigurer.se\/figurer\/"},{"@type":"ListItem","position":3,"name":"Legends of Avantris Plush Figure Hootsie Shoulder Rider"}]},{"@type":"WebSite","@id":"https:\/\/animefigurer.se\/#website","url":"https:\/\/animefigurer.se\/","name":"Animefigurer.se","description":"Anime figures from over 300 different anime series with over 9000 products | Anime Shop","publisher":{"@id":"https:\/\/animefigurer.se\/#organization"},"potentialAction":[{"@type":"SearchAction","target":{"@type":"EntryPoint","urlTemplate":"https:\/\/animefigurer.se\/?s={search_term_string}"},"query-input":{"@type":"PropertyValueSpecification","valueRequired":true,"valueName":"search_term_string"}}],"inLanguage":"en-GB"},{"@type":"Organization","@id":"https:\/\/animefigurer.se\/#organization","name":"Animefigurer.se","alternateName":"Anime figurer | Anime shop","url":"https:\/\/animefigurer.se\/","logo":{"@type":"ImageObject","inLanguage":"en-GB","@id":"https:\/\/animefigurer.se\/#\/schema\/logo\/image\/","url":"https:\/\/animefigurer.se\/wp-content\/uploads\/2025\/12\/Animefigurer_logowhite.png","contentUrl":"https:\/\/animefigurer.se\/wp-content\/uploads\/2025\/12\/Animefigurer_logowhite.png","width":1890,"height":1417,"caption":"Animefigurer.se"},"image":{"@id":"https:\/\/animefigurer.se\/#\/schema\/logo\/image\/"},"sameAs":["https:\/\/www.facebook.com\/profile.php?id=61581826539670","https:\/\/www.instagram.com\/animefigurer.se\/"],"email":"info@animefigurer.se"}]}},"_links":{"self":[{"href":"https:\/\/animefigurer.se\/en\/wp-json\/wp\/v2\/product\/40655","targetHints":{"allow":["GET"]}}],"collection":[{"href":"https:\/\/animefigurer.se\/en\/wp-json\/wp\/v2\/product"}],"about":[{"href":"https:\/\/animefigurer.se\/en\/wp-json\/wp\/v2\/types\/product"}],"replies":[{"embeddable":true,"href":"https:\/\/animefigurer.se\/en\/wp-json\/wp\/v2\/comments?post=40655"}],"wp:featuredmedia":[{"embeddable":true,"href":"https:\/\/animefigurer.se\/en\/wp-json\/wp\/v2\/media\/40656"}],"wp:attachment":[{"href":"https:\/\/animefigurer.se\/en\/wp-json\/wp\/v2\/media?parent=40655"}],"wp:term":[{"taxonomy":"product_brand","embeddable":true,"href":"https:\/\/animefigurer.se\/en\/wp-json\/wp\/v2\/product_brand?post=40655"},{"taxonomy":"product_cat","embeddable":true,"href":"https:\/\/animefigurer.se\/en\/wp-json\/wp\/v2\/product_cat?post=40655"},{"taxonomy":"product_tag","embeddable":true,"href":"https:\/\/animefigurer.se\/en\/wp-json\/wp\/v2\/product_tag?post=40655"},{"taxonomy":"giftcard-category","embeddable":true,"href":"https:\/\/animefigurer.se\/en\/wp-json\/wp\/v2\/giftcard-category?post=40655"}],"curies":[{"name":"wp","href":"https:\/\/api.w.org\/{rel}","templated":true}]}}