{"id":40106,"date":"2025-10-20T23:34:11","date_gmt":"2025-10-20T21:34:11","guid":{"rendered":"https:\/\/animefigurer.se\/produkt\/konosuba-an-explosion-on-this-wonderful-world-megumin\/"},"modified":"2025-12-21T19:31:13","modified_gmt":"2025-12-21T18:31:13","slug":"konosuba-an-explosion-on-this-wonderful-world-megumin","status":"publish","type":"product","link":"https:\/\/animefigurer.se\/en\/figurer\/konosuba\/konosuba-an-explosion-on-this-wonderful-world-megumin\/","title":{"rendered":"KonoSuba: An Explosion on This Wonderful World! Megumin"},"content":{"rendered":"<p>From KONO SUBARASHII SEKAI NI BAKUEN WO! comes a scale figure of the main character Megumin in her red prison uniform. The figure is rich in detail, with a fluttering cape, carefully rendered costume, and a beautifully sculpted representation of Megumin. A confident and charming addition to your collection.<\/p>","protected":false},"excerpt":{"rendered":"<p>From KONO SUBARASHII SEKAI NI BAKUEN WO! comes a scale figure of the main character Megumin in her red prison uniform. The figure is rich in detail, with a fluttering cape, carefully rendered costume, and a beautifully sculpted representation of Megumin. A confident and charming addition to your sa<\/p>","protected":false},"featured_media":40107,"comment_status":"closed","ping_status":"open","template":"","meta":{"_acf_changed":false,"_monsterinsights_skip_tracking":false,"_monsterinsights_sitenote_active":false,"_monsterinsights_sitenote_note":"","_monsterinsights_sitenote_category":0},"product_brand":[7050],"product_cat":[3348],"product_tag":[24],"giftcard-category":[],"class_list":{"0":"post-40106","1":"product","2":"type-product","3":"status-publish","4":"has-post-thumbnail","6":"product_brand-luminous-box","7":"product_cat-konosuba","8":"product_tag-2-3-weeks","9":"pa_franchise-konosuba-gods-blessing-on-this-wonderful-world","10":"pa_karaktar-megumin","11":"pa_material-pvc-abs","12":"pa_skala-41","13":"pa_storlek-25-cm","15":"first","16":"instock","17":"taxable","18":"shipping-taxable","19":"purchasable","20":"product-type-simple"},"acf":[],"yoast_head":"<!-- This site is optimized with the Yoast SEO Premium plugin v24.6 (Yoast SEO v27.3) - https:\/\/yoast.com\/product\/yoast-seo-premium-wordpress\/ -->\n<title>KonoSuba: An Explosion on This Wonderful World! Megumin | Animefigurer.se<\/title>\n<meta name=\"robots\" content=\"index, follow, max-snippet:-1, max-image-preview:large, max-video-preview:-1\" \/>\n<link rel=\"canonical\" href=\"https:\/\/animefigurer.se\/en\/figurer\/konosuba\/konosuba-an-explosion-on-this-wonderful-world-megumin\/\" \/>\n<meta property=\"og:locale\" content=\"en_GB\" \/>\n<meta property=\"og:type\" content=\"article\" \/>\n<meta property=\"og:title\" content=\"KonoSuba: An Explosion on This Wonderful World! Megumin\" \/>\n<meta property=\"og:description\" content=\"Fr\u00e5n KONO SUBARASHII SEKAI NI BAKUEN WO! kommer en skalenlig figur av huvudpersonen Megumin i sin r\u00f6da f\u00e4ngelseuniform. Figuren \u00e4r rik p\u00e5 detaljer, med en fladdrande kappa, noggrant \u00e5tergiven dr\u00e4kt och en vackert skulpterad framst\u00e4llning av Megumin. Ett sj\u00e4lvs\u00e4kert och charmigt tillskott till din sa\" \/>\n<meta property=\"og:url\" content=\"https:\/\/animefigurer.se\/en\/figurer\/konosuba\/konosuba-an-explosion-on-this-wonderful-world-megumin\/\" \/>\n<meta property=\"og:site_name\" content=\"Animefigurer.se\" \/>\n<meta property=\"article:publisher\" content=\"https:\/\/www.facebook.com\/profile.php?id=61581826539670\" \/>\n<meta property=\"article:modified_time\" content=\"2025-12-21T18:31:13+00:00\" \/>\n<meta property=\"og:image\" content=\"https:\/\/animefigurer.se\/wp-content\/uploads\/2025\/12\/Animefigurer_logowhite.png\" \/>\n\t<meta property=\"og:image:width\" content=\"1890\" \/>\n\t<meta property=\"og:image:height\" content=\"1417\" \/>\n\t<meta property=\"og:image:type\" content=\"image\/png\" \/>\n<meta name=\"twitter:card\" content=\"summary_large_image\" \/>\n<script type=\"application\/ld+json\" class=\"yoast-schema-graph\">{\"@context\":\"https:\\\/\\\/schema.org\",\"@graph\":[{\"@type\":\"WebPage\",\"@id\":\"https:\\\/\\\/animefigurer.se\\\/en\\\/figurer\\\/konosuba\\\/konosuba-an-explosion-on-this-wonderful-world-megumin\\\/\",\"url\":\"https:\\\/\\\/animefigurer.se\\\/en\\\/figurer\\\/konosuba\\\/konosuba-an-explosion-on-this-wonderful-world-megumin\\\/\",\"name\":\"KonoSuba: An Explosion on This Wonderful World! Megumin | Animefigurer.se\",\"isPartOf\":{\"@id\":\"https:\\\/\\\/animefigurer.se\\\/#website\"},\"primaryImageOfPage\":{\"@id\":\"https:\\\/\\\/animefigurer.se\\\/en\\\/figurer\\\/konosuba\\\/konosuba-an-explosion-on-this-wonderful-world-megumin\\\/#primaryimage\"},\"image\":{\"@id\":\"https:\\\/\\\/animefigurer.se\\\/en\\\/figurer\\\/konosuba\\\/konosuba-an-explosion-on-this-wonderful-world-megumin\\\/#primaryimage\"},\"thumbnailUrl\":\"https:\\\/\\\/animefigurer.se\\\/wp-content\\\/uploads\\\/2025\\\/10\\\/6765a909aaa2e.jpeg\",\"datePublished\":\"2025-10-20T21:34:11+00:00\",\"dateModified\":\"2025-12-21T18:31:13+00:00\",\"breadcrumb\":{\"@id\":\"https:\\\/\\\/animefigurer.se\\\/en\\\/figurer\\\/konosuba\\\/konosuba-an-explosion-on-this-wonderful-world-megumin\\\/#breadcrumb\"},\"inLanguage\":\"en-GB\",\"potentialAction\":[{\"@type\":\"ReadAction\",\"target\":[\"https:\\\/\\\/animefigurer.se\\\/en\\\/figurer\\\/konosuba\\\/konosuba-an-explosion-on-this-wonderful-world-megumin\\\/\"]}]},{\"@type\":\"ImageObject\",\"inLanguage\":\"en-GB\",\"@id\":\"https:\\\/\\\/animefigurer.se\\\/en\\\/figurer\\\/konosuba\\\/konosuba-an-explosion-on-this-wonderful-world-megumin\\\/#primaryimage\",\"url\":\"https:\\\/\\\/animefigurer.se\\\/wp-content\\\/uploads\\\/2025\\\/10\\\/6765a909aaa2e.jpeg\",\"contentUrl\":\"https:\\\/\\\/animefigurer.se\\\/wp-content\\\/uploads\\\/2025\\\/10\\\/6765a909aaa2e.jpeg\",\"width\":720,\"height\":540},{\"@type\":\"BreadcrumbList\",\"@id\":\"https:\\\/\\\/animefigurer.se\\\/en\\\/figurer\\\/konosuba\\\/konosuba-an-explosion-on-this-wonderful-world-megumin\\\/#breadcrumb\",\"itemListElement\":[{\"@type\":\"ListItem\",\"position\":1,\"name\":\"Home\",\"item\":\"https:\\\/\\\/animefigurer.se\\\/\"},{\"@type\":\"ListItem\",\"position\":2,\"name\":\"Butik\",\"item\":\"https:\\\/\\\/animefigurer.se\\\/figurer\\\/\"},{\"@type\":\"ListItem\",\"position\":3,\"name\":\"KonoSuba: An Explosion on This Wonderful World! Megumin\"}]},{\"@type\":\"WebSite\",\"@id\":\"https:\\\/\\\/animefigurer.se\\\/#website\",\"url\":\"https:\\\/\\\/animefigurer.se\\\/\",\"name\":\"Animefigurer.se\",\"description\":\"Anime figurer fr\u00e5n \u00f6ver 300 olika anime serier med \u00f6ver 9000 produkter | Anime Shop\",\"publisher\":{\"@id\":\"https:\\\/\\\/animefigurer.se\\\/#organization\"},\"potentialAction\":[{\"@type\":\"SearchAction\",\"target\":{\"@type\":\"EntryPoint\",\"urlTemplate\":\"https:\\\/\\\/animefigurer.se\\\/?s={search_term_string}\"},\"query-input\":{\"@type\":\"PropertyValueSpecification\",\"valueRequired\":true,\"valueName\":\"search_term_string\"}}],\"inLanguage\":\"en-GB\"},{\"@type\":\"Organization\",\"@id\":\"https:\\\/\\\/animefigurer.se\\\/#organization\",\"name\":\"Animefigurer.se\",\"alternateName\":\"Anime figurer | Anime shop\",\"url\":\"https:\\\/\\\/animefigurer.se\\\/\",\"logo\":{\"@type\":\"ImageObject\",\"inLanguage\":\"en-GB\",\"@id\":\"https:\\\/\\\/animefigurer.se\\\/#\\\/schema\\\/logo\\\/image\\\/\",\"url\":\"https:\\\/\\\/animefigurer.se\\\/wp-content\\\/uploads\\\/2025\\\/12\\\/Animefigurer_logowhite.png\",\"contentUrl\":\"https:\\\/\\\/animefigurer.se\\\/wp-content\\\/uploads\\\/2025\\\/12\\\/Animefigurer_logowhite.png\",\"width\":1890,\"height\":1417,\"caption\":\"Animefigurer.se\"},\"image\":{\"@id\":\"https:\\\/\\\/animefigurer.se\\\/#\\\/schema\\\/logo\\\/image\\\/\"},\"sameAs\":[\"https:\\\/\\\/www.facebook.com\\\/profile.php?id=61581826539670\",\"https:\\\/\\\/www.instagram.com\\\/animefigurer.se\\\/\"],\"email\":\"info@animefigurer.se\"}]}<\/script>\n<!-- \/ Yoast SEO Premium plugin. -->","yoast_head_json":{"title":"KonoSuba: An Explosion on This Wonderful World! Megumin | Animefigurer.se","robots":{"index":"index","follow":"follow","max-snippet":"max-snippet:-1","max-image-preview":"max-image-preview:large","max-video-preview":"max-video-preview:-1"},"canonical":"https:\/\/animefigurer.se\/en\/figurer\/konosuba\/konosuba-an-explosion-on-this-wonderful-world-megumin\/","og_locale":"en_GB","og_type":"article","og_title":"KonoSuba: An Explosion on This Wonderful World! Megumin","og_description":"Fr\u00e5n KONO SUBARASHII SEKAI NI BAKUEN WO! kommer en skalenlig figur av huvudpersonen Megumin i sin r\u00f6da f\u00e4ngelseuniform. Figuren \u00e4r rik p\u00e5 detaljer, med en fladdrande kappa, noggrant \u00e5tergiven dr\u00e4kt och en vackert skulpterad framst\u00e4llning av Megumin. Ett sj\u00e4lvs\u00e4kert och charmigt tillskott till din sa","og_url":"https:\/\/animefigurer.se\/en\/figurer\/konosuba\/konosuba-an-explosion-on-this-wonderful-world-megumin\/","og_site_name":"Animefigurer.se","article_publisher":"https:\/\/www.facebook.com\/profile.php?id=61581826539670","article_modified_time":"2025-12-21T18:31:13+00:00","og_image":[{"width":1890,"height":1417,"url":"https:\/\/animefigurer.se\/wp-content\/uploads\/2025\/12\/Animefigurer_logowhite.png","type":"image\/png"}],"twitter_card":"summary_large_image","schema":{"@context":"https:\/\/schema.org","@graph":[{"@type":"WebPage","@id":"https:\/\/animefigurer.se\/en\/figurer\/konosuba\/konosuba-an-explosion-on-this-wonderful-world-megumin\/","url":"https:\/\/animefigurer.se\/en\/figurer\/konosuba\/konosuba-an-explosion-on-this-wonderful-world-megumin\/","name":"KonoSuba: An Explosion on This Wonderful World! Megumin | Animefigurer.se","isPartOf":{"@id":"https:\/\/animefigurer.se\/#website"},"primaryImageOfPage":{"@id":"https:\/\/animefigurer.se\/en\/figurer\/konosuba\/konosuba-an-explosion-on-this-wonderful-world-megumin\/#primaryimage"},"image":{"@id":"https:\/\/animefigurer.se\/en\/figurer\/konosuba\/konosuba-an-explosion-on-this-wonderful-world-megumin\/#primaryimage"},"thumbnailUrl":"https:\/\/animefigurer.se\/wp-content\/uploads\/2025\/10\/6765a909aaa2e.jpeg","datePublished":"2025-10-20T21:34:11+00:00","dateModified":"2025-12-21T18:31:13+00:00","breadcrumb":{"@id":"https:\/\/animefigurer.se\/en\/figurer\/konosuba\/konosuba-an-explosion-on-this-wonderful-world-megumin\/#breadcrumb"},"inLanguage":"en-GB","potentialAction":[{"@type":"ReadAction","target":["https:\/\/animefigurer.se\/en\/figurer\/konosuba\/konosuba-an-explosion-on-this-wonderful-world-megumin\/"]}]},{"@type":"ImageObject","inLanguage":"en-GB","@id":"https:\/\/animefigurer.se\/en\/figurer\/konosuba\/konosuba-an-explosion-on-this-wonderful-world-megumin\/#primaryimage","url":"https:\/\/animefigurer.se\/wp-content\/uploads\/2025\/10\/6765a909aaa2e.jpeg","contentUrl":"https:\/\/animefigurer.se\/wp-content\/uploads\/2025\/10\/6765a909aaa2e.jpeg","width":720,"height":540},{"@type":"BreadcrumbList","@id":"https:\/\/animefigurer.se\/en\/figurer\/konosuba\/konosuba-an-explosion-on-this-wonderful-world-megumin\/#breadcrumb","itemListElement":[{"@type":"ListItem","position":1,"name":"Home","item":"https:\/\/animefigurer.se\/"},{"@type":"ListItem","position":2,"name":"Butik","item":"https:\/\/animefigurer.se\/figurer\/"},{"@type":"ListItem","position":3,"name":"KonoSuba: An Explosion on This Wonderful World! Megumin"}]},{"@type":"WebSite","@id":"https:\/\/animefigurer.se\/#website","url":"https:\/\/animefigurer.se\/","name":"Animefigurer.se","description":"Anime figures from over 300 different anime series with over 9000 products | Anime Shop","publisher":{"@id":"https:\/\/animefigurer.se\/#organization"},"potentialAction":[{"@type":"SearchAction","target":{"@type":"EntryPoint","urlTemplate":"https:\/\/animefigurer.se\/?s={search_term_string}"},"query-input":{"@type":"PropertyValueSpecification","valueRequired":true,"valueName":"search_term_string"}}],"inLanguage":"en-GB"},{"@type":"Organization","@id":"https:\/\/animefigurer.se\/#organization","name":"Animefigurer.se","alternateName":"Anime figurer | Anime shop","url":"https:\/\/animefigurer.se\/","logo":{"@type":"ImageObject","inLanguage":"en-GB","@id":"https:\/\/animefigurer.se\/#\/schema\/logo\/image\/","url":"https:\/\/animefigurer.se\/wp-content\/uploads\/2025\/12\/Animefigurer_logowhite.png","contentUrl":"https:\/\/animefigurer.se\/wp-content\/uploads\/2025\/12\/Animefigurer_logowhite.png","width":1890,"height":1417,"caption":"Animefigurer.se"},"image":{"@id":"https:\/\/animefigurer.se\/#\/schema\/logo\/image\/"},"sameAs":["https:\/\/www.facebook.com\/profile.php?id=61581826539670","https:\/\/www.instagram.com\/animefigurer.se\/"],"email":"info@animefigurer.se"}]}},"_links":{"self":[{"href":"https:\/\/animefigurer.se\/en\/wp-json\/wp\/v2\/product\/40106","targetHints":{"allow":["GET"]}}],"collection":[{"href":"https:\/\/animefigurer.se\/en\/wp-json\/wp\/v2\/product"}],"about":[{"href":"https:\/\/animefigurer.se\/en\/wp-json\/wp\/v2\/types\/product"}],"replies":[{"embeddable":true,"href":"https:\/\/animefigurer.se\/en\/wp-json\/wp\/v2\/comments?post=40106"}],"wp:featuredmedia":[{"embeddable":true,"href":"https:\/\/animefigurer.se\/en\/wp-json\/wp\/v2\/media\/40107"}],"wp:attachment":[{"href":"https:\/\/animefigurer.se\/en\/wp-json\/wp\/v2\/media?parent=40106"}],"wp:term":[{"taxonomy":"product_brand","embeddable":true,"href":"https:\/\/animefigurer.se\/en\/wp-json\/wp\/v2\/product_brand?post=40106"},{"taxonomy":"product_cat","embeddable":true,"href":"https:\/\/animefigurer.se\/en\/wp-json\/wp\/v2\/product_cat?post=40106"},{"taxonomy":"product_tag","embeddable":true,"href":"https:\/\/animefigurer.se\/en\/wp-json\/wp\/v2\/product_tag?post=40106"},{"taxonomy":"giftcard-category","embeddable":true,"href":"https:\/\/animefigurer.se\/en\/wp-json\/wp\/v2\/giftcard-category?post=40106"}],"curies":[{"name":"wp","href":"https:\/\/api.w.org\/{rel}","templated":true}]}}