{"id":40007,"date":"2025-10-20T23:34:11","date_gmt":"2025-10-20T21:34:11","guid":{"rendered":"https:\/\/animefigurer.se\/produkt\/konosuba-kd-colle-yunyun-light-novel-10th-anniversary-ver\/"},"modified":"2025-12-21T19:31:13","modified_gmt":"2025-12-21T18:31:13","slug":"konosuba-kd-colle-yunyun-light-novel-10th-anniversary-ver","status":"publish","type":"product","link":"https:\/\/animefigurer.se\/en\/figurer\/konosuba\/konosuba-kd-colle-yunyun-light-novel-10th-anniversary-ver\/","title":{"rendered":"KonoSuba KD Colle Yunyun (Light Novel 10th Anniversary Ver.)"},"content":{"rendered":"<p>Yunyun, based on an original illustration by Kurone Mishima for KonoSuba&#039;s 10th anniversary, is reborn in a highly detailed 1\/7th scale figure (approximately 17 cm tall). Her cute dress is full of frills and accessories, and her happy, bouncy expression captures her personality. The basket, hair flower, and necklace are faithfully reproduced. The figure is easy to display on a desk or bookshelf, and pairs well with the KonoSuba light novels.<\/p>","protected":false},"excerpt":{"rendered":"<p>Based on an original illustration by Kurone Mishima for KonoSuba&#039;s 10th anniversary, Yunyun is reborn in a detailed 1\/7th scale figure (approximately 17cm). Her cute dress is full of frills and accessories, and her happy, bouncy expression captures her personality. The basket, hair flower and necklace<\/p>","protected":false},"featured_media":40008,"comment_status":"closed","ping_status":"open","template":"","meta":{"_acf_changed":false,"_monsterinsights_skip_tracking":false,"_monsterinsights_sitenote_active":false,"_monsterinsights_sitenote_note":"","_monsterinsights_sitenote_category":0},"product_brand":[6891],"product_cat":[3348],"product_tag":[24],"giftcard-category":[],"class_list":{"0":"post-40007","1":"product","2":"type-product","3":"status-publish","4":"has-post-thumbnail","6":"product_brand-kadokawa","7":"product_cat-konosuba","8":"product_tag-2-3-weeks","9":"pa_franchise-konosuba-gods-blessing-on-this-wonderful-world","10":"pa_karaktar-yunyun","11":"pa_material-pvc-abs","12":"pa_produktserie-kd-colle","13":"pa_storlek-17-cm","15":"first","16":"instock","17":"taxable","18":"shipping-taxable","19":"purchasable","20":"product-type-simple"},"acf":[],"yoast_head":"<!-- This site is optimized with the Yoast SEO Premium plugin v24.6 (Yoast SEO v27.4) - https:\/\/yoast.com\/product\/yoast-seo-premium-wordpress\/ -->\n<title>KonoSuba KD Colle Yunyun (Light Novel 10th Anniversary Ver.) | Animefigurer.se<\/title>\n<meta name=\"robots\" content=\"index, follow, max-snippet:-1, max-image-preview:large, max-video-preview:-1\" \/>\n<link rel=\"canonical\" href=\"https:\/\/animefigurer.se\/en\/figurer\/konosuba\/konosuba-kd-colle-yunyun-light-novel-10th-anniversary-ver\/\" \/>\n<meta property=\"og:locale\" content=\"en_GB\" \/>\n<meta property=\"og:type\" content=\"article\" \/>\n<meta property=\"og:title\" content=\"KonoSuba KD Colle Yunyun (Light Novel 10th Anniversary Ver.)\" \/>\n<meta property=\"og:description\" content=\"Yunyun, baserad p\u00e5 en originalillustration av Kurone Mishima f\u00f6r KonoSubas 10-\u00e5rsjubileum, \u00e5teruppst\u00e5r i en detaljrik 1\/7-figur (cirka 17 cm). Hennes s\u00f6ta kl\u00e4nning \u00e4r full av krusiduller och accessoarer, och hennes glada, studsande uttryck f\u00e5ngar hennes personlighet. Korgen, h\u00e5rblomman och halsbande\" \/>\n<meta property=\"og:url\" content=\"https:\/\/animefigurer.se\/en\/figurer\/konosuba\/konosuba-kd-colle-yunyun-light-novel-10th-anniversary-ver\/\" \/>\n<meta property=\"og:site_name\" content=\"Animefigurer.se\" \/>\n<meta property=\"article:publisher\" content=\"https:\/\/www.facebook.com\/profile.php?id=61581826539670\" \/>\n<meta property=\"article:modified_time\" content=\"2025-12-21T18:31:13+00:00\" \/>\n<meta property=\"og:image\" content=\"https:\/\/animefigurer.se\/wp-content\/uploads\/2025\/12\/Animefigurer_logowhite.png\" \/>\n\t<meta property=\"og:image:width\" content=\"1890\" \/>\n\t<meta property=\"og:image:height\" content=\"1417\" \/>\n\t<meta property=\"og:image:type\" content=\"image\/png\" \/>\n<meta name=\"twitter:card\" content=\"summary_large_image\" \/>\n<script type=\"application\/ld+json\" class=\"yoast-schema-graph\">{\"@context\":\"https:\\\/\\\/schema.org\",\"@graph\":[{\"@type\":\"WebPage\",\"@id\":\"https:\\\/\\\/animefigurer.se\\\/en\\\/figurer\\\/konosuba\\\/konosuba-kd-colle-yunyun-light-novel-10th-anniversary-ver\\\/\",\"url\":\"https:\\\/\\\/animefigurer.se\\\/en\\\/figurer\\\/konosuba\\\/konosuba-kd-colle-yunyun-light-novel-10th-anniversary-ver\\\/\",\"name\":\"KonoSuba KD Colle Yunyun (Light Novel 10th Anniversary Ver.) | Animefigurer.se\",\"isPartOf\":{\"@id\":\"https:\\\/\\\/animefigurer.se\\\/#website\"},\"primaryImageOfPage\":{\"@id\":\"https:\\\/\\\/animefigurer.se\\\/en\\\/figurer\\\/konosuba\\\/konosuba-kd-colle-yunyun-light-novel-10th-anniversary-ver\\\/#primaryimage\"},\"image\":{\"@id\":\"https:\\\/\\\/animefigurer.se\\\/en\\\/figurer\\\/konosuba\\\/konosuba-kd-colle-yunyun-light-novel-10th-anniversary-ver\\\/#primaryimage\"},\"thumbnailUrl\":\"https:\\\/\\\/animefigurer.se\\\/wp-content\\\/uploads\\\/2025\\\/10\\\/66b77af16c729.jpeg\",\"datePublished\":\"2025-10-20T21:34:11+00:00\",\"dateModified\":\"2025-12-21T18:31:13+00:00\",\"breadcrumb\":{\"@id\":\"https:\\\/\\\/animefigurer.se\\\/en\\\/figurer\\\/konosuba\\\/konosuba-kd-colle-yunyun-light-novel-10th-anniversary-ver\\\/#breadcrumb\"},\"inLanguage\":\"en-GB\",\"potentialAction\":[{\"@type\":\"ReadAction\",\"target\":[\"https:\\\/\\\/animefigurer.se\\\/en\\\/figurer\\\/konosuba\\\/konosuba-kd-colle-yunyun-light-novel-10th-anniversary-ver\\\/\"]}]},{\"@type\":\"ImageObject\",\"inLanguage\":\"en-GB\",\"@id\":\"https:\\\/\\\/animefigurer.se\\\/en\\\/figurer\\\/konosuba\\\/konosuba-kd-colle-yunyun-light-novel-10th-anniversary-ver\\\/#primaryimage\",\"url\":\"https:\\\/\\\/animefigurer.se\\\/wp-content\\\/uploads\\\/2025\\\/10\\\/66b77af16c729.jpeg\",\"contentUrl\":\"https:\\\/\\\/animefigurer.se\\\/wp-content\\\/uploads\\\/2025\\\/10\\\/66b77af16c729.jpeg\",\"width\":720,\"height\":540},{\"@type\":\"BreadcrumbList\",\"@id\":\"https:\\\/\\\/animefigurer.se\\\/en\\\/figurer\\\/konosuba\\\/konosuba-kd-colle-yunyun-light-novel-10th-anniversary-ver\\\/#breadcrumb\",\"itemListElement\":[{\"@type\":\"ListItem\",\"position\":1,\"name\":\"Home\",\"item\":\"https:\\\/\\\/animefigurer.se\\\/\"},{\"@type\":\"ListItem\",\"position\":2,\"name\":\"Butik\",\"item\":\"https:\\\/\\\/animefigurer.se\\\/figurer\\\/\"},{\"@type\":\"ListItem\",\"position\":3,\"name\":\"KonoSuba KD Colle Yunyun (Light Novel 10th Anniversary Ver.)\"}]},{\"@type\":\"WebSite\",\"@id\":\"https:\\\/\\\/animefigurer.se\\\/#website\",\"url\":\"https:\\\/\\\/animefigurer.se\\\/\",\"name\":\"Animefigurer.se\",\"description\":\"Anime figurer fr\u00e5n \u00f6ver 300 olika anime serier med \u00f6ver 9000 produkter | Anime Shop\",\"publisher\":{\"@id\":\"https:\\\/\\\/animefigurer.se\\\/#organization\"},\"potentialAction\":[{\"@type\":\"SearchAction\",\"target\":{\"@type\":\"EntryPoint\",\"urlTemplate\":\"https:\\\/\\\/animefigurer.se\\\/?s={search_term_string}\"},\"query-input\":{\"@type\":\"PropertyValueSpecification\",\"valueRequired\":true,\"valueName\":\"search_term_string\"}}],\"inLanguage\":\"en-GB\"},{\"@type\":\"Organization\",\"@id\":\"https:\\\/\\\/animefigurer.se\\\/#organization\",\"name\":\"Animefigurer.se\",\"alternateName\":\"Anime figurer | Anime shop\",\"url\":\"https:\\\/\\\/animefigurer.se\\\/\",\"logo\":{\"@type\":\"ImageObject\",\"inLanguage\":\"en-GB\",\"@id\":\"https:\\\/\\\/animefigurer.se\\\/#\\\/schema\\\/logo\\\/image\\\/\",\"url\":\"https:\\\/\\\/animefigurer.se\\\/wp-content\\\/uploads\\\/2025\\\/12\\\/Animefigurer_logowhite.png\",\"contentUrl\":\"https:\\\/\\\/animefigurer.se\\\/wp-content\\\/uploads\\\/2025\\\/12\\\/Animefigurer_logowhite.png\",\"width\":1890,\"height\":1417,\"caption\":\"Animefigurer.se\"},\"image\":{\"@id\":\"https:\\\/\\\/animefigurer.se\\\/#\\\/schema\\\/logo\\\/image\\\/\"},\"sameAs\":[\"https:\\\/\\\/www.facebook.com\\\/profile.php?id=61581826539670\",\"https:\\\/\\\/www.instagram.com\\\/animefigurer.se\\\/\"],\"email\":\"info@animefigurer.se\"}]}<\/script>\n<!-- \/ Yoast SEO Premium plugin. -->","yoast_head_json":{"title":"KonoSuba KD Colle Yunyun (Light Novel 10th Anniversary Ver.) | Animefigurer.se","robots":{"index":"index","follow":"follow","max-snippet":"max-snippet:-1","max-image-preview":"max-image-preview:large","max-video-preview":"max-video-preview:-1"},"canonical":"https:\/\/animefigurer.se\/en\/figurer\/konosuba\/konosuba-kd-colle-yunyun-light-novel-10th-anniversary-ver\/","og_locale":"en_GB","og_type":"article","og_title":"KonoSuba KD Colle Yunyun (Light Novel 10th Anniversary Ver.)","og_description":"Yunyun, baserad p\u00e5 en originalillustration av Kurone Mishima f\u00f6r KonoSubas 10-\u00e5rsjubileum, \u00e5teruppst\u00e5r i en detaljrik 1\/7-figur (cirka 17 cm). Hennes s\u00f6ta kl\u00e4nning \u00e4r full av krusiduller och accessoarer, och hennes glada, studsande uttryck f\u00e5ngar hennes personlighet. Korgen, h\u00e5rblomman och halsbande","og_url":"https:\/\/animefigurer.se\/en\/figurer\/konosuba\/konosuba-kd-colle-yunyun-light-novel-10th-anniversary-ver\/","og_site_name":"Animefigurer.se","article_publisher":"https:\/\/www.facebook.com\/profile.php?id=61581826539670","article_modified_time":"2025-12-21T18:31:13+00:00","og_image":[{"width":1890,"height":1417,"url":"https:\/\/animefigurer.se\/wp-content\/uploads\/2025\/12\/Animefigurer_logowhite.png","type":"image\/png"}],"twitter_card":"summary_large_image","schema":{"@context":"https:\/\/schema.org","@graph":[{"@type":"WebPage","@id":"https:\/\/animefigurer.se\/en\/figurer\/konosuba\/konosuba-kd-colle-yunyun-light-novel-10th-anniversary-ver\/","url":"https:\/\/animefigurer.se\/en\/figurer\/konosuba\/konosuba-kd-colle-yunyun-light-novel-10th-anniversary-ver\/","name":"KonoSuba KD Colle Yunyun (Light Novel 10th Anniversary Ver.) | Animefigurer.se","isPartOf":{"@id":"https:\/\/animefigurer.se\/#website"},"primaryImageOfPage":{"@id":"https:\/\/animefigurer.se\/en\/figurer\/konosuba\/konosuba-kd-colle-yunyun-light-novel-10th-anniversary-ver\/#primaryimage"},"image":{"@id":"https:\/\/animefigurer.se\/en\/figurer\/konosuba\/konosuba-kd-colle-yunyun-light-novel-10th-anniversary-ver\/#primaryimage"},"thumbnailUrl":"https:\/\/animefigurer.se\/wp-content\/uploads\/2025\/10\/66b77af16c729.jpeg","datePublished":"2025-10-20T21:34:11+00:00","dateModified":"2025-12-21T18:31:13+00:00","breadcrumb":{"@id":"https:\/\/animefigurer.se\/en\/figurer\/konosuba\/konosuba-kd-colle-yunyun-light-novel-10th-anniversary-ver\/#breadcrumb"},"inLanguage":"en-GB","potentialAction":[{"@type":"ReadAction","target":["https:\/\/animefigurer.se\/en\/figurer\/konosuba\/konosuba-kd-colle-yunyun-light-novel-10th-anniversary-ver\/"]}]},{"@type":"ImageObject","inLanguage":"en-GB","@id":"https:\/\/animefigurer.se\/en\/figurer\/konosuba\/konosuba-kd-colle-yunyun-light-novel-10th-anniversary-ver\/#primaryimage","url":"https:\/\/animefigurer.se\/wp-content\/uploads\/2025\/10\/66b77af16c729.jpeg","contentUrl":"https:\/\/animefigurer.se\/wp-content\/uploads\/2025\/10\/66b77af16c729.jpeg","width":720,"height":540},{"@type":"BreadcrumbList","@id":"https:\/\/animefigurer.se\/en\/figurer\/konosuba\/konosuba-kd-colle-yunyun-light-novel-10th-anniversary-ver\/#breadcrumb","itemListElement":[{"@type":"ListItem","position":1,"name":"Home","item":"https:\/\/animefigurer.se\/"},{"@type":"ListItem","position":2,"name":"Butik","item":"https:\/\/animefigurer.se\/figurer\/"},{"@type":"ListItem","position":3,"name":"KonoSuba KD Colle Yunyun (Light Novel 10th Anniversary Ver.)"}]},{"@type":"WebSite","@id":"https:\/\/animefigurer.se\/#website","url":"https:\/\/animefigurer.se\/","name":"Animefigurer.se","description":"Anime figures from over 300 different anime series with over 9000 products | Anime Shop","publisher":{"@id":"https:\/\/animefigurer.se\/#organization"},"potentialAction":[{"@type":"SearchAction","target":{"@type":"EntryPoint","urlTemplate":"https:\/\/animefigurer.se\/?s={search_term_string}"},"query-input":{"@type":"PropertyValueSpecification","valueRequired":true,"valueName":"search_term_string"}}],"inLanguage":"en-GB"},{"@type":"Organization","@id":"https:\/\/animefigurer.se\/#organization","name":"Animefigurer.se","alternateName":"Anime figurer | Anime shop","url":"https:\/\/animefigurer.se\/","logo":{"@type":"ImageObject","inLanguage":"en-GB","@id":"https:\/\/animefigurer.se\/#\/schema\/logo\/image\/","url":"https:\/\/animefigurer.se\/wp-content\/uploads\/2025\/12\/Animefigurer_logowhite.png","contentUrl":"https:\/\/animefigurer.se\/wp-content\/uploads\/2025\/12\/Animefigurer_logowhite.png","width":1890,"height":1417,"caption":"Animefigurer.se"},"image":{"@id":"https:\/\/animefigurer.se\/#\/schema\/logo\/image\/"},"sameAs":["https:\/\/www.facebook.com\/profile.php?id=61581826539670","https:\/\/www.instagram.com\/animefigurer.se\/"],"email":"info@animefigurer.se"}]}},"_links":{"self":[{"href":"https:\/\/animefigurer.se\/en\/wp-json\/wp\/v2\/product\/40007","targetHints":{"allow":["GET"]}}],"collection":[{"href":"https:\/\/animefigurer.se\/en\/wp-json\/wp\/v2\/product"}],"about":[{"href":"https:\/\/animefigurer.se\/en\/wp-json\/wp\/v2\/types\/product"}],"replies":[{"embeddable":true,"href":"https:\/\/animefigurer.se\/en\/wp-json\/wp\/v2\/comments?post=40007"}],"wp:featuredmedia":[{"embeddable":true,"href":"https:\/\/animefigurer.se\/en\/wp-json\/wp\/v2\/media\/40008"}],"wp:attachment":[{"href":"https:\/\/animefigurer.se\/en\/wp-json\/wp\/v2\/media?parent=40007"}],"wp:term":[{"taxonomy":"product_brand","embeddable":true,"href":"https:\/\/animefigurer.se\/en\/wp-json\/wp\/v2\/product_brand?post=40007"},{"taxonomy":"product_cat","embeddable":true,"href":"https:\/\/animefigurer.se\/en\/wp-json\/wp\/v2\/product_cat?post=40007"},{"taxonomy":"product_tag","embeddable":true,"href":"https:\/\/animefigurer.se\/en\/wp-json\/wp\/v2\/product_tag?post=40007"},{"taxonomy":"giftcard-category","embeddable":true,"href":"https:\/\/animefigurer.se\/en\/wp-json\/wp\/v2\/giftcard-category?post=40007"}],"curies":[{"name":"wp","href":"https:\/\/api.w.org\/{rel}","templated":true}]}}