{"id":39887,"date":"2025-10-20T23:32:37","date_gmt":"2025-10-20T21:32:37","guid":{"rendered":"https:\/\/animefigurer.se\/produkt\/konosuba-kadokawa-plastic-model-series-megumin-dx-ver-model-kit\/"},"modified":"2025-12-21T19:31:13","modified_gmt":"2025-12-21T18:31:13","slug":"konosuba-kadokawa-plastic-model-series-megumin-dx-ver-model-kit","status":"publish","type":"product","link":"https:\/\/animefigurer.se\/en\/figurer\/konosuba\/konosuba-kadokawa-plastic-model-series-megumin-dx-ver-model-kit\/","title":{"rendered":"KonoSuba Kadokawa Plastic Model Series Megumin (DX Ver.) Model Kit"},"content":{"rendered":"<p>Megumin from KonoSuba: God&#039;s Blessing on This Wonderful World! 3 has now been made into a plastic model.<\/p>\n<p>KADOKAWA PLASTIC MODEL SERIES is a new plastic model brand from KADOKAWA. First up in the series is Megumin, the archmage who uses explosion magic in KonoSuba! 3. DX ver. is a lavish set that lets you assemble two different body types: an adventurer suit body and a specially designed swimsuit body.<\/p>\n<p>Product features:<br \/>\n\u2013 The character&#039;s colorful design is reproduced through colored materials and pre-painted parts.<br \/>\n\u2013 Movable mechanisms allow you to recreate iconic poses, including Explosion Magic poses.<br \/>\n\u2013 Three types of facial expressions are included (smile, scream, and eye patch) plus a DX-exclusive generated face part.<br \/>\n\u2013 Optional parts: hat, cloak, three types of hand parts, three types of hand parts for the swimsuit, Megumin&#039;s staff, Chomusuke, and display pedestal.<br \/>\n\u2013 Megumin&#039;s staff includes an interchangeable purple &#039;manatee&#039; part to recreate the activation of explosion magic.<\/p>\n<p>Assembly requires pliers. The model in the pictures is a painted prototype and may differ from the finished product.<\/p>\n<p>Content:<br \/>\n\u2013 Body \u00d71<br \/>\n\u2013 Swimsuit body \u00d71<br \/>\n\u2013 Facial parts \u00d74 types<br \/>\n\u2013 Hand parts \u00d73 types<br \/>\n\u2013 Swimsuit hand parts \u00d73 types<br \/>\n\u2013 Hat \u00d71<br \/>\n\u2013 Cloak \u00d71<br \/>\n\u2013 Megumin&#039;s staff \u00d71<br \/>\n\u2013 Chomusuke \u00d71<br \/>\n\u2013 Display pedestal \u00d71<\/p>","protected":false},"excerpt":{"rendered":"<p>Megumin from KonoSuba: God&#039;s Blessing on This Wonderful World! 3 has now been made into a plastic model.<\/p>\n<p>KADOKAWA PLASTIC MODEL SERIES is a new plastic model brand from KADOKAWA. First up in the series is Megumin, the archmage who uses explosion magic in KonoSuba! 3. DX ver. is a lavish se<\/p>","protected":false},"featured_media":39888,"comment_status":"closed","ping_status":"open","template":"","meta":{"_acf_changed":false,"_monsterinsights_skip_tracking":false,"_monsterinsights_sitenote_active":false,"_monsterinsights_sitenote_note":"","_monsterinsights_sitenote_category":0},"product_brand":[6891],"product_cat":[3348,7233],"product_tag":[26],"giftcard-category":[],"class_list":{"0":"post-39887","1":"product","2":"type-product","3":"status-publish","4":"has-post-thumbnail","6":"product_brand-kadokawa","7":"product_cat-konosuba","8":"product_cat-pre-order","9":"product_tag-pre-order","10":"pa_franchise-konosuba-gods-blessing-on-this-wonderful-world","11":"pa_karaktar-megumin","12":"pa_material-plastic","13":"pa_storlek-15-cm","14":"pa_typ-plastic-model-kit","16":"first","17":"instock","18":"taxable","19":"shipping-taxable","20":"purchasable","21":"product-type-simple"},"acf":[],"yoast_head":"<!-- This site is optimized with the Yoast SEO Premium plugin v24.6 (Yoast SEO v27.4) - https:\/\/yoast.com\/product\/yoast-seo-premium-wordpress\/ -->\n<title>KonoSuba Kadokawa Plastic Model Series Megumin (DX Ver.) Model Kit | Animefigurer.se<\/title>\n<meta name=\"robots\" content=\"index, follow, max-snippet:-1, max-image-preview:large, max-video-preview:-1\" \/>\n<link rel=\"canonical\" href=\"https:\/\/animefigurer.se\/en\/figurer\/konosuba\/konosuba-kadokawa-plastic-model-series-megumin-dx-ver-model-kit\/\" \/>\n<meta property=\"og:locale\" content=\"en_GB\" \/>\n<meta property=\"og:type\" content=\"article\" \/>\n<meta property=\"og:title\" content=\"KonoSuba Kadokawa Plastic Model Series Megumin (DX Ver.) Model Kit\" \/>\n<meta property=\"og:description\" content=\"Megumin fr\u00e5n KonoSuba: Guds v\u00e4lsignelse \u00f6ver denna underbara v\u00e4rld! 3 har nu gjorts om till en plastmodell. KADOKAWA PLASTIC MODEL SERIES \u00e4r ett nytt plastmodellm\u00e4rke fr\u00e5n KADOKAWA. F\u00f6rst ut i serien \u00e4r Megumin, den \u00e4rketrollkarl som anv\u00e4nder explosionsmagi i KonoSuba! 3. DX-ver. \u00e4r ett p\u00e5kostat se\" \/>\n<meta property=\"og:url\" content=\"https:\/\/animefigurer.se\/en\/figurer\/konosuba\/konosuba-kadokawa-plastic-model-series-megumin-dx-ver-model-kit\/\" \/>\n<meta property=\"og:site_name\" content=\"Animefigurer.se\" \/>\n<meta property=\"article:publisher\" content=\"https:\/\/www.facebook.com\/profile.php?id=61581826539670\" \/>\n<meta property=\"article:modified_time\" content=\"2025-12-21T18:31:13+00:00\" \/>\n<meta property=\"og:image\" content=\"https:\/\/animefigurer.se\/wp-content\/uploads\/2025\/12\/Animefigurer_logowhite.png\" \/>\n\t<meta property=\"og:image:width\" content=\"1890\" \/>\n\t<meta property=\"og:image:height\" content=\"1417\" \/>\n\t<meta property=\"og:image:type\" content=\"image\/png\" \/>\n<meta name=\"twitter:card\" content=\"summary_large_image\" \/>\n<meta name=\"twitter:label1\" content=\"Estimated reading time\" \/>\n\t<meta name=\"twitter:data1\" content=\"1 minute\" \/>\n<script type=\"application\/ld+json\" class=\"yoast-schema-graph\">{\"@context\":\"https:\\\/\\\/schema.org\",\"@graph\":[{\"@type\":\"WebPage\",\"@id\":\"https:\\\/\\\/animefigurer.se\\\/figurer\\\/konosuba\\\/konosuba-kadokawa-plastic-model-series-megumin-dx-ver-model-kit\\\/\",\"url\":\"https:\\\/\\\/animefigurer.se\\\/figurer\\\/konosuba\\\/konosuba-kadokawa-plastic-model-series-megumin-dx-ver-model-kit\\\/\",\"name\":\"KonoSuba Kadokawa Plastic Model Series Megumin (DX Ver.) Model Kit | Animefigurer.se\",\"isPartOf\":{\"@id\":\"https:\\\/\\\/animefigurer.se\\\/#website\"},\"primaryImageOfPage\":{\"@id\":\"https:\\\/\\\/animefigurer.se\\\/figurer\\\/konosuba\\\/konosuba-kadokawa-plastic-model-series-megumin-dx-ver-model-kit\\\/#primaryimage\"},\"image\":{\"@id\":\"https:\\\/\\\/animefigurer.se\\\/figurer\\\/konosuba\\\/konosuba-kadokawa-plastic-model-series-megumin-dx-ver-model-kit\\\/#primaryimage\"},\"thumbnailUrl\":\"https:\\\/\\\/animefigurer.se\\\/wp-content\\\/uploads\\\/2025\\\/10\\\/656f6fe548c30.jpeg\",\"datePublished\":\"2025-10-20T21:32:37+00:00\",\"dateModified\":\"2025-12-21T18:31:13+00:00\",\"breadcrumb\":{\"@id\":\"https:\\\/\\\/animefigurer.se\\\/figurer\\\/konosuba\\\/konosuba-kadokawa-plastic-model-series-megumin-dx-ver-model-kit\\\/#breadcrumb\"},\"inLanguage\":\"en-GB\",\"potentialAction\":[{\"@type\":\"ReadAction\",\"target\":[\"https:\\\/\\\/animefigurer.se\\\/figurer\\\/konosuba\\\/konosuba-kadokawa-plastic-model-series-megumin-dx-ver-model-kit\\\/\"]}]},{\"@type\":\"ImageObject\",\"inLanguage\":\"en-GB\",\"@id\":\"https:\\\/\\\/animefigurer.se\\\/figurer\\\/konosuba\\\/konosuba-kadokawa-plastic-model-series-megumin-dx-ver-model-kit\\\/#primaryimage\",\"url\":\"https:\\\/\\\/animefigurer.se\\\/wp-content\\\/uploads\\\/2025\\\/10\\\/656f6fe548c30.jpeg\",\"contentUrl\":\"https:\\\/\\\/animefigurer.se\\\/wp-content\\\/uploads\\\/2025\\\/10\\\/656f6fe548c30.jpeg\",\"width\":720,\"height\":540},{\"@type\":\"BreadcrumbList\",\"@id\":\"https:\\\/\\\/animefigurer.se\\\/figurer\\\/konosuba\\\/konosuba-kadokawa-plastic-model-series-megumin-dx-ver-model-kit\\\/#breadcrumb\",\"itemListElement\":[{\"@type\":\"ListItem\",\"position\":1,\"name\":\"Home\",\"item\":\"https:\\\/\\\/animefigurer.se\\\/\"},{\"@type\":\"ListItem\",\"position\":2,\"name\":\"Butik\",\"item\":\"https:\\\/\\\/animefigurer.se\\\/figurer\\\/\"},{\"@type\":\"ListItem\",\"position\":3,\"name\":\"KonoSuba Kadokawa Plastic Model Series Megumin (DX Ver.) Model Kit\"}]},{\"@type\":\"WebSite\",\"@id\":\"https:\\\/\\\/animefigurer.se\\\/#website\",\"url\":\"https:\\\/\\\/animefigurer.se\\\/\",\"name\":\"Animefigurer.se\",\"description\":\"Anime figurer fr\u00e5n \u00f6ver 300 olika anime serier med \u00f6ver 9000 produkter | Anime Shop\",\"publisher\":{\"@id\":\"https:\\\/\\\/animefigurer.se\\\/#organization\"},\"potentialAction\":[{\"@type\":\"SearchAction\",\"target\":{\"@type\":\"EntryPoint\",\"urlTemplate\":\"https:\\\/\\\/animefigurer.se\\\/?s={search_term_string}\"},\"query-input\":{\"@type\":\"PropertyValueSpecification\",\"valueRequired\":true,\"valueName\":\"search_term_string\"}}],\"inLanguage\":\"en-GB\"},{\"@type\":\"Organization\",\"@id\":\"https:\\\/\\\/animefigurer.se\\\/#organization\",\"name\":\"Animefigurer.se\",\"alternateName\":\"Anime figurer | Anime shop\",\"url\":\"https:\\\/\\\/animefigurer.se\\\/\",\"logo\":{\"@type\":\"ImageObject\",\"inLanguage\":\"en-GB\",\"@id\":\"https:\\\/\\\/animefigurer.se\\\/#\\\/schema\\\/logo\\\/image\\\/\",\"url\":\"https:\\\/\\\/animefigurer.se\\\/wp-content\\\/uploads\\\/2025\\\/12\\\/Animefigurer_logowhite.png\",\"contentUrl\":\"https:\\\/\\\/animefigurer.se\\\/wp-content\\\/uploads\\\/2025\\\/12\\\/Animefigurer_logowhite.png\",\"width\":1890,\"height\":1417,\"caption\":\"Animefigurer.se\"},\"image\":{\"@id\":\"https:\\\/\\\/animefigurer.se\\\/#\\\/schema\\\/logo\\\/image\\\/\"},\"sameAs\":[\"https:\\\/\\\/www.facebook.com\\\/profile.php?id=61581826539670\",\"https:\\\/\\\/www.instagram.com\\\/animefigurer.se\\\/\"],\"email\":\"info@animefigurer.se\"}]}<\/script>\n<!-- \/ Yoast SEO Premium plugin. -->","yoast_head_json":{"title":"KonoSuba Kadokawa Plastic Model Series Megumin (DX Ver.) Model Kit | Animefigurer.se","robots":{"index":"index","follow":"follow","max-snippet":"max-snippet:-1","max-image-preview":"max-image-preview:large","max-video-preview":"max-video-preview:-1"},"canonical":"https:\/\/animefigurer.se\/en\/figurer\/konosuba\/konosuba-kadokawa-plastic-model-series-megumin-dx-ver-model-kit\/","og_locale":"en_GB","og_type":"article","og_title":"KonoSuba Kadokawa Plastic Model Series Megumin (DX Ver.) Model Kit","og_description":"Megumin fr\u00e5n KonoSuba: Guds v\u00e4lsignelse \u00f6ver denna underbara v\u00e4rld! 3 har nu gjorts om till en plastmodell. KADOKAWA PLASTIC MODEL SERIES \u00e4r ett nytt plastmodellm\u00e4rke fr\u00e5n KADOKAWA. F\u00f6rst ut i serien \u00e4r Megumin, den \u00e4rketrollkarl som anv\u00e4nder explosionsmagi i KonoSuba! 3. DX-ver. \u00e4r ett p\u00e5kostat se","og_url":"https:\/\/animefigurer.se\/en\/figurer\/konosuba\/konosuba-kadokawa-plastic-model-series-megumin-dx-ver-model-kit\/","og_site_name":"Animefigurer.se","article_publisher":"https:\/\/www.facebook.com\/profile.php?id=61581826539670","article_modified_time":"2025-12-21T18:31:13+00:00","og_image":[{"width":1890,"height":1417,"url":"https:\/\/animefigurer.se\/wp-content\/uploads\/2025\/12\/Animefigurer_logowhite.png","type":"image\/png"}],"twitter_card":"summary_large_image","twitter_misc":{"Estimated reading time":"1 minute"},"schema":{"@context":"https:\/\/schema.org","@graph":[{"@type":"WebPage","@id":"https:\/\/animefigurer.se\/figurer\/konosuba\/konosuba-kadokawa-plastic-model-series-megumin-dx-ver-model-kit\/","url":"https:\/\/animefigurer.se\/figurer\/konosuba\/konosuba-kadokawa-plastic-model-series-megumin-dx-ver-model-kit\/","name":"KonoSuba Kadokawa Plastic Model Series Megumin (DX Ver.) Model Kit | Animefigurer.se","isPartOf":{"@id":"https:\/\/animefigurer.se\/#website"},"primaryImageOfPage":{"@id":"https:\/\/animefigurer.se\/figurer\/konosuba\/konosuba-kadokawa-plastic-model-series-megumin-dx-ver-model-kit\/#primaryimage"},"image":{"@id":"https:\/\/animefigurer.se\/figurer\/konosuba\/konosuba-kadokawa-plastic-model-series-megumin-dx-ver-model-kit\/#primaryimage"},"thumbnailUrl":"https:\/\/animefigurer.se\/wp-content\/uploads\/2025\/10\/656f6fe548c30.jpeg","datePublished":"2025-10-20T21:32:37+00:00","dateModified":"2025-12-21T18:31:13+00:00","breadcrumb":{"@id":"https:\/\/animefigurer.se\/figurer\/konosuba\/konosuba-kadokawa-plastic-model-series-megumin-dx-ver-model-kit\/#breadcrumb"},"inLanguage":"en-GB","potentialAction":[{"@type":"ReadAction","target":["https:\/\/animefigurer.se\/figurer\/konosuba\/konosuba-kadokawa-plastic-model-series-megumin-dx-ver-model-kit\/"]}]},{"@type":"ImageObject","inLanguage":"en-GB","@id":"https:\/\/animefigurer.se\/figurer\/konosuba\/konosuba-kadokawa-plastic-model-series-megumin-dx-ver-model-kit\/#primaryimage","url":"https:\/\/animefigurer.se\/wp-content\/uploads\/2025\/10\/656f6fe548c30.jpeg","contentUrl":"https:\/\/animefigurer.se\/wp-content\/uploads\/2025\/10\/656f6fe548c30.jpeg","width":720,"height":540},{"@type":"BreadcrumbList","@id":"https:\/\/animefigurer.se\/figurer\/konosuba\/konosuba-kadokawa-plastic-model-series-megumin-dx-ver-model-kit\/#breadcrumb","itemListElement":[{"@type":"ListItem","position":1,"name":"Home","item":"https:\/\/animefigurer.se\/"},{"@type":"ListItem","position":2,"name":"Butik","item":"https:\/\/animefigurer.se\/figurer\/"},{"@type":"ListItem","position":3,"name":"KonoSuba Kadokawa Plastic Model Series Megumin (DX Ver.) Model Kit"}]},{"@type":"WebSite","@id":"https:\/\/animefigurer.se\/#website","url":"https:\/\/animefigurer.se\/","name":"Animefigurer.se","description":"Anime figures from over 300 different anime series with over 9000 products | Anime Shop","publisher":{"@id":"https:\/\/animefigurer.se\/#organization"},"potentialAction":[{"@type":"SearchAction","target":{"@type":"EntryPoint","urlTemplate":"https:\/\/animefigurer.se\/?s={search_term_string}"},"query-input":{"@type":"PropertyValueSpecification","valueRequired":true,"valueName":"search_term_string"}}],"inLanguage":"en-GB"},{"@type":"Organization","@id":"https:\/\/animefigurer.se\/#organization","name":"Animefigurer.se","alternateName":"Anime figurer | Anime shop","url":"https:\/\/animefigurer.se\/","logo":{"@type":"ImageObject","inLanguage":"en-GB","@id":"https:\/\/animefigurer.se\/#\/schema\/logo\/image\/","url":"https:\/\/animefigurer.se\/wp-content\/uploads\/2025\/12\/Animefigurer_logowhite.png","contentUrl":"https:\/\/animefigurer.se\/wp-content\/uploads\/2025\/12\/Animefigurer_logowhite.png","width":1890,"height":1417,"caption":"Animefigurer.se"},"image":{"@id":"https:\/\/animefigurer.se\/#\/schema\/logo\/image\/"},"sameAs":["https:\/\/www.facebook.com\/profile.php?id=61581826539670","https:\/\/www.instagram.com\/animefigurer.se\/"],"email":"info@animefigurer.se"}]}},"_links":{"self":[{"href":"https:\/\/animefigurer.se\/en\/wp-json\/wp\/v2\/product\/39887","targetHints":{"allow":["GET"]}}],"collection":[{"href":"https:\/\/animefigurer.se\/en\/wp-json\/wp\/v2\/product"}],"about":[{"href":"https:\/\/animefigurer.se\/en\/wp-json\/wp\/v2\/types\/product"}],"replies":[{"embeddable":true,"href":"https:\/\/animefigurer.se\/en\/wp-json\/wp\/v2\/comments?post=39887"}],"wp:featuredmedia":[{"embeddable":true,"href":"https:\/\/animefigurer.se\/en\/wp-json\/wp\/v2\/media\/39888"}],"wp:attachment":[{"href":"https:\/\/animefigurer.se\/en\/wp-json\/wp\/v2\/media?parent=39887"}],"wp:term":[{"taxonomy":"product_brand","embeddable":true,"href":"https:\/\/animefigurer.se\/en\/wp-json\/wp\/v2\/product_brand?post=39887"},{"taxonomy":"product_cat","embeddable":true,"href":"https:\/\/animefigurer.se\/en\/wp-json\/wp\/v2\/product_cat?post=39887"},{"taxonomy":"product_tag","embeddable":true,"href":"https:\/\/animefigurer.se\/en\/wp-json\/wp\/v2\/product_tag?post=39887"},{"taxonomy":"giftcard-category","embeddable":true,"href":"https:\/\/animefigurer.se\/en\/wp-json\/wp\/v2\/giftcard-category?post=39887"}],"curies":[{"name":"wp","href":"https:\/\/api.w.org\/{rel}","templated":true}]}}