{"id":39712,"date":"2025-10-20T23:31:48","date_gmt":"2025-10-20T21:31:48","guid":{"rendered":"https:\/\/animefigurer.se\/produkt\/komi-cant-communicate-shoko-komi-summer-uniform-ver-standard-edition\/"},"modified":"2025-12-21T19:31:10","modified_gmt":"2025-12-21T18:31:10","slug":"komi-cant-communicate-shoko-komi-summer-uniform-ver-standard-edition","status":"publish","type":"product","link":"https:\/\/animefigurer.se\/en\/figurer\/komi-cant-communicate\/komi-cant-communicate-shoko-komi-summer-uniform-ver-standard-edition\/","title":{"rendered":"Komi Can&#039;t Communicate Shoko Komi (Summer Uniform Ver. Standard Edition)"},"content":{"rendered":"<p>From Komi Can&#039;t Communicate comes a 1\/7th scale figure of the main character Komi Shoko in summer uniform, inspired by a scene from the series. The figure captures her dynamic jump from the series&#039; opening, with beautifully flowing hair and skirt. Her fair skin and slender legs are clearly visible \u2014 an adorable depiction approved by Tomohito Oda himself. A nice addition to your collection!<\/p>","protected":false},"excerpt":{"rendered":"<p>From Komi Can&#039;t Communicate comes a 1\/7th scale figure of the main character Komi Shoko in summer uniform, inspired by a scene from the series. The figure captures her dynamic jump from the series&#039; opening, with beautifully flowing hair and skirt. Her fair complexion and slender legs are clearly visible \u2014 an adorable depiction of her.<\/p>","protected":false},"featured_media":39713,"comment_status":"closed","ping_status":"open","template":"","meta":{"_acf_changed":false,"_monsterinsights_skip_tracking":false,"_monsterinsights_sitenote_active":false,"_monsterinsights_sitenote_note":"","_monsterinsights_sitenote_category":0},"product_brand":[7070],"product_cat":[3339],"product_tag":[24],"giftcard-category":[],"class_list":{"0":"post-39712","1":"product","2":"type-product","3":"status-publish","4":"has-post-thumbnail","6":"product_brand-miyuki","7":"product_cat-komi-cant-communicate","8":"product_tag-2-3-weeks","9":"pa_franchise-komi-cant-communicate","10":"pa_karaktar-shoko-komi","11":"pa_material-pvc-abs","12":"pa_skala-41","13":"pa_storlek-26-cm","15":"first","16":"instock","17":"taxable","18":"shipping-taxable","19":"purchasable","20":"product-type-simple"},"acf":[],"yoast_head":"<!-- This site is optimized with the Yoast SEO Premium plugin v24.6 (Yoast SEO v27.4) - https:\/\/yoast.com\/product\/yoast-seo-premium-wordpress\/ -->\n<title>Komi Can&#039;t Communicate Shoko Komi (Summer Uniform Ver. Standard Edition) | Animefigurer.se<\/title>\n<meta name=\"robots\" content=\"index, follow, max-snippet:-1, max-image-preview:large, max-video-preview:-1\" \/>\n<link rel=\"canonical\" href=\"https:\/\/animefigurer.se\/en\/figurer\/komi-cant-communicate\/komi-cant-communicate-shoko-komi-summer-uniform-ver-standard-edition\/\" \/>\n<meta property=\"og:locale\" content=\"en_GB\" \/>\n<meta property=\"og:type\" content=\"article\" \/>\n<meta property=\"og:title\" content=\"Komi Can&#039;t Communicate Shoko Komi (Summer Uniform Ver. Standard Edition)\" \/>\n<meta property=\"og:description\" content=\"Fr\u00e5n Komi Can&#039;t Communicate kommer en 1\/7-skala figur av huvudpersonen Komi Shoko i sommaruniform, inspirerad av en scen fr\u00e5n serien. Figuren f\u00e5ngar hennes dynamiska hopp fr\u00e5n seriens \u00f6ppning, med vackert fladdrande h\u00e5r och kjol. Hennes ljusa hy och smala ben syns tydligt \u2014 en bed\u00e5rande skildring go\" \/>\n<meta property=\"og:url\" content=\"https:\/\/animefigurer.se\/en\/figurer\/komi-cant-communicate\/komi-cant-communicate-shoko-komi-summer-uniform-ver-standard-edition\/\" \/>\n<meta property=\"og:site_name\" content=\"Animefigurer.se\" \/>\n<meta property=\"article:publisher\" content=\"https:\/\/www.facebook.com\/profile.php?id=61581826539670\" \/>\n<meta property=\"article:modified_time\" content=\"2025-12-21T18:31:10+00:00\" \/>\n<meta property=\"og:image\" content=\"https:\/\/animefigurer.se\/wp-content\/uploads\/2025\/12\/Animefigurer_logowhite.png\" \/>\n\t<meta property=\"og:image:width\" content=\"1890\" \/>\n\t<meta property=\"og:image:height\" content=\"1417\" \/>\n\t<meta property=\"og:image:type\" content=\"image\/png\" \/>\n<meta name=\"twitter:card\" content=\"summary_large_image\" \/>\n<script type=\"application\/ld+json\" class=\"yoast-schema-graph\">{\"@context\":\"https:\\\/\\\/schema.org\",\"@graph\":[{\"@type\":\"WebPage\",\"@id\":\"https:\\\/\\\/animefigurer.se\\\/en\\\/figurer\\\/komi-cant-communicate\\\/komi-cant-communicate-shoko-komi-summer-uniform-ver-standard-edition\\\/\",\"url\":\"https:\\\/\\\/animefigurer.se\\\/en\\\/figurer\\\/komi-cant-communicate\\\/komi-cant-communicate-shoko-komi-summer-uniform-ver-standard-edition\\\/\",\"name\":\"Komi Can't Communicate Shoko Komi (Summer Uniform Ver. Standard Edition) | Animefigurer.se\",\"isPartOf\":{\"@id\":\"https:\\\/\\\/animefigurer.se\\\/#website\"},\"primaryImageOfPage\":{\"@id\":\"https:\\\/\\\/animefigurer.se\\\/en\\\/figurer\\\/komi-cant-communicate\\\/komi-cant-communicate-shoko-komi-summer-uniform-ver-standard-edition\\\/#primaryimage\"},\"image\":{\"@id\":\"https:\\\/\\\/animefigurer.se\\\/en\\\/figurer\\\/komi-cant-communicate\\\/komi-cant-communicate-shoko-komi-summer-uniform-ver-standard-edition\\\/#primaryimage\"},\"thumbnailUrl\":\"https:\\\/\\\/animefigurer.se\\\/wp-content\\\/uploads\\\/2025\\\/10\\\/6831ad89c772d.jpeg\",\"datePublished\":\"2025-10-20T21:31:48+00:00\",\"dateModified\":\"2025-12-21T18:31:10+00:00\",\"breadcrumb\":{\"@id\":\"https:\\\/\\\/animefigurer.se\\\/en\\\/figurer\\\/komi-cant-communicate\\\/komi-cant-communicate-shoko-komi-summer-uniform-ver-standard-edition\\\/#breadcrumb\"},\"inLanguage\":\"en-GB\",\"potentialAction\":[{\"@type\":\"ReadAction\",\"target\":[\"https:\\\/\\\/animefigurer.se\\\/en\\\/figurer\\\/komi-cant-communicate\\\/komi-cant-communicate-shoko-komi-summer-uniform-ver-standard-edition\\\/\"]}]},{\"@type\":\"ImageObject\",\"inLanguage\":\"en-GB\",\"@id\":\"https:\\\/\\\/animefigurer.se\\\/en\\\/figurer\\\/komi-cant-communicate\\\/komi-cant-communicate-shoko-komi-summer-uniform-ver-standard-edition\\\/#primaryimage\",\"url\":\"https:\\\/\\\/animefigurer.se\\\/wp-content\\\/uploads\\\/2025\\\/10\\\/6831ad89c772d.jpeg\",\"contentUrl\":\"https:\\\/\\\/animefigurer.se\\\/wp-content\\\/uploads\\\/2025\\\/10\\\/6831ad89c772d.jpeg\",\"width\":720,\"height\":540},{\"@type\":\"BreadcrumbList\",\"@id\":\"https:\\\/\\\/animefigurer.se\\\/en\\\/figurer\\\/komi-cant-communicate\\\/komi-cant-communicate-shoko-komi-summer-uniform-ver-standard-edition\\\/#breadcrumb\",\"itemListElement\":[{\"@type\":\"ListItem\",\"position\":1,\"name\":\"Home\",\"item\":\"https:\\\/\\\/animefigurer.se\\\/\"},{\"@type\":\"ListItem\",\"position\":2,\"name\":\"Butik\",\"item\":\"https:\\\/\\\/animefigurer.se\\\/figurer\\\/\"},{\"@type\":\"ListItem\",\"position\":3,\"name\":\"Komi Can&#8217;t Communicate Shoko Komi (Summer Uniform Ver. Standard Edition)\"}]},{\"@type\":\"WebSite\",\"@id\":\"https:\\\/\\\/animefigurer.se\\\/#website\",\"url\":\"https:\\\/\\\/animefigurer.se\\\/\",\"name\":\"Animefigurer.se\",\"description\":\"Anime figurer fr\u00e5n \u00f6ver 300 olika anime serier med \u00f6ver 9000 produkter | Anime Shop\",\"publisher\":{\"@id\":\"https:\\\/\\\/animefigurer.se\\\/#organization\"},\"potentialAction\":[{\"@type\":\"SearchAction\",\"target\":{\"@type\":\"EntryPoint\",\"urlTemplate\":\"https:\\\/\\\/animefigurer.se\\\/?s={search_term_string}\"},\"query-input\":{\"@type\":\"PropertyValueSpecification\",\"valueRequired\":true,\"valueName\":\"search_term_string\"}}],\"inLanguage\":\"en-GB\"},{\"@type\":\"Organization\",\"@id\":\"https:\\\/\\\/animefigurer.se\\\/#organization\",\"name\":\"Animefigurer.se\",\"alternateName\":\"Anime figurer | Anime shop\",\"url\":\"https:\\\/\\\/animefigurer.se\\\/\",\"logo\":{\"@type\":\"ImageObject\",\"inLanguage\":\"en-GB\",\"@id\":\"https:\\\/\\\/animefigurer.se\\\/#\\\/schema\\\/logo\\\/image\\\/\",\"url\":\"https:\\\/\\\/animefigurer.se\\\/wp-content\\\/uploads\\\/2025\\\/12\\\/Animefigurer_logowhite.png\",\"contentUrl\":\"https:\\\/\\\/animefigurer.se\\\/wp-content\\\/uploads\\\/2025\\\/12\\\/Animefigurer_logowhite.png\",\"width\":1890,\"height\":1417,\"caption\":\"Animefigurer.se\"},\"image\":{\"@id\":\"https:\\\/\\\/animefigurer.se\\\/#\\\/schema\\\/logo\\\/image\\\/\"},\"sameAs\":[\"https:\\\/\\\/www.facebook.com\\\/profile.php?id=61581826539670\",\"https:\\\/\\\/www.instagram.com\\\/animefigurer.se\\\/\"],\"email\":\"info@animefigurer.se\"}]}<\/script>\n<!-- \/ Yoast SEO Premium plugin. -->","yoast_head_json":{"title":"Komi Can&#039;t Communicate Shoko Komi (Summer Uniform Ver. Standard Edition) | Animefigurer.se","robots":{"index":"index","follow":"follow","max-snippet":"max-snippet:-1","max-image-preview":"max-image-preview:large","max-video-preview":"max-video-preview:-1"},"canonical":"https:\/\/animefigurer.se\/en\/figurer\/komi-cant-communicate\/komi-cant-communicate-shoko-komi-summer-uniform-ver-standard-edition\/","og_locale":"en_GB","og_type":"article","og_title":"Komi Can't Communicate Shoko Komi (Summer Uniform Ver. Standard Edition)","og_description":"Fr\u00e5n Komi Can't Communicate kommer en 1\/7-skala figur av huvudpersonen Komi Shoko i sommaruniform, inspirerad av en scen fr\u00e5n serien. Figuren f\u00e5ngar hennes dynamiska hopp fr\u00e5n seriens \u00f6ppning, med vackert fladdrande h\u00e5r och kjol. Hennes ljusa hy och smala ben syns tydligt \u2014 en bed\u00e5rande skildring go","og_url":"https:\/\/animefigurer.se\/en\/figurer\/komi-cant-communicate\/komi-cant-communicate-shoko-komi-summer-uniform-ver-standard-edition\/","og_site_name":"Animefigurer.se","article_publisher":"https:\/\/www.facebook.com\/profile.php?id=61581826539670","article_modified_time":"2025-12-21T18:31:10+00:00","og_image":[{"width":1890,"height":1417,"url":"https:\/\/animefigurer.se\/wp-content\/uploads\/2025\/12\/Animefigurer_logowhite.png","type":"image\/png"}],"twitter_card":"summary_large_image","schema":{"@context":"https:\/\/schema.org","@graph":[{"@type":"WebPage","@id":"https:\/\/animefigurer.se\/en\/figurer\/komi-cant-communicate\/komi-cant-communicate-shoko-komi-summer-uniform-ver-standard-edition\/","url":"https:\/\/animefigurer.se\/en\/figurer\/komi-cant-communicate\/komi-cant-communicate-shoko-komi-summer-uniform-ver-standard-edition\/","name":"Komi Can&#039;t Communicate Shoko Komi (Summer Uniform Ver. Standard Edition) | Animefigurer.se","isPartOf":{"@id":"https:\/\/animefigurer.se\/#website"},"primaryImageOfPage":{"@id":"https:\/\/animefigurer.se\/en\/figurer\/komi-cant-communicate\/komi-cant-communicate-shoko-komi-summer-uniform-ver-standard-edition\/#primaryimage"},"image":{"@id":"https:\/\/animefigurer.se\/en\/figurer\/komi-cant-communicate\/komi-cant-communicate-shoko-komi-summer-uniform-ver-standard-edition\/#primaryimage"},"thumbnailUrl":"https:\/\/animefigurer.se\/wp-content\/uploads\/2025\/10\/6831ad89c772d.jpeg","datePublished":"2025-10-20T21:31:48+00:00","dateModified":"2025-12-21T18:31:10+00:00","breadcrumb":{"@id":"https:\/\/animefigurer.se\/en\/figurer\/komi-cant-communicate\/komi-cant-communicate-shoko-komi-summer-uniform-ver-standard-edition\/#breadcrumb"},"inLanguage":"en-GB","potentialAction":[{"@type":"ReadAction","target":["https:\/\/animefigurer.se\/en\/figurer\/komi-cant-communicate\/komi-cant-communicate-shoko-komi-summer-uniform-ver-standard-edition\/"]}]},{"@type":"ImageObject","inLanguage":"en-GB","@id":"https:\/\/animefigurer.se\/en\/figurer\/komi-cant-communicate\/komi-cant-communicate-shoko-komi-summer-uniform-ver-standard-edition\/#primaryimage","url":"https:\/\/animefigurer.se\/wp-content\/uploads\/2025\/10\/6831ad89c772d.jpeg","contentUrl":"https:\/\/animefigurer.se\/wp-content\/uploads\/2025\/10\/6831ad89c772d.jpeg","width":720,"height":540},{"@type":"BreadcrumbList","@id":"https:\/\/animefigurer.se\/en\/figurer\/komi-cant-communicate\/komi-cant-communicate-shoko-komi-summer-uniform-ver-standard-edition\/#breadcrumb","itemListElement":[{"@type":"ListItem","position":1,"name":"Home","item":"https:\/\/animefigurer.se\/"},{"@type":"ListItem","position":2,"name":"Butik","item":"https:\/\/animefigurer.se\/figurer\/"},{"@type":"ListItem","position":3,"name":"Komi Can&#8217;t Communicate Shoko Komi (Summer Uniform Ver. Standard Edition)"}]},{"@type":"WebSite","@id":"https:\/\/animefigurer.se\/#website","url":"https:\/\/animefigurer.se\/","name":"Animefigurer.se","description":"Anime figures from over 300 different anime series with over 9000 products | Anime Shop","publisher":{"@id":"https:\/\/animefigurer.se\/#organization"},"potentialAction":[{"@type":"SearchAction","target":{"@type":"EntryPoint","urlTemplate":"https:\/\/animefigurer.se\/?s={search_term_string}"},"query-input":{"@type":"PropertyValueSpecification","valueRequired":true,"valueName":"search_term_string"}}],"inLanguage":"en-GB"},{"@type":"Organization","@id":"https:\/\/animefigurer.se\/#organization","name":"Animefigurer.se","alternateName":"Anime figurer | Anime shop","url":"https:\/\/animefigurer.se\/","logo":{"@type":"ImageObject","inLanguage":"en-GB","@id":"https:\/\/animefigurer.se\/#\/schema\/logo\/image\/","url":"https:\/\/animefigurer.se\/wp-content\/uploads\/2025\/12\/Animefigurer_logowhite.png","contentUrl":"https:\/\/animefigurer.se\/wp-content\/uploads\/2025\/12\/Animefigurer_logowhite.png","width":1890,"height":1417,"caption":"Animefigurer.se"},"image":{"@id":"https:\/\/animefigurer.se\/#\/schema\/logo\/image\/"},"sameAs":["https:\/\/www.facebook.com\/profile.php?id=61581826539670","https:\/\/www.instagram.com\/animefigurer.se\/"],"email":"info@animefigurer.se"}]}},"_links":{"self":[{"href":"https:\/\/animefigurer.se\/en\/wp-json\/wp\/v2\/product\/39712","targetHints":{"allow":["GET"]}}],"collection":[{"href":"https:\/\/animefigurer.se\/en\/wp-json\/wp\/v2\/product"}],"about":[{"href":"https:\/\/animefigurer.se\/en\/wp-json\/wp\/v2\/types\/product"}],"replies":[{"embeddable":true,"href":"https:\/\/animefigurer.se\/en\/wp-json\/wp\/v2\/comments?post=39712"}],"wp:featuredmedia":[{"embeddable":true,"href":"https:\/\/animefigurer.se\/en\/wp-json\/wp\/v2\/media\/39713"}],"wp:attachment":[{"href":"https:\/\/animefigurer.se\/en\/wp-json\/wp\/v2\/media?parent=39712"}],"wp:term":[{"taxonomy":"product_brand","embeddable":true,"href":"https:\/\/animefigurer.se\/en\/wp-json\/wp\/v2\/product_brand?post=39712"},{"taxonomy":"product_cat","embeddable":true,"href":"https:\/\/animefigurer.se\/en\/wp-json\/wp\/v2\/product_cat?post=39712"},{"taxonomy":"product_tag","embeddable":true,"href":"https:\/\/animefigurer.se\/en\/wp-json\/wp\/v2\/product_tag?post=39712"},{"taxonomy":"giftcard-category","embeddable":true,"href":"https:\/\/animefigurer.se\/en\/wp-json\/wp\/v2\/giftcard-category?post=39712"}],"curies":[{"name":"wp","href":"https:\/\/api.w.org\/{rel}","templated":true}]}}